{"id":8042,"date":"2026-01-13T13:08:36","date_gmt":"2026-01-13T16:08:36","guid":{"rendered":"https:\/\/gloriadeus.com\/home\/?page_id=8042"},"modified":"2026-04-30T19:28:54","modified_gmt":"2026-04-30T22:28:54","slug":"notificacao-de-parabens-e-feliz-aniversario","status":"publish","type":"page","link":"https:\/\/gloriadeus.com\/home\/notificacao-de-parabens-e-feliz-aniversario\/","title":{"rendered":"Notifica\u00e7\u00e3o de Parab\u00e9ns e Feliz Anivers\u00e1rio"},"content":{"rendered":"<!-- subtitulo, palavra, paragrafo ok -->\r\n\r\n\r\n<figure data-wp-context=\"{&quot;imageId&quot;:&quot;69fa3665c239a&quot;}\" data-wp-interactive=\"core\/image\" data-wp-key=\"69fa3665c239a\" class=\"wp-block-image size-full is-resized wp-lightbox-container\"><img loading=\"lazy\" decoding=\"async\" width=\"850\" height=\"666\" data-wp-class--hide=\"state.isContentHidden\" data-wp-class--show=\"state.isContentVisible\" data-wp-init=\"callbacks.setButtonStyles\" data-wp-on--click=\"actions.showLightbox\" data-wp-on--load=\"callbacks.setButtonStyles\" data-wp-on-window--resize=\"callbacks.setButtonStyles\" class=\"wp-image-8044\" style=\"width: 364px; height: auto;\" src=\"https:\/\/gloriadeus.com\/wp-content\/uploads\/2025\/06\/250613AMDIMG02.png\" alt=\"Acesse notifica\u00e7\u00e3o de Parab\u00e9ns e Feliz Anivers\u00e1rio\" srcset=\"https:\/\/gloriadeus.com\/wp-content\/uploads\/2025\/06\/250613AMDIMG02.png 850w, https:\/\/gloriadeus.com\/wp-content\/uploads\/2025\/06\/250613AMDIMG02-300x235.png 300w, https:\/\/gloriadeus.com\/wp-content\/uploads\/2025\/06\/250613AMDIMG02-768x602.png 768w\" sizes=\"auto, (max-width: 850px) 100vw, 850px\" \/><button\n\t\t\tclass=\"lightbox-trigger\"\n\t\t\ttype=\"button\"\n\t\t\taria-haspopup=\"dialog\"\n\t\t\taria-label=\"Ampliar\"\n\t\t\tdata-wp-init=\"callbacks.initTriggerButton\"\n\t\t\tdata-wp-on--click=\"actions.showLightbox\"\n\t\t\tdata-wp-style--right=\"state.imageButtonRight\"\n\t\t\tdata-wp-style--top=\"state.imageButtonTop\"\n\t\t>\n\t\t\t<svg xmlns=\"http:\/\/www.w3.org\/2000\/svg\" width=\"12\" height=\"12\" fill=\"none\" viewBox=\"0 0 12 12\">\n\t\t\t\t<path fill=\"#fff\" d=\"M2 0a2 2 0 0 0-2 2v2h1.5V2a.5.5 0 0 1 .5-.5h2V0H2Zm2 10.5H2a.5.5 0 0 1-.5-.5V8H0v2a2 2 0 0 0 2 2h2v-1.5ZM8 12v-1.5h2a.5.5 0 0 0 .5-.5V8H12v2a2 2 0 0 1-2 2H8Zm2-12a2 2 0 0 1 2 2v2h-1.5V2a.5.5 0 0 0-.5-.5H8V0h2Z\" \/>\n\t\t\t<\/svg>\n\t\t<\/button><\/figure>\r\n\r\n\r\n\r\n<p>Para acessar a sauda\u00e7\u00f5es para desejar parab\u00e9ns e feliz anivers\u00e1rio para comemorar datas ou momentos especiais sempre sorrindo, toque nos campos a seguir:<\/p>\r\n\r\n\r\n\r\n<p>\u2192 <span style=\"text-decoration: underline;\"><em><a href=\"https:\/\/gloriadeus.com\/home\/parabens-pra-voce\/\" >Parab\u00e9ns pra voc\u00ea<\/a><\/em><\/span><\/p>\r\n\r\n\r\n\r\n<p>\u2192 <span style=\"text-decoration: underline;\"><em><a href=\"https:\/\/gloriadeus.com\/home\/feliz-aniversario-parabens\/\" >Feliz Anivers\u00e1rio<\/a><\/em><\/span><\/p>\r\n","protected":false},"excerpt":{"rendered":"<p>Para acessar a sauda\u00e7\u00f5es para desejar parab\u00e9ns e feliz anivers\u00e1rio para comemorar datas ou momentos especiais sempre sorrindo, toque nos &hellip; <\/p>\n","protected":false},"author":1,"featured_media":8044,"parent":0,"menu_order":0,"comment_status":"closed","ping_status":"closed","template":"","meta":{"_uf_show_specific_survey":0,"_uf_disable_surveys":false,"footnotes":""},"class_list":["post-8042","page","type-page","status-publish","has-post-thumbnail","hentry"],"yoast_head":"<!-- This site is optimized with the Yoast SEO plugin v27.5 - https:\/\/yoast.com\/product\/yoast-seo-wordpress\/ -->\n<title>Notifica\u00e7\u00e3o de Parab\u00e9ns e Feliz Anivers\u00e1rio - Gl\u00f3ria Deus<\/title>\n<meta name=\"robots\" content=\"index, follow, max-snippet:-1, max-image-preview:large, max-video-preview:-1\" \/>\n<link rel=\"canonical\" href=\"https:\/\/gloriadeus.com\/home\/notificacao-de-parabens-e-feliz-aniversario\/\" \/>\n<meta property=\"og:locale\" content=\"pt_BR\" \/>\n<meta property=\"og:type\" content=\"article\" \/>\n<meta property=\"og:title\" content=\"Notifica\u00e7\u00e3o de Parab\u00e9ns e Feliz Anivers\u00e1rio - Gl\u00f3ria Deus\" \/>\n<meta property=\"og:description\" content=\"Para acessar a sauda\u00e7\u00f5es para desejar parab\u00e9ns e feliz anivers\u00e1rio para comemorar datas ou momentos especiais sempre sorrindo, toque nos &hellip;\" \/>\n<meta property=\"og:url\" content=\"https:\/\/gloriadeus.com\/home\/notificacao-de-parabens-e-feliz-aniversario\/\" \/>\n<meta property=\"og:site_name\" content=\"Gl\u00f3ria Deus\" \/>\n<meta property=\"article:modified_time\" content=\"2026-04-30T22:28:54+00:00\" \/>\n<meta property=\"og:image\" content=\"https:\/\/gloriadeus.com\/wp-content\/uploads\/2025\/06\/250613AMDIMG02.png\" \/>\n\t<meta property=\"og:image:width\" content=\"850\" \/>\n\t<meta property=\"og:image:height\" content=\"666\" \/>\n\t<meta property=\"og:image:type\" content=\"image\/png\" \/>\n<meta name=\"twitter:card\" content=\"summary_large_image\" \/>\n<meta name=\"twitter:label1\" content=\"Est. tempo de leitura\" \/>\n\t<meta name=\"twitter:data1\" content=\"1 minuto\" \/>\n<script type=\"application\/ld+json\" class=\"yoast-schema-graph\">{\"@context\":\"https:\\\/\\\/schema.org\",\"@graph\":[{\"@type\":\"WebPage\",\"@id\":\"https:\\\/\\\/gloriadeus.com\\\/home\\\/notificacao-de-parabens-e-feliz-aniversario\\\/\",\"url\":\"https:\\\/\\\/gloriadeus.com\\\/home\\\/notificacao-de-parabens-e-feliz-aniversario\\\/\",\"name\":\"Notifica\u00e7\u00e3o de Parab\u00e9ns e Feliz Anivers\u00e1rio - Gl\u00f3ria Deus\",\"isPartOf\":{\"@id\":\"https:\\\/\\\/gloriadeus.com\\\/home\\\/#website\"},\"primaryImageOfPage\":{\"@id\":\"https:\\\/\\\/gloriadeus.com\\\/home\\\/notificacao-de-parabens-e-feliz-aniversario\\\/#primaryimage\"},\"image\":{\"@id\":\"https:\\\/\\\/gloriadeus.com\\\/home\\\/notificacao-de-parabens-e-feliz-aniversario\\\/#primaryimage\"},\"thumbnailUrl\":\"https:\\\/\\\/gloriadeus.com\\\/wp-content\\\/uploads\\\/2025\\\/06\\\/250613AMDIMG02.png\",\"datePublished\":\"2026-01-13T16:08:36+00:00\",\"dateModified\":\"2026-04-30T22:28:54+00:00\",\"breadcrumb\":{\"@id\":\"https:\\\/\\\/gloriadeus.com\\\/home\\\/notificacao-de-parabens-e-feliz-aniversario\\\/#breadcrumb\"},\"inLanguage\":\"pt-BR\",\"potentialAction\":[{\"@type\":\"ReadAction\",\"target\":[\"https:\\\/\\\/gloriadeus.com\\\/home\\\/notificacao-de-parabens-e-feliz-aniversario\\\/\"]}]},{\"@type\":\"ImageObject\",\"inLanguage\":\"pt-BR\",\"@id\":\"https:\\\/\\\/gloriadeus.com\\\/home\\\/notificacao-de-parabens-e-feliz-aniversario\\\/#primaryimage\",\"url\":\"https:\\\/\\\/gloriadeus.com\\\/wp-content\\\/uploads\\\/2025\\\/06\\\/250613AMDIMG02.png\",\"contentUrl\":\"https:\\\/\\\/gloriadeus.com\\\/wp-content\\\/uploads\\\/2025\\\/06\\\/250613AMDIMG02.png\",\"width\":850,\"height\":666,\"caption\":\"Acesse notifica\u00e7\u00e3o de Parab\u00e9ns e Feliz Anivers\u00e1rio\"},{\"@type\":\"BreadcrumbList\",\"@id\":\"https:\\\/\\\/gloriadeus.com\\\/home\\\/notificacao-de-parabens-e-feliz-aniversario\\\/#breadcrumb\",\"itemListElement\":[{\"@type\":\"ListItem\",\"position\":1,\"name\":\"In\u00edcio\",\"item\":\"https:\\\/\\\/gloriadeus.com\\\/home\\\/\"},{\"@type\":\"ListItem\",\"position\":2,\"name\":\"Notifica\u00e7\u00e3o de Parab\u00e9ns e Feliz Anivers\u00e1rio\"}]},{\"@type\":\"WebSite\",\"@id\":\"https:\\\/\\\/gloriadeus.com\\\/home\\\/#website\",\"url\":\"https:\\\/\\\/gloriadeus.com\\\/home\\\/\",\"name\":\"Gloria Deus\",\"description\":\"\u21a8 Deslize para descobrir mais \u21a8\",\"publisher\":{\"@id\":\"https:\\\/\\\/gloriadeus.com\\\/home\\\/#\\\/schema\\\/person\\\/ab2365ca8f87ea38e53ba3c2275e65c4\"},\"alternateName\":\"Muita f\u00e9\",\"potentialAction\":[{\"@type\":\"SearchAction\",\"target\":{\"@type\":\"EntryPoint\",\"urlTemplate\":\"https:\\\/\\\/gloriadeus.com\\\/home\\\/?s={search_term_string}\"},\"query-input\":{\"@type\":\"PropertyValueSpecification\",\"valueRequired\":true,\"valueName\":\"search_term_string\"}}],\"inLanguage\":\"pt-BR\"},{\"@type\":[\"Person\",\"Organization\"],\"@id\":\"https:\\\/\\\/gloriadeus.com\\\/home\\\/#\\\/schema\\\/person\\\/ab2365ca8f87ea38e53ba3c2275e65c4\",\"name\":\"gloriadeus.com\",\"image\":{\"@type\":\"ImageObject\",\"inLanguage\":\"pt-BR\",\"@id\":\"https:\\\/\\\/gloriadeus.com\\\/wp-content\\\/uploads\\\/2024\\\/03\\\/230525DDPNG-21.png\",\"url\":\"https:\\\/\\\/gloriadeus.com\\\/wp-content\\\/uploads\\\/2024\\\/03\\\/230525DDPNG-21.png\",\"contentUrl\":\"https:\\\/\\\/gloriadeus.com\\\/wp-content\\\/uploads\\\/2024\\\/03\\\/230525DDPNG-21.png\",\"width\":220,\"height\":230,\"caption\":\"gloriadeus.com\"},\"logo\":{\"@id\":\"https:\\\/\\\/gloriadeus.com\\\/wp-content\\\/uploads\\\/2024\\\/03\\\/230525DDPNG-21.png\"},\"sameAs\":[\"https:\\\/\\\/gloriadeus.com\"]}]}<\/script>\n<!-- \/ Yoast SEO plugin. -->","yoast_head_json":{"title":"Notifica\u00e7\u00e3o de Parab\u00e9ns e Feliz Anivers\u00e1rio - Gl\u00f3ria Deus","robots":{"index":"index","follow":"follow","max-snippet":"max-snippet:-1","max-image-preview":"max-image-preview:large","max-video-preview":"max-video-preview:-1"},"canonical":"https:\/\/gloriadeus.com\/home\/notificacao-de-parabens-e-feliz-aniversario\/","og_locale":"pt_BR","og_type":"article","og_title":"Notifica\u00e7\u00e3o de Parab\u00e9ns e Feliz Anivers\u00e1rio - Gl\u00f3ria Deus","og_description":"Para acessar a sauda\u00e7\u00f5es para desejar parab\u00e9ns e feliz anivers\u00e1rio para comemorar datas ou momentos especiais sempre sorrindo, toque nos &hellip;","og_url":"https:\/\/gloriadeus.com\/home\/notificacao-de-parabens-e-feliz-aniversario\/","og_site_name":"Gl\u00f3ria Deus","article_modified_time":"2026-04-30T22:28:54+00:00","og_image":[{"width":850,"height":666,"url":"https:\/\/gloriadeus.com\/wp-content\/uploads\/2025\/06\/250613AMDIMG02.png","type":"image\/png"}],"twitter_card":"summary_large_image","twitter_misc":{"Est. tempo de leitura":"1 minuto"},"schema":{"@context":"https:\/\/schema.org","@graph":[{"@type":"WebPage","@id":"https:\/\/gloriadeus.com\/home\/notificacao-de-parabens-e-feliz-aniversario\/","url":"https:\/\/gloriadeus.com\/home\/notificacao-de-parabens-e-feliz-aniversario\/","name":"Notifica\u00e7\u00e3o de Parab\u00e9ns e Feliz Anivers\u00e1rio - Gl\u00f3ria Deus","isPartOf":{"@id":"https:\/\/gloriadeus.com\/home\/#website"},"primaryImageOfPage":{"@id":"https:\/\/gloriadeus.com\/home\/notificacao-de-parabens-e-feliz-aniversario\/#primaryimage"},"image":{"@id":"https:\/\/gloriadeus.com\/home\/notificacao-de-parabens-e-feliz-aniversario\/#primaryimage"},"thumbnailUrl":"https:\/\/gloriadeus.com\/wp-content\/uploads\/2025\/06\/250613AMDIMG02.png","datePublished":"2026-01-13T16:08:36+00:00","dateModified":"2026-04-30T22:28:54+00:00","breadcrumb":{"@id":"https:\/\/gloriadeus.com\/home\/notificacao-de-parabens-e-feliz-aniversario\/#breadcrumb"},"inLanguage":"pt-BR","potentialAction":[{"@type":"ReadAction","target":["https:\/\/gloriadeus.com\/home\/notificacao-de-parabens-e-feliz-aniversario\/"]}]},{"@type":"ImageObject","inLanguage":"pt-BR","@id":"https:\/\/gloriadeus.com\/home\/notificacao-de-parabens-e-feliz-aniversario\/#primaryimage","url":"https:\/\/gloriadeus.com\/wp-content\/uploads\/2025\/06\/250613AMDIMG02.png","contentUrl":"https:\/\/gloriadeus.com\/wp-content\/uploads\/2025\/06\/250613AMDIMG02.png","width":850,"height":666,"caption":"Acesse notifica\u00e7\u00e3o de Parab\u00e9ns e Feliz Anivers\u00e1rio"},{"@type":"BreadcrumbList","@id":"https:\/\/gloriadeus.com\/home\/notificacao-de-parabens-e-feliz-aniversario\/#breadcrumb","itemListElement":[{"@type":"ListItem","position":1,"name":"In\u00edcio","item":"https:\/\/gloriadeus.com\/home\/"},{"@type":"ListItem","position":2,"name":"Notifica\u00e7\u00e3o de Parab\u00e9ns e Feliz Anivers\u00e1rio"}]},{"@type":"WebSite","@id":"https:\/\/gloriadeus.com\/home\/#website","url":"https:\/\/gloriadeus.com\/home\/","name":"Gloria Deus","description":"\u21a8 Deslize para descobrir mais \u21a8","publisher":{"@id":"https:\/\/gloriadeus.com\/home\/#\/schema\/person\/ab2365ca8f87ea38e53ba3c2275e65c4"},"alternateName":"Muita f\u00e9","potentialAction":[{"@type":"SearchAction","target":{"@type":"EntryPoint","urlTemplate":"https:\/\/gloriadeus.com\/home\/?s={search_term_string}"},"query-input":{"@type":"PropertyValueSpecification","valueRequired":true,"valueName":"search_term_string"}}],"inLanguage":"pt-BR"},{"@type":["Person","Organization"],"@id":"https:\/\/gloriadeus.com\/home\/#\/schema\/person\/ab2365ca8f87ea38e53ba3c2275e65c4","name":"gloriadeus.com","image":{"@type":"ImageObject","inLanguage":"pt-BR","@id":"https:\/\/gloriadeus.com\/wp-content\/uploads\/2024\/03\/230525DDPNG-21.png","url":"https:\/\/gloriadeus.com\/wp-content\/uploads\/2024\/03\/230525DDPNG-21.png","contentUrl":"https:\/\/gloriadeus.com\/wp-content\/uploads\/2024\/03\/230525DDPNG-21.png","width":220,"height":230,"caption":"gloriadeus.com"},"logo":{"@id":"https:\/\/gloriadeus.com\/wp-content\/uploads\/2024\/03\/230525DDPNG-21.png"},"sameAs":["https:\/\/gloriadeus.com"]}]}},"_links":{"self":[{"href":"https:\/\/gloriadeus.com\/home\/wp-json\/wp\/v2\/pages\/8042","targetHints":{"allow":["GET"]}}],"collection":[{"href":"https:\/\/gloriadeus.com\/home\/wp-json\/wp\/v2\/pages"}],"about":[{"href":"https:\/\/gloriadeus.com\/home\/wp-json\/wp\/v2\/types\/page"}],"author":[{"embeddable":true,"href":"https:\/\/gloriadeus.com\/home\/wp-json\/wp\/v2\/users\/1"}],"replies":[{"embeddable":true,"href":"https:\/\/gloriadeus.com\/home\/wp-json\/wp\/v2\/comments?post=8042"}],"version-history":[{"count":7,"href":"https:\/\/gloriadeus.com\/home\/wp-json\/wp\/v2\/pages\/8042\/revisions"}],"predecessor-version":[{"id":11683,"href":"https:\/\/gloriadeus.com\/home\/wp-json\/wp\/v2\/pages\/8042\/revisions\/11683"}],"wp:featuredmedia":[{"embeddable":true,"href":"https:\/\/gloriadeus.com\/home\/wp-json\/wp\/v2\/media\/8044"}],"wp:attachment":[{"href":"https:\/\/gloriadeus.com\/home\/wp-json\/wp\/v2\/media?parent=8042"}],"curies":[{"name":"wp","href":"https:\/\/api.w.org\/{rel}","templated":true}]}}