{"id":800,"date":"2024-01-08T21:35:03","date_gmt":"2024-01-09T00:35:03","guid":{"rendered":"https:\/\/gloriadeus.com\/?page_id=800"},"modified":"2026-04-30T19:22:35","modified_gmt":"2026-04-30T22:22:35","slug":"entrar-em-contado","status":"publish","type":"page","link":"https:\/\/gloriadeus.com\/home\/entrar-em-contado\/","title":{"rendered":"Entrar em contado"},"content":{"rendered":"<!-- subtitulo, palavra, paragrafo ok -->\r\n\r\n\r\n<p>Email para contato:<\/p>\r\n\r\n\r\n\r\n<p><strong>gloriasantodeus@gmail.com<\/strong><\/p>\r\n\r\n\r\n\r\n<p>Se preferir, chame no WhatsApp:<\/p>\r\n\r\n\r\n\r\n<figure class=\"wp-block-image size-large is-resized\"><a href=\"https:\/\/chat.whatsapp.com\/DOzDkjrOPqUKNn7meDERce\" ><img loading=\"lazy\" decoding=\"async\" width=\"1024\" height=\"329\" class=\"wp-image-3551\" style=\"width: 183px; height: auto;\" src=\"https:\/\/gloriadeus.com\/wp-content\/uploads\/2035\/02\/230525DDPNG-35dfs-1024x329.png\" alt=\"Grupo no WhatsApp apoiado pelo nosso Site Gl\u00f3ria Deus, participe\" srcset=\"https:\/\/gloriadeus.com\/wp-content\/uploads\/2035\/02\/230525DDPNG-35dfs-1024x329.png 1024w, https:\/\/gloriadeus.com\/wp-content\/uploads\/2035\/02\/230525DDPNG-35dfs-300x96.png 300w, https:\/\/gloriadeus.com\/wp-content\/uploads\/2035\/02\/230525DDPNG-35dfs-768x247.png 768w, https:\/\/gloriadeus.com\/wp-content\/uploads\/2035\/02\/230525DDPNG-35dfs.png 1187w\" sizes=\"auto, (max-width: 1024px) 100vw, 1024px\" \/><\/a><\/figure>\r\n\r\n\r\n\r\n<p>Nota: Nossa organiza\u00e7\u00e3o n\u00e3o solicita informa\u00e7\u00f5es pessoais, muito menos dados como: Login e senha. Lembre-se disso e explore nosso conte\u00fado com tranquilidade.<\/p>\r\n","protected":false},"excerpt":{"rendered":"<p>Email para contato: gloriasantodeus@gmail.com Se preferir, chame no WhatsApp: Nota: Nossa organiza\u00e7\u00e3o n\u00e3o solicita informa\u00e7\u00f5es pessoais, muito menos dados como: &hellip; <\/p>\n","protected":false},"author":1,"featured_media":0,"parent":0,"menu_order":0,"comment_status":"open","ping_status":"closed","template":"","meta":{"_uf_show_specific_survey":0,"_uf_disable_surveys":false,"footnotes":""},"class_list":["post-800","page","type-page","status-publish","hentry"],"yoast_head":"<!-- This site is optimized with the Yoast SEO plugin v27.5 - https:\/\/yoast.com\/product\/yoast-seo-wordpress\/ -->\n<title>Entrar em contado - Gl\u00f3ria Deus<\/title>\n<meta name=\"robots\" content=\"index, follow, max-snippet:-1, max-image-preview:large, max-video-preview:-1\" \/>\n<link rel=\"canonical\" href=\"https:\/\/gloriadeus.com\/home\/entrar-em-contado\/\" \/>\n<meta property=\"og:locale\" content=\"pt_BR\" \/>\n<meta property=\"og:type\" content=\"article\" \/>\n<meta property=\"og:title\" content=\"Entrar em contado - Gl\u00f3ria Deus\" \/>\n<meta property=\"og:description\" content=\"Email para contato: gloriasantodeus@gmail.com Se preferir, chame no WhatsApp: Nota: Nossa organiza\u00e7\u00e3o n\u00e3o solicita informa\u00e7\u00f5es pessoais, muito menos dados como: &hellip;\" \/>\n<meta property=\"og:url\" content=\"https:\/\/gloriadeus.com\/home\/entrar-em-contado\/\" \/>\n<meta property=\"og:site_name\" content=\"Gl\u00f3ria Deus\" \/>\n<meta property=\"article:modified_time\" content=\"2026-04-30T22:22:35+00:00\" \/>\n<meta property=\"og:image\" content=\"https:\/\/gloriadeus.com\/wp-content\/uploads\/2035\/02\/230525DDPNG-35dfs.png\" \/>\n\t<meta property=\"og:image:width\" content=\"1187\" \/>\n\t<meta property=\"og:image:height\" content=\"381\" \/>\n\t<meta property=\"og:image:type\" content=\"image\/png\" \/>\n<meta name=\"twitter:card\" content=\"summary_large_image\" \/>\n<meta name=\"twitter:label1\" content=\"Est. tempo de leitura\" \/>\n\t<meta name=\"twitter:data1\" content=\"1 minuto\" \/>\n<script type=\"application\/ld+json\" class=\"yoast-schema-graph\">{\"@context\":\"https:\\\/\\\/schema.org\",\"@graph\":[{\"@type\":\"WebPage\",\"@id\":\"https:\\\/\\\/gloriadeus.com\\\/home\\\/entrar-em-contado\\\/\",\"url\":\"https:\\\/\\\/gloriadeus.com\\\/home\\\/entrar-em-contado\\\/\",\"name\":\"Entrar em contado - Gl\u00f3ria Deus\",\"isPartOf\":{\"@id\":\"https:\\\/\\\/gloriadeus.com\\\/home\\\/#website\"},\"primaryImageOfPage\":{\"@id\":\"https:\\\/\\\/gloriadeus.com\\\/home\\\/entrar-em-contado\\\/#primaryimage\"},\"image\":{\"@id\":\"https:\\\/\\\/gloriadeus.com\\\/home\\\/entrar-em-contado\\\/#primaryimage\"},\"thumbnailUrl\":\"https:\\\/\\\/gloriadeus.com\\\/wp-content\\\/uploads\\\/2035\\\/02\\\/230525DDPNG-35dfs-1024x329.png\",\"datePublished\":\"2024-01-09T00:35:03+00:00\",\"dateModified\":\"2026-04-30T22:22:35+00:00\",\"breadcrumb\":{\"@id\":\"https:\\\/\\\/gloriadeus.com\\\/home\\\/entrar-em-contado\\\/#breadcrumb\"},\"inLanguage\":\"pt-BR\",\"potentialAction\":[{\"@type\":\"ReadAction\",\"target\":[\"https:\\\/\\\/gloriadeus.com\\\/home\\\/entrar-em-contado\\\/\"]}]},{\"@type\":\"ImageObject\",\"inLanguage\":\"pt-BR\",\"@id\":\"https:\\\/\\\/gloriadeus.com\\\/home\\\/entrar-em-contado\\\/#primaryimage\",\"url\":\"https:\\\/\\\/gloriadeus.com\\\/wp-content\\\/uploads\\\/2035\\\/02\\\/230525DDPNG-35dfs-1024x329.png\",\"contentUrl\":\"https:\\\/\\\/gloriadeus.com\\\/wp-content\\\/uploads\\\/2035\\\/02\\\/230525DDPNG-35dfs-1024x329.png\"},{\"@type\":\"BreadcrumbList\",\"@id\":\"https:\\\/\\\/gloriadeus.com\\\/home\\\/entrar-em-contado\\\/#breadcrumb\",\"itemListElement\":[{\"@type\":\"ListItem\",\"position\":1,\"name\":\"In\u00edcio\",\"item\":\"https:\\\/\\\/gloriadeus.com\\\/home\\\/\"},{\"@type\":\"ListItem\",\"position\":2,\"name\":\"Entrar em contado\"}]},{\"@type\":\"WebSite\",\"@id\":\"https:\\\/\\\/gloriadeus.com\\\/home\\\/#website\",\"url\":\"https:\\\/\\\/gloriadeus.com\\\/home\\\/\",\"name\":\"Gloria Deus\",\"description\":\"\u21a8 Deslize para descobrir mais \u21a8\",\"publisher\":{\"@id\":\"https:\\\/\\\/gloriadeus.com\\\/home\\\/#\\\/schema\\\/person\\\/ab2365ca8f87ea38e53ba3c2275e65c4\"},\"alternateName\":\"Muita f\u00e9\",\"potentialAction\":[{\"@type\":\"SearchAction\",\"target\":{\"@type\":\"EntryPoint\",\"urlTemplate\":\"https:\\\/\\\/gloriadeus.com\\\/home\\\/?s={search_term_string}\"},\"query-input\":{\"@type\":\"PropertyValueSpecification\",\"valueRequired\":true,\"valueName\":\"search_term_string\"}}],\"inLanguage\":\"pt-BR\"},{\"@type\":[\"Person\",\"Organization\"],\"@id\":\"https:\\\/\\\/gloriadeus.com\\\/home\\\/#\\\/schema\\\/person\\\/ab2365ca8f87ea38e53ba3c2275e65c4\",\"name\":\"gloriadeus.com\",\"image\":{\"@type\":\"ImageObject\",\"inLanguage\":\"pt-BR\",\"@id\":\"https:\\\/\\\/gloriadeus.com\\\/wp-content\\\/uploads\\\/2024\\\/03\\\/230525DDPNG-21.png\",\"url\":\"https:\\\/\\\/gloriadeus.com\\\/wp-content\\\/uploads\\\/2024\\\/03\\\/230525DDPNG-21.png\",\"contentUrl\":\"https:\\\/\\\/gloriadeus.com\\\/wp-content\\\/uploads\\\/2024\\\/03\\\/230525DDPNG-21.png\",\"width\":220,\"height\":230,\"caption\":\"gloriadeus.com\"},\"logo\":{\"@id\":\"https:\\\/\\\/gloriadeus.com\\\/wp-content\\\/uploads\\\/2024\\\/03\\\/230525DDPNG-21.png\"},\"sameAs\":[\"https:\\\/\\\/gloriadeus.com\"]}]}<\/script>\n<!-- \/ Yoast SEO plugin. -->","yoast_head_json":{"title":"Entrar em contado - Gl\u00f3ria Deus","robots":{"index":"index","follow":"follow","max-snippet":"max-snippet:-1","max-image-preview":"max-image-preview:large","max-video-preview":"max-video-preview:-1"},"canonical":"https:\/\/gloriadeus.com\/home\/entrar-em-contado\/","og_locale":"pt_BR","og_type":"article","og_title":"Entrar em contado - Gl\u00f3ria Deus","og_description":"Email para contato: gloriasantodeus@gmail.com Se preferir, chame no WhatsApp: Nota: Nossa organiza\u00e7\u00e3o n\u00e3o solicita informa\u00e7\u00f5es pessoais, muito menos dados como: &hellip;","og_url":"https:\/\/gloriadeus.com\/home\/entrar-em-contado\/","og_site_name":"Gl\u00f3ria Deus","article_modified_time":"2026-04-30T22:22:35+00:00","og_image":[{"width":1187,"height":381,"url":"https:\/\/gloriadeus.com\/wp-content\/uploads\/2035\/02\/230525DDPNG-35dfs.png","type":"image\/png"}],"twitter_card":"summary_large_image","twitter_misc":{"Est. tempo de leitura":"1 minuto"},"schema":{"@context":"https:\/\/schema.org","@graph":[{"@type":"WebPage","@id":"https:\/\/gloriadeus.com\/home\/entrar-em-contado\/","url":"https:\/\/gloriadeus.com\/home\/entrar-em-contado\/","name":"Entrar em contado - Gl\u00f3ria Deus","isPartOf":{"@id":"https:\/\/gloriadeus.com\/home\/#website"},"primaryImageOfPage":{"@id":"https:\/\/gloriadeus.com\/home\/entrar-em-contado\/#primaryimage"},"image":{"@id":"https:\/\/gloriadeus.com\/home\/entrar-em-contado\/#primaryimage"},"thumbnailUrl":"https:\/\/gloriadeus.com\/wp-content\/uploads\/2035\/02\/230525DDPNG-35dfs-1024x329.png","datePublished":"2024-01-09T00:35:03+00:00","dateModified":"2026-04-30T22:22:35+00:00","breadcrumb":{"@id":"https:\/\/gloriadeus.com\/home\/entrar-em-contado\/#breadcrumb"},"inLanguage":"pt-BR","potentialAction":[{"@type":"ReadAction","target":["https:\/\/gloriadeus.com\/home\/entrar-em-contado\/"]}]},{"@type":"ImageObject","inLanguage":"pt-BR","@id":"https:\/\/gloriadeus.com\/home\/entrar-em-contado\/#primaryimage","url":"https:\/\/gloriadeus.com\/wp-content\/uploads\/2035\/02\/230525DDPNG-35dfs-1024x329.png","contentUrl":"https:\/\/gloriadeus.com\/wp-content\/uploads\/2035\/02\/230525DDPNG-35dfs-1024x329.png"},{"@type":"BreadcrumbList","@id":"https:\/\/gloriadeus.com\/home\/entrar-em-contado\/#breadcrumb","itemListElement":[{"@type":"ListItem","position":1,"name":"In\u00edcio","item":"https:\/\/gloriadeus.com\/home\/"},{"@type":"ListItem","position":2,"name":"Entrar em contado"}]},{"@type":"WebSite","@id":"https:\/\/gloriadeus.com\/home\/#website","url":"https:\/\/gloriadeus.com\/home\/","name":"Gloria Deus","description":"\u21a8 Deslize para descobrir mais \u21a8","publisher":{"@id":"https:\/\/gloriadeus.com\/home\/#\/schema\/person\/ab2365ca8f87ea38e53ba3c2275e65c4"},"alternateName":"Muita f\u00e9","potentialAction":[{"@type":"SearchAction","target":{"@type":"EntryPoint","urlTemplate":"https:\/\/gloriadeus.com\/home\/?s={search_term_string}"},"query-input":{"@type":"PropertyValueSpecification","valueRequired":true,"valueName":"search_term_string"}}],"inLanguage":"pt-BR"},{"@type":["Person","Organization"],"@id":"https:\/\/gloriadeus.com\/home\/#\/schema\/person\/ab2365ca8f87ea38e53ba3c2275e65c4","name":"gloriadeus.com","image":{"@type":"ImageObject","inLanguage":"pt-BR","@id":"https:\/\/gloriadeus.com\/wp-content\/uploads\/2024\/03\/230525DDPNG-21.png","url":"https:\/\/gloriadeus.com\/wp-content\/uploads\/2024\/03\/230525DDPNG-21.png","contentUrl":"https:\/\/gloriadeus.com\/wp-content\/uploads\/2024\/03\/230525DDPNG-21.png","width":220,"height":230,"caption":"gloriadeus.com"},"logo":{"@id":"https:\/\/gloriadeus.com\/wp-content\/uploads\/2024\/03\/230525DDPNG-21.png"},"sameAs":["https:\/\/gloriadeus.com"]}]}},"_links":{"self":[{"href":"https:\/\/gloriadeus.com\/home\/wp-json\/wp\/v2\/pages\/800","targetHints":{"allow":["GET"]}}],"collection":[{"href":"https:\/\/gloriadeus.com\/home\/wp-json\/wp\/v2\/pages"}],"about":[{"href":"https:\/\/gloriadeus.com\/home\/wp-json\/wp\/v2\/types\/page"}],"author":[{"embeddable":true,"href":"https:\/\/gloriadeus.com\/home\/wp-json\/wp\/v2\/users\/1"}],"replies":[{"embeddable":true,"href":"https:\/\/gloriadeus.com\/home\/wp-json\/wp\/v2\/comments?post=800"}],"version-history":[{"count":7,"href":"https:\/\/gloriadeus.com\/home\/wp-json\/wp\/v2\/pages\/800\/revisions"}],"predecessor-version":[{"id":11671,"href":"https:\/\/gloriadeus.com\/home\/wp-json\/wp\/v2\/pages\/800\/revisions\/11671"}],"wp:attachment":[{"href":"https:\/\/gloriadeus.com\/home\/wp-json\/wp\/v2\/media?parent=800"}],"curies":[{"name":"wp","href":"https:\/\/api.w.org\/{rel}","templated":true}]}}