{"id":7795,"date":"2026-01-29T18:59:44","date_gmt":"2026-01-29T21:59:44","guid":{"rendered":"https:\/\/gloriadeus.com\/home\/?page_id=7795"},"modified":"2026-02-03T17:31:16","modified_gmt":"2026-02-03T20:31:16","slug":"postagens-blog-gloria-deus-acessounico","status":"publish","type":"page","link":"https:\/\/gloriadeus.com\/home\/postagens-blog-gloria-deus-acessounico\/","title":{"rendered":"Postagens Blog Gl\u00f3ria Deus #Acesso\u00danico"},"content":{"rendered":"<!-- Subtitulo, palavra e paragrafo ok -->\r\n\r\n\r\n<figure data-wp-context=\"{&quot;imageId&quot;:&quot;69fa179cc9bf1&quot;}\" data-wp-interactive=\"core\/image\" data-wp-key=\"69fa179cc9bf1\" class=\"wp-block-image size-large is-resized wp-lightbox-container\"><img loading=\"lazy\" decoding=\"async\" width=\"792\" height=\"1024\" data-wp-class--hide=\"state.isContentHidden\" data-wp-class--show=\"state.isContentVisible\" data-wp-init=\"callbacks.setButtonStyles\" data-wp-on--click=\"actions.showLightbox\" data-wp-on--load=\"callbacks.setButtonStyles\" data-wp-on-window--resize=\"callbacks.setButtonStyles\" class=\"wp-image-7801\" style=\"width: 225px; height: auto;\" src=\"https:\/\/gloriadeus.com\/wp-content\/uploads\/2025\/04\/241115AMD09f-792x1024.png\" alt=\"Postagens Blog Gl\u00f3ria Deus #Acesso\u00danico\" srcset=\"https:\/\/gloriadeus.com\/wp-content\/uploads\/2025\/04\/241115AMD09f-792x1024.png 792w, https:\/\/gloriadeus.com\/wp-content\/uploads\/2025\/04\/241115AMD09f-232x300.png 232w, https:\/\/gloriadeus.com\/wp-content\/uploads\/2025\/04\/241115AMD09f-768x993.png 768w, https:\/\/gloriadeus.com\/wp-content\/uploads\/2025\/04\/241115AMD09f.png 1176w\" sizes=\"auto, (max-width: 792px) 100vw, 792px\" \/><button\n\t\t\tclass=\"lightbox-trigger\"\n\t\t\ttype=\"button\"\n\t\t\taria-haspopup=\"dialog\"\n\t\t\taria-label=\"Ampliar\"\n\t\t\tdata-wp-init=\"callbacks.initTriggerButton\"\n\t\t\tdata-wp-on--click=\"actions.showLightbox\"\n\t\t\tdata-wp-style--right=\"state.imageButtonRight\"\n\t\t\tdata-wp-style--top=\"state.imageButtonTop\"\n\t\t>\n\t\t\t<svg xmlns=\"http:\/\/www.w3.org\/2000\/svg\" width=\"12\" height=\"12\" fill=\"none\" viewBox=\"0 0 12 12\">\n\t\t\t\t<path fill=\"#fff\" d=\"M2 0a2 2 0 0 0-2 2v2h1.5V2a.5.5 0 0 1 .5-.5h2V0H2Zm2 10.5H2a.5.5 0 0 1-.5-.5V8H0v2a2 2 0 0 0 2 2h2v-1.5ZM8 12v-1.5h2a.5.5 0 0 0 .5-.5V8H12v2a2 2 0 0 1-2 2H8Zm2-12a2 2 0 0 1 2 2v2h-1.5V2a.5.5 0 0 0-.5-.5H8V0h2Z\" \/>\n\t\t\t<\/svg>\n\t\t<\/button><\/figure>\r\n\r\n\r\n\r\n<p>Boas vindas, sinta-se \u00e0 vontade para explorar nosso espa\u00e7o e aproveitar tudo o que temos a oferecer \ud83d\ude4f<\/p>\r\n\r\n\r\n\r\n<p>Para iniciar sua visita, encontre a postagem que mais lhe agrada. Repare que ao tocar em alguma data a seguir, automaticamente ser\u00e3o mostradas todas as postagens espec\u00edficas, ent\u00e3o, basta selecionar:<\/p>\r\n\r\n\r\n\r\n<p>\u2192 <em><span style=\"text-decoration: underline;\"><a href=\"https:\/\/gloriadeus.com\/home\/o-importante-nao-e-vencer-todos-os-dias-mas-lutar-sempre\/\">O importante n\u00e3o \u00e9 vencer todos os dias<\/a><\/span><\/em><\/p>\r\n\r\n\r\n\r\n<p>\u2192 <span style=\"text-decoration: underline;\"><em><a href=\"https:\/\/gloriadeus.com\/home\/em-ti-esta-o-manancial-da-vida\/\">Em Ti est\u00e1 o Manancial da Vida<\/a><\/em><\/span><\/p>\r\n\r\n\r\n\r\n<p>\u2192 <span style=\"text-decoration: underline;\"><em><a href=\"https:\/\/gloriadeus.com\/home\/para-se-divertir-um-pouco-agora\/\">Para se divertir<\/a><\/em><\/span><\/p>\r\n\r\n\r\n\r\n<p>\u2192 <span style=\"text-decoration: underline;\"><em><a href=\"https:\/\/gloriadeus.com\/home\/comece-a-semana-acreditando-no-que-deus-preparou-para-voce\/\">Comece a semana acreditando<\/a><\/em><\/span><\/p>\r\n\r\n\r\n\r\n<p>\u2192 <span style=\"text-decoration: underline;\"><em><a href=\"https:\/\/gloriadeus.com\/home\/incrivel-e-a-capacidade-de-se-colocar-no-lugar-do-outro\/\">Incr\u00edvel \u00e9 a capacidade<\/a><\/em><\/span><\/p>\r\n\r\n\r\n\r\n<p>\u2192<\/p>\r\n\r\n\r\n\r\n<p>Acompanhe nossas Redes Sociais e descubra mais sobre a f\u00e9:<\/p>\r\n\r\n\r\n\n<p>\u2192 <em><span style=\"text-decoration: underline;\"><a href=\"https:\/\/www.facebook.com\/felaemcima\">Facebook<\/a><\/span><\/em> <\/p>\n\r\n\r\n\r\n<p>\u2192 <em><a href=\"https:\/\/br.pinterest.com\/otimismoeprosperidade\/\"><span style=\"text-decoration: underline;\">Pinterest<\/span><\/a><\/em><\/p>\r\n\r\n\r\n","protected":false},"excerpt":{"rendered":"<p>Boas vindas, sinta-se \u00e0 vontade para explorar nosso espa\u00e7o e aproveitar tudo o que temos a oferecer \ud83d\ude4f Para iniciar &hellip; <\/p>\n","protected":false},"author":1,"featured_media":7801,"parent":0,"menu_order":0,"comment_status":"closed","ping_status":"closed","template":"","meta":{"_uf_show_specific_survey":0,"_uf_disable_surveys":false,"footnotes":""},"class_list":["post-7795","page","type-page","status-publish","has-post-thumbnail","hentry"],"yoast_head":"<!-- This site is optimized with the Yoast SEO plugin v27.5 - https:\/\/yoast.com\/product\/yoast-seo-wordpress\/ -->\n<title>Postagens Blog Gl\u00f3ria Deus #Acesso\u00danico - Gl\u00f3ria Deus<\/title>\n<meta name=\"robots\" content=\"index, follow, max-snippet:-1, max-image-preview:large, max-video-preview:-1\" \/>\n<link rel=\"canonical\" href=\"https:\/\/gloriadeus.com\/home\/postagens-blog-gloria-deus-acessounico\/\" \/>\n<meta property=\"og:locale\" content=\"pt_BR\" \/>\n<meta property=\"og:type\" content=\"article\" \/>\n<meta property=\"og:title\" content=\"Postagens Blog Gl\u00f3ria Deus #Acesso\u00danico - Gl\u00f3ria Deus\" \/>\n<meta property=\"og:description\" content=\"Boas vindas, sinta-se \u00e0 vontade para explorar nosso espa\u00e7o e aproveitar tudo o que temos a oferecer \ud83d\ude4f Para iniciar &hellip;\" \/>\n<meta property=\"og:url\" content=\"https:\/\/gloriadeus.com\/home\/postagens-blog-gloria-deus-acessounico\/\" \/>\n<meta property=\"og:site_name\" content=\"Gl\u00f3ria Deus\" \/>\n<meta property=\"article:modified_time\" content=\"2026-02-03T20:31:16+00:00\" \/>\n<meta property=\"og:image\" content=\"https:\/\/gloriadeus.com\/wp-content\/uploads\/2025\/04\/241115AMD09f.png\" \/>\n\t<meta property=\"og:image:width\" content=\"1176\" \/>\n\t<meta property=\"og:image:height\" content=\"1520\" \/>\n\t<meta property=\"og:image:type\" content=\"image\/png\" \/>\n<meta name=\"twitter:card\" content=\"summary_large_image\" \/>\n<meta name=\"twitter:label1\" content=\"Est. tempo de leitura\" \/>\n\t<meta name=\"twitter:data1\" content=\"1 minuto\" \/>\n<script type=\"application\/ld+json\" class=\"yoast-schema-graph\">{\"@context\":\"https:\\\/\\\/schema.org\",\"@graph\":[{\"@type\":\"WebPage\",\"@id\":\"https:\\\/\\\/gloriadeus.com\\\/home\\\/postagens-blog-gloria-deus-acessounico\\\/\",\"url\":\"https:\\\/\\\/gloriadeus.com\\\/home\\\/postagens-blog-gloria-deus-acessounico\\\/\",\"name\":\"Postagens Blog Gl\u00f3ria Deus #Acesso\u00danico - Gl\u00f3ria Deus\",\"isPartOf\":{\"@id\":\"https:\\\/\\\/gloriadeus.com\\\/home\\\/#website\"},\"primaryImageOfPage\":{\"@id\":\"https:\\\/\\\/gloriadeus.com\\\/home\\\/postagens-blog-gloria-deus-acessounico\\\/#primaryimage\"},\"image\":{\"@id\":\"https:\\\/\\\/gloriadeus.com\\\/home\\\/postagens-blog-gloria-deus-acessounico\\\/#primaryimage\"},\"thumbnailUrl\":\"https:\\\/\\\/gloriadeus.com\\\/wp-content\\\/uploads\\\/2025\\\/04\\\/241115AMD09f.png\",\"datePublished\":\"2026-01-29T21:59:44+00:00\",\"dateModified\":\"2026-02-03T20:31:16+00:00\",\"breadcrumb\":{\"@id\":\"https:\\\/\\\/gloriadeus.com\\\/home\\\/postagens-blog-gloria-deus-acessounico\\\/#breadcrumb\"},\"inLanguage\":\"pt-BR\",\"potentialAction\":[{\"@type\":\"ReadAction\",\"target\":[\"https:\\\/\\\/gloriadeus.com\\\/home\\\/postagens-blog-gloria-deus-acessounico\\\/\"]}]},{\"@type\":\"ImageObject\",\"inLanguage\":\"pt-BR\",\"@id\":\"https:\\\/\\\/gloriadeus.com\\\/home\\\/postagens-blog-gloria-deus-acessounico\\\/#primaryimage\",\"url\":\"https:\\\/\\\/gloriadeus.com\\\/wp-content\\\/uploads\\\/2025\\\/04\\\/241115AMD09f.png\",\"contentUrl\":\"https:\\\/\\\/gloriadeus.com\\\/wp-content\\\/uploads\\\/2025\\\/04\\\/241115AMD09f.png\",\"width\":1176,\"height\":1520,\"caption\":\"Postagens Blog Gl\u00f3ria Deus #Acesso\u00danico\"},{\"@type\":\"BreadcrumbList\",\"@id\":\"https:\\\/\\\/gloriadeus.com\\\/home\\\/postagens-blog-gloria-deus-acessounico\\\/#breadcrumb\",\"itemListElement\":[{\"@type\":\"ListItem\",\"position\":1,\"name\":\"In\u00edcio\",\"item\":\"https:\\\/\\\/gloriadeus.com\\\/home\\\/\"},{\"@type\":\"ListItem\",\"position\":2,\"name\":\"Postagens Blog Gl\u00f3ria Deus #Acesso\u00danico\"}]},{\"@type\":\"WebSite\",\"@id\":\"https:\\\/\\\/gloriadeus.com\\\/home\\\/#website\",\"url\":\"https:\\\/\\\/gloriadeus.com\\\/home\\\/\",\"name\":\"Gloria Deus\",\"description\":\"\u21a8 Deslize para descobrir mais \u21a8\",\"publisher\":{\"@id\":\"https:\\\/\\\/gloriadeus.com\\\/home\\\/#\\\/schema\\\/person\\\/ab2365ca8f87ea38e53ba3c2275e65c4\"},\"alternateName\":\"Muita f\u00e9\",\"potentialAction\":[{\"@type\":\"SearchAction\",\"target\":{\"@type\":\"EntryPoint\",\"urlTemplate\":\"https:\\\/\\\/gloriadeus.com\\\/home\\\/?s={search_term_string}\"},\"query-input\":{\"@type\":\"PropertyValueSpecification\",\"valueRequired\":true,\"valueName\":\"search_term_string\"}}],\"inLanguage\":\"pt-BR\"},{\"@type\":[\"Person\",\"Organization\"],\"@id\":\"https:\\\/\\\/gloriadeus.com\\\/home\\\/#\\\/schema\\\/person\\\/ab2365ca8f87ea38e53ba3c2275e65c4\",\"name\":\"gloriadeus.com\",\"image\":{\"@type\":\"ImageObject\",\"inLanguage\":\"pt-BR\",\"@id\":\"https:\\\/\\\/gloriadeus.com\\\/wp-content\\\/uploads\\\/2024\\\/03\\\/230525DDPNG-21.png\",\"url\":\"https:\\\/\\\/gloriadeus.com\\\/wp-content\\\/uploads\\\/2024\\\/03\\\/230525DDPNG-21.png\",\"contentUrl\":\"https:\\\/\\\/gloriadeus.com\\\/wp-content\\\/uploads\\\/2024\\\/03\\\/230525DDPNG-21.png\",\"width\":220,\"height\":230,\"caption\":\"gloriadeus.com\"},\"logo\":{\"@id\":\"https:\\\/\\\/gloriadeus.com\\\/wp-content\\\/uploads\\\/2024\\\/03\\\/230525DDPNG-21.png\"},\"sameAs\":[\"https:\\\/\\\/gloriadeus.com\"]}]}<\/script>\n<!-- \/ Yoast SEO plugin. -->","yoast_head_json":{"title":"Postagens Blog Gl\u00f3ria Deus #Acesso\u00danico - Gl\u00f3ria Deus","robots":{"index":"index","follow":"follow","max-snippet":"max-snippet:-1","max-image-preview":"max-image-preview:large","max-video-preview":"max-video-preview:-1"},"canonical":"https:\/\/gloriadeus.com\/home\/postagens-blog-gloria-deus-acessounico\/","og_locale":"pt_BR","og_type":"article","og_title":"Postagens Blog Gl\u00f3ria Deus #Acesso\u00danico - Gl\u00f3ria Deus","og_description":"Boas vindas, sinta-se \u00e0 vontade para explorar nosso espa\u00e7o e aproveitar tudo o que temos a oferecer \ud83d\ude4f Para iniciar &hellip;","og_url":"https:\/\/gloriadeus.com\/home\/postagens-blog-gloria-deus-acessounico\/","og_site_name":"Gl\u00f3ria Deus","article_modified_time":"2026-02-03T20:31:16+00:00","og_image":[{"width":1176,"height":1520,"url":"https:\/\/gloriadeus.com\/wp-content\/uploads\/2025\/04\/241115AMD09f.png","type":"image\/png"}],"twitter_card":"summary_large_image","twitter_misc":{"Est. tempo de leitura":"1 minuto"},"schema":{"@context":"https:\/\/schema.org","@graph":[{"@type":"WebPage","@id":"https:\/\/gloriadeus.com\/home\/postagens-blog-gloria-deus-acessounico\/","url":"https:\/\/gloriadeus.com\/home\/postagens-blog-gloria-deus-acessounico\/","name":"Postagens Blog Gl\u00f3ria Deus #Acesso\u00danico - Gl\u00f3ria Deus","isPartOf":{"@id":"https:\/\/gloriadeus.com\/home\/#website"},"primaryImageOfPage":{"@id":"https:\/\/gloriadeus.com\/home\/postagens-blog-gloria-deus-acessounico\/#primaryimage"},"image":{"@id":"https:\/\/gloriadeus.com\/home\/postagens-blog-gloria-deus-acessounico\/#primaryimage"},"thumbnailUrl":"https:\/\/gloriadeus.com\/wp-content\/uploads\/2025\/04\/241115AMD09f.png","datePublished":"2026-01-29T21:59:44+00:00","dateModified":"2026-02-03T20:31:16+00:00","breadcrumb":{"@id":"https:\/\/gloriadeus.com\/home\/postagens-blog-gloria-deus-acessounico\/#breadcrumb"},"inLanguage":"pt-BR","potentialAction":[{"@type":"ReadAction","target":["https:\/\/gloriadeus.com\/home\/postagens-blog-gloria-deus-acessounico\/"]}]},{"@type":"ImageObject","inLanguage":"pt-BR","@id":"https:\/\/gloriadeus.com\/home\/postagens-blog-gloria-deus-acessounico\/#primaryimage","url":"https:\/\/gloriadeus.com\/wp-content\/uploads\/2025\/04\/241115AMD09f.png","contentUrl":"https:\/\/gloriadeus.com\/wp-content\/uploads\/2025\/04\/241115AMD09f.png","width":1176,"height":1520,"caption":"Postagens Blog Gl\u00f3ria Deus #Acesso\u00danico"},{"@type":"BreadcrumbList","@id":"https:\/\/gloriadeus.com\/home\/postagens-blog-gloria-deus-acessounico\/#breadcrumb","itemListElement":[{"@type":"ListItem","position":1,"name":"In\u00edcio","item":"https:\/\/gloriadeus.com\/home\/"},{"@type":"ListItem","position":2,"name":"Postagens Blog Gl\u00f3ria Deus #Acesso\u00danico"}]},{"@type":"WebSite","@id":"https:\/\/gloriadeus.com\/home\/#website","url":"https:\/\/gloriadeus.com\/home\/","name":"Gloria Deus","description":"\u21a8 Deslize para descobrir mais \u21a8","publisher":{"@id":"https:\/\/gloriadeus.com\/home\/#\/schema\/person\/ab2365ca8f87ea38e53ba3c2275e65c4"},"alternateName":"Muita f\u00e9","potentialAction":[{"@type":"SearchAction","target":{"@type":"EntryPoint","urlTemplate":"https:\/\/gloriadeus.com\/home\/?s={search_term_string}"},"query-input":{"@type":"PropertyValueSpecification","valueRequired":true,"valueName":"search_term_string"}}],"inLanguage":"pt-BR"},{"@type":["Person","Organization"],"@id":"https:\/\/gloriadeus.com\/home\/#\/schema\/person\/ab2365ca8f87ea38e53ba3c2275e65c4","name":"gloriadeus.com","image":{"@type":"ImageObject","inLanguage":"pt-BR","@id":"https:\/\/gloriadeus.com\/wp-content\/uploads\/2024\/03\/230525DDPNG-21.png","url":"https:\/\/gloriadeus.com\/wp-content\/uploads\/2024\/03\/230525DDPNG-21.png","contentUrl":"https:\/\/gloriadeus.com\/wp-content\/uploads\/2024\/03\/230525DDPNG-21.png","width":220,"height":230,"caption":"gloriadeus.com"},"logo":{"@id":"https:\/\/gloriadeus.com\/wp-content\/uploads\/2024\/03\/230525DDPNG-21.png"},"sameAs":["https:\/\/gloriadeus.com"]}]}},"_links":{"self":[{"href":"https:\/\/gloriadeus.com\/home\/wp-json\/wp\/v2\/pages\/7795","targetHints":{"allow":["GET"]}}],"collection":[{"href":"https:\/\/gloriadeus.com\/home\/wp-json\/wp\/v2\/pages"}],"about":[{"href":"https:\/\/gloriadeus.com\/home\/wp-json\/wp\/v2\/types\/page"}],"author":[{"embeddable":true,"href":"https:\/\/gloriadeus.com\/home\/wp-json\/wp\/v2\/users\/1"}],"replies":[{"embeddable":true,"href":"https:\/\/gloriadeus.com\/home\/wp-json\/wp\/v2\/comments?post=7795"}],"version-history":[{"count":8,"href":"https:\/\/gloriadeus.com\/home\/wp-json\/wp\/v2\/pages\/7795\/revisions"}],"predecessor-version":[{"id":10302,"href":"https:\/\/gloriadeus.com\/home\/wp-json\/wp\/v2\/pages\/7795\/revisions\/10302"}],"wp:featuredmedia":[{"embeddable":true,"href":"https:\/\/gloriadeus.com\/home\/wp-json\/wp\/v2\/media\/7801"}],"wp:attachment":[{"href":"https:\/\/gloriadeus.com\/home\/wp-json\/wp\/v2\/media?parent=7795"}],"curies":[{"name":"wp","href":"https:\/\/api.w.org\/{rel}","templated":true}]}}