{"id":7700,"date":"2026-01-22T16:46:03","date_gmt":"2026-01-22T19:46:03","guid":{"rendered":"https:\/\/gloriadeus.com\/home\/?page_id=7700"},"modified":"2026-04-30T19:29:02","modified_gmt":"2026-04-30T22:29:02","slug":"boas-vindas-aos-meses-do-ano","status":"publish","type":"page","link":"https:\/\/gloriadeus.com\/home\/boas-vindas-aos-meses-do-ano\/","title":{"rendered":"Boas vindas aos meses do ano"},"content":{"rendered":"<!-- subtitulo, palavra, paragrafo ok -->\r\n<p>&nbsp;<\/p>\r\n<p>&nbsp;<\/p>\r\n\r\n<figure class=\"wp-block-image size-full is-resized\"><img loading=\"lazy\" decoding=\"async\" width=\"528\" height=\"874\" class=\"wp-image-7748\" style=\"width: 265px; height: auto;\" src=\"https:\/\/gloriadeus.com\/wp-content\/uploads\/2025\/04\/210324DDIMG02-1.png\" alt=\"Boas vindas aos meses do ano \" srcset=\"https:\/\/gloriadeus.com\/wp-content\/uploads\/2025\/04\/210324DDIMG02-1.png 528w, https:\/\/gloriadeus.com\/wp-content\/uploads\/2025\/04\/210324DDIMG02-1-181x300.png 181w\" sizes=\"auto, (max-width: 528px) 100vw, 528px\" \/><\/figure>\r\n\r\n\r\n\r\n<p>Acesse sauda\u00e7\u00f5es incr\u00edveis para desejar boas vindas aos meses do ano e fa\u00e7a com que realmente, cada m\u00eas seja muito bem vindo. Para isso, basta tocar sobre os campos a seguir:<\/p>\r\n\r\n\r\n\r\n<p>\u2192 <span style=\"text-decoration: underline;\"><em><a href=\"https:\/\/gloriadeus.com\/home\/janeiro-comeco-de-ano-mes01\/\" >Seja bem vindo m\u00eas 1 Janeiro<\/a><\/em><\/span><\/p>\r\n\r\n\r\n\r\n<p>\u2192 <span style=\"text-decoration: underline;\"><em><a href=\"https:\/\/gloriadeus.com\/home\/fevereiro-e-bom-demais-mes02\/\" >Seja bem vindo m\u00eas 2 Fevereiro<\/a><\/em><\/span><\/p>\r\n\r\n\r\n\r\n<p>\u2192 <span style=\"text-decoration: underline;\"><em><a href=\"https:\/\/gloriadeus.com\/home\/bem-vindo-marco-mes03\/\" >Seja bem vindo m\u00eas 3 Mar\u00e7o<\/a><\/em><\/span><\/p>\r\n\r\n\r\n\r\n<p>\u2192 <span style=\"text-decoration: underline;\"><em><a href=\"https:\/\/gloriadeus.com\/home\/abril-seja-muito-bem-vindo\/\" >Seja bem vindo m\u00eas 4 Abril<\/a><\/em><\/span><\/p>\r\n\r\n\r\n\r\n<p>\u2192 <span style=\"text-decoration: underline;\"><em><a href=\"https:\/\/gloriadeus.com\/home\/maio-seja-bem-vindo\/\" >Seja bem vindo m\u00eas 5 Maio<\/a><\/em><\/span><\/p>\r\n\r\n\r\n\r\n<p>\u2192 <span style=\"text-decoration: underline;\"><em><a href=\"https:\/\/gloriadeus.com\/home\/seja-muito-bem-vindo-junho-mes06\/\" >Seja bem vindo m\u00eas 6 Junho<\/a><\/em><\/span><\/p>\r\n\r\n\r\n\r\n<p>\u2192 <span style=\"text-decoration: underline;\"><em><a href=\"https:\/\/gloriadeus.com\/home\/oi-julho-boas-vindas-mes07\/\" >Seja bem vindo m\u00eas 7 Julho<\/a><\/em><\/span><\/p>\r\n\r\n\r\n\r\n<p>\u2192 <span style=\"text-decoration: underline;\"><em><a href=\"https:\/\/gloriadeus.com\/home\/agosto-seja-muito-bem-vindo-mes08\/\" >Seja bem vindo m\u00eas 8 Agosto<\/a><\/em><\/span><\/p>\r\n\r\n\r\n\r\n<p>\u2192 <span style=\"text-decoration: underline;\"><em><a href=\"https:\/\/gloriadeus.com\/home\/setembro-seu-lindo-boas-vindas-mes09\/\" >Seja bem vindo m\u00eas 9 Setembro<\/a><\/em><\/span><\/p>\r\n\r\n\r\n\r\n<p>\u2192 <span style=\"text-decoration: underline;\"><em><a href=\"https:\/\/gloriadeus.com\/home\/outubro-ja-era-hora-de-voce-brilhar-mes10\/\" >Seja bem vindo m\u00eas 10 Outubro<\/a><\/em><\/span><\/p>\r\n\r\n\r\n\r\n<p>\u2192 <span style=\"text-decoration: underline;\"><em><a href=\"https:\/\/gloriadeus.com\/home\/novembro-seja-bem-vindo\/\" >Seja bem vindo m\u00eas 11 Novembro<\/a><\/em><\/span><\/p>\r\n\r\n\r\n\r\n<p>\u2192 <span style=\"text-decoration: underline;\"><em><a href=\"https:\/\/gloriadeus.com\/home\/dezembro-um-mes-abencoado\/\" >Seja bem vindo m\u00eas 12 Dezembro<\/a><\/em><\/span><\/p>\r\n\r\n\r\n\r\n<p>Acompanhe nossas Redes Sociais e descubra mais sobre a f\u00e9:<\/p>\r\n\r\n\r\n\n<p>\u2192 <em><span style=\"text-decoration: underline;\"><a href=\"https:\/\/www.facebook.com\/felaemcima\">Facebook<\/a><\/span><\/em> <\/p>\n\r\n\r\n\r\n<p>\u2192 <em><a href=\"https:\/\/br.pinterest.com\/otimismoeprosperidade\/\"><span style=\"text-decoration: underline;\">Pinterest<\/span><\/a><\/em><\/p>\r\n\r\n\r\n\r\n<p>Caso voc\u00ea queira participar do nosso grupo do WhatsApp e acompanhar nossa jornada, toque no bot\u00e3o mostrado \u00e0 seguir:<\/p>\r\n\r\n\r\n\r\n<figure class=\"wp-block-image is-resized size-large\"><a href=\"https:\/\/chat.whatsapp.com\/DOzDkjrOPqUKNn7meDERce\" ><img loading=\"lazy\" decoding=\"async\" width=\"1024\" height=\"329\" class=\"wp-image-3551\" style=\"width: 181px; height: auto;\" src=\"https:\/\/gloriadeus.com\/wp-content\/uploads\/2035\/02\/230525DDPNG-35dfs-1024x329.png\" alt=\"Bot\u00e3o para acessar o convite de nosso Grupo de F\u00e9 no WhatsApp, participe.\" srcset=\"https:\/\/gloriadeus.com\/wp-content\/uploads\/2035\/02\/230525DDPNG-35dfs-1024x329.png 1024w, https:\/\/gloriadeus.com\/wp-content\/uploads\/2035\/02\/230525DDPNG-35dfs-300x96.png 300w, https:\/\/gloriadeus.com\/wp-content\/uploads\/2035\/02\/230525DDPNG-35dfs-768x247.png 768w, https:\/\/gloriadeus.com\/wp-content\/uploads\/2035\/02\/230525DDPNG-35dfs.png 1187w\" sizes=\"auto, (max-width: 1024px) 100vw, 1024px\" \/><\/a>\u00a0<\/figure>\r\n\r\n\r\n","protected":false},"excerpt":{"rendered":"<p>&nbsp; &nbsp; Acesse sauda\u00e7\u00f5es incr\u00edveis para desejar boas vindas aos meses do ano e fa\u00e7a com que realmente, cada m\u00eas &hellip; <\/p>\n","protected":false},"author":1,"featured_media":7747,"parent":0,"menu_order":0,"comment_status":"closed","ping_status":"closed","template":"","meta":{"_uf_show_specific_survey":0,"_uf_disable_surveys":false,"footnotes":""},"class_list":["post-7700","page","type-page","status-publish","has-post-thumbnail","hentry"],"yoast_head":"<!-- This site is optimized with the Yoast SEO plugin v27.5 - https:\/\/yoast.com\/product\/yoast-seo-wordpress\/ -->\n<title>Boas vindas aos meses do ano - Gl\u00f3ria Deus<\/title>\n<meta name=\"robots\" content=\"index, follow, max-snippet:-1, max-image-preview:large, max-video-preview:-1\" \/>\n<link rel=\"canonical\" href=\"https:\/\/gloriadeus.com\/home\/boas-vindas-aos-meses-do-ano\/\" \/>\n<meta property=\"og:locale\" content=\"pt_BR\" \/>\n<meta property=\"og:type\" content=\"article\" \/>\n<meta property=\"og:title\" content=\"Boas vindas aos meses do ano - Gl\u00f3ria Deus\" \/>\n<meta property=\"og:description\" content=\"&nbsp; &nbsp; Acesse sauda\u00e7\u00f5es incr\u00edveis para desejar boas vindas aos meses do ano e fa\u00e7a com que realmente, cada m\u00eas &hellip;\" \/>\n<meta property=\"og:url\" content=\"https:\/\/gloriadeus.com\/home\/boas-vindas-aos-meses-do-ano\/\" \/>\n<meta property=\"og:site_name\" content=\"Gl\u00f3ria Deus\" \/>\n<meta property=\"article:modified_time\" content=\"2026-04-30T22:29:02+00:00\" \/>\n<meta property=\"og:image\" content=\"https:\/\/gloriadeus.com\/wp-content\/uploads\/2025\/04\/210324DDIMG02.png\" \/>\n\t<meta property=\"og:image:width\" content=\"528\" \/>\n\t<meta property=\"og:image:height\" content=\"874\" \/>\n\t<meta property=\"og:image:type\" content=\"image\/png\" \/>\n<meta name=\"twitter:card\" content=\"summary_large_image\" \/>\n<meta name=\"twitter:label1\" content=\"Est. tempo de leitura\" \/>\n\t<meta name=\"twitter:data1\" content=\"2 minutos\" \/>\n<script type=\"application\/ld+json\" class=\"yoast-schema-graph\">{\"@context\":\"https:\\\/\\\/schema.org\",\"@graph\":[{\"@type\":\"WebPage\",\"@id\":\"https:\\\/\\\/gloriadeus.com\\\/home\\\/boas-vindas-aos-meses-do-ano\\\/\",\"url\":\"https:\\\/\\\/gloriadeus.com\\\/home\\\/boas-vindas-aos-meses-do-ano\\\/\",\"name\":\"Boas vindas aos meses do ano - Gl\u00f3ria Deus\",\"isPartOf\":{\"@id\":\"https:\\\/\\\/gloriadeus.com\\\/home\\\/#website\"},\"primaryImageOfPage\":{\"@id\":\"https:\\\/\\\/gloriadeus.com\\\/home\\\/boas-vindas-aos-meses-do-ano\\\/#primaryimage\"},\"image\":{\"@id\":\"https:\\\/\\\/gloriadeus.com\\\/home\\\/boas-vindas-aos-meses-do-ano\\\/#primaryimage\"},\"thumbnailUrl\":\"https:\\\/\\\/gloriadeus.com\\\/wp-content\\\/uploads\\\/2025\\\/04\\\/210324DDIMG02.png\",\"datePublished\":\"2026-01-22T19:46:03+00:00\",\"dateModified\":\"2026-04-30T22:29:02+00:00\",\"breadcrumb\":{\"@id\":\"https:\\\/\\\/gloriadeus.com\\\/home\\\/boas-vindas-aos-meses-do-ano\\\/#breadcrumb\"},\"inLanguage\":\"pt-BR\",\"potentialAction\":[{\"@type\":\"ReadAction\",\"target\":[\"https:\\\/\\\/gloriadeus.com\\\/home\\\/boas-vindas-aos-meses-do-ano\\\/\"]}]},{\"@type\":\"ImageObject\",\"inLanguage\":\"pt-BR\",\"@id\":\"https:\\\/\\\/gloriadeus.com\\\/home\\\/boas-vindas-aos-meses-do-ano\\\/#primaryimage\",\"url\":\"https:\\\/\\\/gloriadeus.com\\\/wp-content\\\/uploads\\\/2025\\\/04\\\/210324DDIMG02.png\",\"contentUrl\":\"https:\\\/\\\/gloriadeus.com\\\/wp-content\\\/uploads\\\/2025\\\/04\\\/210324DDIMG02.png\",\"width\":528,\"height\":874,\"caption\":\"Boas vindas aos meses do ano\"},{\"@type\":\"BreadcrumbList\",\"@id\":\"https:\\\/\\\/gloriadeus.com\\\/home\\\/boas-vindas-aos-meses-do-ano\\\/#breadcrumb\",\"itemListElement\":[{\"@type\":\"ListItem\",\"position\":1,\"name\":\"In\u00edcio\",\"item\":\"https:\\\/\\\/gloriadeus.com\\\/home\\\/\"},{\"@type\":\"ListItem\",\"position\":2,\"name\":\"Boas vindas aos meses do ano\"}]},{\"@type\":\"WebSite\",\"@id\":\"https:\\\/\\\/gloriadeus.com\\\/home\\\/#website\",\"url\":\"https:\\\/\\\/gloriadeus.com\\\/home\\\/\",\"name\":\"Gloria Deus\",\"description\":\"\u21a8 Deslize para descobrir mais \u21a8\",\"publisher\":{\"@id\":\"https:\\\/\\\/gloriadeus.com\\\/home\\\/#\\\/schema\\\/person\\\/ab2365ca8f87ea38e53ba3c2275e65c4\"},\"alternateName\":\"Muita f\u00e9\",\"potentialAction\":[{\"@type\":\"SearchAction\",\"target\":{\"@type\":\"EntryPoint\",\"urlTemplate\":\"https:\\\/\\\/gloriadeus.com\\\/home\\\/?s={search_term_string}\"},\"query-input\":{\"@type\":\"PropertyValueSpecification\",\"valueRequired\":true,\"valueName\":\"search_term_string\"}}],\"inLanguage\":\"pt-BR\"},{\"@type\":[\"Person\",\"Organization\"],\"@id\":\"https:\\\/\\\/gloriadeus.com\\\/home\\\/#\\\/schema\\\/person\\\/ab2365ca8f87ea38e53ba3c2275e65c4\",\"name\":\"gloriadeus.com\",\"image\":{\"@type\":\"ImageObject\",\"inLanguage\":\"pt-BR\",\"@id\":\"https:\\\/\\\/gloriadeus.com\\\/wp-content\\\/uploads\\\/2024\\\/03\\\/230525DDPNG-21.png\",\"url\":\"https:\\\/\\\/gloriadeus.com\\\/wp-content\\\/uploads\\\/2024\\\/03\\\/230525DDPNG-21.png\",\"contentUrl\":\"https:\\\/\\\/gloriadeus.com\\\/wp-content\\\/uploads\\\/2024\\\/03\\\/230525DDPNG-21.png\",\"width\":220,\"height\":230,\"caption\":\"gloriadeus.com\"},\"logo\":{\"@id\":\"https:\\\/\\\/gloriadeus.com\\\/wp-content\\\/uploads\\\/2024\\\/03\\\/230525DDPNG-21.png\"},\"sameAs\":[\"https:\\\/\\\/gloriadeus.com\"]}]}<\/script>\n<!-- \/ Yoast SEO plugin. -->","yoast_head_json":{"title":"Boas vindas aos meses do ano - Gl\u00f3ria Deus","robots":{"index":"index","follow":"follow","max-snippet":"max-snippet:-1","max-image-preview":"max-image-preview:large","max-video-preview":"max-video-preview:-1"},"canonical":"https:\/\/gloriadeus.com\/home\/boas-vindas-aos-meses-do-ano\/","og_locale":"pt_BR","og_type":"article","og_title":"Boas vindas aos meses do ano - Gl\u00f3ria Deus","og_description":"&nbsp; &nbsp; Acesse sauda\u00e7\u00f5es incr\u00edveis para desejar boas vindas aos meses do ano e fa\u00e7a com que realmente, cada m\u00eas &hellip;","og_url":"https:\/\/gloriadeus.com\/home\/boas-vindas-aos-meses-do-ano\/","og_site_name":"Gl\u00f3ria Deus","article_modified_time":"2026-04-30T22:29:02+00:00","og_image":[{"width":528,"height":874,"url":"https:\/\/gloriadeus.com\/wp-content\/uploads\/2025\/04\/210324DDIMG02.png","type":"image\/png"}],"twitter_card":"summary_large_image","twitter_misc":{"Est. tempo de leitura":"2 minutos"},"schema":{"@context":"https:\/\/schema.org","@graph":[{"@type":"WebPage","@id":"https:\/\/gloriadeus.com\/home\/boas-vindas-aos-meses-do-ano\/","url":"https:\/\/gloriadeus.com\/home\/boas-vindas-aos-meses-do-ano\/","name":"Boas vindas aos meses do ano - Gl\u00f3ria Deus","isPartOf":{"@id":"https:\/\/gloriadeus.com\/home\/#website"},"primaryImageOfPage":{"@id":"https:\/\/gloriadeus.com\/home\/boas-vindas-aos-meses-do-ano\/#primaryimage"},"image":{"@id":"https:\/\/gloriadeus.com\/home\/boas-vindas-aos-meses-do-ano\/#primaryimage"},"thumbnailUrl":"https:\/\/gloriadeus.com\/wp-content\/uploads\/2025\/04\/210324DDIMG02.png","datePublished":"2026-01-22T19:46:03+00:00","dateModified":"2026-04-30T22:29:02+00:00","breadcrumb":{"@id":"https:\/\/gloriadeus.com\/home\/boas-vindas-aos-meses-do-ano\/#breadcrumb"},"inLanguage":"pt-BR","potentialAction":[{"@type":"ReadAction","target":["https:\/\/gloriadeus.com\/home\/boas-vindas-aos-meses-do-ano\/"]}]},{"@type":"ImageObject","inLanguage":"pt-BR","@id":"https:\/\/gloriadeus.com\/home\/boas-vindas-aos-meses-do-ano\/#primaryimage","url":"https:\/\/gloriadeus.com\/wp-content\/uploads\/2025\/04\/210324DDIMG02.png","contentUrl":"https:\/\/gloriadeus.com\/wp-content\/uploads\/2025\/04\/210324DDIMG02.png","width":528,"height":874,"caption":"Boas vindas aos meses do ano"},{"@type":"BreadcrumbList","@id":"https:\/\/gloriadeus.com\/home\/boas-vindas-aos-meses-do-ano\/#breadcrumb","itemListElement":[{"@type":"ListItem","position":1,"name":"In\u00edcio","item":"https:\/\/gloriadeus.com\/home\/"},{"@type":"ListItem","position":2,"name":"Boas vindas aos meses do ano"}]},{"@type":"WebSite","@id":"https:\/\/gloriadeus.com\/home\/#website","url":"https:\/\/gloriadeus.com\/home\/","name":"Gloria Deus","description":"\u21a8 Deslize para descobrir mais \u21a8","publisher":{"@id":"https:\/\/gloriadeus.com\/home\/#\/schema\/person\/ab2365ca8f87ea38e53ba3c2275e65c4"},"alternateName":"Muita f\u00e9","potentialAction":[{"@type":"SearchAction","target":{"@type":"EntryPoint","urlTemplate":"https:\/\/gloriadeus.com\/home\/?s={search_term_string}"},"query-input":{"@type":"PropertyValueSpecification","valueRequired":true,"valueName":"search_term_string"}}],"inLanguage":"pt-BR"},{"@type":["Person","Organization"],"@id":"https:\/\/gloriadeus.com\/home\/#\/schema\/person\/ab2365ca8f87ea38e53ba3c2275e65c4","name":"gloriadeus.com","image":{"@type":"ImageObject","inLanguage":"pt-BR","@id":"https:\/\/gloriadeus.com\/wp-content\/uploads\/2024\/03\/230525DDPNG-21.png","url":"https:\/\/gloriadeus.com\/wp-content\/uploads\/2024\/03\/230525DDPNG-21.png","contentUrl":"https:\/\/gloriadeus.com\/wp-content\/uploads\/2024\/03\/230525DDPNG-21.png","width":220,"height":230,"caption":"gloriadeus.com"},"logo":{"@id":"https:\/\/gloriadeus.com\/wp-content\/uploads\/2024\/03\/230525DDPNG-21.png"},"sameAs":["https:\/\/gloriadeus.com"]}]}},"_links":{"self":[{"href":"https:\/\/gloriadeus.com\/home\/wp-json\/wp\/v2\/pages\/7700","targetHints":{"allow":["GET"]}}],"collection":[{"href":"https:\/\/gloriadeus.com\/home\/wp-json\/wp\/v2\/pages"}],"about":[{"href":"https:\/\/gloriadeus.com\/home\/wp-json\/wp\/v2\/types\/page"}],"author":[{"embeddable":true,"href":"https:\/\/gloriadeus.com\/home\/wp-json\/wp\/v2\/users\/1"}],"replies":[{"embeddable":true,"href":"https:\/\/gloriadeus.com\/home\/wp-json\/wp\/v2\/comments?post=7700"}],"version-history":[{"count":7,"href":"https:\/\/gloriadeus.com\/home\/wp-json\/wp\/v2\/pages\/7700\/revisions"}],"predecessor-version":[{"id":11687,"href":"https:\/\/gloriadeus.com\/home\/wp-json\/wp\/v2\/pages\/7700\/revisions\/11687"}],"wp:featuredmedia":[{"embeddable":true,"href":"https:\/\/gloriadeus.com\/home\/wp-json\/wp\/v2\/media\/7747"}],"wp:attachment":[{"href":"https:\/\/gloriadeus.com\/home\/wp-json\/wp\/v2\/media?parent=7700"}],"curies":[{"name":"wp","href":"https:\/\/api.w.org\/{rel}","templated":true}]}}