{"id":6200,"date":"2026-01-02T18:00:23","date_gmt":"2026-01-02T21:00:23","guid":{"rendered":"https:\/\/gloriadeus.com\/?page_id=6200"},"modified":"2026-01-31T14:48:19","modified_gmt":"2026-01-31T17:48:19","slug":"feliz-aniversario-tudodebom","status":"publish","type":"page","link":"https:\/\/gloriadeus.com\/home\/feliz-aniversario-tudodebom\/","title":{"rendered":"Feliz Anivers\u00e1rio #tudodebom"},"content":{"rendered":"<!-- subtitulo, palavra, paragrafo ok --> \r\n\r\n\r\n<figure data-wp-context=\"{&quot;imageId&quot;:&quot;69fa366590bf3&quot;}\" data-wp-interactive=\"core\/image\" data-wp-key=\"69fa366590bf3\" class=\"wp-block-image size-large is-resized wp-lightbox-container\"><img loading=\"lazy\" decoding=\"async\" width=\"564\" height=\"1002\" data-wp-class--hide=\"state.isContentHidden\" data-wp-class--show=\"state.isContentVisible\" data-wp-init=\"callbacks.setButtonStyles\" data-wp-on--click=\"actions.showLightbox\" data-wp-on--load=\"callbacks.setButtonStyles\" data-wp-on-window--resize=\"callbacks.setButtonStyles\" class=\"wp-image-6207\" style=\"width: 298px; height: auto;\" src=\"https:\/\/gloriadeus.com\/wp-content\/uploads\/2025\/04\/210404PBIMG-3.jpg\" alt=\"Feliz Anivers\u00e1rio #tudodebom\" srcset=\"https:\/\/gloriadeus.com\/wp-content\/uploads\/2025\/04\/210404PBIMG-3.jpg 564w, https:\/\/gloriadeus.com\/wp-content\/uploads\/2025\/04\/210404PBIMG-3-169x300.jpg 169w\" sizes=\"auto, (max-width: 564px) 100vw, 564px\" \/><button\n\t\t\tclass=\"lightbox-trigger\"\n\t\t\ttype=\"button\"\n\t\t\taria-haspopup=\"dialog\"\n\t\t\taria-label=\"Ampliar\"\n\t\t\tdata-wp-init=\"callbacks.initTriggerButton\"\n\t\t\tdata-wp-on--click=\"actions.showLightbox\"\n\t\t\tdata-wp-style--right=\"state.imageButtonRight\"\n\t\t\tdata-wp-style--top=\"state.imageButtonTop\"\n\t\t>\n\t\t\t<svg xmlns=\"http:\/\/www.w3.org\/2000\/svg\" width=\"12\" height=\"12\" fill=\"none\" viewBox=\"0 0 12 12\">\n\t\t\t\t<path fill=\"#fff\" d=\"M2 0a2 2 0 0 0-2 2v2h1.5V2a.5.5 0 0 1 .5-.5h2V0H2Zm2 10.5H2a.5.5 0 0 1-.5-.5V8H0v2a2 2 0 0 0 2 2h2v-1.5ZM8 12v-1.5h2a.5.5 0 0 0 .5-.5V8H12v2a2 2 0 0 1-2 2H8Zm2-12a2 2 0 0 1 2 2v2h-1.5V2a.5.5 0 0 0-.5-.5H8V0h2Z\" \/>\n\t\t\t<\/svg>\n\t\t<\/button><\/figure>\r\n\r\n\r\n\r\n<p>Hoje \u00e9 um dia muito especial, n\u00e3o apenas por ser o seu anivers\u00e1rio, mas porque celebramos a sua exist\u00eancia, a luz que voc\u00ea irradia e a alegria que voc\u00ea traz para todos ao seu redor, neste dia, neste momento, as palavras v\u00eam como uma can\u00e7\u00e3o suave, reverberando nos cora\u00e7\u00f5es daqueles que t\u00eam o privil\u00e9gio de conhec\u00ea-lo.\u00a0<\/p>\r\n<h2>Palavra especial de feliz anivers\u00e1rio para compartilhar agora\u00a0<\/h2>\r\n<p>\u00c9 com um sorriso sincero que desejo que cada instante deste novo ciclo que se inicia seja repleto de descobertas, felicidade e amor, que os desafios que a vida lhe prop\u00f5e sirvam apenas como oportunidades de crescimento e aprendizado, pois \u00e9 nas adversidades que frequentemente encontramos a for\u00e7a e a resili\u00eancia que nem sab\u00edamos que possu\u00edamos.\u00a0<\/p>\r\n<p>Ao longo do caminho, que voc\u00ea tenha sempre ao seu lado pessoas que te apoiem, te inspirem e que celebrem cada pequena conquista, pois a vida \u00e9 feita de momentos, e cada um deles merece ser celebrado como uma vit\u00f3ria, que voc\u00ea se lembre de que n\u00e3o importa quantas velas voc\u00ea apague hoje.\u00a0<\/p>\r\n\r\n\r\n\r\n<figure data-wp-context=\"{&quot;imageId&quot;:&quot;69fa366590f96&quot;}\" data-wp-interactive=\"core\/image\" data-wp-key=\"69fa366590f96\" class=\"wp-block-image size-large is-resized wp-lightbox-container\"><img loading=\"lazy\" decoding=\"async\" width=\"511\" height=\"511\" data-wp-class--hide=\"state.isContentHidden\" data-wp-class--show=\"state.isContentVisible\" data-wp-init=\"callbacks.setButtonStyles\" data-wp-on--click=\"actions.showLightbox\" data-wp-on--load=\"callbacks.setButtonStyles\" data-wp-on-window--resize=\"callbacks.setButtonStyles\" class=\"wp-image-6203\" style=\"width: 240px; height: auto;\" src=\"https:\/\/gloriadeus.com\/wp-content\/uploads\/2025\/04\/210404PBIMG-5.jpg\" alt=\"Feliz Anivers\u00e1rio #tudodebom\" srcset=\"https:\/\/gloriadeus.com\/wp-content\/uploads\/2025\/04\/210404PBIMG-5.jpg 511w, https:\/\/gloriadeus.com\/wp-content\/uploads\/2025\/04\/210404PBIMG-5-300x300.jpg 300w, https:\/\/gloriadeus.com\/wp-content\/uploads\/2025\/04\/210404PBIMG-5-150x150.jpg 150w\" sizes=\"auto, (max-width: 511px) 100vw, 511px\" \/><button\n\t\t\tclass=\"lightbox-trigger\"\n\t\t\ttype=\"button\"\n\t\t\taria-haspopup=\"dialog\"\n\t\t\taria-label=\"Ampliar\"\n\t\t\tdata-wp-init=\"callbacks.initTriggerButton\"\n\t\t\tdata-wp-on--click=\"actions.showLightbox\"\n\t\t\tdata-wp-style--right=\"state.imageButtonRight\"\n\t\t\tdata-wp-style--top=\"state.imageButtonTop\"\n\t\t>\n\t\t\t<svg xmlns=\"http:\/\/www.w3.org\/2000\/svg\" width=\"12\" height=\"12\" fill=\"none\" viewBox=\"0 0 12 12\">\n\t\t\t\t<path fill=\"#fff\" d=\"M2 0a2 2 0 0 0-2 2v2h1.5V2a.5.5 0 0 1 .5-.5h2V0H2Zm2 10.5H2a.5.5 0 0 1-.5-.5V8H0v2a2 2 0 0 0 2 2h2v-1.5ZM8 12v-1.5h2a.5.5 0 0 0 .5-.5V8H12v2a2 2 0 0 1-2 2H8Zm2-12a2 2 0 0 1 2 2v2h-1.5V2a.5.5 0 0 0-.5-.5H8V0h2Z\" \/>\n\t\t\t<\/svg>\n\t\t<\/button>\u00a0<\/figure>\r\n<p>O que realmente importa \u00e9 a luz que brilha dentro de voc\u00ea e a capacidade de sonhar, criar e transformar a realidade ao seu redor, tornando o mundo um lugar melhor, seja com um gesto gentil, uma palavra de carinho ou mesmo um sorriso que ilumina o dia de algu\u00e9m.\u00a0<\/p>\r\n<h2>Melhor desejo de anivers\u00e1rio para celebrar com alegria\u00a0<\/h2>\r\n<p>Uma pr\u00e1tica que tamb\u00e9m reverbera positivamente aos que est\u00e3o \u00e0 sua volta, pois reconhecer a beleza presente nas pequenas coisas \u00e9 um presente valioso que voc\u00ea pode dar a si mesmo e aos outros, <strong>que a sua criatividade flores\u00e7a<\/strong>, lhe levando a novos horizontes, e que voc\u00ea nunca se esque\u00e7a do poder de criar n\u00e3o apenas com suas m\u00e3os, mas tamb\u00e9m com seu cora\u00e7\u00e3o e sua mente, cultivando sonhos.\u00a0<\/p>\r\n<p>Sonhos que, quando compartilhados, se tornam reais e palp\u00e1veis, permita-se sonhar alto, ir al\u00e9m e nunca se limitar aos padr\u00f5es estabelecidos, pois a vida \u00e9 uma tela em branco, e voc\u00ea \u00e9 o artista, ent\u00e3o pinte-a com as cores que mais refletirem sua ess\u00eancia, seus desejos e suas vontades, fazendo com que cada dia seja uma nova oportunidade de se expressar, de se reinventar e, acima de tudo, de ser feliz.\u00a0<\/p>\r\n\r\n\r\n\r\n<figure data-wp-context=\"{&quot;imageId&quot;:&quot;69fa366591282&quot;}\" data-wp-interactive=\"core\/image\" data-wp-key=\"69fa366591282\" class=\"wp-block-image size-large is-resized wp-lightbox-container\"><img loading=\"lazy\" decoding=\"async\" width=\"453\" height=\"640\" data-wp-class--hide=\"state.isContentHidden\" data-wp-class--show=\"state.isContentVisible\" data-wp-init=\"callbacks.setButtonStyles\" data-wp-on--click=\"actions.showLightbox\" data-wp-on--load=\"callbacks.setButtonStyles\" data-wp-on-window--resize=\"callbacks.setButtonStyles\" class=\"wp-image-6201\" style=\"width: 266px; height: auto;\" src=\"https:\/\/gloriadeus.com\/wp-content\/uploads\/2025\/04\/210404PBIMG-4.jpg\" alt=\"Feliz Anivers\u00e1rio #tudodebom\" srcset=\"https:\/\/gloriadeus.com\/wp-content\/uploads\/2025\/04\/210404PBIMG-4.jpg 453w, https:\/\/gloriadeus.com\/wp-content\/uploads\/2025\/04\/210404PBIMG-4-212x300.jpg 212w\" sizes=\"auto, (max-width: 453px) 100vw, 453px\" \/><button\n\t\t\tclass=\"lightbox-trigger\"\n\t\t\ttype=\"button\"\n\t\t\taria-haspopup=\"dialog\"\n\t\t\taria-label=\"Ampliar\"\n\t\t\tdata-wp-init=\"callbacks.initTriggerButton\"\n\t\t\tdata-wp-on--click=\"actions.showLightbox\"\n\t\t\tdata-wp-style--right=\"state.imageButtonRight\"\n\t\t\tdata-wp-style--top=\"state.imageButtonTop\"\n\t\t>\n\t\t\t<svg xmlns=\"http:\/\/www.w3.org\/2000\/svg\" width=\"12\" height=\"12\" fill=\"none\" viewBox=\"0 0 12 12\">\n\t\t\t\t<path fill=\"#fff\" d=\"M2 0a2 2 0 0 0-2 2v2h1.5V2a.5.5 0 0 1 .5-.5h2V0H2Zm2 10.5H2a.5.5 0 0 1-.5-.5V8H0v2a2 2 0 0 0 2 2h2v-1.5ZM8 12v-1.5h2a.5.5 0 0 0 .5-.5V8H12v2a2 2 0 0 1-2 2H8Zm2-12a2 2 0 0 1 2 2v2h-1.5V2a.5.5 0 0 0-.5-.5H8V0h2Z\" \/>\n\t\t\t<\/svg>\n\t\t<\/button>\u00a0<\/figure>\r\n\r\n\r\n\r\n<p>E que este novo ano lhe traga a coragem para ousar ainda mais, para se permitir experimentar aquilo que muitas vezes fica guardado em seu cora\u00e7\u00e3o como um desejo silente, e que voc\u00ea tenha a clareza de que cada sonho, por mais distante que pare\u00e7a, \u00e9 absolutamente vi\u00e1vel se voc\u00ea tiver determina\u00e7\u00e3o e f\u00e9 em si mesmo.\u00a0<\/p>\r\n<h2>Rica palavra de feliz anivers\u00e1rio para surpreender quem ama\u00a0<\/h2>\r\n<p>Que voc\u00ea nunca se esque\u00e7a de que o amor \u00e9 a for\u00e7a mais poderosa que existe, capaz de mover montanhas e transformar vidas, e que voc\u00ea esteja sempre cercado por ele, seja atrav\u00e9s da fam\u00edlia, dos amigos ou at\u00e9 mesmo das novas conex\u00f5es que surgir\u00e3o ao longo do caminho, aproveite para mergulhar nas experi\u00eancias que surgirem.<\/p>\r\n<p>Permita-se viver intensamente cada emo\u00e7\u00e3o, sem medo de se expor, de se abrir, de se entregar \u00e0s del\u00edcias da vida, que s\u00e3o muitas e variadas, desde os pequenos prazeres encontrados nas manh\u00e3s tranquilas at\u00e9 as grandes alegrias das conquistas que voc\u00ea tanto almeja, e que voc\u00ea saiba tamb\u00e9m que a gratid\u00e3o deve ser parte constante da sua jornada, uma pr\u00e1tica di\u00e1ria que n\u00e3o apenas enriquece a sua experi\u00eancia.\u00a0<\/p>\r\n\r\n\r\n\r\n<figure data-wp-context=\"{&quot;imageId&quot;:&quot;69fa366591571&quot;}\" data-wp-interactive=\"core\/image\" data-wp-key=\"69fa366591571\" class=\"wp-block-image size-large is-resized wp-lightbox-container\"><img loading=\"lazy\" decoding=\"async\" width=\"564\" height=\"1002\" data-wp-class--hide=\"state.isContentHidden\" data-wp-class--show=\"state.isContentVisible\" data-wp-init=\"callbacks.setButtonStyles\" data-wp-on--click=\"actions.showLightbox\" data-wp-on--load=\"callbacks.setButtonStyles\" data-wp-on-window--resize=\"callbacks.setButtonStyles\" class=\"wp-image-6206\" style=\"width: 332px; height: auto;\" src=\"https:\/\/gloriadeus.com\/wp-content\/uploads\/2025\/04\/210404PBIMG-6.jpg\" alt=\"Feliz Anivers\u00e1rio #tudodebom\" srcset=\"https:\/\/gloriadeus.com\/wp-content\/uploads\/2025\/04\/210404PBIMG-6.jpg 564w, https:\/\/gloriadeus.com\/wp-content\/uploads\/2025\/04\/210404PBIMG-6-169x300.jpg 169w\" sizes=\"auto, (max-width: 564px) 100vw, 564px\" \/><button\n\t\t\tclass=\"lightbox-trigger\"\n\t\t\ttype=\"button\"\n\t\t\taria-haspopup=\"dialog\"\n\t\t\taria-label=\"Ampliar\"\n\t\t\tdata-wp-init=\"callbacks.initTriggerButton\"\n\t\t\tdata-wp-on--click=\"actions.showLightbox\"\n\t\t\tdata-wp-style--right=\"state.imageButtonRight\"\n\t\t\tdata-wp-style--top=\"state.imageButtonTop\"\n\t\t>\n\t\t\t<svg xmlns=\"http:\/\/www.w3.org\/2000\/svg\" width=\"12\" height=\"12\" fill=\"none\" viewBox=\"0 0 12 12\">\n\t\t\t\t<path fill=\"#fff\" d=\"M2 0a2 2 0 0 0-2 2v2h1.5V2a.5.5 0 0 1 .5-.5h2V0H2Zm2 10.5H2a.5.5 0 0 1-.5-.5V8H0v2a2 2 0 0 0 2 2h2v-1.5ZM8 12v-1.5h2a.5.5 0 0 0 .5-.5V8H12v2a2 2 0 0 1-2 2H8Zm2-12a2 2 0 0 1 2 2v2h-1.5V2a.5.5 0 0 0-.5-.5H8V0h2Z\" \/>\n\t\t\t<\/svg>\n\t\t<\/button>\u00a0<\/figure>\r\n<p>Atraindo assim tudo aquilo que voc\u00ea deseja e merece, e que neste novo ciclo voc\u00ea tenha a sabedoria de reconhecer o que realmente \u00e9 importante e de viver intensamente, sempre com a mente e o cora\u00e7\u00e3o abertos, prontos para acolher novas oportunidades, amizades e amores, permitindo-se ser parte ativa neste grande mosaico que \u00e9 a vida, feliz anivers\u00e1rio!\u00a0<\/p>\r\n<h3>Aben\u00e7oada palavra de anivers\u00e1rio divertidas e cheias de amor\u00a0<\/h3>\r\n<p>Que este dia seja exatamente do jeito que voc\u00ea sonhou, e que sua jornada seja sempre iluminada pelo sorriso dos que te amam, pelas pequenas alegrias do dia a dia e pela certeza de que cada novo amanhecer \u00e9 uma chance para se recome\u00e7ar e se renovar, um convite para vivenciar cada momento com intensidade e gratid\u00e3o.<\/p>\r\n<p>Que voc\u00ea siga sempre em frente, com coragem e esperan\u00e7a, pois o melhor ainda est\u00e1 por vir, e eu estarei aqui, torcendo pelo seu sucesso, pela sua felicidade e pelo seu eterno crescimento.\u00a0<\/p>\r\n\r\n\r\n\r\n\r\n","protected":false},"excerpt":{"rendered":"<p>Hoje \u00e9 um dia muito especial, n\u00e3o apenas por ser o seu anivers\u00e1rio, mas porque celebramos a sua exist\u00eancia, a &hellip; <\/p>\n","protected":false},"author":1,"featured_media":6203,"parent":0,"menu_order":0,"comment_status":"closed","ping_status":"closed","template":"","meta":{"_uf_show_specific_survey":0,"_uf_disable_surveys":false,"footnotes":""},"class_list":["post-6200","page","type-page","status-publish","has-post-thumbnail","hentry"],"yoast_head":"<!-- This site is optimized with the Yoast SEO plugin v27.5 - https:\/\/yoast.com\/product\/yoast-seo-wordpress\/ -->\n<title>Feliz Anivers\u00e1rio #tudodebom - Gl\u00f3ria Deus<\/title>\n<meta name=\"robots\" content=\"index, follow, max-snippet:-1, max-image-preview:large, max-video-preview:-1\" \/>\n<link rel=\"canonical\" href=\"https:\/\/gloriadeus.com\/home\/feliz-aniversario-tudodebom\/\" \/>\n<meta property=\"og:locale\" content=\"pt_BR\" \/>\n<meta property=\"og:type\" content=\"article\" \/>\n<meta property=\"og:title\" content=\"Feliz Anivers\u00e1rio #tudodebom - Gl\u00f3ria Deus\" \/>\n<meta property=\"og:description\" content=\"Hoje \u00e9 um dia muito especial, n\u00e3o apenas por ser o seu anivers\u00e1rio, mas porque celebramos a sua exist\u00eancia, a &hellip;\" \/>\n<meta property=\"og:url\" content=\"https:\/\/gloriadeus.com\/home\/feliz-aniversario-tudodebom\/\" \/>\n<meta property=\"og:site_name\" content=\"Gl\u00f3ria Deus\" \/>\n<meta property=\"article:modified_time\" content=\"2026-01-31T17:48:19+00:00\" \/>\n<meta property=\"og:image\" content=\"https:\/\/gloriadeus.com\/wp-content\/uploads\/2025\/04\/210404PBIMG-5.jpg\" \/>\n\t<meta property=\"og:image:width\" content=\"511\" \/>\n\t<meta property=\"og:image:height\" content=\"511\" \/>\n\t<meta property=\"og:image:type\" content=\"image\/jpeg\" \/>\n<meta name=\"twitter:card\" content=\"summary_large_image\" \/>\n<meta name=\"twitter:label1\" content=\"Est. tempo de leitura\" \/>\n\t<meta name=\"twitter:data1\" content=\"5 minutos\" \/>\n<script type=\"application\/ld+json\" class=\"yoast-schema-graph\">{\"@context\":\"https:\\\/\\\/schema.org\",\"@graph\":[{\"@type\":\"WebPage\",\"@id\":\"https:\\\/\\\/gloriadeus.com\\\/home\\\/feliz-aniversario-tudodebom\\\/\",\"url\":\"https:\\\/\\\/gloriadeus.com\\\/home\\\/feliz-aniversario-tudodebom\\\/\",\"name\":\"Feliz Anivers\u00e1rio #tudodebom - Gl\u00f3ria Deus\",\"isPartOf\":{\"@id\":\"https:\\\/\\\/gloriadeus.com\\\/home\\\/#website\"},\"primaryImageOfPage\":{\"@id\":\"https:\\\/\\\/gloriadeus.com\\\/home\\\/feliz-aniversario-tudodebom\\\/#primaryimage\"},\"image\":{\"@id\":\"https:\\\/\\\/gloriadeus.com\\\/home\\\/feliz-aniversario-tudodebom\\\/#primaryimage\"},\"thumbnailUrl\":\"https:\\\/\\\/gloriadeus.com\\\/wp-content\\\/uploads\\\/2025\\\/04\\\/210404PBIMG-5.jpg\",\"datePublished\":\"2026-01-02T21:00:23+00:00\",\"dateModified\":\"2026-01-31T17:48:19+00:00\",\"breadcrumb\":{\"@id\":\"https:\\\/\\\/gloriadeus.com\\\/home\\\/feliz-aniversario-tudodebom\\\/#breadcrumb\"},\"inLanguage\":\"pt-BR\",\"potentialAction\":[{\"@type\":\"ReadAction\",\"target\":[\"https:\\\/\\\/gloriadeus.com\\\/home\\\/feliz-aniversario-tudodebom\\\/\"]}]},{\"@type\":\"ImageObject\",\"inLanguage\":\"pt-BR\",\"@id\":\"https:\\\/\\\/gloriadeus.com\\\/home\\\/feliz-aniversario-tudodebom\\\/#primaryimage\",\"url\":\"https:\\\/\\\/gloriadeus.com\\\/wp-content\\\/uploads\\\/2025\\\/04\\\/210404PBIMG-5.jpg\",\"contentUrl\":\"https:\\\/\\\/gloriadeus.com\\\/wp-content\\\/uploads\\\/2025\\\/04\\\/210404PBIMG-5.jpg\",\"width\":511,\"height\":511,\"caption\":\"Feliz Anivers\u00e1rio #tudodebom\"},{\"@type\":\"BreadcrumbList\",\"@id\":\"https:\\\/\\\/gloriadeus.com\\\/home\\\/feliz-aniversario-tudodebom\\\/#breadcrumb\",\"itemListElement\":[{\"@type\":\"ListItem\",\"position\":1,\"name\":\"In\u00edcio\",\"item\":\"https:\\\/\\\/gloriadeus.com\\\/home\\\/\"},{\"@type\":\"ListItem\",\"position\":2,\"name\":\"Feliz Anivers\u00e1rio #tudodebom\"}]},{\"@type\":\"WebSite\",\"@id\":\"https:\\\/\\\/gloriadeus.com\\\/home\\\/#website\",\"url\":\"https:\\\/\\\/gloriadeus.com\\\/home\\\/\",\"name\":\"Gloria Deus\",\"description\":\"\u21a8 Deslize para descobrir mais \u21a8\",\"publisher\":{\"@id\":\"https:\\\/\\\/gloriadeus.com\\\/home\\\/#\\\/schema\\\/person\\\/ab2365ca8f87ea38e53ba3c2275e65c4\"},\"alternateName\":\"Muita f\u00e9\",\"potentialAction\":[{\"@type\":\"SearchAction\",\"target\":{\"@type\":\"EntryPoint\",\"urlTemplate\":\"https:\\\/\\\/gloriadeus.com\\\/home\\\/?s={search_term_string}\"},\"query-input\":{\"@type\":\"PropertyValueSpecification\",\"valueRequired\":true,\"valueName\":\"search_term_string\"}}],\"inLanguage\":\"pt-BR\"},{\"@type\":[\"Person\",\"Organization\"],\"@id\":\"https:\\\/\\\/gloriadeus.com\\\/home\\\/#\\\/schema\\\/person\\\/ab2365ca8f87ea38e53ba3c2275e65c4\",\"name\":\"gloriadeus.com\",\"image\":{\"@type\":\"ImageObject\",\"inLanguage\":\"pt-BR\",\"@id\":\"https:\\\/\\\/gloriadeus.com\\\/wp-content\\\/uploads\\\/2024\\\/03\\\/230525DDPNG-21.png\",\"url\":\"https:\\\/\\\/gloriadeus.com\\\/wp-content\\\/uploads\\\/2024\\\/03\\\/230525DDPNG-21.png\",\"contentUrl\":\"https:\\\/\\\/gloriadeus.com\\\/wp-content\\\/uploads\\\/2024\\\/03\\\/230525DDPNG-21.png\",\"width\":220,\"height\":230,\"caption\":\"gloriadeus.com\"},\"logo\":{\"@id\":\"https:\\\/\\\/gloriadeus.com\\\/wp-content\\\/uploads\\\/2024\\\/03\\\/230525DDPNG-21.png\"},\"sameAs\":[\"https:\\\/\\\/gloriadeus.com\"]}]}<\/script>\n<!-- \/ Yoast SEO plugin. -->","yoast_head_json":{"title":"Feliz Anivers\u00e1rio #tudodebom - Gl\u00f3ria Deus","robots":{"index":"index","follow":"follow","max-snippet":"max-snippet:-1","max-image-preview":"max-image-preview:large","max-video-preview":"max-video-preview:-1"},"canonical":"https:\/\/gloriadeus.com\/home\/feliz-aniversario-tudodebom\/","og_locale":"pt_BR","og_type":"article","og_title":"Feliz Anivers\u00e1rio #tudodebom - Gl\u00f3ria Deus","og_description":"Hoje \u00e9 um dia muito especial, n\u00e3o apenas por ser o seu anivers\u00e1rio, mas porque celebramos a sua exist\u00eancia, a &hellip;","og_url":"https:\/\/gloriadeus.com\/home\/feliz-aniversario-tudodebom\/","og_site_name":"Gl\u00f3ria Deus","article_modified_time":"2026-01-31T17:48:19+00:00","og_image":[{"width":511,"height":511,"url":"https:\/\/gloriadeus.com\/wp-content\/uploads\/2025\/04\/210404PBIMG-5.jpg","type":"image\/jpeg"}],"twitter_card":"summary_large_image","twitter_misc":{"Est. tempo de leitura":"5 minutos"},"schema":{"@context":"https:\/\/schema.org","@graph":[{"@type":"WebPage","@id":"https:\/\/gloriadeus.com\/home\/feliz-aniversario-tudodebom\/","url":"https:\/\/gloriadeus.com\/home\/feliz-aniversario-tudodebom\/","name":"Feliz Anivers\u00e1rio #tudodebom - Gl\u00f3ria Deus","isPartOf":{"@id":"https:\/\/gloriadeus.com\/home\/#website"},"primaryImageOfPage":{"@id":"https:\/\/gloriadeus.com\/home\/feliz-aniversario-tudodebom\/#primaryimage"},"image":{"@id":"https:\/\/gloriadeus.com\/home\/feliz-aniversario-tudodebom\/#primaryimage"},"thumbnailUrl":"https:\/\/gloriadeus.com\/wp-content\/uploads\/2025\/04\/210404PBIMG-5.jpg","datePublished":"2026-01-02T21:00:23+00:00","dateModified":"2026-01-31T17:48:19+00:00","breadcrumb":{"@id":"https:\/\/gloriadeus.com\/home\/feliz-aniversario-tudodebom\/#breadcrumb"},"inLanguage":"pt-BR","potentialAction":[{"@type":"ReadAction","target":["https:\/\/gloriadeus.com\/home\/feliz-aniversario-tudodebom\/"]}]},{"@type":"ImageObject","inLanguage":"pt-BR","@id":"https:\/\/gloriadeus.com\/home\/feliz-aniversario-tudodebom\/#primaryimage","url":"https:\/\/gloriadeus.com\/wp-content\/uploads\/2025\/04\/210404PBIMG-5.jpg","contentUrl":"https:\/\/gloriadeus.com\/wp-content\/uploads\/2025\/04\/210404PBIMG-5.jpg","width":511,"height":511,"caption":"Feliz Anivers\u00e1rio #tudodebom"},{"@type":"BreadcrumbList","@id":"https:\/\/gloriadeus.com\/home\/feliz-aniversario-tudodebom\/#breadcrumb","itemListElement":[{"@type":"ListItem","position":1,"name":"In\u00edcio","item":"https:\/\/gloriadeus.com\/home\/"},{"@type":"ListItem","position":2,"name":"Feliz Anivers\u00e1rio #tudodebom"}]},{"@type":"WebSite","@id":"https:\/\/gloriadeus.com\/home\/#website","url":"https:\/\/gloriadeus.com\/home\/","name":"Gloria Deus","description":"\u21a8 Deslize para descobrir mais \u21a8","publisher":{"@id":"https:\/\/gloriadeus.com\/home\/#\/schema\/person\/ab2365ca8f87ea38e53ba3c2275e65c4"},"alternateName":"Muita f\u00e9","potentialAction":[{"@type":"SearchAction","target":{"@type":"EntryPoint","urlTemplate":"https:\/\/gloriadeus.com\/home\/?s={search_term_string}"},"query-input":{"@type":"PropertyValueSpecification","valueRequired":true,"valueName":"search_term_string"}}],"inLanguage":"pt-BR"},{"@type":["Person","Organization"],"@id":"https:\/\/gloriadeus.com\/home\/#\/schema\/person\/ab2365ca8f87ea38e53ba3c2275e65c4","name":"gloriadeus.com","image":{"@type":"ImageObject","inLanguage":"pt-BR","@id":"https:\/\/gloriadeus.com\/wp-content\/uploads\/2024\/03\/230525DDPNG-21.png","url":"https:\/\/gloriadeus.com\/wp-content\/uploads\/2024\/03\/230525DDPNG-21.png","contentUrl":"https:\/\/gloriadeus.com\/wp-content\/uploads\/2024\/03\/230525DDPNG-21.png","width":220,"height":230,"caption":"gloriadeus.com"},"logo":{"@id":"https:\/\/gloriadeus.com\/wp-content\/uploads\/2024\/03\/230525DDPNG-21.png"},"sameAs":["https:\/\/gloriadeus.com"]}]}},"_links":{"self":[{"href":"https:\/\/gloriadeus.com\/home\/wp-json\/wp\/v2\/pages\/6200","targetHints":{"allow":["GET"]}}],"collection":[{"href":"https:\/\/gloriadeus.com\/home\/wp-json\/wp\/v2\/pages"}],"about":[{"href":"https:\/\/gloriadeus.com\/home\/wp-json\/wp\/v2\/types\/page"}],"author":[{"embeddable":true,"href":"https:\/\/gloriadeus.com\/home\/wp-json\/wp\/v2\/users\/1"}],"replies":[{"embeddable":true,"href":"https:\/\/gloriadeus.com\/home\/wp-json\/wp\/v2\/comments?post=6200"}],"version-history":[{"count":8,"href":"https:\/\/gloriadeus.com\/home\/wp-json\/wp\/v2\/pages\/6200\/revisions"}],"predecessor-version":[{"id":10259,"href":"https:\/\/gloriadeus.com\/home\/wp-json\/wp\/v2\/pages\/6200\/revisions\/10259"}],"wp:featuredmedia":[{"embeddable":true,"href":"https:\/\/gloriadeus.com\/home\/wp-json\/wp\/v2\/media\/6203"}],"wp:attachment":[{"href":"https:\/\/gloriadeus.com\/home\/wp-json\/wp\/v2\/media?parent=6200"}],"curies":[{"name":"wp","href":"https:\/\/api.w.org\/{rel}","templated":true}]}}