{"id":6196,"date":"2026-01-02T20:26:59","date_gmt":"2026-01-02T23:26:59","guid":{"rendered":"https:\/\/gloriadeus.com\/?page_id=6196"},"modified":"2026-04-30T19:20:38","modified_gmt":"2026-04-30T22:20:38","slug":"felicitacoes-e-datas-facebook-page","status":"publish","type":"page","link":"https:\/\/gloriadeus.com\/home\/felicitacoes-e-datas-facebook-page\/","title":{"rendered":"Felicita\u00e7\u00f5es e Datas &#8211; Facebook Page"},"content":{"rendered":"<!-- subtitulo, palavra, paragrafo ok -->\r\n\r\n\r\n<figure data-wp-context=\"{&quot;imageId&quot;:&quot;69fceff2dbc03&quot;}\" data-wp-interactive=\"core\/image\" data-wp-key=\"69fceff2dbc03\" class=\"wp-block-image size-full is-resized wp-lightbox-container\"><a href=\"https:\/\/www.facebook.com\/felicitacoesedatas\" ><img loading=\"lazy\" decoding=\"async\" width=\"457\" height=\"473\" data-wp-class--hide=\"state.isContentHidden\" data-wp-class--show=\"state.isContentVisible\" data-wp-init=\"callbacks.setButtonStyles\" data-wp-on--click=\"actions.showLightbox\" data-wp-on--load=\"callbacks.setButtonStyles\" data-wp-on-window--resize=\"callbacks.setButtonStyles\" class=\"wp-image-6197\" style=\"width: 305px; height: auto;\" src=\"https:\/\/gloriadeus.com\/wp-content\/uploads\/2025\/04\/250402AMDIMG01.jpg\" alt=\"Felicita\u00e7\u00f5es - Facebook Page \" srcset=\"https:\/\/gloriadeus.com\/wp-content\/uploads\/2025\/04\/250402AMDIMG01.jpg 457w, https:\/\/gloriadeus.com\/wp-content\/uploads\/2025\/04\/250402AMDIMG01-290x300.jpg 290w\" sizes=\"auto, (max-width: 457px) 100vw, 457px\" \/><button\n\t\t\tclass=\"lightbox-trigger\"\n\t\t\ttype=\"button\"\n\t\t\taria-haspopup=\"dialog\"\n\t\t\taria-label=\"Ampliar\"\n\t\t\tdata-wp-init=\"callbacks.initTriggerButton\"\n\t\t\tdata-wp-on--click=\"actions.showLightbox\"\n\t\t\tdata-wp-style--right=\"state.imageButtonRight\"\n\t\t\tdata-wp-style--top=\"state.imageButtonTop\"\n\t\t>\n\t\t\t<svg xmlns=\"http:\/\/www.w3.org\/2000\/svg\" width=\"12\" height=\"12\" fill=\"none\" viewBox=\"0 0 12 12\">\n\t\t\t\t<path fill=\"#fff\" d=\"M2 0a2 2 0 0 0-2 2v2h1.5V2a.5.5 0 0 1 .5-.5h2V0H2Zm2 10.5H2a.5.5 0 0 1-.5-.5V8H0v2a2 2 0 0 0 2 2h2v-1.5ZM8 12v-1.5h2a.5.5 0 0 0 .5-.5V8H12v2a2 2 0 0 1-2 2H8Zm2-12a2 2 0 0 1 2 2v2h-1.5V2a.5.5 0 0 0-.5-.5H8V0h2Z\" \/>\n\t\t\t<\/svg>\n\t\t<\/button><\/a><\/figure>\r\n\r\n\r\n\r\n<p>Para acessar a felicita\u00e7\u00e3o que desejas, toque nos campos a seguir:\u00a0<\/p>\r\n<p>\u2192 <a href=\"https:\/\/gloriadeus.com\/home\/que-o-ano-novo-seja-um-recomeco-cheio-de-luz-e-esperanca\/\" ><em>Celebre o Ano Novo<\/em><\/a>\u00a0<\/p>\r\n\r\n\r\n\r\n<p><em>\u2192 <a href=\"https:\/\/gloriadeus.com\/bom-dia-com-flores\/\" ><span style=\"text-decoration: underline;\">Bom dia<\/span><\/a> <\/em><\/p>\r\n\r\n\r\n\r\n<p><em>\u2192 <a href=\"https:\/\/gloriadeus.com\/boa-tarde-suave\/\" ><span style=\"text-decoration: underline;\">Boa tarde<\/span><\/a> <\/em><\/p>\r\n\r\n\r\n\r\n<p><em>\u2192 <a href=\"https:\/\/gloriadeus.com\/abencoada-noite-confortavel\/\" ><span style=\"text-decoration: underline;\">Boa noite<\/span><\/a> <\/em><\/p>\r\n\r\n\r\n\r\n<p><em>\u2192 <span style=\"text-decoration: underline;\"><a href=\"https:\/\/gloriadeus.com\/que-a-semana-chegue-carregada-de-coisas-boas-cuidados-de-deus-sorrisos-sinceros-boas-noticias-e-tudo-novo-no-seu-coracao\/\" >Boa semana<\/a><\/span> <\/em><\/p>\r\n\r\n\r\n\r\n<p>\u2192 <span style=\"text-decoration: underline;\"><em><a href=\"https:\/\/gloriadeus.com\/home\/boas-vindas-aos-meses-do-ano\/\" >Boas vindas meses do ano<\/a><\/em><\/span><\/p>\r\n\r\n\r\n\r\n<p><em>\u2192 <a href=\"https:\/\/gloriadeus.com\/home\/feliz-aniversario-parabens\/\" ><span style=\"text-decoration: underline;\">Feliz anivers\u00e1rio<\/span><\/a> <\/em><\/p>\r\n\r\n\r\n\r\n<p>\u2192 <a href=\"https:\/\/gloriadeus.com\/home\/feriado-do-mes\/\"><em><span style=\"text-decoration: underline;\">Feriado do m\u00eas<\/span><\/em><\/a><\/p>\r\n\r\n\r\n\r\n<p><em>\u2192 <a href=\"https:\/\/gloriadeus.com\/quando-tem-feriado\/\" >Feriados<\/a><\/em><\/p>\r\n\r\n\r\n\r\n<p>\u2192 <span style=\"text-decoration: underline;\"><em><a href=\"https:\/\/gloriadeus.com\/home\/parabens-pra-voce\/\" >Parab\u00e9ns pra voc\u00ea<\/a><\/em><\/span><\/p>\r\n<p>\u2192 <em><span style=\"text-decoration: underline;\"><a href=\"https:\/\/gloriadeus.com\/home\/acesse-feriados-e-datas\/\" >Feriados e datas dos meses do ano\u00a0<\/a><\/span> <\/em><\/p>\r\n\r\n\r\n\r\n<p><strong>Que a paz de Deus esteja com voc\u00ea. Volte sempre para fortalecer sua f\u00e9 e esperan\u00e7a.\u00a0<\/strong><\/p>\r\n","protected":false},"excerpt":{"rendered":"<p>Para acessar a felicita\u00e7\u00e3o que desejas, toque nos campos a seguir:\u00a0 \u2192 Celebre o Ano Novo\u00a0 \u2192 Bom dia \u2192 &hellip; <\/p>\n","protected":false},"author":1,"featured_media":6197,"parent":0,"menu_order":0,"comment_status":"closed","ping_status":"closed","template":"","meta":{"_uf_show_specific_survey":0,"_uf_disable_surveys":false,"footnotes":""},"class_list":["post-6196","page","type-page","status-publish","has-post-thumbnail","hentry"],"yoast_head":"<!-- This site is optimized with the Yoast SEO plugin v27.5 - https:\/\/yoast.com\/product\/yoast-seo-wordpress\/ -->\n<title>Felicita\u00e7\u00f5es e Datas - Facebook Page - Gl\u00f3ria Deus<\/title>\n<meta name=\"robots\" content=\"index, follow, max-snippet:-1, max-image-preview:large, max-video-preview:-1\" \/>\n<link rel=\"canonical\" href=\"https:\/\/gloriadeus.com\/home\/felicitacoes-e-datas-facebook-page\/\" \/>\n<meta property=\"og:locale\" content=\"pt_BR\" \/>\n<meta property=\"og:type\" content=\"article\" \/>\n<meta property=\"og:title\" content=\"Felicita\u00e7\u00f5es e Datas - Facebook Page - Gl\u00f3ria Deus\" \/>\n<meta property=\"og:description\" content=\"Para acessar a felicita\u00e7\u00e3o que desejas, toque nos campos a seguir:\u00a0 \u2192 Celebre o Ano Novo\u00a0 \u2192 Bom dia \u2192 &hellip;\" \/>\n<meta property=\"og:url\" content=\"https:\/\/gloriadeus.com\/home\/felicitacoes-e-datas-facebook-page\/\" \/>\n<meta property=\"og:site_name\" content=\"Gl\u00f3ria Deus\" \/>\n<meta property=\"article:modified_time\" content=\"2026-04-30T22:20:38+00:00\" \/>\n<meta property=\"og:image\" content=\"https:\/\/gloriadeus.com\/wp-content\/uploads\/2025\/04\/250402AMDIMG01.jpg\" \/>\n\t<meta property=\"og:image:width\" content=\"457\" \/>\n\t<meta property=\"og:image:height\" content=\"473\" \/>\n\t<meta property=\"og:image:type\" content=\"image\/jpeg\" \/>\n<meta name=\"twitter:card\" content=\"summary_large_image\" \/>\n<meta name=\"twitter:label1\" content=\"Est. tempo de leitura\" \/>\n\t<meta name=\"twitter:data1\" content=\"1 minuto\" \/>\n<script type=\"application\/ld+json\" class=\"yoast-schema-graph\">{\"@context\":\"https:\\\/\\\/schema.org\",\"@graph\":[{\"@type\":\"WebPage\",\"@id\":\"https:\\\/\\\/gloriadeus.com\\\/home\\\/felicitacoes-e-datas-facebook-page\\\/\",\"url\":\"https:\\\/\\\/gloriadeus.com\\\/home\\\/felicitacoes-e-datas-facebook-page\\\/\",\"name\":\"Felicita\u00e7\u00f5es e Datas - Facebook Page - Gl\u00f3ria Deus\",\"isPartOf\":{\"@id\":\"https:\\\/\\\/gloriadeus.com\\\/home\\\/#website\"},\"primaryImageOfPage\":{\"@id\":\"https:\\\/\\\/gloriadeus.com\\\/home\\\/felicitacoes-e-datas-facebook-page\\\/#primaryimage\"},\"image\":{\"@id\":\"https:\\\/\\\/gloriadeus.com\\\/home\\\/felicitacoes-e-datas-facebook-page\\\/#primaryimage\"},\"thumbnailUrl\":\"https:\\\/\\\/gloriadeus.com\\\/wp-content\\\/uploads\\\/2025\\\/04\\\/250402AMDIMG01.jpg\",\"datePublished\":\"2026-01-02T23:26:59+00:00\",\"dateModified\":\"2026-04-30T22:20:38+00:00\",\"breadcrumb\":{\"@id\":\"https:\\\/\\\/gloriadeus.com\\\/home\\\/felicitacoes-e-datas-facebook-page\\\/#breadcrumb\"},\"inLanguage\":\"pt-BR\",\"potentialAction\":[{\"@type\":\"ReadAction\",\"target\":[\"https:\\\/\\\/gloriadeus.com\\\/home\\\/felicitacoes-e-datas-facebook-page\\\/\"]}]},{\"@type\":\"ImageObject\",\"inLanguage\":\"pt-BR\",\"@id\":\"https:\\\/\\\/gloriadeus.com\\\/home\\\/felicitacoes-e-datas-facebook-page\\\/#primaryimage\",\"url\":\"https:\\\/\\\/gloriadeus.com\\\/wp-content\\\/uploads\\\/2025\\\/04\\\/250402AMDIMG01.jpg\",\"contentUrl\":\"https:\\\/\\\/gloriadeus.com\\\/wp-content\\\/uploads\\\/2025\\\/04\\\/250402AMDIMG01.jpg\",\"width\":457,\"height\":473,\"caption\":\"Felicita\u00e7\u00f5es - Facebook Page\"},{\"@type\":\"BreadcrumbList\",\"@id\":\"https:\\\/\\\/gloriadeus.com\\\/home\\\/felicitacoes-e-datas-facebook-page\\\/#breadcrumb\",\"itemListElement\":[{\"@type\":\"ListItem\",\"position\":1,\"name\":\"In\u00edcio\",\"item\":\"https:\\\/\\\/gloriadeus.com\\\/home\\\/\"},{\"@type\":\"ListItem\",\"position\":2,\"name\":\"Felicita\u00e7\u00f5es e Datas &#8211; Facebook Page\"}]},{\"@type\":\"WebSite\",\"@id\":\"https:\\\/\\\/gloriadeus.com\\\/home\\\/#website\",\"url\":\"https:\\\/\\\/gloriadeus.com\\\/home\\\/\",\"name\":\"Gloria Deus\",\"description\":\"\u21a8 Deslize para descobrir mais \u21a8\",\"publisher\":{\"@id\":\"https:\\\/\\\/gloriadeus.com\\\/home\\\/#\\\/schema\\\/person\\\/ab2365ca8f87ea38e53ba3c2275e65c4\"},\"alternateName\":\"Muita f\u00e9\",\"potentialAction\":[{\"@type\":\"SearchAction\",\"target\":{\"@type\":\"EntryPoint\",\"urlTemplate\":\"https:\\\/\\\/gloriadeus.com\\\/home\\\/?s={search_term_string}\"},\"query-input\":{\"@type\":\"PropertyValueSpecification\",\"valueRequired\":true,\"valueName\":\"search_term_string\"}}],\"inLanguage\":\"pt-BR\"},{\"@type\":[\"Person\",\"Organization\"],\"@id\":\"https:\\\/\\\/gloriadeus.com\\\/home\\\/#\\\/schema\\\/person\\\/ab2365ca8f87ea38e53ba3c2275e65c4\",\"name\":\"gloriadeus.com\",\"image\":{\"@type\":\"ImageObject\",\"inLanguage\":\"pt-BR\",\"@id\":\"https:\\\/\\\/gloriadeus.com\\\/wp-content\\\/uploads\\\/2024\\\/03\\\/230525DDPNG-21.png\",\"url\":\"https:\\\/\\\/gloriadeus.com\\\/wp-content\\\/uploads\\\/2024\\\/03\\\/230525DDPNG-21.png\",\"contentUrl\":\"https:\\\/\\\/gloriadeus.com\\\/wp-content\\\/uploads\\\/2024\\\/03\\\/230525DDPNG-21.png\",\"width\":220,\"height\":230,\"caption\":\"gloriadeus.com\"},\"logo\":{\"@id\":\"https:\\\/\\\/gloriadeus.com\\\/wp-content\\\/uploads\\\/2024\\\/03\\\/230525DDPNG-21.png\"},\"sameAs\":[\"https:\\\/\\\/gloriadeus.com\"]}]}<\/script>\n<!-- \/ Yoast SEO plugin. -->","yoast_head_json":{"title":"Felicita\u00e7\u00f5es e Datas - Facebook Page - Gl\u00f3ria Deus","robots":{"index":"index","follow":"follow","max-snippet":"max-snippet:-1","max-image-preview":"max-image-preview:large","max-video-preview":"max-video-preview:-1"},"canonical":"https:\/\/gloriadeus.com\/home\/felicitacoes-e-datas-facebook-page\/","og_locale":"pt_BR","og_type":"article","og_title":"Felicita\u00e7\u00f5es e Datas - Facebook Page - Gl\u00f3ria Deus","og_description":"Para acessar a felicita\u00e7\u00e3o que desejas, toque nos campos a seguir:\u00a0 \u2192 Celebre o Ano Novo\u00a0 \u2192 Bom dia \u2192 &hellip;","og_url":"https:\/\/gloriadeus.com\/home\/felicitacoes-e-datas-facebook-page\/","og_site_name":"Gl\u00f3ria Deus","article_modified_time":"2026-04-30T22:20:38+00:00","og_image":[{"width":457,"height":473,"url":"https:\/\/gloriadeus.com\/wp-content\/uploads\/2025\/04\/250402AMDIMG01.jpg","type":"image\/jpeg"}],"twitter_card":"summary_large_image","twitter_misc":{"Est. tempo de leitura":"1 minuto"},"schema":{"@context":"https:\/\/schema.org","@graph":[{"@type":"WebPage","@id":"https:\/\/gloriadeus.com\/home\/felicitacoes-e-datas-facebook-page\/","url":"https:\/\/gloriadeus.com\/home\/felicitacoes-e-datas-facebook-page\/","name":"Felicita\u00e7\u00f5es e Datas - Facebook Page - Gl\u00f3ria Deus","isPartOf":{"@id":"https:\/\/gloriadeus.com\/home\/#website"},"primaryImageOfPage":{"@id":"https:\/\/gloriadeus.com\/home\/felicitacoes-e-datas-facebook-page\/#primaryimage"},"image":{"@id":"https:\/\/gloriadeus.com\/home\/felicitacoes-e-datas-facebook-page\/#primaryimage"},"thumbnailUrl":"https:\/\/gloriadeus.com\/wp-content\/uploads\/2025\/04\/250402AMDIMG01.jpg","datePublished":"2026-01-02T23:26:59+00:00","dateModified":"2026-04-30T22:20:38+00:00","breadcrumb":{"@id":"https:\/\/gloriadeus.com\/home\/felicitacoes-e-datas-facebook-page\/#breadcrumb"},"inLanguage":"pt-BR","potentialAction":[{"@type":"ReadAction","target":["https:\/\/gloriadeus.com\/home\/felicitacoes-e-datas-facebook-page\/"]}]},{"@type":"ImageObject","inLanguage":"pt-BR","@id":"https:\/\/gloriadeus.com\/home\/felicitacoes-e-datas-facebook-page\/#primaryimage","url":"https:\/\/gloriadeus.com\/wp-content\/uploads\/2025\/04\/250402AMDIMG01.jpg","contentUrl":"https:\/\/gloriadeus.com\/wp-content\/uploads\/2025\/04\/250402AMDIMG01.jpg","width":457,"height":473,"caption":"Felicita\u00e7\u00f5es - Facebook Page"},{"@type":"BreadcrumbList","@id":"https:\/\/gloriadeus.com\/home\/felicitacoes-e-datas-facebook-page\/#breadcrumb","itemListElement":[{"@type":"ListItem","position":1,"name":"In\u00edcio","item":"https:\/\/gloriadeus.com\/home\/"},{"@type":"ListItem","position":2,"name":"Felicita\u00e7\u00f5es e Datas &#8211; Facebook Page"}]},{"@type":"WebSite","@id":"https:\/\/gloriadeus.com\/home\/#website","url":"https:\/\/gloriadeus.com\/home\/","name":"Gloria Deus","description":"\u21a8 Deslize para descobrir mais \u21a8","publisher":{"@id":"https:\/\/gloriadeus.com\/home\/#\/schema\/person\/ab2365ca8f87ea38e53ba3c2275e65c4"},"alternateName":"Muita f\u00e9","potentialAction":[{"@type":"SearchAction","target":{"@type":"EntryPoint","urlTemplate":"https:\/\/gloriadeus.com\/home\/?s={search_term_string}"},"query-input":{"@type":"PropertyValueSpecification","valueRequired":true,"valueName":"search_term_string"}}],"inLanguage":"pt-BR"},{"@type":["Person","Organization"],"@id":"https:\/\/gloriadeus.com\/home\/#\/schema\/person\/ab2365ca8f87ea38e53ba3c2275e65c4","name":"gloriadeus.com","image":{"@type":"ImageObject","inLanguage":"pt-BR","@id":"https:\/\/gloriadeus.com\/wp-content\/uploads\/2024\/03\/230525DDPNG-21.png","url":"https:\/\/gloriadeus.com\/wp-content\/uploads\/2024\/03\/230525DDPNG-21.png","contentUrl":"https:\/\/gloriadeus.com\/wp-content\/uploads\/2024\/03\/230525DDPNG-21.png","width":220,"height":230,"caption":"gloriadeus.com"},"logo":{"@id":"https:\/\/gloriadeus.com\/wp-content\/uploads\/2024\/03\/230525DDPNG-21.png"},"sameAs":["https:\/\/gloriadeus.com"]}]}},"_links":{"self":[{"href":"https:\/\/gloriadeus.com\/home\/wp-json\/wp\/v2\/pages\/6196","targetHints":{"allow":["GET"]}}],"collection":[{"href":"https:\/\/gloriadeus.com\/home\/wp-json\/wp\/v2\/pages"}],"about":[{"href":"https:\/\/gloriadeus.com\/home\/wp-json\/wp\/v2\/types\/page"}],"author":[{"embeddable":true,"href":"https:\/\/gloriadeus.com\/home\/wp-json\/wp\/v2\/users\/1"}],"replies":[{"embeddable":true,"href":"https:\/\/gloriadeus.com\/home\/wp-json\/wp\/v2\/comments?post=6196"}],"version-history":[{"count":15,"href":"https:\/\/gloriadeus.com\/home\/wp-json\/wp\/v2\/pages\/6196\/revisions"}],"predecessor-version":[{"id":11662,"href":"https:\/\/gloriadeus.com\/home\/wp-json\/wp\/v2\/pages\/6196\/revisions\/11662"}],"wp:featuredmedia":[{"embeddable":true,"href":"https:\/\/gloriadeus.com\/home\/wp-json\/wp\/v2\/media\/6197"}],"wp:attachment":[{"href":"https:\/\/gloriadeus.com\/home\/wp-json\/wp\/v2\/media?parent=6196"}],"curies":[{"name":"wp","href":"https:\/\/api.w.org\/{rel}","templated":true}]}}