{"id":6193,"date":"2026-01-30T15:06:29","date_gmt":"2026-01-30T18:06:29","guid":{"rendered":"https:\/\/gloriadeus.com\/?page_id=6193"},"modified":"2026-04-30T19:22:41","modified_gmt":"2026-04-30T22:22:41","slug":"para-as-estacoes-do-ano-acesse","status":"publish","type":"page","link":"https:\/\/gloriadeus.com\/home\/para-as-estacoes-do-ano-acesse\/","title":{"rendered":"Para as esta\u00e7\u00f5es do ano #acesse"},"content":{"rendered":"<!-- subtitulo, palavra, paragrafo ok -->\r\n\r\n\r\n<figure data-wp-context=\"{&quot;imageId&quot;:&quot;69fa141aeef79&quot;}\" data-wp-interactive=\"core\/image\" data-wp-key=\"69fa141aeef79\" class=\"wp-block-image size-full is-resized wp-lightbox-container\"><img loading=\"lazy\" decoding=\"async\" width=\"528\" height=\"874\" data-wp-class--hide=\"state.isContentHidden\" data-wp-class--show=\"state.isContentVisible\" data-wp-init=\"callbacks.setButtonStyles\" data-wp-on--click=\"actions.showLightbox\" data-wp-on--load=\"callbacks.setButtonStyles\" data-wp-on-window--resize=\"callbacks.setButtonStyles\" class=\"wp-image-6194\" style=\"width: 301px; height: auto;\" src=\"https:\/\/gloriadeus.com\/wp-content\/uploads\/2025\/03\/Estacoes-do-ano.png\" alt=\"Para as esta\u00e7\u00f5es do ano #acesse \" srcset=\"https:\/\/gloriadeus.com\/wp-content\/uploads\/2025\/03\/Estacoes-do-ano.png 528w, https:\/\/gloriadeus.com\/wp-content\/uploads\/2025\/03\/Estacoes-do-ano-181x300.png 181w\" sizes=\"auto, (max-width: 528px) 100vw, 528px\" \/><button\n\t\t\tclass=\"lightbox-trigger\"\n\t\t\ttype=\"button\"\n\t\t\taria-haspopup=\"dialog\"\n\t\t\taria-label=\"Ampliar\"\n\t\t\tdata-wp-init=\"callbacks.initTriggerButton\"\n\t\t\tdata-wp-on--click=\"actions.showLightbox\"\n\t\t\tdata-wp-style--right=\"state.imageButtonRight\"\n\t\t\tdata-wp-style--top=\"state.imageButtonTop\"\n\t\t>\n\t\t\t<svg xmlns=\"http:\/\/www.w3.org\/2000\/svg\" width=\"12\" height=\"12\" fill=\"none\" viewBox=\"0 0 12 12\">\n\t\t\t\t<path fill=\"#fff\" d=\"M2 0a2 2 0 0 0-2 2v2h1.5V2a.5.5 0 0 1 .5-.5h2V0H2Zm2 10.5H2a.5.5 0 0 1-.5-.5V8H0v2a2 2 0 0 0 2 2h2v-1.5ZM8 12v-1.5h2a.5.5 0 0 0 .5-.5V8H12v2a2 2 0 0 1-2 2H8Zm2-12a2 2 0 0 1 2 2v2h-1.5V2a.5.5 0 0 0-.5-.5H8V0h2Z\" \/>\n\t\t\t<\/svg>\n\t\t<\/button><\/figure>\r\n\r\n\r\n\r\n<p>Toque no campo mencionado a seguir e descubra \u00f3timas sauda\u00e7\u00f5es para a esta\u00e7\u00e3o Outono ser maravilhosa:<\/p>\r\n\r\n\r\n\r\n<p><em>\u2192 <a href=\"https:\/\/gloriadeus.com\/em-marco-bem-vindo-outono-mes03\/\" ><span style=\"text-decoration: underline;\">Em mar\u00e7o, Bem vindo Outono #m\u00eas03<\/span><\/a><\/em><\/p>\r\n\r\n\r\n\r\n<p>Toque no campo mencionado a seguir e descubra belas sauda\u00e7\u00f5es para a esta\u00e7\u00e3o Inverno ser \u00f3tima:<\/p>\r\n\r\n\r\n\r\n<p><em>\u2192 <a href=\"https:\/\/gloriadeus.com\/datas-de-junho-mes06\/\"><span style=\"text-decoration: underline;\">Datas de junho #m\u00eas06<\/span><\/a><\/em><\/p>\r\n\r\n\r\n\r\n<p>Toque no campo mencionado a seguir e descubra lindas sauda\u00e7\u00f5es para a esta\u00e7\u00e3o Primavera ser radiante:<\/p>\r\n\r\n\r\n\r\n<p><em>\u2192 <a href=\"https:\/\/gloriadeus.com\/datas-de-setembro-mes09\/\"><span style=\"text-decoration: underline;\">Datas de setembro #m\u00eas09<\/span><\/a><\/em><\/p>\r\n\r\n\r\n\r\n<p>Toque no campo mencionado a seguir e descubra produtivas sauda\u00e7\u00f5es para a esta\u00e7\u00e3o Ver\u00e3o ser demais alegre:<\/p>\r\n\r\n\r\n\r\n<p><em>\u2192 <a href=\"https:\/\/gloriadeus.com\/datas-de-dezembro-mes12\/\"><span style=\"text-decoration: underline;\">Datas de dezembro #m\u00eas12<\/span><\/a><\/em><\/p>\r\n\r\n\r\n","protected":false},"excerpt":{"rendered":"<p>Toque no campo mencionado a seguir e descubra \u00f3timas sauda\u00e7\u00f5es para a esta\u00e7\u00e3o Outono ser maravilhosa: \u2192 Em mar\u00e7o, Bem &hellip; <\/p>\n","protected":false},"author":1,"featured_media":6194,"parent":0,"menu_order":0,"comment_status":"closed","ping_status":"closed","template":"","meta":{"_uf_show_specific_survey":0,"_uf_disable_surveys":false,"footnotes":""},"class_list":["post-6193","page","type-page","status-publish","has-post-thumbnail","hentry"],"yoast_head":"<!-- This site is optimized with the Yoast SEO plugin v27.5 - https:\/\/yoast.com\/product\/yoast-seo-wordpress\/ -->\n<title>Para as esta\u00e7\u00f5es do ano #acesse - Gl\u00f3ria Deus<\/title>\n<meta name=\"robots\" content=\"index, follow, max-snippet:-1, max-image-preview:large, max-video-preview:-1\" \/>\n<link rel=\"canonical\" href=\"https:\/\/gloriadeus.com\/home\/para-as-estacoes-do-ano-acesse\/\" \/>\n<meta property=\"og:locale\" content=\"pt_BR\" \/>\n<meta property=\"og:type\" content=\"article\" \/>\n<meta property=\"og:title\" content=\"Para as esta\u00e7\u00f5es do ano #acesse - Gl\u00f3ria Deus\" \/>\n<meta property=\"og:description\" content=\"Toque no campo mencionado a seguir e descubra \u00f3timas sauda\u00e7\u00f5es para a esta\u00e7\u00e3o Outono ser maravilhosa: \u2192 Em mar\u00e7o, Bem &hellip;\" \/>\n<meta property=\"og:url\" content=\"https:\/\/gloriadeus.com\/home\/para-as-estacoes-do-ano-acesse\/\" \/>\n<meta property=\"og:site_name\" content=\"Gl\u00f3ria Deus\" \/>\n<meta property=\"article:modified_time\" content=\"2026-04-30T22:22:41+00:00\" \/>\n<meta property=\"og:image\" content=\"https:\/\/gloriadeus.com\/wp-content\/uploads\/2025\/03\/Estacoes-do-ano.png\" \/>\n\t<meta property=\"og:image:width\" content=\"528\" \/>\n\t<meta property=\"og:image:height\" content=\"874\" \/>\n\t<meta property=\"og:image:type\" content=\"image\/png\" \/>\n<meta name=\"twitter:card\" content=\"summary_large_image\" \/>\n<meta name=\"twitter:label1\" content=\"Est. tempo de leitura\" \/>\n\t<meta name=\"twitter:data1\" content=\"1 minuto\" \/>\n<script type=\"application\/ld+json\" class=\"yoast-schema-graph\">{\"@context\":\"https:\\\/\\\/schema.org\",\"@graph\":[{\"@type\":\"WebPage\",\"@id\":\"https:\\\/\\\/gloriadeus.com\\\/home\\\/para-as-estacoes-do-ano-acesse\\\/\",\"url\":\"https:\\\/\\\/gloriadeus.com\\\/home\\\/para-as-estacoes-do-ano-acesse\\\/\",\"name\":\"Para as esta\u00e7\u00f5es do ano #acesse - Gl\u00f3ria Deus\",\"isPartOf\":{\"@id\":\"https:\\\/\\\/gloriadeus.com\\\/home\\\/#website\"},\"primaryImageOfPage\":{\"@id\":\"https:\\\/\\\/gloriadeus.com\\\/home\\\/para-as-estacoes-do-ano-acesse\\\/#primaryimage\"},\"image\":{\"@id\":\"https:\\\/\\\/gloriadeus.com\\\/home\\\/para-as-estacoes-do-ano-acesse\\\/#primaryimage\"},\"thumbnailUrl\":\"https:\\\/\\\/gloriadeus.com\\\/wp-content\\\/uploads\\\/2025\\\/03\\\/Estacoes-do-ano.png\",\"datePublished\":\"2026-01-30T18:06:29+00:00\",\"dateModified\":\"2026-04-30T22:22:41+00:00\",\"breadcrumb\":{\"@id\":\"https:\\\/\\\/gloriadeus.com\\\/home\\\/para-as-estacoes-do-ano-acesse\\\/#breadcrumb\"},\"inLanguage\":\"pt-BR\",\"potentialAction\":[{\"@type\":\"ReadAction\",\"target\":[\"https:\\\/\\\/gloriadeus.com\\\/home\\\/para-as-estacoes-do-ano-acesse\\\/\"]}]},{\"@type\":\"ImageObject\",\"inLanguage\":\"pt-BR\",\"@id\":\"https:\\\/\\\/gloriadeus.com\\\/home\\\/para-as-estacoes-do-ano-acesse\\\/#primaryimage\",\"url\":\"https:\\\/\\\/gloriadeus.com\\\/wp-content\\\/uploads\\\/2025\\\/03\\\/Estacoes-do-ano.png\",\"contentUrl\":\"https:\\\/\\\/gloriadeus.com\\\/wp-content\\\/uploads\\\/2025\\\/03\\\/Estacoes-do-ano.png\",\"width\":528,\"height\":874,\"caption\":\"Para as esta\u00e7\u00f5es do ano #acesse\"},{\"@type\":\"BreadcrumbList\",\"@id\":\"https:\\\/\\\/gloriadeus.com\\\/home\\\/para-as-estacoes-do-ano-acesse\\\/#breadcrumb\",\"itemListElement\":[{\"@type\":\"ListItem\",\"position\":1,\"name\":\"In\u00edcio\",\"item\":\"https:\\\/\\\/gloriadeus.com\\\/home\\\/\"},{\"@type\":\"ListItem\",\"position\":2,\"name\":\"Para as esta\u00e7\u00f5es do ano #acesse\"}]},{\"@type\":\"WebSite\",\"@id\":\"https:\\\/\\\/gloriadeus.com\\\/home\\\/#website\",\"url\":\"https:\\\/\\\/gloriadeus.com\\\/home\\\/\",\"name\":\"Gloria Deus\",\"description\":\"\u21a8 Deslize para descobrir mais \u21a8\",\"publisher\":{\"@id\":\"https:\\\/\\\/gloriadeus.com\\\/home\\\/#\\\/schema\\\/person\\\/ab2365ca8f87ea38e53ba3c2275e65c4\"},\"alternateName\":\"Muita f\u00e9\",\"potentialAction\":[{\"@type\":\"SearchAction\",\"target\":{\"@type\":\"EntryPoint\",\"urlTemplate\":\"https:\\\/\\\/gloriadeus.com\\\/home\\\/?s={search_term_string}\"},\"query-input\":{\"@type\":\"PropertyValueSpecification\",\"valueRequired\":true,\"valueName\":\"search_term_string\"}}],\"inLanguage\":\"pt-BR\"},{\"@type\":[\"Person\",\"Organization\"],\"@id\":\"https:\\\/\\\/gloriadeus.com\\\/home\\\/#\\\/schema\\\/person\\\/ab2365ca8f87ea38e53ba3c2275e65c4\",\"name\":\"gloriadeus.com\",\"image\":{\"@type\":\"ImageObject\",\"inLanguage\":\"pt-BR\",\"@id\":\"https:\\\/\\\/gloriadeus.com\\\/wp-content\\\/uploads\\\/2024\\\/03\\\/230525DDPNG-21.png\",\"url\":\"https:\\\/\\\/gloriadeus.com\\\/wp-content\\\/uploads\\\/2024\\\/03\\\/230525DDPNG-21.png\",\"contentUrl\":\"https:\\\/\\\/gloriadeus.com\\\/wp-content\\\/uploads\\\/2024\\\/03\\\/230525DDPNG-21.png\",\"width\":220,\"height\":230,\"caption\":\"gloriadeus.com\"},\"logo\":{\"@id\":\"https:\\\/\\\/gloriadeus.com\\\/wp-content\\\/uploads\\\/2024\\\/03\\\/230525DDPNG-21.png\"},\"sameAs\":[\"https:\\\/\\\/gloriadeus.com\"]}]}<\/script>\n<!-- \/ Yoast SEO plugin. -->","yoast_head_json":{"title":"Para as esta\u00e7\u00f5es do ano #acesse - Gl\u00f3ria Deus","robots":{"index":"index","follow":"follow","max-snippet":"max-snippet:-1","max-image-preview":"max-image-preview:large","max-video-preview":"max-video-preview:-1"},"canonical":"https:\/\/gloriadeus.com\/home\/para-as-estacoes-do-ano-acesse\/","og_locale":"pt_BR","og_type":"article","og_title":"Para as esta\u00e7\u00f5es do ano #acesse - Gl\u00f3ria Deus","og_description":"Toque no campo mencionado a seguir e descubra \u00f3timas sauda\u00e7\u00f5es para a esta\u00e7\u00e3o Outono ser maravilhosa: \u2192 Em mar\u00e7o, Bem &hellip;","og_url":"https:\/\/gloriadeus.com\/home\/para-as-estacoes-do-ano-acesse\/","og_site_name":"Gl\u00f3ria Deus","article_modified_time":"2026-04-30T22:22:41+00:00","og_image":[{"width":528,"height":874,"url":"https:\/\/gloriadeus.com\/wp-content\/uploads\/2025\/03\/Estacoes-do-ano.png","type":"image\/png"}],"twitter_card":"summary_large_image","twitter_misc":{"Est. tempo de leitura":"1 minuto"},"schema":{"@context":"https:\/\/schema.org","@graph":[{"@type":"WebPage","@id":"https:\/\/gloriadeus.com\/home\/para-as-estacoes-do-ano-acesse\/","url":"https:\/\/gloriadeus.com\/home\/para-as-estacoes-do-ano-acesse\/","name":"Para as esta\u00e7\u00f5es do ano #acesse - Gl\u00f3ria Deus","isPartOf":{"@id":"https:\/\/gloriadeus.com\/home\/#website"},"primaryImageOfPage":{"@id":"https:\/\/gloriadeus.com\/home\/para-as-estacoes-do-ano-acesse\/#primaryimage"},"image":{"@id":"https:\/\/gloriadeus.com\/home\/para-as-estacoes-do-ano-acesse\/#primaryimage"},"thumbnailUrl":"https:\/\/gloriadeus.com\/wp-content\/uploads\/2025\/03\/Estacoes-do-ano.png","datePublished":"2026-01-30T18:06:29+00:00","dateModified":"2026-04-30T22:22:41+00:00","breadcrumb":{"@id":"https:\/\/gloriadeus.com\/home\/para-as-estacoes-do-ano-acesse\/#breadcrumb"},"inLanguage":"pt-BR","potentialAction":[{"@type":"ReadAction","target":["https:\/\/gloriadeus.com\/home\/para-as-estacoes-do-ano-acesse\/"]}]},{"@type":"ImageObject","inLanguage":"pt-BR","@id":"https:\/\/gloriadeus.com\/home\/para-as-estacoes-do-ano-acesse\/#primaryimage","url":"https:\/\/gloriadeus.com\/wp-content\/uploads\/2025\/03\/Estacoes-do-ano.png","contentUrl":"https:\/\/gloriadeus.com\/wp-content\/uploads\/2025\/03\/Estacoes-do-ano.png","width":528,"height":874,"caption":"Para as esta\u00e7\u00f5es do ano #acesse"},{"@type":"BreadcrumbList","@id":"https:\/\/gloriadeus.com\/home\/para-as-estacoes-do-ano-acesse\/#breadcrumb","itemListElement":[{"@type":"ListItem","position":1,"name":"In\u00edcio","item":"https:\/\/gloriadeus.com\/home\/"},{"@type":"ListItem","position":2,"name":"Para as esta\u00e7\u00f5es do ano #acesse"}]},{"@type":"WebSite","@id":"https:\/\/gloriadeus.com\/home\/#website","url":"https:\/\/gloriadeus.com\/home\/","name":"Gloria Deus","description":"\u21a8 Deslize para descobrir mais \u21a8","publisher":{"@id":"https:\/\/gloriadeus.com\/home\/#\/schema\/person\/ab2365ca8f87ea38e53ba3c2275e65c4"},"alternateName":"Muita f\u00e9","potentialAction":[{"@type":"SearchAction","target":{"@type":"EntryPoint","urlTemplate":"https:\/\/gloriadeus.com\/home\/?s={search_term_string}"},"query-input":{"@type":"PropertyValueSpecification","valueRequired":true,"valueName":"search_term_string"}}],"inLanguage":"pt-BR"},{"@type":["Person","Organization"],"@id":"https:\/\/gloriadeus.com\/home\/#\/schema\/person\/ab2365ca8f87ea38e53ba3c2275e65c4","name":"gloriadeus.com","image":{"@type":"ImageObject","inLanguage":"pt-BR","@id":"https:\/\/gloriadeus.com\/wp-content\/uploads\/2024\/03\/230525DDPNG-21.png","url":"https:\/\/gloriadeus.com\/wp-content\/uploads\/2024\/03\/230525DDPNG-21.png","contentUrl":"https:\/\/gloriadeus.com\/wp-content\/uploads\/2024\/03\/230525DDPNG-21.png","width":220,"height":230,"caption":"gloriadeus.com"},"logo":{"@id":"https:\/\/gloriadeus.com\/wp-content\/uploads\/2024\/03\/230525DDPNG-21.png"},"sameAs":["https:\/\/gloriadeus.com"]}]}},"_links":{"self":[{"href":"https:\/\/gloriadeus.com\/home\/wp-json\/wp\/v2\/pages\/6193","targetHints":{"allow":["GET"]}}],"collection":[{"href":"https:\/\/gloriadeus.com\/home\/wp-json\/wp\/v2\/pages"}],"about":[{"href":"https:\/\/gloriadeus.com\/home\/wp-json\/wp\/v2\/types\/page"}],"author":[{"embeddable":true,"href":"https:\/\/gloriadeus.com\/home\/wp-json\/wp\/v2\/users\/1"}],"replies":[{"embeddable":true,"href":"https:\/\/gloriadeus.com\/home\/wp-json\/wp\/v2\/comments?post=6193"}],"version-history":[{"count":7,"href":"https:\/\/gloriadeus.com\/home\/wp-json\/wp\/v2\/pages\/6193\/revisions"}],"predecessor-version":[{"id":11675,"href":"https:\/\/gloriadeus.com\/home\/wp-json\/wp\/v2\/pages\/6193\/revisions\/11675"}],"wp:featuredmedia":[{"embeddable":true,"href":"https:\/\/gloriadeus.com\/home\/wp-json\/wp\/v2\/media\/6194"}],"wp:attachment":[{"href":"https:\/\/gloriadeus.com\/home\/wp-json\/wp\/v2\/media?parent=6193"}],"curies":[{"name":"wp","href":"https:\/\/api.w.org\/{rel}","templated":true}]}}