{"id":5871,"date":"2026-01-23T02:57:49","date_gmt":"2026-01-23T05:57:49","guid":{"rendered":"https:\/\/gloriadeus.com\/?page_id=5871"},"modified":"2026-01-31T17:13:19","modified_gmt":"2026-01-31T20:13:19","slug":"a-diretora-de-sua-vida-e-voce","status":"publish","type":"page","link":"https:\/\/gloriadeus.com\/home\/a-diretora-de-sua-vida-e-voce\/","title":{"rendered":"A diretora de sua vida \u00e9 voc\u00ea"},"content":{"rendered":"<!-- subtitulo, palavra, paragrafo ok -->\r\n\r\n\r\n<figure data-wp-context=\"{&quot;imageId&quot;:&quot;69fa36356d4b3&quot;}\" data-wp-interactive=\"core\/image\" data-wp-key=\"69fa36356d4b3\" class=\"wp-block-image size-full is-resized wp-lightbox-container\"><img loading=\"lazy\" decoding=\"async\" width=\"736\" height=\"919\" data-wp-class--hide=\"state.isContentHidden\" data-wp-class--show=\"state.isContentVisible\" data-wp-init=\"callbacks.setButtonStyles\" data-wp-on--click=\"actions.showLightbox\" data-wp-on--load=\"callbacks.setButtonStyles\" data-wp-on-window--resize=\"callbacks.setButtonStyles\" class=\"wp-image-5894\" style=\"width: 331px; height: auto;\" src=\"https:\/\/gloriadeus.com\/wp-content\/uploads\/2025\/03\/250322AMDIMG01.jpg\" alt=\"A diretora de sua vida \u00e9 voc\u00ea\" srcset=\"https:\/\/gloriadeus.com\/wp-content\/uploads\/2025\/03\/250322AMDIMG01.jpg 736w, https:\/\/gloriadeus.com\/wp-content\/uploads\/2025\/03\/250322AMDIMG01-240x300.jpg 240w\" sizes=\"auto, (max-width: 736px) 100vw, 736px\" \/><button\n\t\t\tclass=\"lightbox-trigger\"\n\t\t\ttype=\"button\"\n\t\t\taria-haspopup=\"dialog\"\n\t\t\taria-label=\"Ampliar\"\n\t\t\tdata-wp-init=\"callbacks.initTriggerButton\"\n\t\t\tdata-wp-on--click=\"actions.showLightbox\"\n\t\t\tdata-wp-style--right=\"state.imageButtonRight\"\n\t\t\tdata-wp-style--top=\"state.imageButtonTop\"\n\t\t>\n\t\t\t<svg xmlns=\"http:\/\/www.w3.org\/2000\/svg\" width=\"12\" height=\"12\" fill=\"none\" viewBox=\"0 0 12 12\">\n\t\t\t\t<path fill=\"#fff\" d=\"M2 0a2 2 0 0 0-2 2v2h1.5V2a.5.5 0 0 1 .5-.5h2V0H2Zm2 10.5H2a.5.5 0 0 1-.5-.5V8H0v2a2 2 0 0 0 2 2h2v-1.5ZM8 12v-1.5h2a.5.5 0 0 0 .5-.5V8H12v2a2 2 0 0 1-2 2H8Zm2-12a2 2 0 0 1 2 2v2h-1.5V2a.5.5 0 0 0-.5-.5H8V0h2Z\" \/>\n\t\t\t<\/svg>\n\t\t<\/button><\/figure>\r\n\r\n\r\n\r\n<p>Em um mundo repleto de desafios, expectativas e influ\u00eancias externas, muitas vezes podemos nos sentir como meros espectadores de nossas hist\u00f3rias, mas, na verdade, a verdadeira ess\u00eancia da nossa jornada reside na capacidade de tomar decis\u00f5es conscientes e moldar nosso pr\u00f3prio destino.\u00a0<\/p>\r\n<h2><strong>Desenvolvendo autonomia e lideran\u00e7a na jornada di\u00e1ria\u00a0<\/strong><\/h2>\r\n<p>A ideia de que somos as diretores de nossas pr\u00f3prias vidas \u00e9 um conceito poderoso que nos empodera e nos convida a refletir sobre o papel que desempenhamos em nossas experi\u00eancias di\u00e1rias.<\/p>\r\n<p>Cada um de n\u00f3s possui uma singularidade que nos permite identificar o que realmente queremos, quais valores nos guiam e como desejamos que nossas narrativas se desdobrem. Ao reconhecermos que temos o controle sobre nossas escolhas, ganhamos uma compreens\u00e3o mais profunda de nossas aspira\u00e7\u00f5es e talentos.\u00a0<\/p>\r\n\r\n\r\n\r\n<figure data-wp-context=\"{&quot;imageId&quot;:&quot;69fa36356d979&quot;}\" data-wp-interactive=\"core\/image\" data-wp-key=\"69fa36356d979\" class=\"wp-block-image size-large is-resized wp-lightbox-container\"><img loading=\"lazy\" decoding=\"async\" width=\"648\" height=\"1024\" data-wp-class--hide=\"state.isContentHidden\" data-wp-class--show=\"state.isContentVisible\" data-wp-init=\"callbacks.setButtonStyles\" data-wp-on--click=\"actions.showLightbox\" data-wp-on--load=\"callbacks.setButtonStyles\" data-wp-on-window--resize=\"callbacks.setButtonStyles\" class=\"wp-image-5891\" style=\"width: 336px; height: auto;\" src=\"https:\/\/gloriadeus.com\/wp-content\/uploads\/2025\/03\/250322AMDIMG02-648x1024.jpg\" alt=\"A diretora de sua vida \u00e9 voc\u00ea\" srcset=\"https:\/\/gloriadeus.com\/wp-content\/uploads\/2025\/03\/250322AMDIMG02-648x1024.jpg 648w, https:\/\/gloriadeus.com\/wp-content\/uploads\/2025\/03\/250322AMDIMG02-190x300.jpg 190w, https:\/\/gloriadeus.com\/wp-content\/uploads\/2025\/03\/250322AMDIMG02.jpg 736w\" sizes=\"auto, (max-width: 648px) 100vw, 648px\" \/><button\n\t\t\tclass=\"lightbox-trigger\"\n\t\t\ttype=\"button\"\n\t\t\taria-haspopup=\"dialog\"\n\t\t\taria-label=\"Ampliar\"\n\t\t\tdata-wp-init=\"callbacks.initTriggerButton\"\n\t\t\tdata-wp-on--click=\"actions.showLightbox\"\n\t\t\tdata-wp-style--right=\"state.imageButtonRight\"\n\t\t\tdata-wp-style--top=\"state.imageButtonTop\"\n\t\t>\n\t\t\t<svg xmlns=\"http:\/\/www.w3.org\/2000\/svg\" width=\"12\" height=\"12\" fill=\"none\" viewBox=\"0 0 12 12\">\n\t\t\t\t<path fill=\"#fff\" d=\"M2 0a2 2 0 0 0-2 2v2h1.5V2a.5.5 0 0 1 .5-.5h2V0H2Zm2 10.5H2a.5.5 0 0 1-.5-.5V8H0v2a2 2 0 0 0 2 2h2v-1.5ZM8 12v-1.5h2a.5.5 0 0 0 .5-.5V8H12v2a2 2 0 0 1-2 2H8Zm2-12a2 2 0 0 1 2 2v2h-1.5V2a.5.5 0 0 0-.5-.5H8V0h2Z\" \/>\n\t\t\t<\/svg>\n\t\t<\/button>\u00a0<\/figure>\r\n<p>Uma percep\u00e7\u00e3o que nos leva a assumir a responsabilidade por nossos atos, sejam eles positivos ou negativos, e nos motiva a nos tornarmos protagonistas em vez de coadjuvantes.<\/p>\r\n<p>\r\n\r\n<\/p>\r\n<h2 class=\"wp-block-heading\">A diretora de sua vida \u00e9 voc\u00ea<\/h2>\r\n<p>\r\n\r\n<\/p>\r\n<p>Sim! A vida, com suas m\u00faltiplas facetas, nos apresenta uma s\u00e9rie de encruzilhadas, onde cada decis\u00e3o, desde as mais triviais at\u00e9 as mais significativas, carrega o peso de nossas inten\u00e7\u00f5es e desejos. E \u00e9 exatamente nessa capacidade de escolha que reside o cerne da nossa autonomia.\u00a0<\/p>\r\n<p>\u00c9 vital que cultivemos a coragem de sonhar e a determina\u00e7\u00e3o de agir em dire\u00e7\u00e3o a esses sonhos, superando os medos e incertezas que podem tentar nos desviar do caminho desejado.\u00a0<\/p>\r\n\r\n\r\n\r\n<figure data-wp-context=\"{&quot;imageId&quot;:&quot;69fa36356dde8&quot;}\" data-wp-interactive=\"core\/image\" data-wp-key=\"69fa36356dde8\" class=\"wp-block-image size-full is-resized wp-lightbox-container\"><img loading=\"lazy\" decoding=\"async\" width=\"571\" height=\"1000\" data-wp-class--hide=\"state.isContentHidden\" data-wp-class--show=\"state.isContentVisible\" data-wp-init=\"callbacks.setButtonStyles\" data-wp-on--click=\"actions.showLightbox\" data-wp-on--load=\"callbacks.setButtonStyles\" data-wp-on-window--resize=\"callbacks.setButtonStyles\" class=\"wp-image-5893\" style=\"width: 301px; height: auto;\" src=\"https:\/\/gloriadeus.com\/wp-content\/uploads\/2025\/03\/250322AMDIMG03.jpg\" alt=\"A diretora de sua vida \u00e9 voc\u00ea\" srcset=\"https:\/\/gloriadeus.com\/wp-content\/uploads\/2025\/03\/250322AMDIMG03.jpg 571w, https:\/\/gloriadeus.com\/wp-content\/uploads\/2025\/03\/250322AMDIMG03-171x300.jpg 171w\" sizes=\"auto, (max-width: 571px) 100vw, 571px\" \/><button\n\t\t\tclass=\"lightbox-trigger\"\n\t\t\ttype=\"button\"\n\t\t\taria-haspopup=\"dialog\"\n\t\t\taria-label=\"Ampliar\"\n\t\t\tdata-wp-init=\"callbacks.initTriggerButton\"\n\t\t\tdata-wp-on--click=\"actions.showLightbox\"\n\t\t\tdata-wp-style--right=\"state.imageButtonRight\"\n\t\t\tdata-wp-style--top=\"state.imageButtonTop\"\n\t\t>\n\t\t\t<svg xmlns=\"http:\/\/www.w3.org\/2000\/svg\" width=\"12\" height=\"12\" fill=\"none\" viewBox=\"0 0 12 12\">\n\t\t\t\t<path fill=\"#fff\" d=\"M2 0a2 2 0 0 0-2 2v2h1.5V2a.5.5 0 0 1 .5-.5h2V0H2Zm2 10.5H2a.5.5 0 0 1-.5-.5V8H0v2a2 2 0 0 0 2 2h2v-1.5ZM8 12v-1.5h2a.5.5 0 0 0 .5-.5V8H12v2a2 2 0 0 1-2 2H8Zm2-12a2 2 0 0 1 2 2v2h-1.5V2a.5.5 0 0 0-.5-.5H8V0h2Z\" \/>\n\t\t\t<\/svg>\n\t\t<\/button>\u00a0<\/figure>\r\n<p>Ao nos tornarmos conscientes de nossa pr\u00f3pria for\u00e7a, podemos come\u00e7ar a desenhar um roteiro que ressoe com nossa verdade interior, ao inv\u00e9s de seguir scripts impostos por outros. Dessa forma, nossa trajet\u00f3ria se torna uma express\u00e3o aut\u00eantica de quem realmente somos, um reflexo de nossos valores, paix\u00f5es e vis\u00e3o de futuro.\u00a0<\/p>\r\n<h2><strong>Para assumir o controle da vida e ser minha pr\u00f3pria diretora<\/strong><\/h2>\r\n<p>Ao assumir o papel de diretoras de nossas vidas, n\u00e3o apenas influenciamos nosso pr\u00f3prio bem-estar e realiza\u00e7\u00f5es, mas tamb\u00e9m inspiramos aqueles que nos rodeiam a se tornarem tamb\u00e9m protagonistas de suas pr\u00f3prias hist\u00f3rias, criando um ciclo virtuoso de empoderamento e autenticidade.<\/p>\r\n<p>Uma jornada de autoafirma\u00e7\u00e3o e responsabiliza\u00e7\u00e3o n\u00e3o \u00e9 isenta de dificuldades, mas cada obst\u00e1culo superado fortalece nossa resolu\u00e7\u00e3o e nos ensina valiosas li\u00e7\u00f5es, permitindo que evoluamos constantemente e nos reinventemos.<\/p>\r\n\r\n\r\n\r\n<figure data-wp-context=\"{&quot;imageId&quot;:&quot;69fa36356e1c1&quot;}\" data-wp-interactive=\"core\/image\" data-wp-key=\"69fa36356e1c1\" class=\"wp-block-image size-full is-resized wp-lightbox-container\"><img loading=\"lazy\" decoding=\"async\" width=\"736\" height=\"920\" data-wp-class--hide=\"state.isContentHidden\" data-wp-class--show=\"state.isContentVisible\" data-wp-init=\"callbacks.setButtonStyles\" data-wp-on--click=\"actions.showLightbox\" data-wp-on--load=\"callbacks.setButtonStyles\" data-wp-on-window--resize=\"callbacks.setButtonStyles\" class=\"wp-image-5895\" style=\"width: 287px; height: auto;\" src=\"https:\/\/gloriadeus.com\/wp-content\/uploads\/2025\/03\/250322AMDIMG04.jpg\" alt=\"A diretora de sua vida \u00e9 voc\u00ea\" srcset=\"https:\/\/gloriadeus.com\/wp-content\/uploads\/2025\/03\/250322AMDIMG04.jpg 736w, https:\/\/gloriadeus.com\/wp-content\/uploads\/2025\/03\/250322AMDIMG04-240x300.jpg 240w\" sizes=\"auto, (max-width: 736px) 100vw, 736px\" \/><button\n\t\t\tclass=\"lightbox-trigger\"\n\t\t\ttype=\"button\"\n\t\t\taria-haspopup=\"dialog\"\n\t\t\taria-label=\"Ampliar\"\n\t\t\tdata-wp-init=\"callbacks.initTriggerButton\"\n\t\t\tdata-wp-on--click=\"actions.showLightbox\"\n\t\t\tdata-wp-style--right=\"state.imageButtonRight\"\n\t\t\tdata-wp-style--top=\"state.imageButtonTop\"\n\t\t>\n\t\t\t<svg xmlns=\"http:\/\/www.w3.org\/2000\/svg\" width=\"12\" height=\"12\" fill=\"none\" viewBox=\"0 0 12 12\">\n\t\t\t\t<path fill=\"#fff\" d=\"M2 0a2 2 0 0 0-2 2v2h1.5V2a.5.5 0 0 1 .5-.5h2V0H2Zm2 10.5H2a.5.5 0 0 1-.5-.5V8H0v2a2 2 0 0 0 2 2h2v-1.5ZM8 12v-1.5h2a.5.5 0 0 0 .5-.5V8H12v2a2 2 0 0 1-2 2H8Zm2-12a2 2 0 0 1 2 2v2h-1.5V2a.5.5 0 0 0-.5-.5H8V0h2Z\" \/>\n\t\t\t<\/svg>\n\t\t<\/button>\u00a0<\/figure>\r\n<p>Ao olharmos para nossas vidas como um filme em constante desenvolvimento, podemos perceber que a verdadeira m\u00e1gica acontece quando somos capazes de construir narrativas que n\u00e3o apenas nos satisfazem, mas que tamb\u00e9m t\u00eam o potencial de impactar positivamente o mundo ao nosso redor.\u00a0<\/p>\r\n<h3><strong>Empodere-se e tome decis\u00f5es que capazes de transformar a sua vida na melhor fase dela\u00a0<\/strong><\/h3>\r\n<p>Ser a diretora de nossas vidas significa exercer nosso poder de escolha com consci\u00eancia e inten\u00e7\u00e3o, abra\u00e7ando nossa individualidade e nos comprometendo a criar um enredo que respeite nossa ess\u00eancia e nos leve a um futuro que almejamos.<\/p>\r\n<p>De modo que, n\u00e3o apenas nos realizamos, mas tamb\u00e9m mostramos que cada um tem em si a capacidade de criar e viver uma vida plena e significativa, repleta de conquistas e aprendizado.\u00a0<\/p>\r\n\r\n\r\n\r\n\r\n","protected":false},"excerpt":{"rendered":"<p>Em um mundo repleto de desafios, expectativas e influ\u00eancias externas, muitas vezes podemos nos sentir como meros espectadores de nossas &hellip; <\/p>\n","protected":false},"author":1,"featured_media":5898,"parent":0,"menu_order":0,"comment_status":"closed","ping_status":"closed","template":"","meta":{"_uf_show_specific_survey":0,"_uf_disable_surveys":false,"footnotes":""},"class_list":["post-5871","page","type-page","status-publish","has-post-thumbnail","hentry"],"yoast_head":"<!-- This site is optimized with the Yoast SEO plugin v27.5 - https:\/\/yoast.com\/product\/yoast-seo-wordpress\/ -->\n<title>A diretora de sua vida \u00e9 voc\u00ea - Gl\u00f3ria Deus<\/title>\n<meta name=\"robots\" content=\"index, follow, max-snippet:-1, max-image-preview:large, max-video-preview:-1\" \/>\n<link rel=\"canonical\" href=\"https:\/\/gloriadeus.com\/home\/a-diretora-de-sua-vida-e-voce\/\" \/>\n<meta property=\"og:locale\" content=\"pt_BR\" \/>\n<meta property=\"og:type\" content=\"article\" \/>\n<meta property=\"og:title\" content=\"A diretora de sua vida \u00e9 voc\u00ea - Gl\u00f3ria Deus\" \/>\n<meta property=\"og:description\" content=\"Em um mundo repleto de desafios, expectativas e influ\u00eancias externas, muitas vezes podemos nos sentir como meros espectadores de nossas &hellip;\" \/>\n<meta property=\"og:url\" content=\"https:\/\/gloriadeus.com\/home\/a-diretora-de-sua-vida-e-voce\/\" \/>\n<meta property=\"og:site_name\" content=\"Gl\u00f3ria Deus\" \/>\n<meta property=\"article:modified_time\" content=\"2026-01-31T20:13:19+00:00\" \/>\n<meta property=\"og:image\" content=\"https:\/\/gloriadeus.com\/wp-content\/uploads\/2025\/03\/250322AMDIMG02-1.jpg\" \/>\n\t<meta property=\"og:image:width\" content=\"736\" \/>\n\t<meta property=\"og:image:height\" content=\"1163\" \/>\n\t<meta property=\"og:image:type\" content=\"image\/jpeg\" \/>\n<meta name=\"twitter:card\" content=\"summary_large_image\" \/>\n<meta name=\"twitter:label1\" content=\"Est. tempo de leitura\" \/>\n\t<meta name=\"twitter:data1\" content=\"4 minutos\" \/>\n<script type=\"application\/ld+json\" class=\"yoast-schema-graph\">{\"@context\":\"https:\\\/\\\/schema.org\",\"@graph\":[{\"@type\":\"WebPage\",\"@id\":\"https:\\\/\\\/gloriadeus.com\\\/home\\\/a-diretora-de-sua-vida-e-voce\\\/\",\"url\":\"https:\\\/\\\/gloriadeus.com\\\/home\\\/a-diretora-de-sua-vida-e-voce\\\/\",\"name\":\"A diretora de sua vida \u00e9 voc\u00ea - Gl\u00f3ria Deus\",\"isPartOf\":{\"@id\":\"https:\\\/\\\/gloriadeus.com\\\/home\\\/#website\"},\"primaryImageOfPage\":{\"@id\":\"https:\\\/\\\/gloriadeus.com\\\/home\\\/a-diretora-de-sua-vida-e-voce\\\/#primaryimage\"},\"image\":{\"@id\":\"https:\\\/\\\/gloriadeus.com\\\/home\\\/a-diretora-de-sua-vida-e-voce\\\/#primaryimage\"},\"thumbnailUrl\":\"https:\\\/\\\/gloriadeus.com\\\/wp-content\\\/uploads\\\/2025\\\/03\\\/250322AMDIMG02-1.jpg\",\"datePublished\":\"2026-01-23T05:57:49+00:00\",\"dateModified\":\"2026-01-31T20:13:19+00:00\",\"breadcrumb\":{\"@id\":\"https:\\\/\\\/gloriadeus.com\\\/home\\\/a-diretora-de-sua-vida-e-voce\\\/#breadcrumb\"},\"inLanguage\":\"pt-BR\",\"potentialAction\":[{\"@type\":\"ReadAction\",\"target\":[\"https:\\\/\\\/gloriadeus.com\\\/home\\\/a-diretora-de-sua-vida-e-voce\\\/\"]}]},{\"@type\":\"ImageObject\",\"inLanguage\":\"pt-BR\",\"@id\":\"https:\\\/\\\/gloriadeus.com\\\/home\\\/a-diretora-de-sua-vida-e-voce\\\/#primaryimage\",\"url\":\"https:\\\/\\\/gloriadeus.com\\\/wp-content\\\/uploads\\\/2025\\\/03\\\/250322AMDIMG02-1.jpg\",\"contentUrl\":\"https:\\\/\\\/gloriadeus.com\\\/wp-content\\\/uploads\\\/2025\\\/03\\\/250322AMDIMG02-1.jpg\",\"width\":736,\"height\":1163,\"caption\":\"A diretora de sua vida \u00e9 voc\u00ea\"},{\"@type\":\"BreadcrumbList\",\"@id\":\"https:\\\/\\\/gloriadeus.com\\\/home\\\/a-diretora-de-sua-vida-e-voce\\\/#breadcrumb\",\"itemListElement\":[{\"@type\":\"ListItem\",\"position\":1,\"name\":\"In\u00edcio\",\"item\":\"https:\\\/\\\/gloriadeus.com\\\/home\\\/\"},{\"@type\":\"ListItem\",\"position\":2,\"name\":\"A diretora de sua vida \u00e9 voc\u00ea\"}]},{\"@type\":\"WebSite\",\"@id\":\"https:\\\/\\\/gloriadeus.com\\\/home\\\/#website\",\"url\":\"https:\\\/\\\/gloriadeus.com\\\/home\\\/\",\"name\":\"Gloria Deus\",\"description\":\"\u21a8 Deslize para descobrir mais \u21a8\",\"publisher\":{\"@id\":\"https:\\\/\\\/gloriadeus.com\\\/home\\\/#\\\/schema\\\/person\\\/ab2365ca8f87ea38e53ba3c2275e65c4\"},\"alternateName\":\"Muita f\u00e9\",\"potentialAction\":[{\"@type\":\"SearchAction\",\"target\":{\"@type\":\"EntryPoint\",\"urlTemplate\":\"https:\\\/\\\/gloriadeus.com\\\/home\\\/?s={search_term_string}\"},\"query-input\":{\"@type\":\"PropertyValueSpecification\",\"valueRequired\":true,\"valueName\":\"search_term_string\"}}],\"inLanguage\":\"pt-BR\"},{\"@type\":[\"Person\",\"Organization\"],\"@id\":\"https:\\\/\\\/gloriadeus.com\\\/home\\\/#\\\/schema\\\/person\\\/ab2365ca8f87ea38e53ba3c2275e65c4\",\"name\":\"gloriadeus.com\",\"image\":{\"@type\":\"ImageObject\",\"inLanguage\":\"pt-BR\",\"@id\":\"https:\\\/\\\/gloriadeus.com\\\/wp-content\\\/uploads\\\/2024\\\/03\\\/230525DDPNG-21.png\",\"url\":\"https:\\\/\\\/gloriadeus.com\\\/wp-content\\\/uploads\\\/2024\\\/03\\\/230525DDPNG-21.png\",\"contentUrl\":\"https:\\\/\\\/gloriadeus.com\\\/wp-content\\\/uploads\\\/2024\\\/03\\\/230525DDPNG-21.png\",\"width\":220,\"height\":230,\"caption\":\"gloriadeus.com\"},\"logo\":{\"@id\":\"https:\\\/\\\/gloriadeus.com\\\/wp-content\\\/uploads\\\/2024\\\/03\\\/230525DDPNG-21.png\"},\"sameAs\":[\"https:\\\/\\\/gloriadeus.com\"]}]}<\/script>\n<!-- \/ Yoast SEO plugin. -->","yoast_head_json":{"title":"A diretora de sua vida \u00e9 voc\u00ea - Gl\u00f3ria Deus","robots":{"index":"index","follow":"follow","max-snippet":"max-snippet:-1","max-image-preview":"max-image-preview:large","max-video-preview":"max-video-preview:-1"},"canonical":"https:\/\/gloriadeus.com\/home\/a-diretora-de-sua-vida-e-voce\/","og_locale":"pt_BR","og_type":"article","og_title":"A diretora de sua vida \u00e9 voc\u00ea - Gl\u00f3ria Deus","og_description":"Em um mundo repleto de desafios, expectativas e influ\u00eancias externas, muitas vezes podemos nos sentir como meros espectadores de nossas &hellip;","og_url":"https:\/\/gloriadeus.com\/home\/a-diretora-de-sua-vida-e-voce\/","og_site_name":"Gl\u00f3ria Deus","article_modified_time":"2026-01-31T20:13:19+00:00","og_image":[{"width":736,"height":1163,"url":"https:\/\/gloriadeus.com\/wp-content\/uploads\/2025\/03\/250322AMDIMG02-1.jpg","type":"image\/jpeg"}],"twitter_card":"summary_large_image","twitter_misc":{"Est. tempo de leitura":"4 minutos"},"schema":{"@context":"https:\/\/schema.org","@graph":[{"@type":"WebPage","@id":"https:\/\/gloriadeus.com\/home\/a-diretora-de-sua-vida-e-voce\/","url":"https:\/\/gloriadeus.com\/home\/a-diretora-de-sua-vida-e-voce\/","name":"A diretora de sua vida \u00e9 voc\u00ea - Gl\u00f3ria Deus","isPartOf":{"@id":"https:\/\/gloriadeus.com\/home\/#website"},"primaryImageOfPage":{"@id":"https:\/\/gloriadeus.com\/home\/a-diretora-de-sua-vida-e-voce\/#primaryimage"},"image":{"@id":"https:\/\/gloriadeus.com\/home\/a-diretora-de-sua-vida-e-voce\/#primaryimage"},"thumbnailUrl":"https:\/\/gloriadeus.com\/wp-content\/uploads\/2025\/03\/250322AMDIMG02-1.jpg","datePublished":"2026-01-23T05:57:49+00:00","dateModified":"2026-01-31T20:13:19+00:00","breadcrumb":{"@id":"https:\/\/gloriadeus.com\/home\/a-diretora-de-sua-vida-e-voce\/#breadcrumb"},"inLanguage":"pt-BR","potentialAction":[{"@type":"ReadAction","target":["https:\/\/gloriadeus.com\/home\/a-diretora-de-sua-vida-e-voce\/"]}]},{"@type":"ImageObject","inLanguage":"pt-BR","@id":"https:\/\/gloriadeus.com\/home\/a-diretora-de-sua-vida-e-voce\/#primaryimage","url":"https:\/\/gloriadeus.com\/wp-content\/uploads\/2025\/03\/250322AMDIMG02-1.jpg","contentUrl":"https:\/\/gloriadeus.com\/wp-content\/uploads\/2025\/03\/250322AMDIMG02-1.jpg","width":736,"height":1163,"caption":"A diretora de sua vida \u00e9 voc\u00ea"},{"@type":"BreadcrumbList","@id":"https:\/\/gloriadeus.com\/home\/a-diretora-de-sua-vida-e-voce\/#breadcrumb","itemListElement":[{"@type":"ListItem","position":1,"name":"In\u00edcio","item":"https:\/\/gloriadeus.com\/home\/"},{"@type":"ListItem","position":2,"name":"A diretora de sua vida \u00e9 voc\u00ea"}]},{"@type":"WebSite","@id":"https:\/\/gloriadeus.com\/home\/#website","url":"https:\/\/gloriadeus.com\/home\/","name":"Gloria Deus","description":"\u21a8 Deslize para descobrir mais \u21a8","publisher":{"@id":"https:\/\/gloriadeus.com\/home\/#\/schema\/person\/ab2365ca8f87ea38e53ba3c2275e65c4"},"alternateName":"Muita f\u00e9","potentialAction":[{"@type":"SearchAction","target":{"@type":"EntryPoint","urlTemplate":"https:\/\/gloriadeus.com\/home\/?s={search_term_string}"},"query-input":{"@type":"PropertyValueSpecification","valueRequired":true,"valueName":"search_term_string"}}],"inLanguage":"pt-BR"},{"@type":["Person","Organization"],"@id":"https:\/\/gloriadeus.com\/home\/#\/schema\/person\/ab2365ca8f87ea38e53ba3c2275e65c4","name":"gloriadeus.com","image":{"@type":"ImageObject","inLanguage":"pt-BR","@id":"https:\/\/gloriadeus.com\/wp-content\/uploads\/2024\/03\/230525DDPNG-21.png","url":"https:\/\/gloriadeus.com\/wp-content\/uploads\/2024\/03\/230525DDPNG-21.png","contentUrl":"https:\/\/gloriadeus.com\/wp-content\/uploads\/2024\/03\/230525DDPNG-21.png","width":220,"height":230,"caption":"gloriadeus.com"},"logo":{"@id":"https:\/\/gloriadeus.com\/wp-content\/uploads\/2024\/03\/230525DDPNG-21.png"},"sameAs":["https:\/\/gloriadeus.com"]}]}},"_links":{"self":[{"href":"https:\/\/gloriadeus.com\/home\/wp-json\/wp\/v2\/pages\/5871","targetHints":{"allow":["GET"]}}],"collection":[{"href":"https:\/\/gloriadeus.com\/home\/wp-json\/wp\/v2\/pages"}],"about":[{"href":"https:\/\/gloriadeus.com\/home\/wp-json\/wp\/v2\/types\/page"}],"author":[{"embeddable":true,"href":"https:\/\/gloriadeus.com\/home\/wp-json\/wp\/v2\/users\/1"}],"replies":[{"embeddable":true,"href":"https:\/\/gloriadeus.com\/home\/wp-json\/wp\/v2\/comments?post=5871"}],"version-history":[{"count":9,"href":"https:\/\/gloriadeus.com\/home\/wp-json\/wp\/v2\/pages\/5871\/revisions"}],"predecessor-version":[{"id":10269,"href":"https:\/\/gloriadeus.com\/home\/wp-json\/wp\/v2\/pages\/5871\/revisions\/10269"}],"wp:featuredmedia":[{"embeddable":true,"href":"https:\/\/gloriadeus.com\/home\/wp-json\/wp\/v2\/media\/5898"}],"wp:attachment":[{"href":"https:\/\/gloriadeus.com\/home\/wp-json\/wp\/v2\/media?parent=5871"}],"curies":[{"name":"wp","href":"https:\/\/api.w.org\/{rel}","templated":true}]}}