{"id":5723,"date":"2026-01-19T13:39:52","date_gmt":"2026-01-19T16:39:52","guid":{"rendered":"https:\/\/gloriadeus.com\/?page_id=5723"},"modified":"2026-02-03T15:38:51","modified_gmt":"2026-02-03T18:38:51","slug":"sagitariana-tranquila","status":"publish","type":"page","link":"https:\/\/gloriadeus.com\/home\/sagitariana-tranquila\/","title":{"rendered":"Sagitariana tranquila"},"content":{"rendered":"<!-- subtitulo, palavra e paragrafo ok -->\r\n\r\n\r\n\r\n<figure class=\"wp-lightbox-container\" data-wp-context=\"{&quot;imageId&quot;:&quot;69fa282a3133d&quot;}\" data-wp-interactive=\"core\/image\" data-wp-key=\"69fa282a3133d\">A sagitariana, conhecida por seu esp\u00edrito livre e aventureiro, possui uma dimens\u00e3o tranquila que se revela nas pequenas atitudes do dia a dia, como quando aprecia um nascer do sol em sil\u00eancio, sentindo a energia do novo dia, ou quando se entrega a uma boa leitura, mergulhando em mundos desconhecidos que alimentam sua mente curiosa, enquanto toma um caf\u00e9 quente que conforta a alma.\u00a0<\/figure>\r\n<figure class=\"wp-block-image size-large is-resized\"><img loading=\"lazy\" decoding=\"async\" width=\"270\" height=\"275\" data-wp-class--hide=\"state.isContentHidden\" data-wp-class--show=\"state.isContentVisible\" data-wp-init=\"callbacks.setButtonStyles\" data-wp-on--click=\"actions.showLightbox\" data-wp-on--load=\"callbacks.setButtonStyles\" data-wp-on-window--resize=\"callbacks.setButtonStyles\" class=\"wp-image-5724\" style=\"width: 280px; height: auto;\" src=\"https:\/\/gloriadeus.com\/wp-content\/uploads\/2025\/03\/230331DDIMG01dd.jpg\" alt=\"Sagitariana tranquila \" \/><button\n\t\t\tclass=\"lightbox-trigger\"\n\t\t\ttype=\"button\"\n\t\t\taria-haspopup=\"dialog\"\n\t\t\taria-label=\"Ampliar\"\n\t\t\tdata-wp-init=\"callbacks.initTriggerButton\"\n\t\t\tdata-wp-on--click=\"actions.showLightbox\"\n\t\t\tdata-wp-style--right=\"state.imageButtonRight\"\n\t\t\tdata-wp-style--top=\"state.imageButtonTop\"\n\t\t>\n\t\t\t<svg xmlns=\"http:\/\/www.w3.org\/2000\/svg\" width=\"12\" height=\"12\" fill=\"none\" viewBox=\"0 0 12 12\">\n\t\t\t\t<path fill=\"#fff\" d=\"M2 0a2 2 0 0 0-2 2v2h1.5V2a.5.5 0 0 1 .5-.5h2V0H2Zm2 10.5H2a.5.5 0 0 1-.5-.5V8H0v2a2 2 0 0 0 2 2h2v-1.5ZM8 12v-1.5h2a.5.5 0 0 0 .5-.5V8H12v2a2 2 0 0 1-2 2H8Zm2-12a2 2 0 0 1 2 2v2h-1.5V2a.5.5 0 0 0-.5-.5H8V0h2Z\" \/>\n\t\t\t<\/svg>\n\t\t<\/button>\u00a0<\/figure>\r\n\r\n\r\n\r\n<p>Em momentos de reflex\u00e3o, ela se permite sonhar acordada, imaginando futuros poss\u00edveis, sem pressa, apenas contemplando as possibilidades e deixando que sua imagina\u00e7\u00e3o a transporte para lugares de infinitas aventuras e aprendizado.\u00a0<\/p>\r\n<h2>Um signo livre que se conecta com facilidade a natureza\u00a0<\/h2>\r\n<p>Durante um passeio ao ar livre, a sagitariana se conecta com a natureza, observando cuidadosamente as cores das flores e os sons dos p\u00e1ssaros, encantando-se com a simplicidade da vida, o que a ajuda a recarregar suas energias e encontrar paz interior.\u00a0<\/p>\r\n\r\n\r\n\r\n<figure data-wp-context=\"{&quot;imageId&quot;:&quot;69fa282a317b1&quot;}\" data-wp-interactive=\"core\/image\" data-wp-key=\"69fa282a317b1\" class=\"wp-block-image size-large is-resized wp-lightbox-container\"><img loading=\"lazy\" decoding=\"async\" width=\"329\" height=\"622\" data-wp-class--hide=\"state.isContentHidden\" data-wp-class--show=\"state.isContentVisible\" data-wp-init=\"callbacks.setButtonStyles\" data-wp-on--click=\"actions.showLightbox\" data-wp-on--load=\"callbacks.setButtonStyles\" data-wp-on-window--resize=\"callbacks.setButtonStyles\" class=\"wp-image-5726\" style=\"width: 329px; height: auto;\" src=\"https:\/\/gloriadeus.com\/wp-content\/uploads\/2025\/03\/2019Ag19PPIMG10.jpg\" alt=\"Sagitariana tranquila \" srcset=\"https:\/\/gloriadeus.com\/wp-content\/uploads\/2025\/03\/2019Ag19PPIMG10.jpg 329w, https:\/\/gloriadeus.com\/wp-content\/uploads\/2025\/03\/2019Ag19PPIMG10-159x300.jpg 159w\" sizes=\"auto, (max-width: 329px) 100vw, 329px\" \/><button\n\t\t\tclass=\"lightbox-trigger\"\n\t\t\ttype=\"button\"\n\t\t\taria-haspopup=\"dialog\"\n\t\t\taria-label=\"Ampliar\"\n\t\t\tdata-wp-init=\"callbacks.initTriggerButton\"\n\t\t\tdata-wp-on--click=\"actions.showLightbox\"\n\t\t\tdata-wp-style--right=\"state.imageButtonRight\"\n\t\t\tdata-wp-style--top=\"state.imageButtonTop\"\n\t\t>\n\t\t\t<svg xmlns=\"http:\/\/www.w3.org\/2000\/svg\" width=\"12\" height=\"12\" fill=\"none\" viewBox=\"0 0 12 12\">\n\t\t\t\t<path fill=\"#fff\" d=\"M2 0a2 2 0 0 0-2 2v2h1.5V2a.5.5 0 0 1 .5-.5h2V0H2Zm2 10.5H2a.5.5 0 0 1-.5-.5V8H0v2a2 2 0 0 0 2 2h2v-1.5ZM8 12v-1.5h2a.5.5 0 0 0 .5-.5V8H12v2a2 2 0 0 1-2 2H8Zm2-12a2 2 0 0 1 2 2v2h-1.5V2a.5.5 0 0 0-.5-.5H8V0h2Z\" \/>\n\t\t\t<\/svg>\n\t\t<\/button>\u00a0<\/figure>\r\n<p>Quando conversa com amigos, sua <strong>forma tranquila<\/strong> de ouvir \u00e9 digna de nota, pois ela oferece aten\u00e7\u00e3o genu\u00edna, valorizando as hist\u00f3rias compartilhadas e proporcionando um espa\u00e7o seguro para o desabafo, tudo isso enquanto se despede das preocupa\u00e7\u00f5es do cotidiano, sorrindo e rindo com sinceridade.\u00a0<\/p>\r\n<p>Em momentos de desafio, essa nativa do fogo pode parecer calma e centrada, buscando uma solu\u00e7\u00e3o criativa em vez de se deixar consumir pela ansiedade, fazendo listas de alternativas e prioridades que a guiam no caminho da resolu\u00e7\u00e3o, tudo atrav\u00e9s de uma mente aberta e satisfeita.\u00a0<\/p>\r\n<h2>Sagit\u00e1rio cultiva uma sa\u00fade mental plena\u00a0<\/h2>\r\n<p>Cuidar de sua sa\u00fade mental \u00e9 outro aspecto importante para Sagitarianas e Sagitarianos, levando-a a praticar medita\u00e7\u00e3o de forma regular, buscando um equil\u00edbrio que a mant\u00e9m otimista e em sintonia consigo mesma, onde cada respira\u00e7\u00e3o \u00e9 um lembrete de seu poder pessoal e sua conex\u00e3o com o universo.\u00a0<\/p>\r\n\r\n\r\n\r\n<figure data-wp-context=\"{&quot;imageId&quot;:&quot;69fa282a31b6f&quot;}\" data-wp-interactive=\"core\/image\" data-wp-key=\"69fa282a31b6f\" class=\"wp-block-image size-large is-resized wp-lightbox-container\"><img loading=\"lazy\" decoding=\"async\" width=\"540\" height=\"960\" data-wp-class--hide=\"state.isContentHidden\" data-wp-class--show=\"state.isContentVisible\" data-wp-init=\"callbacks.setButtonStyles\" data-wp-on--click=\"actions.showLightbox\" data-wp-on--load=\"callbacks.setButtonStyles\" data-wp-on-window--resize=\"callbacks.setButtonStyles\" class=\"wp-image-5725\" style=\"width: 276px; height: auto;\" src=\"https:\/\/gloriadeus.com\/wp-content\/uploads\/2025\/03\/40-20031401SAIMG11-25.jpg\" alt=\"Sagitariana tranquila \" srcset=\"https:\/\/gloriadeus.com\/wp-content\/uploads\/2025\/03\/40-20031401SAIMG11-25.jpg 540w, https:\/\/gloriadeus.com\/wp-content\/uploads\/2025\/03\/40-20031401SAIMG11-25-169x300.jpg 169w\" sizes=\"auto, (max-width: 540px) 100vw, 540px\" \/><button\n\t\t\tclass=\"lightbox-trigger\"\n\t\t\ttype=\"button\"\n\t\t\taria-haspopup=\"dialog\"\n\t\t\taria-label=\"Ampliar\"\n\t\t\tdata-wp-init=\"callbacks.initTriggerButton\"\n\t\t\tdata-wp-on--click=\"actions.showLightbox\"\n\t\t\tdata-wp-style--right=\"state.imageButtonRight\"\n\t\t\tdata-wp-style--top=\"state.imageButtonTop\"\n\t\t>\n\t\t\t<svg xmlns=\"http:\/\/www.w3.org\/2000\/svg\" width=\"12\" height=\"12\" fill=\"none\" viewBox=\"0 0 12 12\">\n\t\t\t\t<path fill=\"#fff\" d=\"M2 0a2 2 0 0 0-2 2v2h1.5V2a.5.5 0 0 1 .5-.5h2V0H2Zm2 10.5H2a.5.5 0 0 1-.5-.5V8H0v2a2 2 0 0 0 2 2h2v-1.5ZM8 12v-1.5h2a.5.5 0 0 0 .5-.5V8H12v2a2 2 0 0 1-2 2H8Zm2-12a2 2 0 0 1 2 2v2h-1.5V2a.5.5 0 0 0-.5-.5H8V0h2Z\" \/>\n\t\t\t<\/svg>\n\t\t<\/button>\u00a0<\/figure>\r\n\r\n\r\n\r\n<p>Assistir a um filme inspirador ou ouvir uma m\u00fasica que a emociona, tamb\u00e9m faz parte de suas atitudes calmas, como se aquela pausa para as artes fosse um ritual sagrado que alimenta seu ser interior e a conecta com suas emo\u00e7\u00f5es mais profundas, lembrando-a da import\u00e2ncia de sentir e viver plenamente cada instante.<\/p>\r\n<p>Na conviv\u00eancia com a fam\u00edlia, a sagitariana sabe ser leve, ela adora organizar confraterniza\u00e7\u00f5es, onde todos podem compartilhar risadas e criar mem\u00f3rias, transformando momentos simples em celebra\u00e7\u00f5es que fortalecem os v\u00ednculos e trazem alegria ao cora\u00e7\u00e3o.\u00a0<\/p>\r\n<h2>O signo lida com problemas tranquilamente\u00a0<\/h2>\r\n<p>Sua forma tranquila de lidar com os problemas \u00e9 admir\u00e1vel: em vez de evitar conflitos, ela busca conversar abertamente, penetra a ess\u00eancia do que est\u00e1 acontecendo, tentando ver as coisas pela perspectiva do outro, valorizando a empatia e a uni\u00e3o.\u00a0<\/p>\r\n\r\n\r\n\r\n<figure data-wp-context=\"{&quot;imageId&quot;:&quot;69fa282a31f67&quot;}\" data-wp-interactive=\"core\/image\" data-wp-key=\"69fa282a31f67\" class=\"wp-block-image size-large is-resized wp-lightbox-container\"><img loading=\"lazy\" decoding=\"async\" width=\"736\" height=\"736\" data-wp-class--hide=\"state.isContentHidden\" data-wp-class--show=\"state.isContentVisible\" data-wp-init=\"callbacks.setButtonStyles\" data-wp-on--click=\"actions.showLightbox\" data-wp-on--load=\"callbacks.setButtonStyles\" data-wp-on-window--resize=\"callbacks.setButtonStyles\" class=\"wp-image-5728\" style=\"width: 324px; height: auto;\" src=\"https:\/\/gloriadeus.com\/wp-content\/uploads\/2025\/03\/230331DDIMG04.jpg\" alt=\"Sagitariana tranquila \" srcset=\"https:\/\/gloriadeus.com\/wp-content\/uploads\/2025\/03\/230331DDIMG04.jpg 736w, https:\/\/gloriadeus.com\/wp-content\/uploads\/2025\/03\/230331DDIMG04-300x300.jpg 300w, https:\/\/gloriadeus.com\/wp-content\/uploads\/2025\/03\/230331DDIMG04-150x150.jpg 150w\" sizes=\"auto, (max-width: 736px) 100vw, 736px\" \/><button\n\t\t\tclass=\"lightbox-trigger\"\n\t\t\ttype=\"button\"\n\t\t\taria-haspopup=\"dialog\"\n\t\t\taria-label=\"Ampliar\"\n\t\t\tdata-wp-init=\"callbacks.initTriggerButton\"\n\t\t\tdata-wp-on--click=\"actions.showLightbox\"\n\t\t\tdata-wp-style--right=\"state.imageButtonRight\"\n\t\t\tdata-wp-style--top=\"state.imageButtonTop\"\n\t\t>\n\t\t\t<svg xmlns=\"http:\/\/www.w3.org\/2000\/svg\" width=\"12\" height=\"12\" fill=\"none\" viewBox=\"0 0 12 12\">\n\t\t\t\t<path fill=\"#fff\" d=\"M2 0a2 2 0 0 0-2 2v2h1.5V2a.5.5 0 0 1 .5-.5h2V0H2Zm2 10.5H2a.5.5 0 0 1-.5-.5V8H0v2a2 2 0 0 0 2 2h2v-1.5ZM8 12v-1.5h2a.5.5 0 0 0 .5-.5V8H12v2a2 2 0 0 1-2 2H8Zm2-12a2 2 0 0 1 2 2v2h-1.5V2a.5.5 0 0 0-.5-.5H8V0h2Z\" \/>\n\t\t\t<\/svg>\n\t\t<\/button>\u00a0<\/figure>\r\n<p>Quando a pessoa de Sagit\u00e1rio vai a um lugar novo, sua aten\u00e7\u00e3o \u00e9 voltada aos detalhes, ela saboreia cada sabor, aprecia cada aroma e captura cada cena com os olhos curiosos, como uma artista em busca de inspira\u00e7\u00e3o, al\u00e9m de fazer amizade com qualquer pessoa, tornando a jornada ainda mais rica e cheia de hist\u00f3rias para contar.<\/p>\r\n<p>A sagitariana tamb\u00e9m \u00e9 conhecida por sua capacidade de rir de si mesma, ela n\u00e3o se leva a s\u00e9rio, e isso a ajuda a enfrentar as adversidades com leveza, sempre buscando tirar alguma li\u00e7\u00e3o do que aconteceu, transformando qualquer pequena falha em uma nova oportunidade de aprendizado.\u00a0<\/p>\r\n<h2>A tranquilidade \u00e9 sua casa\u00a0<\/h2>\r\n<p>Em sua casa, o ambiente \u00e9 um reflexo dessa tranquilidade, incenso e velas arom\u00e1ticas criam uma atmosfera relaxante, enquanto plantas e objetos de viagens decoram os espa\u00e7os, fazendo dela um verdadeiro santu\u00e1rio onde pode se refugiar e recarregar as energias.\u00a0<\/p>\r\n<p>Quando se trata de amor, a sagitariana \u00e9 carinhosa e compreensiva, sempre incentivando o parceiro a seguir seus sonhos, apoiando-o com serenidade, criando uma rela\u00e7\u00e3o equilibrada onde ambos crescem juntos, e ela traz sempre um toque de aventura nas surpresas que planeja, mantendo o relacionamento vibrante.<\/p>\r\n\r\n\r\n\r\n<figure data-wp-context=\"{&quot;imageId&quot;:&quot;69fa282a32341&quot;}\" data-wp-interactive=\"core\/image\" data-wp-key=\"69fa282a32341\" class=\"wp-block-image size-large is-resized wp-lightbox-container\"><img loading=\"lazy\" decoding=\"async\" width=\"720\" height=\"720\" data-wp-class--hide=\"state.isContentHidden\" data-wp-class--show=\"state.isContentVisible\" data-wp-init=\"callbacks.setButtonStyles\" data-wp-on--click=\"actions.showLightbox\" data-wp-on--load=\"callbacks.setButtonStyles\" data-wp-on-window--resize=\"callbacks.setButtonStyles\" class=\"wp-image-5727\" style=\"width: 334px; height: auto;\" src=\"https:\/\/gloriadeus.com\/wp-content\/uploads\/2025\/03\/230331DDIMG06.jpg\" alt=\"Sagitariana tranquila \" srcset=\"https:\/\/gloriadeus.com\/wp-content\/uploads\/2025\/03\/230331DDIMG06.jpg 720w, https:\/\/gloriadeus.com\/wp-content\/uploads\/2025\/03\/230331DDIMG06-300x300.jpg 300w, https:\/\/gloriadeus.com\/wp-content\/uploads\/2025\/03\/230331DDIMG06-150x150.jpg 150w\" sizes=\"auto, (max-width: 720px) 100vw, 720px\" \/><button\n\t\t\tclass=\"lightbox-trigger\"\n\t\t\ttype=\"button\"\n\t\t\taria-haspopup=\"dialog\"\n\t\t\taria-label=\"Ampliar\"\n\t\t\tdata-wp-init=\"callbacks.initTriggerButton\"\n\t\t\tdata-wp-on--click=\"actions.showLightbox\"\n\t\t\tdata-wp-style--right=\"state.imageButtonRight\"\n\t\t\tdata-wp-style--top=\"state.imageButtonTop\"\n\t\t>\n\t\t\t<svg xmlns=\"http:\/\/www.w3.org\/2000\/svg\" width=\"12\" height=\"12\" fill=\"none\" viewBox=\"0 0 12 12\">\n\t\t\t\t<path fill=\"#fff\" d=\"M2 0a2 2 0 0 0-2 2v2h1.5V2a.5.5 0 0 1 .5-.5h2V0H2Zm2 10.5H2a.5.5 0 0 1-.5-.5V8H0v2a2 2 0 0 0 2 2h2v-1.5ZM8 12v-1.5h2a.5.5 0 0 0 .5-.5V8H12v2a2 2 0 0 1-2 2H8Zm2-12a2 2 0 0 1 2 2v2h-1.5V2a.5.5 0 0 0-.5-.5H8V0h2Z\" \/>\n\t\t\t<\/svg>\n\t\t<\/button>\u00a0<\/figure>\r\n<p>Os risos e a leveza s\u00e3o o mantra de uma pessoa do Signo de Sagit\u00e1rio \ud83d\ude01 Elas tendem a encontrar humor at\u00e9 nas situa\u00e7\u00f5es mais perplexas, fazendo piadas e criando uma atmosfera de alegria ao seu redor, nunca deixando que a vida a sobrecarregue.\u00a0<\/p>\r\n<h2>Capaz de projetar inspira\u00e7\u00e3o\u00a0<\/h2>\r\n<p>Em seus projetos pessoais, ela se organiza de maneira tranquila, sua lista de objetivos \u00e9 inspiradora, e a maneira como divide as metas em passos pequenos demonstra seu talento em planejar de forma pr\u00e1tica, mantendo a motiva\u00e7\u00e3o sempre alta, sem pressa para alcan\u00e7ar resultado.\u00a0<\/p>\r\n\r\n\r\n\r\n\r\n\r\n<figure data-wp-context=\"{&quot;imageId&quot;:&quot;69fa282a3276d&quot;}\" data-wp-interactive=\"core\/image\" data-wp-key=\"69fa282a3276d\" class=\"wp-block-image size-large is-resized wp-lightbox-container\"><img loading=\"lazy\" decoding=\"async\" width=\"736\" height=\"736\" data-wp-class--hide=\"state.isContentHidden\" data-wp-class--show=\"state.isContentVisible\" data-wp-init=\"callbacks.setButtonStyles\" data-wp-on--click=\"actions.showLightbox\" data-wp-on--load=\"callbacks.setButtonStyles\" data-wp-on-window--resize=\"callbacks.setButtonStyles\" class=\"wp-image-5729\" style=\"width: 382px; height: auto;\" src=\"https:\/\/gloriadeus.com\/wp-content\/uploads\/2025\/03\/230331DDIMG05.jpg\" alt=\"Sagitariana tranquila \" srcset=\"https:\/\/gloriadeus.com\/wp-content\/uploads\/2025\/03\/230331DDIMG05.jpg 736w, https:\/\/gloriadeus.com\/wp-content\/uploads\/2025\/03\/230331DDIMG05-300x300.jpg 300w, https:\/\/gloriadeus.com\/wp-content\/uploads\/2025\/03\/230331DDIMG05-150x150.jpg 150w\" sizes=\"auto, (max-width: 736px) 100vw, 736px\" \/><button\n\t\t\tclass=\"lightbox-trigger\"\n\t\t\ttype=\"button\"\n\t\t\taria-haspopup=\"dialog\"\n\t\t\taria-label=\"Ampliar\"\n\t\t\tdata-wp-init=\"callbacks.initTriggerButton\"\n\t\t\tdata-wp-on--click=\"actions.showLightbox\"\n\t\t\tdata-wp-style--right=\"state.imageButtonRight\"\n\t\t\tdata-wp-style--top=\"state.imageButtonTop\"\n\t\t>\n\t\t\t<svg xmlns=\"http:\/\/www.w3.org\/2000\/svg\" width=\"12\" height=\"12\" fill=\"none\" viewBox=\"0 0 12 12\">\n\t\t\t\t<path fill=\"#fff\" d=\"M2 0a2 2 0 0 0-2 2v2h1.5V2a.5.5 0 0 1 .5-.5h2V0H2Zm2 10.5H2a.5.5 0 0 1-.5-.5V8H0v2a2 2 0 0 0 2 2h2v-1.5ZM8 12v-1.5h2a.5.5 0 0 0 .5-.5V8H12v2a2 2 0 0 1-2 2H8Zm2-12a2 2 0 0 1 2 2v2h-1.5V2a.5.5 0 0 0-.5-.5H8V0h2Z\" \/>\n\t\t\t<\/svg>\n\t\t<\/button>\u00a0<\/figure>\r\n<p>Realmente, a sagitariana encontra beleza e tranquilidade em cada aspecto de sua vida, da simplicidade de um dia ensolarado \u00e0 complexidade das rela\u00e7\u00f5es humanas, sempre lembrando que a paz interior \u00e9 um dos maiores tesouros que ela pode cultivar.\u00a0<\/p>\r\n<p>Protegida por sua filosofia de vida leve, a sagitariana se destaca na busca por equil\u00edbrio, trazendo para seu cotidiano a sabedoria de que cada momento deve ser vivido com intensidade, mas tamb\u00e9m com serenidade, como um delicado equil\u00edbrio entre fogo e ar, entre a\u00e7\u00e3o e contempla\u00e7\u00e3o, refletindo um ser cativante e pleno, capaz de tocar a vida das pessoas ao seu redor com uma brisa fresca de esperan\u00e7a e otimismo.<\/p>\r\n\r\n\r\n","protected":false},"excerpt":{"rendered":"<p>Em momentos de reflex\u00e3o, ela se permite sonhar acordada, imaginando futuros poss\u00edveis, sem pressa, apenas contemplando as possibilidades e deixando &hellip; <\/p>\n","protected":false},"author":1,"featured_media":5728,"parent":0,"menu_order":0,"comment_status":"closed","ping_status":"closed","template":"","meta":{"_uf_show_specific_survey":0,"_uf_disable_surveys":false,"footnotes":""},"class_list":["post-5723","page","type-page","status-publish","has-post-thumbnail","hentry"],"yoast_head":"<!-- This site is optimized with the Yoast SEO plugin v27.5 - https:\/\/yoast.com\/product\/yoast-seo-wordpress\/ -->\n<title>Sagitariana tranquila - Gl\u00f3ria Deus<\/title>\n<meta name=\"robots\" content=\"index, follow, max-snippet:-1, max-image-preview:large, max-video-preview:-1\" \/>\n<link rel=\"canonical\" href=\"https:\/\/gloriadeus.com\/home\/sagitariana-tranquila\/\" \/>\n<meta property=\"og:locale\" content=\"pt_BR\" \/>\n<meta property=\"og:type\" content=\"article\" \/>\n<meta property=\"og:title\" content=\"Sagitariana tranquila - Gl\u00f3ria Deus\" \/>\n<meta property=\"og:description\" content=\"Em momentos de reflex\u00e3o, ela se permite sonhar acordada, imaginando futuros poss\u00edveis, sem pressa, apenas contemplando as possibilidades e deixando &hellip;\" \/>\n<meta property=\"og:url\" content=\"https:\/\/gloriadeus.com\/home\/sagitariana-tranquila\/\" \/>\n<meta property=\"og:site_name\" content=\"Gl\u00f3ria Deus\" \/>\n<meta property=\"article:modified_time\" content=\"2026-02-03T18:38:51+00:00\" \/>\n<meta property=\"og:image\" content=\"https:\/\/gloriadeus.com\/wp-content\/uploads\/2025\/03\/230331DDIMG04.jpg\" \/>\n\t<meta property=\"og:image:width\" content=\"736\" \/>\n\t<meta property=\"og:image:height\" content=\"736\" \/>\n\t<meta property=\"og:image:type\" content=\"image\/jpeg\" \/>\n<meta name=\"twitter:card\" content=\"summary_large_image\" \/>\n<meta name=\"twitter:label1\" content=\"Est. tempo de leitura\" \/>\n\t<meta name=\"twitter:data1\" content=\"6 minutos\" \/>\n<script type=\"application\/ld+json\" class=\"yoast-schema-graph\">{\"@context\":\"https:\\\/\\\/schema.org\",\"@graph\":[{\"@type\":\"WebPage\",\"@id\":\"https:\\\/\\\/gloriadeus.com\\\/home\\\/sagitariana-tranquila\\\/\",\"url\":\"https:\\\/\\\/gloriadeus.com\\\/home\\\/sagitariana-tranquila\\\/\",\"name\":\"Sagitariana tranquila - Gl\u00f3ria Deus\",\"isPartOf\":{\"@id\":\"https:\\\/\\\/gloriadeus.com\\\/home\\\/#website\"},\"primaryImageOfPage\":{\"@id\":\"https:\\\/\\\/gloriadeus.com\\\/home\\\/sagitariana-tranquila\\\/#primaryimage\"},\"image\":{\"@id\":\"https:\\\/\\\/gloriadeus.com\\\/home\\\/sagitariana-tranquila\\\/#primaryimage\"},\"thumbnailUrl\":\"https:\\\/\\\/gloriadeus.com\\\/wp-content\\\/uploads\\\/2025\\\/03\\\/230331DDIMG04.jpg\",\"datePublished\":\"2026-01-19T16:39:52+00:00\",\"dateModified\":\"2026-02-03T18:38:51+00:00\",\"breadcrumb\":{\"@id\":\"https:\\\/\\\/gloriadeus.com\\\/home\\\/sagitariana-tranquila\\\/#breadcrumb\"},\"inLanguage\":\"pt-BR\",\"potentialAction\":[{\"@type\":\"ReadAction\",\"target\":[\"https:\\\/\\\/gloriadeus.com\\\/home\\\/sagitariana-tranquila\\\/\"]}]},{\"@type\":\"ImageObject\",\"inLanguage\":\"pt-BR\",\"@id\":\"https:\\\/\\\/gloriadeus.com\\\/home\\\/sagitariana-tranquila\\\/#primaryimage\",\"url\":\"https:\\\/\\\/gloriadeus.com\\\/wp-content\\\/uploads\\\/2025\\\/03\\\/230331DDIMG04.jpg\",\"contentUrl\":\"https:\\\/\\\/gloriadeus.com\\\/wp-content\\\/uploads\\\/2025\\\/03\\\/230331DDIMG04.jpg\",\"width\":736,\"height\":736,\"caption\":\"Sagitariana tranquila\"},{\"@type\":\"BreadcrumbList\",\"@id\":\"https:\\\/\\\/gloriadeus.com\\\/home\\\/sagitariana-tranquila\\\/#breadcrumb\",\"itemListElement\":[{\"@type\":\"ListItem\",\"position\":1,\"name\":\"In\u00edcio\",\"item\":\"https:\\\/\\\/gloriadeus.com\\\/home\\\/\"},{\"@type\":\"ListItem\",\"position\":2,\"name\":\"Sagitariana tranquila\"}]},{\"@type\":\"WebSite\",\"@id\":\"https:\\\/\\\/gloriadeus.com\\\/home\\\/#website\",\"url\":\"https:\\\/\\\/gloriadeus.com\\\/home\\\/\",\"name\":\"Gloria Deus\",\"description\":\"\u21a8 Deslize para descobrir mais \u21a8\",\"publisher\":{\"@id\":\"https:\\\/\\\/gloriadeus.com\\\/home\\\/#\\\/schema\\\/person\\\/ab2365ca8f87ea38e53ba3c2275e65c4\"},\"alternateName\":\"Muita f\u00e9\",\"potentialAction\":[{\"@type\":\"SearchAction\",\"target\":{\"@type\":\"EntryPoint\",\"urlTemplate\":\"https:\\\/\\\/gloriadeus.com\\\/home\\\/?s={search_term_string}\"},\"query-input\":{\"@type\":\"PropertyValueSpecification\",\"valueRequired\":true,\"valueName\":\"search_term_string\"}}],\"inLanguage\":\"pt-BR\"},{\"@type\":[\"Person\",\"Organization\"],\"@id\":\"https:\\\/\\\/gloriadeus.com\\\/home\\\/#\\\/schema\\\/person\\\/ab2365ca8f87ea38e53ba3c2275e65c4\",\"name\":\"gloriadeus.com\",\"image\":{\"@type\":\"ImageObject\",\"inLanguage\":\"pt-BR\",\"@id\":\"https:\\\/\\\/gloriadeus.com\\\/wp-content\\\/uploads\\\/2024\\\/03\\\/230525DDPNG-21.png\",\"url\":\"https:\\\/\\\/gloriadeus.com\\\/wp-content\\\/uploads\\\/2024\\\/03\\\/230525DDPNG-21.png\",\"contentUrl\":\"https:\\\/\\\/gloriadeus.com\\\/wp-content\\\/uploads\\\/2024\\\/03\\\/230525DDPNG-21.png\",\"width\":220,\"height\":230,\"caption\":\"gloriadeus.com\"},\"logo\":{\"@id\":\"https:\\\/\\\/gloriadeus.com\\\/wp-content\\\/uploads\\\/2024\\\/03\\\/230525DDPNG-21.png\"},\"sameAs\":[\"https:\\\/\\\/gloriadeus.com\"]}]}<\/script>\n<!-- \/ Yoast SEO plugin. -->","yoast_head_json":{"title":"Sagitariana tranquila - Gl\u00f3ria Deus","robots":{"index":"index","follow":"follow","max-snippet":"max-snippet:-1","max-image-preview":"max-image-preview:large","max-video-preview":"max-video-preview:-1"},"canonical":"https:\/\/gloriadeus.com\/home\/sagitariana-tranquila\/","og_locale":"pt_BR","og_type":"article","og_title":"Sagitariana tranquila - Gl\u00f3ria Deus","og_description":"Em momentos de reflex\u00e3o, ela se permite sonhar acordada, imaginando futuros poss\u00edveis, sem pressa, apenas contemplando as possibilidades e deixando &hellip;","og_url":"https:\/\/gloriadeus.com\/home\/sagitariana-tranquila\/","og_site_name":"Gl\u00f3ria Deus","article_modified_time":"2026-02-03T18:38:51+00:00","og_image":[{"width":736,"height":736,"url":"https:\/\/gloriadeus.com\/wp-content\/uploads\/2025\/03\/230331DDIMG04.jpg","type":"image\/jpeg"}],"twitter_card":"summary_large_image","twitter_misc":{"Est. tempo de leitura":"6 minutos"},"schema":{"@context":"https:\/\/schema.org","@graph":[{"@type":"WebPage","@id":"https:\/\/gloriadeus.com\/home\/sagitariana-tranquila\/","url":"https:\/\/gloriadeus.com\/home\/sagitariana-tranquila\/","name":"Sagitariana tranquila - Gl\u00f3ria Deus","isPartOf":{"@id":"https:\/\/gloriadeus.com\/home\/#website"},"primaryImageOfPage":{"@id":"https:\/\/gloriadeus.com\/home\/sagitariana-tranquila\/#primaryimage"},"image":{"@id":"https:\/\/gloriadeus.com\/home\/sagitariana-tranquila\/#primaryimage"},"thumbnailUrl":"https:\/\/gloriadeus.com\/wp-content\/uploads\/2025\/03\/230331DDIMG04.jpg","datePublished":"2026-01-19T16:39:52+00:00","dateModified":"2026-02-03T18:38:51+00:00","breadcrumb":{"@id":"https:\/\/gloriadeus.com\/home\/sagitariana-tranquila\/#breadcrumb"},"inLanguage":"pt-BR","potentialAction":[{"@type":"ReadAction","target":["https:\/\/gloriadeus.com\/home\/sagitariana-tranquila\/"]}]},{"@type":"ImageObject","inLanguage":"pt-BR","@id":"https:\/\/gloriadeus.com\/home\/sagitariana-tranquila\/#primaryimage","url":"https:\/\/gloriadeus.com\/wp-content\/uploads\/2025\/03\/230331DDIMG04.jpg","contentUrl":"https:\/\/gloriadeus.com\/wp-content\/uploads\/2025\/03\/230331DDIMG04.jpg","width":736,"height":736,"caption":"Sagitariana tranquila"},{"@type":"BreadcrumbList","@id":"https:\/\/gloriadeus.com\/home\/sagitariana-tranquila\/#breadcrumb","itemListElement":[{"@type":"ListItem","position":1,"name":"In\u00edcio","item":"https:\/\/gloriadeus.com\/home\/"},{"@type":"ListItem","position":2,"name":"Sagitariana tranquila"}]},{"@type":"WebSite","@id":"https:\/\/gloriadeus.com\/home\/#website","url":"https:\/\/gloriadeus.com\/home\/","name":"Gloria Deus","description":"\u21a8 Deslize para descobrir mais \u21a8","publisher":{"@id":"https:\/\/gloriadeus.com\/home\/#\/schema\/person\/ab2365ca8f87ea38e53ba3c2275e65c4"},"alternateName":"Muita f\u00e9","potentialAction":[{"@type":"SearchAction","target":{"@type":"EntryPoint","urlTemplate":"https:\/\/gloriadeus.com\/home\/?s={search_term_string}"},"query-input":{"@type":"PropertyValueSpecification","valueRequired":true,"valueName":"search_term_string"}}],"inLanguage":"pt-BR"},{"@type":["Person","Organization"],"@id":"https:\/\/gloriadeus.com\/home\/#\/schema\/person\/ab2365ca8f87ea38e53ba3c2275e65c4","name":"gloriadeus.com","image":{"@type":"ImageObject","inLanguage":"pt-BR","@id":"https:\/\/gloriadeus.com\/wp-content\/uploads\/2024\/03\/230525DDPNG-21.png","url":"https:\/\/gloriadeus.com\/wp-content\/uploads\/2024\/03\/230525DDPNG-21.png","contentUrl":"https:\/\/gloriadeus.com\/wp-content\/uploads\/2024\/03\/230525DDPNG-21.png","width":220,"height":230,"caption":"gloriadeus.com"},"logo":{"@id":"https:\/\/gloriadeus.com\/wp-content\/uploads\/2024\/03\/230525DDPNG-21.png"},"sameAs":["https:\/\/gloriadeus.com"]}]}},"_links":{"self":[{"href":"https:\/\/gloriadeus.com\/home\/wp-json\/wp\/v2\/pages\/5723","targetHints":{"allow":["GET"]}}],"collection":[{"href":"https:\/\/gloriadeus.com\/home\/wp-json\/wp\/v2\/pages"}],"about":[{"href":"https:\/\/gloriadeus.com\/home\/wp-json\/wp\/v2\/types\/page"}],"author":[{"embeddable":true,"href":"https:\/\/gloriadeus.com\/home\/wp-json\/wp\/v2\/users\/1"}],"replies":[{"embeddable":true,"href":"https:\/\/gloriadeus.com\/home\/wp-json\/wp\/v2\/comments?post=5723"}],"version-history":[{"count":7,"href":"https:\/\/gloriadeus.com\/home\/wp-json\/wp\/v2\/pages\/5723\/revisions"}],"predecessor-version":[{"id":10291,"href":"https:\/\/gloriadeus.com\/home\/wp-json\/wp\/v2\/pages\/5723\/revisions\/10291"}],"wp:featuredmedia":[{"embeddable":true,"href":"https:\/\/gloriadeus.com\/home\/wp-json\/wp\/v2\/media\/5728"}],"wp:attachment":[{"href":"https:\/\/gloriadeus.com\/home\/wp-json\/wp\/v2\/media?parent=5723"}],"curies":[{"name":"wp","href":"https:\/\/api.w.org\/{rel}","templated":true}]}}