{"id":5701,"date":"2026-01-18T21:02:43","date_gmt":"2026-01-19T00:02:43","guid":{"rendered":"https:\/\/gloriadeus.com\/?page_id=5701"},"modified":"2026-02-04T13:44:40","modified_gmt":"2026-02-04T16:44:40","slug":"leonina-eficiente","status":"publish","type":"page","link":"https:\/\/gloriadeus.com\/home\/leonina-eficiente\/","title":{"rendered":"Leonina eficiente"},"content":{"rendered":"<!-- subtitulo, palavra, paragrafo ok -->\r\n\r\n\r\n<figure data-wp-context=\"{&quot;imageId&quot;:&quot;69fc4abea72f8&quot;}\" data-wp-interactive=\"core\/image\" data-wp-key=\"69fc4abea72f8\" class=\"wp-block-image size-large is-resized wp-lightbox-container\"><img loading=\"lazy\" decoding=\"async\" width=\"500\" height=\"500\" data-wp-class--hide=\"state.isContentHidden\" data-wp-class--show=\"state.isContentVisible\" data-wp-init=\"callbacks.setButtonStyles\" data-wp-on--click=\"actions.showLightbox\" data-wp-on--load=\"callbacks.setButtonStyles\" data-wp-on-window--resize=\"callbacks.setButtonStyles\" class=\"wp-image-5702\" style=\"width: 210px; height: auto;\" src=\"https:\/\/gloriadeus.com\/wp-content\/uploads\/2025\/03\/40-20031401SAIMG11-24.jpg\" alt=\"Leonina eficiente\" srcset=\"https:\/\/gloriadeus.com\/wp-content\/uploads\/2025\/03\/40-20031401SAIMG11-24.jpg 500w, https:\/\/gloriadeus.com\/wp-content\/uploads\/2025\/03\/40-20031401SAIMG11-24-300x300.jpg 300w, https:\/\/gloriadeus.com\/wp-content\/uploads\/2025\/03\/40-20031401SAIMG11-24-150x150.jpg 150w\" sizes=\"auto, (max-width: 500px) 100vw, 500px\" \/><button\n\t\t\tclass=\"lightbox-trigger\"\n\t\t\ttype=\"button\"\n\t\t\taria-haspopup=\"dialog\"\n\t\t\taria-label=\"Ampliar\"\n\t\t\tdata-wp-init=\"callbacks.initTriggerButton\"\n\t\t\tdata-wp-on--click=\"actions.showLightbox\"\n\t\t\tdata-wp-style--right=\"state.imageButtonRight\"\n\t\t\tdata-wp-style--top=\"state.imageButtonTop\"\n\t\t>\n\t\t\t<svg xmlns=\"http:\/\/www.w3.org\/2000\/svg\" width=\"12\" height=\"12\" fill=\"none\" viewBox=\"0 0 12 12\">\n\t\t\t\t<path fill=\"#fff\" d=\"M2 0a2 2 0 0 0-2 2v2h1.5V2a.5.5 0 0 1 .5-.5h2V0H2Zm2 10.5H2a.5.5 0 0 1-.5-.5V8H0v2a2 2 0 0 0 2 2h2v-1.5ZM8 12v-1.5h2a.5.5 0 0 0 .5-.5V8H12v2a2 2 0 0 1-2 2H8Zm2-12a2 2 0 0 1 2 2v2h-1.5V2a.5.5 0 0 0-.5-.5H8V0h2Z\" \/>\n\t\t\t<\/svg>\n\t\t<\/button><\/figure>\r\n\r\n\r\n\r\n<p>No vasto c\u00e9u do zod\u00edaco, onde as estrelas dan\u00e7am em constela\u00e7\u00f5es repletas de personalidade, h\u00e1 um brilho especial que se destaca, e esse brilho pertence aos leoninos, seres que radiam for\u00e7a, calor e uma presen\u00e7a magn\u00e9tica que atrai a aten\u00e7\u00e3o de todos ao seu redor.\u00a0<\/p>\r\n<h2>L\u00edderes naturais do zod\u00edaco\u00a0<\/h2>\r\n<p>Eles s\u00e3o os l\u00edderes naturais do zod\u00edaco, aqueles que na arena da vida n\u00e3o hesitam em assumir a dianteira, comandar aplausos e, oferecer seu apoio incondicional \u00e0queles que os cercam, sempre prontos para apoiar um amigo em necessidade ou encorajar algu\u00e9m a superar obst\u00e1culos que parecem intranspon\u00edveis.<\/p>\r\n<p>Nascidos sob a \u00e9gide do sol, os leoninos s\u00e3o como o astro rei, emanando sua luz com generosidade e vivacidade, sua energia \u00e9 contagiante, e eles t\u00eam a habilidade \u00fanica de iluminar at\u00e9 os recantos mais sombrios da exist\u00eancia, transformando o cotidiano em uma celebra\u00e7\u00e3o vibrante da vida.\u00a0<\/p>\r\n\r\n\r\n\r\n<figure data-wp-context=\"{&quot;imageId&quot;:&quot;69fc4abea7638&quot;}\" data-wp-interactive=\"core\/image\" data-wp-key=\"69fc4abea7638\" class=\"wp-block-image size-large is-resized wp-lightbox-container\"><img loading=\"lazy\" decoding=\"async\" width=\"564\" height=\"705\" data-wp-class--hide=\"state.isContentHidden\" data-wp-class--show=\"state.isContentVisible\" data-wp-init=\"callbacks.setButtonStyles\" data-wp-on--click=\"actions.showLightbox\" data-wp-on--load=\"callbacks.setButtonStyles\" data-wp-on-window--resize=\"callbacks.setButtonStyles\" class=\"wp-image-5708\" style=\"width: 278px; height: auto;\" src=\"https:\/\/gloriadeus.com\/wp-content\/uploads\/2025\/03\/40-20031401SAIMG11-28.jpg\" alt=\"Leonina eficiente\" srcset=\"https:\/\/gloriadeus.com\/wp-content\/uploads\/2025\/03\/40-20031401SAIMG11-28.jpg 564w, https:\/\/gloriadeus.com\/wp-content\/uploads\/2025\/03\/40-20031401SAIMG11-28-240x300.jpg 240w\" sizes=\"auto, (max-width: 564px) 100vw, 564px\" \/><button\n\t\t\tclass=\"lightbox-trigger\"\n\t\t\ttype=\"button\"\n\t\t\taria-haspopup=\"dialog\"\n\t\t\taria-label=\"Ampliar\"\n\t\t\tdata-wp-init=\"callbacks.initTriggerButton\"\n\t\t\tdata-wp-on--click=\"actions.showLightbox\"\n\t\t\tdata-wp-style--right=\"state.imageButtonRight\"\n\t\t\tdata-wp-style--top=\"state.imageButtonTop\"\n\t\t>\n\t\t\t<svg xmlns=\"http:\/\/www.w3.org\/2000\/svg\" width=\"12\" height=\"12\" fill=\"none\" viewBox=\"0 0 12 12\">\n\t\t\t\t<path fill=\"#fff\" d=\"M2 0a2 2 0 0 0-2 2v2h1.5V2a.5.5 0 0 1 .5-.5h2V0H2Zm2 10.5H2a.5.5 0 0 1-.5-.5V8H0v2a2 2 0 0 0 2 2h2v-1.5ZM8 12v-1.5h2a.5.5 0 0 0 .5-.5V8H12v2a2 2 0 0 1-2 2H8Zm2-12a2 2 0 0 1 2 2v2h-1.5V2a.5.5 0 0 0-.5-.5H8V0h2Z\" \/>\n\t\t\t<\/svg>\n\t\t<\/button>\u00a0<\/figure>\r\n<p>Para cada leonino, h\u00e1 uma hist\u00f3ria de luta e triunfo, pois s\u00e3o seres de coragem destemida, que enfrentam desafios com um cora\u00e7\u00e3o valente e uma determina\u00e7\u00e3o indom\u00e1vel, como le\u00f5es prontos para a batalha, mas tamb\u00e9m com a suavidade de um rugido que acalma e conforta.\u00a0<\/p>\r\n<h2>Signo de uma capacidade impar<\/h2>\r\n<p>Eles possuem uma capacidade \u00edmpar de trazer alegria e entusiasmo a todas as intera\u00e7\u00f5es sociais, enchendo os lares com risadas e cora\u00e7\u00f5es com amor.<\/p>\r\n<p>Assim como o le\u00e3o que simboliza sua ess\u00eancia, os leoninos t\u00eam um profundo senso de lealdade, defendendo aqueles que amam com um fervor apaixonado e uma intensidade que muitas vezes os torna protetores ferozes.\u00a0<\/p>\r\n\r\n\r\n\r\n<figure data-wp-context=\"{&quot;imageId&quot;:&quot;69fc4abea78b0&quot;}\" data-wp-interactive=\"core\/image\" data-wp-key=\"69fc4abea78b0\" class=\"wp-block-image size-large is-resized wp-lightbox-container\"><img loading=\"lazy\" decoding=\"async\" width=\"398\" height=\"466\" data-wp-class--hide=\"state.isContentHidden\" data-wp-class--show=\"state.isContentVisible\" data-wp-init=\"callbacks.setButtonStyles\" data-wp-on--click=\"actions.showLightbox\" data-wp-on--load=\"callbacks.setButtonStyles\" data-wp-on-window--resize=\"callbacks.setButtonStyles\" class=\"wp-image-5703\" style=\"width: 303px; height: auto;\" src=\"https:\/\/gloriadeus.com\/wp-content\/uploads\/2025\/03\/2019Fev28BMIMG01.jpg\" alt=\"Leonina eficiente\" srcset=\"https:\/\/gloriadeus.com\/wp-content\/uploads\/2025\/03\/2019Fev28BMIMG01.jpg 398w, https:\/\/gloriadeus.com\/wp-content\/uploads\/2025\/03\/2019Fev28BMIMG01-256x300.jpg 256w\" sizes=\"auto, (max-width: 398px) 100vw, 398px\" \/><button\n\t\t\tclass=\"lightbox-trigger\"\n\t\t\ttype=\"button\"\n\t\t\taria-haspopup=\"dialog\"\n\t\t\taria-label=\"Ampliar\"\n\t\t\tdata-wp-init=\"callbacks.initTriggerButton\"\n\t\t\tdata-wp-on--click=\"actions.showLightbox\"\n\t\t\tdata-wp-style--right=\"state.imageButtonRight\"\n\t\t\tdata-wp-style--top=\"state.imageButtonTop\"\n\t\t>\n\t\t\t<svg xmlns=\"http:\/\/www.w3.org\/2000\/svg\" width=\"12\" height=\"12\" fill=\"none\" viewBox=\"0 0 12 12\">\n\t\t\t\t<path fill=\"#fff\" d=\"M2 0a2 2 0 0 0-2 2v2h1.5V2a.5.5 0 0 1 .5-.5h2V0H2Zm2 10.5H2a.5.5 0 0 1-.5-.5V8H0v2a2 2 0 0 0 2 2h2v-1.5ZM8 12v-1.5h2a.5.5 0 0 0 .5-.5V8H12v2a2 2 0 0 1-2 2H8Zm2-12a2 2 0 0 1 2 2v2h-1.5V2a.5.5 0 0 0-.5-.5H8V0h2Z\" \/>\n\t\t\t<\/svg>\n\t\t<\/button><\/figure>\r\n\r\n\r\n\r\n<p>\u00c9 importante reconhecer que sob essa exuber\u00e2ncia e confian\u00e7a, existe uma vulnerabilidade que poucos conseguem ver, os leoninos buscam afeto e aprecia\u00e7\u00e3o, alimentando-se do calor humano que t\u00e3o generosamente oferecem, e ocasionalmente se sentem inseguros quando n\u00e3o recebem a valida\u00e7\u00e3o que merecem de seus pares.\u00a0<\/p>\r\n<h2>Digno de admira\u00e7\u00e3o\u00a0<\/h2>\r\n<p>Eles desejam n\u00e3o apenas brilhar, mas tamb\u00e9m serem admirados, se sentindo valorizados e respeitados, pois a valida\u00e7\u00e3o de seu papel no mundo \u00e9 a luz que mant\u00e9m sua chama interna acesa.<\/p>\r\n<p>Por tr\u00e1s de sua natureza exuberante, h\u00e1 uma profundidade emocional que oscila entre o extrovertido e o introspectivo, revelando um lado sonhador e criativo que muitas vezes se perde na busca por reconhecimento.\u00a0<\/p>\r\n\r\n\r\n\r\n<figure data-wp-context=\"{&quot;imageId&quot;:&quot;69fc4abea7bb6&quot;}\" data-wp-interactive=\"core\/image\" data-wp-key=\"69fc4abea7bb6\" class=\"wp-block-image size-large is-resized wp-lightbox-container\"><img loading=\"lazy\" decoding=\"async\" width=\"736\" height=\"695\" data-wp-class--hide=\"state.isContentHidden\" data-wp-class--show=\"state.isContentVisible\" data-wp-init=\"callbacks.setButtonStyles\" data-wp-on--click=\"actions.showLightbox\" data-wp-on--load=\"callbacks.setButtonStyles\" data-wp-on-window--resize=\"callbacks.setButtonStyles\" class=\"wp-image-5706\" style=\"width: 350px; height: auto;\" src=\"https:\/\/gloriadeus.com\/wp-content\/uploads\/2025\/03\/2019Fev28BMIMG04.jpg\" alt=\"Leonina eficiente\" srcset=\"https:\/\/gloriadeus.com\/wp-content\/uploads\/2025\/03\/2019Fev28BMIMG04.jpg 736w, https:\/\/gloriadeus.com\/wp-content\/uploads\/2025\/03\/2019Fev28BMIMG04-300x283.jpg 300w\" sizes=\"auto, (max-width: 736px) 100vw, 736px\" \/><button\n\t\t\tclass=\"lightbox-trigger\"\n\t\t\ttype=\"button\"\n\t\t\taria-haspopup=\"dialog\"\n\t\t\taria-label=\"Ampliar\"\n\t\t\tdata-wp-init=\"callbacks.initTriggerButton\"\n\t\t\tdata-wp-on--click=\"actions.showLightbox\"\n\t\t\tdata-wp-style--right=\"state.imageButtonRight\"\n\t\t\tdata-wp-style--top=\"state.imageButtonTop\"\n\t\t>\n\t\t\t<svg xmlns=\"http:\/\/www.w3.org\/2000\/svg\" width=\"12\" height=\"12\" fill=\"none\" viewBox=\"0 0 12 12\">\n\t\t\t\t<path fill=\"#fff\" d=\"M2 0a2 2 0 0 0-2 2v2h1.5V2a.5.5 0 0 1 .5-.5h2V0H2Zm2 10.5H2a.5.5 0 0 1-.5-.5V8H0v2a2 2 0 0 0 2 2h2v-1.5ZM8 12v-1.5h2a.5.5 0 0 0 .5-.5V8H12v2a2 2 0 0 1-2 2H8Zm2-12a2 2 0 0 1 2 2v2h-1.5V2a.5.5 0 0 0-.5-.5H8V0h2Z\" \/>\n\t\t\t<\/svg>\n\t\t<\/button>\u00a0<\/figure>\r\n<p>As pessoas que t\u00eam a sorte de ter um leonino em suas vidas devem saber que essas almas radiantes s\u00e3o tamb\u00e9m criaturas sens\u00edveis, que, apesar de sua autoafirma\u00e7\u00e3o, precisam dos la\u00e7os afetivos e do calor humano que criam e cultivam.\u00a0<\/p>\r\n<h2>Sucesso e felicidade\u00a0<\/h2>\r\n<p>\u00c9 v\u00e1lido lembrar que, em meio \u00e0 sua busca por realizar seus sonhos e brilhar intensamente, os leoninos tamb\u00e9m enfrentam a luta interna com a d\u00favida e a inseguran\u00e7a, sendo muitas vezes as suas pr\u00f3prias barreiras na busca pelo sucesso e felicidade.<\/p>\r\n<p>A beleza de um leonino reside precisamente na sua habilidade de se reerguer, de reinventar-se e de nunca perder de vista seus objetivos, transformando obst\u00e1culos em degraus em dire\u00e7\u00e3o ao sucesso.<\/p>\r\n\r\n\r\n\r\n<figure data-wp-context=\"{&quot;imageId&quot;:&quot;69fc4abea7edb&quot;}\" data-wp-interactive=\"core\/image\" data-wp-key=\"69fc4abea7edb\" class=\"wp-block-image size-large is-resized wp-lightbox-container\"><img loading=\"lazy\" decoding=\"async\" width=\"480\" height=\"480\" data-wp-class--hide=\"state.isContentHidden\" data-wp-class--show=\"state.isContentVisible\" data-wp-init=\"callbacks.setButtonStyles\" data-wp-on--click=\"actions.showLightbox\" data-wp-on--load=\"callbacks.setButtonStyles\" data-wp-on-window--resize=\"callbacks.setButtonStyles\" class=\"wp-image-5705\" style=\"width: 336px; height: auto;\" src=\"https:\/\/gloriadeus.com\/wp-content\/uploads\/2025\/03\/2019Fev28BMIMG03.jpg\" alt=\"Leonina eficiente\" srcset=\"https:\/\/gloriadeus.com\/wp-content\/uploads\/2025\/03\/2019Fev28BMIMG03.jpg 480w, https:\/\/gloriadeus.com\/wp-content\/uploads\/2025\/03\/2019Fev28BMIMG03-300x300.jpg 300w, https:\/\/gloriadeus.com\/wp-content\/uploads\/2025\/03\/2019Fev28BMIMG03-150x150.jpg 150w\" sizes=\"auto, (max-width: 480px) 100vw, 480px\" \/><button\n\t\t\tclass=\"lightbox-trigger\"\n\t\t\ttype=\"button\"\n\t\t\taria-haspopup=\"dialog\"\n\t\t\taria-label=\"Ampliar\"\n\t\t\tdata-wp-init=\"callbacks.initTriggerButton\"\n\t\t\tdata-wp-on--click=\"actions.showLightbox\"\n\t\t\tdata-wp-style--right=\"state.imageButtonRight\"\n\t\t\tdata-wp-style--top=\"state.imageButtonTop\"\n\t\t>\n\t\t\t<svg xmlns=\"http:\/\/www.w3.org\/2000\/svg\" width=\"12\" height=\"12\" fill=\"none\" viewBox=\"0 0 12 12\">\n\t\t\t\t<path fill=\"#fff\" d=\"M2 0a2 2 0 0 0-2 2v2h1.5V2a.5.5 0 0 1 .5-.5h2V0H2Zm2 10.5H2a.5.5 0 0 1-.5-.5V8H0v2a2 2 0 0 0 2 2h2v-1.5ZM8 12v-1.5h2a.5.5 0 0 0 .5-.5V8H12v2a2 2 0 0 1-2 2H8Zm2-12a2 2 0 0 1 2 2v2h-1.5V2a.5.5 0 0 0-.5-.5H8V0h2Z\" \/>\n\t\t\t<\/svg>\n\t\t<\/button><\/figure>\r\n\r\n\r\n\r\n<p>Cada leonino tem um jeito \u00fanico de expressar sua criatividade, seja atrav\u00e9s da arte, do desempenho, da orat\u00f3ria ou na maneira como compartilham suas vidas com os outros, e isso os torna inspiradores, l\u00edderes natos que n\u00e3o se contentam em ser meros espectadores nesta grande pe\u00e7a chamada vida.\u00a0<\/p>\r\n<h2>O poder de acolher preocupa\u00e7\u00f5es alheias<\/h2>\r\n<p>Eles s\u00e3o os palcos em que outros se apresentam, os sofredores emp\u00e1ticos que escutam, acolhem e acolhem preocupa\u00e7\u00f5es alheias, mesmo que em meio \u00e0 sua pr\u00f3pria tempestade interna.\u00a0<\/p>\r\n<p>Pessoas <strong>leoninas s\u00e3o carism\u00e1ticos<\/strong>, e sua paix\u00e3o contagiante pode acender a chama de sonhos adormecidos em cora\u00e7\u00f5es ao seu redor, muitas vezes, se tornam os \u00eddolos de marcas, pessoas e causas, influenciando e impulsionando aqueles que os rodeiam a seguir seus verdadeiros chamados.<\/p>\r\n<p><img loading=\"lazy\" decoding=\"async\" width=\"615\" height=\"1024\" class=\"wp-image-5707\" style=\"width: 319px; height: auto;\" src=\"https:\/\/gloriadeus.com\/wp-content\/uploads\/2025\/03\/2019Fev28BMIMG05-615x1024.jpg\" alt=\"Leonina eficiente\" srcset=\"https:\/\/gloriadeus.com\/wp-content\/uploads\/2025\/03\/2019Fev28BMIMG05-615x1024.jpg 615w, https:\/\/gloriadeus.com\/wp-content\/uploads\/2025\/03\/2019Fev28BMIMG05-180x300.jpg 180w, https:\/\/gloriadeus.com\/wp-content\/uploads\/2025\/03\/2019Fev28BMIMG05.jpg 736w\" sizes=\"auto, (max-width: 615px) 100vw, 615px\" \/>\u00a0<\/p>\r\n<p>Eles s\u00e3o a for\u00e7a que impulsiona novas ideias, defende novas causas e ilumina os caminhos que outros hesitam em trilhar, enquanto se ergue como o farol cintilante de esperan\u00e7a e motiva\u00e7\u00e3o.\u00a0<\/p>\r\n<h2>Parab\u00e9ns para todos leoninos e leoninas\u00a0<\/h2>\r\n<p>Homenageamos n\u00e3o apenas os leoninos que conhecemos, mas todos eles em sua ess\u00eancia brilhante, aqueles que, com um sorriso e um olhar confiante, nos fazem acreditar que somos capazes de tudo.<\/p>\r\n<p>Celebrar os leoninos \u00e9 celebrar a coragem, a alegria, a efici\u00eancia e a for\u00e7a que eles trazem para o mundo, um tributo \u00e0 sua habilidade inata de reinar em suas pr\u00f3prias vidas, mas tamb\u00e9m de inspirar e conduzir aqueles que t\u00eam o privil\u00e9gio de compartilh\u00e1-las.<\/p>\r\n<p>\r\n\r\n\r\n\r\n\r\n<figure class=\"wp-block-image size-large is-resized\"><img loading=\"lazy\" decoding=\"async\" width=\"736\" height=\"736\" class=\"wp-image-5709\" style=\"width: 295px; height: auto;\" src=\"https:\/\/gloriadeus.com\/wp-content\/uploads\/2025\/03\/2019Fev28BMIMG06.jpg\" alt=\"Leonina eficiente\" srcset=\"https:\/\/gloriadeus.com\/wp-content\/uploads\/2025\/03\/2019Fev28BMIMG06.jpg 736w, https:\/\/gloriadeus.com\/wp-content\/uploads\/2025\/03\/2019Fev28BMIMG06-300x300.jpg 300w, https:\/\/gloriadeus.com\/wp-content\/uploads\/2025\/03\/2019Fev28BMIMG06-150x150.jpg 150w\" sizes=\"auto, (max-width: 736px) 100vw, 736px\" \/><\/figure>\r\n\r\n\r\n\r\n<p>Que todos os leoninos sejam sempre lembrados por sua luz radiante, suas almas magn\u00edficas, sempre prontos para brilhar intensamente e aquecer os cora\u00e7\u00f5es que cruzam seus caminhos.\u00a0<\/p>\r\n<h2>Uma singularidade especial\u00a0<\/h2>\r\n<p>Nunca esque\u00e7am, o qu\u00e3o especiais s\u00e3o em sua singularidade e que, mesmo quando a vida lhes impuser desafios, possam encontrar em si mesmos a mesma for\u00e7a que utilizam para levantar e inspirar os outros.<\/p>\r\n<p>Homenageamos a criatividade, a paix\u00e3o, o entusiasmo e a sensibilidade que moldam suas vidas, que cada leonino saiba que seu rugido \u00e9 ouvido, que sua presen\u00e7a \u00e9 sentida e que seu impacto \u00e9 indelevelmente registrado nas mem\u00f3rias e cora\u00e7\u00f5es de todos que os amam.<\/p>\r\n<p>Que este tributo reverencie n\u00e3o s\u00f3 as luzes vivido, mas tamb\u00e9m o legado que deixam, marcando o mundo com suas cores vibrantes e suas hist\u00f3rias de bravura e inspira\u00e7\u00e3o, provando que s\u00e3o verdadeiros reinantes do amor e da luz.<\/p>\r\n","protected":false},"excerpt":{"rendered":"<p>No vasto c\u00e9u do zod\u00edaco, onde as estrelas dan\u00e7am em constela\u00e7\u00f5es repletas de personalidade, h\u00e1 um brilho especial que se &hellip; <\/p>\n","protected":false},"author":1,"featured_media":5702,"parent":0,"menu_order":0,"comment_status":"closed","ping_status":"closed","template":"","meta":{"_uf_show_specific_survey":0,"_uf_disable_surveys":false,"footnotes":""},"class_list":["post-5701","page","type-page","status-publish","has-post-thumbnail","hentry"],"yoast_head":"<!-- This site is optimized with the Yoast SEO plugin v27.5 - https:\/\/yoast.com\/product\/yoast-seo-wordpress\/ -->\n<title>Leonina eficiente - Gl\u00f3ria Deus<\/title>\n<meta name=\"robots\" content=\"index, follow, max-snippet:-1, max-image-preview:large, max-video-preview:-1\" \/>\n<link rel=\"canonical\" href=\"https:\/\/gloriadeus.com\/home\/leonina-eficiente\/\" \/>\n<meta property=\"og:locale\" content=\"pt_BR\" \/>\n<meta property=\"og:type\" content=\"article\" \/>\n<meta property=\"og:title\" content=\"Leonina eficiente - Gl\u00f3ria Deus\" \/>\n<meta property=\"og:description\" content=\"No vasto c\u00e9u do zod\u00edaco, onde as estrelas dan\u00e7am em constela\u00e7\u00f5es repletas de personalidade, h\u00e1 um brilho especial que se &hellip;\" \/>\n<meta property=\"og:url\" content=\"https:\/\/gloriadeus.com\/home\/leonina-eficiente\/\" \/>\n<meta property=\"og:site_name\" content=\"Gl\u00f3ria Deus\" \/>\n<meta property=\"article:modified_time\" content=\"2026-02-04T16:44:40+00:00\" \/>\n<meta property=\"og:image\" content=\"https:\/\/gloriadeus.com\/wp-content\/uploads\/2025\/03\/40-20031401SAIMG11-24.jpg\" \/>\n\t<meta property=\"og:image:width\" content=\"500\" \/>\n\t<meta property=\"og:image:height\" content=\"500\" \/>\n\t<meta property=\"og:image:type\" content=\"image\/jpeg\" \/>\n<meta name=\"twitter:card\" content=\"summary_large_image\" \/>\n<meta name=\"twitter:label1\" content=\"Est. tempo de leitura\" \/>\n\t<meta name=\"twitter:data1\" content=\"7 minutos\" \/>\n<script type=\"application\/ld+json\" class=\"yoast-schema-graph\">{\"@context\":\"https:\\\/\\\/schema.org\",\"@graph\":[{\"@type\":\"WebPage\",\"@id\":\"https:\\\/\\\/gloriadeus.com\\\/home\\\/leonina-eficiente\\\/\",\"url\":\"https:\\\/\\\/gloriadeus.com\\\/home\\\/leonina-eficiente\\\/\",\"name\":\"Leonina eficiente - Gl\u00f3ria Deus\",\"isPartOf\":{\"@id\":\"https:\\\/\\\/gloriadeus.com\\\/home\\\/#website\"},\"primaryImageOfPage\":{\"@id\":\"https:\\\/\\\/gloriadeus.com\\\/home\\\/leonina-eficiente\\\/#primaryimage\"},\"image\":{\"@id\":\"https:\\\/\\\/gloriadeus.com\\\/home\\\/leonina-eficiente\\\/#primaryimage\"},\"thumbnailUrl\":\"https:\\\/\\\/gloriadeus.com\\\/wp-content\\\/uploads\\\/2025\\\/03\\\/40-20031401SAIMG11-24.jpg\",\"datePublished\":\"2026-01-19T00:02:43+00:00\",\"dateModified\":\"2026-02-04T16:44:40+00:00\",\"breadcrumb\":{\"@id\":\"https:\\\/\\\/gloriadeus.com\\\/home\\\/leonina-eficiente\\\/#breadcrumb\"},\"inLanguage\":\"pt-BR\",\"potentialAction\":[{\"@type\":\"ReadAction\",\"target\":[\"https:\\\/\\\/gloriadeus.com\\\/home\\\/leonina-eficiente\\\/\"]}]},{\"@type\":\"ImageObject\",\"inLanguage\":\"pt-BR\",\"@id\":\"https:\\\/\\\/gloriadeus.com\\\/home\\\/leonina-eficiente\\\/#primaryimage\",\"url\":\"https:\\\/\\\/gloriadeus.com\\\/wp-content\\\/uploads\\\/2025\\\/03\\\/40-20031401SAIMG11-24.jpg\",\"contentUrl\":\"https:\\\/\\\/gloriadeus.com\\\/wp-content\\\/uploads\\\/2025\\\/03\\\/40-20031401SAIMG11-24.jpg\",\"width\":500,\"height\":500,\"caption\":\"Leonina eficiente\"},{\"@type\":\"BreadcrumbList\",\"@id\":\"https:\\\/\\\/gloriadeus.com\\\/home\\\/leonina-eficiente\\\/#breadcrumb\",\"itemListElement\":[{\"@type\":\"ListItem\",\"position\":1,\"name\":\"In\u00edcio\",\"item\":\"https:\\\/\\\/gloriadeus.com\\\/home\\\/\"},{\"@type\":\"ListItem\",\"position\":2,\"name\":\"Leonina eficiente\"}]},{\"@type\":\"WebSite\",\"@id\":\"https:\\\/\\\/gloriadeus.com\\\/home\\\/#website\",\"url\":\"https:\\\/\\\/gloriadeus.com\\\/home\\\/\",\"name\":\"Gloria Deus\",\"description\":\"\u21a8 Deslize para descobrir mais \u21a8\",\"publisher\":{\"@id\":\"https:\\\/\\\/gloriadeus.com\\\/home\\\/#\\\/schema\\\/person\\\/ab2365ca8f87ea38e53ba3c2275e65c4\"},\"alternateName\":\"Muita f\u00e9\",\"potentialAction\":[{\"@type\":\"SearchAction\",\"target\":{\"@type\":\"EntryPoint\",\"urlTemplate\":\"https:\\\/\\\/gloriadeus.com\\\/home\\\/?s={search_term_string}\"},\"query-input\":{\"@type\":\"PropertyValueSpecification\",\"valueRequired\":true,\"valueName\":\"search_term_string\"}}],\"inLanguage\":\"pt-BR\"},{\"@type\":[\"Person\",\"Organization\"],\"@id\":\"https:\\\/\\\/gloriadeus.com\\\/home\\\/#\\\/schema\\\/person\\\/ab2365ca8f87ea38e53ba3c2275e65c4\",\"name\":\"gloriadeus.com\",\"image\":{\"@type\":\"ImageObject\",\"inLanguage\":\"pt-BR\",\"@id\":\"https:\\\/\\\/gloriadeus.com\\\/wp-content\\\/uploads\\\/2024\\\/03\\\/230525DDPNG-21.png\",\"url\":\"https:\\\/\\\/gloriadeus.com\\\/wp-content\\\/uploads\\\/2024\\\/03\\\/230525DDPNG-21.png\",\"contentUrl\":\"https:\\\/\\\/gloriadeus.com\\\/wp-content\\\/uploads\\\/2024\\\/03\\\/230525DDPNG-21.png\",\"width\":220,\"height\":230,\"caption\":\"gloriadeus.com\"},\"logo\":{\"@id\":\"https:\\\/\\\/gloriadeus.com\\\/wp-content\\\/uploads\\\/2024\\\/03\\\/230525DDPNG-21.png\"},\"sameAs\":[\"https:\\\/\\\/gloriadeus.com\"]}]}<\/script>\n<!-- \/ Yoast SEO plugin. -->","yoast_head_json":{"title":"Leonina eficiente - Gl\u00f3ria Deus","robots":{"index":"index","follow":"follow","max-snippet":"max-snippet:-1","max-image-preview":"max-image-preview:large","max-video-preview":"max-video-preview:-1"},"canonical":"https:\/\/gloriadeus.com\/home\/leonina-eficiente\/","og_locale":"pt_BR","og_type":"article","og_title":"Leonina eficiente - Gl\u00f3ria Deus","og_description":"No vasto c\u00e9u do zod\u00edaco, onde as estrelas dan\u00e7am em constela\u00e7\u00f5es repletas de personalidade, h\u00e1 um brilho especial que se &hellip;","og_url":"https:\/\/gloriadeus.com\/home\/leonina-eficiente\/","og_site_name":"Gl\u00f3ria Deus","article_modified_time":"2026-02-04T16:44:40+00:00","og_image":[{"width":500,"height":500,"url":"https:\/\/gloriadeus.com\/wp-content\/uploads\/2025\/03\/40-20031401SAIMG11-24.jpg","type":"image\/jpeg"}],"twitter_card":"summary_large_image","twitter_misc":{"Est. tempo de leitura":"7 minutos"},"schema":{"@context":"https:\/\/schema.org","@graph":[{"@type":"WebPage","@id":"https:\/\/gloriadeus.com\/home\/leonina-eficiente\/","url":"https:\/\/gloriadeus.com\/home\/leonina-eficiente\/","name":"Leonina eficiente - Gl\u00f3ria Deus","isPartOf":{"@id":"https:\/\/gloriadeus.com\/home\/#website"},"primaryImageOfPage":{"@id":"https:\/\/gloriadeus.com\/home\/leonina-eficiente\/#primaryimage"},"image":{"@id":"https:\/\/gloriadeus.com\/home\/leonina-eficiente\/#primaryimage"},"thumbnailUrl":"https:\/\/gloriadeus.com\/wp-content\/uploads\/2025\/03\/40-20031401SAIMG11-24.jpg","datePublished":"2026-01-19T00:02:43+00:00","dateModified":"2026-02-04T16:44:40+00:00","breadcrumb":{"@id":"https:\/\/gloriadeus.com\/home\/leonina-eficiente\/#breadcrumb"},"inLanguage":"pt-BR","potentialAction":[{"@type":"ReadAction","target":["https:\/\/gloriadeus.com\/home\/leonina-eficiente\/"]}]},{"@type":"ImageObject","inLanguage":"pt-BR","@id":"https:\/\/gloriadeus.com\/home\/leonina-eficiente\/#primaryimage","url":"https:\/\/gloriadeus.com\/wp-content\/uploads\/2025\/03\/40-20031401SAIMG11-24.jpg","contentUrl":"https:\/\/gloriadeus.com\/wp-content\/uploads\/2025\/03\/40-20031401SAIMG11-24.jpg","width":500,"height":500,"caption":"Leonina eficiente"},{"@type":"BreadcrumbList","@id":"https:\/\/gloriadeus.com\/home\/leonina-eficiente\/#breadcrumb","itemListElement":[{"@type":"ListItem","position":1,"name":"In\u00edcio","item":"https:\/\/gloriadeus.com\/home\/"},{"@type":"ListItem","position":2,"name":"Leonina eficiente"}]},{"@type":"WebSite","@id":"https:\/\/gloriadeus.com\/home\/#website","url":"https:\/\/gloriadeus.com\/home\/","name":"Gloria Deus","description":"\u21a8 Deslize para descobrir mais \u21a8","publisher":{"@id":"https:\/\/gloriadeus.com\/home\/#\/schema\/person\/ab2365ca8f87ea38e53ba3c2275e65c4"},"alternateName":"Muita f\u00e9","potentialAction":[{"@type":"SearchAction","target":{"@type":"EntryPoint","urlTemplate":"https:\/\/gloriadeus.com\/home\/?s={search_term_string}"},"query-input":{"@type":"PropertyValueSpecification","valueRequired":true,"valueName":"search_term_string"}}],"inLanguage":"pt-BR"},{"@type":["Person","Organization"],"@id":"https:\/\/gloriadeus.com\/home\/#\/schema\/person\/ab2365ca8f87ea38e53ba3c2275e65c4","name":"gloriadeus.com","image":{"@type":"ImageObject","inLanguage":"pt-BR","@id":"https:\/\/gloriadeus.com\/wp-content\/uploads\/2024\/03\/230525DDPNG-21.png","url":"https:\/\/gloriadeus.com\/wp-content\/uploads\/2024\/03\/230525DDPNG-21.png","contentUrl":"https:\/\/gloriadeus.com\/wp-content\/uploads\/2024\/03\/230525DDPNG-21.png","width":220,"height":230,"caption":"gloriadeus.com"},"logo":{"@id":"https:\/\/gloriadeus.com\/wp-content\/uploads\/2024\/03\/230525DDPNG-21.png"},"sameAs":["https:\/\/gloriadeus.com"]}]}},"_links":{"self":[{"href":"https:\/\/gloriadeus.com\/home\/wp-json\/wp\/v2\/pages\/5701","targetHints":{"allow":["GET"]}}],"collection":[{"href":"https:\/\/gloriadeus.com\/home\/wp-json\/wp\/v2\/pages"}],"about":[{"href":"https:\/\/gloriadeus.com\/home\/wp-json\/wp\/v2\/types\/page"}],"author":[{"embeddable":true,"href":"https:\/\/gloriadeus.com\/home\/wp-json\/wp\/v2\/users\/1"}],"replies":[{"embeddable":true,"href":"https:\/\/gloriadeus.com\/home\/wp-json\/wp\/v2\/comments?post=5701"}],"version-history":[{"count":6,"href":"https:\/\/gloriadeus.com\/home\/wp-json\/wp\/v2\/pages\/5701\/revisions"}],"predecessor-version":[{"id":10348,"href":"https:\/\/gloriadeus.com\/home\/wp-json\/wp\/v2\/pages\/5701\/revisions\/10348"}],"wp:featuredmedia":[{"embeddable":true,"href":"https:\/\/gloriadeus.com\/home\/wp-json\/wp\/v2\/media\/5702"}],"wp:attachment":[{"href":"https:\/\/gloriadeus.com\/home\/wp-json\/wp\/v2\/media?parent=5701"}],"curies":[{"name":"wp","href":"https:\/\/api.w.org\/{rel}","templated":true}]}}