{"id":5684,"date":"2026-01-18T19:17:53","date_gmt":"2026-01-18T22:17:53","guid":{"rendered":"https:\/\/gloriadeus.com\/?page_id=5684"},"modified":"2026-02-07T13:10:44","modified_gmt":"2026-02-07T16:10:44","slug":"com-orgulho-sou-taurina","status":"publish","type":"page","link":"https:\/\/gloriadeus.com\/home\/com-orgulho-sou-taurina\/","title":{"rendered":"Com orgulho, sou Taurina"},"content":{"rendered":"<!-- subtitulo, palavra, paragrafo ok --> \r\n\r\n\r\n<figure data-wp-context=\"{&quot;imageId&quot;:&quot;69fa36400c37c&quot;}\" data-wp-interactive=\"core\/image\" data-wp-key=\"69fa36400c37c\" class=\"wp-block-image size-large is-resized wp-lightbox-container\"><img loading=\"lazy\" decoding=\"async\" width=\"480\" height=\"483\" data-wp-class--hide=\"state.isContentHidden\" data-wp-class--show=\"state.isContentVisible\" data-wp-init=\"callbacks.setButtonStyles\" data-wp-on--click=\"actions.showLightbox\" data-wp-on--load=\"callbacks.setButtonStyles\" data-wp-on-window--resize=\"callbacks.setButtonStyles\" class=\"wp-image-5685\" style=\"width: 259px; height: auto;\" src=\"https:\/\/gloriadeus.com\/wp-content\/uploads\/2025\/03\/241116AMDIMG01gf.jpg\" alt=\"Homenagem para todas Taurinas\" srcset=\"https:\/\/gloriadeus.com\/wp-content\/uploads\/2025\/03\/241116AMDIMG01gf.jpg 480w, https:\/\/gloriadeus.com\/wp-content\/uploads\/2025\/03\/241116AMDIMG01gf-298x300.jpg 298w, https:\/\/gloriadeus.com\/wp-content\/uploads\/2025\/03\/241116AMDIMG01gf-150x150.jpg 150w\" sizes=\"auto, (max-width: 480px) 100vw, 480px\" \/><button\n\t\t\tclass=\"lightbox-trigger\"\n\t\t\ttype=\"button\"\n\t\t\taria-haspopup=\"dialog\"\n\t\t\taria-label=\"Ampliar\"\n\t\t\tdata-wp-init=\"callbacks.initTriggerButton\"\n\t\t\tdata-wp-on--click=\"actions.showLightbox\"\n\t\t\tdata-wp-style--right=\"state.imageButtonRight\"\n\t\t\tdata-wp-style--top=\"state.imageButtonTop\"\n\t\t>\n\t\t\t<svg xmlns=\"http:\/\/www.w3.org\/2000\/svg\" width=\"12\" height=\"12\" fill=\"none\" viewBox=\"0 0 12 12\">\n\t\t\t\t<path fill=\"#fff\" d=\"M2 0a2 2 0 0 0-2 2v2h1.5V2a.5.5 0 0 1 .5-.5h2V0H2Zm2 10.5H2a.5.5 0 0 1-.5-.5V8H0v2a2 2 0 0 0 2 2h2v-1.5ZM8 12v-1.5h2a.5.5 0 0 0 .5-.5V8H12v2a2 2 0 0 1-2 2H8Zm2-12a2 2 0 0 1 2 2v2h-1.5V2a.5.5 0 0 0-.5-.5H8V0h2Z\" \/>\n\t\t\t<\/svg>\n\t\t<\/button><\/figure>\r\n\r\n\r\n\r\n<p>Em um mundo repleto de mudan\u00e7as r\u00e1pidas e incertezas, as taurinas s\u00e3o verdadeiros pilares de for\u00e7a e resili\u00eancia, merecendo uma homenagem especial que celebre sua ess\u00eancia \u00fanica e suas qualidades inconfund\u00edveis.\u00a0\u00a0<\/p>\r\n<h2>Um Signo de vidas guardi\u00e3s\u00a0<\/h2>\r\n<p>Elas s\u00e3o as guardi\u00e3s da tradi\u00e7\u00e3o, aquelas que valorizam as pequenas coisas da vida e transformam cada momento em uma arte, onde o cotidiano \u00e9 preenchido por beleza e gratid\u00e3o. Imagine uma taurina, com seu olhar profundo e seguro, que enxerga al\u00e9m da superf\u00edcie, sua capacidade de amar de maneira incondicional e sincera \u00e9 uma das suas maiores virtudes.\u00a0<\/p>\r\n<p>Uma taurina \u00e9 uma fonte de estabilidade em meio ao caos, pois, com sua natureza persistente e determinada, ela nos ensina que os sonhos n\u00e3o s\u00e3o apenas para serem sonhados, mas sim para serem concretizados com esfor\u00e7o e paci\u00eancia.\u00a0<\/p>\r\n<p><img loading=\"lazy\" decoding=\"async\" width=\"736\" height=\"912\" class=\"wp-image-5688\" style=\"width: 275px; height: auto;\" src=\"https:\/\/gloriadeus.com\/wp-content\/uploads\/2025\/03\/250318AMDIMG04-1.jpg\" alt=\"Homenagem para todas Taurinas\" srcset=\"https:\/\/gloriadeus.com\/wp-content\/uploads\/2025\/03\/250318AMDIMG04-1.jpg 736w, https:\/\/gloriadeus.com\/wp-content\/uploads\/2025\/03\/250318AMDIMG04-1-242x300.jpg 242w\" sizes=\"auto, (max-width: 736px) 100vw, 736px\" \/>\u00a0<\/p>\r\n<p>Apesar de sua reputa\u00e7\u00e3o de ser teimosa, essa teimosia \u00e9 uma for\u00e7a poderosa que as leva a lutar por aquilo que acreditam e a defender seus valores com uma paix\u00e3o ardente. A lealdade das taurinas \u00e9 inspiradora, quando se comprometem, tornam-se parceiras inabal\u00e1veis, sempre dispostas a apoiar aqueles que amam, seja na conquistas ou nos momentos mais desafiadores.\u00a0<\/p>\r\n<h2>Sobre sua profunda com a natureza\u00a0<\/h2>\r\n<p>Elas possuem uma conex\u00e3o profunda com a natureza, e isso se reflete em seu apre\u00e7o pelas coisas simples e genu\u00ednas da vida: um p\u00f4r do sol, a textura de um tecido, o sabor de uma refei\u00e7\u00e3o caseira, cada detalhe \u00e9 uma oportunidade de encontrar alegria e serenidade.<\/p>\r\n<p>As taurinas tamb\u00e9m s\u00e3o conhecidas por sua <strong>criatividade e talento<\/strong>, frequentemente se destacando em \u00e1reas como a arte, a culin\u00e1ria e a m\u00fasica, onde podem expressar seus sentimentos mais profundos e compartilhar sua vis\u00e3o \u00fanica do mundo.\u00a0<\/p>\r\n<p><img loading=\"lazy\" decoding=\"async\" width=\"500\" height=\"500\" class=\"wp-image-5687\" style=\"width: 315px; height: auto;\" src=\"https:\/\/gloriadeus.com\/wp-content\/uploads\/2025\/03\/250318AMDIMG03-1.jpg\" alt=\"Homenagem para todas Taurinas\" srcset=\"https:\/\/gloriadeus.com\/wp-content\/uploads\/2025\/03\/250318AMDIMG03-1.jpg 500w, https:\/\/gloriadeus.com\/wp-content\/uploads\/2025\/03\/250318AMDIMG03-1-300x300.jpg 300w, https:\/\/gloriadeus.com\/wp-content\/uploads\/2025\/03\/250318AMDIMG03-1-150x150.jpg 150w\" sizes=\"auto, (max-width: 500px) 100vw, 500px\" \/>\u00a0<\/p>\r\n<p>Por meio delas, aprendemos que a beleza est\u00e1 nas nuances e que a vida, quando vivida com autenticidade e amor, se transforma em uma verdadeira obra-prima. \u00c9 admir\u00e1vel ver como elas equilibram suas ambi\u00e7\u00f5es e sonhos com um profundo senso de responsabilidade, sempre pensando no bem-estar dos outros ao mesmo tempo em que buscam seu pr\u00f3prio crescimento.<\/p>\r\n<p>E se alguma vez voc\u00ea se sentir perdido, uma taurina estar\u00e1 l\u00e1, pronta para oferecer suporte e conselhos s\u00e1bios, sempre com um sorriso terno e acolhedor.\u00a0<\/p>\r\n<h2>Um Signo capaz de enfrentar a vida com coragem\u00a0<\/h2>\r\n\r\n\r\n\r\n\r\n\r\n\r\n\r\n\r\n\r\n<p>Sim, Taurinas s\u00e3o verdadeiras musas para aqueles que a cercam, inspirando n\u00e3o apenas pelas palavras ditas, mas tamb\u00e9m pela forma como vivem e enfrentam a vida com coragem e determina\u00e7\u00e3o. Neste dia especial, celebramos n\u00e3o s\u00f3 as conquistas e triunfos, mas tamb\u00e9m a autenticidade e a beleza que cada taurina traz para o mundo ao seu redor.<\/p>\r\n<p>Que cada uma delas saiba o qu\u00e3o especial e preciosa \u00e9, n\u00e3o apenas pelos frutos de seu trabalho e dedica\u00e7\u00e3o, mas pela luz que emitem, transformando a vida de todos que t\u00eam a sorte de cruzar seus caminhos.<\/p>\r\n<p>Aqui est\u00e1 uma homenagem a todas as taurinas: Que voc\u00eas continuem a brilhar intensamente, a amar com intensidade e a sonhar bravamente, pois o mundo precisa da sua for\u00e7a, da sua beleza e da sua paix\u00e3o. Que sigam sempre firmes, semeando amor e gentileza por onde passam, lembrando-se de que s\u00e3o parte essencial dessa tape\u00e7aria magn\u00edfica que \u00e9 a vida, e que a sua contribui\u00e7\u00e3o \u00e9 inestim\u00e1vel.<\/p>\r\n<p>Que cada taurina seja sempre lembrada por sua sabedoria, generosidade e por seu inabal\u00e1vel esp\u00edrito, pois voc\u00eas s\u00e3o a for\u00e7a que torna nosso mundo um lugar mais bonito e acolhedor. Homenageamos voc\u00eas, n\u00e3o apenas hoje, mas todos os dias, com gratid\u00e3o por serem quem s\u00e3o, por serem taurinas.<\/p>\r\n","protected":false},"excerpt":{"rendered":"<p>Em um mundo repleto de mudan\u00e7as r\u00e1pidas e incertezas, as taurinas s\u00e3o verdadeiros pilares de for\u00e7a e resili\u00eancia, merecendo uma &hellip; <\/p>\n","protected":false},"author":1,"featured_media":5688,"parent":0,"menu_order":0,"comment_status":"closed","ping_status":"closed","template":"","meta":{"_uf_show_specific_survey":0,"_uf_disable_surveys":false,"footnotes":""},"class_list":["post-5684","page","type-page","status-publish","has-post-thumbnail","hentry"],"yoast_head":"<!-- This site is optimized with the Yoast SEO plugin v27.5 - https:\/\/yoast.com\/product\/yoast-seo-wordpress\/ -->\n<title>Com orgulho, sou Taurina - Gl\u00f3ria Deus<\/title>\n<meta name=\"robots\" content=\"index, follow, max-snippet:-1, max-image-preview:large, max-video-preview:-1\" \/>\n<link rel=\"canonical\" href=\"https:\/\/gloriadeus.com\/home\/com-orgulho-sou-taurina\/\" \/>\n<meta property=\"og:locale\" content=\"pt_BR\" \/>\n<meta property=\"og:type\" content=\"article\" \/>\n<meta property=\"og:title\" content=\"Com orgulho, sou Taurina - Gl\u00f3ria Deus\" \/>\n<meta property=\"og:description\" content=\"Em um mundo repleto de mudan\u00e7as r\u00e1pidas e incertezas, as taurinas s\u00e3o verdadeiros pilares de for\u00e7a e resili\u00eancia, merecendo uma &hellip;\" \/>\n<meta property=\"og:url\" content=\"https:\/\/gloriadeus.com\/home\/com-orgulho-sou-taurina\/\" \/>\n<meta property=\"og:site_name\" content=\"Gl\u00f3ria Deus\" \/>\n<meta property=\"article:modified_time\" content=\"2026-02-07T16:10:44+00:00\" \/>\n<meta property=\"og:image\" content=\"https:\/\/gloriadeus.com\/wp-content\/uploads\/2025\/03\/250318AMDIMG04-1.jpg\" \/>\n\t<meta property=\"og:image:width\" content=\"736\" \/>\n\t<meta property=\"og:image:height\" content=\"912\" \/>\n\t<meta property=\"og:image:type\" content=\"image\/jpeg\" \/>\n<meta name=\"twitter:card\" content=\"summary_large_image\" \/>\n<meta name=\"twitter:label1\" content=\"Est. tempo de leitura\" \/>\n\t<meta name=\"twitter:data1\" content=\"5 minutos\" \/>\n<script type=\"application\/ld+json\" class=\"yoast-schema-graph\">{\"@context\":\"https:\\\/\\\/schema.org\",\"@graph\":[{\"@type\":\"WebPage\",\"@id\":\"https:\\\/\\\/gloriadeus.com\\\/home\\\/com-orgulho-sou-taurina\\\/\",\"url\":\"https:\\\/\\\/gloriadeus.com\\\/home\\\/com-orgulho-sou-taurina\\\/\",\"name\":\"Com orgulho, sou Taurina - Gl\u00f3ria Deus\",\"isPartOf\":{\"@id\":\"https:\\\/\\\/gloriadeus.com\\\/home\\\/#website\"},\"primaryImageOfPage\":{\"@id\":\"https:\\\/\\\/gloriadeus.com\\\/home\\\/com-orgulho-sou-taurina\\\/#primaryimage\"},\"image\":{\"@id\":\"https:\\\/\\\/gloriadeus.com\\\/home\\\/com-orgulho-sou-taurina\\\/#primaryimage\"},\"thumbnailUrl\":\"https:\\\/\\\/gloriadeus.com\\\/wp-content\\\/uploads\\\/2025\\\/03\\\/250318AMDIMG04-1.jpg\",\"datePublished\":\"2026-01-18T22:17:53+00:00\",\"dateModified\":\"2026-02-07T16:10:44+00:00\",\"breadcrumb\":{\"@id\":\"https:\\\/\\\/gloriadeus.com\\\/home\\\/com-orgulho-sou-taurina\\\/#breadcrumb\"},\"inLanguage\":\"pt-BR\",\"potentialAction\":[{\"@type\":\"ReadAction\",\"target\":[\"https:\\\/\\\/gloriadeus.com\\\/home\\\/com-orgulho-sou-taurina\\\/\"]}]},{\"@type\":\"ImageObject\",\"inLanguage\":\"pt-BR\",\"@id\":\"https:\\\/\\\/gloriadeus.com\\\/home\\\/com-orgulho-sou-taurina\\\/#primaryimage\",\"url\":\"https:\\\/\\\/gloriadeus.com\\\/wp-content\\\/uploads\\\/2025\\\/03\\\/250318AMDIMG04-1.jpg\",\"contentUrl\":\"https:\\\/\\\/gloriadeus.com\\\/wp-content\\\/uploads\\\/2025\\\/03\\\/250318AMDIMG04-1.jpg\",\"width\":736,\"height\":912,\"caption\":\"Homenagem para todas Taurinas\"},{\"@type\":\"BreadcrumbList\",\"@id\":\"https:\\\/\\\/gloriadeus.com\\\/home\\\/com-orgulho-sou-taurina\\\/#breadcrumb\",\"itemListElement\":[{\"@type\":\"ListItem\",\"position\":1,\"name\":\"In\u00edcio\",\"item\":\"https:\\\/\\\/gloriadeus.com\\\/home\\\/\"},{\"@type\":\"ListItem\",\"position\":2,\"name\":\"Com orgulho, sou Taurina\"}]},{\"@type\":\"WebSite\",\"@id\":\"https:\\\/\\\/gloriadeus.com\\\/home\\\/#website\",\"url\":\"https:\\\/\\\/gloriadeus.com\\\/home\\\/\",\"name\":\"Gloria Deus\",\"description\":\"\u21a8 Deslize para descobrir mais \u21a8\",\"publisher\":{\"@id\":\"https:\\\/\\\/gloriadeus.com\\\/home\\\/#\\\/schema\\\/person\\\/ab2365ca8f87ea38e53ba3c2275e65c4\"},\"alternateName\":\"Muita f\u00e9\",\"potentialAction\":[{\"@type\":\"SearchAction\",\"target\":{\"@type\":\"EntryPoint\",\"urlTemplate\":\"https:\\\/\\\/gloriadeus.com\\\/home\\\/?s={search_term_string}\"},\"query-input\":{\"@type\":\"PropertyValueSpecification\",\"valueRequired\":true,\"valueName\":\"search_term_string\"}}],\"inLanguage\":\"pt-BR\"},{\"@type\":[\"Person\",\"Organization\"],\"@id\":\"https:\\\/\\\/gloriadeus.com\\\/home\\\/#\\\/schema\\\/person\\\/ab2365ca8f87ea38e53ba3c2275e65c4\",\"name\":\"gloriadeus.com\",\"image\":{\"@type\":\"ImageObject\",\"inLanguage\":\"pt-BR\",\"@id\":\"https:\\\/\\\/gloriadeus.com\\\/wp-content\\\/uploads\\\/2024\\\/03\\\/230525DDPNG-21.png\",\"url\":\"https:\\\/\\\/gloriadeus.com\\\/wp-content\\\/uploads\\\/2024\\\/03\\\/230525DDPNG-21.png\",\"contentUrl\":\"https:\\\/\\\/gloriadeus.com\\\/wp-content\\\/uploads\\\/2024\\\/03\\\/230525DDPNG-21.png\",\"width\":220,\"height\":230,\"caption\":\"gloriadeus.com\"},\"logo\":{\"@id\":\"https:\\\/\\\/gloriadeus.com\\\/wp-content\\\/uploads\\\/2024\\\/03\\\/230525DDPNG-21.png\"},\"sameAs\":[\"https:\\\/\\\/gloriadeus.com\"]}]}<\/script>\n<!-- \/ Yoast SEO plugin. -->","yoast_head_json":{"title":"Com orgulho, sou Taurina - Gl\u00f3ria Deus","robots":{"index":"index","follow":"follow","max-snippet":"max-snippet:-1","max-image-preview":"max-image-preview:large","max-video-preview":"max-video-preview:-1"},"canonical":"https:\/\/gloriadeus.com\/home\/com-orgulho-sou-taurina\/","og_locale":"pt_BR","og_type":"article","og_title":"Com orgulho, sou Taurina - Gl\u00f3ria Deus","og_description":"Em um mundo repleto de mudan\u00e7as r\u00e1pidas e incertezas, as taurinas s\u00e3o verdadeiros pilares de for\u00e7a e resili\u00eancia, merecendo uma &hellip;","og_url":"https:\/\/gloriadeus.com\/home\/com-orgulho-sou-taurina\/","og_site_name":"Gl\u00f3ria Deus","article_modified_time":"2026-02-07T16:10:44+00:00","og_image":[{"width":736,"height":912,"url":"https:\/\/gloriadeus.com\/wp-content\/uploads\/2025\/03\/250318AMDIMG04-1.jpg","type":"image\/jpeg"}],"twitter_card":"summary_large_image","twitter_misc":{"Est. tempo de leitura":"5 minutos"},"schema":{"@context":"https:\/\/schema.org","@graph":[{"@type":"WebPage","@id":"https:\/\/gloriadeus.com\/home\/com-orgulho-sou-taurina\/","url":"https:\/\/gloriadeus.com\/home\/com-orgulho-sou-taurina\/","name":"Com orgulho, sou Taurina - Gl\u00f3ria Deus","isPartOf":{"@id":"https:\/\/gloriadeus.com\/home\/#website"},"primaryImageOfPage":{"@id":"https:\/\/gloriadeus.com\/home\/com-orgulho-sou-taurina\/#primaryimage"},"image":{"@id":"https:\/\/gloriadeus.com\/home\/com-orgulho-sou-taurina\/#primaryimage"},"thumbnailUrl":"https:\/\/gloriadeus.com\/wp-content\/uploads\/2025\/03\/250318AMDIMG04-1.jpg","datePublished":"2026-01-18T22:17:53+00:00","dateModified":"2026-02-07T16:10:44+00:00","breadcrumb":{"@id":"https:\/\/gloriadeus.com\/home\/com-orgulho-sou-taurina\/#breadcrumb"},"inLanguage":"pt-BR","potentialAction":[{"@type":"ReadAction","target":["https:\/\/gloriadeus.com\/home\/com-orgulho-sou-taurina\/"]}]},{"@type":"ImageObject","inLanguage":"pt-BR","@id":"https:\/\/gloriadeus.com\/home\/com-orgulho-sou-taurina\/#primaryimage","url":"https:\/\/gloriadeus.com\/wp-content\/uploads\/2025\/03\/250318AMDIMG04-1.jpg","contentUrl":"https:\/\/gloriadeus.com\/wp-content\/uploads\/2025\/03\/250318AMDIMG04-1.jpg","width":736,"height":912,"caption":"Homenagem para todas Taurinas"},{"@type":"BreadcrumbList","@id":"https:\/\/gloriadeus.com\/home\/com-orgulho-sou-taurina\/#breadcrumb","itemListElement":[{"@type":"ListItem","position":1,"name":"In\u00edcio","item":"https:\/\/gloriadeus.com\/home\/"},{"@type":"ListItem","position":2,"name":"Com orgulho, sou Taurina"}]},{"@type":"WebSite","@id":"https:\/\/gloriadeus.com\/home\/#website","url":"https:\/\/gloriadeus.com\/home\/","name":"Gloria Deus","description":"\u21a8 Deslize para descobrir mais \u21a8","publisher":{"@id":"https:\/\/gloriadeus.com\/home\/#\/schema\/person\/ab2365ca8f87ea38e53ba3c2275e65c4"},"alternateName":"Muita f\u00e9","potentialAction":[{"@type":"SearchAction","target":{"@type":"EntryPoint","urlTemplate":"https:\/\/gloriadeus.com\/home\/?s={search_term_string}"},"query-input":{"@type":"PropertyValueSpecification","valueRequired":true,"valueName":"search_term_string"}}],"inLanguage":"pt-BR"},{"@type":["Person","Organization"],"@id":"https:\/\/gloriadeus.com\/home\/#\/schema\/person\/ab2365ca8f87ea38e53ba3c2275e65c4","name":"gloriadeus.com","image":{"@type":"ImageObject","inLanguage":"pt-BR","@id":"https:\/\/gloriadeus.com\/wp-content\/uploads\/2024\/03\/230525DDPNG-21.png","url":"https:\/\/gloriadeus.com\/wp-content\/uploads\/2024\/03\/230525DDPNG-21.png","contentUrl":"https:\/\/gloriadeus.com\/wp-content\/uploads\/2024\/03\/230525DDPNG-21.png","width":220,"height":230,"caption":"gloriadeus.com"},"logo":{"@id":"https:\/\/gloriadeus.com\/wp-content\/uploads\/2024\/03\/230525DDPNG-21.png"},"sameAs":["https:\/\/gloriadeus.com"]}]}},"_links":{"self":[{"href":"https:\/\/gloriadeus.com\/home\/wp-json\/wp\/v2\/pages\/5684","targetHints":{"allow":["GET"]}}],"collection":[{"href":"https:\/\/gloriadeus.com\/home\/wp-json\/wp\/v2\/pages"}],"about":[{"href":"https:\/\/gloriadeus.com\/home\/wp-json\/wp\/v2\/types\/page"}],"author":[{"embeddable":true,"href":"https:\/\/gloriadeus.com\/home\/wp-json\/wp\/v2\/users\/1"}],"replies":[{"embeddable":true,"href":"https:\/\/gloriadeus.com\/home\/wp-json\/wp\/v2\/comments?post=5684"}],"version-history":[{"count":5,"href":"https:\/\/gloriadeus.com\/home\/wp-json\/wp\/v2\/pages\/5684\/revisions"}],"predecessor-version":[{"id":10422,"href":"https:\/\/gloriadeus.com\/home\/wp-json\/wp\/v2\/pages\/5684\/revisions\/10422"}],"wp:featuredmedia":[{"embeddable":true,"href":"https:\/\/gloriadeus.com\/home\/wp-json\/wp\/v2\/media\/5688"}],"wp:attachment":[{"href":"https:\/\/gloriadeus.com\/home\/wp-json\/wp\/v2\/media?parent=5684"}],"curies":[{"name":"wp","href":"https:\/\/api.w.org\/{rel}","templated":true}]}}