{"id":5675,"date":"2026-01-18T18:22:25","date_gmt":"2026-01-18T21:22:25","guid":{"rendered":"https:\/\/gloriadeus.com\/?page_id=5675"},"modified":"2026-02-04T13:33:16","modified_gmt":"2026-02-04T16:33:16","slug":"geminiana-sim-meu-signo","status":"publish","type":"page","link":"https:\/\/gloriadeus.com\/home\/geminiana-sim-meu-signo\/","title":{"rendered":"Geminiana sim \u2192 Meu Signo"},"content":{"rendered":"<!-- subtitulo, palavra, paragrafo ok -->\r\n\r\n\r\n<figure data-wp-context=\"{&quot;imageId&quot;:&quot;69fa36672e3a7&quot;}\" data-wp-interactive=\"core\/image\" data-wp-key=\"69fa36672e3a7\" class=\"wp-block-image size-large is-resized wp-lightbox-container\"><img loading=\"lazy\" decoding=\"async\" width=\"736\" height=\"736\" data-wp-class--hide=\"state.isContentHidden\" data-wp-class--show=\"state.isContentVisible\" data-wp-init=\"callbacks.setButtonStyles\" data-wp-on--click=\"actions.showLightbox\" data-wp-on--load=\"callbacks.setButtonStyles\" data-wp-on-window--resize=\"callbacks.setButtonStyles\" class=\"wp-image-5677\" style=\"width: 301px; height: auto;\" src=\"https:\/\/gloriadeus.com\/wp-content\/uploads\/2025\/03\/250318AMDIMG03.jpg\" alt=\"Geminiana sim \u2192 Meu Signo\" srcset=\"https:\/\/gloriadeus.com\/wp-content\/uploads\/2025\/03\/250318AMDIMG03.jpg 736w, https:\/\/gloriadeus.com\/wp-content\/uploads\/2025\/03\/250318AMDIMG03-300x300.jpg 300w, https:\/\/gloriadeus.com\/wp-content\/uploads\/2025\/03\/250318AMDIMG03-150x150.jpg 150w\" sizes=\"auto, (max-width: 736px) 100vw, 736px\" \/><button\n\t\t\tclass=\"lightbox-trigger\"\n\t\t\ttype=\"button\"\n\t\t\taria-haspopup=\"dialog\"\n\t\t\taria-label=\"Ampliar\"\n\t\t\tdata-wp-init=\"callbacks.initTriggerButton\"\n\t\t\tdata-wp-on--click=\"actions.showLightbox\"\n\t\t\tdata-wp-style--right=\"state.imageButtonRight\"\n\t\t\tdata-wp-style--top=\"state.imageButtonTop\"\n\t\t>\n\t\t\t<svg xmlns=\"http:\/\/www.w3.org\/2000\/svg\" width=\"12\" height=\"12\" fill=\"none\" viewBox=\"0 0 12 12\">\n\t\t\t\t<path fill=\"#fff\" d=\"M2 0a2 2 0 0 0-2 2v2h1.5V2a.5.5 0 0 1 .5-.5h2V0H2Zm2 10.5H2a.5.5 0 0 1-.5-.5V8H0v2a2 2 0 0 0 2 2h2v-1.5ZM8 12v-1.5h2a.5.5 0 0 0 .5-.5V8H12v2a2 2 0 0 1-2 2H8Zm2-12a2 2 0 0 1 2 2v2h-1.5V2a.5.5 0 0 0-.5-.5H8V0h2Z\" \/>\n\t\t\t<\/svg>\n\t\t<\/button><\/figure>\r\n\r\n\r\n\r\n<p>As mulheres do signo de G\u00eameos, regidas pelo planeta Merc\u00fario, s\u00e3o conhecidas por sua versatilidade e habilidade de comunica\u00e7\u00e3o, caracter\u00edsticas que as tornam fascinantes e \u00fanicas em diversos aspectos da vida.\u00a0<\/p>\r\n<h2>Criam seu pr\u00f3prio universo\u00a0<\/h2>\r\n<p>Elas podem mergulhar em suas pr\u00f3prias inquieta\u00e7\u00f5es e reflex\u00f5es, buscando entender n\u00e3o apenas o mundo externo, mas tamb\u00e9m seu pr\u00f3prio universo interior.<\/p>\r\n<p>Isso pode torn\u00e1-las um pouco indecisas, j\u00e1 que sua mente inquieta tende a levar a m\u00faltiplas possibilidades e caminhos, mas tamb\u00e9m proporciona uma capacidade extraordin\u00e1ria de <strong>empatia e compreens\u00e3o<\/strong>. Essa caracter\u00edstica as torna amigas leais e conselheiras s\u00e1bias, sempre prontas para ouvir e oferecer apoio com um olhar perspicaz e um cora\u00e7\u00e3o aberto.<\/p>\r\n<figure class=\"wp-block-image size-large is-resized\"><img loading=\"lazy\" decoding=\"async\" width=\"576\" height=\"1024\" class=\"wp-image-5678\" style=\"width: 441px; height: auto;\" src=\"https:\/\/gloriadeus.com\/wp-content\/uploads\/2025\/03\/250318AMDIMG02-576x1024.jpg\" alt=\"Geminiana sim \u2192 Meu Signo\" srcset=\"https:\/\/gloriadeus.com\/wp-content\/uploads\/2025\/03\/250318AMDIMG02-576x1024.jpg 576w, https:\/\/gloriadeus.com\/wp-content\/uploads\/2025\/03\/250318AMDIMG02-169x300.jpg 169w, https:\/\/gloriadeus.com\/wp-content\/uploads\/2025\/03\/250318AMDIMG02.jpg 736w\" sizes=\"auto, (max-width: 576px) 100vw, 576px\" \/>\u00a0<\/figure>\r\n<p>Nascidas entre 21 de maio e 20 de junho, essas mulheres possuem uma curiosidade insaci\u00e1vel e uma mente \u00e1gil, sempre em busca de novos conhecimentos e experi\u00eancias.\u00a0<\/p>\r\n<h2>Uma ess\u00eancia profunda\u00a0<\/h2>\r\n<p>Sua natureza dual as faz ser adapt\u00e1veis e multifacetadas, capazes de se moldar a diversas situa\u00e7\u00f5es e interlocutores, refletindo a dualidade do pr\u00f3prio signo que as representa.\u00a0<\/p>\r\n<p>A atra\u00e7\u00e3o pela novidade e pela din\u00e2mica do relacionamento pode fazer com que, \u00e0s vezes, elas pare\u00e7am superficiais, mas quem se aprofunda em sua ess\u00eancia percebe que h\u00e1 uma profundidade intensa sob a superf\u00edcie. Elas adoram debater ideias e filosofias, muitas vezes se envolvendo em discuss\u00f5es acaloradas que podem ser vistas como uma forma de conex\u00e3o emocional.<\/p>\r\n<p>No trabalho, as geminianas tendem a brilhar em ambientes que valorizam a criatividade e a comunica\u00e7\u00e3o. Elas s\u00e3o capazes de lidar com m\u00faltiplas tarefas simultaneamente, o que as torna excelentes em fun\u00e7\u00f5es que demandam agilidade mental, e n\u00e3o hesitam em compartilhar suas ideias inovadoras e solu\u00e7\u00f5es criativas para problemas complexos.\u00a0<\/p>\r\n<h2>O signo do talento\u00a0<\/h2>\r\n<p>Seu talento para escrever e se expressar tamb\u00e9m pode lev\u00e1-las a se destacarem em \u00e1reas como marketing, jornalismo, ensino e artes, onde podem canalizar sua criatividade e amor pelas palavras. Tamb\u00e9m s\u00e3o capazes de liderar equipes de forma inspiradora, utilizando seu dom para motivar e engajar os outros em torno de uma vis\u00e3o comum.<\/p>\r\n<p>\r\n\r\n\r\n\r\n\r\n<figure data-wp-context=\"{&quot;imageId&quot;:&quot;69fa36672e745&quot;}\" data-wp-interactive=\"core\/image\" data-wp-key=\"69fa36672e745\" class=\"wp-block-image size-large is-resized wp-lightbox-container\"><img loading=\"lazy\" decoding=\"async\" width=\"480\" height=\"551\" data-wp-class--hide=\"state.isContentHidden\" data-wp-class--show=\"state.isContentVisible\" data-wp-init=\"callbacks.setButtonStyles\" data-wp-on--click=\"actions.showLightbox\" data-wp-on--load=\"callbacks.setButtonStyles\" data-wp-on-window--resize=\"callbacks.setButtonStyles\" class=\"wp-image-5676\" style=\"width: 279px; height: auto;\" src=\"https:\/\/gloriadeus.com\/wp-content\/uploads\/2025\/03\/250318AMDIMG01.jpg\" alt=\"Geminiana sim \u2192 Meu Signo\" srcset=\"https:\/\/gloriadeus.com\/wp-content\/uploads\/2025\/03\/250318AMDIMG01.jpg 480w, https:\/\/gloriadeus.com\/wp-content\/uploads\/2025\/03\/250318AMDIMG01-261x300.jpg 261w\" sizes=\"auto, (max-width: 480px) 100vw, 480px\" \/><button\n\t\t\tclass=\"lightbox-trigger\"\n\t\t\ttype=\"button\"\n\t\t\taria-haspopup=\"dialog\"\n\t\t\taria-label=\"Ampliar\"\n\t\t\tdata-wp-init=\"callbacks.initTriggerButton\"\n\t\t\tdata-wp-on--click=\"actions.showLightbox\"\n\t\t\tdata-wp-style--right=\"state.imageButtonRight\"\n\t\t\tdata-wp-style--top=\"state.imageButtonTop\"\n\t\t>\n\t\t\t<svg xmlns=\"http:\/\/www.w3.org\/2000\/svg\" width=\"12\" height=\"12\" fill=\"none\" viewBox=\"0 0 12 12\">\n\t\t\t\t<path fill=\"#fff\" d=\"M2 0a2 2 0 0 0-2 2v2h1.5V2a.5.5 0 0 1 .5-.5h2V0H2Zm2 10.5H2a.5.5 0 0 1-.5-.5V8H0v2a2 2 0 0 0 2 2h2v-1.5ZM8 12v-1.5h2a.5.5 0 0 0 .5-.5V8H12v2a2 2 0 0 1-2 2H8Zm2-12a2 2 0 0 1 2 2v2h-1.5V2a.5.5 0 0 0-.5-.5H8V0h2Z\" \/>\n\t\t\t<\/svg>\n\t\t<\/button>\u00a0<\/figure>\r\n<p>Elas s\u00e3o como borboletas, que, constantemente, buscam o n\u00e9ctar de novas flores, explorando o mundo ao seu redor com uma sede de entendimento que parece nunca se esgotar.<\/p>\r\n<p>A busca incessante por novidades e diversidade faz com que, muitas vezes, se sintam impacientes ou entediadas com a monotonia, por isso, s\u00e3o amigas, parceiras e profissionais que abra\u00e7am a mudan\u00e7a e a inova\u00e7\u00e3o.\u00a0\u00a0<\/p>\r\n<h2>Uma habilidade inspiradora\u00a0<\/h2>\r\n<p>A habilidade de comunicar-se com clareza e eloqu\u00eancia \u00e9 uma de suas maiores virtudes, permitindo que se expressem de maneira cativante, seja em conversas informais ou em ambientes mais formais.<\/p>\r\n<p>Suas conversas s\u00e3o ricas e din\u00e2micas, recheadas de perguntas interessantes e observa\u00e7\u00f5es perspicazes, que muitas vezes deixam aqueles ao seu redor inspirados. Existem camadas mais profundas nessa personalidade curiosa. Embora sejam vistas como leves e divertidas, as mulheres de G\u00eameos tamb\u00e9m t\u00eam um lado introspectivo e contemplativo.<\/p>\r\n\r\n\r\n\r\n<figure class=\"wp-block-image size-large is-resized\"><img loading=\"lazy\" decoding=\"async\" width=\"736\" height=\"726\" class=\"wp-image-5679\" style=\"width: 447px; height: auto;\" src=\"https:\/\/gloriadeus.com\/wp-content\/uploads\/2025\/03\/250318AMDIMG04.jpg\" alt=\"Geminiana sim \u2192 Meu Signo\" srcset=\"https:\/\/gloriadeus.com\/wp-content\/uploads\/2025\/03\/250318AMDIMG04.jpg 736w, https:\/\/gloriadeus.com\/wp-content\/uploads\/2025\/03\/250318AMDIMG04-300x296.jpg 300w\" sizes=\"auto, (max-width: 736px) 100vw, 736px\" \/>\u00a0<\/figure>\r\n\r\n\r\n\r\n<p>A sociabilidade \u00e9 outra marca registrada das geminianas, elas geralmente t\u00eam um extenso c\u00edrculo social e s\u00e3o admiradas por sua capacidade de fazer amigos com facilidade.<\/p>\r\n<p>Em eventos sociais, essas mulheres costumam ser o centro das aten\u00e7\u00f5es, utilizando seu carisma e charme naturais para envolver e encantar os demais. Contudo, essa necessidade de intera\u00e7\u00e3o pode ser um fio t\u00eanue, pois elas tamb\u00e9m t\u00eam momentos em que precisam se retirar e recarregar suas energias, principalmente quando o barulho das vozes e a agita\u00e7\u00e3o ao seu redor se tornam cansativos.\u00a0<\/p>\r\n<h2>Sua vibra\u00e7\u00e3o\u00a0<\/h2>\r\n<p>Em relacionamentos, as mulheres de G\u00eameos buscam companheiros que estimulem sua mente e compartilhem seu amor por novas experi\u00eancias. Elas n\u00e3o suportam a monotonia e, portanto, \u00e9 fundamental que seus parceiros sejam t\u00e3o aventureiros e comunicativos quanto elas, capazes de acompanh\u00e1-las em suas constantes buscas e explora\u00e7\u00f5es.\u00a0<\/p>\r\n<p>As dualidades que as definem, entre leveza e profundidade, sociabilidade e introspec\u00e7\u00e3o, fazem delas seres humanos fascinantes e incomuns que, ao mesmo tempo em que podem ser solit\u00e1rias em seus pensamentos, tamb\u00e9m s\u00e3o perfeitamente capazes de rodear-se de pessoas e animar qualquer ambiente.\u00a0<\/p>\r\n<p>Sabe-se que, as mulheres de G\u00eameos s\u00e3o entidades vibrantes e multifacetadas que trazem \u00e0 vida um colorido especial, entrela\u00e7ando sabedoria, humor e curiosidade num encantador e intrigante emaranhado de personalidade.\u00a0<\/p>\r\n<p>Ao percorrerem a jornada da vida, as geminianas nos ensinam que \u00e9 poss\u00edvel, e desej\u00e1vel, abra\u00e7ar a complexidade do ser, como uma dan\u00e7a constante entre o que somos e o que desejamos ser, entre o conhecido e o desconhecido, sempre olhando para a pr\u00f3xima flor que espera ser explorada.\u00a0<\/p>\r\n","protected":false},"excerpt":{"rendered":"<p>As mulheres do signo de G\u00eameos, regidas pelo planeta Merc\u00fario, s\u00e3o conhecidas por sua versatilidade e habilidade de comunica\u00e7\u00e3o, caracter\u00edsticas &hellip; <\/p>\n","protected":false},"author":1,"featured_media":5678,"parent":0,"menu_order":0,"comment_status":"closed","ping_status":"closed","template":"","meta":{"_uf_show_specific_survey":0,"_uf_disable_surveys":false,"footnotes":""},"class_list":["post-5675","page","type-page","status-publish","has-post-thumbnail","hentry"],"yoast_head":"<!-- This site is optimized with the Yoast SEO plugin v27.5 - https:\/\/yoast.com\/product\/yoast-seo-wordpress\/ -->\n<title>Geminiana sim \u2192 Meu Signo - Gl\u00f3ria Deus<\/title>\n<meta name=\"robots\" content=\"index, follow, max-snippet:-1, max-image-preview:large, max-video-preview:-1\" \/>\n<link rel=\"canonical\" href=\"https:\/\/gloriadeus.com\/home\/geminiana-sim-meu-signo\/\" \/>\n<meta property=\"og:locale\" content=\"pt_BR\" \/>\n<meta property=\"og:type\" content=\"article\" \/>\n<meta property=\"og:title\" content=\"Geminiana sim \u2192 Meu Signo - Gl\u00f3ria Deus\" \/>\n<meta property=\"og:description\" content=\"As mulheres do signo de G\u00eameos, regidas pelo planeta Merc\u00fario, s\u00e3o conhecidas por sua versatilidade e habilidade de comunica\u00e7\u00e3o, caracter\u00edsticas &hellip;\" \/>\n<meta property=\"og:url\" content=\"https:\/\/gloriadeus.com\/home\/geminiana-sim-meu-signo\/\" \/>\n<meta property=\"og:site_name\" content=\"Gl\u00f3ria Deus\" \/>\n<meta property=\"article:modified_time\" content=\"2026-02-04T16:33:16+00:00\" \/>\n<meta property=\"og:image\" content=\"https:\/\/gloriadeus.com\/wp-content\/uploads\/2025\/03\/250318AMDIMG02.jpg\" \/>\n\t<meta property=\"og:image:width\" content=\"736\" \/>\n\t<meta property=\"og:image:height\" content=\"1308\" \/>\n\t<meta property=\"og:image:type\" content=\"image\/jpeg\" \/>\n<meta name=\"twitter:card\" content=\"summary_large_image\" \/>\n<meta name=\"twitter:label1\" content=\"Est. tempo de leitura\" \/>\n\t<meta name=\"twitter:data1\" content=\"6 minutos\" \/>\n<script type=\"application\/ld+json\" class=\"yoast-schema-graph\">{\"@context\":\"https:\\\/\\\/schema.org\",\"@graph\":[{\"@type\":\"WebPage\",\"@id\":\"https:\\\/\\\/gloriadeus.com\\\/home\\\/geminiana-sim-meu-signo\\\/\",\"url\":\"https:\\\/\\\/gloriadeus.com\\\/home\\\/geminiana-sim-meu-signo\\\/\",\"name\":\"Geminiana sim \u2192 Meu Signo - Gl\u00f3ria Deus\",\"isPartOf\":{\"@id\":\"https:\\\/\\\/gloriadeus.com\\\/home\\\/#website\"},\"primaryImageOfPage\":{\"@id\":\"https:\\\/\\\/gloriadeus.com\\\/home\\\/geminiana-sim-meu-signo\\\/#primaryimage\"},\"image\":{\"@id\":\"https:\\\/\\\/gloriadeus.com\\\/home\\\/geminiana-sim-meu-signo\\\/#primaryimage\"},\"thumbnailUrl\":\"https:\\\/\\\/gloriadeus.com\\\/wp-content\\\/uploads\\\/2025\\\/03\\\/250318AMDIMG02.jpg\",\"datePublished\":\"2026-01-18T21:22:25+00:00\",\"dateModified\":\"2026-02-04T16:33:16+00:00\",\"breadcrumb\":{\"@id\":\"https:\\\/\\\/gloriadeus.com\\\/home\\\/geminiana-sim-meu-signo\\\/#breadcrumb\"},\"inLanguage\":\"pt-BR\",\"potentialAction\":[{\"@type\":\"ReadAction\",\"target\":[\"https:\\\/\\\/gloriadeus.com\\\/home\\\/geminiana-sim-meu-signo\\\/\"]}]},{\"@type\":\"ImageObject\",\"inLanguage\":\"pt-BR\",\"@id\":\"https:\\\/\\\/gloriadeus.com\\\/home\\\/geminiana-sim-meu-signo\\\/#primaryimage\",\"url\":\"https:\\\/\\\/gloriadeus.com\\\/wp-content\\\/uploads\\\/2025\\\/03\\\/250318AMDIMG02.jpg\",\"contentUrl\":\"https:\\\/\\\/gloriadeus.com\\\/wp-content\\\/uploads\\\/2025\\\/03\\\/250318AMDIMG02.jpg\",\"width\":736,\"height\":1308,\"caption\":\"Geminiana sim \u2192 Meu Signo\"},{\"@type\":\"BreadcrumbList\",\"@id\":\"https:\\\/\\\/gloriadeus.com\\\/home\\\/geminiana-sim-meu-signo\\\/#breadcrumb\",\"itemListElement\":[{\"@type\":\"ListItem\",\"position\":1,\"name\":\"In\u00edcio\",\"item\":\"https:\\\/\\\/gloriadeus.com\\\/home\\\/\"},{\"@type\":\"ListItem\",\"position\":2,\"name\":\"Geminiana sim \u2192 Meu Signo\"}]},{\"@type\":\"WebSite\",\"@id\":\"https:\\\/\\\/gloriadeus.com\\\/home\\\/#website\",\"url\":\"https:\\\/\\\/gloriadeus.com\\\/home\\\/\",\"name\":\"Gloria Deus\",\"description\":\"\u21a8 Deslize para descobrir mais \u21a8\",\"publisher\":{\"@id\":\"https:\\\/\\\/gloriadeus.com\\\/home\\\/#\\\/schema\\\/person\\\/ab2365ca8f87ea38e53ba3c2275e65c4\"},\"alternateName\":\"Muita f\u00e9\",\"potentialAction\":[{\"@type\":\"SearchAction\",\"target\":{\"@type\":\"EntryPoint\",\"urlTemplate\":\"https:\\\/\\\/gloriadeus.com\\\/home\\\/?s={search_term_string}\"},\"query-input\":{\"@type\":\"PropertyValueSpecification\",\"valueRequired\":true,\"valueName\":\"search_term_string\"}}],\"inLanguage\":\"pt-BR\"},{\"@type\":[\"Person\",\"Organization\"],\"@id\":\"https:\\\/\\\/gloriadeus.com\\\/home\\\/#\\\/schema\\\/person\\\/ab2365ca8f87ea38e53ba3c2275e65c4\",\"name\":\"gloriadeus.com\",\"image\":{\"@type\":\"ImageObject\",\"inLanguage\":\"pt-BR\",\"@id\":\"https:\\\/\\\/gloriadeus.com\\\/wp-content\\\/uploads\\\/2024\\\/03\\\/230525DDPNG-21.png\",\"url\":\"https:\\\/\\\/gloriadeus.com\\\/wp-content\\\/uploads\\\/2024\\\/03\\\/230525DDPNG-21.png\",\"contentUrl\":\"https:\\\/\\\/gloriadeus.com\\\/wp-content\\\/uploads\\\/2024\\\/03\\\/230525DDPNG-21.png\",\"width\":220,\"height\":230,\"caption\":\"gloriadeus.com\"},\"logo\":{\"@id\":\"https:\\\/\\\/gloriadeus.com\\\/wp-content\\\/uploads\\\/2024\\\/03\\\/230525DDPNG-21.png\"},\"sameAs\":[\"https:\\\/\\\/gloriadeus.com\"]}]}<\/script>\n<!-- \/ Yoast SEO plugin. -->","yoast_head_json":{"title":"Geminiana sim \u2192 Meu Signo - Gl\u00f3ria Deus","robots":{"index":"index","follow":"follow","max-snippet":"max-snippet:-1","max-image-preview":"max-image-preview:large","max-video-preview":"max-video-preview:-1"},"canonical":"https:\/\/gloriadeus.com\/home\/geminiana-sim-meu-signo\/","og_locale":"pt_BR","og_type":"article","og_title":"Geminiana sim \u2192 Meu Signo - Gl\u00f3ria Deus","og_description":"As mulheres do signo de G\u00eameos, regidas pelo planeta Merc\u00fario, s\u00e3o conhecidas por sua versatilidade e habilidade de comunica\u00e7\u00e3o, caracter\u00edsticas &hellip;","og_url":"https:\/\/gloriadeus.com\/home\/geminiana-sim-meu-signo\/","og_site_name":"Gl\u00f3ria Deus","article_modified_time":"2026-02-04T16:33:16+00:00","og_image":[{"width":736,"height":1308,"url":"https:\/\/gloriadeus.com\/wp-content\/uploads\/2025\/03\/250318AMDIMG02.jpg","type":"image\/jpeg"}],"twitter_card":"summary_large_image","twitter_misc":{"Est. tempo de leitura":"6 minutos"},"schema":{"@context":"https:\/\/schema.org","@graph":[{"@type":"WebPage","@id":"https:\/\/gloriadeus.com\/home\/geminiana-sim-meu-signo\/","url":"https:\/\/gloriadeus.com\/home\/geminiana-sim-meu-signo\/","name":"Geminiana sim \u2192 Meu Signo - Gl\u00f3ria Deus","isPartOf":{"@id":"https:\/\/gloriadeus.com\/home\/#website"},"primaryImageOfPage":{"@id":"https:\/\/gloriadeus.com\/home\/geminiana-sim-meu-signo\/#primaryimage"},"image":{"@id":"https:\/\/gloriadeus.com\/home\/geminiana-sim-meu-signo\/#primaryimage"},"thumbnailUrl":"https:\/\/gloriadeus.com\/wp-content\/uploads\/2025\/03\/250318AMDIMG02.jpg","datePublished":"2026-01-18T21:22:25+00:00","dateModified":"2026-02-04T16:33:16+00:00","breadcrumb":{"@id":"https:\/\/gloriadeus.com\/home\/geminiana-sim-meu-signo\/#breadcrumb"},"inLanguage":"pt-BR","potentialAction":[{"@type":"ReadAction","target":["https:\/\/gloriadeus.com\/home\/geminiana-sim-meu-signo\/"]}]},{"@type":"ImageObject","inLanguage":"pt-BR","@id":"https:\/\/gloriadeus.com\/home\/geminiana-sim-meu-signo\/#primaryimage","url":"https:\/\/gloriadeus.com\/wp-content\/uploads\/2025\/03\/250318AMDIMG02.jpg","contentUrl":"https:\/\/gloriadeus.com\/wp-content\/uploads\/2025\/03\/250318AMDIMG02.jpg","width":736,"height":1308,"caption":"Geminiana sim \u2192 Meu Signo"},{"@type":"BreadcrumbList","@id":"https:\/\/gloriadeus.com\/home\/geminiana-sim-meu-signo\/#breadcrumb","itemListElement":[{"@type":"ListItem","position":1,"name":"In\u00edcio","item":"https:\/\/gloriadeus.com\/home\/"},{"@type":"ListItem","position":2,"name":"Geminiana sim \u2192 Meu Signo"}]},{"@type":"WebSite","@id":"https:\/\/gloriadeus.com\/home\/#website","url":"https:\/\/gloriadeus.com\/home\/","name":"Gloria Deus","description":"\u21a8 Deslize para descobrir mais \u21a8","publisher":{"@id":"https:\/\/gloriadeus.com\/home\/#\/schema\/person\/ab2365ca8f87ea38e53ba3c2275e65c4"},"alternateName":"Muita f\u00e9","potentialAction":[{"@type":"SearchAction","target":{"@type":"EntryPoint","urlTemplate":"https:\/\/gloriadeus.com\/home\/?s={search_term_string}"},"query-input":{"@type":"PropertyValueSpecification","valueRequired":true,"valueName":"search_term_string"}}],"inLanguage":"pt-BR"},{"@type":["Person","Organization"],"@id":"https:\/\/gloriadeus.com\/home\/#\/schema\/person\/ab2365ca8f87ea38e53ba3c2275e65c4","name":"gloriadeus.com","image":{"@type":"ImageObject","inLanguage":"pt-BR","@id":"https:\/\/gloriadeus.com\/wp-content\/uploads\/2024\/03\/230525DDPNG-21.png","url":"https:\/\/gloriadeus.com\/wp-content\/uploads\/2024\/03\/230525DDPNG-21.png","contentUrl":"https:\/\/gloriadeus.com\/wp-content\/uploads\/2024\/03\/230525DDPNG-21.png","width":220,"height":230,"caption":"gloriadeus.com"},"logo":{"@id":"https:\/\/gloriadeus.com\/wp-content\/uploads\/2024\/03\/230525DDPNG-21.png"},"sameAs":["https:\/\/gloriadeus.com"]}]}},"_links":{"self":[{"href":"https:\/\/gloriadeus.com\/home\/wp-json\/wp\/v2\/pages\/5675","targetHints":{"allow":["GET"]}}],"collection":[{"href":"https:\/\/gloriadeus.com\/home\/wp-json\/wp\/v2\/pages"}],"about":[{"href":"https:\/\/gloriadeus.com\/home\/wp-json\/wp\/v2\/types\/page"}],"author":[{"embeddable":true,"href":"https:\/\/gloriadeus.com\/home\/wp-json\/wp\/v2\/users\/1"}],"replies":[{"embeddable":true,"href":"https:\/\/gloriadeus.com\/home\/wp-json\/wp\/v2\/comments?post=5675"}],"version-history":[{"count":9,"href":"https:\/\/gloriadeus.com\/home\/wp-json\/wp\/v2\/pages\/5675\/revisions"}],"predecessor-version":[{"id":10342,"href":"https:\/\/gloriadeus.com\/home\/wp-json\/wp\/v2\/pages\/5675\/revisions\/10342"}],"wp:featuredmedia":[{"embeddable":true,"href":"https:\/\/gloriadeus.com\/home\/wp-json\/wp\/v2\/media\/5678"}],"wp:attachment":[{"href":"https:\/\/gloriadeus.com\/home\/wp-json\/wp\/v2\/media?parent=5675"}],"curies":[{"name":"wp","href":"https:\/\/api.w.org\/{rel}","templated":true}]}}