{"id":5667,"date":"2026-01-30T21:10:23","date_gmt":"2026-01-31T00:10:23","guid":{"rendered":"https:\/\/gloriadeus.com\/?page_id=5667"},"modified":"2026-05-05T10:55:59","modified_gmt":"2026-05-05T13:55:59","slug":"vantagens-de-ser-do-signo-de-virgem","status":"publish","type":"page","link":"https:\/\/gloriadeus.com\/home\/sua-bencao-se-aproxima\/vantagens-de-ser-do-signo-de-virgem\/","title":{"rendered":"Vantagens de ser do Signo de Virgem"},"content":{"rendered":"<!--4ALTIMGTXT-OK-->\r\n<p>&nbsp;<\/p>\r\n\r\n<figure class=\"wp-block-image size-large is-resized\"><img loading=\"lazy\" decoding=\"async\" class=\"alignnone wp-image-5670\" style=\"width: 275px; height: auto;\" src=\"https:\/\/gloriadeus.com\/wp-content\/uploads\/2025\/03\/2017-Outubro-15-EA-IMG-01-1.jpg\" alt=\"Para conquistar uma Virginiana\" width=\"480\" height=\"480\" srcset=\"https:\/\/gloriadeus.com\/wp-content\/uploads\/2025\/03\/2017-Outubro-15-EA-IMG-01-1.jpg 480w, https:\/\/gloriadeus.com\/wp-content\/uploads\/2025\/03\/2017-Outubro-15-EA-IMG-01-1-300x300.jpg 300w, https:\/\/gloriadeus.com\/wp-content\/uploads\/2025\/03\/2017-Outubro-15-EA-IMG-01-1-150x150.jpg 150w\" sizes=\"auto, (max-width: 480px) 100vw, 480px\" \/>\u00a0<\/figure>\r\n\r\n\r\n\r\n<p>Ser do signo de Virgem \u00e9 uma experi\u00eancia repleta de vantagens que se destacam em diversos aspectos da vida, a come\u00e7ar pela organiza\u00e7\u00e3o, que \u00e9 uma das caracter\u00edsticas mais not\u00e1veis desse signo, permitindo que os virginianos se destaquem em ambientes que exigem planejamento e aten\u00e7\u00e3o aos detalhes.<\/p>\r\n<h2>A <strong>habilidade de observar<\/strong><\/h2>\r\n<p>Seja no trabalho ou em suas atividades pessoais, a busca pela perfei\u00e7\u00e3o \u00e9 uma constante, levando-os a sempre aprimorar suas habilidades e a se tornarem especialistas em suas \u00e1reas de interesse. Sua dedica\u00e7\u00e3o, aliada \u00e0 sua natureza anal\u00edtica, faz com que sejam \u00f3timos solucionadores de problemas, conseguindo encontrar solu\u00e7\u00f5es que outros podem n\u00e3o perceber.\u00a0<\/p>\r\n<p>Tamb\u00e9m sua <strong>habilidade de observar<\/strong> o mundo ao seu redor os torna cr\u00edticos, capazes de fazer an\u00e1lises profundas sobre situa\u00e7\u00f5es cotidianas, isso os transforma em amigos leais e conselheiros valiosos, sempre prontos para oferecer uma perspectiva cuidadosa e racional.\u00a0No campo das rela\u00e7\u00f5es interpessoais, os virginianos s\u00e3o conhecidos pela sua sinceridade.\u00a0<\/p>\r\n\r\n\r\n\r\n<figure class=\"wp-block-image size-large is-resized\"><img loading=\"lazy\" decoding=\"async\" class=\"alignnone wp-image-5672\" style=\"width: 320px; height: auto;\" src=\"https:\/\/gloriadeus.com\/wp-content\/uploads\/2025\/03\/2019Ag19PPIMG07.jpg\" alt=\"A virginiana \u00e9 uma \u00f3tima amiga!\" width=\"736\" height=\"841\" srcset=\"https:\/\/gloriadeus.com\/wp-content\/uploads\/2025\/03\/2019Ag19PPIMG07.jpg 736w, https:\/\/gloriadeus.com\/wp-content\/uploads\/2025\/03\/2019Ag19PPIMG07-263x300.jpg 263w\" sizes=\"auto, (max-width: 736px) 100vw, 736px\" \/>\u00a0<\/figure>\r\n<p>Oque \u00e9, na verdade, uma demonstra\u00e7\u00e3o de amor e preocupa\u00e7\u00e3o. Sabe-se que o signo deseja o melhor para as pessoas que amam, a sua capacidade de ouvir e entender as necessidades dos outros os torna \u00f3timos parceiros, tanto em relacionamentos amorosos quanto em amizades, e essa lealdade se estende aos seus princ\u00edpios morais, que s\u00e3o seguidos \u00e0 risca, tornando-os pessoas confi\u00e1veis e respeit\u00e1veis.\u00a0<\/p>\r\n<p>A meticulosidade dos virginianos se reflete na sua habilidade de trabalhar sob press\u00e3o, mantendo a calma e a efic\u00e1cia mesmo nas situa\u00e7\u00f5es mais desafiadoras, sua \u00e9tica de trabalho \u00e9 admir\u00e1vel, sempre dispostos a ir al\u00e9m para garantir a qualidade do que realizam, enriquecendo n\u00e3o s\u00f3 a pr\u00f3pria carreira. Tudo contribuindo tamb\u00e9m significativamente para o ambiente onde atuam.<\/p>\r\n\r\n\r\n\r\n<h2>Vantagens de ser do Signo de Virgem<\/h2>\r\n<p>Por outro lado, a capacidade de adapta\u00e7\u00e3o \u00e9 outra vantagem dos virginianos, que conseguem se moldar \u00e0s mudan\u00e7as.\u00a0Ajustando-se rapidamente a novas situa\u00e7\u00f5es, esse dinamismo \u00e9 valioso em um mundo em constante transforma\u00e7\u00e3o, onde a flexibilidade \u00e9 muitas vezes a chave para o sucesso, em termos de sa\u00fade, os virginianos tendem a ser cuidadosos, refletindo sua natureza anal\u00edtica na forma como abordam o bem-estar f\u00edsico e mental.<\/p>\r\n<p>Muitos desenvolvem h\u00e1bitos saud\u00e1veis e se empenham em manter um estilo de vida equilibrado, o que os ajuda a viver de forma mais plena e satisfat\u00f3ria, na esfera social, s\u00e3o seres soci\u00e1veis e frequentemente buscam o enriquecimento cultural, estando sempre abertos a aprender com as experi\u00eancias do outro e a se envolver em discuss\u00f5es que ampliem seus horizontes.\u00a0<\/p>\r\n<p><img loading=\"lazy\" decoding=\"async\" class=\"alignnone wp-image-5671\" style=\"width: 320px; height: auto;\" src=\"https:\/\/gloriadeus.com\/wp-content\/uploads\/2025\/03\/2019Ag19PPIMG01.jpg\" alt=\"Sobre a mulher do digno de virgem\" width=\"720\" height=\"717\" srcset=\"https:\/\/gloriadeus.com\/wp-content\/uploads\/2025\/03\/2019Ag19PPIMG01.jpg 720w, https:\/\/gloriadeus.com\/wp-content\/uploads\/2025\/03\/2019Ag19PPIMG01-300x300.jpg 300w, https:\/\/gloriadeus.com\/wp-content\/uploads\/2025\/03\/2019Ag19PPIMG01-150x150.jpg 150w\" sizes=\"auto, (max-width: 720px) 100vw, 720px\" \/>\u00a0<\/p>\r\n<h3>\u00a0<\/h3>\r\n<p>A paix\u00e3o pela aprendizagem est\u00e1 sempre presente, muitas vezes buscando novas formas de se desenvolver pessoal e profissionalmente, al\u00e9m disso, seu olho cr\u00edtico e anal\u00edtico os torna excelentes pesquisadores, sendo capazes de aprofundar-se em qualquer tema e oferecer perspectivas \u00fanicas a respeito.\u00a0O equil\u00edbrio raz\u00e3o e emo\u00e7\u00e3o, a dualidade \u00e9 uma das riquezas desse signo, traz um boas vibra\u00e7\u00f5es entre a praticidade e a imagina\u00e7\u00e3o.<\/p>\r\n<p>Em momentos de lazer, mesmo que a busca por efici\u00eancia e organiza\u00e7\u00e3o prevale\u00e7a, os virginianos sabem valorizar o tempo de qualidade com amigos e familiares. A criatividade tamb\u00e9m encontra espa\u00e7o na vida dos virginianos, que muitas vezes se destacam em atividades art\u00edsticas e liter\u00e1rias, embora sejam conhecidos pela sua l\u00f3gica, sua mente organizada tamb\u00e9m permite a explora\u00e7\u00e3o do lado criativo.\u00a0<\/p>\r\n<h2>Foco claro na melhoria<\/h2>\r\n<p>\u00c0 procura de experi\u00eancias que tragam aprendizado e crescimento, envolvendo-se em projetos coletivos que os conectem a suas paix\u00f5es, e \u00e9 nesse aspecto que definem suas vidas como verdadeiras jornadas de autodescoberta.\u00a0Com um foco claro na melhoria cont\u00ednua, a conex\u00e3o com a natureza tamb\u00e9m faz parte do universo virginiano, que muitas vezes busca ref\u00fagio em ambientes naturais.<\/p>\r\n<p>Onde podem refletir e recarregar suas energias. A busca pelo equil\u00edbrio entre o mundo interior e exterior \u00e9 uma constante, e por fim, a autenticidade \u00e9 talvez uma das maiores vantagens de ser do signo de Virgem, em um mundo que muitas vezes valoriza a superficialidade, os virginianos se mant\u00eam fi\u00e9is a si mesmos. Um signo que cultiva suas paix\u00f5es e cren\u00e7as de forma genu\u00edna, cujo atua sempre.\u00a0<\/p>\r\n\r\n\r\n\r\n\r\n\r\n\r\n\r\n<figure class=\"wp-block-image size-large is-resized\"><img loading=\"lazy\" decoding=\"async\" width=\"736\" height=\"880\" class=\"wp-image-5673\" style=\"width: 397px; height: auto;\" src=\"https:\/\/gloriadeus.com\/wp-content\/uploads\/2025\/03\/2019Ag19PPIMG08.jpg\" alt=\"Vantagens de ser do Signo de Virgem\" srcset=\"https:\/\/gloriadeus.com\/wp-content\/uploads\/2025\/03\/2019Ag19PPIMG08.jpg 736w, https:\/\/gloriadeus.com\/wp-content\/uploads\/2025\/03\/2019Ag19PPIMG08-251x300.jpg 251w\" sizes=\"auto, (max-width: 736px) 100vw, 736px\" \/>\u00a0<\/figure>\r\n<p>Na maioria das vezes com sinceridade e autenticidade atraem pessoas que valorizam sua ess\u00eancia, transformando as rela\u00e7\u00f5es em intera\u00e7\u00f5es significativas e profundas, dessa forma.\u00a0Ser do signo de Virgem \u00e9, indiscutivelmente, uma ben\u00e7\u00e3o cheia de nuances que enriquecem a vida de quem possui esse signo, proporcionando uma exist\u00eancia pautada <a href=\"https:\/\/gloriadeus.com\/home\/geminiana-sim-meu-signo\/\"><em>pela intelig\u00eancia<\/em><\/a>, amor e compromisso com a melhora constante.\u00a0<\/p>\r\n<p>O foco claro na melhoria \u00e9 uma caracter\u00edstica marcante do signo de Virgem. Pessoas desse signo s\u00e3o detalhistas e anal\u00edticas, sempre buscando aperfei\u00e7oar o que est\u00e1 ao seu redor. A busca incessante pela perfei\u00e7\u00e3o garante que cada tarefa seja realizada com efici\u00eancia. Assim, Virgo se destaca por sua capacidade de organiza\u00e7\u00e3o e planejamento meticuloso em diversas \u00e1reas da vida.<\/p>\r\n<h3>Concluindo<\/h3>\r\n<p>A dedica\u00e7\u00e3o dos virginianos \u00e0 qualidade e ao aprimoramento cont\u00ednuo reflete-se em suas intera\u00e7\u00f5es cotidianas. Essa busca constante por excel\u00eancia n\u00e3o apenas beneficia a si mesmos, mas tamb\u00e9m inspira os outros a adotarem pr\u00e1ticas semelhantes. Portanto, a melhoria cont\u00ednua se torna um estilo de vida, promovendo um ambiente mais harmonioso e produtivo para todos.\u00a0<\/p>\r\n<p>Pode que voc\u00ea tamb\u00e9m goste de conferir:\u00a0<\/p>\r\n<p><blockquote class=\"wp-embedded-content\" data-secret=\"Hekp3o6j0v\"><a href=\"https:\/\/gloriadeus.com\/home\/somos-aquarianas\/\">Somos Aquarianas<\/a><\/blockquote><iframe loading=\"lazy\" class=\"wp-embedded-content\" sandbox=\"allow-scripts\" security=\"restricted\" style=\"position: absolute; visibility: hidden;\" title=\"&#8220;Somos Aquarianas&#8221; &#8212; Gl\u00f3ria Deus\" src=\"https:\/\/gloriadeus.com\/home\/somos-aquarianas\/embed\/#?secret=3i9eU1Q4qe#?secret=Hekp3o6j0v\" data-secret=\"Hekp3o6j0v\" width=\"600\" height=\"338\" frameborder=\"0\" marginwidth=\"0\" marginheight=\"0\" scrolling=\"no\"><\/iframe><\/p>\r\n\r\n\r\n","protected":false},"excerpt":{"rendered":"<p>&nbsp; Ser do signo de Virgem \u00e9 uma experi\u00eancia repleta de vantagens que se destacam em diversos aspectos da vida, &hellip; <\/p>\n","protected":false},"author":1,"featured_media":5672,"parent":5080,"menu_order":0,"comment_status":"open","ping_status":"closed","template":"","meta":{"_uf_show_specific_survey":0,"_uf_disable_surveys":false,"footnotes":""},"class_list":["post-5667","page","type-page","status-publish","has-post-thumbnail","hentry"],"yoast_head":"<!-- This site is optimized with the Yoast SEO plugin v27.5 - https:\/\/yoast.com\/product\/yoast-seo-wordpress\/ -->\n<title>Vantagens de ser do Signo de Virgem - Gl\u00f3ria Deus<\/title>\n<meta name=\"robots\" content=\"index, follow, max-snippet:-1, max-image-preview:large, max-video-preview:-1\" \/>\n<link rel=\"canonical\" href=\"https:\/\/gloriadeus.com\/home\/sua-bencao-se-aproxima\/vantagens-de-ser-do-signo-de-virgem\/\" \/>\n<meta property=\"og:locale\" content=\"pt_BR\" \/>\n<meta property=\"og:type\" content=\"article\" \/>\n<meta property=\"og:title\" content=\"Vantagens de ser do Signo de Virgem - Gl\u00f3ria Deus\" \/>\n<meta property=\"og:description\" content=\"&nbsp; Ser do signo de Virgem \u00e9 uma experi\u00eancia repleta de vantagens que se destacam em diversos aspectos da vida, &hellip;\" \/>\n<meta property=\"og:url\" content=\"https:\/\/gloriadeus.com\/home\/sua-bencao-se-aproxima\/vantagens-de-ser-do-signo-de-virgem\/\" \/>\n<meta property=\"og:site_name\" content=\"Gl\u00f3ria Deus\" \/>\n<meta property=\"article:modified_time\" content=\"2026-05-05T13:55:59+00:00\" \/>\n<meta property=\"og:image\" content=\"https:\/\/gloriadeus.com\/wp-content\/uploads\/2025\/03\/2019Ag19PPIMG07.jpg\" \/>\n\t<meta property=\"og:image:width\" content=\"736\" \/>\n\t<meta property=\"og:image:height\" content=\"841\" \/>\n\t<meta property=\"og:image:type\" content=\"image\/jpeg\" \/>\n<meta name=\"twitter:card\" content=\"summary_large_image\" \/>\n<meta name=\"twitter:label1\" content=\"Est. tempo de leitura\" \/>\n\t<meta name=\"twitter:data1\" content=\"6 minutos\" \/>\n<script type=\"application\/ld+json\" class=\"yoast-schema-graph\">{\"@context\":\"https:\\\/\\\/schema.org\",\"@graph\":[{\"@type\":\"WebPage\",\"@id\":\"https:\\\/\\\/gloriadeus.com\\\/home\\\/sua-bencao-se-aproxima\\\/vantagens-de-ser-do-signo-de-virgem\\\/\",\"url\":\"https:\\\/\\\/gloriadeus.com\\\/home\\\/sua-bencao-se-aproxima\\\/vantagens-de-ser-do-signo-de-virgem\\\/\",\"name\":\"Vantagens de ser do Signo de Virgem - Gl\u00f3ria Deus\",\"isPartOf\":{\"@id\":\"https:\\\/\\\/gloriadeus.com\\\/home\\\/#website\"},\"primaryImageOfPage\":{\"@id\":\"https:\\\/\\\/gloriadeus.com\\\/home\\\/sua-bencao-se-aproxima\\\/vantagens-de-ser-do-signo-de-virgem\\\/#primaryimage\"},\"image\":{\"@id\":\"https:\\\/\\\/gloriadeus.com\\\/home\\\/sua-bencao-se-aproxima\\\/vantagens-de-ser-do-signo-de-virgem\\\/#primaryimage\"},\"thumbnailUrl\":\"https:\\\/\\\/gloriadeus.com\\\/wp-content\\\/uploads\\\/2025\\\/03\\\/2019Ag19PPIMG07.jpg\",\"datePublished\":\"2026-01-31T00:10:23+00:00\",\"dateModified\":\"2026-05-05T13:55:59+00:00\",\"breadcrumb\":{\"@id\":\"https:\\\/\\\/gloriadeus.com\\\/home\\\/sua-bencao-se-aproxima\\\/vantagens-de-ser-do-signo-de-virgem\\\/#breadcrumb\"},\"inLanguage\":\"pt-BR\",\"potentialAction\":[{\"@type\":\"ReadAction\",\"target\":[\"https:\\\/\\\/gloriadeus.com\\\/home\\\/sua-bencao-se-aproxima\\\/vantagens-de-ser-do-signo-de-virgem\\\/\"]}]},{\"@type\":\"ImageObject\",\"inLanguage\":\"pt-BR\",\"@id\":\"https:\\\/\\\/gloriadeus.com\\\/home\\\/sua-bencao-se-aproxima\\\/vantagens-de-ser-do-signo-de-virgem\\\/#primaryimage\",\"url\":\"https:\\\/\\\/gloriadeus.com\\\/wp-content\\\/uploads\\\/2025\\\/03\\\/2019Ag19PPIMG07.jpg\",\"contentUrl\":\"https:\\\/\\\/gloriadeus.com\\\/wp-content\\\/uploads\\\/2025\\\/03\\\/2019Ag19PPIMG07.jpg\",\"width\":736,\"height\":841,\"caption\":\"Vantagens de ser do Signo de Virgem\"},{\"@type\":\"BreadcrumbList\",\"@id\":\"https:\\\/\\\/gloriadeus.com\\\/home\\\/sua-bencao-se-aproxima\\\/vantagens-de-ser-do-signo-de-virgem\\\/#breadcrumb\",\"itemListElement\":[{\"@type\":\"ListItem\",\"position\":1,\"name\":\"In\u00edcio\",\"item\":\"https:\\\/\\\/gloriadeus.com\\\/home\\\/\"},{\"@type\":\"ListItem\",\"position\":2,\"name\":\"Sua b\u00ean\u00e7\u00e3o se aproxima\",\"item\":\"https:\\\/\\\/gloriadeus.com\\\/home\\\/sua-bencao-se-aproxima\\\/\"},{\"@type\":\"ListItem\",\"position\":3,\"name\":\"Vantagens de ser do Signo de Virgem\"}]},{\"@type\":\"WebSite\",\"@id\":\"https:\\\/\\\/gloriadeus.com\\\/home\\\/#website\",\"url\":\"https:\\\/\\\/gloriadeus.com\\\/home\\\/\",\"name\":\"Gloria Deus\",\"description\":\"\u21a8 Deslize para descobrir mais \u21a8\",\"publisher\":{\"@id\":\"https:\\\/\\\/gloriadeus.com\\\/home\\\/#\\\/schema\\\/person\\\/ab2365ca8f87ea38e53ba3c2275e65c4\"},\"alternateName\":\"Muita f\u00e9\",\"potentialAction\":[{\"@type\":\"SearchAction\",\"target\":{\"@type\":\"EntryPoint\",\"urlTemplate\":\"https:\\\/\\\/gloriadeus.com\\\/home\\\/?s={search_term_string}\"},\"query-input\":{\"@type\":\"PropertyValueSpecification\",\"valueRequired\":true,\"valueName\":\"search_term_string\"}}],\"inLanguage\":\"pt-BR\"},{\"@type\":[\"Person\",\"Organization\"],\"@id\":\"https:\\\/\\\/gloriadeus.com\\\/home\\\/#\\\/schema\\\/person\\\/ab2365ca8f87ea38e53ba3c2275e65c4\",\"name\":\"gloriadeus.com\",\"image\":{\"@type\":\"ImageObject\",\"inLanguage\":\"pt-BR\",\"@id\":\"https:\\\/\\\/gloriadeus.com\\\/wp-content\\\/uploads\\\/2024\\\/03\\\/230525DDPNG-21.png\",\"url\":\"https:\\\/\\\/gloriadeus.com\\\/wp-content\\\/uploads\\\/2024\\\/03\\\/230525DDPNG-21.png\",\"contentUrl\":\"https:\\\/\\\/gloriadeus.com\\\/wp-content\\\/uploads\\\/2024\\\/03\\\/230525DDPNG-21.png\",\"width\":220,\"height\":230,\"caption\":\"gloriadeus.com\"},\"logo\":{\"@id\":\"https:\\\/\\\/gloriadeus.com\\\/wp-content\\\/uploads\\\/2024\\\/03\\\/230525DDPNG-21.png\"},\"sameAs\":[\"https:\\\/\\\/gloriadeus.com\"]}]}<\/script>\n<!-- \/ Yoast SEO plugin. -->","yoast_head_json":{"title":"Vantagens de ser do Signo de Virgem - Gl\u00f3ria Deus","robots":{"index":"index","follow":"follow","max-snippet":"max-snippet:-1","max-image-preview":"max-image-preview:large","max-video-preview":"max-video-preview:-1"},"canonical":"https:\/\/gloriadeus.com\/home\/sua-bencao-se-aproxima\/vantagens-de-ser-do-signo-de-virgem\/","og_locale":"pt_BR","og_type":"article","og_title":"Vantagens de ser do Signo de Virgem - Gl\u00f3ria Deus","og_description":"&nbsp; Ser do signo de Virgem \u00e9 uma experi\u00eancia repleta de vantagens que se destacam em diversos aspectos da vida, &hellip;","og_url":"https:\/\/gloriadeus.com\/home\/sua-bencao-se-aproxima\/vantagens-de-ser-do-signo-de-virgem\/","og_site_name":"Gl\u00f3ria Deus","article_modified_time":"2026-05-05T13:55:59+00:00","og_image":[{"width":736,"height":841,"url":"https:\/\/gloriadeus.com\/wp-content\/uploads\/2025\/03\/2019Ag19PPIMG07.jpg","type":"image\/jpeg"}],"twitter_card":"summary_large_image","twitter_misc":{"Est. tempo de leitura":"6 minutos"},"schema":{"@context":"https:\/\/schema.org","@graph":[{"@type":"WebPage","@id":"https:\/\/gloriadeus.com\/home\/sua-bencao-se-aproxima\/vantagens-de-ser-do-signo-de-virgem\/","url":"https:\/\/gloriadeus.com\/home\/sua-bencao-se-aproxima\/vantagens-de-ser-do-signo-de-virgem\/","name":"Vantagens de ser do Signo de Virgem - Gl\u00f3ria Deus","isPartOf":{"@id":"https:\/\/gloriadeus.com\/home\/#website"},"primaryImageOfPage":{"@id":"https:\/\/gloriadeus.com\/home\/sua-bencao-se-aproxima\/vantagens-de-ser-do-signo-de-virgem\/#primaryimage"},"image":{"@id":"https:\/\/gloriadeus.com\/home\/sua-bencao-se-aproxima\/vantagens-de-ser-do-signo-de-virgem\/#primaryimage"},"thumbnailUrl":"https:\/\/gloriadeus.com\/wp-content\/uploads\/2025\/03\/2019Ag19PPIMG07.jpg","datePublished":"2026-01-31T00:10:23+00:00","dateModified":"2026-05-05T13:55:59+00:00","breadcrumb":{"@id":"https:\/\/gloriadeus.com\/home\/sua-bencao-se-aproxima\/vantagens-de-ser-do-signo-de-virgem\/#breadcrumb"},"inLanguage":"pt-BR","potentialAction":[{"@type":"ReadAction","target":["https:\/\/gloriadeus.com\/home\/sua-bencao-se-aproxima\/vantagens-de-ser-do-signo-de-virgem\/"]}]},{"@type":"ImageObject","inLanguage":"pt-BR","@id":"https:\/\/gloriadeus.com\/home\/sua-bencao-se-aproxima\/vantagens-de-ser-do-signo-de-virgem\/#primaryimage","url":"https:\/\/gloriadeus.com\/wp-content\/uploads\/2025\/03\/2019Ag19PPIMG07.jpg","contentUrl":"https:\/\/gloriadeus.com\/wp-content\/uploads\/2025\/03\/2019Ag19PPIMG07.jpg","width":736,"height":841,"caption":"Vantagens de ser do Signo de Virgem"},{"@type":"BreadcrumbList","@id":"https:\/\/gloriadeus.com\/home\/sua-bencao-se-aproxima\/vantagens-de-ser-do-signo-de-virgem\/#breadcrumb","itemListElement":[{"@type":"ListItem","position":1,"name":"In\u00edcio","item":"https:\/\/gloriadeus.com\/home\/"},{"@type":"ListItem","position":2,"name":"Sua b\u00ean\u00e7\u00e3o se aproxima","item":"https:\/\/gloriadeus.com\/home\/sua-bencao-se-aproxima\/"},{"@type":"ListItem","position":3,"name":"Vantagens de ser do Signo de Virgem"}]},{"@type":"WebSite","@id":"https:\/\/gloriadeus.com\/home\/#website","url":"https:\/\/gloriadeus.com\/home\/","name":"Gloria Deus","description":"\u21a8 Deslize para descobrir mais \u21a8","publisher":{"@id":"https:\/\/gloriadeus.com\/home\/#\/schema\/person\/ab2365ca8f87ea38e53ba3c2275e65c4"},"alternateName":"Muita f\u00e9","potentialAction":[{"@type":"SearchAction","target":{"@type":"EntryPoint","urlTemplate":"https:\/\/gloriadeus.com\/home\/?s={search_term_string}"},"query-input":{"@type":"PropertyValueSpecification","valueRequired":true,"valueName":"search_term_string"}}],"inLanguage":"pt-BR"},{"@type":["Person","Organization"],"@id":"https:\/\/gloriadeus.com\/home\/#\/schema\/person\/ab2365ca8f87ea38e53ba3c2275e65c4","name":"gloriadeus.com","image":{"@type":"ImageObject","inLanguage":"pt-BR","@id":"https:\/\/gloriadeus.com\/wp-content\/uploads\/2024\/03\/230525DDPNG-21.png","url":"https:\/\/gloriadeus.com\/wp-content\/uploads\/2024\/03\/230525DDPNG-21.png","contentUrl":"https:\/\/gloriadeus.com\/wp-content\/uploads\/2024\/03\/230525DDPNG-21.png","width":220,"height":230,"caption":"gloriadeus.com"},"logo":{"@id":"https:\/\/gloriadeus.com\/wp-content\/uploads\/2024\/03\/230525DDPNG-21.png"},"sameAs":["https:\/\/gloriadeus.com"]}]}},"_links":{"self":[{"href":"https:\/\/gloriadeus.com\/home\/wp-json\/wp\/v2\/pages\/5667","targetHints":{"allow":["GET"]}}],"collection":[{"href":"https:\/\/gloriadeus.com\/home\/wp-json\/wp\/v2\/pages"}],"about":[{"href":"https:\/\/gloriadeus.com\/home\/wp-json\/wp\/v2\/types\/page"}],"author":[{"embeddable":true,"href":"https:\/\/gloriadeus.com\/home\/wp-json\/wp\/v2\/users\/1"}],"replies":[{"embeddable":true,"href":"https:\/\/gloriadeus.com\/home\/wp-json\/wp\/v2\/comments?post=5667"}],"version-history":[{"count":10,"href":"https:\/\/gloriadeus.com\/home\/wp-json\/wp\/v2\/pages\/5667\/revisions"}],"predecessor-version":[{"id":11710,"href":"https:\/\/gloriadeus.com\/home\/wp-json\/wp\/v2\/pages\/5667\/revisions\/11710"}],"up":[{"embeddable":true,"href":"https:\/\/gloriadeus.com\/home\/wp-json\/wp\/v2\/pages\/5080"}],"wp:featuredmedia":[{"embeddable":true,"href":"https:\/\/gloriadeus.com\/home\/wp-json\/wp\/v2\/media\/5672"}],"wp:attachment":[{"href":"https:\/\/gloriadeus.com\/home\/wp-json\/wp\/v2\/media?parent=5667"}],"curies":[{"name":"wp","href":"https:\/\/api.w.org\/{rel}","templated":true}]}}