{"id":5661,"date":"2026-01-17T20:30:40","date_gmt":"2026-01-17T23:30:40","guid":{"rendered":"https:\/\/gloriadeus.com\/?page_id=5661"},"modified":"2026-02-04T13:33:25","modified_gmt":"2026-02-04T16:33:25","slug":"gosto-de-ser-pisciana","status":"publish","type":"page","link":"https:\/\/gloriadeus.com\/home\/gosto-de-ser-pisciana\/","title":{"rendered":"Gosto de ser Pisciana"},"content":{"rendered":"<!-- subtitulo, palavra, paragrafo ok -->\r\n\r\n\r\n<figure data-wp-context=\"{&quot;imageId&quot;:&quot;69fa28362296c&quot;}\" data-wp-interactive=\"core\/image\" data-wp-key=\"69fa28362296c\" class=\"wp-block-image size-large is-resized wp-lightbox-container\"><img loading=\"lazy\" decoding=\"async\" width=\"301\" height=\"399\" data-wp-class--hide=\"state.isContentHidden\" data-wp-class--show=\"state.isContentVisible\" data-wp-init=\"callbacks.setButtonStyles\" data-wp-on--click=\"actions.showLightbox\" data-wp-on--load=\"callbacks.setButtonStyles\" data-wp-on-window--resize=\"callbacks.setButtonStyles\" class=\"wp-image-5662\" style=\"width: 294px; height: auto;\" src=\"https:\/\/gloriadeus.com\/wp-content\/uploads\/2025\/03\/40-20031401SAIMG11-20.jpg\" alt=\"Gosto de ser Pisciana \" srcset=\"https:\/\/gloriadeus.com\/wp-content\/uploads\/2025\/03\/40-20031401SAIMG11-20.jpg 301w, https:\/\/gloriadeus.com\/wp-content\/uploads\/2025\/03\/40-20031401SAIMG11-20-226x300.jpg 226w\" sizes=\"auto, (max-width: 301px) 100vw, 301px\" \/><button\n\t\t\tclass=\"lightbox-trigger\"\n\t\t\ttype=\"button\"\n\t\t\taria-haspopup=\"dialog\"\n\t\t\taria-label=\"Ampliar\"\n\t\t\tdata-wp-init=\"callbacks.initTriggerButton\"\n\t\t\tdata-wp-on--click=\"actions.showLightbox\"\n\t\t\tdata-wp-style--right=\"state.imageButtonRight\"\n\t\t\tdata-wp-style--top=\"state.imageButtonTop\"\n\t\t>\n\t\t\t<svg xmlns=\"http:\/\/www.w3.org\/2000\/svg\" width=\"12\" height=\"12\" fill=\"none\" viewBox=\"0 0 12 12\">\n\t\t\t\t<path fill=\"#fff\" d=\"M2 0a2 2 0 0 0-2 2v2h1.5V2a.5.5 0 0 1 .5-.5h2V0H2Zm2 10.5H2a.5.5 0 0 1-.5-.5V8H0v2a2 2 0 0 0 2 2h2v-1.5ZM8 12v-1.5h2a.5.5 0 0 0 .5-.5V8H12v2a2 2 0 0 1-2 2H8Zm2-12a2 2 0 0 1 2 2v2h-1.5V2a.5.5 0 0 0-.5-.5H8V0h2Z\" \/>\n\t\t\t<\/svg>\n\t\t<\/button><\/figure>\r\n\r\n\r\n\r\n<p>Em sua luta cont\u00ednua para equilibrar a fantasia e a realidade, muitas vezes se perguntam: <em>Como posso realmente ser eu mesma em um mundo que exige tanto?<\/em> refletindo sobre a dualidade de suas almas, que anseiam por liberdade e ao mesmo tempo anseiam por conex\u00f5es genu\u00ednas.\u00a0<\/p>\r\n<h2>Verdadeiras sonhadoras\u00a0<\/h2>\r\n<p>As mulheres do signo de Peixes, com sua sensibilidade agu\u00e7ada e intui\u00e7\u00e3o profunda, muitas vezes revelam uma aura m\u00edstica que atrai todos ao seu redor, carregadas de uma empatia que parece tocar a alma daqueles que cruzam seu caminho, sendo verdadeiras sonhadoras que flutuam entre o real e o imagin\u00e1rio, cultivando uma rica vida interior que alimenta sua criatividade e imagina\u00e7\u00e3o.\u00a0<\/p>\r\n<p>S\u00e3o mulheres pr\u00e1ticas, capazes de enfrentar os desafios da vida com uma for\u00e7a silenciosa e resiliente. Sua conex\u00e3o com as emo\u00e7\u00f5es, tanto as suas quanto as dos outros, as torna amigas leais e confidentes zelosas, dispostas a oferecer apoio incondicional e uma escuta atenta, muitas vezes se tornando terapeutas naturais em sua roda social.\u00a0<\/p>\r\n\r\n\r\n\r\n<figure data-wp-context=\"{&quot;imageId&quot;:&quot;69fa283622d48&quot;}\" data-wp-interactive=\"core\/image\" data-wp-key=\"69fa283622d48\" class=\"wp-block-image size-large is-resized wp-lightbox-container\"><img loading=\"lazy\" decoding=\"async\" width=\"523\" height=\"600\" data-wp-class--hide=\"state.isContentHidden\" data-wp-class--show=\"state.isContentVisible\" data-wp-init=\"callbacks.setButtonStyles\" data-wp-on--click=\"actions.showLightbox\" data-wp-on--load=\"callbacks.setButtonStyles\" data-wp-on-window--resize=\"callbacks.setButtonStyles\" class=\"wp-image-5665\" style=\"width: 357px; height: auto;\" src=\"https:\/\/gloriadeus.com\/wp-content\/uploads\/2025\/03\/2017-Abril-20-ISP-IMG-01.jpg\" alt=\"Gosto de ser Pisciana \" srcset=\"https:\/\/gloriadeus.com\/wp-content\/uploads\/2025\/03\/2017-Abril-20-ISP-IMG-01.jpg 523w, https:\/\/gloriadeus.com\/wp-content\/uploads\/2025\/03\/2017-Abril-20-ISP-IMG-01-262x300.jpg 262w\" sizes=\"auto, (max-width: 523px) 100vw, 523px\" \/><button\n\t\t\tclass=\"lightbox-trigger\"\n\t\t\ttype=\"button\"\n\t\t\taria-haspopup=\"dialog\"\n\t\t\taria-label=\"Ampliar\"\n\t\t\tdata-wp-init=\"callbacks.initTriggerButton\"\n\t\t\tdata-wp-on--click=\"actions.showLightbox\"\n\t\t\tdata-wp-style--right=\"state.imageButtonRight\"\n\t\t\tdata-wp-style--top=\"state.imageButtonTop\"\n\t\t>\n\t\t\t<svg xmlns=\"http:\/\/www.w3.org\/2000\/svg\" width=\"12\" height=\"12\" fill=\"none\" viewBox=\"0 0 12 12\">\n\t\t\t\t<path fill=\"#fff\" d=\"M2 0a2 2 0 0 0-2 2v2h1.5V2a.5.5 0 0 1 .5-.5h2V0H2Zm2 10.5H2a.5.5 0 0 1-.5-.5V8H0v2a2 2 0 0 0 2 2h2v-1.5ZM8 12v-1.5h2a.5.5 0 0 0 .5-.5V8H12v2a2 2 0 0 1-2 2H8Zm2-12a2 2 0 0 1 2 2v2h-1.5V2a.5.5 0 0 0-.5-.5H8V0h2Z\" \/>\n\t\t\t<\/svg>\n\t\t<\/button>\u00a0<\/figure>\r\n<p>Sua natureza compassiva as leva a defender causas e movimentos sociais, tornando-se agentes de mudan\u00e7a em busca de um mundo mais justo e acolhedor. Embora possam parecer et\u00e9reas e distantes, t\u00eam uma determina\u00e7\u00e3o firme que as impulsiona a buscar seus sonhos, mergulhando em projetos art\u00edsticos ou espirituais com paix\u00e3o e dedica\u00e7\u00e3o, criando obras que refletem sua vis\u00e3o \u00fanica e sens\u00edvel da vida.\u00a0<\/p>\r\n<h2>O signo das profundas emo\u00e7\u00f5es\u00a0<\/h2>\r\n<p>Ao abra\u00e7ar o desconhecido, essas mulheres frequentemente se sentem atra\u00eddas por atividades que as conectem ao espiritual, como medita\u00e7\u00e3o, yoga ou artes, usando essas pr\u00e1ticas para navegar pelas profundezas de suas emo\u00e7\u00f5es e encontrar equil\u00edbrio.<\/p>\r\n<p>Sua natureza adapt\u00e1vel as torna vers\u00e1teis, capazes de se moldar a diferentes contextos e pessoas, mas isso tamb\u00e9m pode levar \u00e0 confus\u00e3o sobre quem realmente s\u00e3o, exigindo um esfor\u00e7o consciente para n\u00e3o se perderem na mar\u00e9 das expectativas alheias.<\/p>\r\n\r\n\r\n\r\n<figure data-wp-context=\"{&quot;imageId&quot;:&quot;69fa2836230e2&quot;}\" data-wp-interactive=\"core\/image\" data-wp-key=\"69fa2836230e2\" class=\"wp-block-image size-large is-resized wp-lightbox-container\"><img loading=\"lazy\" decoding=\"async\" width=\"744\" height=\"640\" data-wp-class--hide=\"state.isContentHidden\" data-wp-class--show=\"state.isContentVisible\" data-wp-init=\"callbacks.setButtonStyles\" data-wp-on--click=\"actions.showLightbox\" data-wp-on--load=\"callbacks.setButtonStyles\" data-wp-on-window--resize=\"callbacks.setButtonStyles\" class=\"wp-image-5664\" style=\"width: 506px; height: auto;\" src=\"https:\/\/gloriadeus.com\/wp-content\/uploads\/2025\/03\/2019Marc19NFBIMG01-2.jpg\" alt=\"Gosto de ser Pisciana \" srcset=\"https:\/\/gloriadeus.com\/wp-content\/uploads\/2025\/03\/2019Marc19NFBIMG01-2.jpg 744w, https:\/\/gloriadeus.com\/wp-content\/uploads\/2025\/03\/2019Marc19NFBIMG01-2-300x258.jpg 300w\" sizes=\"auto, (max-width: 744px) 100vw, 744px\" \/><button\n\t\t\tclass=\"lightbox-trigger\"\n\t\t\ttype=\"button\"\n\t\t\taria-haspopup=\"dialog\"\n\t\t\taria-label=\"Ampliar\"\n\t\t\tdata-wp-init=\"callbacks.initTriggerButton\"\n\t\t\tdata-wp-on--click=\"actions.showLightbox\"\n\t\t\tdata-wp-style--right=\"state.imageButtonRight\"\n\t\t\tdata-wp-style--top=\"state.imageButtonTop\"\n\t\t>\n\t\t\t<svg xmlns=\"http:\/\/www.w3.org\/2000\/svg\" width=\"12\" height=\"12\" fill=\"none\" viewBox=\"0 0 12 12\">\n\t\t\t\t<path fill=\"#fff\" d=\"M2 0a2 2 0 0 0-2 2v2h1.5V2a.5.5 0 0 1 .5-.5h2V0H2Zm2 10.5H2a.5.5 0 0 1-.5-.5V8H0v2a2 2 0 0 0 2 2h2v-1.5ZM8 12v-1.5h2a.5.5 0 0 0 .5-.5V8H12v2a2 2 0 0 1-2 2H8Zm2-12a2 2 0 0 1 2 2v2h-1.5V2a.5.5 0 0 0-.5-.5H8V0h2Z\" \/>\n\t\t\t<\/svg>\n\t\t<\/button>\u00a0<\/figure>\r\n<p>Com um cora\u00e7\u00e3o aberto e um esp\u00edrito sonhador, elas podem, por vezes, se desapontar com a realidade, levando-as a buscar ref\u00fagio em seus pr\u00f3prios mundos, sejam atrav\u00e9s de livros, m\u00fasica ou artesanato.\u00a0<\/p>\r\n<h2>Uma conex\u00e3o muito capaz\u00a0<\/h2>\r\n<p>As mulheres de Peixes s\u00e3o tamb\u00e9m muito ligadas \u00e0 natureza, encontrando no ambiente natural uma fonte de inspira\u00e7\u00e3o renovadora e restauradora, sendo capazes de se conectar com os ciclos da vida de uma forma que poucas pessoas conseguem compreender profundamente.\u00a0<\/p>\r\n<p>No amor, s\u00e3o rom\u00e2nticas incorrig\u00edveis, buscando n\u00e3o apenas parceiros, mas almas g\u00eameas, o que pode lev\u00e1-las a desilus\u00f5es quando o outro n\u00e3o corresponde \u00e0 profundidade de seus sentimentos.<\/p>\r\n\r\n\r\n\r\n\r\n\r\n\r\n\r\n<figure data-wp-context=\"{&quot;imageId&quot;:&quot;69fa283623420&quot;}\" data-wp-interactive=\"core\/image\" data-wp-key=\"69fa283623420\" class=\"wp-block-image size-large is-resized wp-lightbox-container\"><img loading=\"lazy\" decoding=\"async\" width=\"720\" height=\"876\" data-wp-class--hide=\"state.isContentHidden\" data-wp-class--show=\"state.isContentVisible\" data-wp-init=\"callbacks.setButtonStyles\" data-wp-on--click=\"actions.showLightbox\" data-wp-on--load=\"callbacks.setButtonStyles\" data-wp-on-window--resize=\"callbacks.setButtonStyles\" class=\"wp-image-5663\" style=\"width: 357px; height: auto;\" src=\"https:\/\/gloriadeus.com\/wp-content\/uploads\/2025\/03\/GD250317AMDIMG01.jpg\" alt=\"Gosto de ser Pisciana \" srcset=\"https:\/\/gloriadeus.com\/wp-content\/uploads\/2025\/03\/GD250317AMDIMG01.jpg 720w, https:\/\/gloriadeus.com\/wp-content\/uploads\/2025\/03\/GD250317AMDIMG01-247x300.jpg 247w\" sizes=\"auto, (max-width: 720px) 100vw, 720px\" \/><button\n\t\t\tclass=\"lightbox-trigger\"\n\t\t\ttype=\"button\"\n\t\t\taria-haspopup=\"dialog\"\n\t\t\taria-label=\"Ampliar\"\n\t\t\tdata-wp-init=\"callbacks.initTriggerButton\"\n\t\t\tdata-wp-on--click=\"actions.showLightbox\"\n\t\t\tdata-wp-style--right=\"state.imageButtonRight\"\n\t\t\tdata-wp-style--top=\"state.imageButtonTop\"\n\t\t>\n\t\t\t<svg xmlns=\"http:\/\/www.w3.org\/2000\/svg\" width=\"12\" height=\"12\" fill=\"none\" viewBox=\"0 0 12 12\">\n\t\t\t\t<path fill=\"#fff\" d=\"M2 0a2 2 0 0 0-2 2v2h1.5V2a.5.5 0 0 1 .5-.5h2V0H2Zm2 10.5H2a.5.5 0 0 1-.5-.5V8H0v2a2 2 0 0 0 2 2h2v-1.5ZM8 12v-1.5h2a.5.5 0 0 0 .5-.5V8H12v2a2 2 0 0 1-2 2H8Zm2-12a2 2 0 0 1 2 2v2h-1.5V2a.5.5 0 0 0-.5-.5H8V0h2Z\" \/>\n\t\t\t<\/svg>\n\t\t<\/button>\u00a0<\/figure>\r\n<p>Quando encontraram um amor que respeita sua sensibilidade, tornam-se parceiras devotadas, capazes de criar la\u00e7os emocionais profundos e significativos.\u00a0<\/p>\r\n<h2>Crescimento e produtividade\u00a0<\/h2>\r\n\r\n\r\n\r\n<p>A verdadeira ess\u00eancia de uma mulher de Peixes reside em sua capacidade de amar profundamente e de sonhar alto, enquanto encontra beleza nas nuances da vida, transformando cada dificuldade em um novo aprendizado, cada dor em uma oportunidade de crescimento, e cada amanhecer em uma nova chance de recome\u00e7ar.\u00a0<\/p>\r\n<p>E, apesar das incertezas, as mulheres piscianas seguem navegando, com a esperan\u00e7a e a f\u00e9 como suas guias, sempre abertas \u00e0s novas experi\u00eancias que a vida tem a oferecer.<\/p>\r\n<p>Pode que voc\u00ea goste de conferir tamb\u00e9m:<\/p>\r\n<p>\r\n\r\n<\/p>\r\n<p>\u2192 <a href=\"https:\/\/gloriadeus.com\/home\/somos-do-signo-de-aries\/\"><span style=\"text-decoration: underline;\"><em>Somos do Signo de \u00c1ries<\/em><\/span><\/a><\/p>\r\n","protected":false},"excerpt":{"rendered":"<p>Em sua luta cont\u00ednua para equilibrar a fantasia e a realidade, muitas vezes se perguntam: Como posso realmente ser eu &hellip; <\/p>\n","protected":false},"author":1,"featured_media":5662,"parent":0,"menu_order":0,"comment_status":"closed","ping_status":"closed","template":"","meta":{"_uf_show_specific_survey":0,"_uf_disable_surveys":false,"footnotes":""},"class_list":["post-5661","page","type-page","status-publish","has-post-thumbnail","hentry"],"yoast_head":"<!-- This site is optimized with the Yoast SEO plugin v27.5 - https:\/\/yoast.com\/product\/yoast-seo-wordpress\/ -->\n<title>Gosto de ser Pisciana - Gl\u00f3ria Deus<\/title>\n<meta name=\"robots\" content=\"index, follow, max-snippet:-1, max-image-preview:large, max-video-preview:-1\" \/>\n<link rel=\"canonical\" href=\"https:\/\/gloriadeus.com\/home\/gosto-de-ser-pisciana\/\" \/>\n<meta property=\"og:locale\" content=\"pt_BR\" \/>\n<meta property=\"og:type\" content=\"article\" \/>\n<meta property=\"og:title\" content=\"Gosto de ser Pisciana - Gl\u00f3ria Deus\" \/>\n<meta property=\"og:description\" content=\"Em sua luta cont\u00ednua para equilibrar a fantasia e a realidade, muitas vezes se perguntam: Como posso realmente ser eu &hellip;\" \/>\n<meta property=\"og:url\" content=\"https:\/\/gloriadeus.com\/home\/gosto-de-ser-pisciana\/\" \/>\n<meta property=\"og:site_name\" content=\"Gl\u00f3ria Deus\" \/>\n<meta property=\"article:modified_time\" content=\"2026-02-04T16:33:25+00:00\" \/>\n<meta property=\"og:image\" content=\"https:\/\/gloriadeus.com\/wp-content\/uploads\/2025\/03\/40-20031401SAIMG11-20.jpg\" \/>\n\t<meta property=\"og:image:width\" content=\"301\" \/>\n\t<meta property=\"og:image:height\" content=\"399\" \/>\n\t<meta property=\"og:image:type\" content=\"image\/jpeg\" \/>\n<meta name=\"twitter:card\" content=\"summary_large_image\" \/>\n<meta name=\"twitter:label1\" content=\"Est. tempo de leitura\" \/>\n\t<meta name=\"twitter:data1\" content=\"4 minutos\" \/>\n<script type=\"application\/ld+json\" class=\"yoast-schema-graph\">{\"@context\":\"https:\\\/\\\/schema.org\",\"@graph\":[{\"@type\":\"WebPage\",\"@id\":\"https:\\\/\\\/gloriadeus.com\\\/home\\\/gosto-de-ser-pisciana\\\/\",\"url\":\"https:\\\/\\\/gloriadeus.com\\\/home\\\/gosto-de-ser-pisciana\\\/\",\"name\":\"Gosto de ser Pisciana - Gl\u00f3ria Deus\",\"isPartOf\":{\"@id\":\"https:\\\/\\\/gloriadeus.com\\\/home\\\/#website\"},\"primaryImageOfPage\":{\"@id\":\"https:\\\/\\\/gloriadeus.com\\\/home\\\/gosto-de-ser-pisciana\\\/#primaryimage\"},\"image\":{\"@id\":\"https:\\\/\\\/gloriadeus.com\\\/home\\\/gosto-de-ser-pisciana\\\/#primaryimage\"},\"thumbnailUrl\":\"https:\\\/\\\/gloriadeus.com\\\/wp-content\\\/uploads\\\/2025\\\/03\\\/40-20031401SAIMG11-20.jpg\",\"datePublished\":\"2026-01-17T23:30:40+00:00\",\"dateModified\":\"2026-02-04T16:33:25+00:00\",\"breadcrumb\":{\"@id\":\"https:\\\/\\\/gloriadeus.com\\\/home\\\/gosto-de-ser-pisciana\\\/#breadcrumb\"},\"inLanguage\":\"pt-BR\",\"potentialAction\":[{\"@type\":\"ReadAction\",\"target\":[\"https:\\\/\\\/gloriadeus.com\\\/home\\\/gosto-de-ser-pisciana\\\/\"]}]},{\"@type\":\"ImageObject\",\"inLanguage\":\"pt-BR\",\"@id\":\"https:\\\/\\\/gloriadeus.com\\\/home\\\/gosto-de-ser-pisciana\\\/#primaryimage\",\"url\":\"https:\\\/\\\/gloriadeus.com\\\/wp-content\\\/uploads\\\/2025\\\/03\\\/40-20031401SAIMG11-20.jpg\",\"contentUrl\":\"https:\\\/\\\/gloriadeus.com\\\/wp-content\\\/uploads\\\/2025\\\/03\\\/40-20031401SAIMG11-20.jpg\",\"width\":301,\"height\":399,\"caption\":\"Gosto de ser Pisciana\"},{\"@type\":\"BreadcrumbList\",\"@id\":\"https:\\\/\\\/gloriadeus.com\\\/home\\\/gosto-de-ser-pisciana\\\/#breadcrumb\",\"itemListElement\":[{\"@type\":\"ListItem\",\"position\":1,\"name\":\"In\u00edcio\",\"item\":\"https:\\\/\\\/gloriadeus.com\\\/home\\\/\"},{\"@type\":\"ListItem\",\"position\":2,\"name\":\"Gosto de ser Pisciana\"}]},{\"@type\":\"WebSite\",\"@id\":\"https:\\\/\\\/gloriadeus.com\\\/home\\\/#website\",\"url\":\"https:\\\/\\\/gloriadeus.com\\\/home\\\/\",\"name\":\"Gloria Deus\",\"description\":\"\u21a8 Deslize para descobrir mais \u21a8\",\"publisher\":{\"@id\":\"https:\\\/\\\/gloriadeus.com\\\/home\\\/#\\\/schema\\\/person\\\/ab2365ca8f87ea38e53ba3c2275e65c4\"},\"alternateName\":\"Muita f\u00e9\",\"potentialAction\":[{\"@type\":\"SearchAction\",\"target\":{\"@type\":\"EntryPoint\",\"urlTemplate\":\"https:\\\/\\\/gloriadeus.com\\\/home\\\/?s={search_term_string}\"},\"query-input\":{\"@type\":\"PropertyValueSpecification\",\"valueRequired\":true,\"valueName\":\"search_term_string\"}}],\"inLanguage\":\"pt-BR\"},{\"@type\":[\"Person\",\"Organization\"],\"@id\":\"https:\\\/\\\/gloriadeus.com\\\/home\\\/#\\\/schema\\\/person\\\/ab2365ca8f87ea38e53ba3c2275e65c4\",\"name\":\"gloriadeus.com\",\"image\":{\"@type\":\"ImageObject\",\"inLanguage\":\"pt-BR\",\"@id\":\"https:\\\/\\\/gloriadeus.com\\\/wp-content\\\/uploads\\\/2024\\\/03\\\/230525DDPNG-21.png\",\"url\":\"https:\\\/\\\/gloriadeus.com\\\/wp-content\\\/uploads\\\/2024\\\/03\\\/230525DDPNG-21.png\",\"contentUrl\":\"https:\\\/\\\/gloriadeus.com\\\/wp-content\\\/uploads\\\/2024\\\/03\\\/230525DDPNG-21.png\",\"width\":220,\"height\":230,\"caption\":\"gloriadeus.com\"},\"logo\":{\"@id\":\"https:\\\/\\\/gloriadeus.com\\\/wp-content\\\/uploads\\\/2024\\\/03\\\/230525DDPNG-21.png\"},\"sameAs\":[\"https:\\\/\\\/gloriadeus.com\"]}]}<\/script>\n<!-- \/ Yoast SEO plugin. -->","yoast_head_json":{"title":"Gosto de ser Pisciana - Gl\u00f3ria Deus","robots":{"index":"index","follow":"follow","max-snippet":"max-snippet:-1","max-image-preview":"max-image-preview:large","max-video-preview":"max-video-preview:-1"},"canonical":"https:\/\/gloriadeus.com\/home\/gosto-de-ser-pisciana\/","og_locale":"pt_BR","og_type":"article","og_title":"Gosto de ser Pisciana - Gl\u00f3ria Deus","og_description":"Em sua luta cont\u00ednua para equilibrar a fantasia e a realidade, muitas vezes se perguntam: Como posso realmente ser eu &hellip;","og_url":"https:\/\/gloriadeus.com\/home\/gosto-de-ser-pisciana\/","og_site_name":"Gl\u00f3ria Deus","article_modified_time":"2026-02-04T16:33:25+00:00","og_image":[{"width":301,"height":399,"url":"https:\/\/gloriadeus.com\/wp-content\/uploads\/2025\/03\/40-20031401SAIMG11-20.jpg","type":"image\/jpeg"}],"twitter_card":"summary_large_image","twitter_misc":{"Est. tempo de leitura":"4 minutos"},"schema":{"@context":"https:\/\/schema.org","@graph":[{"@type":"WebPage","@id":"https:\/\/gloriadeus.com\/home\/gosto-de-ser-pisciana\/","url":"https:\/\/gloriadeus.com\/home\/gosto-de-ser-pisciana\/","name":"Gosto de ser Pisciana - Gl\u00f3ria Deus","isPartOf":{"@id":"https:\/\/gloriadeus.com\/home\/#website"},"primaryImageOfPage":{"@id":"https:\/\/gloriadeus.com\/home\/gosto-de-ser-pisciana\/#primaryimage"},"image":{"@id":"https:\/\/gloriadeus.com\/home\/gosto-de-ser-pisciana\/#primaryimage"},"thumbnailUrl":"https:\/\/gloriadeus.com\/wp-content\/uploads\/2025\/03\/40-20031401SAIMG11-20.jpg","datePublished":"2026-01-17T23:30:40+00:00","dateModified":"2026-02-04T16:33:25+00:00","breadcrumb":{"@id":"https:\/\/gloriadeus.com\/home\/gosto-de-ser-pisciana\/#breadcrumb"},"inLanguage":"pt-BR","potentialAction":[{"@type":"ReadAction","target":["https:\/\/gloriadeus.com\/home\/gosto-de-ser-pisciana\/"]}]},{"@type":"ImageObject","inLanguage":"pt-BR","@id":"https:\/\/gloriadeus.com\/home\/gosto-de-ser-pisciana\/#primaryimage","url":"https:\/\/gloriadeus.com\/wp-content\/uploads\/2025\/03\/40-20031401SAIMG11-20.jpg","contentUrl":"https:\/\/gloriadeus.com\/wp-content\/uploads\/2025\/03\/40-20031401SAIMG11-20.jpg","width":301,"height":399,"caption":"Gosto de ser Pisciana"},{"@type":"BreadcrumbList","@id":"https:\/\/gloriadeus.com\/home\/gosto-de-ser-pisciana\/#breadcrumb","itemListElement":[{"@type":"ListItem","position":1,"name":"In\u00edcio","item":"https:\/\/gloriadeus.com\/home\/"},{"@type":"ListItem","position":2,"name":"Gosto de ser Pisciana"}]},{"@type":"WebSite","@id":"https:\/\/gloriadeus.com\/home\/#website","url":"https:\/\/gloriadeus.com\/home\/","name":"Gloria Deus","description":"\u21a8 Deslize para descobrir mais \u21a8","publisher":{"@id":"https:\/\/gloriadeus.com\/home\/#\/schema\/person\/ab2365ca8f87ea38e53ba3c2275e65c4"},"alternateName":"Muita f\u00e9","potentialAction":[{"@type":"SearchAction","target":{"@type":"EntryPoint","urlTemplate":"https:\/\/gloriadeus.com\/home\/?s={search_term_string}"},"query-input":{"@type":"PropertyValueSpecification","valueRequired":true,"valueName":"search_term_string"}}],"inLanguage":"pt-BR"},{"@type":["Person","Organization"],"@id":"https:\/\/gloriadeus.com\/home\/#\/schema\/person\/ab2365ca8f87ea38e53ba3c2275e65c4","name":"gloriadeus.com","image":{"@type":"ImageObject","inLanguage":"pt-BR","@id":"https:\/\/gloriadeus.com\/wp-content\/uploads\/2024\/03\/230525DDPNG-21.png","url":"https:\/\/gloriadeus.com\/wp-content\/uploads\/2024\/03\/230525DDPNG-21.png","contentUrl":"https:\/\/gloriadeus.com\/wp-content\/uploads\/2024\/03\/230525DDPNG-21.png","width":220,"height":230,"caption":"gloriadeus.com"},"logo":{"@id":"https:\/\/gloriadeus.com\/wp-content\/uploads\/2024\/03\/230525DDPNG-21.png"},"sameAs":["https:\/\/gloriadeus.com"]}]}},"_links":{"self":[{"href":"https:\/\/gloriadeus.com\/home\/wp-json\/wp\/v2\/pages\/5661","targetHints":{"allow":["GET"]}}],"collection":[{"href":"https:\/\/gloriadeus.com\/home\/wp-json\/wp\/v2\/pages"}],"about":[{"href":"https:\/\/gloriadeus.com\/home\/wp-json\/wp\/v2\/types\/page"}],"author":[{"embeddable":true,"href":"https:\/\/gloriadeus.com\/home\/wp-json\/wp\/v2\/users\/1"}],"replies":[{"embeddable":true,"href":"https:\/\/gloriadeus.com\/home\/wp-json\/wp\/v2\/comments?post=5661"}],"version-history":[{"count":6,"href":"https:\/\/gloriadeus.com\/home\/wp-json\/wp\/v2\/pages\/5661\/revisions"}],"predecessor-version":[{"id":10343,"href":"https:\/\/gloriadeus.com\/home\/wp-json\/wp\/v2\/pages\/5661\/revisions\/10343"}],"wp:featuredmedia":[{"embeddable":true,"href":"https:\/\/gloriadeus.com\/home\/wp-json\/wp\/v2\/media\/5662"}],"wp:attachment":[{"href":"https:\/\/gloriadeus.com\/home\/wp-json\/wp\/v2\/media?parent=5661"}],"curies":[{"name":"wp","href":"https:\/\/api.w.org\/{rel}","templated":true}]}}