{"id":5631,"date":"2026-01-17T14:31:54","date_gmt":"2026-01-17T17:31:54","guid":{"rendered":"https:\/\/gloriadeus.com\/?page_id=5631"},"modified":"2026-02-07T12:59:27","modified_gmt":"2026-02-07T15:59:27","slug":"capricornio-e-o-meu-signo","status":"publish","type":"page","link":"https:\/\/gloriadeus.com\/home\/capricornio-e-o-meu-signo\/","title":{"rendered":"Capric\u00f3rnio \u00e9 o meu Signo"},"content":{"rendered":"<!-- subtitulo, palavra, paragrafo ok --> \r\n\r\n<figure class=\"wp-block-image size-large is-resized\"><img loading=\"lazy\" decoding=\"async\" width=\"500\" height=\"500\" class=\"wp-image-5632\" style=\"width: 237px; height: auto;\" src=\"https:\/\/gloriadeus.com\/wp-content\/uploads\/2025\/03\/240722DDIMG01.jpg\" alt=\"Capric\u00f3rnio \u00e9 o meu Signo \" srcset=\"https:\/\/gloriadeus.com\/wp-content\/uploads\/2025\/03\/240722DDIMG01.jpg 500w, https:\/\/gloriadeus.com\/wp-content\/uploads\/2025\/03\/240722DDIMG01-300x300.jpg 300w, https:\/\/gloriadeus.com\/wp-content\/uploads\/2025\/03\/240722DDIMG01-150x150.jpg 150w\" sizes=\"auto, (max-width: 500px) 100vw, 500px\" \/><\/figure>\r\n\r\n\r\n\r\n<p>As mulheres do signo de Capric\u00f3rnio s\u00e3o frequentemente vistas como ocupantes de pap\u00e9is de lideran\u00e7a, dotadas de uma determina\u00e7\u00e3o inabal\u00e1vel e um senso pr\u00e1tico que as diferencia de muitos outros signos, sua conex\u00e3o com a terra as torna realistas e p\u00e9 no ch\u00e3o, e isso se reflete em suas decis\u00f5es e a\u00e7\u00f5es di\u00e1rias.<\/p>\r\n<p>Com uma abordagem met\u00f3dica e disciplinada para alcan\u00e7ar seus objetivos, <strong>elas s\u00e3o trabalhadoras natas<\/strong>, muitas vezes colocando suas carreiras em primeiro plano e investindo tempo e esfor\u00e7o significativos para garantir seu sucesso, apesar de sua imagem s\u00e9ria, possuem um senso de humor sutil que aparece em momentos inesperados, revelando um lado mais leve de sua personalidade.<\/p>\r\n<p>Elas tamb\u00e9m podem ser vistas como reservadas, pois costumam ser seletivas ao compartilhar suas emo\u00e7\u00f5es, levando algum tempo para abrir-se com os outros, no relacionamento, as capricornianas s\u00e3o leais e comprometidas.<\/p>\r\n<p>Cuscando estabilidade e seguran\u00e7a, preferindo parcerias duradouras em vez de relacionamentos superficiais, al\u00e9m disso, t\u00eam um forte senso de responsabilidade, o que as torna tanto amigas quanto parceiras confi\u00e1veis,<\/p>\r\n\r\n\r\n\r\n<figure class=\"wp-block-image size-large is-resized\"><img loading=\"lazy\" decoding=\"async\" width=\"500\" height=\"500\" class=\"wp-image-5633\" style=\"width: 266px; height: auto;\" src=\"https:\/\/gloriadeus.com\/wp-content\/uploads\/2025\/03\/240722DDIMG02.jpg\" alt=\"Capric\u00f3rnio \u00e9 o meu Signo \" srcset=\"https:\/\/gloriadeus.com\/wp-content\/uploads\/2025\/03\/240722DDIMG02.jpg 500w, https:\/\/gloriadeus.com\/wp-content\/uploads\/2025\/03\/240722DDIMG02-300x300.jpg 300w, https:\/\/gloriadeus.com\/wp-content\/uploads\/2025\/03\/240722DDIMG02-150x150.jpg 150w\" sizes=\"auto, (max-width: 500px) 100vw, 500px\" \/><\/figure>\r\n\r\n\r\n\r\n<figure class=\"wp-block-image size-large is-resized\"><img loading=\"lazy\" decoding=\"async\" width=\"480\" height=\"480\" class=\"wp-image-5634\" style=\"width: 223px; height: auto;\" src=\"https:\/\/gloriadeus.com\/wp-content\/uploads\/2025\/03\/240722DDIMG03.jpg\" alt=\"Capric\u00f3rnio \u00e9 o meu Signo \" srcset=\"https:\/\/gloriadeus.com\/wp-content\/uploads\/2025\/03\/240722DDIMG03.jpg 480w, https:\/\/gloriadeus.com\/wp-content\/uploads\/2025\/03\/240722DDIMG03-300x300.jpg 300w, https:\/\/gloriadeus.com\/wp-content\/uploads\/2025\/03\/240722DDIMG03-150x150.jpg 150w\" sizes=\"auto, (max-width: 480px) 100vw, 480px\" \/><\/figure>\r\n\r\n\r\n\r\n<p>As mulheres de capric\u00f3rnio tem um instinto natural para cuidar das pessoas ao seu redor, sua ambi\u00e7\u00e3o \u00e9 uma de suas caracter\u00edsticas mais proeminentes, frequentemente se esfor\u00e7ando para alcan\u00e7ar altos padr\u00f5es em tudo o que fazem, por isso, elas podem ser vistas como perfeccionistas, o que \u00e0s vezes pode levar \u00e0 frustra\u00e7\u00e3o quando as coisas n\u00e3o saem como planejado.<\/p>\r\n<p>Nas amizades, tendem a ser leais, mas exigentes, valorizando a sinceridade e a preserva\u00e7\u00e3o dos v\u00ednculos verdadeiros, adoram desafios e encontram satisfa\u00e7\u00e3o em super\u00e1-los, e essa caracter\u00edstica as leva a assumir projetos que muitas vezes parecem imposs\u00edveis para os outros.<\/p>\r\n<p>Com uma not\u00e1vel habilidade para gerenciar seu tempo e recursos, s\u00e3o capazes de equilibrar vida pessoal e profissional, apoiando-se mutuamente com suas amigas capricornianas em suas jornadas, emocionalmente, elas podem ser vistas como resistentes, lidando com os altos e baixos da vida com uma calma admir\u00e1vel.<\/p>\r\n\r\n\r\n\r\n<figure class=\"wp-block-image size-large is-resized\"><img loading=\"lazy\" decoding=\"async\" width=\"564\" height=\"559\" class=\"wp-image-5635\" style=\"width: 269px; height: auto;\" src=\"https:\/\/gloriadeus.com\/wp-content\/uploads\/2025\/03\/240722DDIMG04.jpg\" alt=\"Capric\u00f3rnio \u00e9 o meu Signo \" srcset=\"https:\/\/gloriadeus.com\/wp-content\/uploads\/2025\/03\/240722DDIMG04.jpg 564w, https:\/\/gloriadeus.com\/wp-content\/uploads\/2025\/03\/240722DDIMG04-300x297.jpg 300w, https:\/\/gloriadeus.com\/wp-content\/uploads\/2025\/03\/240722DDIMG04-150x150.jpg 150w\" sizes=\"auto, (max-width: 564px) 100vw, 564px\" \/><\/figure>\r\n\r\n\r\n\r\n<figure class=\"wp-block-image size-large is-resized\"><img loading=\"lazy\" decoding=\"async\" width=\"480\" height=\"480\" class=\"wp-image-5636\" style=\"width: 332px; height: auto;\" src=\"https:\/\/gloriadeus.com\/wp-content\/uploads\/2025\/03\/240722DDIMG05.jpg\" alt=\"Capric\u00f3rnio \u00e9 o meu Signo \" srcset=\"https:\/\/gloriadeus.com\/wp-content\/uploads\/2025\/03\/240722DDIMG05.jpg 480w, https:\/\/gloriadeus.com\/wp-content\/uploads\/2025\/03\/240722DDIMG05-300x300.jpg 300w, https:\/\/gloriadeus.com\/wp-content\/uploads\/2025\/03\/240722DDIMG05-150x150.jpg 150w\" sizes=\"auto, (max-width: 480px) 100vw, 480px\" \/><\/figure>\r\n\r\n\r\n\r\n<p>Embora possam ocultar suas vulnerabilidades, em momentos de estresse, elas costumam buscar ref\u00fagio em suas rotinas, que lhes proporcionam um senso de seguran\u00e7a e controle, a praticidade \u00e9 uma de suas advogadas, e isso se traduz em seus gostos e estilo de vida, preferindo a simplicidade e a funcionalidade em vez do extravagante.<\/p>\r\n<p>Suas decis\u00f5es financeiras s\u00e3o muitas vezes bem fundamentadas, evitando riscos desnecess\u00e1rios e buscando sempre garantir um futuro est\u00e1vel, elas tamb\u00e9m possuem um instinto agu\u00e7ado para perceber as motiva\u00e7\u00f5es alheias e n\u00e3o hesitam em usar essa percep\u00e7\u00e3o para proteger a si mesmas e aos que amam.<\/p>\r\n<p>Mesmo que isso signifique colocar uma certa dist\u00e2ncia entre elas e os outros temporariamente, elas valorizam muito a honestidade e a integridade em todas as suas rela\u00e7\u00f5es, e frequentemente s\u00e3o atra\u00eddas por pessoas que demonstram essas qualidades, n\u00e3o gostam de drama ou conflitos desnecess\u00e1rios, preferindo manter um ambiente harmonioso e produtivo ao seu redor.<\/p>\r\n<p>Em sua vida pessoal, muitas capricornianas se dedicam intensamente \u00e0 fam\u00edlia, buscando criar um ambiente saud\u00e1vel e seguro para seus entes queridos, s\u00e3o m\u00e3es protetoras e cuidadosas, estabelecendo limites enquanto oferecem apoio incondicional, por conta de sua vis\u00e3o pragm\u00e1tica, n\u00e3o hesitam em dar conselhos realistas.<\/p>\r\n<p>Mesmo os mais dif\u00edceis, com a inten\u00e7\u00e3o de ajudar, sua for\u00e7a interior \u00e9 inspiradora, e muitas vezes se tornam modelos a serem seguidos, alimentando sonhos e aspira\u00e7\u00f5es em outras pessoas, a criatividade, embora possa n\u00e3o ser seu foco principal, tamb\u00e9m se manifesta de formas \u00fanicas, muitas vezes em hobbies ou projetos que realizam em seu tempo livre.<\/p>\r\n<p>Ap\u00f3s o trabalho seria comum encontr\u00e1-las envolvidas em atividades que estimulam tanto a mente quanto o corpo, como jardinagem, leitura de filosofia ou at\u00e9 mesmo esportes que exijam disciplina e f\u00f4lego, com a capacidade de se reinventar, as mulheres de Capric\u00f3rnio lidam bem com mudan\u00e7as, adaptando-se e superando desafios.<\/p>\r\n<p>Com essa resili\u00eancia, elas tamb\u00e9m podem encorajar outras pessoas ao seu redor a perseverar em tempos dif\u00edceis, estabelecendo um ambiente onde o crescimento pessoal e profissional \u00e9 valorizado, em resumo, as mulheres capricornianas destacam-se em diversos aspectos de suas vidas, sendo admiradas por sua for\u00e7a, determina\u00e7\u00e3o e habilidade inata de inspirar os outros.<\/p>\r\n<p>Com uma profundidade emocional que, embora muito guardada, pode ser incrivelmente rica e recompensadora para aqueles que t\u00eam a sorte de ganhar sua confian\u00e7a, sua capacidade de amar e se dedicar a projetos e pessoas configura uma identidade \u00fanica, capaz de equilibrar aspira\u00e7\u00f5es pessoais com a constante busca por um futuro s\u00f3lido e seguro.\u00a0<\/p>\r\n<p>Tornando-as verdadeiramente admir\u00e1veis e valiosas na sociedade contempor\u00e2nea, proporcionando uma vis\u00e3o necess\u00e1ria de como as ambi\u00e7\u00f5es podem coexistir com a empatia e a lealdade, definitivamente.<\/p>\r\n<p>As mulheres de Capric\u00f3rnio s\u00e3o uma combina\u00e7\u00e3o fascinante de praticidade e profundidade emocional, que as levam a prosperar em muitas \u00e1reas de suas vidas, mostrando que a determina\u00e7\u00e3o e a sensibilidade podem caminhar lado a lado.<\/p>\r\n","protected":false},"excerpt":{"rendered":"<p>As mulheres do signo de Capric\u00f3rnio s\u00e3o frequentemente vistas como ocupantes de pap\u00e9is de lideran\u00e7a, dotadas de uma determina\u00e7\u00e3o inabal\u00e1vel &hellip; <\/p>\n","protected":false},"author":1,"featured_media":5632,"parent":0,"menu_order":0,"comment_status":"closed","ping_status":"closed","template":"","meta":{"_uf_show_specific_survey":0,"_uf_disable_surveys":false,"footnotes":""},"class_list":["post-5631","page","type-page","status-publish","has-post-thumbnail","hentry"],"yoast_head":"<!-- This site is optimized with the Yoast SEO plugin v27.5 - https:\/\/yoast.com\/product\/yoast-seo-wordpress\/ -->\n<title>Capric\u00f3rnio \u00e9 o meu Signo - Gl\u00f3ria Deus<\/title>\n<meta name=\"robots\" content=\"index, follow, max-snippet:-1, max-image-preview:large, max-video-preview:-1\" \/>\n<link rel=\"canonical\" href=\"https:\/\/gloriadeus.com\/home\/capricornio-e-o-meu-signo\/\" \/>\n<meta property=\"og:locale\" content=\"pt_BR\" \/>\n<meta property=\"og:type\" content=\"article\" \/>\n<meta property=\"og:title\" content=\"Capric\u00f3rnio \u00e9 o meu Signo - Gl\u00f3ria Deus\" \/>\n<meta property=\"og:description\" content=\"As mulheres do signo de Capric\u00f3rnio s\u00e3o frequentemente vistas como ocupantes de pap\u00e9is de lideran\u00e7a, dotadas de uma determina\u00e7\u00e3o inabal\u00e1vel &hellip;\" \/>\n<meta property=\"og:url\" content=\"https:\/\/gloriadeus.com\/home\/capricornio-e-o-meu-signo\/\" \/>\n<meta property=\"og:site_name\" content=\"Gl\u00f3ria Deus\" \/>\n<meta property=\"article:modified_time\" content=\"2026-02-07T15:59:27+00:00\" \/>\n<meta property=\"og:image\" content=\"https:\/\/gloriadeus.com\/wp-content\/uploads\/2025\/03\/240722DDIMG01.jpg\" \/>\n\t<meta property=\"og:image:width\" content=\"500\" \/>\n\t<meta property=\"og:image:height\" content=\"500\" \/>\n\t<meta property=\"og:image:type\" content=\"image\/jpeg\" \/>\n<meta name=\"twitter:card\" content=\"summary_large_image\" \/>\n<meta name=\"twitter:label1\" content=\"Est. tempo de leitura\" \/>\n\t<meta name=\"twitter:data1\" content=\"6 minutos\" \/>\n<script type=\"application\/ld+json\" class=\"yoast-schema-graph\">{\"@context\":\"https:\\\/\\\/schema.org\",\"@graph\":[{\"@type\":\"WebPage\",\"@id\":\"https:\\\/\\\/gloriadeus.com\\\/home\\\/capricornio-e-o-meu-signo\\\/\",\"url\":\"https:\\\/\\\/gloriadeus.com\\\/home\\\/capricornio-e-o-meu-signo\\\/\",\"name\":\"Capric\u00f3rnio \u00e9 o meu Signo - Gl\u00f3ria Deus\",\"isPartOf\":{\"@id\":\"https:\\\/\\\/gloriadeus.com\\\/home\\\/#website\"},\"primaryImageOfPage\":{\"@id\":\"https:\\\/\\\/gloriadeus.com\\\/home\\\/capricornio-e-o-meu-signo\\\/#primaryimage\"},\"image\":{\"@id\":\"https:\\\/\\\/gloriadeus.com\\\/home\\\/capricornio-e-o-meu-signo\\\/#primaryimage\"},\"thumbnailUrl\":\"https:\\\/\\\/gloriadeus.com\\\/wp-content\\\/uploads\\\/2025\\\/03\\\/240722DDIMG01.jpg\",\"datePublished\":\"2026-01-17T17:31:54+00:00\",\"dateModified\":\"2026-02-07T15:59:27+00:00\",\"breadcrumb\":{\"@id\":\"https:\\\/\\\/gloriadeus.com\\\/home\\\/capricornio-e-o-meu-signo\\\/#breadcrumb\"},\"inLanguage\":\"pt-BR\",\"potentialAction\":[{\"@type\":\"ReadAction\",\"target\":[\"https:\\\/\\\/gloriadeus.com\\\/home\\\/capricornio-e-o-meu-signo\\\/\"]}]},{\"@type\":\"ImageObject\",\"inLanguage\":\"pt-BR\",\"@id\":\"https:\\\/\\\/gloriadeus.com\\\/home\\\/capricornio-e-o-meu-signo\\\/#primaryimage\",\"url\":\"https:\\\/\\\/gloriadeus.com\\\/wp-content\\\/uploads\\\/2025\\\/03\\\/240722DDIMG01.jpg\",\"contentUrl\":\"https:\\\/\\\/gloriadeus.com\\\/wp-content\\\/uploads\\\/2025\\\/03\\\/240722DDIMG01.jpg\",\"width\":500,\"height\":500,\"caption\":\"Capric\u00f3rnio \u00e9 o meu Signo\"},{\"@type\":\"BreadcrumbList\",\"@id\":\"https:\\\/\\\/gloriadeus.com\\\/home\\\/capricornio-e-o-meu-signo\\\/#breadcrumb\",\"itemListElement\":[{\"@type\":\"ListItem\",\"position\":1,\"name\":\"In\u00edcio\",\"item\":\"https:\\\/\\\/gloriadeus.com\\\/home\\\/\"},{\"@type\":\"ListItem\",\"position\":2,\"name\":\"Capric\u00f3rnio \u00e9 o meu Signo\"}]},{\"@type\":\"WebSite\",\"@id\":\"https:\\\/\\\/gloriadeus.com\\\/home\\\/#website\",\"url\":\"https:\\\/\\\/gloriadeus.com\\\/home\\\/\",\"name\":\"Gloria Deus\",\"description\":\"\u21a8 Deslize para descobrir mais \u21a8\",\"publisher\":{\"@id\":\"https:\\\/\\\/gloriadeus.com\\\/home\\\/#\\\/schema\\\/person\\\/ab2365ca8f87ea38e53ba3c2275e65c4\"},\"alternateName\":\"Muita f\u00e9\",\"potentialAction\":[{\"@type\":\"SearchAction\",\"target\":{\"@type\":\"EntryPoint\",\"urlTemplate\":\"https:\\\/\\\/gloriadeus.com\\\/home\\\/?s={search_term_string}\"},\"query-input\":{\"@type\":\"PropertyValueSpecification\",\"valueRequired\":true,\"valueName\":\"search_term_string\"}}],\"inLanguage\":\"pt-BR\"},{\"@type\":[\"Person\",\"Organization\"],\"@id\":\"https:\\\/\\\/gloriadeus.com\\\/home\\\/#\\\/schema\\\/person\\\/ab2365ca8f87ea38e53ba3c2275e65c4\",\"name\":\"gloriadeus.com\",\"image\":{\"@type\":\"ImageObject\",\"inLanguage\":\"pt-BR\",\"@id\":\"https:\\\/\\\/gloriadeus.com\\\/wp-content\\\/uploads\\\/2024\\\/03\\\/230525DDPNG-21.png\",\"url\":\"https:\\\/\\\/gloriadeus.com\\\/wp-content\\\/uploads\\\/2024\\\/03\\\/230525DDPNG-21.png\",\"contentUrl\":\"https:\\\/\\\/gloriadeus.com\\\/wp-content\\\/uploads\\\/2024\\\/03\\\/230525DDPNG-21.png\",\"width\":220,\"height\":230,\"caption\":\"gloriadeus.com\"},\"logo\":{\"@id\":\"https:\\\/\\\/gloriadeus.com\\\/wp-content\\\/uploads\\\/2024\\\/03\\\/230525DDPNG-21.png\"},\"sameAs\":[\"https:\\\/\\\/gloriadeus.com\"]}]}<\/script>\n<!-- \/ Yoast SEO plugin. -->","yoast_head_json":{"title":"Capric\u00f3rnio \u00e9 o meu Signo - Gl\u00f3ria Deus","robots":{"index":"index","follow":"follow","max-snippet":"max-snippet:-1","max-image-preview":"max-image-preview:large","max-video-preview":"max-video-preview:-1"},"canonical":"https:\/\/gloriadeus.com\/home\/capricornio-e-o-meu-signo\/","og_locale":"pt_BR","og_type":"article","og_title":"Capric\u00f3rnio \u00e9 o meu Signo - Gl\u00f3ria Deus","og_description":"As mulheres do signo de Capric\u00f3rnio s\u00e3o frequentemente vistas como ocupantes de pap\u00e9is de lideran\u00e7a, dotadas de uma determina\u00e7\u00e3o inabal\u00e1vel &hellip;","og_url":"https:\/\/gloriadeus.com\/home\/capricornio-e-o-meu-signo\/","og_site_name":"Gl\u00f3ria Deus","article_modified_time":"2026-02-07T15:59:27+00:00","og_image":[{"width":500,"height":500,"url":"https:\/\/gloriadeus.com\/wp-content\/uploads\/2025\/03\/240722DDIMG01.jpg","type":"image\/jpeg"}],"twitter_card":"summary_large_image","twitter_misc":{"Est. tempo de leitura":"6 minutos"},"schema":{"@context":"https:\/\/schema.org","@graph":[{"@type":"WebPage","@id":"https:\/\/gloriadeus.com\/home\/capricornio-e-o-meu-signo\/","url":"https:\/\/gloriadeus.com\/home\/capricornio-e-o-meu-signo\/","name":"Capric\u00f3rnio \u00e9 o meu Signo - Gl\u00f3ria Deus","isPartOf":{"@id":"https:\/\/gloriadeus.com\/home\/#website"},"primaryImageOfPage":{"@id":"https:\/\/gloriadeus.com\/home\/capricornio-e-o-meu-signo\/#primaryimage"},"image":{"@id":"https:\/\/gloriadeus.com\/home\/capricornio-e-o-meu-signo\/#primaryimage"},"thumbnailUrl":"https:\/\/gloriadeus.com\/wp-content\/uploads\/2025\/03\/240722DDIMG01.jpg","datePublished":"2026-01-17T17:31:54+00:00","dateModified":"2026-02-07T15:59:27+00:00","breadcrumb":{"@id":"https:\/\/gloriadeus.com\/home\/capricornio-e-o-meu-signo\/#breadcrumb"},"inLanguage":"pt-BR","potentialAction":[{"@type":"ReadAction","target":["https:\/\/gloriadeus.com\/home\/capricornio-e-o-meu-signo\/"]}]},{"@type":"ImageObject","inLanguage":"pt-BR","@id":"https:\/\/gloriadeus.com\/home\/capricornio-e-o-meu-signo\/#primaryimage","url":"https:\/\/gloriadeus.com\/wp-content\/uploads\/2025\/03\/240722DDIMG01.jpg","contentUrl":"https:\/\/gloriadeus.com\/wp-content\/uploads\/2025\/03\/240722DDIMG01.jpg","width":500,"height":500,"caption":"Capric\u00f3rnio \u00e9 o meu Signo"},{"@type":"BreadcrumbList","@id":"https:\/\/gloriadeus.com\/home\/capricornio-e-o-meu-signo\/#breadcrumb","itemListElement":[{"@type":"ListItem","position":1,"name":"In\u00edcio","item":"https:\/\/gloriadeus.com\/home\/"},{"@type":"ListItem","position":2,"name":"Capric\u00f3rnio \u00e9 o meu Signo"}]},{"@type":"WebSite","@id":"https:\/\/gloriadeus.com\/home\/#website","url":"https:\/\/gloriadeus.com\/home\/","name":"Gloria Deus","description":"\u21a8 Deslize para descobrir mais \u21a8","publisher":{"@id":"https:\/\/gloriadeus.com\/home\/#\/schema\/person\/ab2365ca8f87ea38e53ba3c2275e65c4"},"alternateName":"Muita f\u00e9","potentialAction":[{"@type":"SearchAction","target":{"@type":"EntryPoint","urlTemplate":"https:\/\/gloriadeus.com\/home\/?s={search_term_string}"},"query-input":{"@type":"PropertyValueSpecification","valueRequired":true,"valueName":"search_term_string"}}],"inLanguage":"pt-BR"},{"@type":["Person","Organization"],"@id":"https:\/\/gloriadeus.com\/home\/#\/schema\/person\/ab2365ca8f87ea38e53ba3c2275e65c4","name":"gloriadeus.com","image":{"@type":"ImageObject","inLanguage":"pt-BR","@id":"https:\/\/gloriadeus.com\/wp-content\/uploads\/2024\/03\/230525DDPNG-21.png","url":"https:\/\/gloriadeus.com\/wp-content\/uploads\/2024\/03\/230525DDPNG-21.png","contentUrl":"https:\/\/gloriadeus.com\/wp-content\/uploads\/2024\/03\/230525DDPNG-21.png","width":220,"height":230,"caption":"gloriadeus.com"},"logo":{"@id":"https:\/\/gloriadeus.com\/wp-content\/uploads\/2024\/03\/230525DDPNG-21.png"},"sameAs":["https:\/\/gloriadeus.com"]}]}},"_links":{"self":[{"href":"https:\/\/gloriadeus.com\/home\/wp-json\/wp\/v2\/pages\/5631","targetHints":{"allow":["GET"]}}],"collection":[{"href":"https:\/\/gloriadeus.com\/home\/wp-json\/wp\/v2\/pages"}],"about":[{"href":"https:\/\/gloriadeus.com\/home\/wp-json\/wp\/v2\/types\/page"}],"author":[{"embeddable":true,"href":"https:\/\/gloriadeus.com\/home\/wp-json\/wp\/v2\/users\/1"}],"replies":[{"embeddable":true,"href":"https:\/\/gloriadeus.com\/home\/wp-json\/wp\/v2\/comments?post=5631"}],"version-history":[{"count":5,"href":"https:\/\/gloriadeus.com\/home\/wp-json\/wp\/v2\/pages\/5631\/revisions"}],"predecessor-version":[{"id":10419,"href":"https:\/\/gloriadeus.com\/home\/wp-json\/wp\/v2\/pages\/5631\/revisions\/10419"}],"wp:featuredmedia":[{"embeddable":true,"href":"https:\/\/gloriadeus.com\/home\/wp-json\/wp\/v2\/media\/5632"}],"wp:attachment":[{"href":"https:\/\/gloriadeus.com\/home\/wp-json\/wp\/v2\/media?parent=5631"}],"curies":[{"name":"wp","href":"https:\/\/api.w.org\/{rel}","templated":true}]}}