{"id":5608,"date":"2026-01-16T15:51:25","date_gmt":"2026-01-16T18:51:25","guid":{"rendered":"https:\/\/gloriadeus.com\/?page_id=5608"},"modified":"2026-02-06T05:42:31","modified_gmt":"2026-02-06T08:42:31","slug":"deus-esta-contigo-na-tempestade","status":"publish","type":"page","link":"https:\/\/gloriadeus.com\/home\/deus-esta-contigo-na-tempestade\/","title":{"rendered":"Deus est\u00e1 contigo na tempestade"},"content":{"rendered":"<!-- subtitulo, palavra, paragrafo ok -->\r\n\r\n<figure class=\"wp-lightbox-container\" data-wp-context=\"{&quot;imageId&quot;:&quot;69fa1439ebcb4&quot;}\" data-wp-interactive=\"core\/image\" data-wp-key=\"69fa1439ebcb4\"><img loading=\"lazy\" decoding=\"async\" width=\"1024\" height=\"819\" data-wp-class--hide=\"state.isContentHidden\" data-wp-class--show=\"state.isContentVisible\" data-wp-init=\"callbacks.setButtonStyles\" data-wp-on--click=\"actions.showLightbox\" data-wp-on--load=\"callbacks.setButtonStyles\" data-wp-on-window--resize=\"callbacks.setButtonStyles\" class=\"wp-image-5602\" style=\"width: 258px; height: auto;\" src=\"https:\/\/gloriadeus.com\/wp-content\/uploads\/2025\/03\/250217AMDIMG-22-1-1024x819.jpg\" alt=\"Deus est\u00e1 contigo na tempestade \" srcset=\"https:\/\/gloriadeus.com\/wp-content\/uploads\/2025\/03\/250217AMDIMG-22-1-1024x819.jpg 1024w, https:\/\/gloriadeus.com\/wp-content\/uploads\/2025\/03\/250217AMDIMG-22-1-300x240.jpg 300w, https:\/\/gloriadeus.com\/wp-content\/uploads\/2025\/03\/250217AMDIMG-22-1-768x614.jpg 768w, https:\/\/gloriadeus.com\/wp-content\/uploads\/2025\/03\/250217AMDIMG-22-1.jpg 1125w\" sizes=\"auto, (max-width: 1024px) 100vw, 1024px\" \/><button\n\t\t\tclass=\"lightbox-trigger\"\n\t\t\ttype=\"button\"\n\t\t\taria-haspopup=\"dialog\"\n\t\t\taria-label=\"Ampliar\"\n\t\t\tdata-wp-init=\"callbacks.initTriggerButton\"\n\t\t\tdata-wp-on--click=\"actions.showLightbox\"\n\t\t\tdata-wp-style--right=\"state.imageButtonRight\"\n\t\t\tdata-wp-style--top=\"state.imageButtonTop\"\n\t\t>\n\t\t\t<svg xmlns=\"http:\/\/www.w3.org\/2000\/svg\" width=\"12\" height=\"12\" fill=\"none\" viewBox=\"0 0 12 12\">\n\t\t\t\t<path fill=\"#fff\" d=\"M2 0a2 2 0 0 0-2 2v2h1.5V2a.5.5 0 0 1 .5-.5h2V0H2Zm2 10.5H2a.5.5 0 0 1-.5-.5V8H0v2a2 2 0 0 0 2 2h2v-1.5ZM8 12v-1.5h2a.5.5 0 0 0 .5-.5V8H12v2a2 2 0 0 1-2 2H8Zm2-12a2 2 0 0 1 2 2v2h-1.5V2a.5.5 0 0 0-.5-.5H8V0h2Z\" \/>\n\t\t\t<\/svg>\n\t\t<\/button>\u00a0<\/figure>\r\n\r\n\r\n\r\n<p>Em meio \u00e0s tempestades da vida, quando as nuvens cinzentas do desespero amea\u00e7am encobrir a luz da esperan\u00e7a e os ventos ferozes da adversidade bufam com for\u00e7a, \u00e9 crucial lembrar que a presen\u00e7a divina n\u00e3o nos abandona.\u00a0<\/p>\r\n<h2><strong>Caminho da F\u00e9 &#8211; Transformando Desafios em Oportunidades de Crescimento Espiritual\u00a0<\/strong><\/h2>\r\n<p>Mesmo nas horas mais sombrias assim como em uma noite tempestuosa em que os rel\u00e2mpagos iluminam brevemente o c\u00e9u, trazendo \u00e0 tona a beleza oculta das estrelas, tamb\u00e9m Deus se revela em nossos momentos de crise, oferecendo consolo e prote\u00e7\u00e3o.<\/p>\r\n<p>Um farol de f\u00e9 que nos guia atrav\u00e9s das turbul\u00eancias emocionais e espirituais que enfrentamos se olharmos atentamente, poderemos notar como cada gota de chuva que cai carrega consigo o princ\u00edpio da renova\u00e7\u00e3o, refletindo a promessa de que ap\u00f3s cada tempestade vem um arco-\u00edris, um s\u00edmbolo da alian\u00e7a, indicando que depois da dor sempre h\u00e1 uma li\u00e7\u00e3o a ser aprendida.\u00a0<\/p>\r\n\r\n\r\n\r\n<figure data-wp-context=\"{&quot;imageId&quot;:&quot;69fa1439ec174&quot;}\" data-wp-interactive=\"core\/image\" data-wp-key=\"69fa1439ec174\" class=\"wp-block-image size-large is-resized wp-lightbox-container\"><img loading=\"lazy\" decoding=\"async\" width=\"1024\" height=\"847\" data-wp-class--hide=\"state.isContentHidden\" data-wp-class--show=\"state.isContentVisible\" data-wp-init=\"callbacks.setButtonStyles\" data-wp-on--click=\"actions.showLightbox\" data-wp-on--load=\"callbacks.setButtonStyles\" data-wp-on-window--resize=\"callbacks.setButtonStyles\" class=\"wp-image-5601\" style=\"width: 279px; height: auto;\" src=\"https:\/\/gloriadeus.com\/wp-content\/uploads\/2025\/03\/250217AMDIMG-12-1-1024x847.jpg\" alt=\"Deus est\u00e1 contigo na tempestade \" srcset=\"https:\/\/gloriadeus.com\/wp-content\/uploads\/2025\/03\/250217AMDIMG-12-1-1024x847.jpg 1024w, https:\/\/gloriadeus.com\/wp-content\/uploads\/2025\/03\/250217AMDIMG-12-1-300x248.jpg 300w, https:\/\/gloriadeus.com\/wp-content\/uploads\/2025\/03\/250217AMDIMG-12-1-768x635.jpg 768w, https:\/\/gloriadeus.com\/wp-content\/uploads\/2025\/03\/250217AMDIMG-12-1.jpg 1125w\" sizes=\"auto, (max-width: 1024px) 100vw, 1024px\" \/><button\n\t\t\tclass=\"lightbox-trigger\"\n\t\t\ttype=\"button\"\n\t\t\taria-haspopup=\"dialog\"\n\t\t\taria-label=\"Ampliar\"\n\t\t\tdata-wp-init=\"callbacks.initTriggerButton\"\n\t\t\tdata-wp-on--click=\"actions.showLightbox\"\n\t\t\tdata-wp-style--right=\"state.imageButtonRight\"\n\t\t\tdata-wp-style--top=\"state.imageButtonTop\"\n\t\t>\n\t\t\t<svg xmlns=\"http:\/\/www.w3.org\/2000\/svg\" width=\"12\" height=\"12\" fill=\"none\" viewBox=\"0 0 12 12\">\n\t\t\t\t<path fill=\"#fff\" d=\"M2 0a2 2 0 0 0-2 2v2h1.5V2a.5.5 0 0 1 .5-.5h2V0H2Zm2 10.5H2a.5.5 0 0 1-.5-.5V8H0v2a2 2 0 0 0 2 2h2v-1.5ZM8 12v-1.5h2a.5.5 0 0 0 .5-.5V8H12v2a2 2 0 0 1-2 2H8Zm2-12a2 2 0 0 1 2 2v2h-1.5V2a.5.5 0 0 0-.5-.5H8V0h2Z\" \/>\n\t\t\t<\/svg>\n\t\t<\/button>\u00a0<\/figure>\r\n<p>Uma transforma\u00e7\u00e3o a ser abra\u00e7ada, e isso nos ensina que as prova\u00e7\u00f5es s\u00e3o, muitas vezes, oportunidades disfar\u00e7adas para crescimento pessoal e espiritual em tempos de afli\u00e7\u00e3o, quando as ondas parecem querer nos engolir, \u00e9 o amor de Deus que nos envolve, como uma barreira invis\u00edvel que nos preserva e nos encoraja a perseverar.\u00a0<\/p>\r\n<h2><strong>Amor Incondicional de Deus &#8211; A Chave para Superar Desafios e Crescer Espiritualmente\u00a0<\/strong><\/h2>\r\n<p>Enquanto as dificuldades da vida se desenrolam \u00e0 nossa frente como um mar revolto, ele nos convida a confiar em Sua sabedoria infinita, prometendo que n\u00e3o estamos s\u00f3s, e que a seguran\u00e7a e a for\u00e7a v\u00eam dEle.\u00a0<\/p>\r\n\r\n\r\n\r\n\r\n\r\n<p>Os salmos nos lembram que, mesmo que andemos por vales sombrios, n\u00e3o temeremos mal algum, pois a Sua vara e o Seu cajado nos consolar\u00e3o, e cada passo que damos em meio ao medo \u00e9 acompanhado pela certeza de que Ele est\u00e1 \u00e0 nossa frente, dissipando as trevas que nos cercam.\u00a0<\/p>\r\n<h2><img loading=\"lazy\" decoding=\"async\" width=\"1024\" height=\"896\" class=\"wp-image-5604\" style=\"width: 231px; height: auto;\" src=\"https:\/\/gloriadeus.com\/wp-content\/uploads\/2025\/03\/250217AMDIMG-9-1-1024x896.jpg\" alt=\"Deus est\u00e1 contigo na tempestade \" srcset=\"https:\/\/gloriadeus.com\/wp-content\/uploads\/2025\/03\/250217AMDIMG-9-1-1024x896.jpg 1024w, https:\/\/gloriadeus.com\/wp-content\/uploads\/2025\/03\/250217AMDIMG-9-1-300x262.jpg 300w, https:\/\/gloriadeus.com\/wp-content\/uploads\/2025\/03\/250217AMDIMG-9-1-768x672.jpg 768w, https:\/\/gloriadeus.com\/wp-content\/uploads\/2025\/03\/250217AMDIMG-9-1.jpg 1125w\" sizes=\"auto, (max-width: 1024px) 100vw, 1024px\" \/>\u00a0<\/h2>\r\n<p>Devemos ent\u00e3o erguer nossos olhos e cora\u00e7\u00f5es, reconhecer as b\u00ean\u00e7\u00e3os que muitas vezes v\u00eam embaladas nas dificuldades, e confiar que a tempestade n\u00e3o \u00e9 o fim, mas um cap\u00edtulo em nossa jornada, onde podemos redescobrir a confian\u00e7a na provid\u00eancia divina.\u00a0<\/p>\r\n<h2><strong>O Poder da Ora\u00e7\u00e3o &#8211; Encontrando Paz e For\u00e7a nas Tempestades da Vida\u00a0<\/strong><\/h2>\r\n<p>Nesse momento de entrega que encontramos for\u00e7a para enfrentar desafios aparentemente insuper\u00e1veis, e podemos nos lembrar da hist\u00f3ria de tantas pessoas que, como n\u00f3s, navegaram \u00e1guas turbulentas, desde Mois\u00e9s diante do Mar Vermelho at\u00e9 os disc\u00edpulos apavorados no barco com Jesus.<\/p>\r\n<p>Ao acalmar a tempestade, nos mostrou que a verdadeira paz n\u00e3o \u00e9 a aus\u00eancia de dificuldades, mas a presen\u00e7a de Deus em nossas vidas, ao nos apropriar dessa verdade, podemos come\u00e7ar a ver cada tempestade como uma oportunidade de testemunhar o poder transformador da f\u00e9.\u00a0<\/p>\r\n<p><img loading=\"lazy\" decoding=\"async\" width=\"1024\" height=\"934\" class=\"wp-image-5600\" style=\"width: 249px; height: auto;\" src=\"https:\/\/gloriadeus.com\/wp-content\/uploads\/2025\/03\/250217AMDIMG-21-1-1024x934.jpg\" alt=\"Deus est\u00e1 contigo na tempestade \" srcset=\"https:\/\/gloriadeus.com\/wp-content\/uploads\/2025\/03\/250217AMDIMG-21-1-1024x934.jpg 1024w, https:\/\/gloriadeus.com\/wp-content\/uploads\/2025\/03\/250217AMDIMG-21-1-300x274.jpg 300w, https:\/\/gloriadeus.com\/wp-content\/uploads\/2025\/03\/250217AMDIMG-21-1-768x700.jpg 768w, https:\/\/gloriadeus.com\/wp-content\/uploads\/2025\/03\/250217AMDIMG-21-1.jpg 1125w\" sizes=\"auto, (max-width: 1024px) 100vw, 1024px\" \/>\u00a0<\/p>\r\n<p>Um lembrete de que n\u00e3o importa o qu\u00e3o dif\u00edcil o caminho possa parecer, h\u00e1 sempre uma m\u00e3o invis\u00edvel nos guiando, mostrando que somos capazes de superar, de aprendizado e crescimento, fortalecidos ent\u00e3o pelo amor divino, seguimos adiante.\u00a0<\/p>\r\n<h2><strong>Luz Divina &#8211; Como Ser Um Farol de Esperan\u00e7a em Tempos de Crise e Incerteza\u00a0<\/strong><\/h2>\r\n<p>Certos de que, ap\u00f3s a chuva, n\u00e3o s\u00f3 o solo se torna f\u00e9rtil para novas sementes, mas tamb\u00e9m nossos esp\u00edritos se renovam, prontos para florescer novamente, carregando as marcas da batalha com orgulho, pois sabemos que a verdadeira for\u00e7a reside n\u00e3o na aus\u00eancia de dificuldades.<\/p>\r\n<p>Na capacidade de enfrent\u00e1-las com coragem e f\u00e9, permitindo que a luz divina brilhe atrav\u00e9s de n\u00f3s, \u00e9 assim que nos tornamos portadores dessa luz, transmitindo esperan\u00e7a a outros que tamb\u00e9m atravessam suas pr\u00f3prias tempestades.\u00a0<\/p>\r\n<p><img loading=\"lazy\" decoding=\"async\" width=\"1024\" height=\"978\" class=\"wp-image-5599\" style=\"width: 254px; height: auto;\" src=\"https:\/\/gloriadeus.com\/wp-content\/uploads\/2025\/03\/250217AMDIMG-27-1-1024x978.jpg\" alt=\"Deus est\u00e1 contigo na tempestade \" srcset=\"https:\/\/gloriadeus.com\/wp-content\/uploads\/2025\/03\/250217AMDIMG-27-1-1024x978.jpg 1024w, https:\/\/gloriadeus.com\/wp-content\/uploads\/2025\/03\/250217AMDIMG-27-1-300x286.jpg 300w, https:\/\/gloriadeus.com\/wp-content\/uploads\/2025\/03\/250217AMDIMG-27-1-768x733.jpg 768w, https:\/\/gloriadeus.com\/wp-content\/uploads\/2025\/03\/250217AMDIMG-27-1.jpg 1125w\" sizes=\"auto, (max-width: 1024px) 100vw, 1024px\" \/>\u00a0<\/p>\r\n<p>Oferecendo um abra\u00e7o solid\u00e1rio, uma palavra de encorajamento, e compartilhando a certeza de que Deus est\u00e1 sempre presente, n\u00e3o s\u00f3 nos momentos de calma, mas, especialmente, nas tempestades, quando mais precisamos de Sua orienta\u00e7\u00e3o e amor.\u00a0<\/p>\r\n<h2><strong>Fortalecimento Espiritual &#8211; Como as Adversidades Moldam Seu Car\u00e1ter e Prop\u00f3sito\u00a0<\/strong><\/h2>\r\n\r\n\r\n\r\n\r\n\r\n\r\n\r\n\r\n\r\n<p>Que possamos seguir navegando com confian\u00e7a em meio \u00e0s incertezas, sabendo que, independentemente de como as coisas possam parecer, Deus \u00e9 nosso ref\u00fagio e fortaleza. Ele \u00e9 um socorro bem presente na ang\u00fastia, fortalecendo nosso car\u00e1ter forjado no fogo da adversidade e nos tornando mais semelhantes a Ele.<\/p>\r\n<p>Isso nos concede um prop\u00f3sito maior: n\u00e3o buscar apenas o pr\u00f3prio bem, mas tamb\u00e9m o bem daqueles que nos cercam. Ao enfrentarmos os desafios da vida, devemos levantar nossas vozes em ora\u00e7\u00e3o e agradecimento, reconhecendo que cada tempestade superada aprofunda nossa compreens\u00e3o do amor incondicional de Deus.\u00a0<\/p>\r\n<p><img loading=\"lazy\" decoding=\"async\" width=\"1024\" height=\"847\" class=\"wp-image-5596\" style=\"width: 293px; height: auto;\" src=\"https:\/\/gloriadeus.com\/wp-content\/uploads\/2025\/03\/250217AMDIMG-25-1-1024x847.jpg\" alt=\"Deus est\u00e1 contigo na tempestade \" srcset=\"https:\/\/gloriadeus.com\/wp-content\/uploads\/2025\/03\/250217AMDIMG-25-1-1024x847.jpg 1024w, https:\/\/gloriadeus.com\/wp-content\/uploads\/2025\/03\/250217AMDIMG-25-1-300x248.jpg 300w, https:\/\/gloriadeus.com\/wp-content\/uploads\/2025\/03\/250217AMDIMG-25-1-768x635.jpg 768w, https:\/\/gloriadeus.com\/wp-content\/uploads\/2025\/03\/250217AMDIMG-25-1.jpg 1125w\" sizes=\"auto, (max-width: 1024px) 100vw, 1024px\" \/>\u00a0<\/p>\r\n<p>Deus nunca nos abandona; Ele nos lembra constantemente de que somos amados, valorizados e fortalecidos. Assim, podemos enfrentar qualquer mar tempestuoso, com a certeza de que, ao final da tempestade, h\u00e1 um horizonte radiante onde paz, esperan\u00e7a e f\u00e9 se entrela\u00e7am, convidando-nos a celebrar a vida em sua plenitude.\u00a0<\/p>\r\n<h2><strong>Confian\u00e7a em Deus &#8211; Enfrentando Tempestades com F\u00e9 e Esperan\u00e7a\u00a0<\/strong><\/h2>\r\n<div class=\"markdownContainer\" data-projected=\"true\">\r\n<div class=\"markdownContainer\">\r\n<p>Ao olharmos para o caminho percorrido, percebemos que as dificuldades e tempestades n\u00e3o s\u00e3o obst\u00e1culos, mas oportunidades de crescimento espiritual e fortalecimento da nossa f\u00e9. Confiando na presen\u00e7a constante de Deus, encontramos coragem para seguir adiante, sabendo que Sua luz nos guia mesmo nos momentos mais sombrios, revelando um prop\u00f3sito maior em nossa jornada.\u00a0<\/p>\r\n<\/div>\r\n<\/div>\r\n<p>Devemos agradecer por cada dia, por cada desafio superado e por cada tempestade enfrentada. Elas fazem parte da nossa caminhada, levando-nos, com a gra\u00e7a de Deus, ao desabrochar de nosso verdadeiro ser. A luz divina nos ilumina, guiando-nos para sermos far\u00f3is de esperan\u00e7a e amor para quem ainda navega em suas pr\u00f3prias tempestades.<\/p>\r\n","protected":false},"excerpt":{"rendered":"<p>Em meio \u00e0s tempestades da vida, quando as nuvens cinzentas do desespero amea\u00e7am encobrir a luz da esperan\u00e7a e os &hellip; <\/p>\n","protected":false},"author":1,"featured_media":5604,"parent":0,"menu_order":0,"comment_status":"closed","ping_status":"closed","template":"","meta":{"_uf_show_specific_survey":0,"_uf_disable_surveys":false,"footnotes":""},"class_list":["post-5608","page","type-page","status-publish","has-post-thumbnail","hentry"],"yoast_head":"<!-- This site is optimized with the Yoast SEO plugin v27.5 - https:\/\/yoast.com\/product\/yoast-seo-wordpress\/ -->\n<title>Deus est\u00e1 contigo na tempestade - Gl\u00f3ria Deus<\/title>\n<meta name=\"robots\" content=\"index, follow, max-snippet:-1, max-image-preview:large, max-video-preview:-1\" \/>\n<link rel=\"canonical\" href=\"https:\/\/gloriadeus.com\/home\/deus-esta-contigo-na-tempestade\/\" \/>\n<meta property=\"og:locale\" content=\"pt_BR\" \/>\n<meta property=\"og:type\" content=\"article\" \/>\n<meta property=\"og:title\" content=\"Deus est\u00e1 contigo na tempestade - Gl\u00f3ria Deus\" \/>\n<meta property=\"og:description\" content=\"Em meio \u00e0s tempestades da vida, quando as nuvens cinzentas do desespero amea\u00e7am encobrir a luz da esperan\u00e7a e os &hellip;\" \/>\n<meta property=\"og:url\" content=\"https:\/\/gloriadeus.com\/home\/deus-esta-contigo-na-tempestade\/\" \/>\n<meta property=\"og:site_name\" content=\"Gl\u00f3ria Deus\" \/>\n<meta property=\"article:modified_time\" content=\"2026-02-06T08:42:31+00:00\" \/>\n<meta property=\"og:image\" content=\"https:\/\/gloriadeus.com\/wp-content\/uploads\/2025\/03\/250217AMDIMG-9-1.jpg\" \/>\n\t<meta property=\"og:image:width\" content=\"1125\" \/>\n\t<meta property=\"og:image:height\" content=\"984\" \/>\n\t<meta property=\"og:image:type\" content=\"image\/jpeg\" \/>\n<meta name=\"twitter:card\" content=\"summary_large_image\" \/>\n<meta name=\"twitter:label1\" content=\"Est. tempo de leitura\" \/>\n\t<meta name=\"twitter:data1\" content=\"7 minutos\" \/>\n<script type=\"application\/ld+json\" class=\"yoast-schema-graph\">{\"@context\":\"https:\\\/\\\/schema.org\",\"@graph\":[{\"@type\":\"WebPage\",\"@id\":\"https:\\\/\\\/gloriadeus.com\\\/home\\\/deus-esta-contigo-na-tempestade\\\/\",\"url\":\"https:\\\/\\\/gloriadeus.com\\\/home\\\/deus-esta-contigo-na-tempestade\\\/\",\"name\":\"Deus est\u00e1 contigo na tempestade - Gl\u00f3ria Deus\",\"isPartOf\":{\"@id\":\"https:\\\/\\\/gloriadeus.com\\\/home\\\/#website\"},\"primaryImageOfPage\":{\"@id\":\"https:\\\/\\\/gloriadeus.com\\\/home\\\/deus-esta-contigo-na-tempestade\\\/#primaryimage\"},\"image\":{\"@id\":\"https:\\\/\\\/gloriadeus.com\\\/home\\\/deus-esta-contigo-na-tempestade\\\/#primaryimage\"},\"thumbnailUrl\":\"https:\\\/\\\/gloriadeus.com\\\/wp-content\\\/uploads\\\/2025\\\/03\\\/250217AMDIMG-9-1.jpg\",\"datePublished\":\"2026-01-16T18:51:25+00:00\",\"dateModified\":\"2026-02-06T08:42:31+00:00\",\"breadcrumb\":{\"@id\":\"https:\\\/\\\/gloriadeus.com\\\/home\\\/deus-esta-contigo-na-tempestade\\\/#breadcrumb\"},\"inLanguage\":\"pt-BR\",\"potentialAction\":[{\"@type\":\"ReadAction\",\"target\":[\"https:\\\/\\\/gloriadeus.com\\\/home\\\/deus-esta-contigo-na-tempestade\\\/\"]}]},{\"@type\":\"ImageObject\",\"inLanguage\":\"pt-BR\",\"@id\":\"https:\\\/\\\/gloriadeus.com\\\/home\\\/deus-esta-contigo-na-tempestade\\\/#primaryimage\",\"url\":\"https:\\\/\\\/gloriadeus.com\\\/wp-content\\\/uploads\\\/2025\\\/03\\\/250217AMDIMG-9-1.jpg\",\"contentUrl\":\"https:\\\/\\\/gloriadeus.com\\\/wp-content\\\/uploads\\\/2025\\\/03\\\/250217AMDIMG-9-1.jpg\",\"width\":1125,\"height\":984,\"caption\":\"Deus est\u00e1 contigo na tempestade\"},{\"@type\":\"BreadcrumbList\",\"@id\":\"https:\\\/\\\/gloriadeus.com\\\/home\\\/deus-esta-contigo-na-tempestade\\\/#breadcrumb\",\"itemListElement\":[{\"@type\":\"ListItem\",\"position\":1,\"name\":\"In\u00edcio\",\"item\":\"https:\\\/\\\/gloriadeus.com\\\/home\\\/\"},{\"@type\":\"ListItem\",\"position\":2,\"name\":\"Deus est\u00e1 contigo na tempestade\"}]},{\"@type\":\"WebSite\",\"@id\":\"https:\\\/\\\/gloriadeus.com\\\/home\\\/#website\",\"url\":\"https:\\\/\\\/gloriadeus.com\\\/home\\\/\",\"name\":\"Gloria Deus\",\"description\":\"\u21a8 Deslize para descobrir mais \u21a8\",\"publisher\":{\"@id\":\"https:\\\/\\\/gloriadeus.com\\\/home\\\/#\\\/schema\\\/person\\\/ab2365ca8f87ea38e53ba3c2275e65c4\"},\"alternateName\":\"Muita f\u00e9\",\"potentialAction\":[{\"@type\":\"SearchAction\",\"target\":{\"@type\":\"EntryPoint\",\"urlTemplate\":\"https:\\\/\\\/gloriadeus.com\\\/home\\\/?s={search_term_string}\"},\"query-input\":{\"@type\":\"PropertyValueSpecification\",\"valueRequired\":true,\"valueName\":\"search_term_string\"}}],\"inLanguage\":\"pt-BR\"},{\"@type\":[\"Person\",\"Organization\"],\"@id\":\"https:\\\/\\\/gloriadeus.com\\\/home\\\/#\\\/schema\\\/person\\\/ab2365ca8f87ea38e53ba3c2275e65c4\",\"name\":\"gloriadeus.com\",\"image\":{\"@type\":\"ImageObject\",\"inLanguage\":\"pt-BR\",\"@id\":\"https:\\\/\\\/gloriadeus.com\\\/wp-content\\\/uploads\\\/2024\\\/03\\\/230525DDPNG-21.png\",\"url\":\"https:\\\/\\\/gloriadeus.com\\\/wp-content\\\/uploads\\\/2024\\\/03\\\/230525DDPNG-21.png\",\"contentUrl\":\"https:\\\/\\\/gloriadeus.com\\\/wp-content\\\/uploads\\\/2024\\\/03\\\/230525DDPNG-21.png\",\"width\":220,\"height\":230,\"caption\":\"gloriadeus.com\"},\"logo\":{\"@id\":\"https:\\\/\\\/gloriadeus.com\\\/wp-content\\\/uploads\\\/2024\\\/03\\\/230525DDPNG-21.png\"},\"sameAs\":[\"https:\\\/\\\/gloriadeus.com\"]}]}<\/script>\n<!-- \/ Yoast SEO plugin. -->","yoast_head_json":{"title":"Deus est\u00e1 contigo na tempestade - Gl\u00f3ria Deus","robots":{"index":"index","follow":"follow","max-snippet":"max-snippet:-1","max-image-preview":"max-image-preview:large","max-video-preview":"max-video-preview:-1"},"canonical":"https:\/\/gloriadeus.com\/home\/deus-esta-contigo-na-tempestade\/","og_locale":"pt_BR","og_type":"article","og_title":"Deus est\u00e1 contigo na tempestade - Gl\u00f3ria Deus","og_description":"Em meio \u00e0s tempestades da vida, quando as nuvens cinzentas do desespero amea\u00e7am encobrir a luz da esperan\u00e7a e os &hellip;","og_url":"https:\/\/gloriadeus.com\/home\/deus-esta-contigo-na-tempestade\/","og_site_name":"Gl\u00f3ria Deus","article_modified_time":"2026-02-06T08:42:31+00:00","og_image":[{"width":1125,"height":984,"url":"https:\/\/gloriadeus.com\/wp-content\/uploads\/2025\/03\/250217AMDIMG-9-1.jpg","type":"image\/jpeg"}],"twitter_card":"summary_large_image","twitter_misc":{"Est. tempo de leitura":"7 minutos"},"schema":{"@context":"https:\/\/schema.org","@graph":[{"@type":"WebPage","@id":"https:\/\/gloriadeus.com\/home\/deus-esta-contigo-na-tempestade\/","url":"https:\/\/gloriadeus.com\/home\/deus-esta-contigo-na-tempestade\/","name":"Deus est\u00e1 contigo na tempestade - Gl\u00f3ria Deus","isPartOf":{"@id":"https:\/\/gloriadeus.com\/home\/#website"},"primaryImageOfPage":{"@id":"https:\/\/gloriadeus.com\/home\/deus-esta-contigo-na-tempestade\/#primaryimage"},"image":{"@id":"https:\/\/gloriadeus.com\/home\/deus-esta-contigo-na-tempestade\/#primaryimage"},"thumbnailUrl":"https:\/\/gloriadeus.com\/wp-content\/uploads\/2025\/03\/250217AMDIMG-9-1.jpg","datePublished":"2026-01-16T18:51:25+00:00","dateModified":"2026-02-06T08:42:31+00:00","breadcrumb":{"@id":"https:\/\/gloriadeus.com\/home\/deus-esta-contigo-na-tempestade\/#breadcrumb"},"inLanguage":"pt-BR","potentialAction":[{"@type":"ReadAction","target":["https:\/\/gloriadeus.com\/home\/deus-esta-contigo-na-tempestade\/"]}]},{"@type":"ImageObject","inLanguage":"pt-BR","@id":"https:\/\/gloriadeus.com\/home\/deus-esta-contigo-na-tempestade\/#primaryimage","url":"https:\/\/gloriadeus.com\/wp-content\/uploads\/2025\/03\/250217AMDIMG-9-1.jpg","contentUrl":"https:\/\/gloriadeus.com\/wp-content\/uploads\/2025\/03\/250217AMDIMG-9-1.jpg","width":1125,"height":984,"caption":"Deus est\u00e1 contigo na tempestade"},{"@type":"BreadcrumbList","@id":"https:\/\/gloriadeus.com\/home\/deus-esta-contigo-na-tempestade\/#breadcrumb","itemListElement":[{"@type":"ListItem","position":1,"name":"In\u00edcio","item":"https:\/\/gloriadeus.com\/home\/"},{"@type":"ListItem","position":2,"name":"Deus est\u00e1 contigo na tempestade"}]},{"@type":"WebSite","@id":"https:\/\/gloriadeus.com\/home\/#website","url":"https:\/\/gloriadeus.com\/home\/","name":"Gloria Deus","description":"\u21a8 Deslize para descobrir mais \u21a8","publisher":{"@id":"https:\/\/gloriadeus.com\/home\/#\/schema\/person\/ab2365ca8f87ea38e53ba3c2275e65c4"},"alternateName":"Muita f\u00e9","potentialAction":[{"@type":"SearchAction","target":{"@type":"EntryPoint","urlTemplate":"https:\/\/gloriadeus.com\/home\/?s={search_term_string}"},"query-input":{"@type":"PropertyValueSpecification","valueRequired":true,"valueName":"search_term_string"}}],"inLanguage":"pt-BR"},{"@type":["Person","Organization"],"@id":"https:\/\/gloriadeus.com\/home\/#\/schema\/person\/ab2365ca8f87ea38e53ba3c2275e65c4","name":"gloriadeus.com","image":{"@type":"ImageObject","inLanguage":"pt-BR","@id":"https:\/\/gloriadeus.com\/wp-content\/uploads\/2024\/03\/230525DDPNG-21.png","url":"https:\/\/gloriadeus.com\/wp-content\/uploads\/2024\/03\/230525DDPNG-21.png","contentUrl":"https:\/\/gloriadeus.com\/wp-content\/uploads\/2024\/03\/230525DDPNG-21.png","width":220,"height":230,"caption":"gloriadeus.com"},"logo":{"@id":"https:\/\/gloriadeus.com\/wp-content\/uploads\/2024\/03\/230525DDPNG-21.png"},"sameAs":["https:\/\/gloriadeus.com"]}]}},"_links":{"self":[{"href":"https:\/\/gloriadeus.com\/home\/wp-json\/wp\/v2\/pages\/5608","targetHints":{"allow":["GET"]}}],"collection":[{"href":"https:\/\/gloriadeus.com\/home\/wp-json\/wp\/v2\/pages"}],"about":[{"href":"https:\/\/gloriadeus.com\/home\/wp-json\/wp\/v2\/types\/page"}],"author":[{"embeddable":true,"href":"https:\/\/gloriadeus.com\/home\/wp-json\/wp\/v2\/users\/1"}],"replies":[{"embeddable":true,"href":"https:\/\/gloriadeus.com\/home\/wp-json\/wp\/v2\/comments?post=5608"}],"version-history":[{"count":8,"href":"https:\/\/gloriadeus.com\/home\/wp-json\/wp\/v2\/pages\/5608\/revisions"}],"predecessor-version":[{"id":10390,"href":"https:\/\/gloriadeus.com\/home\/wp-json\/wp\/v2\/pages\/5608\/revisions\/10390"}],"wp:featuredmedia":[{"embeddable":true,"href":"https:\/\/gloriadeus.com\/home\/wp-json\/wp\/v2\/media\/5604"}],"wp:attachment":[{"href":"https:\/\/gloriadeus.com\/home\/wp-json\/wp\/v2\/media?parent=5608"}],"curies":[{"name":"wp","href":"https:\/\/api.w.org\/{rel}","templated":true}]}}