{"id":5575,"date":"2026-01-17T03:16:00","date_gmt":"2026-01-17T06:16:00","guid":{"rendered":"https:\/\/gloriadeus.com\/?page_id=5575"},"modified":"2026-02-07T15:15:27","modified_gmt":"2026-02-07T18:15:27","slug":"a-nova-semana-chega-com-novas-oportunidades","status":"publish","type":"page","link":"https:\/\/gloriadeus.com\/home\/a-nova-semana-chega-com-novas-oportunidades\/","title":{"rendered":"A nova semana chega com novas oportunidades"},"content":{"rendered":"<!-- subtitulo, palavra, paragrafo ok --> \r\n\r\n<figure data-wp-context=\"{&quot;imageId&quot;:&quot;69fa2263a24be&quot;}\" data-wp-interactive=\"core\/image\" data-wp-key=\"69fa2263a24be\" class=\"wp-block-image size-large is-resized wp-lightbox-container\"><img loading=\"lazy\" decoding=\"async\" width=\"564\" height=\"564\" data-wp-class--hide=\"state.isContentHidden\" data-wp-class--show=\"state.isContentVisible\" data-wp-init=\"callbacks.setButtonStyles\" data-wp-on--click=\"actions.showLightbox\" data-wp-on--load=\"callbacks.setButtonStyles\" data-wp-on-window--resize=\"callbacks.setButtonStyles\" class=\"wp-image-5582\" style=\"width: 333px; height: auto;\" src=\"https:\/\/gloriadeus.com\/wp-content\/uploads\/2025\/03\/250217AMDIMG-26.jpg\" alt=\"A nova semana chega com novas oportunidades\" srcset=\"https:\/\/gloriadeus.com\/wp-content\/uploads\/2025\/03\/250217AMDIMG-26.jpg 564w, https:\/\/gloriadeus.com\/wp-content\/uploads\/2025\/03\/250217AMDIMG-26-300x300.jpg 300w, https:\/\/gloriadeus.com\/wp-content\/uploads\/2025\/03\/250217AMDIMG-26-150x150.jpg 150w\" sizes=\"auto, (max-width: 564px) 100vw, 564px\" \/><button\n\t\t\tclass=\"lightbox-trigger\"\n\t\t\ttype=\"button\"\n\t\t\taria-haspopup=\"dialog\"\n\t\t\taria-label=\"Ampliar\"\n\t\t\tdata-wp-init=\"callbacks.initTriggerButton\"\n\t\t\tdata-wp-on--click=\"actions.showLightbox\"\n\t\t\tdata-wp-style--right=\"state.imageButtonRight\"\n\t\t\tdata-wp-style--top=\"state.imageButtonTop\"\n\t\t>\n\t\t\t<svg xmlns=\"http:\/\/www.w3.org\/2000\/svg\" width=\"12\" height=\"12\" fill=\"none\" viewBox=\"0 0 12 12\">\n\t\t\t\t<path fill=\"#fff\" d=\"M2 0a2 2 0 0 0-2 2v2h1.5V2a.5.5 0 0 1 .5-.5h2V0H2Zm2 10.5H2a.5.5 0 0 1-.5-.5V8H0v2a2 2 0 0 0 2 2h2v-1.5ZM8 12v-1.5h2a.5.5 0 0 0 .5-.5V8H12v2a2 2 0 0 1-2 2H8Zm2-12a2 2 0 0 1 2 2v2h-1.5V2a.5.5 0 0 0-.5-.5H8V0h2Z\" \/>\n\t\t\t<\/svg>\n\t\t<\/button><\/figure>\r\n\r\n\r\n\r\n<p>A nova semana que se inicia \u00e9 como uma tela em branco, esperando por pinceladas de cores vibrantes que representam nossos sonhos, aspira\u00e7\u00f5es e possibilidades, \u00e9 um convite \u00e0 renova\u00e7\u00e3o, onde cada dia \u00e9 uma chance de reescrever a nossa hist\u00f3ria.\u00a0<\/p>\r\n<h2>Boa semana com determina\u00e7\u00e3o\u00a0<\/h2>\r\n<p>Com determina\u00e7\u00e3o, podemos transformar at\u00e9 os desafios mais \u00e1rduos em degraus rumo ao crescimento pessoal e profissional, ao olharmos para os sete dias que se avizinham, devemos nos lembrar de que cada manh\u00e3 \u00e9 um novo cap\u00edtulo cheio de oportunidades, repleto de chances para implementar mudan\u00e7as significativas.<\/p>\r\n<p>Seja no \u00e2mbito da nossa vida pessoal, ao dedicar um tempo para n\u00f3s mesmos, refletindo sobre nossas conquistas e aprendizados at\u00e9 aqui, ou no campo profissional, em que se abrem portas para novas parcerias, projetos e at\u00e9 mesmo a realiza\u00e7\u00e3o de acontecimentos que estavam apenas na esfera dos sonhos.<\/p>\r\n\r\n\r\n\r\n<figure data-wp-context=\"{&quot;imageId&quot;:&quot;69fa2263a2810&quot;}\" data-wp-interactive=\"core\/image\" data-wp-key=\"69fa2263a2810\" class=\"wp-block-image size-large is-resized wp-lightbox-container\"><img loading=\"lazy\" decoding=\"async\" width=\"564\" height=\"564\" data-wp-class--hide=\"state.isContentHidden\" data-wp-class--show=\"state.isContentVisible\" data-wp-init=\"callbacks.setButtonStyles\" data-wp-on--click=\"actions.showLightbox\" data-wp-on--load=\"callbacks.setButtonStyles\" data-wp-on-window--resize=\"callbacks.setButtonStyles\" class=\"wp-image-5595\" style=\"width: 330px; height: auto;\" src=\"https:\/\/gloriadeus.com\/wp-content\/uploads\/2025\/03\/250217AMDIMG-10.jpg\" alt=\"A nova semana chega com novas oportunidades\" srcset=\"https:\/\/gloriadeus.com\/wp-content\/uploads\/2025\/03\/250217AMDIMG-10.jpg 564w, https:\/\/gloriadeus.com\/wp-content\/uploads\/2025\/03\/250217AMDIMG-10-300x300.jpg 300w, https:\/\/gloriadeus.com\/wp-content\/uploads\/2025\/03\/250217AMDIMG-10-150x150.jpg 150w\" sizes=\"auto, (max-width: 564px) 100vw, 564px\" \/><button\n\t\t\tclass=\"lightbox-trigger\"\n\t\t\ttype=\"button\"\n\t\t\taria-haspopup=\"dialog\"\n\t\t\taria-label=\"Ampliar\"\n\t\t\tdata-wp-init=\"callbacks.initTriggerButton\"\n\t\t\tdata-wp-on--click=\"actions.showLightbox\"\n\t\t\tdata-wp-style--right=\"state.imageButtonRight\"\n\t\t\tdata-wp-style--top=\"state.imageButtonTop\"\n\t\t>\n\t\t\t<svg xmlns=\"http:\/\/www.w3.org\/2000\/svg\" width=\"12\" height=\"12\" fill=\"none\" viewBox=\"0 0 12 12\">\n\t\t\t\t<path fill=\"#fff\" d=\"M2 0a2 2 0 0 0-2 2v2h1.5V2a.5.5 0 0 1 .5-.5h2V0H2Zm2 10.5H2a.5.5 0 0 1-.5-.5V8H0v2a2 2 0 0 0 2 2h2v-1.5ZM8 12v-1.5h2a.5.5 0 0 0 .5-.5V8H12v2a2 2 0 0 1-2 2H8Zm2-12a2 2 0 0 1 2 2v2h-1.5V2a.5.5 0 0 0-.5-.5H8V0h2Z\" \/>\n\t\t\t<\/svg>\n\t\t<\/button>\u00a0<\/figure>\r\n\r\n\r\n\r\n\r\n\r\n<p>Est\u00e1 na \u00e9 a hora de tomar as r\u00e9deas do nosso destino, mesmo que o caminho pare\u00e7a incerto e repleto de obst\u00e1culos, pois \u00e9 exatamente nesses momentos que a criatividade e a resili\u00eancia se tornam nossas melhores aliadas, podemos encarar a semana como um fabuloso mosaico.\u00a0<\/p>\r\n<h2>A semana vem cheia de novas possibilidades\u00a0<\/h2>\r\n<p>Cada dia traz a possibilidade de uma nova pe\u00e7a que, ao ser encaixada, formar\u00e1 um conjunto harmonioso que refletir\u00e1 as nossas viv\u00eancias e conquistas, que tal aproveitar essa nova jornada para explorar talentos que desconhec\u00edamos?<\/p>\r\n<p>Quem sabe essa seja a semana em que finalmente decidimos nos inscrever naquele curso que sempre nos intrigou ou em que encontramos coragem para compartilhar nossas ideias inovadoras com colegas e amigos, promovendo colabora\u00e7\u00f5es que poderiam render resultados inimagin\u00e1veis.<\/p>\r\n\r\n\r\n\r\n<figure data-wp-context=\"{&quot;imageId&quot;:&quot;69fa2263a2b1e&quot;}\" data-wp-interactive=\"core\/image\" data-wp-key=\"69fa2263a2b1e\" class=\"wp-block-image size-large is-resized wp-lightbox-container\"><img loading=\"lazy\" decoding=\"async\" width=\"274\" height=\"396\" data-wp-class--hide=\"state.isContentHidden\" data-wp-class--show=\"state.isContentVisible\" data-wp-init=\"callbacks.setButtonStyles\" data-wp-on--click=\"actions.showLightbox\" data-wp-on--load=\"callbacks.setButtonStyles\" data-wp-on-window--resize=\"callbacks.setButtonStyles\" class=\"wp-image-5580\" style=\"width: 199px; height: auto;\" src=\"https:\/\/gloriadeus.com\/wp-content\/uploads\/2025\/03\/250217AMDIMG-14.jpg\" alt=\"A nova semana chega com novas oportunidades\" srcset=\"https:\/\/gloriadeus.com\/wp-content\/uploads\/2025\/03\/250217AMDIMG-14.jpg 274w, https:\/\/gloriadeus.com\/wp-content\/uploads\/2025\/03\/250217AMDIMG-14-208x300.jpg 208w\" sizes=\"auto, (max-width: 274px) 100vw, 274px\" \/><button\n\t\t\tclass=\"lightbox-trigger\"\n\t\t\ttype=\"button\"\n\t\t\taria-haspopup=\"dialog\"\n\t\t\taria-label=\"Ampliar\"\n\t\t\tdata-wp-init=\"callbacks.initTriggerButton\"\n\t\t\tdata-wp-on--click=\"actions.showLightbox\"\n\t\t\tdata-wp-style--right=\"state.imageButtonRight\"\n\t\t\tdata-wp-style--top=\"state.imageButtonTop\"\n\t\t>\n\t\t\t<svg xmlns=\"http:\/\/www.w3.org\/2000\/svg\" width=\"12\" height=\"12\" fill=\"none\" viewBox=\"0 0 12 12\">\n\t\t\t\t<path fill=\"#fff\" d=\"M2 0a2 2 0 0 0-2 2v2h1.5V2a.5.5 0 0 1 .5-.5h2V0H2Zm2 10.5H2a.5.5 0 0 1-.5-.5V8H0v2a2 2 0 0 0 2 2h2v-1.5ZM8 12v-1.5h2a.5.5 0 0 0 .5-.5V8H12v2a2 2 0 0 1-2 2H8Zm2-12a2 2 0 0 1 2 2v2h-1.5V2a.5.5 0 0 0-.5-.5H8V0h2Z\" \/>\n\t\t\t<\/svg>\n\t\t<\/button>\u00a0<\/figure>\r\n\r\n\r\n\r\n\r\n\r\n<p>E se, ao inv\u00e9s de nos deixarmos levar pelo peso da rotina e pelas obriga\u00e7\u00f5es di\u00e1rias, opt\u00e1ssemos por abra\u00e7ar a curiosidade e a vontade de explorar, dedicando um tempo para pequenas aventuras que nos fa\u00e7am sair da zona de conforto, como visitar um lugar diferente na cidade, experimentar uma nova receita.\u00a0<\/p>\r\n<h2>Nesta semana \u00e9 tempo glorificar ao Senhor\u00a0<\/h2>\r\n<p>At\u00e9 mesmo conectar-se com algu\u00e9m que n\u00e3o vemos h\u00e1 tempos para reavivar la\u00e7os e trocar experi\u00eancias que possam nos enriquecer mutuamente, porque, em \u00faltima an\u00e1lise, cada dia que se inicia traz consigo a oportunidade de nos reenergizar, redefinir nossas metas e se reconectar com o que realmente importa.<\/p>\r\n<p>Permitindo-nos sonhar grande e acreditar que somos capazes de gerar mudan\u00e7as, tanto na nossa vida quanto na vida das pessoas ao nosso redor, imaginem o potencial que pode surgir de um simples gesto de bondade, como ajudar um colega com uma tarefa ou ouvir um amigo que est\u00e1 passando por dificuldades.\u00a0<\/p>\r\n<p><img loading=\"lazy\" decoding=\"async\" width=\"704\" height=\"960\" class=\"wp-image-5597\" style=\"width: 235px; height: auto;\" src=\"https:\/\/gloriadeus.com\/wp-content\/uploads\/2025\/03\/250217AMDIMG-11-1.jpg\" alt=\"A nova semana chega com novas oportunidades\" srcset=\"https:\/\/gloriadeus.com\/wp-content\/uploads\/2025\/03\/250217AMDIMG-11-1.jpg 704w, https:\/\/gloriadeus.com\/wp-content\/uploads\/2025\/03\/250217AMDIMG-11-1-220x300.jpg 220w\" sizes=\"auto, (max-width: 704px) 100vw, 704px\" \/>\u00a0<\/p>\r\n<p>Esses atos n\u00e3o apenas transformam o ambiente, mas tamb\u00e9m criam um ciclo de positividade que se expande e toca a vida de muitos, ao nos abrirmos para essas novas experi\u00eancias e oportunidades, podemos descobrir talentos ocultos, habilidades inesperadas e paix\u00f5es que antes nem sab\u00edamos que existiam dentro de n\u00f3s.\u00a0<\/p>\r\n<h2>Feliz semana se aprendizado\u00a0<\/h2>\r\n\r\n\r\n\r\n\r\n\r\n<p>Sabe-se que \u00e9 essencial lembrar que a vida \u00e9 um constante aprendizado e que cada intera\u00e7\u00e3o e cada passo dado nessa nova semana pode nos levar a lugares al\u00e9m da nossa imagina\u00e7\u00e3o, por isso, ao inv\u00e9s de olharmos para a rotina como um fardo, que tal enxerg\u00e1-la como uma chance de explorar, de tentar algo novo.<\/p>\r\n<p>Ao inv\u00e9s de nos estressarmos com prazos e compromissos, decid\u00edssemos abord\u00e1-los como oportunidades de crescimento, onde cada conclus\u00e3o traz consigo a satisfa\u00e7\u00e3o de um objetivo alcan\u00e7ado e cada erro se transforma em um aprendizado valioso que nos fortalece e nos prepara para desafios ainda maiores?\u00a0<\/p>\r\n<p><img loading=\"lazy\" decoding=\"async\" width=\"299\" height=\"329\" class=\"wp-image-5578\" style=\"width: 279px; height: auto;\" src=\"https:\/\/gloriadeus.com\/wp-content\/uploads\/2025\/03\/250217AMDIMG-18.jpg\" alt=\"A nova semana chega com novas oportunidades\" srcset=\"https:\/\/gloriadeus.com\/wp-content\/uploads\/2025\/03\/250217AMDIMG-18.jpg 299w, https:\/\/gloriadeus.com\/wp-content\/uploads\/2025\/03\/250217AMDIMG-18-273x300.jpg 273w\" sizes=\"auto, (max-width: 299px) 100vw, 299px\" \/>\u00a0<\/p>\r\n<p>Acreditemos que, conforme a semana avan\u00e7a, n\u00f3s temos o poder de influenciar nossa pr\u00f3pria trajet\u00f3ria, criando redes de apoio e colabora\u00e7\u00e3o com aqueles que est\u00e3o ao nosso redor.\u00a0\u00a0<\/p>\r\n<h2>Uma semana para mostrar sua capacidade\u00a0<\/h2>\r\n<p>Que essa semana seja uma jornada repleta de descobertas, de trocas significativas e de um renovado vigor que nos impulsione a avan\u00e7ar sempre mais, com a certeza de que cada passo conta e que, independentemente dos desafios que possam surgir, temos a capacidade de super\u00e1-los e de fazer dessa nova semana uma grande oportunidade de crescimento pessoal.\u00a0<\/p>\r\n\r\n\r\n\r\n\r\n\r\n\r\n\r\n<p>Ao encorajarmos uns aos outros, estamos n\u00e3o apenas melhorando nosso pr\u00f3prio ambiente, mas tamb\u00e9m cultivando um esp\u00edrito comunit\u00e1rio que faz com que todos n\u00f3s nos sintamos mais conectados e motivados a alcan\u00e7ar nossos objetivos.\u00a0<\/p>\r\n<p><img loading=\"lazy\" decoding=\"async\" width=\"720\" height=\"907\" class=\"wp-image-5606\" style=\"width: 325px; height: auto;\" src=\"https:\/\/gloriadeus.com\/wp-content\/uploads\/2025\/03\/250217AMDIMG-28-1.jpg\" alt=\"A nova semana chega com novas oportunidades\" srcset=\"https:\/\/gloriadeus.com\/wp-content\/uploads\/2025\/03\/250217AMDIMG-28-1.jpg 720w, https:\/\/gloriadeus.com\/wp-content\/uploads\/2025\/03\/250217AMDIMG-28-1-238x300.jpg 238w\" sizes=\"auto, (max-width: 720px) 100vw, 720px\" \/>\u00a0<\/p>\r\n<p>Ao final de cada dia, possamos refletir sobre nossas pequenas vit\u00f3rias e os aprendizados que adquirimos, celebrando n\u00e3o apenas nossas conquistas, mas tamb\u00e9m as li\u00e7\u00f5es que nos moldam e nos tornam mais fortes.\u00a0<\/p>\r\n<h2>\u00d3tima semana de novas boas conquistas\u00a0<\/h2>\r\n\r\n\r\n\r\n\r\n\r\n\r\n\r\n\r\n\r\n\r\n\r\n\r\n\r\n<p>Entendemos que ao olharmos para o horizonte desses pr\u00f3ximos dias, que possamos nos lembrar de que somos os artistas de nossas vidas, e que cabe a n\u00f3s escolher as cores que v\u00e3o preencher essa nova tela, criando uma obra-prima que represente n\u00e3o apenas o que j\u00e1 conquistamos.<\/p>\r\n<p>Tudo o que ainda podemos alcan\u00e7ar, sem medo de sonhar ou de agir, afinal, a beleza est\u00e1 na jornada e em como escolhemos aproveitar cada momento dessa emocionante experi\u00eancia chamada vida.\u00a0<\/p>\r\n<p>Pode que voc\u00ea goste de conferir tamb\u00e9m:<\/p>\r\n<p>\r\n\r\n<\/p>\r\n<p>\u2192 <a href=\"https:\/\/gloriadeus.com\/home\/vamos-sorrir-a-semana-inteira\/\"><span style=\"text-decoration: underline;\"><em>Vamos sorrir a semana inteira<\/em><\/span><\/a><\/p>\r\n<p>\r\n\r\n<\/p>\r\n<p>Nota: Ao perceber qualquer sinal de mal estar, busque uma ajuda profissional, de prefer\u00eancia m\u00e9dica e qualificada quando preferir, para assim evitar futuros problemas.<\/p>\r\n","protected":false},"excerpt":{"rendered":"<p>A nova semana que se inicia \u00e9 como uma tela em branco, esperando por pinceladas de cores vibrantes que representam &hellip; <\/p>\n","protected":false},"author":1,"featured_media":5582,"parent":0,"menu_order":0,"comment_status":"closed","ping_status":"closed","template":"","meta":{"_uf_show_specific_survey":0,"_uf_disable_surveys":false,"footnotes":""},"class_list":["post-5575","page","type-page","status-publish","has-post-thumbnail","hentry"],"yoast_head":"<!-- This site is optimized with the Yoast SEO plugin v27.5 - https:\/\/yoast.com\/product\/yoast-seo-wordpress\/ -->\n<title>A nova semana chega com novas oportunidades - Gl\u00f3ria Deus<\/title>\n<meta name=\"robots\" content=\"index, follow, max-snippet:-1, max-image-preview:large, max-video-preview:-1\" \/>\n<link rel=\"canonical\" href=\"https:\/\/gloriadeus.com\/home\/a-nova-semana-chega-com-novas-oportunidades\/\" \/>\n<meta property=\"og:locale\" content=\"pt_BR\" \/>\n<meta property=\"og:type\" content=\"article\" \/>\n<meta property=\"og:title\" content=\"A nova semana chega com novas oportunidades - Gl\u00f3ria Deus\" \/>\n<meta property=\"og:description\" content=\"A nova semana que se inicia \u00e9 como uma tela em branco, esperando por pinceladas de cores vibrantes que representam &hellip;\" \/>\n<meta property=\"og:url\" content=\"https:\/\/gloriadeus.com\/home\/a-nova-semana-chega-com-novas-oportunidades\/\" \/>\n<meta property=\"og:site_name\" content=\"Gl\u00f3ria Deus\" \/>\n<meta property=\"article:modified_time\" content=\"2026-02-07T18:15:27+00:00\" \/>\n<meta property=\"og:image\" content=\"https:\/\/gloriadeus.com\/wp-content\/uploads\/2025\/03\/250217AMDIMG-26.jpg\" \/>\n\t<meta property=\"og:image:width\" content=\"564\" \/>\n\t<meta property=\"og:image:height\" content=\"564\" \/>\n\t<meta property=\"og:image:type\" content=\"image\/jpeg\" \/>\n<meta name=\"twitter:card\" content=\"summary_large_image\" \/>\n<meta name=\"twitter:label1\" content=\"Est. tempo de leitura\" \/>\n\t<meta name=\"twitter:data1\" content=\"7 minutos\" \/>\n<script type=\"application\/ld+json\" class=\"yoast-schema-graph\">{\"@context\":\"https:\\\/\\\/schema.org\",\"@graph\":[{\"@type\":\"WebPage\",\"@id\":\"https:\\\/\\\/gloriadeus.com\\\/home\\\/a-nova-semana-chega-com-novas-oportunidades\\\/\",\"url\":\"https:\\\/\\\/gloriadeus.com\\\/home\\\/a-nova-semana-chega-com-novas-oportunidades\\\/\",\"name\":\"A nova semana chega com novas oportunidades - Gl\u00f3ria Deus\",\"isPartOf\":{\"@id\":\"https:\\\/\\\/gloriadeus.com\\\/home\\\/#website\"},\"primaryImageOfPage\":{\"@id\":\"https:\\\/\\\/gloriadeus.com\\\/home\\\/a-nova-semana-chega-com-novas-oportunidades\\\/#primaryimage\"},\"image\":{\"@id\":\"https:\\\/\\\/gloriadeus.com\\\/home\\\/a-nova-semana-chega-com-novas-oportunidades\\\/#primaryimage\"},\"thumbnailUrl\":\"https:\\\/\\\/gloriadeus.com\\\/wp-content\\\/uploads\\\/2025\\\/03\\\/250217AMDIMG-26.jpg\",\"datePublished\":\"2026-01-17T06:16:00+00:00\",\"dateModified\":\"2026-02-07T18:15:27+00:00\",\"breadcrumb\":{\"@id\":\"https:\\\/\\\/gloriadeus.com\\\/home\\\/a-nova-semana-chega-com-novas-oportunidades\\\/#breadcrumb\"},\"inLanguage\":\"pt-BR\",\"potentialAction\":[{\"@type\":\"ReadAction\",\"target\":[\"https:\\\/\\\/gloriadeus.com\\\/home\\\/a-nova-semana-chega-com-novas-oportunidades\\\/\"]}]},{\"@type\":\"ImageObject\",\"inLanguage\":\"pt-BR\",\"@id\":\"https:\\\/\\\/gloriadeus.com\\\/home\\\/a-nova-semana-chega-com-novas-oportunidades\\\/#primaryimage\",\"url\":\"https:\\\/\\\/gloriadeus.com\\\/wp-content\\\/uploads\\\/2025\\\/03\\\/250217AMDIMG-26.jpg\",\"contentUrl\":\"https:\\\/\\\/gloriadeus.com\\\/wp-content\\\/uploads\\\/2025\\\/03\\\/250217AMDIMG-26.jpg\",\"width\":564,\"height\":564,\"caption\":\"A nova semana chega com novas oportunidades\"},{\"@type\":\"BreadcrumbList\",\"@id\":\"https:\\\/\\\/gloriadeus.com\\\/home\\\/a-nova-semana-chega-com-novas-oportunidades\\\/#breadcrumb\",\"itemListElement\":[{\"@type\":\"ListItem\",\"position\":1,\"name\":\"In\u00edcio\",\"item\":\"https:\\\/\\\/gloriadeus.com\\\/home\\\/\"},{\"@type\":\"ListItem\",\"position\":2,\"name\":\"A nova semana chega com novas oportunidades\"}]},{\"@type\":\"WebSite\",\"@id\":\"https:\\\/\\\/gloriadeus.com\\\/home\\\/#website\",\"url\":\"https:\\\/\\\/gloriadeus.com\\\/home\\\/\",\"name\":\"Gloria Deus\",\"description\":\"\u21a8 Deslize para descobrir mais \u21a8\",\"publisher\":{\"@id\":\"https:\\\/\\\/gloriadeus.com\\\/home\\\/#\\\/schema\\\/person\\\/ab2365ca8f87ea38e53ba3c2275e65c4\"},\"alternateName\":\"Muita f\u00e9\",\"potentialAction\":[{\"@type\":\"SearchAction\",\"target\":{\"@type\":\"EntryPoint\",\"urlTemplate\":\"https:\\\/\\\/gloriadeus.com\\\/home\\\/?s={search_term_string}\"},\"query-input\":{\"@type\":\"PropertyValueSpecification\",\"valueRequired\":true,\"valueName\":\"search_term_string\"}}],\"inLanguage\":\"pt-BR\"},{\"@type\":[\"Person\",\"Organization\"],\"@id\":\"https:\\\/\\\/gloriadeus.com\\\/home\\\/#\\\/schema\\\/person\\\/ab2365ca8f87ea38e53ba3c2275e65c4\",\"name\":\"gloriadeus.com\",\"image\":{\"@type\":\"ImageObject\",\"inLanguage\":\"pt-BR\",\"@id\":\"https:\\\/\\\/gloriadeus.com\\\/wp-content\\\/uploads\\\/2024\\\/03\\\/230525DDPNG-21.png\",\"url\":\"https:\\\/\\\/gloriadeus.com\\\/wp-content\\\/uploads\\\/2024\\\/03\\\/230525DDPNG-21.png\",\"contentUrl\":\"https:\\\/\\\/gloriadeus.com\\\/wp-content\\\/uploads\\\/2024\\\/03\\\/230525DDPNG-21.png\",\"width\":220,\"height\":230,\"caption\":\"gloriadeus.com\"},\"logo\":{\"@id\":\"https:\\\/\\\/gloriadeus.com\\\/wp-content\\\/uploads\\\/2024\\\/03\\\/230525DDPNG-21.png\"},\"sameAs\":[\"https:\\\/\\\/gloriadeus.com\"]}]}<\/script>\n<!-- \/ Yoast SEO plugin. -->","yoast_head_json":{"title":"A nova semana chega com novas oportunidades - Gl\u00f3ria Deus","robots":{"index":"index","follow":"follow","max-snippet":"max-snippet:-1","max-image-preview":"max-image-preview:large","max-video-preview":"max-video-preview:-1"},"canonical":"https:\/\/gloriadeus.com\/home\/a-nova-semana-chega-com-novas-oportunidades\/","og_locale":"pt_BR","og_type":"article","og_title":"A nova semana chega com novas oportunidades - Gl\u00f3ria Deus","og_description":"A nova semana que se inicia \u00e9 como uma tela em branco, esperando por pinceladas de cores vibrantes que representam &hellip;","og_url":"https:\/\/gloriadeus.com\/home\/a-nova-semana-chega-com-novas-oportunidades\/","og_site_name":"Gl\u00f3ria Deus","article_modified_time":"2026-02-07T18:15:27+00:00","og_image":[{"width":564,"height":564,"url":"https:\/\/gloriadeus.com\/wp-content\/uploads\/2025\/03\/250217AMDIMG-26.jpg","type":"image\/jpeg"}],"twitter_card":"summary_large_image","twitter_misc":{"Est. tempo de leitura":"7 minutos"},"schema":{"@context":"https:\/\/schema.org","@graph":[{"@type":"WebPage","@id":"https:\/\/gloriadeus.com\/home\/a-nova-semana-chega-com-novas-oportunidades\/","url":"https:\/\/gloriadeus.com\/home\/a-nova-semana-chega-com-novas-oportunidades\/","name":"A nova semana chega com novas oportunidades - Gl\u00f3ria Deus","isPartOf":{"@id":"https:\/\/gloriadeus.com\/home\/#website"},"primaryImageOfPage":{"@id":"https:\/\/gloriadeus.com\/home\/a-nova-semana-chega-com-novas-oportunidades\/#primaryimage"},"image":{"@id":"https:\/\/gloriadeus.com\/home\/a-nova-semana-chega-com-novas-oportunidades\/#primaryimage"},"thumbnailUrl":"https:\/\/gloriadeus.com\/wp-content\/uploads\/2025\/03\/250217AMDIMG-26.jpg","datePublished":"2026-01-17T06:16:00+00:00","dateModified":"2026-02-07T18:15:27+00:00","breadcrumb":{"@id":"https:\/\/gloriadeus.com\/home\/a-nova-semana-chega-com-novas-oportunidades\/#breadcrumb"},"inLanguage":"pt-BR","potentialAction":[{"@type":"ReadAction","target":["https:\/\/gloriadeus.com\/home\/a-nova-semana-chega-com-novas-oportunidades\/"]}]},{"@type":"ImageObject","inLanguage":"pt-BR","@id":"https:\/\/gloriadeus.com\/home\/a-nova-semana-chega-com-novas-oportunidades\/#primaryimage","url":"https:\/\/gloriadeus.com\/wp-content\/uploads\/2025\/03\/250217AMDIMG-26.jpg","contentUrl":"https:\/\/gloriadeus.com\/wp-content\/uploads\/2025\/03\/250217AMDIMG-26.jpg","width":564,"height":564,"caption":"A nova semana chega com novas oportunidades"},{"@type":"BreadcrumbList","@id":"https:\/\/gloriadeus.com\/home\/a-nova-semana-chega-com-novas-oportunidades\/#breadcrumb","itemListElement":[{"@type":"ListItem","position":1,"name":"In\u00edcio","item":"https:\/\/gloriadeus.com\/home\/"},{"@type":"ListItem","position":2,"name":"A nova semana chega com novas oportunidades"}]},{"@type":"WebSite","@id":"https:\/\/gloriadeus.com\/home\/#website","url":"https:\/\/gloriadeus.com\/home\/","name":"Gloria Deus","description":"\u21a8 Deslize para descobrir mais \u21a8","publisher":{"@id":"https:\/\/gloriadeus.com\/home\/#\/schema\/person\/ab2365ca8f87ea38e53ba3c2275e65c4"},"alternateName":"Muita f\u00e9","potentialAction":[{"@type":"SearchAction","target":{"@type":"EntryPoint","urlTemplate":"https:\/\/gloriadeus.com\/home\/?s={search_term_string}"},"query-input":{"@type":"PropertyValueSpecification","valueRequired":true,"valueName":"search_term_string"}}],"inLanguage":"pt-BR"},{"@type":["Person","Organization"],"@id":"https:\/\/gloriadeus.com\/home\/#\/schema\/person\/ab2365ca8f87ea38e53ba3c2275e65c4","name":"gloriadeus.com","image":{"@type":"ImageObject","inLanguage":"pt-BR","@id":"https:\/\/gloriadeus.com\/wp-content\/uploads\/2024\/03\/230525DDPNG-21.png","url":"https:\/\/gloriadeus.com\/wp-content\/uploads\/2024\/03\/230525DDPNG-21.png","contentUrl":"https:\/\/gloriadeus.com\/wp-content\/uploads\/2024\/03\/230525DDPNG-21.png","width":220,"height":230,"caption":"gloriadeus.com"},"logo":{"@id":"https:\/\/gloriadeus.com\/wp-content\/uploads\/2024\/03\/230525DDPNG-21.png"},"sameAs":["https:\/\/gloriadeus.com"]}]}},"_links":{"self":[{"href":"https:\/\/gloriadeus.com\/home\/wp-json\/wp\/v2\/pages\/5575","targetHints":{"allow":["GET"]}}],"collection":[{"href":"https:\/\/gloriadeus.com\/home\/wp-json\/wp\/v2\/pages"}],"about":[{"href":"https:\/\/gloriadeus.com\/home\/wp-json\/wp\/v2\/types\/page"}],"author":[{"embeddable":true,"href":"https:\/\/gloriadeus.com\/home\/wp-json\/wp\/v2\/users\/1"}],"replies":[{"embeddable":true,"href":"https:\/\/gloriadeus.com\/home\/wp-json\/wp\/v2\/comments?post=5575"}],"version-history":[{"count":7,"href":"https:\/\/gloriadeus.com\/home\/wp-json\/wp\/v2\/pages\/5575\/revisions"}],"predecessor-version":[{"id":10444,"href":"https:\/\/gloriadeus.com\/home\/wp-json\/wp\/v2\/pages\/5575\/revisions\/10444"}],"wp:featuredmedia":[{"embeddable":true,"href":"https:\/\/gloriadeus.com\/home\/wp-json\/wp\/v2\/media\/5582"}],"wp:attachment":[{"href":"https:\/\/gloriadeus.com\/home\/wp-json\/wp\/v2\/media?parent=5575"}],"curies":[{"name":"wp","href":"https:\/\/api.w.org\/{rel}","templated":true}]}}