{"id":5570,"date":"2026-01-15T17:43:04","date_gmt":"2026-01-15T20:43:04","guid":{"rendered":"https:\/\/gloriadeus.com\/?page_id=5570"},"modified":"2026-02-07T13:51:18","modified_gmt":"2026-02-07T16:51:18","slug":"boa-semana-de-skatista","status":"publish","type":"page","link":"https:\/\/gloriadeus.com\/home\/boa-semana-de-skatista\/","title":{"rendered":"Boa semana de skatista"},"content":{"rendered":"<!-- subtitulo, palavra, paragrafo ok --> \r\n\r\n<figure data-wp-context=\"{&quot;imageId&quot;:&quot;69fa17bc58055&quot;}\" data-wp-interactive=\"core\/image\" data-wp-key=\"69fa17bc58055\" class=\"wp-block-image size-large is-resized wp-lightbox-container\"><img loading=\"lazy\" decoding=\"async\" width=\"320\" height=\"320\" data-wp-class--hide=\"state.isContentHidden\" data-wp-class--show=\"state.isContentVisible\" data-wp-init=\"callbacks.setButtonStyles\" data-wp-on--click=\"actions.showLightbox\" data-wp-on--load=\"callbacks.setButtonStyles\" data-wp-on-window--resize=\"callbacks.setButtonStyles\" class=\"wp-image-5559\" style=\"width: 301px; height: auto;\" src=\"https:\/\/gloriadeus.com\/wp-content\/uploads\/2025\/03\/200304PBNSIMG-96.jpg\" alt=\"Boa semana de skatista\" srcset=\"https:\/\/gloriadeus.com\/wp-content\/uploads\/2025\/03\/200304PBNSIMG-96.jpg 320w, https:\/\/gloriadeus.com\/wp-content\/uploads\/2025\/03\/200304PBNSIMG-96-300x300.jpg 300w, https:\/\/gloriadeus.com\/wp-content\/uploads\/2025\/03\/200304PBNSIMG-96-150x150.jpg 150w\" sizes=\"auto, (max-width: 320px) 100vw, 320px\" \/><button\n\t\t\tclass=\"lightbox-trigger\"\n\t\t\ttype=\"button\"\n\t\t\taria-haspopup=\"dialog\"\n\t\t\taria-label=\"Ampliar\"\n\t\t\tdata-wp-init=\"callbacks.initTriggerButton\"\n\t\t\tdata-wp-on--click=\"actions.showLightbox\"\n\t\t\tdata-wp-style--right=\"state.imageButtonRight\"\n\t\t\tdata-wp-style--top=\"state.imageButtonTop\"\n\t\t>\n\t\t\t<svg xmlns=\"http:\/\/www.w3.org\/2000\/svg\" width=\"12\" height=\"12\" fill=\"none\" viewBox=\"0 0 12 12\">\n\t\t\t\t<path fill=\"#fff\" d=\"M2 0a2 2 0 0 0-2 2v2h1.5V2a.5.5 0 0 1 .5-.5h2V0H2Zm2 10.5H2a.5.5 0 0 1-.5-.5V8H0v2a2 2 0 0 0 2 2h2v-1.5ZM8 12v-1.5h2a.5.5 0 0 0 .5-.5V8H12v2a2 2 0 0 1-2 2H8Zm2-12a2 2 0 0 1 2 2v2h-1.5V2a.5.5 0 0 0-.5-.5H8V0h2Z\" \/>\n\t\t\t<\/svg>\n\t\t<\/button><\/figure>\r\n\r\n\r\n\r\n<p>Em uma emocionante jornada de sete dias, voc\u00ea pode transformar cada momento em uma experi\u00eancia \u00fanica e enriquecedora, come\u00e7ando com a <strong>sensa\u00e7\u00e3o de liberdade<\/strong> que um skate proporciona, explorando os melhores pontos da cidade para deslizar com estilo e velocidade.\u00a0<\/p>\r\n<h2>Feliz semana para todos skatistas\u00a0<\/h2>\r\n<p>Escolha um parque conhecido por suas rampas desafiadoras e \u00e1reas para manobras, onde voc\u00ea pode encontrar outros skatistas, trocar dicas e aprimorar suas habilidades. Experimentar diferentes tipos de skate, como o <em>street <\/em>ou o <em>longboard<\/em>, pode abrir novas possibilidades, desde fazer tricks complexos em corrim\u00f5es at\u00e9 simplesmente deslizar ao longo da cal\u00e7ada em um ritmo relaxante.<\/p>\r\n<p>Ao cair da tarde, aproveite a golden hour para capturar fotos ou v\u00eddeos, documentando cada manobra e constru\u00e7\u00e3o dessa jornada, pensando em edi\u00e7\u00f5es criativas que mostram a evolu\u00e7\u00e3o de suas habilidades.\u00a0<\/p>\r\n\r\n\r\n\r\n\r\n\r\n<figure data-wp-context=\"{&quot;imageId&quot;:&quot;69fa17bc583f0&quot;}\" data-wp-interactive=\"core\/image\" data-wp-key=\"69fa17bc583f0\" class=\"wp-block-image size-large is-resized wp-lightbox-container\"><img loading=\"lazy\" decoding=\"async\" width=\"252\" height=\"292\" data-wp-class--hide=\"state.isContentHidden\" data-wp-class--show=\"state.isContentVisible\" data-wp-init=\"callbacks.setButtonStyles\" data-wp-on--click=\"actions.showLightbox\" data-wp-on--load=\"callbacks.setButtonStyles\" data-wp-on-window--resize=\"callbacks.setButtonStyles\" class=\"wp-image-5555\" style=\"width: 196px; height: auto;\" src=\"https:\/\/gloriadeus.com\/wp-content\/uploads\/2025\/03\/200304PBNSIMG-94.jpg\" alt=\"Boa semana de skatista\" \/><button\n\t\t\tclass=\"lightbox-trigger\"\n\t\t\ttype=\"button\"\n\t\t\taria-haspopup=\"dialog\"\n\t\t\taria-label=\"Ampliar\"\n\t\t\tdata-wp-init=\"callbacks.initTriggerButton\"\n\t\t\tdata-wp-on--click=\"actions.showLightbox\"\n\t\t\tdata-wp-style--right=\"state.imageButtonRight\"\n\t\t\tdata-wp-style--top=\"state.imageButtonTop\"\n\t\t>\n\t\t\t<svg xmlns=\"http:\/\/www.w3.org\/2000\/svg\" width=\"12\" height=\"12\" fill=\"none\" viewBox=\"0 0 12 12\">\n\t\t\t\t<path fill=\"#fff\" d=\"M2 0a2 2 0 0 0-2 2v2h1.5V2a.5.5 0 0 1 .5-.5h2V0H2Zm2 10.5H2a.5.5 0 0 1-.5-.5V8H0v2a2 2 0 0 0 2 2h2v-1.5ZM8 12v-1.5h2a.5.5 0 0 0 .5-.5V8H12v2a2 2 0 0 1-2 2H8Zm2-12a2 2 0 0 1 2 2v2h-1.5V2a.5.5 0 0 0-.5-.5H8V0h2Z\" \/>\n\t\t\t<\/svg>\n\t\t<\/button><\/figure>\r\n\r\n\r\n\r\n<p>Para apimentar ainda mais a semana, organize uma competi\u00e7\u00e3o amig\u00e1vel com amigos, onde cada um pode mostrar seus melhores truques, e quem sabe at\u00e9 premiar o vencedor com um trof\u00e9u feito \u00e0 m\u00e3o, estimulando a camaradagem e a uni\u00e3o do grupo.\u00a0<\/p>\r\n<h2>Boa semana de skatista\u00a0<\/h2>\r\n<p>No terceiro dia, amplie seus horizontes e experimente um esporte radical diferente, como o <em>skatepark <\/em>ou o <em>slackline<\/em>, onde o equil\u00edbrio e a concentra\u00e7\u00e3o ser\u00e3o fundamentais. Treine algumas manobras no <em>slackline <\/em>como parte do aquecimento para quando voltar ao skate, isso ajudar\u00e1 a melhorar seu equil\u00edbrio e controle dos movimentos.<\/p>\r\n<p>No quarto dia, que tal uma aventura de downhill em uma serra pr\u00f3xima? Escolha uma trilha que combine beleza natural com a adrenalina da descida, fotografando a paisagem ao longo do caminho e desfrutando da sensa\u00e7\u00e3o de estar em harmonia com a natureza.\u00a0<\/p>\r\n<p><img loading=\"lazy\" decoding=\"async\" width=\"800\" height=\"600\" class=\"wp-image-5568\" style=\"width: 357px; height: auto;\" src=\"https:\/\/gloriadeus.com\/wp-content\/uploads\/2025\/03\/200304PBNSIMG-97.jpg\" alt=\"Boa semana de skatista\" srcset=\"https:\/\/gloriadeus.com\/wp-content\/uploads\/2025\/03\/200304PBNSIMG-97.jpg 800w, https:\/\/gloriadeus.com\/wp-content\/uploads\/2025\/03\/200304PBNSIMG-97-300x225.jpg 300w, https:\/\/gloriadeus.com\/wp-content\/uploads\/2025\/03\/200304PBNSIMG-97-768x576.jpg 768w\" sizes=\"auto, (max-width: 800px) 100vw, 800px\" \/>\u00a0<\/p>\r\n<p>Sinta a velocidade enquanto desce, mas sempre priorizando a seguran\u00e7a com o uso de equipamentos adequados, como capacete e joelheiras, e depois mergulhe na cultura local explorando a gastronomia do lugar, experimentando um lanche delicioso em um mercado de rua ou em uma loja famosa na regi\u00e3o.\u00a0<\/p>\r\n<h2>Boa semana para voc\u00ea que anda de skate\u00a0<\/h2>\r\n\r\n\r\n\r\n\r\n\r\n\r\n\r\n\r\n\r\n\r\n\r\n<p>Na sexta-feira, planeje uma sess\u00e3o de skate sob a luz das estrelas, buscando um local onde seja permitido, talvez um parque 24 horas ou uma pista iluminada, pois a atmosfera \u00e0 noite tem uma magia \u00fanica, onde as luzes urbanas se misturam aos sons dos skatistas em a\u00e7\u00e3o.<\/p>\r\n<p>O \u00faltimo dia da semana pode ser reservado para um verdadeiro descanso, mas n\u00e3o precisa ser em um sof\u00e1, um passeio de bike na orla, seguido de um piquenique com os amigos pode unir relaxamento e atividade f\u00edsica, seja compartilhando risadas ou relembrando os melhores momentos da semana, as conquistas e as quedas que ensinaram valiosas li\u00e7\u00f5es.\u00a0<\/p>\r\n<p><img loading=\"lazy\" decoding=\"async\" width=\"1024\" height=\"578\" class=\"wp-image-5569\" style=\"width: 312px; height: auto;\" src=\"https:\/\/gloriadeus.com\/wp-content\/uploads\/2025\/03\/200304PBNSIMG-99-1024x578.jpg\" alt=\"Boa semana de skatista\" srcset=\"https:\/\/gloriadeus.com\/wp-content\/uploads\/2025\/03\/200304PBNSIMG-99-1024x578.jpg 1024w, https:\/\/gloriadeus.com\/wp-content\/uploads\/2025\/03\/200304PBNSIMG-99-300x169.jpg 300w, https:\/\/gloriadeus.com\/wp-content\/uploads\/2025\/03\/200304PBNSIMG-99-768x433.jpg 768w, https:\/\/gloriadeus.com\/wp-content\/uploads\/2025\/03\/200304PBNSIMG-99-1536x867.jpg 1536w, https:\/\/gloriadeus.com\/wp-content\/uploads\/2025\/03\/200304PBNSIMG-99.jpg 1600w\" sizes=\"auto, (max-width: 1024px) 100vw, 1024px\" \/>\u00a0<\/p>\r\n<p>Nesta viagem atrav\u00e9s do skate e esportes radicais, o que importa n\u00e3o \u00e9 apenas a pr\u00e1tica em si, mas a celebra\u00e7\u00e3o da amizade, a troca de experi\u00eancias e a supera\u00e7\u00e3o de limites, tudo isso criando mem\u00f3rias que ficar\u00e3o para sempre gravadas.\u00a0<\/p>\r\n<h2>\u00d3tima semana para voc\u00ea que apoia o esporte\u00a0<\/h2>\r\n<p>Prepare sua mochila, re\u00fana sua equipe e que a adrenalina comece, porque cada dia ter\u00e1 seu pr\u00f3prio brilho, ritmo e emo\u00e7\u00e3o, e o importante \u00e9 aproveitar com mente aberta e cora\u00e7\u00e3o cheio de entusiasmo!\u00a0<\/p>\r\n<p>Pode que voc\u00ea goste de conferir tamb\u00e9m:<\/p>\r\n<p>\r\n\r\n<\/p>\r\n<p>\u2192 <a href=\"https:\/\/gloriadeus.com\/home\/saiba-que-andar-de-skate-faz-bem-sempre-com-cuidado\/\"><span style=\"text-decoration: underline;\"><em>Saiba que andar de skate faz bem \u2013 Sempre com cuidado<\/em><\/span><\/a><\/p>\r\n<p>\r\n\r\n<\/p>\r\n<p>Nota: Ao perceber qualquer sinal de mal estar, busque uma ajuda profissional, de prefer\u00eancia m\u00e9dica e qualificada quando preferir, para assim evitar futuros problemas.\u00a0<\/p>\r\n<p><img loading=\"lazy\" decoding=\"async\" width=\"946\" height=\"489\" class=\"wp-image-5567\" style=\"width: 299px; height: auto;\" src=\"https:\/\/gloriadeus.com\/wp-content\/uploads\/2025\/03\/200304PBNSIMG-95.jpg\" alt=\"Boa semana de skatista\" srcset=\"https:\/\/gloriadeus.com\/wp-content\/uploads\/2025\/03\/200304PBNSIMG-95.jpg 946w, https:\/\/gloriadeus.com\/wp-content\/uploads\/2025\/03\/200304PBNSIMG-95-300x155.jpg 300w, https:\/\/gloriadeus.com\/wp-content\/uploads\/2025\/03\/200304PBNSIMG-95-768x397.jpg 768w\" sizes=\"auto, (max-width: 946px) 100vw, 946px\" \/>\u00a0<\/p>\r\n","protected":false},"excerpt":{"rendered":"<p>Em uma emocionante jornada de sete dias, voc\u00ea pode transformar cada momento em uma experi\u00eancia \u00fanica e enriquecedora, come\u00e7ando com &hellip; <\/p>\n","protected":false},"author":1,"featured_media":5559,"parent":0,"menu_order":0,"comment_status":"open","ping_status":"closed","template":"","meta":{"_uf_show_specific_survey":0,"_uf_disable_surveys":false,"footnotes":""},"class_list":["post-5570","page","type-page","status-publish","has-post-thumbnail","hentry"],"yoast_head":"<!-- This site is optimized with the Yoast SEO plugin v27.5 - https:\/\/yoast.com\/product\/yoast-seo-wordpress\/ -->\n<title>Boa semana de skatista - Gl\u00f3ria Deus<\/title>\n<meta name=\"robots\" content=\"index, follow, max-snippet:-1, max-image-preview:large, max-video-preview:-1\" \/>\n<link rel=\"canonical\" href=\"https:\/\/gloriadeus.com\/home\/boa-semana-de-skatista\/\" \/>\n<meta property=\"og:locale\" content=\"pt_BR\" \/>\n<meta property=\"og:type\" content=\"article\" \/>\n<meta property=\"og:title\" content=\"Boa semana de skatista - Gl\u00f3ria Deus\" \/>\n<meta property=\"og:description\" content=\"Em uma emocionante jornada de sete dias, voc\u00ea pode transformar cada momento em uma experi\u00eancia \u00fanica e enriquecedora, come\u00e7ando com &hellip;\" \/>\n<meta property=\"og:url\" content=\"https:\/\/gloriadeus.com\/home\/boa-semana-de-skatista\/\" \/>\n<meta property=\"og:site_name\" content=\"Gl\u00f3ria Deus\" \/>\n<meta property=\"article:modified_time\" content=\"2026-02-07T16:51:18+00:00\" \/>\n<meta property=\"og:image\" content=\"https:\/\/gloriadeus.com\/wp-content\/uploads\/2025\/03\/200304PBNSIMG-96.jpg\" \/>\n\t<meta property=\"og:image:width\" content=\"320\" \/>\n\t<meta property=\"og:image:height\" content=\"320\" \/>\n\t<meta property=\"og:image:type\" content=\"image\/jpeg\" \/>\n<meta name=\"twitter:card\" content=\"summary_large_image\" \/>\n<meta name=\"twitter:label1\" content=\"Est. tempo de leitura\" \/>\n\t<meta name=\"twitter:data1\" content=\"5 minutos\" \/>\n<script type=\"application\/ld+json\" class=\"yoast-schema-graph\">{\"@context\":\"https:\\\/\\\/schema.org\",\"@graph\":[{\"@type\":\"WebPage\",\"@id\":\"https:\\\/\\\/gloriadeus.com\\\/home\\\/boa-semana-de-skatista\\\/\",\"url\":\"https:\\\/\\\/gloriadeus.com\\\/home\\\/boa-semana-de-skatista\\\/\",\"name\":\"Boa semana de skatista - Gl\u00f3ria Deus\",\"isPartOf\":{\"@id\":\"https:\\\/\\\/gloriadeus.com\\\/home\\\/#website\"},\"primaryImageOfPage\":{\"@id\":\"https:\\\/\\\/gloriadeus.com\\\/home\\\/boa-semana-de-skatista\\\/#primaryimage\"},\"image\":{\"@id\":\"https:\\\/\\\/gloriadeus.com\\\/home\\\/boa-semana-de-skatista\\\/#primaryimage\"},\"thumbnailUrl\":\"https:\\\/\\\/gloriadeus.com\\\/wp-content\\\/uploads\\\/2025\\\/03\\\/200304PBNSIMG-96.jpg\",\"datePublished\":\"2026-01-15T20:43:04+00:00\",\"dateModified\":\"2026-02-07T16:51:18+00:00\",\"breadcrumb\":{\"@id\":\"https:\\\/\\\/gloriadeus.com\\\/home\\\/boa-semana-de-skatista\\\/#breadcrumb\"},\"inLanguage\":\"pt-BR\",\"potentialAction\":[{\"@type\":\"ReadAction\",\"target\":[\"https:\\\/\\\/gloriadeus.com\\\/home\\\/boa-semana-de-skatista\\\/\"]}]},{\"@type\":\"ImageObject\",\"inLanguage\":\"pt-BR\",\"@id\":\"https:\\\/\\\/gloriadeus.com\\\/home\\\/boa-semana-de-skatista\\\/#primaryimage\",\"url\":\"https:\\\/\\\/gloriadeus.com\\\/wp-content\\\/uploads\\\/2025\\\/03\\\/200304PBNSIMG-96.jpg\",\"contentUrl\":\"https:\\\/\\\/gloriadeus.com\\\/wp-content\\\/uploads\\\/2025\\\/03\\\/200304PBNSIMG-96.jpg\",\"width\":320,\"height\":320,\"caption\":\"Boa semana de skatista\"},{\"@type\":\"BreadcrumbList\",\"@id\":\"https:\\\/\\\/gloriadeus.com\\\/home\\\/boa-semana-de-skatista\\\/#breadcrumb\",\"itemListElement\":[{\"@type\":\"ListItem\",\"position\":1,\"name\":\"In\u00edcio\",\"item\":\"https:\\\/\\\/gloriadeus.com\\\/home\\\/\"},{\"@type\":\"ListItem\",\"position\":2,\"name\":\"Boa semana de skatista\"}]},{\"@type\":\"WebSite\",\"@id\":\"https:\\\/\\\/gloriadeus.com\\\/home\\\/#website\",\"url\":\"https:\\\/\\\/gloriadeus.com\\\/home\\\/\",\"name\":\"Gloria Deus\",\"description\":\"\u21a8 Deslize para descobrir mais \u21a8\",\"publisher\":{\"@id\":\"https:\\\/\\\/gloriadeus.com\\\/home\\\/#\\\/schema\\\/person\\\/ab2365ca8f87ea38e53ba3c2275e65c4\"},\"alternateName\":\"Muita f\u00e9\",\"potentialAction\":[{\"@type\":\"SearchAction\",\"target\":{\"@type\":\"EntryPoint\",\"urlTemplate\":\"https:\\\/\\\/gloriadeus.com\\\/home\\\/?s={search_term_string}\"},\"query-input\":{\"@type\":\"PropertyValueSpecification\",\"valueRequired\":true,\"valueName\":\"search_term_string\"}}],\"inLanguage\":\"pt-BR\"},{\"@type\":[\"Person\",\"Organization\"],\"@id\":\"https:\\\/\\\/gloriadeus.com\\\/home\\\/#\\\/schema\\\/person\\\/ab2365ca8f87ea38e53ba3c2275e65c4\",\"name\":\"gloriadeus.com\",\"image\":{\"@type\":\"ImageObject\",\"inLanguage\":\"pt-BR\",\"@id\":\"https:\\\/\\\/gloriadeus.com\\\/wp-content\\\/uploads\\\/2024\\\/03\\\/230525DDPNG-21.png\",\"url\":\"https:\\\/\\\/gloriadeus.com\\\/wp-content\\\/uploads\\\/2024\\\/03\\\/230525DDPNG-21.png\",\"contentUrl\":\"https:\\\/\\\/gloriadeus.com\\\/wp-content\\\/uploads\\\/2024\\\/03\\\/230525DDPNG-21.png\",\"width\":220,\"height\":230,\"caption\":\"gloriadeus.com\"},\"logo\":{\"@id\":\"https:\\\/\\\/gloriadeus.com\\\/wp-content\\\/uploads\\\/2024\\\/03\\\/230525DDPNG-21.png\"},\"sameAs\":[\"https:\\\/\\\/gloriadeus.com\"]}]}<\/script>\n<!-- \/ Yoast SEO plugin. -->","yoast_head_json":{"title":"Boa semana de skatista - Gl\u00f3ria Deus","robots":{"index":"index","follow":"follow","max-snippet":"max-snippet:-1","max-image-preview":"max-image-preview:large","max-video-preview":"max-video-preview:-1"},"canonical":"https:\/\/gloriadeus.com\/home\/boa-semana-de-skatista\/","og_locale":"pt_BR","og_type":"article","og_title":"Boa semana de skatista - Gl\u00f3ria Deus","og_description":"Em uma emocionante jornada de sete dias, voc\u00ea pode transformar cada momento em uma experi\u00eancia \u00fanica e enriquecedora, come\u00e7ando com &hellip;","og_url":"https:\/\/gloriadeus.com\/home\/boa-semana-de-skatista\/","og_site_name":"Gl\u00f3ria Deus","article_modified_time":"2026-02-07T16:51:18+00:00","og_image":[{"width":320,"height":320,"url":"https:\/\/gloriadeus.com\/wp-content\/uploads\/2025\/03\/200304PBNSIMG-96.jpg","type":"image\/jpeg"}],"twitter_card":"summary_large_image","twitter_misc":{"Est. tempo de leitura":"5 minutos"},"schema":{"@context":"https:\/\/schema.org","@graph":[{"@type":"WebPage","@id":"https:\/\/gloriadeus.com\/home\/boa-semana-de-skatista\/","url":"https:\/\/gloriadeus.com\/home\/boa-semana-de-skatista\/","name":"Boa semana de skatista - Gl\u00f3ria Deus","isPartOf":{"@id":"https:\/\/gloriadeus.com\/home\/#website"},"primaryImageOfPage":{"@id":"https:\/\/gloriadeus.com\/home\/boa-semana-de-skatista\/#primaryimage"},"image":{"@id":"https:\/\/gloriadeus.com\/home\/boa-semana-de-skatista\/#primaryimage"},"thumbnailUrl":"https:\/\/gloriadeus.com\/wp-content\/uploads\/2025\/03\/200304PBNSIMG-96.jpg","datePublished":"2026-01-15T20:43:04+00:00","dateModified":"2026-02-07T16:51:18+00:00","breadcrumb":{"@id":"https:\/\/gloriadeus.com\/home\/boa-semana-de-skatista\/#breadcrumb"},"inLanguage":"pt-BR","potentialAction":[{"@type":"ReadAction","target":["https:\/\/gloriadeus.com\/home\/boa-semana-de-skatista\/"]}]},{"@type":"ImageObject","inLanguage":"pt-BR","@id":"https:\/\/gloriadeus.com\/home\/boa-semana-de-skatista\/#primaryimage","url":"https:\/\/gloriadeus.com\/wp-content\/uploads\/2025\/03\/200304PBNSIMG-96.jpg","contentUrl":"https:\/\/gloriadeus.com\/wp-content\/uploads\/2025\/03\/200304PBNSIMG-96.jpg","width":320,"height":320,"caption":"Boa semana de skatista"},{"@type":"BreadcrumbList","@id":"https:\/\/gloriadeus.com\/home\/boa-semana-de-skatista\/#breadcrumb","itemListElement":[{"@type":"ListItem","position":1,"name":"In\u00edcio","item":"https:\/\/gloriadeus.com\/home\/"},{"@type":"ListItem","position":2,"name":"Boa semana de skatista"}]},{"@type":"WebSite","@id":"https:\/\/gloriadeus.com\/home\/#website","url":"https:\/\/gloriadeus.com\/home\/","name":"Gloria Deus","description":"\u21a8 Deslize para descobrir mais \u21a8","publisher":{"@id":"https:\/\/gloriadeus.com\/home\/#\/schema\/person\/ab2365ca8f87ea38e53ba3c2275e65c4"},"alternateName":"Muita f\u00e9","potentialAction":[{"@type":"SearchAction","target":{"@type":"EntryPoint","urlTemplate":"https:\/\/gloriadeus.com\/home\/?s={search_term_string}"},"query-input":{"@type":"PropertyValueSpecification","valueRequired":true,"valueName":"search_term_string"}}],"inLanguage":"pt-BR"},{"@type":["Person","Organization"],"@id":"https:\/\/gloriadeus.com\/home\/#\/schema\/person\/ab2365ca8f87ea38e53ba3c2275e65c4","name":"gloriadeus.com","image":{"@type":"ImageObject","inLanguage":"pt-BR","@id":"https:\/\/gloriadeus.com\/wp-content\/uploads\/2024\/03\/230525DDPNG-21.png","url":"https:\/\/gloriadeus.com\/wp-content\/uploads\/2024\/03\/230525DDPNG-21.png","contentUrl":"https:\/\/gloriadeus.com\/wp-content\/uploads\/2024\/03\/230525DDPNG-21.png","width":220,"height":230,"caption":"gloriadeus.com"},"logo":{"@id":"https:\/\/gloriadeus.com\/wp-content\/uploads\/2024\/03\/230525DDPNG-21.png"},"sameAs":["https:\/\/gloriadeus.com"]}]}},"_links":{"self":[{"href":"https:\/\/gloriadeus.com\/home\/wp-json\/wp\/v2\/pages\/5570","targetHints":{"allow":["GET"]}}],"collection":[{"href":"https:\/\/gloriadeus.com\/home\/wp-json\/wp\/v2\/pages"}],"about":[{"href":"https:\/\/gloriadeus.com\/home\/wp-json\/wp\/v2\/types\/page"}],"author":[{"embeddable":true,"href":"https:\/\/gloriadeus.com\/home\/wp-json\/wp\/v2\/users\/1"}],"replies":[{"embeddable":true,"href":"https:\/\/gloriadeus.com\/home\/wp-json\/wp\/v2\/comments?post=5570"}],"version-history":[{"count":5,"href":"https:\/\/gloriadeus.com\/home\/wp-json\/wp\/v2\/pages\/5570\/revisions"}],"predecessor-version":[{"id":10429,"href":"https:\/\/gloriadeus.com\/home\/wp-json\/wp\/v2\/pages\/5570\/revisions\/10429"}],"wp:featuredmedia":[{"embeddable":true,"href":"https:\/\/gloriadeus.com\/home\/wp-json\/wp\/v2\/media\/5559"}],"wp:attachment":[{"href":"https:\/\/gloriadeus.com\/home\/wp-json\/wp\/v2\/media?parent=5570"}],"curies":[{"name":"wp","href":"https:\/\/api.w.org\/{rel}","templated":true}]}}