{"id":5546,"date":"2026-01-15T16:38:04","date_gmt":"2026-01-15T19:38:04","guid":{"rendered":"https:\/\/gloriadeus.com\/?page_id=5546"},"modified":"2026-02-03T17:30:50","modified_gmt":"2026-02-03T20:30:50","slug":"porque-e-importante-saber-colorir","status":"publish","type":"page","link":"https:\/\/gloriadeus.com\/home\/porque-e-importante-saber-colorir\/","title":{"rendered":"Porque \u00e9 importante saber colorir"},"content":{"rendered":"<!-- Subtitulo, palavra e paragrafo ok -->\r\n\r\n\r\n<figure data-wp-context=\"{&quot;imageId&quot;:&quot;69fa178b98ce4&quot;}\" data-wp-interactive=\"core\/image\" data-wp-key=\"69fa178b98ce4\" class=\"wp-block-image size-large is-resized wp-lightbox-container\"><img loading=\"lazy\" decoding=\"async\" width=\"564\" height=\"563\" data-wp-class--hide=\"state.isContentHidden\" data-wp-class--show=\"state.isContentVisible\" data-wp-init=\"callbacks.setButtonStyles\" data-wp-on--click=\"actions.showLightbox\" data-wp-on--load=\"callbacks.setButtonStyles\" data-wp-on-window--resize=\"callbacks.setButtonStyles\" class=\"wp-image-5549\" style=\"width: 352px; height: auto;\" src=\"https:\/\/gloriadeus.com\/wp-content\/uploads\/2025\/03\/210815CCIMG03.jpg\" alt=\"Porque \u00e9 importante saber colorir\" srcset=\"https:\/\/gloriadeus.com\/wp-content\/uploads\/2025\/03\/210815CCIMG03.jpg 564w, https:\/\/gloriadeus.com\/wp-content\/uploads\/2025\/03\/210815CCIMG03-300x300.jpg 300w, https:\/\/gloriadeus.com\/wp-content\/uploads\/2025\/03\/210815CCIMG03-150x150.jpg 150w\" sizes=\"auto, (max-width: 564px) 100vw, 564px\" \/><button\n\t\t\tclass=\"lightbox-trigger\"\n\t\t\ttype=\"button\"\n\t\t\taria-haspopup=\"dialog\"\n\t\t\taria-label=\"Ampliar\"\n\t\t\tdata-wp-init=\"callbacks.initTriggerButton\"\n\t\t\tdata-wp-on--click=\"actions.showLightbox\"\n\t\t\tdata-wp-style--right=\"state.imageButtonRight\"\n\t\t\tdata-wp-style--top=\"state.imageButtonTop\"\n\t\t>\n\t\t\t<svg xmlns=\"http:\/\/www.w3.org\/2000\/svg\" width=\"12\" height=\"12\" fill=\"none\" viewBox=\"0 0 12 12\">\n\t\t\t\t<path fill=\"#fff\" d=\"M2 0a2 2 0 0 0-2 2v2h1.5V2a.5.5 0 0 1 .5-.5h2V0H2Zm2 10.5H2a.5.5 0 0 1-.5-.5V8H0v2a2 2 0 0 0 2 2h2v-1.5ZM8 12v-1.5h2a.5.5 0 0 0 .5-.5V8H12v2a2 2 0 0 1-2 2H8Zm2-12a2 2 0 0 1 2 2v2h-1.5V2a.5.5 0 0 0-.5-.5H8V0h2Z\" \/>\n\t\t\t<\/svg>\n\t\t<\/button><\/figure>\r\n\r\n\r\n\r\n<p>Colorir \u00e9 uma atividade que vai muito al\u00e9m de simplesmente preencher espa\u00e7os em branco com cores, \u00e9 uma forma de express\u00e3o criativa que desempenha um papel crucial em v\u00e1rias dimens\u00f5es do desenvolvimento humano e na compreens\u00e3o das nuances do mundo ao nosso redor.\u00a0<\/p>\r\n<h2>Colorir proporciona autoconhecimento\u00a0<\/h2>\r\n<p>Desde a inf\u00e2ncia, quando as crian\u00e7as come\u00e7am a explorar o universo das cores, a a\u00e7\u00e3o de colorir se transforma em uma poderosa ferramenta de aprendizado e autoconhecimento. Atrav\u00e9s do colorir, as crian\u00e7as exercitam sua coordena\u00e7\u00e3o motora, aprimoram habilidades cognitivas, desenvolvem sua imagina\u00e7\u00e3o e aprendem a expressar suas emo\u00e7\u00f5es.<\/p>\r\n<p>As cores t\u00eam significados e podem influenciar nossos sentimentos e comportamentos, e entender como utiliz\u00e1-las pode ser essencial para a comunica\u00e7\u00e3o visual, seja na arte, no design ou na vida cotidiana.<\/p>\r\n\r\n\r\n\r\n<figure data-wp-context=\"{&quot;imageId&quot;:&quot;69fa178b99033&quot;}\" data-wp-interactive=\"core\/image\" data-wp-key=\"69fa178b99033\" class=\"wp-block-image size-large is-resized wp-lightbox-container\"><img loading=\"lazy\" decoding=\"async\" width=\"380\" height=\"480\" data-wp-class--hide=\"state.isContentHidden\" data-wp-class--show=\"state.isContentVisible\" data-wp-init=\"callbacks.setButtonStyles\" data-wp-on--click=\"actions.showLightbox\" data-wp-on--load=\"callbacks.setButtonStyles\" data-wp-on-window--resize=\"callbacks.setButtonStyles\" class=\"wp-image-5547\" style=\"width: 369px; height: auto;\" src=\"https:\/\/gloriadeus.com\/wp-content\/uploads\/2025\/03\/210815CCIMG02.jpg\" alt=\"Porque \u00e9 importante saber colorir\" srcset=\"https:\/\/gloriadeus.com\/wp-content\/uploads\/2025\/03\/210815CCIMG02.jpg 380w, https:\/\/gloriadeus.com\/wp-content\/uploads\/2025\/03\/210815CCIMG02-238x300.jpg 238w\" sizes=\"auto, (max-width: 380px) 100vw, 380px\" \/><button\n\t\t\tclass=\"lightbox-trigger\"\n\t\t\ttype=\"button\"\n\t\t\taria-haspopup=\"dialog\"\n\t\t\taria-label=\"Ampliar\"\n\t\t\tdata-wp-init=\"callbacks.initTriggerButton\"\n\t\t\tdata-wp-on--click=\"actions.showLightbox\"\n\t\t\tdata-wp-style--right=\"state.imageButtonRight\"\n\t\t\tdata-wp-style--top=\"state.imageButtonTop\"\n\t\t>\n\t\t\t<svg xmlns=\"http:\/\/www.w3.org\/2000\/svg\" width=\"12\" height=\"12\" fill=\"none\" viewBox=\"0 0 12 12\">\n\t\t\t\t<path fill=\"#fff\" d=\"M2 0a2 2 0 0 0-2 2v2h1.5V2a.5.5 0 0 1 .5-.5h2V0H2Zm2 10.5H2a.5.5 0 0 1-.5-.5V8H0v2a2 2 0 0 0 2 2h2v-1.5ZM8 12v-1.5h2a.5.5 0 0 0 .5-.5V8H12v2a2 2 0 0 1-2 2H8Zm2-12a2 2 0 0 1 2 2v2h-1.5V2a.5.5 0 0 0-.5-.5H8V0h2Z\" \/>\n\t\t\t<\/svg>\n\t\t<\/button>\u00a0<\/figure>\r\n<p>Sabe-se tamb\u00e9m que colorir oferece um meio de relaxamento e al\u00edvio do estresse, permitindo que as pessoas se desconectem do ritmo agitado do cotidiano e encontrem um espa\u00e7o para a introspec\u00e7\u00e3o e a medita\u00e7\u00e3o.\u00a0Estudos mostram que atividades art\u00edsticas, como colorir, podem aumentar a concentra\u00e7\u00e3o e reduzir a ansiedade, proporcionando um estado de calma e clareza mental.\u00a0<\/p>\r\n<h2>Reconhecer belezas\u00a0<\/h2>\r\n<p>Com o ato de colorir, as pessoas tamb\u00e9m s\u00e3o incentivadas a observar e apreciar a beleza das formas e das cores na natureza, desenvolvendo um senso est\u00e9tico apurado que pode enriquecer sua experi\u00eancia de vida.<\/p>\r\n<p>Saber colorir de maneira consciente implica em compreender a teoria das cores, incluindo como elas interagem, contrastam e se complementam &#8211; e isso se aplica n\u00e3o apenas \u00e0 arte, mas tamb\u00e9m \u00e0 moda, \u00e0 decora\u00e7\u00e3o e \u00e0 publicidade, influenciando as percep\u00e7\u00f5es e as decis\u00f5es que tomamos no dia a dia.<\/p>\r\n\r\n\r\n\r\n<figure data-wp-context=\"{&quot;imageId&quot;:&quot;69fa178b992ce&quot;}\" data-wp-interactive=\"core\/image\" data-wp-key=\"69fa178b992ce\" class=\"wp-block-image size-large is-resized wp-lightbox-container\"><img loading=\"lazy\" decoding=\"async\" width=\"474\" height=\"473\" data-wp-class--hide=\"state.isContentHidden\" data-wp-class--show=\"state.isContentVisible\" data-wp-init=\"callbacks.setButtonStyles\" data-wp-on--click=\"actions.showLightbox\" data-wp-on--load=\"callbacks.setButtonStyles\" data-wp-on-window--resize=\"callbacks.setButtonStyles\" class=\"wp-image-5548\" style=\"width: 263px; height: auto;\" src=\"https:\/\/gloriadeus.com\/wp-content\/uploads\/2025\/03\/210815CCIMG04.jpg\" alt=\"Porque \u00e9 importante saber colorir\" srcset=\"https:\/\/gloriadeus.com\/wp-content\/uploads\/2025\/03\/210815CCIMG04.jpg 474w, https:\/\/gloriadeus.com\/wp-content\/uploads\/2025\/03\/210815CCIMG04-300x300.jpg 300w, https:\/\/gloriadeus.com\/wp-content\/uploads\/2025\/03\/210815CCIMG04-150x150.jpg 150w\" sizes=\"auto, (max-width: 474px) 100vw, 474px\" \/><button\n\t\t\tclass=\"lightbox-trigger\"\n\t\t\ttype=\"button\"\n\t\t\taria-haspopup=\"dialog\"\n\t\t\taria-label=\"Ampliar\"\n\t\t\tdata-wp-init=\"callbacks.initTriggerButton\"\n\t\t\tdata-wp-on--click=\"actions.showLightbox\"\n\t\t\tdata-wp-style--right=\"state.imageButtonRight\"\n\t\t\tdata-wp-style--top=\"state.imageButtonTop\"\n\t\t>\n\t\t\t<svg xmlns=\"http:\/\/www.w3.org\/2000\/svg\" width=\"12\" height=\"12\" fill=\"none\" viewBox=\"0 0 12 12\">\n\t\t\t\t<path fill=\"#fff\" d=\"M2 0a2 2 0 0 0-2 2v2h1.5V2a.5.5 0 0 1 .5-.5h2V0H2Zm2 10.5H2a.5.5 0 0 1-.5-.5V8H0v2a2 2 0 0 0 2 2h2v-1.5ZM8 12v-1.5h2a.5.5 0 0 0 .5-.5V8H12v2a2 2 0 0 1-2 2H8Zm2-12a2 2 0 0 1 2 2v2h-1.5V2a.5.5 0 0 0-.5-.5H8V0h2Z\" \/>\n\t\t\t<\/svg>\n\t\t<\/button>\u00a0<\/figure>\r\n<p>O ato de escolher uma paleta de cores pode refletir estados de \u00e2nimo, inten\u00e7\u00f5es e mensagens, oferecendo uma camada extra de profundidade \u00e0 comunica\u00e7\u00e3o visual, que \u00e9 vital em um mundo cada vez mais orientado por imagens.\u00a0<\/p>\r\n<h2>Fortalecendo a criatividade\u00a0<\/h2>\r\n<p>A import\u00e2ncia de colorir tamb\u00e9m se estende ao fortalecimento da criatividade, ao experimentar livremente com as cores, as pessoas s\u00e3o incentivadas a pensar fora da caixa e explorar novas ideias, uma habilidade crucial em um mundo em constante mudan\u00e7a que valoriza a inova\u00e7\u00e3o.<\/p>\r\n<p>Colorir, portanto, se converte em um meio poderoso de <strong>conectar-se com o pr\u00f3prio eu<\/strong> e com os outros, promovendo a empatia e a comunica\u00e7\u00e3o atrav\u00e9s da linguagem universal das cores. Com isso, podemos perceber que colorir \u00e9 uma pontes entre o l\u00f3gico e o emocional, o desenvolvimento pessoal e a intera\u00e7\u00e3o social, revelando-se uma atividade fundamental que merece ser valorizada e integrada no cotidiano de todos.<\/p>\r\n<p>\u00c9 um convite \u00e0 explora\u00e7\u00e3o das infinitas possibilidades que as cores oferecem, permitindo que cada um de n\u00f3s encontre sua pr\u00f3pria voz art\u00edstica e crie um mundo mais vibrante e significativo.\u00a0Saber colorir \u00e9 essencial n\u00e3o apenas para a forma\u00e7\u00e3o de habilidades pr\u00e1ticas, mas tamb\u00e9m para nutrir a alma e estimular a criatividade, tornando cada um de n\u00f3s um agente ativo na pintura da nossa pr\u00f3pria hist\u00f3ria.<\/p>\r\n\r\n\r\n\r\n<p>&nbsp;<\/p>\r\n\r\n\r\n\r\n\r\n\r\n<figure data-wp-context=\"{&quot;imageId&quot;:&quot;69fa178b99551&quot;}\" data-wp-interactive=\"core\/image\" data-wp-key=\"69fa178b99551\" class=\"wp-block-image size-large is-resized wp-lightbox-container\"><img loading=\"lazy\" decoding=\"async\" width=\"563\" height=\"581\" data-wp-class--hide=\"state.isContentHidden\" data-wp-class--show=\"state.isContentVisible\" data-wp-init=\"callbacks.setButtonStyles\" data-wp-on--click=\"actions.showLightbox\" data-wp-on--load=\"callbacks.setButtonStyles\" data-wp-on-window--resize=\"callbacks.setButtonStyles\" class=\"wp-image-5551\" style=\"width: 319px; height: auto;\" src=\"https:\/\/gloriadeus.com\/wp-content\/uploads\/2025\/03\/210815CCIMG05.jpg\" alt=\"Porque \u00e9 importante saber colorir\" srcset=\"https:\/\/gloriadeus.com\/wp-content\/uploads\/2025\/03\/210815CCIMG05.jpg 563w, https:\/\/gloriadeus.com\/wp-content\/uploads\/2025\/03\/210815CCIMG05-291x300.jpg 291w\" sizes=\"auto, (max-width: 563px) 100vw, 563px\" \/><button\n\t\t\tclass=\"lightbox-trigger\"\n\t\t\ttype=\"button\"\n\t\t\taria-haspopup=\"dialog\"\n\t\t\taria-label=\"Ampliar\"\n\t\t\tdata-wp-init=\"callbacks.initTriggerButton\"\n\t\t\tdata-wp-on--click=\"actions.showLightbox\"\n\t\t\tdata-wp-style--right=\"state.imageButtonRight\"\n\t\t\tdata-wp-style--top=\"state.imageButtonTop\"\n\t\t>\n\t\t\t<svg xmlns=\"http:\/\/www.w3.org\/2000\/svg\" width=\"12\" height=\"12\" fill=\"none\" viewBox=\"0 0 12 12\">\n\t\t\t\t<path fill=\"#fff\" d=\"M2 0a2 2 0 0 0-2 2v2h1.5V2a.5.5 0 0 1 .5-.5h2V0H2Zm2 10.5H2a.5.5 0 0 1-.5-.5V8H0v2a2 2 0 0 0 2 2h2v-1.5ZM8 12v-1.5h2a.5.5 0 0 0 .5-.5V8H12v2a2 2 0 0 1-2 2H8Zm2-12a2 2 0 0 1 2 2v2h-1.5V2a.5.5 0 0 0-.5-.5H8V0h2Z\" \/>\n\t\t\t<\/svg>\n\t\t<\/button>\u00a0<\/figure>\r\n\r\n\r\n\r\n<p>Esse mosaico de experi\u00eancias e sensa\u00e7\u00f5es \u00e9 o que realmente torna a vida mais rica e cheia de significado, onde cada tra\u00e7o, cada mistura de cor, se transforma em uma express\u00e3o \u00fanica do que somos e do que podemos ser.\u00a0Estimular a pr\u00e1tica do colorir em todas as suas formas deve ser encorajado desde a inf\u00e2ncia, com o objetivo de cultivar indiv\u00edduos mais equilibrados, criativos e conectados com a beleza que os rodeia.\u00a0<\/p>\r\n<h2>Dar vida as emo\u00e7\u00f5es\u00a0<\/h2>\r\n<p>Quando colorimos, n\u00e3o apenas preenchemos com tintas, mas tamb\u00e9m damos vida, emo\u00e7\u00e3o e significado a cada linha e forma. A import\u00e2ncia de saber colorir se estende para al\u00e9m da mera est\u00e9tica, \u00e9 sobre a capacidade de transformar o mundo atrav\u00e9s da nossa percep\u00e7\u00e3o, trazendo \u00e0 tona novas ideias, emo\u00e7\u00f5es e compreens\u00f5es que, de outra forma, poderiam permanecer escondidas nas sombras de um papel em branco.<\/p>\r\n<p>Entende-se que colorir \u00e9 um ato de coragem e liberdade, um convite para que todos se deixem levar pela imagina\u00e7\u00e3o e explorem os recantos mais profundos de sua pr\u00f3pria criatividade.<\/p>\r\n<p>Dessa forma, se torna evidente que aprender a colorir \u00e9 equipar-se com uma das habilidades mais essenciais e enriquecedoras que podemos desenvolver ao longo da vida.\u00a0\u00c9 um verdadeiro ato de amor e beleza, que nos permite iluminar nossa jornada e a dos outros, contribuindo para um mundo mais colorido, harm\u00f4nico e cheio de possibilidades.\u00a0<\/p>\r\n<p>Pode que voc\u00ea goste de conferir tamb\u00e9m:<\/p>\r\n<p>\r\n\r\n<\/p>\r\n<p>\u2192 <a href=\"https:\/\/gloriadeus.com\/home\/sobre-a-importancia-das-atividades-que-aprendemos-desde-a-infancia\/\"><span style=\"text-decoration: underline;\"><em>Sobre a import\u00e2ncia das atividades que aprendemos desde a inf\u00e2ncia<\/em><\/span><\/a><\/p>\r\n","protected":false},"excerpt":{"rendered":"<p>Colorir \u00e9 uma atividade que vai muito al\u00e9m de simplesmente preencher espa\u00e7os em branco com cores, \u00e9 uma forma de &hellip; <\/p>\n","protected":false},"author":1,"featured_media":5551,"parent":0,"menu_order":0,"comment_status":"open","ping_status":"closed","template":"","meta":{"_uf_show_specific_survey":0,"_uf_disable_surveys":false,"footnotes":""},"class_list":["post-5546","page","type-page","status-publish","has-post-thumbnail","hentry"],"yoast_head":"<!-- This site is optimized with the Yoast SEO plugin v27.5 - https:\/\/yoast.com\/product\/yoast-seo-wordpress\/ -->\n<title>Porque \u00e9 importante saber colorir - Gl\u00f3ria Deus<\/title>\n<meta name=\"robots\" content=\"index, follow, max-snippet:-1, max-image-preview:large, max-video-preview:-1\" \/>\n<link rel=\"canonical\" href=\"https:\/\/gloriadeus.com\/home\/porque-e-importante-saber-colorir\/\" \/>\n<meta property=\"og:locale\" content=\"pt_BR\" \/>\n<meta property=\"og:type\" content=\"article\" \/>\n<meta property=\"og:title\" content=\"Porque \u00e9 importante saber colorir - Gl\u00f3ria Deus\" \/>\n<meta property=\"og:description\" content=\"Colorir \u00e9 uma atividade que vai muito al\u00e9m de simplesmente preencher espa\u00e7os em branco com cores, \u00e9 uma forma de &hellip;\" \/>\n<meta property=\"og:url\" content=\"https:\/\/gloriadeus.com\/home\/porque-e-importante-saber-colorir\/\" \/>\n<meta property=\"og:site_name\" content=\"Gl\u00f3ria Deus\" \/>\n<meta property=\"article:modified_time\" content=\"2026-02-03T20:30:50+00:00\" \/>\n<meta property=\"og:image\" content=\"https:\/\/gloriadeus.com\/wp-content\/uploads\/2025\/03\/210815CCIMG05.jpg\" \/>\n\t<meta property=\"og:image:width\" content=\"563\" \/>\n\t<meta property=\"og:image:height\" content=\"581\" \/>\n\t<meta property=\"og:image:type\" content=\"image\/jpeg\" \/>\n<meta name=\"twitter:card\" content=\"summary_large_image\" \/>\n<meta name=\"twitter:label1\" content=\"Est. tempo de leitura\" \/>\n\t<meta name=\"twitter:data1\" content=\"6 minutos\" \/>\n<script type=\"application\/ld+json\" class=\"yoast-schema-graph\">{\"@context\":\"https:\\\/\\\/schema.org\",\"@graph\":[{\"@type\":\"WebPage\",\"@id\":\"https:\\\/\\\/gloriadeus.com\\\/home\\\/porque-e-importante-saber-colorir\\\/\",\"url\":\"https:\\\/\\\/gloriadeus.com\\\/home\\\/porque-e-importante-saber-colorir\\\/\",\"name\":\"Porque \u00e9 importante saber colorir - Gl\u00f3ria Deus\",\"isPartOf\":{\"@id\":\"https:\\\/\\\/gloriadeus.com\\\/home\\\/#website\"},\"primaryImageOfPage\":{\"@id\":\"https:\\\/\\\/gloriadeus.com\\\/home\\\/porque-e-importante-saber-colorir\\\/#primaryimage\"},\"image\":{\"@id\":\"https:\\\/\\\/gloriadeus.com\\\/home\\\/porque-e-importante-saber-colorir\\\/#primaryimage\"},\"thumbnailUrl\":\"https:\\\/\\\/gloriadeus.com\\\/wp-content\\\/uploads\\\/2025\\\/03\\\/210815CCIMG05.jpg\",\"datePublished\":\"2026-01-15T19:38:04+00:00\",\"dateModified\":\"2026-02-03T20:30:50+00:00\",\"breadcrumb\":{\"@id\":\"https:\\\/\\\/gloriadeus.com\\\/home\\\/porque-e-importante-saber-colorir\\\/#breadcrumb\"},\"inLanguage\":\"pt-BR\",\"potentialAction\":[{\"@type\":\"ReadAction\",\"target\":[\"https:\\\/\\\/gloriadeus.com\\\/home\\\/porque-e-importante-saber-colorir\\\/\"]}]},{\"@type\":\"ImageObject\",\"inLanguage\":\"pt-BR\",\"@id\":\"https:\\\/\\\/gloriadeus.com\\\/home\\\/porque-e-importante-saber-colorir\\\/#primaryimage\",\"url\":\"https:\\\/\\\/gloriadeus.com\\\/wp-content\\\/uploads\\\/2025\\\/03\\\/210815CCIMG05.jpg\",\"contentUrl\":\"https:\\\/\\\/gloriadeus.com\\\/wp-content\\\/uploads\\\/2025\\\/03\\\/210815CCIMG05.jpg\",\"width\":563,\"height\":581,\"caption\":\"Porque \u00e9 importante saber colorir\"},{\"@type\":\"BreadcrumbList\",\"@id\":\"https:\\\/\\\/gloriadeus.com\\\/home\\\/porque-e-importante-saber-colorir\\\/#breadcrumb\",\"itemListElement\":[{\"@type\":\"ListItem\",\"position\":1,\"name\":\"In\u00edcio\",\"item\":\"https:\\\/\\\/gloriadeus.com\\\/home\\\/\"},{\"@type\":\"ListItem\",\"position\":2,\"name\":\"Porque \u00e9 importante saber colorir\"}]},{\"@type\":\"WebSite\",\"@id\":\"https:\\\/\\\/gloriadeus.com\\\/home\\\/#website\",\"url\":\"https:\\\/\\\/gloriadeus.com\\\/home\\\/\",\"name\":\"Gloria Deus\",\"description\":\"\u21a8 Deslize para descobrir mais \u21a8\",\"publisher\":{\"@id\":\"https:\\\/\\\/gloriadeus.com\\\/home\\\/#\\\/schema\\\/person\\\/ab2365ca8f87ea38e53ba3c2275e65c4\"},\"alternateName\":\"Muita f\u00e9\",\"potentialAction\":[{\"@type\":\"SearchAction\",\"target\":{\"@type\":\"EntryPoint\",\"urlTemplate\":\"https:\\\/\\\/gloriadeus.com\\\/home\\\/?s={search_term_string}\"},\"query-input\":{\"@type\":\"PropertyValueSpecification\",\"valueRequired\":true,\"valueName\":\"search_term_string\"}}],\"inLanguage\":\"pt-BR\"},{\"@type\":[\"Person\",\"Organization\"],\"@id\":\"https:\\\/\\\/gloriadeus.com\\\/home\\\/#\\\/schema\\\/person\\\/ab2365ca8f87ea38e53ba3c2275e65c4\",\"name\":\"gloriadeus.com\",\"image\":{\"@type\":\"ImageObject\",\"inLanguage\":\"pt-BR\",\"@id\":\"https:\\\/\\\/gloriadeus.com\\\/wp-content\\\/uploads\\\/2024\\\/03\\\/230525DDPNG-21.png\",\"url\":\"https:\\\/\\\/gloriadeus.com\\\/wp-content\\\/uploads\\\/2024\\\/03\\\/230525DDPNG-21.png\",\"contentUrl\":\"https:\\\/\\\/gloriadeus.com\\\/wp-content\\\/uploads\\\/2024\\\/03\\\/230525DDPNG-21.png\",\"width\":220,\"height\":230,\"caption\":\"gloriadeus.com\"},\"logo\":{\"@id\":\"https:\\\/\\\/gloriadeus.com\\\/wp-content\\\/uploads\\\/2024\\\/03\\\/230525DDPNG-21.png\"},\"sameAs\":[\"https:\\\/\\\/gloriadeus.com\"]}]}<\/script>\n<!-- \/ Yoast SEO plugin. -->","yoast_head_json":{"title":"Porque \u00e9 importante saber colorir - Gl\u00f3ria Deus","robots":{"index":"index","follow":"follow","max-snippet":"max-snippet:-1","max-image-preview":"max-image-preview:large","max-video-preview":"max-video-preview:-1"},"canonical":"https:\/\/gloriadeus.com\/home\/porque-e-importante-saber-colorir\/","og_locale":"pt_BR","og_type":"article","og_title":"Porque \u00e9 importante saber colorir - Gl\u00f3ria Deus","og_description":"Colorir \u00e9 uma atividade que vai muito al\u00e9m de simplesmente preencher espa\u00e7os em branco com cores, \u00e9 uma forma de &hellip;","og_url":"https:\/\/gloriadeus.com\/home\/porque-e-importante-saber-colorir\/","og_site_name":"Gl\u00f3ria Deus","article_modified_time":"2026-02-03T20:30:50+00:00","og_image":[{"width":563,"height":581,"url":"https:\/\/gloriadeus.com\/wp-content\/uploads\/2025\/03\/210815CCIMG05.jpg","type":"image\/jpeg"}],"twitter_card":"summary_large_image","twitter_misc":{"Est. tempo de leitura":"6 minutos"},"schema":{"@context":"https:\/\/schema.org","@graph":[{"@type":"WebPage","@id":"https:\/\/gloriadeus.com\/home\/porque-e-importante-saber-colorir\/","url":"https:\/\/gloriadeus.com\/home\/porque-e-importante-saber-colorir\/","name":"Porque \u00e9 importante saber colorir - Gl\u00f3ria Deus","isPartOf":{"@id":"https:\/\/gloriadeus.com\/home\/#website"},"primaryImageOfPage":{"@id":"https:\/\/gloriadeus.com\/home\/porque-e-importante-saber-colorir\/#primaryimage"},"image":{"@id":"https:\/\/gloriadeus.com\/home\/porque-e-importante-saber-colorir\/#primaryimage"},"thumbnailUrl":"https:\/\/gloriadeus.com\/wp-content\/uploads\/2025\/03\/210815CCIMG05.jpg","datePublished":"2026-01-15T19:38:04+00:00","dateModified":"2026-02-03T20:30:50+00:00","breadcrumb":{"@id":"https:\/\/gloriadeus.com\/home\/porque-e-importante-saber-colorir\/#breadcrumb"},"inLanguage":"pt-BR","potentialAction":[{"@type":"ReadAction","target":["https:\/\/gloriadeus.com\/home\/porque-e-importante-saber-colorir\/"]}]},{"@type":"ImageObject","inLanguage":"pt-BR","@id":"https:\/\/gloriadeus.com\/home\/porque-e-importante-saber-colorir\/#primaryimage","url":"https:\/\/gloriadeus.com\/wp-content\/uploads\/2025\/03\/210815CCIMG05.jpg","contentUrl":"https:\/\/gloriadeus.com\/wp-content\/uploads\/2025\/03\/210815CCIMG05.jpg","width":563,"height":581,"caption":"Porque \u00e9 importante saber colorir"},{"@type":"BreadcrumbList","@id":"https:\/\/gloriadeus.com\/home\/porque-e-importante-saber-colorir\/#breadcrumb","itemListElement":[{"@type":"ListItem","position":1,"name":"In\u00edcio","item":"https:\/\/gloriadeus.com\/home\/"},{"@type":"ListItem","position":2,"name":"Porque \u00e9 importante saber colorir"}]},{"@type":"WebSite","@id":"https:\/\/gloriadeus.com\/home\/#website","url":"https:\/\/gloriadeus.com\/home\/","name":"Gloria Deus","description":"\u21a8 Deslize para descobrir mais \u21a8","publisher":{"@id":"https:\/\/gloriadeus.com\/home\/#\/schema\/person\/ab2365ca8f87ea38e53ba3c2275e65c4"},"alternateName":"Muita f\u00e9","potentialAction":[{"@type":"SearchAction","target":{"@type":"EntryPoint","urlTemplate":"https:\/\/gloriadeus.com\/home\/?s={search_term_string}"},"query-input":{"@type":"PropertyValueSpecification","valueRequired":true,"valueName":"search_term_string"}}],"inLanguage":"pt-BR"},{"@type":["Person","Organization"],"@id":"https:\/\/gloriadeus.com\/home\/#\/schema\/person\/ab2365ca8f87ea38e53ba3c2275e65c4","name":"gloriadeus.com","image":{"@type":"ImageObject","inLanguage":"pt-BR","@id":"https:\/\/gloriadeus.com\/wp-content\/uploads\/2024\/03\/230525DDPNG-21.png","url":"https:\/\/gloriadeus.com\/wp-content\/uploads\/2024\/03\/230525DDPNG-21.png","contentUrl":"https:\/\/gloriadeus.com\/wp-content\/uploads\/2024\/03\/230525DDPNG-21.png","width":220,"height":230,"caption":"gloriadeus.com"},"logo":{"@id":"https:\/\/gloriadeus.com\/wp-content\/uploads\/2024\/03\/230525DDPNG-21.png"},"sameAs":["https:\/\/gloriadeus.com"]}]}},"_links":{"self":[{"href":"https:\/\/gloriadeus.com\/home\/wp-json\/wp\/v2\/pages\/5546","targetHints":{"allow":["GET"]}}],"collection":[{"href":"https:\/\/gloriadeus.com\/home\/wp-json\/wp\/v2\/pages"}],"about":[{"href":"https:\/\/gloriadeus.com\/home\/wp-json\/wp\/v2\/types\/page"}],"author":[{"embeddable":true,"href":"https:\/\/gloriadeus.com\/home\/wp-json\/wp\/v2\/users\/1"}],"replies":[{"embeddable":true,"href":"https:\/\/gloriadeus.com\/home\/wp-json\/wp\/v2\/comments?post=5546"}],"version-history":[{"count":8,"href":"https:\/\/gloriadeus.com\/home\/wp-json\/wp\/v2\/pages\/5546\/revisions"}],"predecessor-version":[{"id":10301,"href":"https:\/\/gloriadeus.com\/home\/wp-json\/wp\/v2\/pages\/5546\/revisions\/10301"}],"wp:featuredmedia":[{"embeddable":true,"href":"https:\/\/gloriadeus.com\/home\/wp-json\/wp\/v2\/media\/5551"}],"wp:attachment":[{"href":"https:\/\/gloriadeus.com\/home\/wp-json\/wp\/v2\/media?parent=5546"}],"curies":[{"name":"wp","href":"https:\/\/api.w.org\/{rel}","templated":true}]}}