{"id":5516,"date":"2026-01-15T02:13:52","date_gmt":"2026-01-15T05:13:52","guid":{"rendered":"https:\/\/gloriadeus.com\/?page_id=5516"},"modified":"2026-04-30T19:22:47","modified_gmt":"2026-04-30T22:22:47","slug":"prepare-aquele-cafe-quentinho-e-coloque-deus-no-seu-coracao","status":"publish","type":"page","link":"https:\/\/gloriadeus.com\/home\/prepare-aquele-cafe-quentinho-e-coloque-deus-no-seu-coracao\/","title":{"rendered":"Prepare aquele caf\u00e9 quentinho e coloque Deus no seu cora\u00e7\u00e3o"},"content":{"rendered":"<!-- Subtitulo, palavra e paragrafo ok -->\r\n\r\n\r\n<figure data-wp-context=\"{&quot;imageId&quot;:&quot;69fa3841e02f0&quot;}\" data-wp-interactive=\"core\/image\" data-wp-key=\"69fa3841e02f0\" class=\"wp-block-image size-large is-resized wp-lightbox-container\"><img loading=\"lazy\" decoding=\"async\" width=\"577\" height=\"1024\" data-wp-class--hide=\"state.isContentHidden\" data-wp-class--show=\"state.isContentVisible\" data-wp-init=\"callbacks.setButtonStyles\" data-wp-on--click=\"actions.showLightbox\" data-wp-on--load=\"callbacks.setButtonStyles\" data-wp-on-window--resize=\"callbacks.setButtonStyles\" class=\"wp-image-5519\" style=\"width: 324px; height: auto;\" src=\"https:\/\/gloriadeus.com\/wp-content\/uploads\/2025\/03\/210228DDIMG-14-577x1024.jpg\" alt=\"Prepare aquele caf\u00e9 quentinho e coloque Deus no seu cora\u00e7\u00e3o\" srcset=\"https:\/\/gloriadeus.com\/wp-content\/uploads\/2025\/03\/210228DDIMG-14-577x1024.jpg 577w, https:\/\/gloriadeus.com\/wp-content\/uploads\/2025\/03\/210228DDIMG-14-169x300.jpg 169w, https:\/\/gloriadeus.com\/wp-content\/uploads\/2025\/03\/210228DDIMG-14.jpg 640w\" sizes=\"auto, (max-width: 577px) 100vw, 577px\" \/><button\n\t\t\tclass=\"lightbox-trigger\"\n\t\t\ttype=\"button\"\n\t\t\taria-haspopup=\"dialog\"\n\t\t\taria-label=\"Ampliar\"\n\t\t\tdata-wp-init=\"callbacks.initTriggerButton\"\n\t\t\tdata-wp-on--click=\"actions.showLightbox\"\n\t\t\tdata-wp-style--right=\"state.imageButtonRight\"\n\t\t\tdata-wp-style--top=\"state.imageButtonTop\"\n\t\t>\n\t\t\t<svg xmlns=\"http:\/\/www.w3.org\/2000\/svg\" width=\"12\" height=\"12\" fill=\"none\" viewBox=\"0 0 12 12\">\n\t\t\t\t<path fill=\"#fff\" d=\"M2 0a2 2 0 0 0-2 2v2h1.5V2a.5.5 0 0 1 .5-.5h2V0H2Zm2 10.5H2a.5.5 0 0 1-.5-.5V8H0v2a2 2 0 0 0 2 2h2v-1.5ZM8 12v-1.5h2a.5.5 0 0 0 .5-.5V8H12v2a2 2 0 0 1-2 2H8Zm2-12a2 2 0 0 1 2 2v2h-1.5V2a.5.5 0 0 0-.5-.5H8V0h2Z\" \/>\n\t\t\t<\/svg>\n\t\t<\/button><\/figure>\r\n\r\n\r\n\r\n<p>\u00c9 curioso como algo t\u00e3o simples, como preparar um caf\u00e9 quentinho, pode ser um momento \u00fanico para refletir sobre nossa espiritualidade e buscar mais conex\u00e3o com Deus.\u00a0No ritmo acelerado do dia a dia, muitas vezes somos pegos pela correria, esquecendo de valorizar esses pequenos atos que podem ser uma chance de nos aproximarmos do que \u00e9 divino, sem que isso precise ser um esfor\u00e7o grandioso ou complicado.\u00a0<\/p>\r\n<h2>Caf\u00e9 com aconchego e a ben\u00e7\u00e3o da boa conviv\u00eancia\u00a0<\/h2>\r\n<p>Imagine que a cozinha, um lugar de aconchego e conviv\u00eancia, pode ser o nosso pequeno templo, e o caf\u00e9, mais do que uma bebida reconfortante, uma oportunidade de parar e refletir. O ato de preparar o caf\u00e9 em si pode ser uma verdadeira medita\u00e7\u00e3o.<\/p>\r\n<p>Como \u00e9 agrad\u00e1vel acordar cedo, tomar um instante para escolher o gr\u00e3o, moer com carinho, aquecer a \u00e1gua e sentir o aroma que vai invadir a casa, lembrando-nos da simplicidade da vida, da beleza nos detalhes. Ao fazer esse pequeno ritual, podemos incorporar uma ora\u00e7\u00e3o silenciosa ou uma reflex\u00e3o pessoal, pedindo a Deus que nos guie ao longo do dia e nos ajude a manter a paz em nossos cora\u00e7\u00f5es.\u00a0<\/p>\r\n<p>A pr\u00e1tica de pausar por alguns minutos, em meio ao caos do cotidiano, \u00e9 um convite a um tempo de ora\u00e7\u00e3o, n\u00e3o necessariamente de palavras, mas de um momento de quietude onde colocamos nossos pensamentos e desejos nas m\u00e3os de Deus, confiando que Ele nos ajudar\u00e1 a seguir com confian\u00e7a e sabedoria.\u00a0<\/p>\r\n\r\n\r\n\r\n<figure data-wp-context=\"{&quot;imageId&quot;:&quot;69fa3841e0696&quot;}\" data-wp-interactive=\"core\/image\" data-wp-key=\"69fa3841e0696\" class=\"wp-block-image size-large is-resized wp-lightbox-container\"><img loading=\"lazy\" decoding=\"async\" width=\"480\" height=\"480\" data-wp-class--hide=\"state.isContentHidden\" data-wp-class--show=\"state.isContentVisible\" data-wp-init=\"callbacks.setButtonStyles\" data-wp-on--click=\"actions.showLightbox\" data-wp-on--load=\"callbacks.setButtonStyles\" data-wp-on-window--resize=\"callbacks.setButtonStyles\" class=\"wp-image-5517\" style=\"width: 308px; height: auto;\" src=\"https:\/\/gloriadeus.com\/wp-content\/uploads\/2025\/03\/220806DDIMG-19.jpg\" alt=\"Prepare aquele caf\u00e9 quentinho e coloque Deus no seu cora\u00e7\u00e3o\" srcset=\"https:\/\/gloriadeus.com\/wp-content\/uploads\/2025\/03\/220806DDIMG-19.jpg 480w, https:\/\/gloriadeus.com\/wp-content\/uploads\/2025\/03\/220806DDIMG-19-300x300.jpg 300w, https:\/\/gloriadeus.com\/wp-content\/uploads\/2025\/03\/220806DDIMG-19-150x150.jpg 150w\" sizes=\"auto, (max-width: 480px) 100vw, 480px\" \/><button\n\t\t\tclass=\"lightbox-trigger\"\n\t\t\ttype=\"button\"\n\t\t\taria-haspopup=\"dialog\"\n\t\t\taria-label=\"Ampliar\"\n\t\t\tdata-wp-init=\"callbacks.initTriggerButton\"\n\t\t\tdata-wp-on--click=\"actions.showLightbox\"\n\t\t\tdata-wp-style--right=\"state.imageButtonRight\"\n\t\t\tdata-wp-style--top=\"state.imageButtonTop\"\n\t\t>\n\t\t\t<svg xmlns=\"http:\/\/www.w3.org\/2000\/svg\" width=\"12\" height=\"12\" fill=\"none\" viewBox=\"0 0 12 12\">\n\t\t\t\t<path fill=\"#fff\" d=\"M2 0a2 2 0 0 0-2 2v2h1.5V2a.5.5 0 0 1 .5-.5h2V0H2Zm2 10.5H2a.5.5 0 0 1-.5-.5V8H0v2a2 2 0 0 0 2 2h2v-1.5ZM8 12v-1.5h2a.5.5 0 0 0 .5-.5V8H12v2a2 2 0 0 1-2 2H8Zm2-12a2 2 0 0 1 2 2v2h-1.5V2a.5.5 0 0 0-.5-.5H8V0h2Z\" \/>\n\t\t\t<\/svg>\n\t\t<\/button>\u00a0<\/figure>\r\n<p>O caf\u00e9, com seu sabor, aroma e calor, nos lembra de que a vida tamb\u00e9m tem momentos quentes e confortantes, mas que, assim como a bebida, \u00e9 preciso cuidar para que o que \u00e9 bom seja saboreado no momento certo, e que os desafios, como o caf\u00e9 forte, podem ser superados com f\u00e9 e persist\u00eancia. Em vez de simplesmente correr para a pr\u00f3xima tarefa, podemos lembrar que at\u00e9 mesmo nas a\u00e7\u00f5es mais simples, Deus est\u00e1 conosco, orientando nossos passos.\u00a0<\/p>\r\n<h2>Prepare aquele caf\u00e9 quentinho e coloque Deus no seu cora\u00e7\u00e3o\u00a0<\/h2>\r\n<p>Para tornar esse momento ainda mais significativo, podemos transformar a prepara\u00e7\u00e3o do caf\u00e9 em um ritual que envolva os sentidos: Tocar, sentir o calor da x\u00edcara, ver a cor do l\u00edquido escuro tomando forma, ouvir o som da \u00e1gua a ferver, e at\u00e9 mesmo saborear lentamente, lembrando-nos que a vida tamb\u00e9m deve ser saboreada devagar, aproveitando cada momento.<\/p>\r\n<p>Durante esse processo, podemos deixar a mente aberta para se conectar com Deus, seja por meio de uma m\u00fasica suave, seja pela leitura de um vers\u00edculo ou simplesmente em um momento de sil\u00eancio.\u00a0A ideia n\u00e3o \u00e9 transformar o caf\u00e9 em uma ora\u00e7\u00e3o formal, mas perceber que em cada ato, em cada gesto simples, h\u00e1 uma oportunidade de colocar Deus em nosso cora\u00e7\u00e3o.<\/p>\r\n\r\n\r\n\r\n<figure data-wp-context=\"{&quot;imageId&quot;:&quot;69fa3841e09cb&quot;}\" data-wp-interactive=\"core\/image\" data-wp-key=\"69fa3841e09cb\" class=\"wp-block-image size-large is-resized wp-lightbox-container\"><img loading=\"lazy\" decoding=\"async\" width=\"1024\" height=\"1024\" data-wp-class--hide=\"state.isContentHidden\" data-wp-class--show=\"state.isContentVisible\" data-wp-init=\"callbacks.setButtonStyles\" data-wp-on--click=\"actions.showLightbox\" data-wp-on--load=\"callbacks.setButtonStyles\" data-wp-on-window--resize=\"callbacks.setButtonStyles\" class=\"wp-image-5520\" style=\"width: 325px; height: auto;\" src=\"https:\/\/gloriadeus.com\/wp-content\/uploads\/2025\/03\/220806DDIMG-18-1024x1024.jpg\" alt=\"Prepare aquele caf\u00e9 quentinho e coloque Deus no seu cora\u00e7\u00e3o\" srcset=\"https:\/\/gloriadeus.com\/wp-content\/uploads\/2025\/03\/220806DDIMG-18-1024x1024.jpg 1024w, https:\/\/gloriadeus.com\/wp-content\/uploads\/2025\/03\/220806DDIMG-18-300x300.jpg 300w, https:\/\/gloriadeus.com\/wp-content\/uploads\/2025\/03\/220806DDIMG-18-150x150.jpg 150w, https:\/\/gloriadeus.com\/wp-content\/uploads\/2025\/03\/220806DDIMG-18-768x768.jpg 768w, https:\/\/gloriadeus.com\/wp-content\/uploads\/2025\/03\/220806DDIMG-18-900x900.jpg 900w, https:\/\/gloriadeus.com\/wp-content\/uploads\/2025\/03\/220806DDIMG-18.jpg 1080w\" sizes=\"auto, (max-width: 1024px) 100vw, 1024px\" \/><button\n\t\t\tclass=\"lightbox-trigger\"\n\t\t\ttype=\"button\"\n\t\t\taria-haspopup=\"dialog\"\n\t\t\taria-label=\"Ampliar\"\n\t\t\tdata-wp-init=\"callbacks.initTriggerButton\"\n\t\t\tdata-wp-on--click=\"actions.showLightbox\"\n\t\t\tdata-wp-style--right=\"state.imageButtonRight\"\n\t\t\tdata-wp-style--top=\"state.imageButtonTop\"\n\t\t>\n\t\t\t<svg xmlns=\"http:\/\/www.w3.org\/2000\/svg\" width=\"12\" height=\"12\" fill=\"none\" viewBox=\"0 0 12 12\">\n\t\t\t\t<path fill=\"#fff\" d=\"M2 0a2 2 0 0 0-2 2v2h1.5V2a.5.5 0 0 1 .5-.5h2V0H2Zm2 10.5H2a.5.5 0 0 1-.5-.5V8H0v2a2 2 0 0 0 2 2h2v-1.5ZM8 12v-1.5h2a.5.5 0 0 0 .5-.5V8H12v2a2 2 0 0 1-2 2H8Zm2-12a2 2 0 0 1 2 2v2h-1.5V2a.5.5 0 0 0-.5-.5H8V0h2Z\" \/>\n\t\t\t<\/svg>\n\t\t<\/button>\u00a0<\/figure>\r\n<p>Podemos tamb\u00e9m, ao servir o caf\u00e9, mentalizar que estamos compartilhando algo bom com aqueles que amamos, com um gesto de carinho e cuidado.\u00a0Oferecer um caf\u00e9 quente a um amigo, familiar ou colega de trabalho pode ser um reflexo do amor de Deus, sendo uma maneira de espalhar bondade e aten\u00e7\u00e3o aos outros, demonstrando a mesma generosidade que Ele nos oferece a cada dia.\u00a0<\/p>\r\n<h2>Preparo meu caf\u00e9 com muita gratid\u00e3o\u00a0<\/h2>\r\n<p>A prepara\u00e7\u00e3o do caf\u00e9 pode, ainda, ser uma maneira de iniciar o dia com gratid\u00e3o. Antes de dar o primeiro gole, podemos fazer uma pausa e <strong>agradecer a Deus<\/strong> por mais um dia de vida, por todos os recursos que temos, at\u00e9 pelo simples prazer de saborear uma bebida que aquece nosso corpo e nossa alma.<\/p>\r\n<p>E, por que n\u00e3o, no final do dia, ao preparar o caf\u00e9, refletir sobre as b\u00ean\u00e7\u00e3os do dia? Ao colocar \u00e1gua no fogo e aguardar o caf\u00e9, podemos pensar sobre o que aprendemos, como agimos, e como podemos melhorar, sempre com um cora\u00e7\u00e3o disposto a aprender com os ensinamentos divinos.\u00a0<\/p>\r\n\r\n\r\n\r\n<figure data-wp-context=\"{&quot;imageId&quot;:&quot;69fa3841e0cf9&quot;}\" data-wp-interactive=\"core\/image\" data-wp-key=\"69fa3841e0cf9\" class=\"wp-block-image size-large is-resized wp-lightbox-container\"><img loading=\"lazy\" decoding=\"async\" width=\"236\" height=\"294\" data-wp-class--hide=\"state.isContentHidden\" data-wp-class--show=\"state.isContentVisible\" data-wp-init=\"callbacks.setButtonStyles\" data-wp-on--click=\"actions.showLightbox\" data-wp-on--load=\"callbacks.setButtonStyles\" data-wp-on-window--resize=\"callbacks.setButtonStyles\" class=\"wp-image-5518\" style=\"width: 182px; height: auto;\" src=\"https:\/\/gloriadeus.com\/wp-content\/uploads\/2025\/03\/220806DDIMG-20.jpg\" alt=\"Prepare aquele caf\u00e9 quentinho e coloque Deus no seu cora\u00e7\u00e3o\" \/><button\n\t\t\tclass=\"lightbox-trigger\"\n\t\t\ttype=\"button\"\n\t\t\taria-haspopup=\"dialog\"\n\t\t\taria-label=\"Ampliar\"\n\t\t\tdata-wp-init=\"callbacks.initTriggerButton\"\n\t\t\tdata-wp-on--click=\"actions.showLightbox\"\n\t\t\tdata-wp-style--right=\"state.imageButtonRight\"\n\t\t\tdata-wp-style--top=\"state.imageButtonTop\"\n\t\t>\n\t\t\t<svg xmlns=\"http:\/\/www.w3.org\/2000\/svg\" width=\"12\" height=\"12\" fill=\"none\" viewBox=\"0 0 12 12\">\n\t\t\t\t<path fill=\"#fff\" d=\"M2 0a2 2 0 0 0-2 2v2h1.5V2a.5.5 0 0 1 .5-.5h2V0H2Zm2 10.5H2a.5.5 0 0 1-.5-.5V8H0v2a2 2 0 0 0 2 2h2v-1.5ZM8 12v-1.5h2a.5.5 0 0 0 .5-.5V8H12v2a2 2 0 0 1-2 2H8Zm2-12a2 2 0 0 1 2 2v2h-1.5V2a.5.5 0 0 0-.5-.5H8V0h2Z\" \/>\n\t\t\t<\/svg>\n\t\t<\/button>\u00a0<\/figure>\r\n<p>O caf\u00e9 quente, ent\u00e3o, se transforma em uma met\u00e1fora de renova\u00e7\u00e3o. A cada gole, podemos lembrar que, assim como o caf\u00e9 \u00e9 feito a partir de um gr\u00e3o simples, nossa vida, muitas vezes, se constr\u00f3i a partir de pequenos momentos, e que, com paci\u00eancia, f\u00e9 e dedica\u00e7\u00e3o, esses momentos podem se transformar em algo muito maior e mais belo.\u00a0<\/p>\r\n<h2>Fa\u00e7a uma autoreavalia\u00e7\u00e3o\u00a0<\/h2>\r\n<p>O ato de preparar o caf\u00e9 se torna um momento de reavalia\u00e7\u00e3o, de crescimento, e de busca constante por uma conex\u00e3o mais profunda com Deus.\u00a0Ao longo do dia, podemos manter esse esp\u00edrito presente. Talvez em uma pausa para o caf\u00e9 no meio da tarde, ao convidar Deus para estar conosco em cada tarefa, em cada pequena vit\u00f3ria e desafio.<\/p>\r\n<p>Um simples momento de pausa, acompanhado de uma bebida quente, \u00e9 uma oportunidade para renovar a f\u00e9, parar para respirar, e sentir a presen\u00e7a divina em todos os momentos da vida, at\u00e9 nos mais simples.\u00a0O segredo est\u00e1 em enxergar, atrav\u00e9s de um caf\u00e9 quentinho, a grandeza do cuidado divino, transformando esse ato simples em um momento de sacralidade, onde o calor do l\u00edquido se mistura com o calor do nosso esp\u00edrito.<\/p>\r\n<p>E no <a href=\"https:\/\/gloriadeus.com\/home\/boa-noite-uma-chuva-de-estrelas-e-bencaos-pra-voce\/\" ><em>final das contas<\/em><\/a>, Deus est\u00e1 em cada detalhe da nossa vida, at\u00e9 mesmo naquele caf\u00e9 que preparamos com tanto carinho, e, por meio desse pequeno gesto, Ele nos lembra de que est\u00e1 sempre ao nosso lado, nos guiando, nos aben\u00e7oando e nos amando.\u00a0<\/p>\r\n\r\n\r\n","protected":false},"excerpt":{"rendered":"<p>\u00c9 curioso como algo t\u00e3o simples, como preparar um caf\u00e9 quentinho, pode ser um momento \u00fanico para refletir sobre nossa &hellip; <\/p>\n","protected":false},"author":1,"featured_media":5520,"parent":0,"menu_order":0,"comment_status":"open","ping_status":"closed","template":"","meta":{"_uf_show_specific_survey":0,"_uf_disable_surveys":false,"footnotes":""},"class_list":["post-5516","page","type-page","status-publish","has-post-thumbnail","hentry"],"yoast_head":"<!-- This site is optimized with the Yoast SEO plugin v27.5 - https:\/\/yoast.com\/product\/yoast-seo-wordpress\/ -->\n<title>Prepare aquele caf\u00e9 quentinho e coloque Deus no seu cora\u00e7\u00e3o - Gl\u00f3ria Deus<\/title>\n<meta name=\"robots\" content=\"index, follow, max-snippet:-1, max-image-preview:large, max-video-preview:-1\" \/>\n<link rel=\"canonical\" href=\"https:\/\/gloriadeus.com\/home\/prepare-aquele-cafe-quentinho-e-coloque-deus-no-seu-coracao\/\" \/>\n<meta property=\"og:locale\" content=\"pt_BR\" \/>\n<meta property=\"og:type\" content=\"article\" \/>\n<meta property=\"og:title\" content=\"Prepare aquele caf\u00e9 quentinho e coloque Deus no seu cora\u00e7\u00e3o - Gl\u00f3ria Deus\" \/>\n<meta property=\"og:description\" content=\"\u00c9 curioso como algo t\u00e3o simples, como preparar um caf\u00e9 quentinho, pode ser um momento \u00fanico para refletir sobre nossa &hellip;\" \/>\n<meta property=\"og:url\" content=\"https:\/\/gloriadeus.com\/home\/prepare-aquele-cafe-quentinho-e-coloque-deus-no-seu-coracao\/\" \/>\n<meta property=\"og:site_name\" content=\"Gl\u00f3ria Deus\" \/>\n<meta property=\"article:modified_time\" content=\"2026-04-30T22:22:47+00:00\" \/>\n<meta property=\"og:image\" content=\"https:\/\/gloriadeus.com\/wp-content\/uploads\/2025\/03\/220806DDIMG-18.jpg\" \/>\n\t<meta property=\"og:image:width\" content=\"1080\" \/>\n\t<meta property=\"og:image:height\" content=\"1080\" \/>\n\t<meta property=\"og:image:type\" content=\"image\/jpeg\" \/>\n<meta name=\"twitter:card\" content=\"summary_large_image\" \/>\n<meta name=\"twitter:label1\" content=\"Est. tempo de leitura\" \/>\n\t<meta name=\"twitter:data1\" content=\"6 minutos\" \/>\n<script type=\"application\/ld+json\" class=\"yoast-schema-graph\">{\"@context\":\"https:\\\/\\\/schema.org\",\"@graph\":[{\"@type\":\"WebPage\",\"@id\":\"https:\\\/\\\/gloriadeus.com\\\/home\\\/prepare-aquele-cafe-quentinho-e-coloque-deus-no-seu-coracao\\\/\",\"url\":\"https:\\\/\\\/gloriadeus.com\\\/home\\\/prepare-aquele-cafe-quentinho-e-coloque-deus-no-seu-coracao\\\/\",\"name\":\"Prepare aquele caf\u00e9 quentinho e coloque Deus no seu cora\u00e7\u00e3o - Gl\u00f3ria Deus\",\"isPartOf\":{\"@id\":\"https:\\\/\\\/gloriadeus.com\\\/home\\\/#website\"},\"primaryImageOfPage\":{\"@id\":\"https:\\\/\\\/gloriadeus.com\\\/home\\\/prepare-aquele-cafe-quentinho-e-coloque-deus-no-seu-coracao\\\/#primaryimage\"},\"image\":{\"@id\":\"https:\\\/\\\/gloriadeus.com\\\/home\\\/prepare-aquele-cafe-quentinho-e-coloque-deus-no-seu-coracao\\\/#primaryimage\"},\"thumbnailUrl\":\"https:\\\/\\\/gloriadeus.com\\\/wp-content\\\/uploads\\\/2025\\\/03\\\/220806DDIMG-18.jpg\",\"datePublished\":\"2026-01-15T05:13:52+00:00\",\"dateModified\":\"2026-04-30T22:22:47+00:00\",\"breadcrumb\":{\"@id\":\"https:\\\/\\\/gloriadeus.com\\\/home\\\/prepare-aquele-cafe-quentinho-e-coloque-deus-no-seu-coracao\\\/#breadcrumb\"},\"inLanguage\":\"pt-BR\",\"potentialAction\":[{\"@type\":\"ReadAction\",\"target\":[\"https:\\\/\\\/gloriadeus.com\\\/home\\\/prepare-aquele-cafe-quentinho-e-coloque-deus-no-seu-coracao\\\/\"]}]},{\"@type\":\"ImageObject\",\"inLanguage\":\"pt-BR\",\"@id\":\"https:\\\/\\\/gloriadeus.com\\\/home\\\/prepare-aquele-cafe-quentinho-e-coloque-deus-no-seu-coracao\\\/#primaryimage\",\"url\":\"https:\\\/\\\/gloriadeus.com\\\/wp-content\\\/uploads\\\/2025\\\/03\\\/220806DDIMG-18.jpg\",\"contentUrl\":\"https:\\\/\\\/gloriadeus.com\\\/wp-content\\\/uploads\\\/2025\\\/03\\\/220806DDIMG-18.jpg\",\"width\":1080,\"height\":1080,\"caption\":\"Prepare aquele caf\u00e9 quentinho e coloque Deus no seu cora\u00e7\u00e3o\"},{\"@type\":\"BreadcrumbList\",\"@id\":\"https:\\\/\\\/gloriadeus.com\\\/home\\\/prepare-aquele-cafe-quentinho-e-coloque-deus-no-seu-coracao\\\/#breadcrumb\",\"itemListElement\":[{\"@type\":\"ListItem\",\"position\":1,\"name\":\"In\u00edcio\",\"item\":\"https:\\\/\\\/gloriadeus.com\\\/home\\\/\"},{\"@type\":\"ListItem\",\"position\":2,\"name\":\"Prepare aquele caf\u00e9 quentinho e coloque Deus no seu cora\u00e7\u00e3o\"}]},{\"@type\":\"WebSite\",\"@id\":\"https:\\\/\\\/gloriadeus.com\\\/home\\\/#website\",\"url\":\"https:\\\/\\\/gloriadeus.com\\\/home\\\/\",\"name\":\"Gloria Deus\",\"description\":\"\u21a8 Deslize para descobrir mais \u21a8\",\"publisher\":{\"@id\":\"https:\\\/\\\/gloriadeus.com\\\/home\\\/#\\\/schema\\\/person\\\/ab2365ca8f87ea38e53ba3c2275e65c4\"},\"alternateName\":\"Muita f\u00e9\",\"potentialAction\":[{\"@type\":\"SearchAction\",\"target\":{\"@type\":\"EntryPoint\",\"urlTemplate\":\"https:\\\/\\\/gloriadeus.com\\\/home\\\/?s={search_term_string}\"},\"query-input\":{\"@type\":\"PropertyValueSpecification\",\"valueRequired\":true,\"valueName\":\"search_term_string\"}}],\"inLanguage\":\"pt-BR\"},{\"@type\":[\"Person\",\"Organization\"],\"@id\":\"https:\\\/\\\/gloriadeus.com\\\/home\\\/#\\\/schema\\\/person\\\/ab2365ca8f87ea38e53ba3c2275e65c4\",\"name\":\"gloriadeus.com\",\"image\":{\"@type\":\"ImageObject\",\"inLanguage\":\"pt-BR\",\"@id\":\"https:\\\/\\\/gloriadeus.com\\\/wp-content\\\/uploads\\\/2024\\\/03\\\/230525DDPNG-21.png\",\"url\":\"https:\\\/\\\/gloriadeus.com\\\/wp-content\\\/uploads\\\/2024\\\/03\\\/230525DDPNG-21.png\",\"contentUrl\":\"https:\\\/\\\/gloriadeus.com\\\/wp-content\\\/uploads\\\/2024\\\/03\\\/230525DDPNG-21.png\",\"width\":220,\"height\":230,\"caption\":\"gloriadeus.com\"},\"logo\":{\"@id\":\"https:\\\/\\\/gloriadeus.com\\\/wp-content\\\/uploads\\\/2024\\\/03\\\/230525DDPNG-21.png\"},\"sameAs\":[\"https:\\\/\\\/gloriadeus.com\"]}]}<\/script>\n<!-- \/ Yoast SEO plugin. -->","yoast_head_json":{"title":"Prepare aquele caf\u00e9 quentinho e coloque Deus no seu cora\u00e7\u00e3o - Gl\u00f3ria Deus","robots":{"index":"index","follow":"follow","max-snippet":"max-snippet:-1","max-image-preview":"max-image-preview:large","max-video-preview":"max-video-preview:-1"},"canonical":"https:\/\/gloriadeus.com\/home\/prepare-aquele-cafe-quentinho-e-coloque-deus-no-seu-coracao\/","og_locale":"pt_BR","og_type":"article","og_title":"Prepare aquele caf\u00e9 quentinho e coloque Deus no seu cora\u00e7\u00e3o - Gl\u00f3ria Deus","og_description":"\u00c9 curioso como algo t\u00e3o simples, como preparar um caf\u00e9 quentinho, pode ser um momento \u00fanico para refletir sobre nossa &hellip;","og_url":"https:\/\/gloriadeus.com\/home\/prepare-aquele-cafe-quentinho-e-coloque-deus-no-seu-coracao\/","og_site_name":"Gl\u00f3ria Deus","article_modified_time":"2026-04-30T22:22:47+00:00","og_image":[{"width":1080,"height":1080,"url":"https:\/\/gloriadeus.com\/wp-content\/uploads\/2025\/03\/220806DDIMG-18.jpg","type":"image\/jpeg"}],"twitter_card":"summary_large_image","twitter_misc":{"Est. tempo de leitura":"6 minutos"},"schema":{"@context":"https:\/\/schema.org","@graph":[{"@type":"WebPage","@id":"https:\/\/gloriadeus.com\/home\/prepare-aquele-cafe-quentinho-e-coloque-deus-no-seu-coracao\/","url":"https:\/\/gloriadeus.com\/home\/prepare-aquele-cafe-quentinho-e-coloque-deus-no-seu-coracao\/","name":"Prepare aquele caf\u00e9 quentinho e coloque Deus no seu cora\u00e7\u00e3o - Gl\u00f3ria Deus","isPartOf":{"@id":"https:\/\/gloriadeus.com\/home\/#website"},"primaryImageOfPage":{"@id":"https:\/\/gloriadeus.com\/home\/prepare-aquele-cafe-quentinho-e-coloque-deus-no-seu-coracao\/#primaryimage"},"image":{"@id":"https:\/\/gloriadeus.com\/home\/prepare-aquele-cafe-quentinho-e-coloque-deus-no-seu-coracao\/#primaryimage"},"thumbnailUrl":"https:\/\/gloriadeus.com\/wp-content\/uploads\/2025\/03\/220806DDIMG-18.jpg","datePublished":"2026-01-15T05:13:52+00:00","dateModified":"2026-04-30T22:22:47+00:00","breadcrumb":{"@id":"https:\/\/gloriadeus.com\/home\/prepare-aquele-cafe-quentinho-e-coloque-deus-no-seu-coracao\/#breadcrumb"},"inLanguage":"pt-BR","potentialAction":[{"@type":"ReadAction","target":["https:\/\/gloriadeus.com\/home\/prepare-aquele-cafe-quentinho-e-coloque-deus-no-seu-coracao\/"]}]},{"@type":"ImageObject","inLanguage":"pt-BR","@id":"https:\/\/gloriadeus.com\/home\/prepare-aquele-cafe-quentinho-e-coloque-deus-no-seu-coracao\/#primaryimage","url":"https:\/\/gloriadeus.com\/wp-content\/uploads\/2025\/03\/220806DDIMG-18.jpg","contentUrl":"https:\/\/gloriadeus.com\/wp-content\/uploads\/2025\/03\/220806DDIMG-18.jpg","width":1080,"height":1080,"caption":"Prepare aquele caf\u00e9 quentinho e coloque Deus no seu cora\u00e7\u00e3o"},{"@type":"BreadcrumbList","@id":"https:\/\/gloriadeus.com\/home\/prepare-aquele-cafe-quentinho-e-coloque-deus-no-seu-coracao\/#breadcrumb","itemListElement":[{"@type":"ListItem","position":1,"name":"In\u00edcio","item":"https:\/\/gloriadeus.com\/home\/"},{"@type":"ListItem","position":2,"name":"Prepare aquele caf\u00e9 quentinho e coloque Deus no seu cora\u00e7\u00e3o"}]},{"@type":"WebSite","@id":"https:\/\/gloriadeus.com\/home\/#website","url":"https:\/\/gloriadeus.com\/home\/","name":"Gloria Deus","description":"\u21a8 Deslize para descobrir mais \u21a8","publisher":{"@id":"https:\/\/gloriadeus.com\/home\/#\/schema\/person\/ab2365ca8f87ea38e53ba3c2275e65c4"},"alternateName":"Muita f\u00e9","potentialAction":[{"@type":"SearchAction","target":{"@type":"EntryPoint","urlTemplate":"https:\/\/gloriadeus.com\/home\/?s={search_term_string}"},"query-input":{"@type":"PropertyValueSpecification","valueRequired":true,"valueName":"search_term_string"}}],"inLanguage":"pt-BR"},{"@type":["Person","Organization"],"@id":"https:\/\/gloriadeus.com\/home\/#\/schema\/person\/ab2365ca8f87ea38e53ba3c2275e65c4","name":"gloriadeus.com","image":{"@type":"ImageObject","inLanguage":"pt-BR","@id":"https:\/\/gloriadeus.com\/wp-content\/uploads\/2024\/03\/230525DDPNG-21.png","url":"https:\/\/gloriadeus.com\/wp-content\/uploads\/2024\/03\/230525DDPNG-21.png","contentUrl":"https:\/\/gloriadeus.com\/wp-content\/uploads\/2024\/03\/230525DDPNG-21.png","width":220,"height":230,"caption":"gloriadeus.com"},"logo":{"@id":"https:\/\/gloriadeus.com\/wp-content\/uploads\/2024\/03\/230525DDPNG-21.png"},"sameAs":["https:\/\/gloriadeus.com"]}]}},"_links":{"self":[{"href":"https:\/\/gloriadeus.com\/home\/wp-json\/wp\/v2\/pages\/5516","targetHints":{"allow":["GET"]}}],"collection":[{"href":"https:\/\/gloriadeus.com\/home\/wp-json\/wp\/v2\/pages"}],"about":[{"href":"https:\/\/gloriadeus.com\/home\/wp-json\/wp\/v2\/types\/page"}],"author":[{"embeddable":true,"href":"https:\/\/gloriadeus.com\/home\/wp-json\/wp\/v2\/users\/1"}],"replies":[{"embeddable":true,"href":"https:\/\/gloriadeus.com\/home\/wp-json\/wp\/v2\/comments?post=5516"}],"version-history":[{"count":9,"href":"https:\/\/gloriadeus.com\/home\/wp-json\/wp\/v2\/pages\/5516\/revisions"}],"predecessor-version":[{"id":11678,"href":"https:\/\/gloriadeus.com\/home\/wp-json\/wp\/v2\/pages\/5516\/revisions\/11678"}],"wp:featuredmedia":[{"embeddable":true,"href":"https:\/\/gloriadeus.com\/home\/wp-json\/wp\/v2\/media\/5520"}],"wp:attachment":[{"href":"https:\/\/gloriadeus.com\/home\/wp-json\/wp\/v2\/media?parent=5516"}],"curies":[{"name":"wp","href":"https:\/\/api.w.org\/{rel}","templated":true}]}}