{"id":5309,"date":"2026-01-13T06:15:20","date_gmt":"2026-01-13T09:15:20","guid":{"rendered":"https:\/\/gloriadeus.com\/?page_id=5309"},"modified":"2026-02-07T12:12:26","modified_gmt":"2026-02-07T15:12:26","slug":"curta-todos-os-seus-momentos","status":"publish","type":"page","link":"https:\/\/gloriadeus.com\/home\/curta-todos-os-seus-momentos\/","title":{"rendered":"Curta todos os seus momentos"},"content":{"rendered":"<!-- subtitulo, palavra, paragrafo ok --> \r\n\r\n<figure data-wp-context=\"{&quot;imageId&quot;:&quot;69fa4b39b9909&quot;}\" data-wp-interactive=\"core\/image\" data-wp-key=\"69fa4b39b9909\" class=\"wp-block-image size-large is-resized wp-lightbox-container\"><img loading=\"lazy\" decoding=\"async\" width=\"500\" height=\"638\" data-wp-class--hide=\"state.isContentHidden\" data-wp-class--show=\"state.isContentVisible\" data-wp-init=\"callbacks.setButtonStyles\" data-wp-on--click=\"actions.showLightbox\" data-wp-on--load=\"callbacks.setButtonStyles\" data-wp-on-window--resize=\"callbacks.setButtonStyles\" class=\"wp-image-5310\" style=\"width: 342px; height: auto;\" src=\"https:\/\/gloriadeus.com\/wp-content\/uploads\/2025\/03\/220613DDIMG01.jpg\" alt=\"Curta todos os seus momentos \" srcset=\"https:\/\/gloriadeus.com\/wp-content\/uploads\/2025\/03\/220613DDIMG01.jpg 500w, https:\/\/gloriadeus.com\/wp-content\/uploads\/2025\/03\/220613DDIMG01-235x300.jpg 235w\" sizes=\"auto, (max-width: 500px) 100vw, 500px\" \/><button\n\t\t\tclass=\"lightbox-trigger\"\n\t\t\ttype=\"button\"\n\t\t\taria-haspopup=\"dialog\"\n\t\t\taria-label=\"Ampliar\"\n\t\t\tdata-wp-init=\"callbacks.initTriggerButton\"\n\t\t\tdata-wp-on--click=\"actions.showLightbox\"\n\t\t\tdata-wp-style--right=\"state.imageButtonRight\"\n\t\t\tdata-wp-style--top=\"state.imageButtonTop\"\n\t\t>\n\t\t\t<svg xmlns=\"http:\/\/www.w3.org\/2000\/svg\" width=\"12\" height=\"12\" fill=\"none\" viewBox=\"0 0 12 12\">\n\t\t\t\t<path fill=\"#fff\" d=\"M2 0a2 2 0 0 0-2 2v2h1.5V2a.5.5 0 0 1 .5-.5h2V0H2Zm2 10.5H2a.5.5 0 0 1-.5-.5V8H0v2a2 2 0 0 0 2 2h2v-1.5ZM8 12v-1.5h2a.5.5 0 0 0 .5-.5V8H12v2a2 2 0 0 1-2 2H8Zm2-12a2 2 0 0 1 2 2v2h-1.5V2a.5.5 0 0 0-.5-.5H8V0h2Z\" \/>\n\t\t\t<\/svg>\n\t\t<\/button><\/figure>\r\n\r\n\r\n\r\n<p>Viver intensamente cada momento com f\u00e9 e alegria \u00e9 um desafio que pode ser transformado em uma linda jornada repleta de descobertas e experi\u00eancias significativa, para come\u00e7ar, podemos cultivar a pr\u00e1tica da gratid\u00e3o di\u00e1ria, escrevendo todas as manh\u00e3s tr\u00eas coisas pelas quais somos gratos.\u00a0<\/p>\r\n<h2>A conex\u00e3o com a ess\u00eancia espiritual<\/h2>\r\n<p>Uma simples a\u00e7\u00e3o que nos ajuda a focar nas b\u00ean\u00e7\u00e3os que j\u00e1 possu\u00edmos, fazendo com que cada pequeno detalhe da vida se torne um motivo para sorrir e celebrar, dedicar momentos do dia para a medita\u00e7\u00e3o ou a ora\u00e7\u00e3o tamb\u00e9m pode nos conectar com nossa ess\u00eancia espiritual.<\/p>\r\n<p>O que permitindo que sintamos uma paz interior que potencializa nossa capacidade de desfrutar as alegrias cotidianas, outra ideia criativa \u00e9 incorporar rituais familiares que fortale\u00e7am os la\u00e7os de amor e amizade, como um jantar semanal em que cada um compartilha suas experi\u00eancias da semana, suas conquistas e desafios.\u00a0<\/p>\r\n\r\n\r\n\r\n\r\n\r\n\r\n\r\n<figure class=\"wp-block-image size-large is-resized\"><img loading=\"lazy\" decoding=\"async\" width=\"1024\" height=\"1024\" class=\"wp-image-5313\" style=\"width: 337px; height: auto;\" src=\"https:\/\/gloriadeus.com\/wp-content\/uploads\/2025\/03\/231021DDIM-17.jpg\" alt=\"Curta todos os seus momentos \" srcset=\"https:\/\/gloriadeus.com\/wp-content\/uploads\/2025\/03\/231021DDIM-17.jpg 1024w, https:\/\/gloriadeus.com\/wp-content\/uploads\/2025\/03\/231021DDIM-17-300x300.jpg 300w, https:\/\/gloriadeus.com\/wp-content\/uploads\/2025\/03\/231021DDIM-17-150x150.jpg 150w, https:\/\/gloriadeus.com\/wp-content\/uploads\/2025\/03\/231021DDIM-17-768x768.jpg 768w, https:\/\/gloriadeus.com\/wp-content\/uploads\/2025\/03\/231021DDIM-17-900x900.jpg 900w\" sizes=\"auto, (max-width: 1024px) 100vw, 1024px\" \/>\u00a0<\/figure>\r\n<p>Isso cria um espa\u00e7o seguro para apoio m\u00fatuo e celebra\u00e7\u00e3o em conjunto, isso n\u00e3o s\u00f3 trar\u00e1 momentos de alegria, mas tamb\u00e9m o fortalecimento de rela\u00e7\u00f5es que s\u00e3o fundamentais para nosso bem-estar emocional.\u00a0<\/p>\r\n<h2>Curta todos os seus momentos\u00a0<\/h2>\r\n\r\n\r\n\r\n<p>Realizar passeios em meio \u00e0 natureza \u00e9 uma excelente forma de redescobrir a beleza ao nosso redor, seja em parques, montanhas ou praias, pois a conex\u00e3o com o ambiente natural nos lembra da grandeza da cria\u00e7\u00e3o e pode ser uma fonte de inspira\u00e7\u00e3o e renova\u00e7\u00e3o, levando-nos a aprecia\u00e7\u00f5es profundas de cada simples instante.<\/p>\r\n<p>As artes tamb\u00e9m podem ser uma via poderosa para expressar nossa f\u00e9 e alegria, seja por meio da pintura, da m\u00fasica, da dan\u00e7a ou da escrita, permitindo-nos canalizar emo\u00e7\u00f5es e viv\u00eancias em cria\u00e7\u00f5es que celebram a vida, por exemplo, reunir amigos para uma noite de poesia em que cada um apresenta um poema que representa sua jornada pode ser um espa\u00e7o de partilha profunda e significado.\u00a0<\/p>\r\n<p><img loading=\"lazy\" decoding=\"async\" width=\"720\" height=\"720\" class=\"wp-image-5311\" style=\"width: 308px; height: auto;\" src=\"https:\/\/gloriadeus.com\/wp-content\/uploads\/2025\/03\/220613DDIMG02.jpg\" alt=\"Curta todos os seus momentos \" srcset=\"https:\/\/gloriadeus.com\/wp-content\/uploads\/2025\/03\/220613DDIMG02.jpg 720w, https:\/\/gloriadeus.com\/wp-content\/uploads\/2025\/03\/220613DDIMG02-300x300.jpg 300w, https:\/\/gloriadeus.com\/wp-content\/uploads\/2025\/03\/220613DDIMG02-150x150.jpg 150w\" sizes=\"auto, (max-width: 720px) 100vw, 720px\" \/>\u00a0<\/p>\r\n<p>Adotar um estilo de vida mais consciente e presente \u00e9 fundamental, praticando mindfulness em atividades cotidianas como cozinhar, escovar os dentes ou at\u00e9 fazer compras, isso nos ajuda a apreciar cada momento como \u00fanico, despertando os sentidos e a percep\u00e7\u00e3o.\u00a0<\/p>\r\n<h2>O prop\u00f3sito maior\u00a0<\/h2>\r\n<p>Ao mesmo tempo, a f\u00e9 pode ser alimentada atrav\u00e9s do envolvimento em causas sociais, como voluntariado em institui\u00e7\u00f5es que ajudem aqueles que mais precisam, pois quando ajudamos o pr\u00f3ximo, encontramos um prop\u00f3sito maior que nos proporciona uma alegria genu\u00edna e duradoura.<\/p>\r\n<p>Uma maneira de colorir nossa viv\u00eancia com f\u00e9 e alegria \u00e9 atrav\u00e9s da pr\u00e1tica de atos aleat\u00f3rios de bondade, como deixar mensagens positivas em lugares p\u00fablicos, surpreender um amigo com um bilhete carinhoso ou at\u00e9 comprar um caf\u00e9 para uma pessoa desconhecida.\u00a0<\/p>\r\n<p><img loading=\"lazy\" decoding=\"async\" width=\"390\" height=\"496\" class=\"wp-image-5312\" style=\"width: 325px; height: auto;\" src=\"https:\/\/gloriadeus.com\/wp-content\/uploads\/2025\/03\/231021DDIM-10.jpg\" alt=\"Curta todos os seus momentos \" srcset=\"https:\/\/gloriadeus.com\/wp-content\/uploads\/2025\/03\/231021DDIM-10.jpg 390w, https:\/\/gloriadeus.com\/wp-content\/uploads\/2025\/03\/231021DDIM-10-236x300.jpg 236w\" sizes=\"auto, (max-width: 390px) 100vw, 390px\" \/>\u00a0<\/p>\r\n<p>S\u00e3o pequenas a\u00e7\u00f5es espalham amor e geram um ciclo de positividade que retorna para n\u00f3s de maneiras inesperadas, ainda, \u00e9 importante lembrar da nossa crian\u00e7a interior, fazendo atividades que nos tragam alegria pura, como brincar em pra\u00e7as, jogar jogos de tabuleiro ou assistir a filmes de anima\u00e7\u00e3o que despertam risadas e sentimentos nost\u00e1lgicos.\u00a0<\/p>\r\n<h2>Para felicidade fluir\u00a0<\/h2>\r\n<p>Fortalecer a conex\u00e3o com essa parte l\u00fadica em n\u00f3s \u00e9 essencial para uma vida alegre, tamb\u00e9m \u00e9 uma boa ideia compartilhar nossas conquistas, por menores que sejam, pode ser uma maneira poderosa de vivenciar as alegrias em comunidade, podemos criar um grupo de apoio onde cada membro tem a liberdade de celebrar suas vit\u00f3rias.<\/p>\r\n<p>O que permite uma energia contagiante da felicidade flua entre todos, praticar a aceita\u00e7\u00e3o diante dos desafios da vida \u00e9 uma forma de cultivar a f\u00e9 em processos maiores, entendendo que tudo faz parte de uma jornada e que, mesmo nas dificuldades, h\u00e1 li\u00e7\u00f5es a serem aprendidas e momentos de crescimento que nos levam a uma nova forma de ver o mundo.<\/p>\r\n<p>Ao aplicar essas ideias no nosso dia a dia, n\u00e3o apenas criamos espa\u00e7o para vivenciar alegria em cada pequeno momento, mas tamb\u00e9m alimentamos uma rela\u00e7\u00e3o mais profunda com nossa f\u00e9, envolvendo-nos em um ciclo cont\u00ednuo de amor, gratid\u00e3o e felicidade que, com certeza, iluminar\u00e1 n\u00e3o apenas nossas vidas, mas tamb\u00e9m as vidas que tocamos ao nosso redor.<\/p>\r\n","protected":false},"excerpt":{"rendered":"<p>Viver intensamente cada momento com f\u00e9 e alegria \u00e9 um desafio que pode ser transformado em uma linda jornada repleta &hellip; <\/p>\n","protected":false},"author":1,"featured_media":5310,"parent":0,"menu_order":0,"comment_status":"open","ping_status":"closed","template":"","meta":{"_uf_show_specific_survey":0,"_uf_disable_surveys":false,"footnotes":""},"class_list":["post-5309","page","type-page","status-publish","has-post-thumbnail","hentry"],"yoast_head":"<!-- This site is optimized with the Yoast SEO plugin v27.5 - https:\/\/yoast.com\/product\/yoast-seo-wordpress\/ -->\n<title>Curta todos os seus momentos - Gl\u00f3ria Deus<\/title>\n<meta name=\"robots\" content=\"index, follow, max-snippet:-1, max-image-preview:large, max-video-preview:-1\" \/>\n<link rel=\"canonical\" href=\"https:\/\/gloriadeus.com\/home\/curta-todos-os-seus-momentos\/\" \/>\n<meta property=\"og:locale\" content=\"pt_BR\" \/>\n<meta property=\"og:type\" content=\"article\" \/>\n<meta property=\"og:title\" content=\"Curta todos os seus momentos - Gl\u00f3ria Deus\" \/>\n<meta property=\"og:description\" content=\"Viver intensamente cada momento com f\u00e9 e alegria \u00e9 um desafio que pode ser transformado em uma linda jornada repleta &hellip;\" \/>\n<meta property=\"og:url\" content=\"https:\/\/gloriadeus.com\/home\/curta-todos-os-seus-momentos\/\" \/>\n<meta property=\"og:site_name\" content=\"Gl\u00f3ria Deus\" \/>\n<meta property=\"article:modified_time\" content=\"2026-02-07T15:12:26+00:00\" \/>\n<meta property=\"og:image\" content=\"https:\/\/gloriadeus.com\/wp-content\/uploads\/2025\/03\/220613DDIMG01.jpg\" \/>\n\t<meta property=\"og:image:width\" content=\"500\" \/>\n\t<meta property=\"og:image:height\" content=\"638\" \/>\n\t<meta property=\"og:image:type\" content=\"image\/jpeg\" \/>\n<meta name=\"twitter:card\" content=\"summary_large_image\" \/>\n<meta name=\"twitter:label1\" content=\"Est. tempo de leitura\" \/>\n\t<meta name=\"twitter:data1\" content=\"5 minutos\" \/>\n<script type=\"application\/ld+json\" class=\"yoast-schema-graph\">{\"@context\":\"https:\\\/\\\/schema.org\",\"@graph\":[{\"@type\":\"WebPage\",\"@id\":\"https:\\\/\\\/gloriadeus.com\\\/home\\\/curta-todos-os-seus-momentos\\\/\",\"url\":\"https:\\\/\\\/gloriadeus.com\\\/home\\\/curta-todos-os-seus-momentos\\\/\",\"name\":\"Curta todos os seus momentos - Gl\u00f3ria Deus\",\"isPartOf\":{\"@id\":\"https:\\\/\\\/gloriadeus.com\\\/home\\\/#website\"},\"primaryImageOfPage\":{\"@id\":\"https:\\\/\\\/gloriadeus.com\\\/home\\\/curta-todos-os-seus-momentos\\\/#primaryimage\"},\"image\":{\"@id\":\"https:\\\/\\\/gloriadeus.com\\\/home\\\/curta-todos-os-seus-momentos\\\/#primaryimage\"},\"thumbnailUrl\":\"https:\\\/\\\/gloriadeus.com\\\/wp-content\\\/uploads\\\/2025\\\/03\\\/220613DDIMG01.jpg\",\"datePublished\":\"2026-01-13T09:15:20+00:00\",\"dateModified\":\"2026-02-07T15:12:26+00:00\",\"breadcrumb\":{\"@id\":\"https:\\\/\\\/gloriadeus.com\\\/home\\\/curta-todos-os-seus-momentos\\\/#breadcrumb\"},\"inLanguage\":\"pt-BR\",\"potentialAction\":[{\"@type\":\"ReadAction\",\"target\":[\"https:\\\/\\\/gloriadeus.com\\\/home\\\/curta-todos-os-seus-momentos\\\/\"]}]},{\"@type\":\"ImageObject\",\"inLanguage\":\"pt-BR\",\"@id\":\"https:\\\/\\\/gloriadeus.com\\\/home\\\/curta-todos-os-seus-momentos\\\/#primaryimage\",\"url\":\"https:\\\/\\\/gloriadeus.com\\\/wp-content\\\/uploads\\\/2025\\\/03\\\/220613DDIMG01.jpg\",\"contentUrl\":\"https:\\\/\\\/gloriadeus.com\\\/wp-content\\\/uploads\\\/2025\\\/03\\\/220613DDIMG01.jpg\",\"width\":500,\"height\":638,\"caption\":\"Curta todos os seus momentos\"},{\"@type\":\"BreadcrumbList\",\"@id\":\"https:\\\/\\\/gloriadeus.com\\\/home\\\/curta-todos-os-seus-momentos\\\/#breadcrumb\",\"itemListElement\":[{\"@type\":\"ListItem\",\"position\":1,\"name\":\"In\u00edcio\",\"item\":\"https:\\\/\\\/gloriadeus.com\\\/home\\\/\"},{\"@type\":\"ListItem\",\"position\":2,\"name\":\"Curta todos os seus momentos\"}]},{\"@type\":\"WebSite\",\"@id\":\"https:\\\/\\\/gloriadeus.com\\\/home\\\/#website\",\"url\":\"https:\\\/\\\/gloriadeus.com\\\/home\\\/\",\"name\":\"Gloria Deus\",\"description\":\"\u21a8 Deslize para descobrir mais \u21a8\",\"publisher\":{\"@id\":\"https:\\\/\\\/gloriadeus.com\\\/home\\\/#\\\/schema\\\/person\\\/ab2365ca8f87ea38e53ba3c2275e65c4\"},\"alternateName\":\"Muita f\u00e9\",\"potentialAction\":[{\"@type\":\"SearchAction\",\"target\":{\"@type\":\"EntryPoint\",\"urlTemplate\":\"https:\\\/\\\/gloriadeus.com\\\/home\\\/?s={search_term_string}\"},\"query-input\":{\"@type\":\"PropertyValueSpecification\",\"valueRequired\":true,\"valueName\":\"search_term_string\"}}],\"inLanguage\":\"pt-BR\"},{\"@type\":[\"Person\",\"Organization\"],\"@id\":\"https:\\\/\\\/gloriadeus.com\\\/home\\\/#\\\/schema\\\/person\\\/ab2365ca8f87ea38e53ba3c2275e65c4\",\"name\":\"gloriadeus.com\",\"image\":{\"@type\":\"ImageObject\",\"inLanguage\":\"pt-BR\",\"@id\":\"https:\\\/\\\/gloriadeus.com\\\/wp-content\\\/uploads\\\/2024\\\/03\\\/230525DDPNG-21.png\",\"url\":\"https:\\\/\\\/gloriadeus.com\\\/wp-content\\\/uploads\\\/2024\\\/03\\\/230525DDPNG-21.png\",\"contentUrl\":\"https:\\\/\\\/gloriadeus.com\\\/wp-content\\\/uploads\\\/2024\\\/03\\\/230525DDPNG-21.png\",\"width\":220,\"height\":230,\"caption\":\"gloriadeus.com\"},\"logo\":{\"@id\":\"https:\\\/\\\/gloriadeus.com\\\/wp-content\\\/uploads\\\/2024\\\/03\\\/230525DDPNG-21.png\"},\"sameAs\":[\"https:\\\/\\\/gloriadeus.com\"]}]}<\/script>\n<!-- \/ Yoast SEO plugin. -->","yoast_head_json":{"title":"Curta todos os seus momentos - Gl\u00f3ria Deus","robots":{"index":"index","follow":"follow","max-snippet":"max-snippet:-1","max-image-preview":"max-image-preview:large","max-video-preview":"max-video-preview:-1"},"canonical":"https:\/\/gloriadeus.com\/home\/curta-todos-os-seus-momentos\/","og_locale":"pt_BR","og_type":"article","og_title":"Curta todos os seus momentos - Gl\u00f3ria Deus","og_description":"Viver intensamente cada momento com f\u00e9 e alegria \u00e9 um desafio que pode ser transformado em uma linda jornada repleta &hellip;","og_url":"https:\/\/gloriadeus.com\/home\/curta-todos-os-seus-momentos\/","og_site_name":"Gl\u00f3ria Deus","article_modified_time":"2026-02-07T15:12:26+00:00","og_image":[{"width":500,"height":638,"url":"https:\/\/gloriadeus.com\/wp-content\/uploads\/2025\/03\/220613DDIMG01.jpg","type":"image\/jpeg"}],"twitter_card":"summary_large_image","twitter_misc":{"Est. tempo de leitura":"5 minutos"},"schema":{"@context":"https:\/\/schema.org","@graph":[{"@type":"WebPage","@id":"https:\/\/gloriadeus.com\/home\/curta-todos-os-seus-momentos\/","url":"https:\/\/gloriadeus.com\/home\/curta-todos-os-seus-momentos\/","name":"Curta todos os seus momentos - Gl\u00f3ria Deus","isPartOf":{"@id":"https:\/\/gloriadeus.com\/home\/#website"},"primaryImageOfPage":{"@id":"https:\/\/gloriadeus.com\/home\/curta-todos-os-seus-momentos\/#primaryimage"},"image":{"@id":"https:\/\/gloriadeus.com\/home\/curta-todos-os-seus-momentos\/#primaryimage"},"thumbnailUrl":"https:\/\/gloriadeus.com\/wp-content\/uploads\/2025\/03\/220613DDIMG01.jpg","datePublished":"2026-01-13T09:15:20+00:00","dateModified":"2026-02-07T15:12:26+00:00","breadcrumb":{"@id":"https:\/\/gloriadeus.com\/home\/curta-todos-os-seus-momentos\/#breadcrumb"},"inLanguage":"pt-BR","potentialAction":[{"@type":"ReadAction","target":["https:\/\/gloriadeus.com\/home\/curta-todos-os-seus-momentos\/"]}]},{"@type":"ImageObject","inLanguage":"pt-BR","@id":"https:\/\/gloriadeus.com\/home\/curta-todos-os-seus-momentos\/#primaryimage","url":"https:\/\/gloriadeus.com\/wp-content\/uploads\/2025\/03\/220613DDIMG01.jpg","contentUrl":"https:\/\/gloriadeus.com\/wp-content\/uploads\/2025\/03\/220613DDIMG01.jpg","width":500,"height":638,"caption":"Curta todos os seus momentos"},{"@type":"BreadcrumbList","@id":"https:\/\/gloriadeus.com\/home\/curta-todos-os-seus-momentos\/#breadcrumb","itemListElement":[{"@type":"ListItem","position":1,"name":"In\u00edcio","item":"https:\/\/gloriadeus.com\/home\/"},{"@type":"ListItem","position":2,"name":"Curta todos os seus momentos"}]},{"@type":"WebSite","@id":"https:\/\/gloriadeus.com\/home\/#website","url":"https:\/\/gloriadeus.com\/home\/","name":"Gloria Deus","description":"\u21a8 Deslize para descobrir mais \u21a8","publisher":{"@id":"https:\/\/gloriadeus.com\/home\/#\/schema\/person\/ab2365ca8f87ea38e53ba3c2275e65c4"},"alternateName":"Muita f\u00e9","potentialAction":[{"@type":"SearchAction","target":{"@type":"EntryPoint","urlTemplate":"https:\/\/gloriadeus.com\/home\/?s={search_term_string}"},"query-input":{"@type":"PropertyValueSpecification","valueRequired":true,"valueName":"search_term_string"}}],"inLanguage":"pt-BR"},{"@type":["Person","Organization"],"@id":"https:\/\/gloriadeus.com\/home\/#\/schema\/person\/ab2365ca8f87ea38e53ba3c2275e65c4","name":"gloriadeus.com","image":{"@type":"ImageObject","inLanguage":"pt-BR","@id":"https:\/\/gloriadeus.com\/wp-content\/uploads\/2024\/03\/230525DDPNG-21.png","url":"https:\/\/gloriadeus.com\/wp-content\/uploads\/2024\/03\/230525DDPNG-21.png","contentUrl":"https:\/\/gloriadeus.com\/wp-content\/uploads\/2024\/03\/230525DDPNG-21.png","width":220,"height":230,"caption":"gloriadeus.com"},"logo":{"@id":"https:\/\/gloriadeus.com\/wp-content\/uploads\/2024\/03\/230525DDPNG-21.png"},"sameAs":["https:\/\/gloriadeus.com"]}]}},"_links":{"self":[{"href":"https:\/\/gloriadeus.com\/home\/wp-json\/wp\/v2\/pages\/5309","targetHints":{"allow":["GET"]}}],"collection":[{"href":"https:\/\/gloriadeus.com\/home\/wp-json\/wp\/v2\/pages"}],"about":[{"href":"https:\/\/gloriadeus.com\/home\/wp-json\/wp\/v2\/types\/page"}],"author":[{"embeddable":true,"href":"https:\/\/gloriadeus.com\/home\/wp-json\/wp\/v2\/users\/1"}],"replies":[{"embeddable":true,"href":"https:\/\/gloriadeus.com\/home\/wp-json\/wp\/v2\/comments?post=5309"}],"version-history":[{"count":5,"href":"https:\/\/gloriadeus.com\/home\/wp-json\/wp\/v2\/pages\/5309\/revisions"}],"predecessor-version":[{"id":10414,"href":"https:\/\/gloriadeus.com\/home\/wp-json\/wp\/v2\/pages\/5309\/revisions\/10414"}],"wp:featuredmedia":[{"embeddable":true,"href":"https:\/\/gloriadeus.com\/home\/wp-json\/wp\/v2\/media\/5310"}],"wp:attachment":[{"href":"https:\/\/gloriadeus.com\/home\/wp-json\/wp\/v2\/media?parent=5309"}],"curies":[{"name":"wp","href":"https:\/\/api.w.org\/{rel}","templated":true}]}}