{"id":5293,"date":"2026-01-13T05:54:55","date_gmt":"2026-01-13T08:54:55","guid":{"rendered":"https:\/\/gloriadeus.com\/?page_id=5293"},"modified":"2026-02-05T07:02:22","modified_gmt":"2026-02-05T10:02:22","slug":"evitando-ansiedade-e-angustia","status":"publish","type":"page","link":"https:\/\/gloriadeus.com\/home\/evitando-ansiedade-e-angustia\/","title":{"rendered":"Evitando ansiedade e ang\u00fastia"},"content":{"rendered":"<!-- subtitulo, palavra, paragrafo ok -->\r\n\r\n\r\n<figure class=\"wp-lightbox-container\" data-wp-context=\"{&quot;imageId&quot;:&quot;69fa25ea7e741&quot;}\" data-wp-interactive=\"core\/image\" data-wp-key=\"69fa25ea7e741\">Cuidar da sa\u00fade mental deve ser t\u00e3o prioridade quanto cuidar da sa\u00fade f\u00edsica, e essa nova abordagem em rela\u00e7\u00e3o ao bem-estar pode abrir portas para uma vida mais equilibrada e plena.<\/figure>\r\n<figure class=\"wp-block-image size-large is-resized\"><img loading=\"lazy\" decoding=\"async\" width=\"750\" height=\"764\" data-wp-class--hide=\"state.isContentHidden\" data-wp-class--show=\"state.isContentVisible\" data-wp-init=\"callbacks.setButtonStyles\" data-wp-on--click=\"actions.showLightbox\" data-wp-on--load=\"callbacks.setButtonStyles\" data-wp-on-window--resize=\"callbacks.setButtonStyles\" class=\"wp-image-5299\" style=\"width: 291px; height: auto;\" src=\"https:\/\/gloriadeus.com\/wp-content\/uploads\/2025\/03\/231021DDIM-1.jpg\" alt=\"Evitando ansiedade e ang\u00fastia\" srcset=\"https:\/\/gloriadeus.com\/wp-content\/uploads\/2025\/03\/231021DDIM-1.jpg 750w, https:\/\/gloriadeus.com\/wp-content\/uploads\/2025\/03\/231021DDIM-1-295x300.jpg 295w\" sizes=\"auto, (max-width: 750px) 100vw, 750px\" \/><button\n\t\t\tclass=\"lightbox-trigger\"\n\t\t\ttype=\"button\"\n\t\t\taria-haspopup=\"dialog\"\n\t\t\taria-label=\"Ampliar\"\n\t\t\tdata-wp-init=\"callbacks.initTriggerButton\"\n\t\t\tdata-wp-on--click=\"actions.showLightbox\"\n\t\t\tdata-wp-style--right=\"state.imageButtonRight\"\n\t\t\tdata-wp-style--top=\"state.imageButtonTop\"\n\t\t>\n\t\t\t<svg xmlns=\"http:\/\/www.w3.org\/2000\/svg\" width=\"12\" height=\"12\" fill=\"none\" viewBox=\"0 0 12 12\">\n\t\t\t\t<path fill=\"#fff\" d=\"M2 0a2 2 0 0 0-2 2v2h1.5V2a.5.5 0 0 1 .5-.5h2V0H2Zm2 10.5H2a.5.5 0 0 1-.5-.5V8H0v2a2 2 0 0 0 2 2h2v-1.5ZM8 12v-1.5h2a.5.5 0 0 0 .5-.5V8H12v2a2 2 0 0 1-2 2H8Zm2-12a2 2 0 0 1 2 2v2h-1.5V2a.5.5 0 0 0-.5-.5H8V0h2Z\" \/>\n\t\t\t<\/svg>\n\t\t<\/button><\/figure>\r\n\r\n\r\n\r\n<p>A ansiedade e a ang\u00fastia s\u00e3o sentimentos comuns na vida moderna, e encontrar maneiras criativas de evitar ou minimizar essas emo\u00e7\u00f5es pode ser uma jornada de autodescoberta e autocuidado.\u00a0<\/p>\r\n<p>Sabe-se que reservar tempo para se conectar com amigos ou familiares, seja pessoalmente ou virtualmente, cria uma rede de apoio que pode oferecer conforto em momentos dif\u00edceis, outra dica inovadora \u00e9 criar um <em>espa\u00e7o de calma<\/em> em casa, com objetos que tragam paz, como velas arom\u00e1ticas, cristais ou plantas.\u00a0<\/p>\r\n\r\n\r\n\r\n<p>Para come\u00e7ar, uma pr\u00e1tica eficaz \u00e9 a introdu\u00e7\u00e3o de rituais di\u00e1rios que ajudem a ancorar a mente no presente, como a medita\u00e7\u00e3o ou a aten\u00e7\u00e3o plena, onde se pode dedicar alguns minutos do dia para respirar profundamente e focar em cada respira\u00e7\u00e3o.\u00a0<\/p>\r\n<p><img loading=\"lazy\" decoding=\"async\" width=\"640\" height=\"640\" class=\"wp-image-5298\" style=\"width: 336px; height: auto;\" src=\"https:\/\/gloriadeus.com\/wp-content\/uploads\/2025\/03\/231021DDIM-2.jpg\" alt=\"Evitando ansiedade e ang\u00fastia\" srcset=\"https:\/\/gloriadeus.com\/wp-content\/uploads\/2025\/03\/231021DDIM-2.jpg 640w, https:\/\/gloriadeus.com\/wp-content\/uploads\/2025\/03\/231021DDIM-2-300x300.jpg 300w, https:\/\/gloriadeus.com\/wp-content\/uploads\/2025\/03\/231021DDIM-2-150x150.jpg 150w\" sizes=\"auto, (max-width: 640px) 100vw, 640px\" \/>\u00a0<\/p>\r\n<p>A disposi\u00e7\u00e3o de um ambiente prop\u00edcio ao relaxamento pode fazer milagres para a sa\u00fade mental, investir em hobbies que tragam alegria, como jardinagem, culin\u00e1ria, fotografia ou dan\u00e7a, tamb\u00e9m pode ser um ant\u00eddoto para a ang\u00fastia, pois o engajamento em atividades que amamos ajuda a desvincular a mente de preocupa\u00e7\u00f5es.\u00a0<\/p>\r\n\r\n\r\n\r\n\r\n\r\n<p>Podemos sentir a passagem do ar pelo corpo e permitindo que os pensamentos flutuem sem se apegar a eles, o que ajuda a criar um espa\u00e7o mental mais tranquilo, explorar a natureza tamb\u00e9m pode ser uma forma poderosa de aliviar a ansiedade.\u00a0<\/p>\r\n<p>T\u00e9cnicas de visualiza\u00e7\u00e3o podem ser bastante eficazes, imaginar um lugar seguro e sereno onde se possa escapar mentalmente em momentos de estresse pode proporcionar um al\u00edvio instant\u00e2neo, a pr\u00e1tica do desapego e a aceita\u00e7\u00e3o da imperfei\u00e7\u00e3o na vida cotidiana trazem um novo entendimento sobre aquilo que realmente podemos controlar e mudar, enquanto se aprende a abra\u00e7ar o que se n\u00e3o pode.\u00a0<\/p>\r\n\r\n\r\n\r\n<figure data-wp-context=\"{&quot;imageId&quot;:&quot;69fa25ea7ec35&quot;}\" data-wp-interactive=\"core\/image\" data-wp-key=\"69fa25ea7ec35\" class=\"wp-block-image size-large is-resized wp-lightbox-container\"><img loading=\"lazy\" decoding=\"async\" width=\"700\" height=\"875\" data-wp-class--hide=\"state.isContentHidden\" data-wp-class--show=\"state.isContentVisible\" data-wp-init=\"callbacks.setButtonStyles\" data-wp-on--click=\"actions.showLightbox\" data-wp-on--load=\"callbacks.setButtonStyles\" data-wp-on-window--resize=\"callbacks.setButtonStyles\" class=\"wp-image-5294\" style=\"width: 292px; height: auto;\" src=\"https:\/\/gloriadeus.com\/wp-content\/uploads\/2025\/03\/220613DDIMG05.jpg\" alt=\"Evitando ansiedade e ang\u00fastia\" srcset=\"https:\/\/gloriadeus.com\/wp-content\/uploads\/2025\/03\/220613DDIMG05.jpg 700w, https:\/\/gloriadeus.com\/wp-content\/uploads\/2025\/03\/220613DDIMG05-240x300.jpg 240w\" sizes=\"auto, (max-width: 700px) 100vw, 700px\" \/><button\n\t\t\tclass=\"lightbox-trigger\"\n\t\t\ttype=\"button\"\n\t\t\taria-haspopup=\"dialog\"\n\t\t\taria-label=\"Ampliar\"\n\t\t\tdata-wp-init=\"callbacks.initTriggerButton\"\n\t\t\tdata-wp-on--click=\"actions.showLightbox\"\n\t\t\tdata-wp-style--right=\"state.imageButtonRight\"\n\t\t\tdata-wp-style--top=\"state.imageButtonTop\"\n\t\t>\n\t\t\t<svg xmlns=\"http:\/\/www.w3.org\/2000\/svg\" width=\"12\" height=\"12\" fill=\"none\" viewBox=\"0 0 12 12\">\n\t\t\t\t<path fill=\"#fff\" d=\"M2 0a2 2 0 0 0-2 2v2h1.5V2a.5.5 0 0 1 .5-.5h2V0H2Zm2 10.5H2a.5.5 0 0 1-.5-.5V8H0v2a2 2 0 0 0 2 2h2v-1.5ZM8 12v-1.5h2a.5.5 0 0 0 .5-.5V8H12v2a2 2 0 0 1-2 2H8Zm2-12a2 2 0 0 1 2 2v2h-1.5V2a.5.5 0 0 0-.5-.5H8V0h2Z\" \/>\n\t\t\t<\/svg>\n\t\t<\/button>\u00a0<\/figure>\r\n<p>Caminhar em um parque, fazer trilhas em uma floresta ou simplesmente sentar sob uma \u00e1rvore pode proporcionar serenidade e clareza mental, enquanto a pr\u00e1tica de exerc\u00edcios f\u00edsicos regulares, como a ioga, n\u00e3o s\u00f3 melhora a sa\u00fade f\u00edsica, mas tamb\u00e9m libera endorfinas que elevam o humor e reduzem os n\u00edveis de estresse.<\/p>\r\n<p>Outra estrat\u00e9gia interessante \u00e9 a arte como terapia, onde se pode experimentar a pintura, o desenho ou a m\u00fasica como formas de expressar emo\u00e7\u00f5es e liberar tens\u00f5es, permitindo que o processo criativo nos transporte para um espa\u00e7o de liberdade e leveza, estabelecer uma rotina que inclua momentos de descontra\u00e7\u00e3o.<\/p>\r\n<p>Uma leitura, ouvir m\u00fasica ou preparar uma refei\u00e7\u00e3o especial, pode criar intervalos de prazer no dia a dia, ainda no campo da criatividade.\u00a0<\/p>\r\n\r\n\r\n\r\n<p><img loading=\"lazy\" decoding=\"async\" width=\"640\" height=\"636\" class=\"wp-image-5296\" style=\"width: 258px; height: auto;\" src=\"https:\/\/gloriadeus.com\/wp-content\/uploads\/2025\/03\/231021DDIM-3.jpg\" alt=\"Evitando ansiedade e ang\u00fastia\" srcset=\"https:\/\/gloriadeus.com\/wp-content\/uploads\/2025\/03\/231021DDIM-3.jpg 640w, https:\/\/gloriadeus.com\/wp-content\/uploads\/2025\/03\/231021DDIM-3-300x298.jpg 300w, https:\/\/gloriadeus.com\/wp-content\/uploads\/2025\/03\/231021DDIM-3-150x150.jpg 150w\" sizes=\"auto, (max-width: 640px) 100vw, 640px\" \/>\u00a0<\/p>\r\n<p>Manter um di\u00e1rio pode ser uma atividade liberadora, onde escrever sobre os pr\u00f3prios sentimentos e pensamentos ajuda a externalizar ansiedades e trar\u00e1 clareza sobre o que realmente importa, sabe-se tamb\u00e9m que cultivar rela\u00e7\u00f5es significativas \u00e9 essencial para o bem-estar emocional.\u00a0<\/p>\r\n<p>A vida flui com mais leveza, a introdu\u00e7\u00e3o de ritualizar o abandono das redes sociais, ao menos por per\u00edodos determinados, pode ser um refresco ben\u00e9fico, permitindo que a mente se desintoxique do bombardeio constante de informa\u00e7\u00f5es, ajudando a reconectar-se com as pr\u00f3prias emo\u00e7\u00f5es e pensamentos.\u00a0<\/p>\r\n\r\n\r\n\r\n\r\n\r\n\r\n\r\n<p>Buscar ajuda profissional quando necess\u00e1rio \u00e9 um passo corajoso e extremamente v\u00e1lido, pois um psic\u00f3logo ou terapeuta pode oferecer ferramentas adequadas e personalizadas para lidar com a ansiedade, ajudando a desenvolver novas estrat\u00e9gias e perspectivas sobre os desafios enfrentados.\u00a0<\/p>\r\n","protected":false},"excerpt":{"rendered":"<p>A ansiedade e a ang\u00fastia s\u00e3o sentimentos comuns na vida moderna, e encontrar maneiras criativas de evitar ou minimizar essas &hellip; <\/p>\n","protected":false},"author":1,"featured_media":5300,"parent":0,"menu_order":0,"comment_status":"open","ping_status":"closed","template":"","meta":{"_uf_show_specific_survey":0,"_uf_disable_surveys":false,"footnotes":""},"class_list":["post-5293","page","type-page","status-publish","has-post-thumbnail","hentry"],"yoast_head":"<!-- This site is optimized with the Yoast SEO plugin v27.5 - https:\/\/yoast.com\/product\/yoast-seo-wordpress\/ -->\n<title>Evitando ansiedade e ang\u00fastia - Gl\u00f3ria Deus<\/title>\n<meta name=\"robots\" content=\"index, follow, max-snippet:-1, max-image-preview:large, max-video-preview:-1\" \/>\n<link rel=\"canonical\" href=\"https:\/\/gloriadeus.com\/home\/evitando-ansiedade-e-angustia\/\" \/>\n<meta property=\"og:locale\" content=\"pt_BR\" \/>\n<meta property=\"og:type\" content=\"article\" \/>\n<meta property=\"og:title\" content=\"Evitando ansiedade e ang\u00fastia - Gl\u00f3ria Deus\" \/>\n<meta property=\"og:description\" content=\"A ansiedade e a ang\u00fastia s\u00e3o sentimentos comuns na vida moderna, e encontrar maneiras criativas de evitar ou minimizar essas &hellip;\" \/>\n<meta property=\"og:url\" content=\"https:\/\/gloriadeus.com\/home\/evitando-ansiedade-e-angustia\/\" \/>\n<meta property=\"og:site_name\" content=\"Gl\u00f3ria Deus\" \/>\n<meta property=\"article:modified_time\" content=\"2026-02-05T10:02:22+00:00\" \/>\n<meta property=\"og:image\" content=\"https:\/\/gloriadeus.com\/wp-content\/uploads\/2025\/03\/231021DDIM-6-1.jpg\" \/>\n\t<meta property=\"og:image:width\" content=\"724\" \/>\n\t<meta property=\"og:image:height\" content=\"330\" \/>\n\t<meta property=\"og:image:type\" content=\"image\/jpeg\" \/>\n<meta name=\"twitter:card\" content=\"summary_large_image\" \/>\n<meta name=\"twitter:label1\" content=\"Est. tempo de leitura\" \/>\n\t<meta name=\"twitter:data1\" content=\"5 minutos\" \/>\n<script type=\"application\/ld+json\" class=\"yoast-schema-graph\">{\"@context\":\"https:\\\/\\\/schema.org\",\"@graph\":[{\"@type\":\"WebPage\",\"@id\":\"https:\\\/\\\/gloriadeus.com\\\/home\\\/evitando-ansiedade-e-angustia\\\/\",\"url\":\"https:\\\/\\\/gloriadeus.com\\\/home\\\/evitando-ansiedade-e-angustia\\\/\",\"name\":\"Evitando ansiedade e ang\u00fastia - Gl\u00f3ria Deus\",\"isPartOf\":{\"@id\":\"https:\\\/\\\/gloriadeus.com\\\/home\\\/#website\"},\"primaryImageOfPage\":{\"@id\":\"https:\\\/\\\/gloriadeus.com\\\/home\\\/evitando-ansiedade-e-angustia\\\/#primaryimage\"},\"image\":{\"@id\":\"https:\\\/\\\/gloriadeus.com\\\/home\\\/evitando-ansiedade-e-angustia\\\/#primaryimage\"},\"thumbnailUrl\":\"https:\\\/\\\/gloriadeus.com\\\/wp-content\\\/uploads\\\/2025\\\/03\\\/231021DDIM-6-1.jpg\",\"datePublished\":\"2026-01-13T08:54:55+00:00\",\"dateModified\":\"2026-02-05T10:02:22+00:00\",\"breadcrumb\":{\"@id\":\"https:\\\/\\\/gloriadeus.com\\\/home\\\/evitando-ansiedade-e-angustia\\\/#breadcrumb\"},\"inLanguage\":\"pt-BR\",\"potentialAction\":[{\"@type\":\"ReadAction\",\"target\":[\"https:\\\/\\\/gloriadeus.com\\\/home\\\/evitando-ansiedade-e-angustia\\\/\"]}]},{\"@type\":\"ImageObject\",\"inLanguage\":\"pt-BR\",\"@id\":\"https:\\\/\\\/gloriadeus.com\\\/home\\\/evitando-ansiedade-e-angustia\\\/#primaryimage\",\"url\":\"https:\\\/\\\/gloriadeus.com\\\/wp-content\\\/uploads\\\/2025\\\/03\\\/231021DDIM-6-1.jpg\",\"contentUrl\":\"https:\\\/\\\/gloriadeus.com\\\/wp-content\\\/uploads\\\/2025\\\/03\\\/231021DDIM-6-1.jpg\",\"width\":724,\"height\":330,\"caption\":\"Evitando ansiedade e ang\u00fastia\"},{\"@type\":\"BreadcrumbList\",\"@id\":\"https:\\\/\\\/gloriadeus.com\\\/home\\\/evitando-ansiedade-e-angustia\\\/#breadcrumb\",\"itemListElement\":[{\"@type\":\"ListItem\",\"position\":1,\"name\":\"In\u00edcio\",\"item\":\"https:\\\/\\\/gloriadeus.com\\\/home\\\/\"},{\"@type\":\"ListItem\",\"position\":2,\"name\":\"Evitando ansiedade e ang\u00fastia\"}]},{\"@type\":\"WebSite\",\"@id\":\"https:\\\/\\\/gloriadeus.com\\\/home\\\/#website\",\"url\":\"https:\\\/\\\/gloriadeus.com\\\/home\\\/\",\"name\":\"Gloria Deus\",\"description\":\"\u21a8 Deslize para descobrir mais \u21a8\",\"publisher\":{\"@id\":\"https:\\\/\\\/gloriadeus.com\\\/home\\\/#\\\/schema\\\/person\\\/ab2365ca8f87ea38e53ba3c2275e65c4\"},\"alternateName\":\"Muita f\u00e9\",\"potentialAction\":[{\"@type\":\"SearchAction\",\"target\":{\"@type\":\"EntryPoint\",\"urlTemplate\":\"https:\\\/\\\/gloriadeus.com\\\/home\\\/?s={search_term_string}\"},\"query-input\":{\"@type\":\"PropertyValueSpecification\",\"valueRequired\":true,\"valueName\":\"search_term_string\"}}],\"inLanguage\":\"pt-BR\"},{\"@type\":[\"Person\",\"Organization\"],\"@id\":\"https:\\\/\\\/gloriadeus.com\\\/home\\\/#\\\/schema\\\/person\\\/ab2365ca8f87ea38e53ba3c2275e65c4\",\"name\":\"gloriadeus.com\",\"image\":{\"@type\":\"ImageObject\",\"inLanguage\":\"pt-BR\",\"@id\":\"https:\\\/\\\/gloriadeus.com\\\/wp-content\\\/uploads\\\/2024\\\/03\\\/230525DDPNG-21.png\",\"url\":\"https:\\\/\\\/gloriadeus.com\\\/wp-content\\\/uploads\\\/2024\\\/03\\\/230525DDPNG-21.png\",\"contentUrl\":\"https:\\\/\\\/gloriadeus.com\\\/wp-content\\\/uploads\\\/2024\\\/03\\\/230525DDPNG-21.png\",\"width\":220,\"height\":230,\"caption\":\"gloriadeus.com\"},\"logo\":{\"@id\":\"https:\\\/\\\/gloriadeus.com\\\/wp-content\\\/uploads\\\/2024\\\/03\\\/230525DDPNG-21.png\"},\"sameAs\":[\"https:\\\/\\\/gloriadeus.com\"]}]}<\/script>\n<!-- \/ Yoast SEO plugin. -->","yoast_head_json":{"title":"Evitando ansiedade e ang\u00fastia - Gl\u00f3ria Deus","robots":{"index":"index","follow":"follow","max-snippet":"max-snippet:-1","max-image-preview":"max-image-preview:large","max-video-preview":"max-video-preview:-1"},"canonical":"https:\/\/gloriadeus.com\/home\/evitando-ansiedade-e-angustia\/","og_locale":"pt_BR","og_type":"article","og_title":"Evitando ansiedade e ang\u00fastia - Gl\u00f3ria Deus","og_description":"A ansiedade e a ang\u00fastia s\u00e3o sentimentos comuns na vida moderna, e encontrar maneiras criativas de evitar ou minimizar essas &hellip;","og_url":"https:\/\/gloriadeus.com\/home\/evitando-ansiedade-e-angustia\/","og_site_name":"Gl\u00f3ria Deus","article_modified_time":"2026-02-05T10:02:22+00:00","og_image":[{"width":724,"height":330,"url":"https:\/\/gloriadeus.com\/wp-content\/uploads\/2025\/03\/231021DDIM-6-1.jpg","type":"image\/jpeg"}],"twitter_card":"summary_large_image","twitter_misc":{"Est. tempo de leitura":"5 minutos"},"schema":{"@context":"https:\/\/schema.org","@graph":[{"@type":"WebPage","@id":"https:\/\/gloriadeus.com\/home\/evitando-ansiedade-e-angustia\/","url":"https:\/\/gloriadeus.com\/home\/evitando-ansiedade-e-angustia\/","name":"Evitando ansiedade e ang\u00fastia - Gl\u00f3ria Deus","isPartOf":{"@id":"https:\/\/gloriadeus.com\/home\/#website"},"primaryImageOfPage":{"@id":"https:\/\/gloriadeus.com\/home\/evitando-ansiedade-e-angustia\/#primaryimage"},"image":{"@id":"https:\/\/gloriadeus.com\/home\/evitando-ansiedade-e-angustia\/#primaryimage"},"thumbnailUrl":"https:\/\/gloriadeus.com\/wp-content\/uploads\/2025\/03\/231021DDIM-6-1.jpg","datePublished":"2026-01-13T08:54:55+00:00","dateModified":"2026-02-05T10:02:22+00:00","breadcrumb":{"@id":"https:\/\/gloriadeus.com\/home\/evitando-ansiedade-e-angustia\/#breadcrumb"},"inLanguage":"pt-BR","potentialAction":[{"@type":"ReadAction","target":["https:\/\/gloriadeus.com\/home\/evitando-ansiedade-e-angustia\/"]}]},{"@type":"ImageObject","inLanguage":"pt-BR","@id":"https:\/\/gloriadeus.com\/home\/evitando-ansiedade-e-angustia\/#primaryimage","url":"https:\/\/gloriadeus.com\/wp-content\/uploads\/2025\/03\/231021DDIM-6-1.jpg","contentUrl":"https:\/\/gloriadeus.com\/wp-content\/uploads\/2025\/03\/231021DDIM-6-1.jpg","width":724,"height":330,"caption":"Evitando ansiedade e ang\u00fastia"},{"@type":"BreadcrumbList","@id":"https:\/\/gloriadeus.com\/home\/evitando-ansiedade-e-angustia\/#breadcrumb","itemListElement":[{"@type":"ListItem","position":1,"name":"In\u00edcio","item":"https:\/\/gloriadeus.com\/home\/"},{"@type":"ListItem","position":2,"name":"Evitando ansiedade e ang\u00fastia"}]},{"@type":"WebSite","@id":"https:\/\/gloriadeus.com\/home\/#website","url":"https:\/\/gloriadeus.com\/home\/","name":"Gloria Deus","description":"\u21a8 Deslize para descobrir mais \u21a8","publisher":{"@id":"https:\/\/gloriadeus.com\/home\/#\/schema\/person\/ab2365ca8f87ea38e53ba3c2275e65c4"},"alternateName":"Muita f\u00e9","potentialAction":[{"@type":"SearchAction","target":{"@type":"EntryPoint","urlTemplate":"https:\/\/gloriadeus.com\/home\/?s={search_term_string}"},"query-input":{"@type":"PropertyValueSpecification","valueRequired":true,"valueName":"search_term_string"}}],"inLanguage":"pt-BR"},{"@type":["Person","Organization"],"@id":"https:\/\/gloriadeus.com\/home\/#\/schema\/person\/ab2365ca8f87ea38e53ba3c2275e65c4","name":"gloriadeus.com","image":{"@type":"ImageObject","inLanguage":"pt-BR","@id":"https:\/\/gloriadeus.com\/wp-content\/uploads\/2024\/03\/230525DDPNG-21.png","url":"https:\/\/gloriadeus.com\/wp-content\/uploads\/2024\/03\/230525DDPNG-21.png","contentUrl":"https:\/\/gloriadeus.com\/wp-content\/uploads\/2024\/03\/230525DDPNG-21.png","width":220,"height":230,"caption":"gloriadeus.com"},"logo":{"@id":"https:\/\/gloriadeus.com\/wp-content\/uploads\/2024\/03\/230525DDPNG-21.png"},"sameAs":["https:\/\/gloriadeus.com"]}]}},"_links":{"self":[{"href":"https:\/\/gloriadeus.com\/home\/wp-json\/wp\/v2\/pages\/5293","targetHints":{"allow":["GET"]}}],"collection":[{"href":"https:\/\/gloriadeus.com\/home\/wp-json\/wp\/v2\/pages"}],"about":[{"href":"https:\/\/gloriadeus.com\/home\/wp-json\/wp\/v2\/types\/page"}],"author":[{"embeddable":true,"href":"https:\/\/gloriadeus.com\/home\/wp-json\/wp\/v2\/users\/1"}],"replies":[{"embeddable":true,"href":"https:\/\/gloriadeus.com\/home\/wp-json\/wp\/v2\/comments?post=5293"}],"version-history":[{"count":7,"href":"https:\/\/gloriadeus.com\/home\/wp-json\/wp\/v2\/pages\/5293\/revisions"}],"predecessor-version":[{"id":10364,"href":"https:\/\/gloriadeus.com\/home\/wp-json\/wp\/v2\/pages\/5293\/revisions\/10364"}],"wp:featuredmedia":[{"embeddable":true,"href":"https:\/\/gloriadeus.com\/home\/wp-json\/wp\/v2\/media\/5300"}],"wp:attachment":[{"href":"https:\/\/gloriadeus.com\/home\/wp-json\/wp\/v2\/media?parent=5293"}],"curies":[{"name":"wp","href":"https:\/\/api.w.org\/{rel}","templated":true}]}}