{"id":5274,"date":"2026-01-13T04:03:46","date_gmt":"2026-01-13T07:03:46","guid":{"rendered":"https:\/\/gloriadeus.com\/?page_id=5274"},"modified":"2026-01-31T20:58:25","modified_gmt":"2026-01-31T23:58:25","slug":"se-for-para-ajudar-vamos-ajudar-de-verdade","status":"publish","type":"page","link":"https:\/\/gloriadeus.com\/home\/se-for-para-ajudar-vamos-ajudar-de-verdade\/","title":{"rendered":"Se for para ajudar, vamos ajudar de verdade"},"content":{"rendered":"<!-- subtitulo, palavra, paragrafo ok --> \r\n<figure data-wp-context=\"{&quot;imageId&quot;:&quot;69fa4b29ae893&quot;}\" data-wp-interactive=\"core\/image\" data-wp-key=\"69fa4b29ae893\" class=\"wp-block-image size-large is-resized wp-duotone-midnight wp-lightbox-container\"><img loading=\"lazy\" decoding=\"async\" width=\"662\" height=\"427\" data-wp-class--hide=\"state.isContentHidden\" data-wp-class--show=\"state.isContentVisible\" data-wp-init=\"callbacks.setButtonStyles\" data-wp-on--click=\"actions.showLightbox\" data-wp-on--load=\"callbacks.setButtonStyles\" data-wp-on-window--resize=\"callbacks.setButtonStyles\" class=\"wp-image-5275\" style=\"width: 320px; height: auto;\" src=\"https:\/\/gloriadeus.com\/wp-content\/uploads\/2025\/03\/250119AMDIMG-10.jpg\" alt=\"Se for ajudar, ajude de verdade\" srcset=\"https:\/\/gloriadeus.com\/wp-content\/uploads\/2025\/03\/250119AMDIMG-10.jpg 662w, https:\/\/gloriadeus.com\/wp-content\/uploads\/2025\/03\/250119AMDIMG-10-300x194.jpg 300w\" sizes=\"auto, (max-width: 662px) 100vw, 662px\" \/><button\n\t\t\tclass=\"lightbox-trigger\"\n\t\t\ttype=\"button\"\n\t\t\taria-haspopup=\"dialog\"\n\t\t\taria-label=\"Ampliar\"\n\t\t\tdata-wp-init=\"callbacks.initTriggerButton\"\n\t\t\tdata-wp-on--click=\"actions.showLightbox\"\n\t\t\tdata-wp-style--right=\"state.imageButtonRight\"\n\t\t\tdata-wp-style--top=\"state.imageButtonTop\"\n\t\t>\n\t\t\t<svg xmlns=\"http:\/\/www.w3.org\/2000\/svg\" width=\"12\" height=\"12\" fill=\"none\" viewBox=\"0 0 12 12\">\n\t\t\t\t<path fill=\"#fff\" d=\"M2 0a2 2 0 0 0-2 2v2h1.5V2a.5.5 0 0 1 .5-.5h2V0H2Zm2 10.5H2a.5.5 0 0 1-.5-.5V8H0v2a2 2 0 0 0 2 2h2v-1.5ZM8 12v-1.5h2a.5.5 0 0 0 .5-.5V8H12v2a2 2 0 0 1-2 2H8Zm2-12a2 2 0 0 1 2 2v2h-1.5V2a.5.5 0 0 0-.5-.5H8V0h2Z\" \/>\n\t\t\t<\/svg>\n\t\t<\/button><\/figure>\r\n\r\n\r\n\r\n<p>A ajuda ao pr\u00f3ximo \u00e9 um tema central em nossas vidas, e reconhecer o momento certo para agir pode ser um desafio que requer sensibilidade, empatia e um olhar mais atento ao nosso entorno. Entende-se que ao integrar essas pr\u00e1ticas em nosso cotidiano, podemos construir uma sociedade mais solid\u00e1ria, onde a ajuda n\u00e3o \u00e9 um fardo, mas uma alegria e um impulso para todos n\u00f3s.\u00a0<\/p>\r\n<h2>Para oferecer ajuda real e transformar a sociedade\u00a0<\/h2>\r\n<p>Para compreendermos quando \u00e9 necess\u00e1rio oferecer nosso aux\u00edlio, podemos come\u00e7ar a cultivar um maior n\u00edvel de consci\u00eancia social, que envolve n\u00e3o apenas observar as necessidades expl\u00edcitas das pessoas ao nosso redor, mas tamb\u00e9m desenvolver a capacidade de ler entre as linhas das intera\u00e7\u00f5es humanas, buscando ind\u00edcios de sofrimento ou necessidade que muitas vezes n\u00e3o s\u00e3o verbalizados.\u00a0<\/p>\r\n<p>Uma ideia criativa para aprimorar essa percep\u00e7\u00e3o \u00e9 realizar atividades de escuta ativa em nosso cotidiano, por exemplo, quando conversamos com amigos ou familiares, devemos nos esfor\u00e7ar para realmente ouvir o que eles est\u00e3o dizendo, prestando aten\u00e7\u00e3o n\u00e3o apenas \u00e0s palavras, mas tamb\u00e9m ao tom de voz, \u00e0 linguagem corporal e a pequenas nuances que podem indicar que est\u00e3o enfrentando dificuldades.<\/p>\r\n\r\n\r\n\r\n<figure data-wp-context=\"{&quot;imageId&quot;:&quot;69fa4b29aed7a&quot;}\" data-wp-interactive=\"core\/image\" data-wp-key=\"69fa4b29aed7a\" class=\"wp-block-image size-large is-resized wp-duotone-purple-yellow wp-lightbox-container\"><img loading=\"lazy\" decoding=\"async\" width=\"642\" height=\"446\" data-wp-class--hide=\"state.isContentHidden\" data-wp-class--show=\"state.isContentVisible\" data-wp-init=\"callbacks.setButtonStyles\" data-wp-on--click=\"actions.showLightbox\" data-wp-on--load=\"callbacks.setButtonStyles\" data-wp-on-window--resize=\"callbacks.setButtonStyles\" class=\"wp-image-5280\" style=\"width: 317px; height: auto;\" src=\"https:\/\/gloriadeus.com\/wp-content\/uploads\/2025\/03\/250119AMDIMG-11.jpg\" alt=\"Se for ajudar, ajude de verdade\" srcset=\"https:\/\/gloriadeus.com\/wp-content\/uploads\/2025\/03\/250119AMDIMG-11.jpg 642w, https:\/\/gloriadeus.com\/wp-content\/uploads\/2025\/03\/250119AMDIMG-11-300x208.jpg 300w\" sizes=\"auto, (max-width: 642px) 100vw, 642px\" \/><button\n\t\t\tclass=\"lightbox-trigger\"\n\t\t\ttype=\"button\"\n\t\t\taria-haspopup=\"dialog\"\n\t\t\taria-label=\"Ampliar\"\n\t\t\tdata-wp-init=\"callbacks.initTriggerButton\"\n\t\t\tdata-wp-on--click=\"actions.showLightbox\"\n\t\t\tdata-wp-style--right=\"state.imageButtonRight\"\n\t\t\tdata-wp-style--top=\"state.imageButtonTop\"\n\t\t>\n\t\t\t<svg xmlns=\"http:\/\/www.w3.org\/2000\/svg\" width=\"12\" height=\"12\" fill=\"none\" viewBox=\"0 0 12 12\">\n\t\t\t\t<path fill=\"#fff\" d=\"M2 0a2 2 0 0 0-2 2v2h1.5V2a.5.5 0 0 1 .5-.5h2V0H2Zm2 10.5H2a.5.5 0 0 1-.5-.5V8H0v2a2 2 0 0 0 2 2h2v-1.5ZM8 12v-1.5h2a.5.5 0 0 0 .5-.5V8H12v2a2 2 0 0 1-2 2H8Zm2-12a2 2 0 0 1 2 2v2h-1.5V2a.5.5 0 0 0-.5-.5H8V0h2Z\" \/>\n\t\t\t<\/svg>\n\t\t<\/button>\u00a0<\/figure>\r\n<p>Promover um ambiente de di\u00e1logo aberto e seguro, onde as pessoas se sintam \u00e0 vontade para expressar suas vulnerabilidades, pode ajudar a revelar oportunidades em que nossa ajuda \u00e9 verdadeiramente necess\u00e1ria.\u00a0<\/p>\r\n<h2>Estrat\u00e9gia para ajudar de verdade e promover mudan\u00e7as positivas\u00a0<\/h2>\r\n<p>Outra abordagem interessante \u00e9 a pr\u00e1tica de voluntariado, ao nos engajarmos em projetos sociais, conseguimos n\u00e3o apenas ajudar os outros, mas tamb\u00e9m desenvolver uma maior consci\u00eancia sobre as dificuldades das diferentes sociedades e comunidades, e isso nos torna mais aptos a identificar quando o aux\u00edlio \u00e9 preciso.<\/p>\r\n<p>Tamb\u00e9m podemos organizar grupos de conversa ou rodas de apoio, onde as pessoas possam compartilhar suas experi\u00eancias e desafios, criando um espa\u00e7o colaborativo que fomente a ajuda m\u00fatua e a troca de conhecimentos sobre como lidar com problemas comuns.<\/p>\r\n\r\n\r\n\r\n<figure data-wp-context=\"{&quot;imageId&quot;:&quot;69fa4b29af0dd&quot;}\" data-wp-interactive=\"core\/image\" data-wp-key=\"69fa4b29af0dd\" class=\"wp-block-image size-large is-resized wp-duotone-purple-green wp-lightbox-container\"><img loading=\"lazy\" decoding=\"async\" width=\"563\" height=\"488\" data-wp-class--hide=\"state.isContentHidden\" data-wp-class--show=\"state.isContentVisible\" data-wp-init=\"callbacks.setButtonStyles\" data-wp-on--click=\"actions.showLightbox\" data-wp-on--load=\"callbacks.setButtonStyles\" data-wp-on-window--resize=\"callbacks.setButtonStyles\" class=\"wp-image-5276\" style=\"width: 290px; height: auto;\" src=\"https:\/\/gloriadeus.com\/wp-content\/uploads\/2025\/03\/250119AMDIMG-13.jpg\" alt=\"Se for ajudar, ajude de verdade\" srcset=\"https:\/\/gloriadeus.com\/wp-content\/uploads\/2025\/03\/250119AMDIMG-13.jpg 563w, https:\/\/gloriadeus.com\/wp-content\/uploads\/2025\/03\/250119AMDIMG-13-300x260.jpg 300w\" sizes=\"auto, (max-width: 563px) 100vw, 563px\" \/><button\n\t\t\tclass=\"lightbox-trigger\"\n\t\t\ttype=\"button\"\n\t\t\taria-haspopup=\"dialog\"\n\t\t\taria-label=\"Ampliar\"\n\t\t\tdata-wp-init=\"callbacks.initTriggerButton\"\n\t\t\tdata-wp-on--click=\"actions.showLightbox\"\n\t\t\tdata-wp-style--right=\"state.imageButtonRight\"\n\t\t\tdata-wp-style--top=\"state.imageButtonTop\"\n\t\t>\n\t\t\t<svg xmlns=\"http:\/\/www.w3.org\/2000\/svg\" width=\"12\" height=\"12\" fill=\"none\" viewBox=\"0 0 12 12\">\n\t\t\t\t<path fill=\"#fff\" d=\"M2 0a2 2 0 0 0-2 2v2h1.5V2a.5.5 0 0 1 .5-.5h2V0H2Zm2 10.5H2a.5.5 0 0 1-.5-.5V8H0v2a2 2 0 0 0 2 2h2v-1.5ZM8 12v-1.5h2a.5.5 0 0 0 .5-.5V8H12v2a2 2 0 0 1-2 2H8Zm2-12a2 2 0 0 1 2 2v2h-1.5V2a.5.5 0 0 0-.5-.5H8V0h2Z\" \/>\n\t\t\t<\/svg>\n\t\t<\/button><\/figure>\r\n\r\n\r\n\r\n<p>Uma t\u00e9cnica interessante \u00e9, estimular momentos de reflex\u00e3o pessoal, onde podemos nos perguntar como nos sentir\u00edamos na posi\u00e7\u00e3o do outro, isso pode ser feito por meio de exerc\u00edcios de empatia, onde nos colocamos no lugar de quem est\u00e1 passando por um momento dif\u00edcil, ajudando-nos a perceber quando e como nossa contribui\u00e7\u00e3o pode ser \u00fatil.\u00a0<\/p>\r\n<h2>Ajudar de verdade &#8211; Pr\u00e1ticas eficazes para ajudar quem precisa\u00a0<\/h2>\r\n<p>Tamb\u00e9m \u00e9 v\u00e1lido ter sempre presente a ideia de que ajudar tamb\u00e9m se d\u00e1 em pequenos gestos do dia a dia, como oferecer um sorriso, uma palavra de encorajamento ou simplesmente estar presente para algu\u00e9m que precisa de companhia, esses atos simples muitas vezes t\u00eam um impacto profundo e podem transformar a vida de quem est\u00e1 enfrentando um desafio.\u00a0<\/p>\r\n<p>Para aqueles que est\u00e3o dispostos a ajudar, a forma\u00e7\u00e3o de redes de apoio comunit\u00e1rias se mostra extremamente ben\u00e9fica, por meio da uni\u00e3o de esfor\u00e7os, conseguimos criar um ambiente onde ajudar o pr\u00f3ximo torna-se uma pr\u00e1tica comum e esperada.<\/p>\r\n\r\n\r\n\r\n<figure data-wp-context=\"{&quot;imageId&quot;:&quot;69fa4b29af3d6&quot;}\" data-wp-interactive=\"core\/image\" data-wp-key=\"69fa4b29af3d6\" class=\"wp-block-image size-large is-resized wp-duotone-blue-red wp-lightbox-container\"><img loading=\"lazy\" decoding=\"async\" width=\"543\" height=\"363\" data-wp-class--hide=\"state.isContentHidden\" data-wp-class--show=\"state.isContentVisible\" data-wp-init=\"callbacks.setButtonStyles\" data-wp-on--click=\"actions.showLightbox\" data-wp-on--load=\"callbacks.setButtonStyles\" data-wp-on-window--resize=\"callbacks.setButtonStyles\" class=\"wp-image-5277\" style=\"width: 314px; height: auto;\" src=\"https:\/\/gloriadeus.com\/wp-content\/uploads\/2025\/03\/250119AMDIMG-18.jpg\" alt=\"Se for ajudar, ajude de verdade\" srcset=\"https:\/\/gloriadeus.com\/wp-content\/uploads\/2025\/03\/250119AMDIMG-18.jpg 543w, https:\/\/gloriadeus.com\/wp-content\/uploads\/2025\/03\/250119AMDIMG-18-300x201.jpg 300w\" sizes=\"auto, (max-width: 543px) 100vw, 543px\" \/><button\n\t\t\tclass=\"lightbox-trigger\"\n\t\t\ttype=\"button\"\n\t\t\taria-haspopup=\"dialog\"\n\t\t\taria-label=\"Ampliar\"\n\t\t\tdata-wp-init=\"callbacks.initTriggerButton\"\n\t\t\tdata-wp-on--click=\"actions.showLightbox\"\n\t\t\tdata-wp-style--right=\"state.imageButtonRight\"\n\t\t\tdata-wp-style--top=\"state.imageButtonTop\"\n\t\t>\n\t\t\t<svg xmlns=\"http:\/\/www.w3.org\/2000\/svg\" width=\"12\" height=\"12\" fill=\"none\" viewBox=\"0 0 12 12\">\n\t\t\t\t<path fill=\"#fff\" d=\"M2 0a2 2 0 0 0-2 2v2h1.5V2a.5.5 0 0 1 .5-.5h2V0H2Zm2 10.5H2a.5.5 0 0 1-.5-.5V8H0v2a2 2 0 0 0 2 2h2v-1.5ZM8 12v-1.5h2a.5.5 0 0 0 .5-.5V8H12v2a2 2 0 0 1-2 2H8Zm2-12a2 2 0 0 1 2 2v2h-1.5V2a.5.5 0 0 0-.5-.5H8V0h2Z\" \/>\n\t\t\t<\/svg>\n\t\t<\/button>\u00a0<\/figure>\r\n<p>Em um n\u00edvel mais profundo, cultivar a autoan\u00e1lise tamb\u00e9m desempenha um papel crucial, precisamos estar atentos \u00e0s nossas pr\u00f3prias limita\u00e7\u00f5es e emo\u00e7\u00f5es, pois, muitas vezes, a disposi\u00e7\u00e3o para ajudar o outro est\u00e1 ligada ao nosso pr\u00f3prio bem-estar emocional.\u00a0<\/p>\r\n<h2>Contribuir de forma genu\u00edna e ajudar de verdade hoje\u00a0<\/h2>\r\n<p>Se estiver mal, talvez precisemos primeiro cuidar de nossas feridas antes de estender a m\u00e3o a quem est\u00e1 ao nosso redor. A leitura de livros sobre altru\u00edsmo, empatia e psicologia do bem-estar pode nos fornecer novas perspectivas e ideias sobre a import\u00e2ncia da ajuda ao pr\u00f3ximo e como detectar essas necessidades.\u00a0<\/p>\r\n<p>Humor e leveza podem ser aliados poderosos, n\u00e3o precisamos abordar o assunto da ajuda com pesar ou tristeza, mas sim celebrar os momentos em que podemos fazer a diferen\u00e7a, mesmo que seja com pequenas atitudes.\u00a0T\u00ea-los em mente nos permitir\u00e1 permanecer dispon\u00edveis e abertos a situa\u00e7\u00f5es em que podemos intervir de maneira positiva.<\/p>\r\n\r\n\r\n\r\n<figure data-wp-context=\"{&quot;imageId&quot;:&quot;69fa4b29af6db&quot;}\" data-wp-interactive=\"core\/image\" data-wp-key=\"69fa4b29af6db\" class=\"wp-block-image size-large is-resized wp-duotone-purple-yellow wp-lightbox-container\"><img loading=\"lazy\" decoding=\"async\" width=\"540\" height=\"311\" data-wp-class--hide=\"state.isContentHidden\" data-wp-class--show=\"state.isContentVisible\" data-wp-init=\"callbacks.setButtonStyles\" data-wp-on--click=\"actions.showLightbox\" data-wp-on--load=\"callbacks.setButtonStyles\" data-wp-on-window--resize=\"callbacks.setButtonStyles\" class=\"wp-image-5278\" style=\"width: 273px; height: auto;\" src=\"https:\/\/gloriadeus.com\/wp-content\/uploads\/2025\/03\/250119AMDIMG-19.jpg\" alt=\"Se for ajudar, ajude de verdade\" srcset=\"https:\/\/gloriadeus.com\/wp-content\/uploads\/2025\/03\/250119AMDIMG-19.jpg 540w, https:\/\/gloriadeus.com\/wp-content\/uploads\/2025\/03\/250119AMDIMG-19-300x173.jpg 300w\" sizes=\"auto, (max-width: 540px) 100vw, 540px\" \/><button\n\t\t\tclass=\"lightbox-trigger\"\n\t\t\ttype=\"button\"\n\t\t\taria-haspopup=\"dialog\"\n\t\t\taria-label=\"Ampliar\"\n\t\t\tdata-wp-init=\"callbacks.initTriggerButton\"\n\t\t\tdata-wp-on--click=\"actions.showLightbox\"\n\t\t\tdata-wp-style--right=\"state.imageButtonRight\"\n\t\t\tdata-wp-style--top=\"state.imageButtonTop\"\n\t\t>\n\t\t\t<svg xmlns=\"http:\/\/www.w3.org\/2000\/svg\" width=\"12\" height=\"12\" fill=\"none\" viewBox=\"0 0 12 12\">\n\t\t\t\t<path fill=\"#fff\" d=\"M2 0a2 2 0 0 0-2 2v2h1.5V2a.5.5 0 0 1 .5-.5h2V0H2Zm2 10.5H2a.5.5 0 0 1-.5-.5V8H0v2a2 2 0 0 0 2 2h2v-1.5ZM8 12v-1.5h2a.5.5 0 0 0 .5-.5V8H12v2a2 2 0 0 1-2 2H8Zm2-12a2 2 0 0 1 2 2v2h-1.5V2a.5.5 0 0 0-.5-.5H8V0h2Z\" \/>\n\t\t\t<\/svg>\n\t\t<\/button>\u00a0<\/figure>\r\n<p>Outra estrat\u00e9gia \u00e9 fomentar a criatividade nas intera\u00e7\u00f5es di\u00e1rias, ao inv\u00e9s de apenas perguntar: <em>Voc\u00ea precisa de ajuda?\u00a0<\/em>Uma abordagem mais interessante poderia ser <em>Como posso fazer sua vida melhor hoje?<\/em> isso pode abrir portas para di\u00e1logos mais genu\u00ednos e produtivos.\u00a0<\/p>\r\n<h2>Ajudar de verdade e fazer a diferen\u00e7a na vida das pessoas\u00a0<\/h2>\r\n<p>Sabe-se que promover discuss\u00f5es em grupo e aulas sobre empatia, compaix\u00e3o e a import\u00e2ncia do cuidado m\u00fatuo pode formar uma nova gera\u00e7\u00e3o de cidad\u00e3os que n\u00e3o apenas reconhecem as necessidades dos outros, mas que tamb\u00e9m est\u00e3o preparados para agir.<\/p>\r\n<p>Usar as m\u00eddias sociais como uma plataforma para espalhar mensagens de apoio e encorajamento, postar hist\u00f3rias inspiradoras ou compartilhar recursos \u00fateis pode ajudar a criar uma comunidade mais solid\u00e1ria e ciente das necessidades alheias.\u00a0<\/p>\r\n\r\n\r\n\r\n\r\n\r\n<figure data-wp-context=\"{&quot;imageId&quot;:&quot;69fa4b29afaac&quot;}\" data-wp-interactive=\"core\/image\" data-wp-key=\"69fa4b29afaac\" class=\"wp-block-image size-large is-resized wp-lightbox-container\"><img loading=\"lazy\" decoding=\"async\" width=\"486\" height=\"368\" data-wp-class--hide=\"state.isContentHidden\" data-wp-class--show=\"state.isContentVisible\" data-wp-init=\"callbacks.setButtonStyles\" data-wp-on--click=\"actions.showLightbox\" data-wp-on--load=\"callbacks.setButtonStyles\" data-wp-on-window--resize=\"callbacks.setButtonStyles\" class=\"wp-image-5279\" style=\"width: 285px; height: auto;\" src=\"https:\/\/gloriadeus.com\/wp-content\/uploads\/2025\/03\/250119AMDIMG-20.jpg\" alt=\"Se for ajudar, ajude de verdade\" srcset=\"https:\/\/gloriadeus.com\/wp-content\/uploads\/2025\/03\/250119AMDIMG-20.jpg 486w, https:\/\/gloriadeus.com\/wp-content\/uploads\/2025\/03\/250119AMDIMG-20-300x227.jpg 300w\" sizes=\"auto, (max-width: 486px) 100vw, 486px\" \/><button\n\t\t\tclass=\"lightbox-trigger\"\n\t\t\ttype=\"button\"\n\t\t\taria-haspopup=\"dialog\"\n\t\t\taria-label=\"Ampliar\"\n\t\t\tdata-wp-init=\"callbacks.initTriggerButton\"\n\t\t\tdata-wp-on--click=\"actions.showLightbox\"\n\t\t\tdata-wp-style--right=\"state.imageButtonRight\"\n\t\t\tdata-wp-style--top=\"state.imageButtonTop\"\n\t\t>\n\t\t\t<svg xmlns=\"http:\/\/www.w3.org\/2000\/svg\" width=\"12\" height=\"12\" fill=\"none\" viewBox=\"0 0 12 12\">\n\t\t\t\t<path fill=\"#fff\" d=\"M2 0a2 2 0 0 0-2 2v2h1.5V2a.5.5 0 0 1 .5-.5h2V0H2Zm2 10.5H2a.5.5 0 0 1-.5-.5V8H0v2a2 2 0 0 0 2 2h2v-1.5ZM8 12v-1.5h2a.5.5 0 0 0 .5-.5V8H12v2a2 2 0 0 1-2 2H8Zm2-12a2 2 0 0 1 2 2v2h-1.5V2a.5.5 0 0 0-.5-.5H8V0h2Z\" \/>\n\t\t\t<\/svg>\n\t\t<\/button>\u00a0<\/figure>\r\n\r\n\r\n","protected":false},"excerpt":{"rendered":"<p>A ajuda ao pr\u00f3ximo \u00e9 um tema central em nossas vidas, e reconhecer o momento certo para agir pode ser &hellip; <\/p>\n","protected":false},"author":1,"featured_media":5275,"parent":0,"menu_order":0,"comment_status":"open","ping_status":"closed","template":"","meta":{"_uf_show_specific_survey":0,"_uf_disable_surveys":false,"footnotes":""},"class_list":["post-5274","page","type-page","status-publish","has-post-thumbnail","hentry"],"yoast_head":"<!-- This site is optimized with the Yoast SEO plugin v27.5 - https:\/\/yoast.com\/product\/yoast-seo-wordpress\/ -->\n<title>Se for para ajudar, vamos ajudar de verdade - Gl\u00f3ria Deus<\/title>\n<meta name=\"robots\" content=\"index, follow, max-snippet:-1, max-image-preview:large, max-video-preview:-1\" \/>\n<link rel=\"canonical\" href=\"https:\/\/gloriadeus.com\/home\/se-for-para-ajudar-vamos-ajudar-de-verdade\/\" \/>\n<meta property=\"og:locale\" content=\"pt_BR\" \/>\n<meta property=\"og:type\" content=\"article\" \/>\n<meta property=\"og:title\" content=\"Se for para ajudar, vamos ajudar de verdade - Gl\u00f3ria Deus\" \/>\n<meta property=\"og:description\" content=\"A ajuda ao pr\u00f3ximo \u00e9 um tema central em nossas vidas, e reconhecer o momento certo para agir pode ser &hellip;\" \/>\n<meta property=\"og:url\" content=\"https:\/\/gloriadeus.com\/home\/se-for-para-ajudar-vamos-ajudar-de-verdade\/\" \/>\n<meta property=\"og:site_name\" content=\"Gl\u00f3ria Deus\" \/>\n<meta property=\"article:modified_time\" content=\"2026-01-31T23:58:25+00:00\" \/>\n<meta property=\"og:image\" content=\"https:\/\/gloriadeus.com\/wp-content\/uploads\/2025\/03\/250119AMDIMG-10.jpg\" \/>\n\t<meta property=\"og:image:width\" content=\"662\" \/>\n\t<meta property=\"og:image:height\" content=\"427\" \/>\n\t<meta property=\"og:image:type\" content=\"image\/jpeg\" \/>\n<meta name=\"twitter:card\" content=\"summary_large_image\" \/>\n<meta name=\"twitter:label1\" content=\"Est. tempo de leitura\" \/>\n\t<meta name=\"twitter:data1\" content=\"6 minutos\" \/>\n<script type=\"application\/ld+json\" class=\"yoast-schema-graph\">{\"@context\":\"https:\\\/\\\/schema.org\",\"@graph\":[{\"@type\":\"WebPage\",\"@id\":\"https:\\\/\\\/gloriadeus.com\\\/home\\\/se-for-para-ajudar-vamos-ajudar-de-verdade\\\/\",\"url\":\"https:\\\/\\\/gloriadeus.com\\\/home\\\/se-for-para-ajudar-vamos-ajudar-de-verdade\\\/\",\"name\":\"Se for para ajudar, vamos ajudar de verdade - Gl\u00f3ria Deus\",\"isPartOf\":{\"@id\":\"https:\\\/\\\/gloriadeus.com\\\/home\\\/#website\"},\"primaryImageOfPage\":{\"@id\":\"https:\\\/\\\/gloriadeus.com\\\/home\\\/se-for-para-ajudar-vamos-ajudar-de-verdade\\\/#primaryimage\"},\"image\":{\"@id\":\"https:\\\/\\\/gloriadeus.com\\\/home\\\/se-for-para-ajudar-vamos-ajudar-de-verdade\\\/#primaryimage\"},\"thumbnailUrl\":\"https:\\\/\\\/gloriadeus.com\\\/wp-content\\\/uploads\\\/2025\\\/03\\\/250119AMDIMG-10.jpg\",\"datePublished\":\"2026-01-13T07:03:46+00:00\",\"dateModified\":\"2026-01-31T23:58:25+00:00\",\"breadcrumb\":{\"@id\":\"https:\\\/\\\/gloriadeus.com\\\/home\\\/se-for-para-ajudar-vamos-ajudar-de-verdade\\\/#breadcrumb\"},\"inLanguage\":\"pt-BR\",\"potentialAction\":[{\"@type\":\"ReadAction\",\"target\":[\"https:\\\/\\\/gloriadeus.com\\\/home\\\/se-for-para-ajudar-vamos-ajudar-de-verdade\\\/\"]}]},{\"@type\":\"ImageObject\",\"inLanguage\":\"pt-BR\",\"@id\":\"https:\\\/\\\/gloriadeus.com\\\/home\\\/se-for-para-ajudar-vamos-ajudar-de-verdade\\\/#primaryimage\",\"url\":\"https:\\\/\\\/gloriadeus.com\\\/wp-content\\\/uploads\\\/2025\\\/03\\\/250119AMDIMG-10.jpg\",\"contentUrl\":\"https:\\\/\\\/gloriadeus.com\\\/wp-content\\\/uploads\\\/2025\\\/03\\\/250119AMDIMG-10.jpg\",\"width\":662,\"height\":427,\"caption\":\"Se for ajudar, ajude de verdade\"},{\"@type\":\"BreadcrumbList\",\"@id\":\"https:\\\/\\\/gloriadeus.com\\\/home\\\/se-for-para-ajudar-vamos-ajudar-de-verdade\\\/#breadcrumb\",\"itemListElement\":[{\"@type\":\"ListItem\",\"position\":1,\"name\":\"In\u00edcio\",\"item\":\"https:\\\/\\\/gloriadeus.com\\\/home\\\/\"},{\"@type\":\"ListItem\",\"position\":2,\"name\":\"Se for para ajudar, vamos ajudar de verdade\"}]},{\"@type\":\"WebSite\",\"@id\":\"https:\\\/\\\/gloriadeus.com\\\/home\\\/#website\",\"url\":\"https:\\\/\\\/gloriadeus.com\\\/home\\\/\",\"name\":\"Gloria Deus\",\"description\":\"\u21a8 Deslize para descobrir mais \u21a8\",\"publisher\":{\"@id\":\"https:\\\/\\\/gloriadeus.com\\\/home\\\/#\\\/schema\\\/person\\\/ab2365ca8f87ea38e53ba3c2275e65c4\"},\"alternateName\":\"Muita f\u00e9\",\"potentialAction\":[{\"@type\":\"SearchAction\",\"target\":{\"@type\":\"EntryPoint\",\"urlTemplate\":\"https:\\\/\\\/gloriadeus.com\\\/home\\\/?s={search_term_string}\"},\"query-input\":{\"@type\":\"PropertyValueSpecification\",\"valueRequired\":true,\"valueName\":\"search_term_string\"}}],\"inLanguage\":\"pt-BR\"},{\"@type\":[\"Person\",\"Organization\"],\"@id\":\"https:\\\/\\\/gloriadeus.com\\\/home\\\/#\\\/schema\\\/person\\\/ab2365ca8f87ea38e53ba3c2275e65c4\",\"name\":\"gloriadeus.com\",\"image\":{\"@type\":\"ImageObject\",\"inLanguage\":\"pt-BR\",\"@id\":\"https:\\\/\\\/gloriadeus.com\\\/wp-content\\\/uploads\\\/2024\\\/03\\\/230525DDPNG-21.png\",\"url\":\"https:\\\/\\\/gloriadeus.com\\\/wp-content\\\/uploads\\\/2024\\\/03\\\/230525DDPNG-21.png\",\"contentUrl\":\"https:\\\/\\\/gloriadeus.com\\\/wp-content\\\/uploads\\\/2024\\\/03\\\/230525DDPNG-21.png\",\"width\":220,\"height\":230,\"caption\":\"gloriadeus.com\"},\"logo\":{\"@id\":\"https:\\\/\\\/gloriadeus.com\\\/wp-content\\\/uploads\\\/2024\\\/03\\\/230525DDPNG-21.png\"},\"sameAs\":[\"https:\\\/\\\/gloriadeus.com\"]}]}<\/script>\n<!-- \/ Yoast SEO plugin. -->","yoast_head_json":{"title":"Se for para ajudar, vamos ajudar de verdade - Gl\u00f3ria Deus","robots":{"index":"index","follow":"follow","max-snippet":"max-snippet:-1","max-image-preview":"max-image-preview:large","max-video-preview":"max-video-preview:-1"},"canonical":"https:\/\/gloriadeus.com\/home\/se-for-para-ajudar-vamos-ajudar-de-verdade\/","og_locale":"pt_BR","og_type":"article","og_title":"Se for para ajudar, vamos ajudar de verdade - Gl\u00f3ria Deus","og_description":"A ajuda ao pr\u00f3ximo \u00e9 um tema central em nossas vidas, e reconhecer o momento certo para agir pode ser &hellip;","og_url":"https:\/\/gloriadeus.com\/home\/se-for-para-ajudar-vamos-ajudar-de-verdade\/","og_site_name":"Gl\u00f3ria Deus","article_modified_time":"2026-01-31T23:58:25+00:00","og_image":[{"width":662,"height":427,"url":"https:\/\/gloriadeus.com\/wp-content\/uploads\/2025\/03\/250119AMDIMG-10.jpg","type":"image\/jpeg"}],"twitter_card":"summary_large_image","twitter_misc":{"Est. tempo de leitura":"6 minutos"},"schema":{"@context":"https:\/\/schema.org","@graph":[{"@type":"WebPage","@id":"https:\/\/gloriadeus.com\/home\/se-for-para-ajudar-vamos-ajudar-de-verdade\/","url":"https:\/\/gloriadeus.com\/home\/se-for-para-ajudar-vamos-ajudar-de-verdade\/","name":"Se for para ajudar, vamos ajudar de verdade - Gl\u00f3ria Deus","isPartOf":{"@id":"https:\/\/gloriadeus.com\/home\/#website"},"primaryImageOfPage":{"@id":"https:\/\/gloriadeus.com\/home\/se-for-para-ajudar-vamos-ajudar-de-verdade\/#primaryimage"},"image":{"@id":"https:\/\/gloriadeus.com\/home\/se-for-para-ajudar-vamos-ajudar-de-verdade\/#primaryimage"},"thumbnailUrl":"https:\/\/gloriadeus.com\/wp-content\/uploads\/2025\/03\/250119AMDIMG-10.jpg","datePublished":"2026-01-13T07:03:46+00:00","dateModified":"2026-01-31T23:58:25+00:00","breadcrumb":{"@id":"https:\/\/gloriadeus.com\/home\/se-for-para-ajudar-vamos-ajudar-de-verdade\/#breadcrumb"},"inLanguage":"pt-BR","potentialAction":[{"@type":"ReadAction","target":["https:\/\/gloriadeus.com\/home\/se-for-para-ajudar-vamos-ajudar-de-verdade\/"]}]},{"@type":"ImageObject","inLanguage":"pt-BR","@id":"https:\/\/gloriadeus.com\/home\/se-for-para-ajudar-vamos-ajudar-de-verdade\/#primaryimage","url":"https:\/\/gloriadeus.com\/wp-content\/uploads\/2025\/03\/250119AMDIMG-10.jpg","contentUrl":"https:\/\/gloriadeus.com\/wp-content\/uploads\/2025\/03\/250119AMDIMG-10.jpg","width":662,"height":427,"caption":"Se for ajudar, ajude de verdade"},{"@type":"BreadcrumbList","@id":"https:\/\/gloriadeus.com\/home\/se-for-para-ajudar-vamos-ajudar-de-verdade\/#breadcrumb","itemListElement":[{"@type":"ListItem","position":1,"name":"In\u00edcio","item":"https:\/\/gloriadeus.com\/home\/"},{"@type":"ListItem","position":2,"name":"Se for para ajudar, vamos ajudar de verdade"}]},{"@type":"WebSite","@id":"https:\/\/gloriadeus.com\/home\/#website","url":"https:\/\/gloriadeus.com\/home\/","name":"Gloria Deus","description":"\u21a8 Deslize para descobrir mais \u21a8","publisher":{"@id":"https:\/\/gloriadeus.com\/home\/#\/schema\/person\/ab2365ca8f87ea38e53ba3c2275e65c4"},"alternateName":"Muita f\u00e9","potentialAction":[{"@type":"SearchAction","target":{"@type":"EntryPoint","urlTemplate":"https:\/\/gloriadeus.com\/home\/?s={search_term_string}"},"query-input":{"@type":"PropertyValueSpecification","valueRequired":true,"valueName":"search_term_string"}}],"inLanguage":"pt-BR"},{"@type":["Person","Organization"],"@id":"https:\/\/gloriadeus.com\/home\/#\/schema\/person\/ab2365ca8f87ea38e53ba3c2275e65c4","name":"gloriadeus.com","image":{"@type":"ImageObject","inLanguage":"pt-BR","@id":"https:\/\/gloriadeus.com\/wp-content\/uploads\/2024\/03\/230525DDPNG-21.png","url":"https:\/\/gloriadeus.com\/wp-content\/uploads\/2024\/03\/230525DDPNG-21.png","contentUrl":"https:\/\/gloriadeus.com\/wp-content\/uploads\/2024\/03\/230525DDPNG-21.png","width":220,"height":230,"caption":"gloriadeus.com"},"logo":{"@id":"https:\/\/gloriadeus.com\/wp-content\/uploads\/2024\/03\/230525DDPNG-21.png"},"sameAs":["https:\/\/gloriadeus.com"]}]}},"_links":{"self":[{"href":"https:\/\/gloriadeus.com\/home\/wp-json\/wp\/v2\/pages\/5274","targetHints":{"allow":["GET"]}}],"collection":[{"href":"https:\/\/gloriadeus.com\/home\/wp-json\/wp\/v2\/pages"}],"about":[{"href":"https:\/\/gloriadeus.com\/home\/wp-json\/wp\/v2\/types\/page"}],"author":[{"embeddable":true,"href":"https:\/\/gloriadeus.com\/home\/wp-json\/wp\/v2\/users\/1"}],"replies":[{"embeddable":true,"href":"https:\/\/gloriadeus.com\/home\/wp-json\/wp\/v2\/comments?post=5274"}],"version-history":[{"count":7,"href":"https:\/\/gloriadeus.com\/home\/wp-json\/wp\/v2\/pages\/5274\/revisions"}],"predecessor-version":[{"id":10284,"href":"https:\/\/gloriadeus.com\/home\/wp-json\/wp\/v2\/pages\/5274\/revisions\/10284"}],"wp:featuredmedia":[{"embeddable":true,"href":"https:\/\/gloriadeus.com\/home\/wp-json\/wp\/v2\/media\/5275"}],"wp:attachment":[{"href":"https:\/\/gloriadeus.com\/home\/wp-json\/wp\/v2\/media?parent=5274"}],"curies":[{"name":"wp","href":"https:\/\/api.w.org\/{rel}","templated":true}]}}