{"id":5262,"date":"2026-01-13T03:27:47","date_gmt":"2026-01-13T06:27:47","guid":{"rendered":"https:\/\/gloriadeus.com\/?page_id=5262"},"modified":"2026-02-04T10:11:55","modified_gmt":"2026-02-04T13:11:55","slug":"nao-permita-que-lhe-tratem-mal","status":"publish","type":"page","link":"https:\/\/gloriadeus.com\/home\/nao-permita-que-lhe-tratem-mal\/","title":{"rendered":"N\u00e3o permita que lhe tratem mal"},"content":{"rendered":"<!-- subtitulo, palavra, paragrafo ok --> \r\n\r\n\r\n<figure data-wp-context=\"{&quot;imageId&quot;:&quot;69fa3637e1a44&quot;}\" data-wp-interactive=\"core\/image\" data-wp-key=\"69fa3637e1a44\" class=\"wp-duotone-blue-orange wp-lightbox-container\">O primeiro passo \u00e9 a pr\u00e1tica da auto reflex\u00e3o, que nos permite entender nossas pr\u00f3prias emo\u00e7\u00f5es e limites, questionando a origem de nossas cren\u00e7as e atitudes frente \u00e0s rela\u00e7\u00f5es interpessoais.\u00a0<\/figure>\r\n<figure class=\"wp-block-image size-large is-resized\"><img loading=\"lazy\" decoding=\"async\" width=\"455\" height=\"667\" data-wp-class--hide=\"state.isContentHidden\" data-wp-class--show=\"state.isContentVisible\" data-wp-init=\"callbacks.setButtonStyles\" data-wp-on--click=\"actions.showLightbox\" data-wp-on--load=\"callbacks.setButtonStyles\" data-wp-on-window--resize=\"callbacks.setButtonStyles\" class=\"wp-image-5263\" style=\"width: 217px; height: auto;\" src=\"https:\/\/gloriadeus.com\/wp-content\/uploads\/2025\/03\/250119AMDIMG-1.jpg\" alt=\"N\u00e3o permita que lhe tratem mal \" srcset=\"https:\/\/gloriadeus.com\/wp-content\/uploads\/2025\/03\/250119AMDIMG-1.jpg 455w, https:\/\/gloriadeus.com\/wp-content\/uploads\/2025\/03\/250119AMDIMG-1-205x300.jpg 205w\" sizes=\"auto, (max-width: 455px) 100vw, 455px\" \/><button\n\t\t\tclass=\"lightbox-trigger\"\n\t\t\ttype=\"button\"\n\t\t\taria-haspopup=\"dialog\"\n\t\t\taria-label=\"Ampliar\"\n\t\t\tdata-wp-init=\"callbacks.initTriggerButton\"\n\t\t\tdata-wp-on--click=\"actions.showLightbox\"\n\t\t\tdata-wp-style--right=\"state.imageButtonRight\"\n\t\t\tdata-wp-style--top=\"state.imageButtonTop\"\n\t\t>\n\t\t\t<svg xmlns=\"http:\/\/www.w3.org\/2000\/svg\" width=\"12\" height=\"12\" fill=\"none\" viewBox=\"0 0 12 12\">\n\t\t\t\t<path fill=\"#fff\" d=\"M2 0a2 2 0 0 0-2 2v2h1.5V2a.5.5 0 0 1 .5-.5h2V0H2Zm2 10.5H2a.5.5 0 0 1-.5-.5V8H0v2a2 2 0 0 0 2 2h2v-1.5ZM8 12v-1.5h2a.5.5 0 0 0 .5-.5V8H12v2a2 2 0 0 1-2 2H8Zm2-12a2 2 0 0 1 2 2v2h-1.5V2a.5.5 0 0 0-.5-.5H8V0h2Z\" \/>\n\t\t\t<\/svg>\n\t\t<\/button><\/figure>\r\n\r\n\r\n\r\n<p>Refletir sobre a import\u00e2ncia de nos respeitarmos e compreendermos que n\u00e3o devemos permitir que ningu\u00e9m nos trate mal \u00e9 um exerc\u00edcio de autovaloriza\u00e7\u00e3o que come\u00e7a com a constru\u00e7\u00e3o de uma autoimagem positiva.\u00a0<\/p>\r\n<h2>N\u00e3o subestime\u00a0<\/h2>\r\n<p>N\u00e3o devemos subestimar o poder da autoafirma\u00e7\u00e3o e da express\u00e3o art\u00edstica como formas de nos libertar das valoriza\u00e7\u00f5es externas que muitas vezes nos aprisionam, seja na forma de criar um mural de gratid\u00e3o.<\/p>\r\n<p>Expressar nossos sentimentos por meio da m\u00fasica, pintura ou escrita, encontrando liberdade nas formas de express\u00e3o que nos ajudam a afirmar nossa identidade, refor\u00e7ar nosso valor e nos permitir vivenciar a beleza da vida sem os grilh\u00f5es da negatividade.\u00a0<\/p>\r\n\r\n\r\n\r\n<figure data-wp-context=\"{&quot;imageId&quot;:&quot;69fa3637e1db1&quot;}\" data-wp-interactive=\"core\/image\" data-wp-key=\"69fa3637e1db1\" class=\"wp-block-image size-large is-resized wp-duotone-purple-green wp-lightbox-container\"><img loading=\"lazy\" decoding=\"async\" width=\"520\" height=\"363\" data-wp-class--hide=\"state.isContentHidden\" data-wp-class--show=\"state.isContentVisible\" data-wp-init=\"callbacks.setButtonStyles\" data-wp-on--click=\"actions.showLightbox\" data-wp-on--load=\"callbacks.setButtonStyles\" data-wp-on-window--resize=\"callbacks.setButtonStyles\" class=\"wp-image-5266\" style=\"width: 314px; height: auto;\" src=\"https:\/\/gloriadeus.com\/wp-content\/uploads\/2025\/03\/250119AMDIMG-5.jpg\" alt=\"N\u00e3o permita que lhe tratem mal \" srcset=\"https:\/\/gloriadeus.com\/wp-content\/uploads\/2025\/03\/250119AMDIMG-5.jpg 520w, https:\/\/gloriadeus.com\/wp-content\/uploads\/2025\/03\/250119AMDIMG-5-300x209.jpg 300w\" sizes=\"auto, (max-width: 520px) 100vw, 520px\" \/><button\n\t\t\tclass=\"lightbox-trigger\"\n\t\t\ttype=\"button\"\n\t\t\taria-haspopup=\"dialog\"\n\t\t\taria-label=\"Ampliar\"\n\t\t\tdata-wp-init=\"callbacks.initTriggerButton\"\n\t\t\tdata-wp-on--click=\"actions.showLightbox\"\n\t\t\tdata-wp-style--right=\"state.imageButtonRight\"\n\t\t\tdata-wp-style--top=\"state.imageButtonTop\"\n\t\t>\n\t\t\t<svg xmlns=\"http:\/\/www.w3.org\/2000\/svg\" width=\"12\" height=\"12\" fill=\"none\" viewBox=\"0 0 12 12\">\n\t\t\t\t<path fill=\"#fff\" d=\"M2 0a2 2 0 0 0-2 2v2h1.5V2a.5.5 0 0 1 .5-.5h2V0H2Zm2 10.5H2a.5.5 0 0 1-.5-.5V8H0v2a2 2 0 0 0 2 2h2v-1.5ZM8 12v-1.5h2a.5.5 0 0 0 .5-.5V8H12v2a2 2 0 0 1-2 2H8Zm2-12a2 2 0 0 1 2 2v2h-1.5V2a.5.5 0 0 0-.5-.5H8V0h2Z\" \/>\n\t\t\t<\/svg>\n\t\t<\/button>\u00a0<\/figure>\r\n<p>Sabe-se que ao nos educarmos sobre din\u00e2micas de poder e abuso emocional, podemos identificar comportamentos t\u00f3xicos com mais clareza e desenvolver a coragem de nos afastar de tais situa\u00e7\u00f5es, lembrando que temos o direito de nos proteger, pois cada um de n\u00f3s merece viver em um ambiente de amor, apoio e respeito, a pr\u00e1tica da assertividade \u00e9 uma ferramenta poderosa nesse processo.\u00a0<\/p>\r\n<h2>A experi\u00eancia \u00e9 um aprendizado\u00a0<\/h2>\r\n<p>Ao nos deparamos com situa\u00e7\u00f5es em que fomos desrespeitados ou maltratados, podemos usar essas experi\u00eancias como oportunidades de aprendizado, analisando como reagimos diante delas e o que isso nos diz sobre nossas necessidades emocionais e limites, vale tamb\u00e9m cultivar a empatia.\u00a0<\/p>\r\n<p>Em momentos de d\u00favida, uma autoafirma\u00e7\u00e3o positiva pode ser uma pr\u00e1tica eficaz, repetindo para n\u00f3s mesmos que somos dignos de amor e respeito, incentivando a constru\u00e7\u00e3o de um di\u00e1logo interno mais saud\u00e1vel e amoroso, a medita\u00e7\u00e3o tamb\u00e9m pode servir como um espa\u00e7o de reflex\u00e3o profunda.<\/p>\r\n\r\n\r\n\r\n<figure data-wp-context=\"{&quot;imageId&quot;:&quot;69fa3637e2083&quot;}\" data-wp-interactive=\"core\/image\" data-wp-key=\"69fa3637e2083\" class=\"wp-block-image size-large is-resized wp-duotone-midnight wp-lightbox-container\"><img loading=\"lazy\" decoding=\"async\" width=\"569\" height=\"542\" data-wp-class--hide=\"state.isContentHidden\" data-wp-class--show=\"state.isContentVisible\" data-wp-init=\"callbacks.setButtonStyles\" data-wp-on--click=\"actions.showLightbox\" data-wp-on--load=\"callbacks.setButtonStyles\" data-wp-on-window--resize=\"callbacks.setButtonStyles\" class=\"wp-image-5265\" style=\"width: 268px; height: auto;\" src=\"https:\/\/gloriadeus.com\/wp-content\/uploads\/2025\/03\/250119AMDIMG-4.jpg\" alt=\"N\u00e3o permita que lhe tratem mal \" srcset=\"https:\/\/gloriadeus.com\/wp-content\/uploads\/2025\/03\/250119AMDIMG-4.jpg 569w, https:\/\/gloriadeus.com\/wp-content\/uploads\/2025\/03\/250119AMDIMG-4-300x286.jpg 300w\" sizes=\"auto, (max-width: 569px) 100vw, 569px\" \/><button\n\t\t\tclass=\"lightbox-trigger\"\n\t\t\ttype=\"button\"\n\t\t\taria-haspopup=\"dialog\"\n\t\t\taria-label=\"Ampliar\"\n\t\t\tdata-wp-init=\"callbacks.initTriggerButton\"\n\t\t\tdata-wp-on--click=\"actions.showLightbox\"\n\t\t\tdata-wp-style--right=\"state.imageButtonRight\"\n\t\t\tdata-wp-style--top=\"state.imageButtonTop\"\n\t\t>\n\t\t\t<svg xmlns=\"http:\/\/www.w3.org\/2000\/svg\" width=\"12\" height=\"12\" fill=\"none\" viewBox=\"0 0 12 12\">\n\t\t\t\t<path fill=\"#fff\" d=\"M2 0a2 2 0 0 0-2 2v2h1.5V2a.5.5 0 0 1 .5-.5h2V0H2Zm2 10.5H2a.5.5 0 0 1-.5-.5V8H0v2a2 2 0 0 0 2 2h2v-1.5ZM8 12v-1.5h2a.5.5 0 0 0 .5-.5V8H12v2a2 2 0 0 1-2 2H8Zm2-12a2 2 0 0 1 2 2v2h-1.5V2a.5.5 0 0 0-.5-.5H8V0h2Z\" \/>\n\t\t\t<\/svg>\n\t\t<\/button>\u00a0<\/figure>\r\n<p>Entender que todos t\u00eam suas pr\u00f3prias lutas e inseguran\u00e7as nos ajuda a discernir entre comportamentos que podem ser fruto de problemas alheios e a\u00e7\u00f5es que s\u00e3o realmente prejudiciais e inaceit\u00e1veis, paralelamente, a pr\u00e1tica da gratid\u00e3o \u00e9 fundamental.\u00a0<\/p>\r\n<p>Tudo isso nos ajuda a relembrar quem somos, o que valorizamos e o que desejamos para n\u00f3s mesmos, criando um espa\u00e7o interior onde o respeito pr\u00f3prio possa florescer.\u00a0<\/p>\r\n<h2>Cerque-se de quem te valoriza\u00a0<\/h2>\r\n<p>\u00c9 importante estabelecermos um c\u00edrculo de apoio ao nosso redor, cercando-nos de pessoas que nos valorizem e respeitem, pois isso n\u00e3o s\u00f3 refor\u00e7a a ideia de que merecemos ser tratados com dignidade, mas tamb\u00e9m nos proporciona exemplos de como interagir num n\u00edvel saud\u00e1vel, estimulando uma cultura de respeito m\u00fatuo.<\/p>\r\n\r\n\r\n\r\n<figure class=\"wp-block-image size-large is-resized\"><img loading=\"lazy\" decoding=\"async\" width=\"339\" height=\"346\" class=\"wp-image-5264\" style=\"width: 304px; height: auto;\" src=\"https:\/\/gloriadeus.com\/wp-content\/uploads\/2025\/03\/250119AMDIMG-6.jpg\" alt=\"N\u00e3o permita que lhe tratem mal \" srcset=\"https:\/\/gloriadeus.com\/wp-content\/uploads\/2025\/03\/250119AMDIMG-6.jpg 339w, https:\/\/gloriadeus.com\/wp-content\/uploads\/2025\/03\/250119AMDIMG-6-294x300.jpg 294w\" sizes=\"auto, (max-width: 339px) 100vw, 339px\" \/><\/figure>\r\n\r\n\r\n\r\n<p>O que nos ensina a comunicar nossas necessidades e limites de forma clara e respeitosa, encorajando um di\u00e1logo aberto que pode dissipar mal-entendidos e contribuir para relacionamentos mais saud\u00e1veis.\u00a0<\/p>\r\n<p>\u00c9 fundamental lembrar que o caminho para o autocuidado inclui a defesa de nossos direitos e a rejei\u00e7\u00e3o de qualquer forma de abuso, seja ela emocional, verbal ou f\u00edsico, e reconhecer que ningu\u00e9m tem o direito de nos desumanizar ou desrespeitar.\u00a0<\/p>\r\n<h2>Conectar-se com o interior\u00a0<\/h2>\r\n<p>\u00c9 onde podemos nos conectar com nosso eu interior, resgatando a ess\u00eancia do que somos e o que desejamos, permitindo-nos observar as intera\u00e7\u00f5es com os outros de uma perspectiva mais ampla, ao escrever em um di\u00e1rio, podemos articular nossas experi\u00eancias, sentimentos e preocupa\u00e7\u00f5es, ajudando a processar o que vivemos e a identificar padr\u00f5es que precisamos mudar em nossas intera\u00e7\u00f5es.<\/p>\r\n<p>Ao consoar todas essas pr\u00e1ticas e reflex\u00f5es, conseguimos construir uma base s\u00f3lida para que, gradualmente, possamos nos levantar e nos afastar de ambientes e pessoas que n\u00e3o nos tratam com o devido respeito, cultivando a coragem necess\u00e1ria para nos defendermos e, especialmente, para tra\u00e7armos um caminho que nos leve a rela\u00e7\u00f5es mais saud\u00e1veis e construtivas.\u00a0<\/p>\r\n<p>Onde possamos florescer e ser a melhor vers\u00e3o de n\u00f3s mesmos, reconhecendo que cada encontro \u00e9 uma oportunidade de aprendizado e crescimento, sendo ao mesmo tempo um exerc\u00edcio de amor-pr\u00f3prio e um convite \u00e0 constru\u00e7\u00e3o de um mundo onde o respeito e a gentileza prevale\u00e7am como valores fundamentais em todas as intera\u00e7\u00f5es humanas.<\/p>\r\n","protected":false},"excerpt":{"rendered":"<p>Refletir sobre a import\u00e2ncia de nos respeitarmos e compreendermos que n\u00e3o devemos permitir que ningu\u00e9m nos trate mal \u00e9 um &hellip; <\/p>\n","protected":false},"author":1,"featured_media":5264,"parent":0,"menu_order":0,"comment_status":"open","ping_status":"closed","template":"","meta":{"_uf_show_specific_survey":0,"_uf_disable_surveys":false,"footnotes":""},"class_list":["post-5262","page","type-page","status-publish","has-post-thumbnail","hentry"],"yoast_head":"<!-- This site is optimized with the Yoast SEO plugin v27.5 - https:\/\/yoast.com\/product\/yoast-seo-wordpress\/ -->\n<title>N\u00e3o permita que lhe tratem mal - Gl\u00f3ria Deus<\/title>\n<meta name=\"robots\" content=\"index, follow, max-snippet:-1, max-image-preview:large, max-video-preview:-1\" \/>\n<link rel=\"canonical\" href=\"https:\/\/gloriadeus.com\/home\/nao-permita-que-lhe-tratem-mal\/\" \/>\n<meta property=\"og:locale\" content=\"pt_BR\" \/>\n<meta property=\"og:type\" content=\"article\" \/>\n<meta property=\"og:title\" content=\"N\u00e3o permita que lhe tratem mal - Gl\u00f3ria Deus\" \/>\n<meta property=\"og:description\" content=\"Refletir sobre a import\u00e2ncia de nos respeitarmos e compreendermos que n\u00e3o devemos permitir que ningu\u00e9m nos trate mal \u00e9 um &hellip;\" \/>\n<meta property=\"og:url\" content=\"https:\/\/gloriadeus.com\/home\/nao-permita-que-lhe-tratem-mal\/\" \/>\n<meta property=\"og:site_name\" content=\"Gl\u00f3ria Deus\" \/>\n<meta property=\"article:modified_time\" content=\"2026-02-04T13:11:55+00:00\" \/>\n<meta property=\"og:image\" content=\"https:\/\/gloriadeus.com\/wp-content\/uploads\/2025\/03\/250119AMDIMG-6.jpg\" \/>\n\t<meta property=\"og:image:width\" content=\"339\" \/>\n\t<meta property=\"og:image:height\" content=\"346\" \/>\n\t<meta property=\"og:image:type\" content=\"image\/jpeg\" \/>\n<meta name=\"twitter:card\" content=\"summary_large_image\" \/>\n<meta name=\"twitter:label1\" content=\"Est. tempo de leitura\" \/>\n\t<meta name=\"twitter:data1\" content=\"5 minutos\" \/>\n<script type=\"application\/ld+json\" class=\"yoast-schema-graph\">{\"@context\":\"https:\\\/\\\/schema.org\",\"@graph\":[{\"@type\":\"WebPage\",\"@id\":\"https:\\\/\\\/gloriadeus.com\\\/home\\\/nao-permita-que-lhe-tratem-mal\\\/\",\"url\":\"https:\\\/\\\/gloriadeus.com\\\/home\\\/nao-permita-que-lhe-tratem-mal\\\/\",\"name\":\"N\u00e3o permita que lhe tratem mal - Gl\u00f3ria Deus\",\"isPartOf\":{\"@id\":\"https:\\\/\\\/gloriadeus.com\\\/home\\\/#website\"},\"primaryImageOfPage\":{\"@id\":\"https:\\\/\\\/gloriadeus.com\\\/home\\\/nao-permita-que-lhe-tratem-mal\\\/#primaryimage\"},\"image\":{\"@id\":\"https:\\\/\\\/gloriadeus.com\\\/home\\\/nao-permita-que-lhe-tratem-mal\\\/#primaryimage\"},\"thumbnailUrl\":\"https:\\\/\\\/gloriadeus.com\\\/wp-content\\\/uploads\\\/2025\\\/03\\\/250119AMDIMG-6.jpg\",\"datePublished\":\"2026-01-13T06:27:47+00:00\",\"dateModified\":\"2026-02-04T13:11:55+00:00\",\"breadcrumb\":{\"@id\":\"https:\\\/\\\/gloriadeus.com\\\/home\\\/nao-permita-que-lhe-tratem-mal\\\/#breadcrumb\"},\"inLanguage\":\"pt-BR\",\"potentialAction\":[{\"@type\":\"ReadAction\",\"target\":[\"https:\\\/\\\/gloriadeus.com\\\/home\\\/nao-permita-que-lhe-tratem-mal\\\/\"]}]},{\"@type\":\"ImageObject\",\"inLanguage\":\"pt-BR\",\"@id\":\"https:\\\/\\\/gloriadeus.com\\\/home\\\/nao-permita-que-lhe-tratem-mal\\\/#primaryimage\",\"url\":\"https:\\\/\\\/gloriadeus.com\\\/wp-content\\\/uploads\\\/2025\\\/03\\\/250119AMDIMG-6.jpg\",\"contentUrl\":\"https:\\\/\\\/gloriadeus.com\\\/wp-content\\\/uploads\\\/2025\\\/03\\\/250119AMDIMG-6.jpg\",\"width\":339,\"height\":346,\"caption\":\"N\u00e3o permita que lhe tratem mal\"},{\"@type\":\"BreadcrumbList\",\"@id\":\"https:\\\/\\\/gloriadeus.com\\\/home\\\/nao-permita-que-lhe-tratem-mal\\\/#breadcrumb\",\"itemListElement\":[{\"@type\":\"ListItem\",\"position\":1,\"name\":\"In\u00edcio\",\"item\":\"https:\\\/\\\/gloriadeus.com\\\/home\\\/\"},{\"@type\":\"ListItem\",\"position\":2,\"name\":\"N\u00e3o permita que lhe tratem mal\"}]},{\"@type\":\"WebSite\",\"@id\":\"https:\\\/\\\/gloriadeus.com\\\/home\\\/#website\",\"url\":\"https:\\\/\\\/gloriadeus.com\\\/home\\\/\",\"name\":\"Gloria Deus\",\"description\":\"\u21a8 Deslize para descobrir mais \u21a8\",\"publisher\":{\"@id\":\"https:\\\/\\\/gloriadeus.com\\\/home\\\/#\\\/schema\\\/person\\\/ab2365ca8f87ea38e53ba3c2275e65c4\"},\"alternateName\":\"Muita f\u00e9\",\"potentialAction\":[{\"@type\":\"SearchAction\",\"target\":{\"@type\":\"EntryPoint\",\"urlTemplate\":\"https:\\\/\\\/gloriadeus.com\\\/home\\\/?s={search_term_string}\"},\"query-input\":{\"@type\":\"PropertyValueSpecification\",\"valueRequired\":true,\"valueName\":\"search_term_string\"}}],\"inLanguage\":\"pt-BR\"},{\"@type\":[\"Person\",\"Organization\"],\"@id\":\"https:\\\/\\\/gloriadeus.com\\\/home\\\/#\\\/schema\\\/person\\\/ab2365ca8f87ea38e53ba3c2275e65c4\",\"name\":\"gloriadeus.com\",\"image\":{\"@type\":\"ImageObject\",\"inLanguage\":\"pt-BR\",\"@id\":\"https:\\\/\\\/gloriadeus.com\\\/wp-content\\\/uploads\\\/2024\\\/03\\\/230525DDPNG-21.png\",\"url\":\"https:\\\/\\\/gloriadeus.com\\\/wp-content\\\/uploads\\\/2024\\\/03\\\/230525DDPNG-21.png\",\"contentUrl\":\"https:\\\/\\\/gloriadeus.com\\\/wp-content\\\/uploads\\\/2024\\\/03\\\/230525DDPNG-21.png\",\"width\":220,\"height\":230,\"caption\":\"gloriadeus.com\"},\"logo\":{\"@id\":\"https:\\\/\\\/gloriadeus.com\\\/wp-content\\\/uploads\\\/2024\\\/03\\\/230525DDPNG-21.png\"},\"sameAs\":[\"https:\\\/\\\/gloriadeus.com\"]}]}<\/script>\n<!-- \/ Yoast SEO plugin. -->","yoast_head_json":{"title":"N\u00e3o permita que lhe tratem mal - Gl\u00f3ria Deus","robots":{"index":"index","follow":"follow","max-snippet":"max-snippet:-1","max-image-preview":"max-image-preview:large","max-video-preview":"max-video-preview:-1"},"canonical":"https:\/\/gloriadeus.com\/home\/nao-permita-que-lhe-tratem-mal\/","og_locale":"pt_BR","og_type":"article","og_title":"N\u00e3o permita que lhe tratem mal - Gl\u00f3ria Deus","og_description":"Refletir sobre a import\u00e2ncia de nos respeitarmos e compreendermos que n\u00e3o devemos permitir que ningu\u00e9m nos trate mal \u00e9 um &hellip;","og_url":"https:\/\/gloriadeus.com\/home\/nao-permita-que-lhe-tratem-mal\/","og_site_name":"Gl\u00f3ria Deus","article_modified_time":"2026-02-04T13:11:55+00:00","og_image":[{"width":339,"height":346,"url":"https:\/\/gloriadeus.com\/wp-content\/uploads\/2025\/03\/250119AMDIMG-6.jpg","type":"image\/jpeg"}],"twitter_card":"summary_large_image","twitter_misc":{"Est. tempo de leitura":"5 minutos"},"schema":{"@context":"https:\/\/schema.org","@graph":[{"@type":"WebPage","@id":"https:\/\/gloriadeus.com\/home\/nao-permita-que-lhe-tratem-mal\/","url":"https:\/\/gloriadeus.com\/home\/nao-permita-que-lhe-tratem-mal\/","name":"N\u00e3o permita que lhe tratem mal - Gl\u00f3ria Deus","isPartOf":{"@id":"https:\/\/gloriadeus.com\/home\/#website"},"primaryImageOfPage":{"@id":"https:\/\/gloriadeus.com\/home\/nao-permita-que-lhe-tratem-mal\/#primaryimage"},"image":{"@id":"https:\/\/gloriadeus.com\/home\/nao-permita-que-lhe-tratem-mal\/#primaryimage"},"thumbnailUrl":"https:\/\/gloriadeus.com\/wp-content\/uploads\/2025\/03\/250119AMDIMG-6.jpg","datePublished":"2026-01-13T06:27:47+00:00","dateModified":"2026-02-04T13:11:55+00:00","breadcrumb":{"@id":"https:\/\/gloriadeus.com\/home\/nao-permita-que-lhe-tratem-mal\/#breadcrumb"},"inLanguage":"pt-BR","potentialAction":[{"@type":"ReadAction","target":["https:\/\/gloriadeus.com\/home\/nao-permita-que-lhe-tratem-mal\/"]}]},{"@type":"ImageObject","inLanguage":"pt-BR","@id":"https:\/\/gloriadeus.com\/home\/nao-permita-que-lhe-tratem-mal\/#primaryimage","url":"https:\/\/gloriadeus.com\/wp-content\/uploads\/2025\/03\/250119AMDIMG-6.jpg","contentUrl":"https:\/\/gloriadeus.com\/wp-content\/uploads\/2025\/03\/250119AMDIMG-6.jpg","width":339,"height":346,"caption":"N\u00e3o permita que lhe tratem mal"},{"@type":"BreadcrumbList","@id":"https:\/\/gloriadeus.com\/home\/nao-permita-que-lhe-tratem-mal\/#breadcrumb","itemListElement":[{"@type":"ListItem","position":1,"name":"In\u00edcio","item":"https:\/\/gloriadeus.com\/home\/"},{"@type":"ListItem","position":2,"name":"N\u00e3o permita que lhe tratem mal"}]},{"@type":"WebSite","@id":"https:\/\/gloriadeus.com\/home\/#website","url":"https:\/\/gloriadeus.com\/home\/","name":"Gloria Deus","description":"\u21a8 Deslize para descobrir mais \u21a8","publisher":{"@id":"https:\/\/gloriadeus.com\/home\/#\/schema\/person\/ab2365ca8f87ea38e53ba3c2275e65c4"},"alternateName":"Muita f\u00e9","potentialAction":[{"@type":"SearchAction","target":{"@type":"EntryPoint","urlTemplate":"https:\/\/gloriadeus.com\/home\/?s={search_term_string}"},"query-input":{"@type":"PropertyValueSpecification","valueRequired":true,"valueName":"search_term_string"}}],"inLanguage":"pt-BR"},{"@type":["Person","Organization"],"@id":"https:\/\/gloriadeus.com\/home\/#\/schema\/person\/ab2365ca8f87ea38e53ba3c2275e65c4","name":"gloriadeus.com","image":{"@type":"ImageObject","inLanguage":"pt-BR","@id":"https:\/\/gloriadeus.com\/wp-content\/uploads\/2024\/03\/230525DDPNG-21.png","url":"https:\/\/gloriadeus.com\/wp-content\/uploads\/2024\/03\/230525DDPNG-21.png","contentUrl":"https:\/\/gloriadeus.com\/wp-content\/uploads\/2024\/03\/230525DDPNG-21.png","width":220,"height":230,"caption":"gloriadeus.com"},"logo":{"@id":"https:\/\/gloriadeus.com\/wp-content\/uploads\/2024\/03\/230525DDPNG-21.png"},"sameAs":["https:\/\/gloriadeus.com"]}]}},"_links":{"self":[{"href":"https:\/\/gloriadeus.com\/home\/wp-json\/wp\/v2\/pages\/5262","targetHints":{"allow":["GET"]}}],"collection":[{"href":"https:\/\/gloriadeus.com\/home\/wp-json\/wp\/v2\/pages"}],"about":[{"href":"https:\/\/gloriadeus.com\/home\/wp-json\/wp\/v2\/types\/page"}],"author":[{"embeddable":true,"href":"https:\/\/gloriadeus.com\/home\/wp-json\/wp\/v2\/users\/1"}],"replies":[{"embeddable":true,"href":"https:\/\/gloriadeus.com\/home\/wp-json\/wp\/v2\/comments?post=5262"}],"version-history":[{"count":6,"href":"https:\/\/gloriadeus.com\/home\/wp-json\/wp\/v2\/pages\/5262\/revisions"}],"predecessor-version":[{"id":8418,"href":"https:\/\/gloriadeus.com\/home\/wp-json\/wp\/v2\/pages\/5262\/revisions\/8418"}],"wp:featuredmedia":[{"embeddable":true,"href":"https:\/\/gloriadeus.com\/home\/wp-json\/wp\/v2\/media\/5264"}],"wp:attachment":[{"href":"https:\/\/gloriadeus.com\/home\/wp-json\/wp\/v2\/media?parent=5262"}],"curies":[{"name":"wp","href":"https:\/\/api.w.org\/{rel}","templated":true}]}}