{"id":5251,"date":"2026-01-13T02:59:36","date_gmt":"2026-01-13T05:59:36","guid":{"rendered":"https:\/\/gloriadeus.com\/?page_id=5251"},"modified":"2026-02-05T06:58:27","modified_gmt":"2026-02-05T09:58:27","slug":"estar-em-paz-e-o-melhor-de-tudo","status":"publish","type":"page","link":"https:\/\/gloriadeus.com\/home\/estar-em-paz-e-o-melhor-de-tudo\/","title":{"rendered":"Estar em paz \u00e9 o melhor de tudo"},"content":{"rendered":"<!-- subtitulo, palavra, paragrafo ok -->\r\n\r\n\r\n<figure class=\"wp-lightbox-container\" data-wp-context=\"{&quot;imageId&quot;:&quot;69fa178f6cab1&quot;}\" data-wp-interactive=\"core\/image\" data-wp-key=\"69fa178f6cab1\">Ao adotarmos esse olhar reflexivo e proativo, podemos realmente fazer da paz uma constante em nossas vidas, permitindo que ela se torne a base de nosso ser, ajudando-nos a enfrentar desafios com serenidade e a desfrutar de momentos de alegria com um cora\u00e7\u00e3o leve e agradecido.<\/figure>\r\n<figure><img loading=\"lazy\" decoding=\"async\" width=\"688\" height=\"510\" data-wp-class--hide=\"state.isContentHidden\" data-wp-class--show=\"state.isContentVisible\" data-wp-init=\"callbacks.setButtonStyles\" data-wp-on--click=\"actions.showLightbox\" data-wp-on--load=\"callbacks.setButtonStyles\" data-wp-on-window--resize=\"callbacks.setButtonStyles\" class=\"wp-image-5256\" style=\"width: 239px; height: auto;\" src=\"https:\/\/gloriadeus.com\/wp-content\/uploads\/2025\/03\/250119AMDIMG-16.jpg\" alt=\"Estar em paz \u00e9 o melhor de tudo\" srcset=\"https:\/\/gloriadeus.com\/wp-content\/uploads\/2025\/03\/250119AMDIMG-16.jpg 688w, https:\/\/gloriadeus.com\/wp-content\/uploads\/2025\/03\/250119AMDIMG-16-300x222.jpg 300w\" sizes=\"auto, (max-width: 688px) 100vw, 688px\" \/><button\n\t\t\tclass=\"lightbox-trigger\"\n\t\t\ttype=\"button\"\n\t\t\taria-haspopup=\"dialog\"\n\t\t\taria-label=\"Ampliar\"\n\t\t\tdata-wp-init=\"callbacks.initTriggerButton\"\n\t\t\tdata-wp-on--click=\"actions.showLightbox\"\n\t\t\tdata-wp-style--right=\"state.imageButtonRight\"\n\t\t\tdata-wp-style--top=\"state.imageButtonTop\"\n\t\t>\n\t\t\t<svg xmlns=\"http:\/\/www.w3.org\/2000\/svg\" width=\"12\" height=\"12\" fill=\"none\" viewBox=\"0 0 12 12\">\n\t\t\t\t<path fill=\"#fff\" d=\"M2 0a2 2 0 0 0-2 2v2h1.5V2a.5.5 0 0 1 .5-.5h2V0H2Zm2 10.5H2a.5.5 0 0 1-.5-.5V8H0v2a2 2 0 0 0 2 2h2v-1.5ZM8 12v-1.5h2a.5.5 0 0 0 .5-.5V8H12v2a2 2 0 0 1-2 2H8Zm2-12a2 2 0 0 1 2 2v2h-1.5V2a.5.5 0 0 0-.5-.5H8V0h2Z\" \/>\n\t\t\t<\/svg>\n\t\t<\/button>\u00a0<\/figure>\r\n\r\n\r\n\r\n<p>Estar em paz \u00e9, sem d\u00favida, uma das experi\u00eancias mais valiosas e desejadas na vida, e para alcan\u00e7ar esse estado, \u00e9 vital refletir sobre nossas a\u00e7\u00f5es, emo\u00e7\u00f5es e rela\u00e7\u00f5es, reconhecendo a import\u00e2ncia do autoconhecimento e do autocuidado, primeiramente, \u00e9 fundamental criar um espa\u00e7o de tranquilidade em nossas rotinas di\u00e1rias, onde possamos nos desconectar do barulho externo e nos conectar com nosso interior.\u00a0<\/p>\r\n\r\n\r\n\r\n\r\n\r\n\r\n\r\n<p>Cultivar a gratid\u00e3o, que nos ajuda a focar no que temos, em vez do que nos falta, promovendo uma mudan\u00e7a positiva na nossa perspectiva de vida, construir um di\u00e1rio de gratid\u00e3o pode ser uma excelente pr\u00e1tica, escrevendo diariamente algumas das coisas pelas quais <em><a href=\"https:\/\/gloriadeus.com\/tag\/gratidao-pelas-conquistas\/\">somos gratos<\/a><\/em>, o que nos ajuda a manter a mente em um estado positivo e a valorizar as pequenas coisas.\u00a0<\/p>\r\n<p><img loading=\"lazy\" decoding=\"async\" width=\"736\" height=\"736\" class=\"wp-image-5258\" style=\"width: 285px; height: auto;\" src=\"https:\/\/gloriadeus.com\/wp-content\/uploads\/2025\/03\/250119AMDIMG-12.jpg\" alt=\"Estar em paz \u00e9 o melhor de tudo\" srcset=\"https:\/\/gloriadeus.com\/wp-content\/uploads\/2025\/03\/250119AMDIMG-12.jpg 736w, https:\/\/gloriadeus.com\/wp-content\/uploads\/2025\/03\/250119AMDIMG-12-300x300.jpg 300w, https:\/\/gloriadeus.com\/wp-content\/uploads\/2025\/03\/250119AMDIMG-12-150x150.jpg 150w\" sizes=\"auto, (max-width: 736px) 100vw, 736px\" \/>\u00a0<\/p>\r\n<p>De tempos em tempos, revisar nossas rela\u00e7\u00f5es, manter contato apenas com pessoas que nos elevam e incentivam \u00e9 crucial para nosso bem-estar.\u00a0<\/p>\r\n<p>Portanto, avaliar quem nos traz paz e quem traz turbul\u00eancia e instabilidade pode ser um grande passo para simplificar nossas vidas e escolher estar ao lado de quem realmente nos faz bem, outra estrat\u00e9gia \u00e9 mergulhar na natureza sempre que poss\u00edvel.\u00a0<\/p>\r\n\r\n\r\n\r\n<p>Os ambientes naturais t\u00eam um poder revitalizante incr\u00edvel e podem nos ajudar a refletir, desacelerar e apreciar a beleza do mundo ao nosso redor, caminhar, fazer piqueniques ou apenas contemplar um p\u00f4r do sol pode oferecer momentos de rara paz, em complemento.\u00a0<\/p>\r\n<p><strong><img loading=\"lazy\" decoding=\"async\" width=\"720\" height=\"438\" class=\"wp-image-5252\" style=\"width: 297px; height: auto;\" src=\"https:\/\/gloriadeus.com\/wp-content\/uploads\/2025\/03\/231115DDIMG02.jpg\" alt=\"Estar em paz \u00e9 o melhor de tudo\" srcset=\"https:\/\/gloriadeus.com\/wp-content\/uploads\/2025\/03\/231115DDIMG02.jpg 720w, https:\/\/gloriadeus.com\/wp-content\/uploads\/2025\/03\/231115DDIMG02-300x183.jpg 300w\" sizes=\"auto, (max-width: 720px) 100vw, 720px\" \/>\u00a0<\/strong><\/p>\r\n<p>\u00c9 interessante explorar atividades criativas que nos permitam expressar sentimentos e pensamentos, como pintar, escrever, tocar um instrumento musical ou dan\u00e7ar, essas pr\u00e1ticas nos levam a um estado de fluxo que \u00e9 terap\u00eautico e nos ajuda a entender melhor nossa psique, a refletir sobre nossas emo\u00e7\u00f5es e a encontrar a paz interna, <strong>incluir o exerc\u00edcio f\u00edsico em nossa rotina tamb\u00e9m \u00e9 ben\u00e9fico<\/strong>.\u00a0<\/p>\r\n\r\n\r\n\r\n\r\n\r\n<p>Tudo isso libera endorfinas que melhoram nosso humor e promovem um estado de bem estar, seja correr, nadar, praticar ioga ou qualquer atividade que nos fa\u00e7a sentir bem, o importante \u00e9 mover o corpo e liberar tens\u00f5es, por outro lado, \u00e9 essencial aprender a dizer n\u00e3o, muitas vezes, nos envolvemos em compromissos que n\u00e3o s\u00e3o n\u00f3s os que queremos ou que consomem nosso tempo e energia.<\/p>\r\n<p>Ter o poder de recusar algo que n\u00e3o ressoa conosco \u00e9 um ato de amor-pr\u00f3prio, ainda nesse sentido, praticar o desapego \u00e9 outra forma poderosa de alcan\u00e7ar a paz, isso pode envolver o descarte f\u00edsico de objetos que n\u00e3o usamos mais ou que nos ligam a um passado que n\u00e3o queremos carregar.\u00a0<\/p>\r\n<p><img loading=\"lazy\" decoding=\"async\" width=\"501\" height=\"600\" class=\"wp-image-5255\" style=\"width: 265px; height: auto;\" src=\"https:\/\/gloriadeus.com\/wp-content\/uploads\/2025\/03\/250119AMDIMG-9.jpg\" alt=\"Estar em paz \u00e9 o melhor de tudo\" srcset=\"https:\/\/gloriadeus.com\/wp-content\/uploads\/2025\/03\/250119AMDIMG-9.jpg 501w, https:\/\/gloriadeus.com\/wp-content\/uploads\/2025\/03\/250119AMDIMG-9-251x300.jpg 251w\" sizes=\"auto, (max-width: 501px) 100vw, 501px\" \/>\u00a0<\/p>\r\n<p>Assim como tamb\u00e9m se desapegar de cren\u00e7as ou padr\u00f5es mentais que j\u00e1 n\u00e3o servem mais, saber que a vida \u00e9 uma constante mudan\u00e7a e que o desapego nos permite abrirmos espa\u00e7o para novas experi\u00eancias \u00e9 essencial para nossa evolu\u00e7\u00e3o.\u00a0<\/p>\r\n\r\n\r\n\r\n\r\n\r\n\r\n\r\n<p>Direcionar energia para o autocuidado \u00e9 vital, seja por meio de tratamentos est\u00e9ticos, momentos de descanso, livros ou qualquer atividade que nos fa\u00e7a sentir bem, cuidar de si mesmo \u00e9 um sinal de amor e respeito por n\u00f3s mesmos, em momentos de desgaste emocional, \u00e9 apropriado buscar apoio.<\/p>\r\n<p>Dividir nossas dificuldades com pessoas de confian\u00e7a ou at\u00e9 mesmo profissionais pode proporcionar al\u00edvio e nos ajudar a redefinir nossos pensamentos, tornando o caminho mais leve e menos solit\u00e1rio, outra pr\u00e1tica poderosa para encontrar paz \u00e9 configurar algum tipo de ritual di\u00e1rio, seja um ch\u00e1 ao acordar, uma pausa na tarde para um pouco de leitura ou a pr\u00e1tica de yoga antes de dormir.\u00a0<\/p>\r\n<p><img loading=\"lazy\" decoding=\"async\" width=\"720\" height=\"900\" class=\"wp-image-5254\" style=\"width: 297px; height: auto;\" src=\"https:\/\/gloriadeus.com\/wp-content\/uploads\/2025\/03\/250119AMDIMG-3.jpg\" alt=\"Estar em paz \u00e9 o melhor de tudo\" srcset=\"https:\/\/gloriadeus.com\/wp-content\/uploads\/2025\/03\/250119AMDIMG-3.jpg 720w, https:\/\/gloriadeus.com\/wp-content\/uploads\/2025\/03\/250119AMDIMG-3-240x300.jpg 240w\" sizes=\"auto, (max-width: 720px) 100vw, 720px\" \/>\u00a0<\/p>\r\n<p>S\u00e3o pequenos rituais podem tornar nosso dia mais significativo e repleto de momentos de paz. Mas, n\u00e3o menos importante, abra\u00e7ar o presente \u00e9 uma das chaves para encontrar a verdadeira paz interna, ao inv\u00e9s de nos preocuparmos excessivamente com o futuro ou lamentar o passado, podemos fazer um esfor\u00e7o consciente para estar plenamente presentes em cada momento.<\/p>\r\n<p>Reconhecendo que a \u00fanica certeza que temos \u00e9 o agora, e ao encontrarmos alegria nas pequenas coisas, como o sabor de um caf\u00e9 quente ou a risada de uma crian\u00e7a, nos aproximamos desse estado de paz que tanto almejamos.<\/p>\r\n<p>Entender que a paz n\u00e3o \u00e9 um destino, mas uma jornada di\u00e1ria e que somos respons\u00e1veis por cultivar essa sensa\u00e7\u00e3o atrav\u00e9s das escolhas que fazemos, das maneiras como reagimos e da energia que decidimos compartilhar com o mundo ao nosso redor \u00e9 fundamental.\u00a0<\/p>\r\n","protected":false},"excerpt":{"rendered":"<p>Estar em paz \u00e9, sem d\u00favida, uma das experi\u00eancias mais valiosas e desejadas na vida, e para alcan\u00e7ar esse estado, &hellip; <\/p>\n","protected":false},"author":1,"featured_media":5256,"parent":0,"menu_order":0,"comment_status":"open","ping_status":"closed","template":"","meta":{"_uf_show_specific_survey":0,"_uf_disable_surveys":false,"footnotes":""},"class_list":["post-5251","page","type-page","status-publish","has-post-thumbnail","hentry"],"yoast_head":"<!-- This site is optimized with the Yoast SEO plugin v27.5 - https:\/\/yoast.com\/product\/yoast-seo-wordpress\/ -->\n<title>Estar em paz \u00e9 o melhor de tudo - Gl\u00f3ria Deus<\/title>\n<meta name=\"robots\" content=\"index, follow, max-snippet:-1, max-image-preview:large, max-video-preview:-1\" \/>\n<link rel=\"canonical\" href=\"https:\/\/gloriadeus.com\/home\/estar-em-paz-e-o-melhor-de-tudo\/\" \/>\n<meta property=\"og:locale\" content=\"pt_BR\" \/>\n<meta property=\"og:type\" content=\"article\" \/>\n<meta property=\"og:title\" content=\"Estar em paz \u00e9 o melhor de tudo - Gl\u00f3ria Deus\" \/>\n<meta property=\"og:description\" content=\"Estar em paz \u00e9, sem d\u00favida, uma das experi\u00eancias mais valiosas e desejadas na vida, e para alcan\u00e7ar esse estado, &hellip;\" \/>\n<meta property=\"og:url\" content=\"https:\/\/gloriadeus.com\/home\/estar-em-paz-e-o-melhor-de-tudo\/\" \/>\n<meta property=\"og:site_name\" content=\"Gl\u00f3ria Deus\" \/>\n<meta property=\"article:modified_time\" content=\"2026-02-05T09:58:27+00:00\" \/>\n<meta property=\"og:image\" content=\"https:\/\/gloriadeus.com\/wp-content\/uploads\/2025\/03\/250119AMDIMG-16.jpg\" \/>\n\t<meta property=\"og:image:width\" content=\"688\" \/>\n\t<meta property=\"og:image:height\" content=\"510\" \/>\n\t<meta property=\"og:image:type\" content=\"image\/jpeg\" \/>\n<meta name=\"twitter:card\" content=\"summary_large_image\" \/>\n<meta name=\"twitter:label1\" content=\"Est. tempo de leitura\" \/>\n\t<meta name=\"twitter:data1\" content=\"6 minutos\" \/>\n<script type=\"application\/ld+json\" class=\"yoast-schema-graph\">{\"@context\":\"https:\\\/\\\/schema.org\",\"@graph\":[{\"@type\":\"WebPage\",\"@id\":\"https:\\\/\\\/gloriadeus.com\\\/home\\\/estar-em-paz-e-o-melhor-de-tudo\\\/\",\"url\":\"https:\\\/\\\/gloriadeus.com\\\/home\\\/estar-em-paz-e-o-melhor-de-tudo\\\/\",\"name\":\"Estar em paz \u00e9 o melhor de tudo - Gl\u00f3ria Deus\",\"isPartOf\":{\"@id\":\"https:\\\/\\\/gloriadeus.com\\\/home\\\/#website\"},\"primaryImageOfPage\":{\"@id\":\"https:\\\/\\\/gloriadeus.com\\\/home\\\/estar-em-paz-e-o-melhor-de-tudo\\\/#primaryimage\"},\"image\":{\"@id\":\"https:\\\/\\\/gloriadeus.com\\\/home\\\/estar-em-paz-e-o-melhor-de-tudo\\\/#primaryimage\"},\"thumbnailUrl\":\"https:\\\/\\\/gloriadeus.com\\\/wp-content\\\/uploads\\\/2025\\\/03\\\/250119AMDIMG-16.jpg\",\"datePublished\":\"2026-01-13T05:59:36+00:00\",\"dateModified\":\"2026-02-05T09:58:27+00:00\",\"breadcrumb\":{\"@id\":\"https:\\\/\\\/gloriadeus.com\\\/home\\\/estar-em-paz-e-o-melhor-de-tudo\\\/#breadcrumb\"},\"inLanguage\":\"pt-BR\",\"potentialAction\":[{\"@type\":\"ReadAction\",\"target\":[\"https:\\\/\\\/gloriadeus.com\\\/home\\\/estar-em-paz-e-o-melhor-de-tudo\\\/\"]}]},{\"@type\":\"ImageObject\",\"inLanguage\":\"pt-BR\",\"@id\":\"https:\\\/\\\/gloriadeus.com\\\/home\\\/estar-em-paz-e-o-melhor-de-tudo\\\/#primaryimage\",\"url\":\"https:\\\/\\\/gloriadeus.com\\\/wp-content\\\/uploads\\\/2025\\\/03\\\/250119AMDIMG-16.jpg\",\"contentUrl\":\"https:\\\/\\\/gloriadeus.com\\\/wp-content\\\/uploads\\\/2025\\\/03\\\/250119AMDIMG-16.jpg\",\"width\":688,\"height\":510,\"caption\":\"Estar em paz \u00e9 o melhor de tudo\"},{\"@type\":\"BreadcrumbList\",\"@id\":\"https:\\\/\\\/gloriadeus.com\\\/home\\\/estar-em-paz-e-o-melhor-de-tudo\\\/#breadcrumb\",\"itemListElement\":[{\"@type\":\"ListItem\",\"position\":1,\"name\":\"In\u00edcio\",\"item\":\"https:\\\/\\\/gloriadeus.com\\\/home\\\/\"},{\"@type\":\"ListItem\",\"position\":2,\"name\":\"Estar em paz \u00e9 o melhor de tudo\"}]},{\"@type\":\"WebSite\",\"@id\":\"https:\\\/\\\/gloriadeus.com\\\/home\\\/#website\",\"url\":\"https:\\\/\\\/gloriadeus.com\\\/home\\\/\",\"name\":\"Gloria Deus\",\"description\":\"\u21a8 Deslize para descobrir mais \u21a8\",\"publisher\":{\"@id\":\"https:\\\/\\\/gloriadeus.com\\\/home\\\/#\\\/schema\\\/person\\\/ab2365ca8f87ea38e53ba3c2275e65c4\"},\"alternateName\":\"Muita f\u00e9\",\"potentialAction\":[{\"@type\":\"SearchAction\",\"target\":{\"@type\":\"EntryPoint\",\"urlTemplate\":\"https:\\\/\\\/gloriadeus.com\\\/home\\\/?s={search_term_string}\"},\"query-input\":{\"@type\":\"PropertyValueSpecification\",\"valueRequired\":true,\"valueName\":\"search_term_string\"}}],\"inLanguage\":\"pt-BR\"},{\"@type\":[\"Person\",\"Organization\"],\"@id\":\"https:\\\/\\\/gloriadeus.com\\\/home\\\/#\\\/schema\\\/person\\\/ab2365ca8f87ea38e53ba3c2275e65c4\",\"name\":\"gloriadeus.com\",\"image\":{\"@type\":\"ImageObject\",\"inLanguage\":\"pt-BR\",\"@id\":\"https:\\\/\\\/gloriadeus.com\\\/wp-content\\\/uploads\\\/2024\\\/03\\\/230525DDPNG-21.png\",\"url\":\"https:\\\/\\\/gloriadeus.com\\\/wp-content\\\/uploads\\\/2024\\\/03\\\/230525DDPNG-21.png\",\"contentUrl\":\"https:\\\/\\\/gloriadeus.com\\\/wp-content\\\/uploads\\\/2024\\\/03\\\/230525DDPNG-21.png\",\"width\":220,\"height\":230,\"caption\":\"gloriadeus.com\"},\"logo\":{\"@id\":\"https:\\\/\\\/gloriadeus.com\\\/wp-content\\\/uploads\\\/2024\\\/03\\\/230525DDPNG-21.png\"},\"sameAs\":[\"https:\\\/\\\/gloriadeus.com\"]}]}<\/script>\n<!-- \/ Yoast SEO plugin. -->","yoast_head_json":{"title":"Estar em paz \u00e9 o melhor de tudo - Gl\u00f3ria Deus","robots":{"index":"index","follow":"follow","max-snippet":"max-snippet:-1","max-image-preview":"max-image-preview:large","max-video-preview":"max-video-preview:-1"},"canonical":"https:\/\/gloriadeus.com\/home\/estar-em-paz-e-o-melhor-de-tudo\/","og_locale":"pt_BR","og_type":"article","og_title":"Estar em paz \u00e9 o melhor de tudo - Gl\u00f3ria Deus","og_description":"Estar em paz \u00e9, sem d\u00favida, uma das experi\u00eancias mais valiosas e desejadas na vida, e para alcan\u00e7ar esse estado, &hellip;","og_url":"https:\/\/gloriadeus.com\/home\/estar-em-paz-e-o-melhor-de-tudo\/","og_site_name":"Gl\u00f3ria Deus","article_modified_time":"2026-02-05T09:58:27+00:00","og_image":[{"width":688,"height":510,"url":"https:\/\/gloriadeus.com\/wp-content\/uploads\/2025\/03\/250119AMDIMG-16.jpg","type":"image\/jpeg"}],"twitter_card":"summary_large_image","twitter_misc":{"Est. tempo de leitura":"6 minutos"},"schema":{"@context":"https:\/\/schema.org","@graph":[{"@type":"WebPage","@id":"https:\/\/gloriadeus.com\/home\/estar-em-paz-e-o-melhor-de-tudo\/","url":"https:\/\/gloriadeus.com\/home\/estar-em-paz-e-o-melhor-de-tudo\/","name":"Estar em paz \u00e9 o melhor de tudo - Gl\u00f3ria Deus","isPartOf":{"@id":"https:\/\/gloriadeus.com\/home\/#website"},"primaryImageOfPage":{"@id":"https:\/\/gloriadeus.com\/home\/estar-em-paz-e-o-melhor-de-tudo\/#primaryimage"},"image":{"@id":"https:\/\/gloriadeus.com\/home\/estar-em-paz-e-o-melhor-de-tudo\/#primaryimage"},"thumbnailUrl":"https:\/\/gloriadeus.com\/wp-content\/uploads\/2025\/03\/250119AMDIMG-16.jpg","datePublished":"2026-01-13T05:59:36+00:00","dateModified":"2026-02-05T09:58:27+00:00","breadcrumb":{"@id":"https:\/\/gloriadeus.com\/home\/estar-em-paz-e-o-melhor-de-tudo\/#breadcrumb"},"inLanguage":"pt-BR","potentialAction":[{"@type":"ReadAction","target":["https:\/\/gloriadeus.com\/home\/estar-em-paz-e-o-melhor-de-tudo\/"]}]},{"@type":"ImageObject","inLanguage":"pt-BR","@id":"https:\/\/gloriadeus.com\/home\/estar-em-paz-e-o-melhor-de-tudo\/#primaryimage","url":"https:\/\/gloriadeus.com\/wp-content\/uploads\/2025\/03\/250119AMDIMG-16.jpg","contentUrl":"https:\/\/gloriadeus.com\/wp-content\/uploads\/2025\/03\/250119AMDIMG-16.jpg","width":688,"height":510,"caption":"Estar em paz \u00e9 o melhor de tudo"},{"@type":"BreadcrumbList","@id":"https:\/\/gloriadeus.com\/home\/estar-em-paz-e-o-melhor-de-tudo\/#breadcrumb","itemListElement":[{"@type":"ListItem","position":1,"name":"In\u00edcio","item":"https:\/\/gloriadeus.com\/home\/"},{"@type":"ListItem","position":2,"name":"Estar em paz \u00e9 o melhor de tudo"}]},{"@type":"WebSite","@id":"https:\/\/gloriadeus.com\/home\/#website","url":"https:\/\/gloriadeus.com\/home\/","name":"Gloria Deus","description":"\u21a8 Deslize para descobrir mais \u21a8","publisher":{"@id":"https:\/\/gloriadeus.com\/home\/#\/schema\/person\/ab2365ca8f87ea38e53ba3c2275e65c4"},"alternateName":"Muita f\u00e9","potentialAction":[{"@type":"SearchAction","target":{"@type":"EntryPoint","urlTemplate":"https:\/\/gloriadeus.com\/home\/?s={search_term_string}"},"query-input":{"@type":"PropertyValueSpecification","valueRequired":true,"valueName":"search_term_string"}}],"inLanguage":"pt-BR"},{"@type":["Person","Organization"],"@id":"https:\/\/gloriadeus.com\/home\/#\/schema\/person\/ab2365ca8f87ea38e53ba3c2275e65c4","name":"gloriadeus.com","image":{"@type":"ImageObject","inLanguage":"pt-BR","@id":"https:\/\/gloriadeus.com\/wp-content\/uploads\/2024\/03\/230525DDPNG-21.png","url":"https:\/\/gloriadeus.com\/wp-content\/uploads\/2024\/03\/230525DDPNG-21.png","contentUrl":"https:\/\/gloriadeus.com\/wp-content\/uploads\/2024\/03\/230525DDPNG-21.png","width":220,"height":230,"caption":"gloriadeus.com"},"logo":{"@id":"https:\/\/gloriadeus.com\/wp-content\/uploads\/2024\/03\/230525DDPNG-21.png"},"sameAs":["https:\/\/gloriadeus.com"]}]}},"_links":{"self":[{"href":"https:\/\/gloriadeus.com\/home\/wp-json\/wp\/v2\/pages\/5251","targetHints":{"allow":["GET"]}}],"collection":[{"href":"https:\/\/gloriadeus.com\/home\/wp-json\/wp\/v2\/pages"}],"about":[{"href":"https:\/\/gloriadeus.com\/home\/wp-json\/wp\/v2\/types\/page"}],"author":[{"embeddable":true,"href":"https:\/\/gloriadeus.com\/home\/wp-json\/wp\/v2\/users\/1"}],"replies":[{"embeddable":true,"href":"https:\/\/gloriadeus.com\/home\/wp-json\/wp\/v2\/comments?post=5251"}],"version-history":[{"count":7,"href":"https:\/\/gloriadeus.com\/home\/wp-json\/wp\/v2\/pages\/5251\/revisions"}],"predecessor-version":[{"id":10363,"href":"https:\/\/gloriadeus.com\/home\/wp-json\/wp\/v2\/pages\/5251\/revisions\/10363"}],"wp:featuredmedia":[{"embeddable":true,"href":"https:\/\/gloriadeus.com\/home\/wp-json\/wp\/v2\/media\/5256"}],"wp:attachment":[{"href":"https:\/\/gloriadeus.com\/home\/wp-json\/wp\/v2\/media?parent=5251"}],"curies":[{"name":"wp","href":"https:\/\/api.w.org\/{rel}","templated":true}]}}