{"id":5239,"date":"2026-01-12T11:50:24","date_gmt":"2026-01-12T14:50:24","guid":{"rendered":"https:\/\/gloriadeus.com\/?page_id=5239"},"modified":"2026-02-07T12:05:44","modified_gmt":"2026-02-07T15:05:44","slug":"conte-com-as-pessoas-certas","status":"publish","type":"page","link":"https:\/\/gloriadeus.com\/home\/conte-com-as-pessoas-certas\/","title":{"rendered":"Conte com as pessoas certas"},"content":{"rendered":"<!-- subtitulo, palavra, paragrafo ok --> \r\n\r\n<figure class=\"wp-lightbox-container\" data-wp-context=\"{&quot;imageId&quot;:&quot;69fa487eca486&quot;}\" data-wp-interactive=\"core\/image\" data-wp-key=\"69fa487eca486\">Ao unirmos esfor\u00e7os, talentos e vis\u00f5es, n\u00e3o apenas potencializamos o que cada um pode fazer, mas tamb\u00e9m como coletivamente podemos transformar nossas aspira\u00e7\u00f5es e sonhos em realidade, sempre em busca de um mundo mais colaborativo e humano, onde a conflu\u00eancia de ideias e a empatia s\u00e3o o cerne de tudo o que fazemos.\u00a0<\/figure>\r\n<figure class=\"wp-block-image size-large is-resized\"><img loading=\"lazy\" decoding=\"async\" width=\"563\" height=\"552\" data-wp-class--hide=\"state.isContentHidden\" data-wp-class--show=\"state.isContentVisible\" data-wp-init=\"callbacks.setButtonStyles\" data-wp-on--click=\"actions.showLightbox\" data-wp-on--load=\"callbacks.setButtonStyles\" data-wp-on-window--resize=\"callbacks.setButtonStyles\" class=\"wp-image-5230\" style=\"width: 365px; height: auto;\" src=\"https:\/\/gloriadeus.com\/wp-content\/uploads\/2025\/03\/230806DDIMG-44.jpg\" alt=\"Conte com as pessoas certas\" srcset=\"https:\/\/gloriadeus.com\/wp-content\/uploads\/2025\/03\/230806DDIMG-44.jpg 563w, https:\/\/gloriadeus.com\/wp-content\/uploads\/2025\/03\/230806DDIMG-44-300x294.jpg 300w\" sizes=\"auto, (max-width: 563px) 100vw, 563px\" \/><button\n\t\t\tclass=\"lightbox-trigger\"\n\t\t\ttype=\"button\"\n\t\t\taria-haspopup=\"dialog\"\n\t\t\taria-label=\"Ampliar\"\n\t\t\tdata-wp-init=\"callbacks.initTriggerButton\"\n\t\t\tdata-wp-on--click=\"actions.showLightbox\"\n\t\t\tdata-wp-style--right=\"state.imageButtonRight\"\n\t\t\tdata-wp-style--top=\"state.imageButtonTop\"\n\t\t>\n\t\t\t<svg xmlns=\"http:\/\/www.w3.org\/2000\/svg\" width=\"12\" height=\"12\" fill=\"none\" viewBox=\"0 0 12 12\">\n\t\t\t\t<path fill=\"#fff\" d=\"M2 0a2 2 0 0 0-2 2v2h1.5V2a.5.5 0 0 1 .5-.5h2V0H2Zm2 10.5H2a.5.5 0 0 1-.5-.5V8H0v2a2 2 0 0 0 2 2h2v-1.5ZM8 12v-1.5h2a.5.5 0 0 0 .5-.5V8H12v2a2 2 0 0 1-2 2H8Zm2-12a2 2 0 0 1 2 2v2h-1.5V2a.5.5 0 0 0-.5-.5H8V0h2Z\" \/>\n\t\t\t<\/svg>\n\t\t<\/button><\/figure>\r\n\r\n\r\n\r\n<p>Contar com as pessoas certas em empreendimentos, projetos ou mesmo em nossas vidas pessoais \u00e9 uma arte que combina intui\u00e7\u00e3o, empatia, comunica\u00e7\u00e3o e estrat\u00e9gia, para isso, \u00e9 fundamental, primeiramente, compreender a import\u00e2ncia de cultivar relacionamentos aut\u00eanticos e significativos, que v\u00e3o al\u00e9m das conveni\u00eancias e interesses imediatos.\u00a0<\/p>\r\n<h2>Paix\u00e3o que motiva\u00a0<\/h2>\r\n<p>Um bom come\u00e7o \u00e9 investir tempo e esfor\u00e7o em conhecer realmente as pessoas ao nosso redor, buscando n\u00e3o s\u00f3 suas habilidades e talentos, mas tamb\u00e9m seus valores, paix\u00f5es e motiva\u00e7\u00f5es internas, pois, quando buscamos criar uma rede de apoio e colabora\u00e7\u00e3o.\u00a0<\/p>\r\n<p>\u00c9 essencial que essa rede esteja alinhada com nossos objetivos e sejam impulsionadas por um prop\u00f3sito comum, ao mesmo tempo, o desenvolvimento de uma escuta ativa e emp\u00e1tica \u00e9 crucial, ao ouvir atentamente o que os outros t\u00eam a dizer, conseguimos identificar n\u00e3o apenas suas capacidades, mas tamb\u00e9m seus desafios e necessidades.\u00a0<\/p>\r\n<p><img loading=\"lazy\" decoding=\"async\" width=\"564\" height=\"543\" class=\"wp-image-5225\" style=\"width: 303px; height: auto;\" src=\"https:\/\/gloriadeus.com\/wp-content\/uploads\/2025\/03\/230806DDIMG-43.jpg\" alt=\"Conte com as pessoas certas\" srcset=\"https:\/\/gloriadeus.com\/wp-content\/uploads\/2025\/03\/230806DDIMG-43.jpg 564w, https:\/\/gloriadeus.com\/wp-content\/uploads\/2025\/03\/230806DDIMG-43-300x289.jpg 300w\" sizes=\"auto, (max-width: 564px) 100vw, 564px\" \/>\u00a0<\/p>\r\n<p>Oque nos ajuda a oferecer suporte onde \u00e9 mais necess\u00e1rio, e ao mesmo tempo, nos torna mais conscientes da diversidade de experi\u00eancias e perspectivas que cada pessoa traz, o que pode enriquecer nosso pr\u00f3prio entendimento das situa\u00e7\u00f5es que enfrentamos.\u00a0<\/p>\r\n<h2>Conte com as pessoas certas\u00a0<\/h2>\r\n<p>Um aspecto importante \u00e9 a cria\u00e7\u00e3o de um ambiente de confian\u00e7a e seguran\u00e7a, onde todos se sintam \u00e0 vontade para expressar suas opini\u00f5es e sugest\u00f5es, pois, uma atmosfera colaborativa promove a troca de ideias criativas e inovadoras, e para facilitar isso, pode ser \u00fatil organizar reuni\u00f5es regulares e oficinas de constru\u00e7\u00e3o de equipe.<\/p>\r\n<p>At\u00e9 mesmo eventos sociais que permitam que todos se conhe\u00e7am melhor em um contexto mais informal, fortalecendo assim os la\u00e7os interpessoais.<\/p>\r\n\r\n\r\n\r\n\r\n\r\n<figure data-wp-context=\"{&quot;imageId&quot;:&quot;69fa487eca918&quot;}\" data-wp-interactive=\"core\/image\" data-wp-key=\"69fa487eca918\" class=\"wp-block-image size-large is-resized wp-lightbox-container\"><img loading=\"lazy\" decoding=\"async\" width=\"564\" height=\"1003\" data-wp-class--hide=\"state.isContentHidden\" data-wp-class--show=\"state.isContentVisible\" data-wp-init=\"callbacks.setButtonStyles\" data-wp-on--click=\"actions.showLightbox\" data-wp-on--load=\"callbacks.setButtonStyles\" data-wp-on-window--resize=\"callbacks.setButtonStyles\" class=\"wp-image-5236\" style=\"width: 385px; height: auto;\" src=\"https:\/\/gloriadeus.com\/wp-content\/uploads\/2025\/03\/230806DDIMG-39.jpg\" alt=\"Conte com as pessoas certas\" srcset=\"https:\/\/gloriadeus.com\/wp-content\/uploads\/2025\/03\/230806DDIMG-39.jpg 564w, https:\/\/gloriadeus.com\/wp-content\/uploads\/2025\/03\/230806DDIMG-39-169x300.jpg 169w\" sizes=\"auto, (max-width: 564px) 100vw, 564px\" \/><button\n\t\t\tclass=\"lightbox-trigger\"\n\t\t\ttype=\"button\"\n\t\t\taria-haspopup=\"dialog\"\n\t\t\taria-label=\"Ampliar\"\n\t\t\tdata-wp-init=\"callbacks.initTriggerButton\"\n\t\t\tdata-wp-on--click=\"actions.showLightbox\"\n\t\t\tdata-wp-style--right=\"state.imageButtonRight\"\n\t\t\tdata-wp-style--top=\"state.imageButtonTop\"\n\t\t>\n\t\t\t<svg xmlns=\"http:\/\/www.w3.org\/2000\/svg\" width=\"12\" height=\"12\" fill=\"none\" viewBox=\"0 0 12 12\">\n\t\t\t\t<path fill=\"#fff\" d=\"M2 0a2 2 0 0 0-2 2v2h1.5V2a.5.5 0 0 1 .5-.5h2V0H2Zm2 10.5H2a.5.5 0 0 1-.5-.5V8H0v2a2 2 0 0 0 2 2h2v-1.5ZM8 12v-1.5h2a.5.5 0 0 0 .5-.5V8H12v2a2 2 0 0 1-2 2H8Zm2-12a2 2 0 0 1 2 2v2h-1.5V2a.5.5 0 0 0-.5-.5H8V0h2Z\" \/>\n\t\t\t<\/svg>\n\t\t<\/button><\/figure>\r\n\r\n\r\n\r\n<p>Tamb\u00e9m \u00e9 interessante explorar t\u00e9cnicas de networking, conectar-se com pessoas significa n\u00e3o apenas estabelecer relacionamentos, mas tamb\u00e9m criar um espa\u00e7o onde todos possam contribuir e se sentir parte de algo maior, formando assim uma comunidade coesa que trabalha em conjunto para alcan\u00e7ar metas compartilhadas.\u00a0<\/p>\r\n<h2>Importante jornada coletiva\u00a0<\/h2>\r\n<p>Fomentar uma cultura de reconhecimento e valoriza\u00e7\u00e3o, onde as conquistas e esfor\u00e7os de cada um sejam celebrados, ajuda a motivar os membros do grupo e a refor\u00e7ar a import\u00e2ncia de cada um na jornada coletiva, isso pode ser feito atrav\u00e9s de feedback positivo, cartas de agradecimento ou pequenas celebra\u00e7\u00f5es.<\/p>\r\n<p>Criando um ciclo positivo de motiva\u00e7\u00e3o e engajamento. \u00c9 igualmente relevante ter uma vis\u00e3o clara e compartilhada sobre os objetivos do grupo, ao estabelecer metas coletivas e individuais, todos se sentem mais engajados e direcionados para o sucesso, o que exige que as lideran\u00e7as sejam transparentes e abertas a discutir essas metas com seus times.<\/p>\r\n\r\n\r\n\r\n<figure data-wp-context=\"{&quot;imageId&quot;:&quot;69fa487ecac86&quot;}\" data-wp-interactive=\"core\/image\" data-wp-key=\"69fa487ecac86\" class=\"wp-block-image size-large is-resized wp-lightbox-container\"><img loading=\"lazy\" decoding=\"async\" width=\"267\" height=\"331\" data-wp-class--hide=\"state.isContentHidden\" data-wp-class--show=\"state.isContentVisible\" data-wp-init=\"callbacks.setButtonStyles\" data-wp-on--click=\"actions.showLightbox\" data-wp-on--load=\"callbacks.setButtonStyles\" data-wp-on-window--resize=\"callbacks.setButtonStyles\" class=\"wp-image-5235\" style=\"width: 242px; height: auto;\" src=\"https:\/\/gloriadeus.com\/wp-content\/uploads\/2025\/03\/230806DDIMG-37.png\" alt=\"Conte com as pessoas certas\" srcset=\"https:\/\/gloriadeus.com\/wp-content\/uploads\/2025\/03\/230806DDIMG-37.png 267w, https:\/\/gloriadeus.com\/wp-content\/uploads\/2025\/03\/230806DDIMG-37-242x300.png 242w\" sizes=\"auto, (max-width: 267px) 100vw, 267px\" \/><button\n\t\t\tclass=\"lightbox-trigger\"\n\t\t\ttype=\"button\"\n\t\t\taria-haspopup=\"dialog\"\n\t\t\taria-label=\"Ampliar\"\n\t\t\tdata-wp-init=\"callbacks.initTriggerButton\"\n\t\t\tdata-wp-on--click=\"actions.showLightbox\"\n\t\t\tdata-wp-style--right=\"state.imageButtonRight\"\n\t\t\tdata-wp-style--top=\"state.imageButtonTop\"\n\t\t>\n\t\t\t<svg xmlns=\"http:\/\/www.w3.org\/2000\/svg\" width=\"12\" height=\"12\" fill=\"none\" viewBox=\"0 0 12 12\">\n\t\t\t\t<path fill=\"#fff\" d=\"M2 0a2 2 0 0 0-2 2v2h1.5V2a.5.5 0 0 1 .5-.5h2V0H2Zm2 10.5H2a.5.5 0 0 1-.5-.5V8H0v2a2 2 0 0 0 2 2h2v-1.5ZM8 12v-1.5h2a.5.5 0 0 0 .5-.5V8H12v2a2 2 0 0 1-2 2H8Zm2-12a2 2 0 0 1 2 2v2h-1.5V2a.5.5 0 0 0-.5-.5H8V0h2Z\" \/>\n\t\t\t<\/svg>\n\t\t<\/button>\u00a0<\/figure>\r\n\r\n\r\n\r\n\r\n\r\n<p>Alinhando expectativas e garantindo que todos estejam na mesma p\u00e1gina em rela\u00e7\u00e3o ao que se espera de cada um.\u00a0<\/p>\r\n<h2>Solu\u00e7\u00f5es e abordagens\u00a0<\/h2>\r\n<p>A diversidade tamb\u00e9m \u00e9 um fator crucial, contar com pessoas de backgrounds diferentes n\u00e3o s\u00f3 enriquece o processo criativo, mas tamb\u00e9m traz \u00e0 tona uma gama mais ampla de solu\u00e7\u00f5es e abordagens, evitando que a equipe caia em armadilhas do pensamento homog\u00eaneo.<\/p>\r\n<p>Para explorar essa diversidade, pode-se implementar pr\u00e1ticas de inclus\u00e3o que garantam que todas as vozes sejam ouvidas e respeitadas, promovendo debates enriquecedores que desafiem o status quo e instiguem novas formas de pensar.\u00a0<\/p>\r\n\r\n\r\n\r\n<figure data-wp-context=\"{&quot;imageId&quot;:&quot;69fa487ecb01f&quot;}\" data-wp-interactive=\"core\/image\" data-wp-key=\"69fa487ecb01f\" class=\"wp-block-image size-large is-resized wp-lightbox-container\"><img loading=\"lazy\" decoding=\"async\" width=\"528\" height=\"483\" data-wp-class--hide=\"state.isContentHidden\" data-wp-class--show=\"state.isContentVisible\" data-wp-init=\"callbacks.setButtonStyles\" data-wp-on--click=\"actions.showLightbox\" data-wp-on--load=\"callbacks.setButtonStyles\" data-wp-on-window--resize=\"callbacks.setButtonStyles\" class=\"wp-image-5224\" style=\"width: 264px; height: auto;\" src=\"https:\/\/gloriadeus.com\/wp-content\/uploads\/2025\/03\/230806DDIMG-38.jpg\" alt=\"Conte com as pessoas certas\" srcset=\"https:\/\/gloriadeus.com\/wp-content\/uploads\/2025\/03\/230806DDIMG-38.jpg 528w, https:\/\/gloriadeus.com\/wp-content\/uploads\/2025\/03\/230806DDIMG-38-300x274.jpg 300w\" sizes=\"auto, (max-width: 528px) 100vw, 528px\" \/><button\n\t\t\tclass=\"lightbox-trigger\"\n\t\t\ttype=\"button\"\n\t\t\taria-haspopup=\"dialog\"\n\t\t\taria-label=\"Ampliar\"\n\t\t\tdata-wp-init=\"callbacks.initTriggerButton\"\n\t\t\tdata-wp-on--click=\"actions.showLightbox\"\n\t\t\tdata-wp-style--right=\"state.imageButtonRight\"\n\t\t\tdata-wp-style--top=\"state.imageButtonTop\"\n\t\t>\n\t\t\t<svg xmlns=\"http:\/\/www.w3.org\/2000\/svg\" width=\"12\" height=\"12\" fill=\"none\" viewBox=\"0 0 12 12\">\n\t\t\t\t<path fill=\"#fff\" d=\"M2 0a2 2 0 0 0-2 2v2h1.5V2a.5.5 0 0 1 .5-.5h2V0H2Zm2 10.5H2a.5.5 0 0 1-.5-.5V8H0v2a2 2 0 0 0 2 2h2v-1.5ZM8 12v-1.5h2a.5.5 0 0 0 .5-.5V8H12v2a2 2 0 0 1-2 2H8Zm2-12a2 2 0 0 1 2 2v2h-1.5V2a.5.5 0 0 0-.5-.5H8V0h2Z\" \/>\n\t\t\t<\/svg>\n\t\t<\/button>\u00a0<\/figure>\r\n<p>Adicionalmente, \u00e9 v\u00e1lido utilizar ferramentas de colabora\u00e7\u00e3o digital, que facilitam a comunica\u00e7\u00e3o, o compartilhamento de conhecimento e a defini\u00e7\u00e3o de tarefas, plataformas que promovem a transpar\u00eancia em projetos e que permitem que todos visualizem o progresso coletivo refor\u00e7am o comprometimento e a responsabilidade, criando um senso de urg\u00eancia e pertencimento.\u00a0<\/p>\r\n<h2>Caminho certo\u00a0<\/h2>\r\n<p>O acompanhamento de resultados desempenha um papel vital, analisar m\u00e9tricas e feedbacks em tempo real pode ajudar a aferir se estamos no caminho certo e onde podemos melhorar, isso n\u00e3o s\u00f3 ajuda a manter o foco, mas tamb\u00e9m serve como um guia para ajustar estrat\u00e9gias e garantir que estamos contando com as pessoas certas em cada etapa do caminho.\u00a0<\/p>\r\n<p>Um aspecto complementar \u00e9 o desenvolvimento cont\u00ednuo, investir no crescimento pessoal e profissional dos membros da equipe por meio de cursos e outras oportunidades de aprendizagem demonstra um compromisso com o potencial de cada um, aumentando a satisfa\u00e7\u00e3o e reduzindo a rotatividade.\u00a0<\/p>\r\n\r\n\r\n\r\n<figure class=\"wp-block-image size-large is-resized\"><img loading=\"lazy\" decoding=\"async\" width=\"564\" height=\"752\" class=\"wp-image-5227\" style=\"width: 210px; height: auto;\" src=\"https:\/\/gloriadeus.com\/wp-content\/uploads\/2025\/03\/230806DDIMG-40.jpg\" alt=\"Conte com as pessoas certas\" srcset=\"https:\/\/gloriadeus.com\/wp-content\/uploads\/2025\/03\/230806DDIMG-40.jpg 564w, https:\/\/gloriadeus.com\/wp-content\/uploads\/2025\/03\/230806DDIMG-40-225x300.jpg 225w\" sizes=\"auto, (max-width: 564px) 100vw, 564px\" \/>\u00a0<\/figure>\r\n<p>Talvez o mais importante, \u00e9 a compreens\u00e3o de que contar com as pessoas certas tamb\u00e9m exige coragem para fazer escolhas dif\u00edceis, em alguns casos, ser\u00e1 necess\u00e1rio afastar-se de rela\u00e7\u00f5es ou colabora\u00e7\u00f5es que n\u00e3o estejam alinhadas com os valores ou objetivos do grupo.\u00a0<\/p>\r\n<h2>Uma decis\u00e3o s\u00e1bia\u00a0<\/h2>\r\n<p>Uma decis\u00e3o deve ser tomada de forma consciente e respeitosa, reconhecendo o valor das pessoas, mas tamb\u00e9m a import\u00e2ncia de proteger a integridade do projeto ou da equipe.<\/p>\r\n<p>Cada relacionamento que se forma deve ser uma troca m\u00fatua de valor, aprendizado, crescimento e, assim, ao colocar em pr\u00e1tica essas ideias, podemos n\u00e3o apenas construir um time fortalecido e coeso, mas tamb\u00e9m criar um ecossistema onde todos se sintam valorizados, inspirados e motivados a contribuir da melhor forma poss\u00edvel.\u00a0<\/p>\r\n<p><img loading=\"lazy\" decoding=\"async\" width=\"520\" height=\"283\" class=\"wp-image-5223\" style=\"width: 300px; height: auto;\" src=\"https:\/\/gloriadeus.com\/wp-content\/uploads\/2025\/03\/230806DDIMG-35.jpg\" alt=\"Conte com as pessoas certas\" srcset=\"https:\/\/gloriadeus.com\/wp-content\/uploads\/2025\/03\/230806DDIMG-35.jpg 520w, https:\/\/gloriadeus.com\/wp-content\/uploads\/2025\/03\/230806DDIMG-35-300x163.jpg 300w\" sizes=\"auto, (max-width: 520px) 100vw, 520px\" \/>\u00a0<\/p>\r\n\r\n\r\n\r\n<p>A busca pela excel\u00eancia coletiva se torna um compromisso compartilhado que potencializa o sucesso individual e da equipe como um todo. Nesse processo, o cultivo de uma mentalidade positiva e resiliente se torna tamb\u00e9m um pilar essencial.\u00a0<\/p>\r\n<h2>Cuidado fundamental\u00a0<\/h2>\r\n<p>Ao enfrentar desafios, \u00e9 vital que todos mantenham uma perspectiva otimista e estejam dispostos a aprender com os erros, lembrando que cada obst\u00e1culo pode ser uma oportunidade para crescer e se aprimorar, o que nos leva a considerar tamb\u00e9m a import\u00e2ncia do autocuidado e do bem-estar emocional.<\/p>\r\n<p>Nos leva tamb\u00e9m a cuidar de si mesmo \u00e9 fundamental para garantir que estamos aptos a apoiar os outros de forma genu\u00edna e eficaz, pois, somente quando estamos em nosso melhor estado emocional e psicol\u00f3gico podemos ser verdadeiramente solid\u00e1rios.<\/p>\r\n<p>Uma ideia deve ser incorporada \u00e0 cultura do grupo, reconhecendo que a sa\u00fade mental \u00e9 t\u00e3o importante quanto a sa\u00fade f\u00edsica, promovendo pr\u00e1ticas de autocuidado e apoio m\u00fatuo que reforcem a ideia de que todos estamos juntos nessa jornada;<\/p>\r\n<p>Ao trabalhar ativamente para contar com as pessoas certas, aprimoramos n\u00e3o s\u00f3 os resultados das nossas a\u00e7\u00f5es, mas tamb\u00e9m a qualidade das nossas rela\u00e7\u00f5es, criando um ambiente mais harmonioso, produtivo e satisfat\u00f3rio, onde a verdadeira colabora\u00e7\u00e3o pode florescer e onde cada um, ao fazer parte dessa rede, se sente realizado e valorizado em sua individualidade.\u00a0<\/p>\r\n","protected":false},"excerpt":{"rendered":"<p>Contar com as pessoas certas em empreendimentos, projetos ou mesmo em nossas vidas pessoais \u00e9 uma arte que combina intui\u00e7\u00e3o, &hellip; <\/p>\n","protected":false},"author":1,"featured_media":5230,"parent":0,"menu_order":0,"comment_status":"open","ping_status":"closed","template":"","meta":{"_uf_show_specific_survey":0,"_uf_disable_surveys":false,"footnotes":""},"class_list":["post-5239","page","type-page","status-publish","has-post-thumbnail","hentry"],"yoast_head":"<!-- This site is optimized with the Yoast SEO plugin v27.5 - https:\/\/yoast.com\/product\/yoast-seo-wordpress\/ -->\n<title>Conte com as pessoas certas - Gl\u00f3ria Deus<\/title>\n<meta name=\"robots\" content=\"index, follow, max-snippet:-1, max-image-preview:large, max-video-preview:-1\" \/>\n<link rel=\"canonical\" href=\"https:\/\/gloriadeus.com\/home\/conte-com-as-pessoas-certas\/\" \/>\n<meta property=\"og:locale\" content=\"pt_BR\" \/>\n<meta property=\"og:type\" content=\"article\" \/>\n<meta property=\"og:title\" content=\"Conte com as pessoas certas - Gl\u00f3ria Deus\" \/>\n<meta property=\"og:description\" content=\"Contar com as pessoas certas em empreendimentos, projetos ou mesmo em nossas vidas pessoais \u00e9 uma arte que combina intui\u00e7\u00e3o, &hellip;\" \/>\n<meta property=\"og:url\" content=\"https:\/\/gloriadeus.com\/home\/conte-com-as-pessoas-certas\/\" \/>\n<meta property=\"og:site_name\" content=\"Gl\u00f3ria Deus\" \/>\n<meta property=\"article:modified_time\" content=\"2026-02-07T15:05:44+00:00\" \/>\n<meta property=\"og:image\" content=\"https:\/\/gloriadeus.com\/wp-content\/uploads\/2025\/03\/230806DDIMG-44.jpg\" \/>\n\t<meta property=\"og:image:width\" content=\"563\" \/>\n\t<meta property=\"og:image:height\" content=\"552\" \/>\n\t<meta property=\"og:image:type\" content=\"image\/jpeg\" \/>\n<meta name=\"twitter:card\" content=\"summary_large_image\" \/>\n<meta name=\"twitter:label1\" content=\"Est. tempo de leitura\" \/>\n\t<meta name=\"twitter:data1\" content=\"8 minutos\" \/>\n<script type=\"application\/ld+json\" class=\"yoast-schema-graph\">{\"@context\":\"https:\\\/\\\/schema.org\",\"@graph\":[{\"@type\":\"WebPage\",\"@id\":\"https:\\\/\\\/gloriadeus.com\\\/home\\\/conte-com-as-pessoas-certas\\\/\",\"url\":\"https:\\\/\\\/gloriadeus.com\\\/home\\\/conte-com-as-pessoas-certas\\\/\",\"name\":\"Conte com as pessoas certas - Gl\u00f3ria Deus\",\"isPartOf\":{\"@id\":\"https:\\\/\\\/gloriadeus.com\\\/home\\\/#website\"},\"primaryImageOfPage\":{\"@id\":\"https:\\\/\\\/gloriadeus.com\\\/home\\\/conte-com-as-pessoas-certas\\\/#primaryimage\"},\"image\":{\"@id\":\"https:\\\/\\\/gloriadeus.com\\\/home\\\/conte-com-as-pessoas-certas\\\/#primaryimage\"},\"thumbnailUrl\":\"https:\\\/\\\/gloriadeus.com\\\/wp-content\\\/uploads\\\/2025\\\/03\\\/230806DDIMG-44.jpg\",\"datePublished\":\"2026-01-12T14:50:24+00:00\",\"dateModified\":\"2026-02-07T15:05:44+00:00\",\"breadcrumb\":{\"@id\":\"https:\\\/\\\/gloriadeus.com\\\/home\\\/conte-com-as-pessoas-certas\\\/#breadcrumb\"},\"inLanguage\":\"pt-BR\",\"potentialAction\":[{\"@type\":\"ReadAction\",\"target\":[\"https:\\\/\\\/gloriadeus.com\\\/home\\\/conte-com-as-pessoas-certas\\\/\"]}]},{\"@type\":\"ImageObject\",\"inLanguage\":\"pt-BR\",\"@id\":\"https:\\\/\\\/gloriadeus.com\\\/home\\\/conte-com-as-pessoas-certas\\\/#primaryimage\",\"url\":\"https:\\\/\\\/gloriadeus.com\\\/wp-content\\\/uploads\\\/2025\\\/03\\\/230806DDIMG-44.jpg\",\"contentUrl\":\"https:\\\/\\\/gloriadeus.com\\\/wp-content\\\/uploads\\\/2025\\\/03\\\/230806DDIMG-44.jpg\",\"width\":563,\"height\":552,\"caption\":\"Conte com as pessoas certas\"},{\"@type\":\"BreadcrumbList\",\"@id\":\"https:\\\/\\\/gloriadeus.com\\\/home\\\/conte-com-as-pessoas-certas\\\/#breadcrumb\",\"itemListElement\":[{\"@type\":\"ListItem\",\"position\":1,\"name\":\"In\u00edcio\",\"item\":\"https:\\\/\\\/gloriadeus.com\\\/home\\\/\"},{\"@type\":\"ListItem\",\"position\":2,\"name\":\"Conte com as pessoas certas\"}]},{\"@type\":\"WebSite\",\"@id\":\"https:\\\/\\\/gloriadeus.com\\\/home\\\/#website\",\"url\":\"https:\\\/\\\/gloriadeus.com\\\/home\\\/\",\"name\":\"Gloria Deus\",\"description\":\"\u21a8 Deslize para descobrir mais \u21a8\",\"publisher\":{\"@id\":\"https:\\\/\\\/gloriadeus.com\\\/home\\\/#\\\/schema\\\/person\\\/ab2365ca8f87ea38e53ba3c2275e65c4\"},\"alternateName\":\"Muita f\u00e9\",\"potentialAction\":[{\"@type\":\"SearchAction\",\"target\":{\"@type\":\"EntryPoint\",\"urlTemplate\":\"https:\\\/\\\/gloriadeus.com\\\/home\\\/?s={search_term_string}\"},\"query-input\":{\"@type\":\"PropertyValueSpecification\",\"valueRequired\":true,\"valueName\":\"search_term_string\"}}],\"inLanguage\":\"pt-BR\"},{\"@type\":[\"Person\",\"Organization\"],\"@id\":\"https:\\\/\\\/gloriadeus.com\\\/home\\\/#\\\/schema\\\/person\\\/ab2365ca8f87ea38e53ba3c2275e65c4\",\"name\":\"gloriadeus.com\",\"image\":{\"@type\":\"ImageObject\",\"inLanguage\":\"pt-BR\",\"@id\":\"https:\\\/\\\/gloriadeus.com\\\/wp-content\\\/uploads\\\/2024\\\/03\\\/230525DDPNG-21.png\",\"url\":\"https:\\\/\\\/gloriadeus.com\\\/wp-content\\\/uploads\\\/2024\\\/03\\\/230525DDPNG-21.png\",\"contentUrl\":\"https:\\\/\\\/gloriadeus.com\\\/wp-content\\\/uploads\\\/2024\\\/03\\\/230525DDPNG-21.png\",\"width\":220,\"height\":230,\"caption\":\"gloriadeus.com\"},\"logo\":{\"@id\":\"https:\\\/\\\/gloriadeus.com\\\/wp-content\\\/uploads\\\/2024\\\/03\\\/230525DDPNG-21.png\"},\"sameAs\":[\"https:\\\/\\\/gloriadeus.com\"]}]}<\/script>\n<!-- \/ Yoast SEO plugin. -->","yoast_head_json":{"title":"Conte com as pessoas certas - Gl\u00f3ria Deus","robots":{"index":"index","follow":"follow","max-snippet":"max-snippet:-1","max-image-preview":"max-image-preview:large","max-video-preview":"max-video-preview:-1"},"canonical":"https:\/\/gloriadeus.com\/home\/conte-com-as-pessoas-certas\/","og_locale":"pt_BR","og_type":"article","og_title":"Conte com as pessoas certas - Gl\u00f3ria Deus","og_description":"Contar com as pessoas certas em empreendimentos, projetos ou mesmo em nossas vidas pessoais \u00e9 uma arte que combina intui\u00e7\u00e3o, &hellip;","og_url":"https:\/\/gloriadeus.com\/home\/conte-com-as-pessoas-certas\/","og_site_name":"Gl\u00f3ria Deus","article_modified_time":"2026-02-07T15:05:44+00:00","og_image":[{"width":563,"height":552,"url":"https:\/\/gloriadeus.com\/wp-content\/uploads\/2025\/03\/230806DDIMG-44.jpg","type":"image\/jpeg"}],"twitter_card":"summary_large_image","twitter_misc":{"Est. tempo de leitura":"8 minutos"},"schema":{"@context":"https:\/\/schema.org","@graph":[{"@type":"WebPage","@id":"https:\/\/gloriadeus.com\/home\/conte-com-as-pessoas-certas\/","url":"https:\/\/gloriadeus.com\/home\/conte-com-as-pessoas-certas\/","name":"Conte com as pessoas certas - Gl\u00f3ria Deus","isPartOf":{"@id":"https:\/\/gloriadeus.com\/home\/#website"},"primaryImageOfPage":{"@id":"https:\/\/gloriadeus.com\/home\/conte-com-as-pessoas-certas\/#primaryimage"},"image":{"@id":"https:\/\/gloriadeus.com\/home\/conte-com-as-pessoas-certas\/#primaryimage"},"thumbnailUrl":"https:\/\/gloriadeus.com\/wp-content\/uploads\/2025\/03\/230806DDIMG-44.jpg","datePublished":"2026-01-12T14:50:24+00:00","dateModified":"2026-02-07T15:05:44+00:00","breadcrumb":{"@id":"https:\/\/gloriadeus.com\/home\/conte-com-as-pessoas-certas\/#breadcrumb"},"inLanguage":"pt-BR","potentialAction":[{"@type":"ReadAction","target":["https:\/\/gloriadeus.com\/home\/conte-com-as-pessoas-certas\/"]}]},{"@type":"ImageObject","inLanguage":"pt-BR","@id":"https:\/\/gloriadeus.com\/home\/conte-com-as-pessoas-certas\/#primaryimage","url":"https:\/\/gloriadeus.com\/wp-content\/uploads\/2025\/03\/230806DDIMG-44.jpg","contentUrl":"https:\/\/gloriadeus.com\/wp-content\/uploads\/2025\/03\/230806DDIMG-44.jpg","width":563,"height":552,"caption":"Conte com as pessoas certas"},{"@type":"BreadcrumbList","@id":"https:\/\/gloriadeus.com\/home\/conte-com-as-pessoas-certas\/#breadcrumb","itemListElement":[{"@type":"ListItem","position":1,"name":"In\u00edcio","item":"https:\/\/gloriadeus.com\/home\/"},{"@type":"ListItem","position":2,"name":"Conte com as pessoas certas"}]},{"@type":"WebSite","@id":"https:\/\/gloriadeus.com\/home\/#website","url":"https:\/\/gloriadeus.com\/home\/","name":"Gloria Deus","description":"\u21a8 Deslize para descobrir mais \u21a8","publisher":{"@id":"https:\/\/gloriadeus.com\/home\/#\/schema\/person\/ab2365ca8f87ea38e53ba3c2275e65c4"},"alternateName":"Muita f\u00e9","potentialAction":[{"@type":"SearchAction","target":{"@type":"EntryPoint","urlTemplate":"https:\/\/gloriadeus.com\/home\/?s={search_term_string}"},"query-input":{"@type":"PropertyValueSpecification","valueRequired":true,"valueName":"search_term_string"}}],"inLanguage":"pt-BR"},{"@type":["Person","Organization"],"@id":"https:\/\/gloriadeus.com\/home\/#\/schema\/person\/ab2365ca8f87ea38e53ba3c2275e65c4","name":"gloriadeus.com","image":{"@type":"ImageObject","inLanguage":"pt-BR","@id":"https:\/\/gloriadeus.com\/wp-content\/uploads\/2024\/03\/230525DDPNG-21.png","url":"https:\/\/gloriadeus.com\/wp-content\/uploads\/2024\/03\/230525DDPNG-21.png","contentUrl":"https:\/\/gloriadeus.com\/wp-content\/uploads\/2024\/03\/230525DDPNG-21.png","width":220,"height":230,"caption":"gloriadeus.com"},"logo":{"@id":"https:\/\/gloriadeus.com\/wp-content\/uploads\/2024\/03\/230525DDPNG-21.png"},"sameAs":["https:\/\/gloriadeus.com"]}]}},"_links":{"self":[{"href":"https:\/\/gloriadeus.com\/home\/wp-json\/wp\/v2\/pages\/5239","targetHints":{"allow":["GET"]}}],"collection":[{"href":"https:\/\/gloriadeus.com\/home\/wp-json\/wp\/v2\/pages"}],"about":[{"href":"https:\/\/gloriadeus.com\/home\/wp-json\/wp\/v2\/types\/page"}],"author":[{"embeddable":true,"href":"https:\/\/gloriadeus.com\/home\/wp-json\/wp\/v2\/users\/1"}],"replies":[{"embeddable":true,"href":"https:\/\/gloriadeus.com\/home\/wp-json\/wp\/v2\/comments?post=5239"}],"version-history":[{"count":10,"href":"https:\/\/gloriadeus.com\/home\/wp-json\/wp\/v2\/pages\/5239\/revisions"}],"predecessor-version":[{"id":10412,"href":"https:\/\/gloriadeus.com\/home\/wp-json\/wp\/v2\/pages\/5239\/revisions\/10412"}],"wp:featuredmedia":[{"embeddable":true,"href":"https:\/\/gloriadeus.com\/home\/wp-json\/wp\/v2\/media\/5230"}],"wp:attachment":[{"href":"https:\/\/gloriadeus.com\/home\/wp-json\/wp\/v2\/media?parent=5239"}],"curies":[{"name":"wp","href":"https:\/\/api.w.org\/{rel}","templated":true}]}}