{"id":5211,"date":"2026-01-11T11:52:11","date_gmt":"2026-01-11T14:52:11","guid":{"rendered":"https:\/\/gloriadeus.com\/?page_id=5211"},"modified":"2026-02-04T10:34:32","modified_gmt":"2026-02-04T13:34:32","slug":"nunca-tenha-medo-de-tentar-algo-novo","status":"publish","type":"page","link":"https:\/\/gloriadeus.com\/home\/nunca-tenha-medo-de-tentar-algo-novo\/","title":{"rendered":"Nunca tenha medo de tentar algo novo"},"content":{"rendered":"<!-- subtitulo, palavra, paragrafo ok --> \r\n\r\n\r\n<figure class=\"wp-lightbox-container\" data-wp-context=\"{&quot;imageId&quot;:&quot;69fa281b81ea4&quot;}\" data-wp-interactive=\"core\/image\" data-wp-key=\"69fa281b81ea4\">Este \u00e9 um convite ao novo, n\u00e3o se esque\u00e7a de celebrar cada passo dado, mesmo que aparentemente pequeno, essa valoriza\u00e7\u00e3o das suas conquistas pode fazer toda a diferen\u00e7a na forma como voc\u00ea encara futuras tentativas.\u00a0<\/figure>\r\n<figure class=\"wp-block-image size-large is-resized\"><img loading=\"lazy\" decoding=\"async\" width=\"563\" height=\"502\" data-wp-class--hide=\"state.isContentHidden\" data-wp-class--show=\"state.isContentVisible\" data-wp-init=\"callbacks.setButtonStyles\" data-wp-on--click=\"actions.showLightbox\" data-wp-on--load=\"callbacks.setButtonStyles\" data-wp-on-window--resize=\"callbacks.setButtonStyles\" class=\"wp-image-5212\" style=\"width: 330px; height: auto;\" src=\"https:\/\/gloriadeus.com\/wp-content\/uploads\/2025\/03\/230806DDIMG-29.jpg\" alt=\"Nunca tenha medo de tentar algo novo\" srcset=\"https:\/\/gloriadeus.com\/wp-content\/uploads\/2025\/03\/230806DDIMG-29.jpg 563w, https:\/\/gloriadeus.com\/wp-content\/uploads\/2025\/03\/230806DDIMG-29-300x267.jpg 300w\" sizes=\"auto, (max-width: 563px) 100vw, 563px\" \/><button\n\t\t\tclass=\"lightbox-trigger\"\n\t\t\ttype=\"button\"\n\t\t\taria-haspopup=\"dialog\"\n\t\t\taria-label=\"Ampliar\"\n\t\t\tdata-wp-init=\"callbacks.initTriggerButton\"\n\t\t\tdata-wp-on--click=\"actions.showLightbox\"\n\t\t\tdata-wp-style--right=\"state.imageButtonRight\"\n\t\t\tdata-wp-style--top=\"state.imageButtonTop\"\n\t\t>\n\t\t\t<svg xmlns=\"http:\/\/www.w3.org\/2000\/svg\" width=\"12\" height=\"12\" fill=\"none\" viewBox=\"0 0 12 12\">\n\t\t\t\t<path fill=\"#fff\" d=\"M2 0a2 2 0 0 0-2 2v2h1.5V2a.5.5 0 0 1 .5-.5h2V0H2Zm2 10.5H2a.5.5 0 0 1-.5-.5V8H0v2a2 2 0 0 0 2 2h2v-1.5ZM8 12v-1.5h2a.5.5 0 0 0 .5-.5V8H12v2a2 2 0 0 1-2 2H8Zm2-12a2 2 0 0 1 2 2v2h-1.5V2a.5.5 0 0 0-.5-.5H8V0h2Z\" \/>\n\t\t\t<\/svg>\n\t\t<\/button><\/figure>\r\n\r\n\r\n\r\n<p>Tentar algo novo pode ser uma experi\u00eancia tanto emocionante quanto assustadora, pois envolve sair da zona de conforto e enfrentar o desconhecido, mas \u00e9 fundamental lembrar que o crescimento pessoal e profissional muitas vezes acontece justamente quando nos permitimos explorar esse novo terreno.\u00a0<\/p>\r\n<h2>Para come\u00e7ar\u00a0<\/h2>\r\n\r\n\r\n\r\n\r\n\r\n<figure data-wp-context=\"{&quot;imageId&quot;:&quot;69fa281b82365&quot;}\" data-wp-interactive=\"core\/image\" data-wp-key=\"69fa281b82365\" class=\"wp-block-image size-large is-resized wp-lightbox-container\"><img loading=\"lazy\" decoding=\"async\" width=\"506\" height=\"720\" data-wp-class--hide=\"state.isContentHidden\" data-wp-class--show=\"state.isContentVisible\" data-wp-init=\"callbacks.setButtonStyles\" data-wp-on--click=\"actions.showLightbox\" data-wp-on--load=\"callbacks.setButtonStyles\" data-wp-on-window--resize=\"callbacks.setButtonStyles\" class=\"wp-image-5217\" style=\"width: 410px; height: auto;\" src=\"https:\/\/gloriadeus.com\/wp-content\/uploads\/2025\/03\/230806DDIMG-31.jpg\" alt=\"Nunca tenha medo de tentar algo novo\" srcset=\"https:\/\/gloriadeus.com\/wp-content\/uploads\/2025\/03\/230806DDIMG-31.jpg 506w, https:\/\/gloriadeus.com\/wp-content\/uploads\/2025\/03\/230806DDIMG-31-211x300.jpg 211w\" sizes=\"auto, (max-width: 506px) 100vw, 506px\" \/><button\n\t\t\tclass=\"lightbox-trigger\"\n\t\t\ttype=\"button\"\n\t\t\taria-haspopup=\"dialog\"\n\t\t\taria-label=\"Ampliar\"\n\t\t\tdata-wp-init=\"callbacks.initTriggerButton\"\n\t\t\tdata-wp-on--click=\"actions.showLightbox\"\n\t\t\tdata-wp-style--right=\"state.imageButtonRight\"\n\t\t\tdata-wp-style--top=\"state.imageButtonTop\"\n\t\t>\n\t\t\t<svg xmlns=\"http:\/\/www.w3.org\/2000\/svg\" width=\"12\" height=\"12\" fill=\"none\" viewBox=\"0 0 12 12\">\n\t\t\t\t<path fill=\"#fff\" d=\"M2 0a2 2 0 0 0-2 2v2h1.5V2a.5.5 0 0 1 .5-.5h2V0H2Zm2 10.5H2a.5.5 0 0 1-.5-.5V8H0v2a2 2 0 0 0 2 2h2v-1.5ZM8 12v-1.5h2a.5.5 0 0 0 .5-.5V8H12v2a2 2 0 0 1-2 2H8Zm2-12a2 2 0 0 1 2 2v2h-1.5V2a.5.5 0 0 0-.5-.5H8V0h2Z\" \/>\n\t\t\t<\/svg>\n\t\t<\/button><\/figure>\r\n\r\n\r\n\r\n<p>Tamb\u00e9m \u00e9 \u00fatil lembrar que a maioria das pessoas que voc\u00ea admira ou considera bem-sucedidas enfrentou fracassos e desafios ao longo do caminho, portanto, cada passo dado em dire\u00e7\u00e3o ao desconhecido \u00e9 uma chance de se aproximar dos seus objetivos. Outra dica criativa \u00e9 estabelecer pequenos objetivos que podem ser alcan\u00e7ados de maneira gradual.\u00a0<\/p>\r\n<h2>Explore aprendizados\u00a0<\/h2>\r\n<p>Se voc\u00ea sempre quis aprender um novo idioma, em vez de se pressionar a se tornar fluente em um curto espa\u00e7o de tempo, comece com palavras e frases b\u00e1sicas, dedicando alguns minutos por dia. Dessa forma, voc\u00ea poder\u00e1 celebrar pequenas vit\u00f3rias que alimentar\u00e3o sua motiva\u00e7\u00e3o para seguir em frente.\u00a0<\/p>\r\n\r\n\r\n\r\n\r\n\r\n<figure data-wp-context=\"{&quot;imageId&quot;:&quot;69fa281b82739&quot;}\" data-wp-interactive=\"core\/image\" data-wp-key=\"69fa281b82739\" class=\"wp-block-image size-large is-resized wp-lightbox-container\"><img loading=\"lazy\" decoding=\"async\" width=\"474\" height=\"651\" data-wp-class--hide=\"state.isContentHidden\" data-wp-class--show=\"state.isContentVisible\" data-wp-init=\"callbacks.setButtonStyles\" data-wp-on--click=\"actions.showLightbox\" data-wp-on--load=\"callbacks.setButtonStyles\" data-wp-on-window--resize=\"callbacks.setButtonStyles\" class=\"wp-image-5213\" style=\"width: 339px; height: auto;\" src=\"https:\/\/gloriadeus.com\/wp-content\/uploads\/2025\/03\/230806DDIMG-30.jpg\" alt=\"Nunca tenha medo de tentar algo novo\" srcset=\"https:\/\/gloriadeus.com\/wp-content\/uploads\/2025\/03\/230806DDIMG-30.jpg 474w, https:\/\/gloriadeus.com\/wp-content\/uploads\/2025\/03\/230806DDIMG-30-218x300.jpg 218w\" sizes=\"auto, (max-width: 474px) 100vw, 474px\" \/><button\n\t\t\tclass=\"lightbox-trigger\"\n\t\t\ttype=\"button\"\n\t\t\taria-haspopup=\"dialog\"\n\t\t\taria-label=\"Ampliar\"\n\t\t\tdata-wp-init=\"callbacks.initTriggerButton\"\n\t\t\tdata-wp-on--click=\"actions.showLightbox\"\n\t\t\tdata-wp-style--right=\"state.imageButtonRight\"\n\t\t\tdata-wp-style--top=\"state.imageButtonTop\"\n\t\t>\n\t\t\t<svg xmlns=\"http:\/\/www.w3.org\/2000\/svg\" width=\"12\" height=\"12\" fill=\"none\" viewBox=\"0 0 12 12\">\n\t\t\t\t<path fill=\"#fff\" d=\"M2 0a2 2 0 0 0-2 2v2h1.5V2a.5.5 0 0 1 .5-.5h2V0H2Zm2 10.5H2a.5.5 0 0 1-.5-.5V8H0v2a2 2 0 0 0 2 2h2v-1.5ZM8 12v-1.5h2a.5.5 0 0 0 .5-.5V8H12v2a2 2 0 0 1-2 2H8Zm2-12a2 2 0 0 1 2 2v2h-1.5V2a.5.5 0 0 0-.5-.5H8V0h2Z\" \/>\n\t\t\t<\/svg>\n\t\t<\/button><\/figure>\r\n\r\n\r\n\r\n<p>\u00c9 claro que o apoio das pessoas ao seu redor \u00e9 fundamental, ao compartilhar seus objetivos com amigos e familiares, voc\u00ea pode n\u00e3o apenas obter incentivo, mas tamb\u00e9m transformar seus medos em uma experi\u00eancia compartilhada, onde todos aprendem uns com os outros.\u00a0<\/p>\r\n<h2>Cerque-se de pessoas com ideais semelhantes aos seus\u00a0<\/h2>\r\n<p>Experimente tamb\u00e9m se cercar de pessoas que j\u00e1 est\u00e3o envolvidas na atividade que voc\u00ea deseja tentar, isso pode fornecer perspectivas valiosas e dicas pr\u00e1ticas que podem facilitar sua jornada.\u00a0<\/p>\r\n\r\n\r\n\r\n<p>Lembre-se que a curiosidade \u00e9 uma aliada poderosa, quando no permitimos explorar e questionar, acabamos descobrindo novas paix\u00f5es e interesses que, de outra forma, poderiam passar despercebidos.\u00a0<\/p>\r\n<p><img loading=\"lazy\" decoding=\"async\" width=\"303\" height=\"519\" class=\"wp-image-5215\" style=\"width: 281px; height: auto;\" src=\"https:\/\/gloriadeus.com\/wp-content\/uploads\/2025\/03\/230806DDIMG-27.jpg\" alt=\"Nunca tenha medo de tentar algo novo\" srcset=\"https:\/\/gloriadeus.com\/wp-content\/uploads\/2025\/03\/230806DDIMG-27.jpg 303w, https:\/\/gloriadeus.com\/wp-content\/uploads\/2025\/03\/230806DDIMG-27-175x300.jpg 175w\" sizes=\"auto, (max-width: 303px) 100vw, 303px\" \/>\u00a0<\/p>\r\n<p>Ao sentir medo, procure entender a raiz desse sentimento, muitas vezes, a inseguran\u00e7a se baseia em suposi\u00e7\u00f5es ou preconceitos que podem ser superados com informa\u00e7\u00e3o e experi\u00eancia. O mundo est\u00e1 repleto de novas experi\u00eancias aguardando para serem descobertas, e cada tentativa que fazemos \u00e9 uma oportunidade de escrever um novo cap\u00edtulo na nossa hist\u00f3ria.\u00a0<\/p>\r\n<h2>N\u00e3o podemos recuar\u00a0<\/h2>\r\n\r\n\r\n\r\n<p>Tentar algo novo \u00e9 mais do que apenas mudar a rotina, \u00e9 abrir portas para o autoconhecimento, a resili\u00eancia e a forma\u00e7\u00e3o de uma vida rica em experi\u00eancias. Assim, ao inv\u00e9s de recuar diante do medo do desconhecido, que tal abra\u00e7ar essa jornada com entusiasmo e a certeza de que, ao final, cada passo dado em dire\u00e7\u00e3o ao novo \u00e9 um passo a mais em dire\u00e7\u00e3o ao seu crescimento e \u00e0 sua realiza\u00e7\u00e3o pessoal?<\/p>\r\n<p>Esta \u00e9 a chave para se tornar a melhor vers\u00e3o de si mesmo e viver uma vida repleta de significado, onde os desafios s\u00e3o vistos como degraus que nos levam a novos horizontes. Ent\u00e3o, da pr\u00f3xima vez que se deparar com a oportunidade de experimentar algo novo, respire fundo, abra sua mente para a possibilidade e d\u00ea o primeiro passo, voc\u00ea nunca sabe aonde isso pode te levar.<\/p>\r\n","protected":false},"excerpt":{"rendered":"<p>Tentar algo novo pode ser uma experi\u00eancia tanto emocionante quanto assustadora, pois envolve sair da zona de conforto e enfrentar &hellip; <\/p>\n","protected":false},"author":1,"featured_media":5212,"parent":0,"menu_order":0,"comment_status":"open","ping_status":"closed","template":"","meta":{"_uf_show_specific_survey":0,"_uf_disable_surveys":false,"footnotes":""},"class_list":["post-5211","page","type-page","status-publish","has-post-thumbnail","hentry"],"yoast_head":"<!-- This site is optimized with the Yoast SEO plugin v27.5 - https:\/\/yoast.com\/product\/yoast-seo-wordpress\/ -->\n<title>Nunca tenha medo de tentar algo novo - Gl\u00f3ria Deus<\/title>\n<meta name=\"robots\" content=\"index, follow, max-snippet:-1, max-image-preview:large, max-video-preview:-1\" \/>\n<link rel=\"canonical\" href=\"https:\/\/gloriadeus.com\/home\/nunca-tenha-medo-de-tentar-algo-novo\/\" \/>\n<meta property=\"og:locale\" content=\"pt_BR\" \/>\n<meta property=\"og:type\" content=\"article\" \/>\n<meta property=\"og:title\" content=\"Nunca tenha medo de tentar algo novo - Gl\u00f3ria Deus\" \/>\n<meta property=\"og:description\" content=\"Tentar algo novo pode ser uma experi\u00eancia tanto emocionante quanto assustadora, pois envolve sair da zona de conforto e enfrentar &hellip;\" \/>\n<meta property=\"og:url\" content=\"https:\/\/gloriadeus.com\/home\/nunca-tenha-medo-de-tentar-algo-novo\/\" \/>\n<meta property=\"og:site_name\" content=\"Gl\u00f3ria Deus\" \/>\n<meta property=\"article:modified_time\" content=\"2026-02-04T13:34:32+00:00\" \/>\n<meta property=\"og:image\" content=\"https:\/\/gloriadeus.com\/wp-content\/uploads\/2025\/03\/230806DDIMG-29.jpg\" \/>\n\t<meta property=\"og:image:width\" content=\"563\" \/>\n\t<meta property=\"og:image:height\" content=\"502\" \/>\n\t<meta property=\"og:image:type\" content=\"image\/jpeg\" \/>\n<meta name=\"twitter:card\" content=\"summary_large_image\" \/>\n<meta name=\"twitter:label1\" content=\"Est. tempo de leitura\" \/>\n\t<meta name=\"twitter:data1\" content=\"5 minutos\" \/>\n<script type=\"application\/ld+json\" class=\"yoast-schema-graph\">{\"@context\":\"https:\\\/\\\/schema.org\",\"@graph\":[{\"@type\":\"WebPage\",\"@id\":\"https:\\\/\\\/gloriadeus.com\\\/home\\\/nunca-tenha-medo-de-tentar-algo-novo\\\/\",\"url\":\"https:\\\/\\\/gloriadeus.com\\\/home\\\/nunca-tenha-medo-de-tentar-algo-novo\\\/\",\"name\":\"Nunca tenha medo de tentar algo novo - Gl\u00f3ria Deus\",\"isPartOf\":{\"@id\":\"https:\\\/\\\/gloriadeus.com\\\/home\\\/#website\"},\"primaryImageOfPage\":{\"@id\":\"https:\\\/\\\/gloriadeus.com\\\/home\\\/nunca-tenha-medo-de-tentar-algo-novo\\\/#primaryimage\"},\"image\":{\"@id\":\"https:\\\/\\\/gloriadeus.com\\\/home\\\/nunca-tenha-medo-de-tentar-algo-novo\\\/#primaryimage\"},\"thumbnailUrl\":\"https:\\\/\\\/gloriadeus.com\\\/wp-content\\\/uploads\\\/2025\\\/03\\\/230806DDIMG-29.jpg\",\"datePublished\":\"2026-01-11T14:52:11+00:00\",\"dateModified\":\"2026-02-04T13:34:32+00:00\",\"breadcrumb\":{\"@id\":\"https:\\\/\\\/gloriadeus.com\\\/home\\\/nunca-tenha-medo-de-tentar-algo-novo\\\/#breadcrumb\"},\"inLanguage\":\"pt-BR\",\"potentialAction\":[{\"@type\":\"ReadAction\",\"target\":[\"https:\\\/\\\/gloriadeus.com\\\/home\\\/nunca-tenha-medo-de-tentar-algo-novo\\\/\"]}]},{\"@type\":\"ImageObject\",\"inLanguage\":\"pt-BR\",\"@id\":\"https:\\\/\\\/gloriadeus.com\\\/home\\\/nunca-tenha-medo-de-tentar-algo-novo\\\/#primaryimage\",\"url\":\"https:\\\/\\\/gloriadeus.com\\\/wp-content\\\/uploads\\\/2025\\\/03\\\/230806DDIMG-29.jpg\",\"contentUrl\":\"https:\\\/\\\/gloriadeus.com\\\/wp-content\\\/uploads\\\/2025\\\/03\\\/230806DDIMG-29.jpg\",\"width\":563,\"height\":502,\"caption\":\"Nunca tenha medo de tentar algo novo\"},{\"@type\":\"BreadcrumbList\",\"@id\":\"https:\\\/\\\/gloriadeus.com\\\/home\\\/nunca-tenha-medo-de-tentar-algo-novo\\\/#breadcrumb\",\"itemListElement\":[{\"@type\":\"ListItem\",\"position\":1,\"name\":\"In\u00edcio\",\"item\":\"https:\\\/\\\/gloriadeus.com\\\/home\\\/\"},{\"@type\":\"ListItem\",\"position\":2,\"name\":\"Nunca tenha medo de tentar algo novo\"}]},{\"@type\":\"WebSite\",\"@id\":\"https:\\\/\\\/gloriadeus.com\\\/home\\\/#website\",\"url\":\"https:\\\/\\\/gloriadeus.com\\\/home\\\/\",\"name\":\"Gloria Deus\",\"description\":\"\u21a8 Deslize para descobrir mais \u21a8\",\"publisher\":{\"@id\":\"https:\\\/\\\/gloriadeus.com\\\/home\\\/#\\\/schema\\\/person\\\/ab2365ca8f87ea38e53ba3c2275e65c4\"},\"alternateName\":\"Muita f\u00e9\",\"potentialAction\":[{\"@type\":\"SearchAction\",\"target\":{\"@type\":\"EntryPoint\",\"urlTemplate\":\"https:\\\/\\\/gloriadeus.com\\\/home\\\/?s={search_term_string}\"},\"query-input\":{\"@type\":\"PropertyValueSpecification\",\"valueRequired\":true,\"valueName\":\"search_term_string\"}}],\"inLanguage\":\"pt-BR\"},{\"@type\":[\"Person\",\"Organization\"],\"@id\":\"https:\\\/\\\/gloriadeus.com\\\/home\\\/#\\\/schema\\\/person\\\/ab2365ca8f87ea38e53ba3c2275e65c4\",\"name\":\"gloriadeus.com\",\"image\":{\"@type\":\"ImageObject\",\"inLanguage\":\"pt-BR\",\"@id\":\"https:\\\/\\\/gloriadeus.com\\\/wp-content\\\/uploads\\\/2024\\\/03\\\/230525DDPNG-21.png\",\"url\":\"https:\\\/\\\/gloriadeus.com\\\/wp-content\\\/uploads\\\/2024\\\/03\\\/230525DDPNG-21.png\",\"contentUrl\":\"https:\\\/\\\/gloriadeus.com\\\/wp-content\\\/uploads\\\/2024\\\/03\\\/230525DDPNG-21.png\",\"width\":220,\"height\":230,\"caption\":\"gloriadeus.com\"},\"logo\":{\"@id\":\"https:\\\/\\\/gloriadeus.com\\\/wp-content\\\/uploads\\\/2024\\\/03\\\/230525DDPNG-21.png\"},\"sameAs\":[\"https:\\\/\\\/gloriadeus.com\"]}]}<\/script>\n<!-- \/ Yoast SEO plugin. -->","yoast_head_json":{"title":"Nunca tenha medo de tentar algo novo - Gl\u00f3ria Deus","robots":{"index":"index","follow":"follow","max-snippet":"max-snippet:-1","max-image-preview":"max-image-preview:large","max-video-preview":"max-video-preview:-1"},"canonical":"https:\/\/gloriadeus.com\/home\/nunca-tenha-medo-de-tentar-algo-novo\/","og_locale":"pt_BR","og_type":"article","og_title":"Nunca tenha medo de tentar algo novo - Gl\u00f3ria Deus","og_description":"Tentar algo novo pode ser uma experi\u00eancia tanto emocionante quanto assustadora, pois envolve sair da zona de conforto e enfrentar &hellip;","og_url":"https:\/\/gloriadeus.com\/home\/nunca-tenha-medo-de-tentar-algo-novo\/","og_site_name":"Gl\u00f3ria Deus","article_modified_time":"2026-02-04T13:34:32+00:00","og_image":[{"width":563,"height":502,"url":"https:\/\/gloriadeus.com\/wp-content\/uploads\/2025\/03\/230806DDIMG-29.jpg","type":"image\/jpeg"}],"twitter_card":"summary_large_image","twitter_misc":{"Est. tempo de leitura":"5 minutos"},"schema":{"@context":"https:\/\/schema.org","@graph":[{"@type":"WebPage","@id":"https:\/\/gloriadeus.com\/home\/nunca-tenha-medo-de-tentar-algo-novo\/","url":"https:\/\/gloriadeus.com\/home\/nunca-tenha-medo-de-tentar-algo-novo\/","name":"Nunca tenha medo de tentar algo novo - Gl\u00f3ria Deus","isPartOf":{"@id":"https:\/\/gloriadeus.com\/home\/#website"},"primaryImageOfPage":{"@id":"https:\/\/gloriadeus.com\/home\/nunca-tenha-medo-de-tentar-algo-novo\/#primaryimage"},"image":{"@id":"https:\/\/gloriadeus.com\/home\/nunca-tenha-medo-de-tentar-algo-novo\/#primaryimage"},"thumbnailUrl":"https:\/\/gloriadeus.com\/wp-content\/uploads\/2025\/03\/230806DDIMG-29.jpg","datePublished":"2026-01-11T14:52:11+00:00","dateModified":"2026-02-04T13:34:32+00:00","breadcrumb":{"@id":"https:\/\/gloriadeus.com\/home\/nunca-tenha-medo-de-tentar-algo-novo\/#breadcrumb"},"inLanguage":"pt-BR","potentialAction":[{"@type":"ReadAction","target":["https:\/\/gloriadeus.com\/home\/nunca-tenha-medo-de-tentar-algo-novo\/"]}]},{"@type":"ImageObject","inLanguage":"pt-BR","@id":"https:\/\/gloriadeus.com\/home\/nunca-tenha-medo-de-tentar-algo-novo\/#primaryimage","url":"https:\/\/gloriadeus.com\/wp-content\/uploads\/2025\/03\/230806DDIMG-29.jpg","contentUrl":"https:\/\/gloriadeus.com\/wp-content\/uploads\/2025\/03\/230806DDIMG-29.jpg","width":563,"height":502,"caption":"Nunca tenha medo de tentar algo novo"},{"@type":"BreadcrumbList","@id":"https:\/\/gloriadeus.com\/home\/nunca-tenha-medo-de-tentar-algo-novo\/#breadcrumb","itemListElement":[{"@type":"ListItem","position":1,"name":"In\u00edcio","item":"https:\/\/gloriadeus.com\/home\/"},{"@type":"ListItem","position":2,"name":"Nunca tenha medo de tentar algo novo"}]},{"@type":"WebSite","@id":"https:\/\/gloriadeus.com\/home\/#website","url":"https:\/\/gloriadeus.com\/home\/","name":"Gloria Deus","description":"\u21a8 Deslize para descobrir mais \u21a8","publisher":{"@id":"https:\/\/gloriadeus.com\/home\/#\/schema\/person\/ab2365ca8f87ea38e53ba3c2275e65c4"},"alternateName":"Muita f\u00e9","potentialAction":[{"@type":"SearchAction","target":{"@type":"EntryPoint","urlTemplate":"https:\/\/gloriadeus.com\/home\/?s={search_term_string}"},"query-input":{"@type":"PropertyValueSpecification","valueRequired":true,"valueName":"search_term_string"}}],"inLanguage":"pt-BR"},{"@type":["Person","Organization"],"@id":"https:\/\/gloriadeus.com\/home\/#\/schema\/person\/ab2365ca8f87ea38e53ba3c2275e65c4","name":"gloriadeus.com","image":{"@type":"ImageObject","inLanguage":"pt-BR","@id":"https:\/\/gloriadeus.com\/wp-content\/uploads\/2024\/03\/230525DDPNG-21.png","url":"https:\/\/gloriadeus.com\/wp-content\/uploads\/2024\/03\/230525DDPNG-21.png","contentUrl":"https:\/\/gloriadeus.com\/wp-content\/uploads\/2024\/03\/230525DDPNG-21.png","width":220,"height":230,"caption":"gloriadeus.com"},"logo":{"@id":"https:\/\/gloriadeus.com\/wp-content\/uploads\/2024\/03\/230525DDPNG-21.png"},"sameAs":["https:\/\/gloriadeus.com"]}]}},"_links":{"self":[{"href":"https:\/\/gloriadeus.com\/home\/wp-json\/wp\/v2\/pages\/5211","targetHints":{"allow":["GET"]}}],"collection":[{"href":"https:\/\/gloriadeus.com\/home\/wp-json\/wp\/v2\/pages"}],"about":[{"href":"https:\/\/gloriadeus.com\/home\/wp-json\/wp\/v2\/types\/page"}],"author":[{"embeddable":true,"href":"https:\/\/gloriadeus.com\/home\/wp-json\/wp\/v2\/users\/1"}],"replies":[{"embeddable":true,"href":"https:\/\/gloriadeus.com\/home\/wp-json\/wp\/v2\/comments?post=5211"}],"version-history":[{"count":7,"href":"https:\/\/gloriadeus.com\/home\/wp-json\/wp\/v2\/pages\/5211\/revisions"}],"predecessor-version":[{"id":10324,"href":"https:\/\/gloriadeus.com\/home\/wp-json\/wp\/v2\/pages\/5211\/revisions\/10324"}],"wp:featuredmedia":[{"embeddable":true,"href":"https:\/\/gloriadeus.com\/home\/wp-json\/wp\/v2\/media\/5212"}],"wp:attachment":[{"href":"https:\/\/gloriadeus.com\/home\/wp-json\/wp\/v2\/media?parent=5211"}],"curies":[{"name":"wp","href":"https:\/\/api.w.org\/{rel}","templated":true}]}}