{"id":5188,"date":"2026-01-11T08:41:49","date_gmt":"2026-01-11T11:41:49","guid":{"rendered":"https:\/\/gloriadeus.com\/?page_id=5188"},"modified":"2026-02-07T12:54:04","modified_gmt":"2026-02-07T15:54:04","slug":"conselho-que-eu-levo-para-a-vida","status":"publish","type":"page","link":"https:\/\/gloriadeus.com\/home\/conselho-que-eu-levo-para-a-vida\/","title":{"rendered":"Conselho que eu levo para a vida"},"content":{"rendered":"<!-- subtitulo, palavra, paragrafo ok -->\r\n\r\n<figure>Ao optar por boas companhias e agir com cautela e reflex\u00e3o, voc\u00ea est\u00e1, na verdade, escolhendo um caminho mais consciente e alinhado com seus objetivos, o que pode resultar em um estilo de vida mais equilibrado e harmonioso. Sempre que poss\u00edvel, priorize a qualidade em suas rela\u00e7\u00f5es e a reflex\u00e3o nas suas decis\u00f5es, pois esses elementos s\u00e3o a base de uma vida plena e enriquecedora.\u00a0<\/figure>\r\n<figure class=\"wp-block-image size-large is-resized\"><img loading=\"lazy\" decoding=\"async\" width=\"564\" height=\"1001\" class=\"wp-image-5189\" style=\"width: 341px; height: auto;\" src=\"https:\/\/gloriadeus.com\/wp-content\/uploads\/2025\/03\/230806DDIMG-17.jpg\" alt=\"Conselho que eu levo para a vida\" srcset=\"https:\/\/gloriadeus.com\/wp-content\/uploads\/2025\/03\/230806DDIMG-17.jpg 564w, https:\/\/gloriadeus.com\/wp-content\/uploads\/2025\/03\/230806DDIMG-17-169x300.jpg 169w\" sizes=\"auto, (max-width: 564px) 100vw, 564px\" \/><\/figure>\r\n\r\n\r\n\r\n<p>Escolher boas companhias e evitar agir por impulso s\u00e3o decis\u00f5es fundamentais que moldam n\u00e3o apenas nossas experi\u00eancias sociais, mas tamb\u00e9m nosso desenvolvimento pessoal e emocional.\u00a0<\/p>\r\n<h2>Sobre a forma\u00e7\u00e3o de nossa identidade<\/h2>\r\n<p>Desde a inf\u00e2ncia, quando cultivamos amizades na escola at\u00e9 a vida adulta, nossas intera\u00e7\u00f5es com os outros desempenham um papel crucial na forma\u00e7\u00e3o de nossa identidade e no desenvolvimento de nossos valores.<\/p>\r\n<p>A qualidade das nossas rela\u00e7\u00f5es pode influenciar nosso estado de \u00e2nimo, nossa sa\u00fade mental e, consequentemente, nosso sucesso em diversas \u00e1reas da vida. \u00c9 vital que tomemos um momento de reflex\u00e3o antes de escolher quem nos cercar\u00e1, assim como \u00e9 importante evitar decis\u00f5es precipitadas que, muitas vezes, t\u00eam consequ\u00eancias duradouras.\u00a0<\/p>\r\n\r\n\r\n\r\n<figure class=\"wp-block-image size-large is-resized\"><img loading=\"lazy\" decoding=\"async\" width=\"564\" height=\"664\" class=\"wp-image-5191\" style=\"width: 389px; height: auto;\" src=\"https:\/\/gloriadeus.com\/wp-content\/uploads\/2025\/03\/230806DDIMG-12.jpg\" alt=\"Conselho que eu levo para a vida\" srcset=\"https:\/\/gloriadeus.com\/wp-content\/uploads\/2025\/03\/230806DDIMG-12.jpg 564w, https:\/\/gloriadeus.com\/wp-content\/uploads\/2025\/03\/230806DDIMG-12-255x300.jpg 255w\" sizes=\"auto, (max-width: 564px) 100vw, 564px\" \/>\u00a0<\/figure>\r\n<p>Para evitar agir por impulso, uma boa estrat\u00e9gia \u00e9 desenvolver a autoconsci\u00eancia, isso pode ser feito por meio de pr\u00e1ticas como a medita\u00e7\u00e3o, di\u00e1rios de reflex\u00e3o ou at\u00e9 mesmo conversas sinceras com amigos de confian\u00e7a. Essas atividades ajudam a entender melhor as pr\u00f3prias emo\u00e7\u00f5es e motiva\u00e7\u00f5es, permitindo que voc\u00ea se pergunte se est\u00e1 realmente em sintonia com quem voc\u00ea \u00e9.\u00a0<\/p>\r\n<h2>Conselho que eu levo para a vida\u00a0<\/h2>\r\n<p>Ao escolher suas companhias, leve em considera\u00e7\u00e3o o impacto que elas t\u00eam em sua vida. Pessoas que compartilham seus interesses e valores elevar\u00e3o seu \u00e2nimo e motiva\u00e7\u00e3o! Relacione-se com aqueles que incentivam o crescimento e a positividade, em vez de se deixar levar por amizades superficiais ou que promovem comportamentos prejudiciais.\u00a0<\/p>\r\n\r\n\r\n\r\n\r\n\r\n\r\n\r\n\r\n\r\n<p>Uma forma de avaliar se voc\u00ea est\u00e1 cercado por boas influ\u00eancias \u00e9 observar como se sente ap\u00f3s passar um tempo na companhia de determinadas pessoas, se voc\u00ea sai renovado e inspirado, provavelmente est\u00e1 no caminho certo.\u00a0<\/p>\r\n<p><img loading=\"lazy\" decoding=\"async\" width=\"522\" height=\"1024\" class=\"wp-image-5192\" style=\"width: 389px; height: auto;\" src=\"https:\/\/gloriadeus.com\/wp-content\/uploads\/2025\/03\/230806DDIMG-19-522x1024.jpg\" alt=\"Conselho que eu levo para a vida\" srcset=\"https:\/\/gloriadeus.com\/wp-content\/uploads\/2025\/03\/230806DDIMG-19-522x1024.jpg 522w, https:\/\/gloriadeus.com\/wp-content\/uploads\/2025\/03\/230806DDIMG-19-153x300.jpg 153w, https:\/\/gloriadeus.com\/wp-content\/uploads\/2025\/03\/230806DDIMG-19.jpg 564w\" sizes=\"auto, (max-width: 522px) 100vw, 522px\" \/>\u00a0<\/p>\r\n<p>Em contrapartida, se a sensa\u00e7\u00e3o \u00e9 de desgaste ou negatividade, talvez seja o momento de reavaliar essas rela\u00e7\u00f5es. Tamb\u00e9m \u00e9 importante desenvolver a habilidade de escutar a intui\u00e7\u00e3o, muitas vezes, nosso instinto pode nos alertar sobre pessoas que n\u00e3o s\u00e3o adequadas para n\u00f3s.\u00a0<\/p>\r\n<h2>Decis\u00f5es impulsivas\u00a0<\/h2>\r\n<p>Para fortalecer essa habilidade, tente intencionalmente desacelerar suas intera\u00e7\u00f5es sociais e observe como se sente em cada situa\u00e7\u00e3o. Isso pode incluir fazer perguntas a si mesmo, como <em>Esta pessoa me faz sentir bem?<\/em> ou <em>N\u00f3s compartilhamos objetivos e interesses similares?<\/em><\/p>\r\n<p>Com rela\u00e7\u00e3o a decis\u00f5es impulsivas, tenha em mente que um tempo de espera pode fazer toda a diferen\u00e7a entre uma escolha s\u00e1bia e uma que poder\u00e1 se transformar em um arrependimento.\u00a0<\/p>\r\n<p><img loading=\"lazy\" decoding=\"async\" width=\"564\" height=\"564\" class=\"wp-image-5193\" style=\"width: 418px; height: auto;\" src=\"https:\/\/gloriadeus.com\/wp-content\/uploads\/2025\/03\/230806DDIMG-18-1.jpg\" alt=\"Conselho que eu levo para a vida\" srcset=\"https:\/\/gloriadeus.com\/wp-content\/uploads\/2025\/03\/230806DDIMG-18-1.jpg 564w, https:\/\/gloriadeus.com\/wp-content\/uploads\/2025\/03\/230806DDIMG-18-1-300x300.jpg 300w, https:\/\/gloriadeus.com\/wp-content\/uploads\/2025\/03\/230806DDIMG-18-1-150x150.jpg 150w\" sizes=\"auto, (max-width: 564px) 100vw, 564px\" \/>\u00a0<\/p>\r\n<p>Pratique a regra dos 24 horas antes de tomar decis\u00f5es importantes, permitindo-se um tempo para avaliar racionalmente as op\u00e7\u00f5es dispon\u00edveis. Essa abordagem pode ajud\u00e1-lo a evitar armadilhas comuns, como a press\u00e3o social ou o desejo de agradar os outros.\u00a0<\/p>\r\n<h2>Escolhas conscientes\u00a0<\/h2>\r\n<p>J\u00e1 em vez de aceitar convites ou ofertas sem pensar, considere os pr\u00f3s e contras, levando em conta como isso se alinha com suas prioridades e objetivos a longo prazo. Lembre-se que \u00e9 normal cometer erros, todos n\u00f3s j\u00e1 escolhemos mal ou tomamos decis\u00f5es por impulso em algum momento.<\/p>\r\n<p>O importante \u00e9 aprender com essas experi\u00eancias, reconhecendo que cada situa\u00e7\u00e3o oferece uma oportunidade de crescimento e autoconhecimento. Ao cultivar a consci\u00eancia sobre nossas escolhas e a influ\u00eancia das companhias que escolhemos, estamos investindo em um futuro mais significativo e satisfat\u00f3rio.<\/p>\r\n<p>Ent\u00e3o, ao se cercar de pessoas que realmente importam e ao nutrir a paci\u00eancia em sua tomada de decis\u00f5es, n\u00e3o s\u00f3 voc\u00ea melhora sua qualidade de vida, mas tamb\u00e9m se prepara para desafios futuros com uma mentalidade mais resiliente e positiva.\u00a0<\/p>\r\n","protected":false},"excerpt":{"rendered":"<p>Escolher boas companhias e evitar agir por impulso s\u00e3o decis\u00f5es fundamentais que moldam n\u00e3o apenas nossas experi\u00eancias sociais, mas tamb\u00e9m &hellip; <\/p>\n","protected":false},"author":1,"featured_media":5189,"parent":0,"menu_order":0,"comment_status":"open","ping_status":"closed","template":"","meta":{"_uf_show_specific_survey":0,"_uf_disable_surveys":false,"footnotes":""},"class_list":["post-5188","page","type-page","status-publish","has-post-thumbnail","hentry"],"yoast_head":"<!-- This site is optimized with the Yoast SEO plugin v27.5 - https:\/\/yoast.com\/product\/yoast-seo-wordpress\/ -->\n<title>Conselho que eu levo para a vida - Gl\u00f3ria Deus<\/title>\n<meta name=\"robots\" content=\"index, follow, max-snippet:-1, max-image-preview:large, max-video-preview:-1\" \/>\n<link rel=\"canonical\" href=\"https:\/\/gloriadeus.com\/home\/conselho-que-eu-levo-para-a-vida\/\" \/>\n<meta property=\"og:locale\" content=\"pt_BR\" \/>\n<meta property=\"og:type\" content=\"article\" \/>\n<meta property=\"og:title\" content=\"Conselho que eu levo para a vida - Gl\u00f3ria Deus\" \/>\n<meta property=\"og:description\" content=\"Escolher boas companhias e evitar agir por impulso s\u00e3o decis\u00f5es fundamentais que moldam n\u00e3o apenas nossas experi\u00eancias sociais, mas tamb\u00e9m &hellip;\" \/>\n<meta property=\"og:url\" content=\"https:\/\/gloriadeus.com\/home\/conselho-que-eu-levo-para-a-vida\/\" \/>\n<meta property=\"og:site_name\" content=\"Gl\u00f3ria Deus\" \/>\n<meta property=\"article:modified_time\" content=\"2026-02-07T15:54:04+00:00\" \/>\n<meta property=\"og:image\" content=\"https:\/\/gloriadeus.com\/wp-content\/uploads\/2025\/03\/230806DDIMG-17.jpg\" \/>\n\t<meta property=\"og:image:width\" content=\"564\" \/>\n\t<meta property=\"og:image:height\" content=\"1001\" \/>\n\t<meta property=\"og:image:type\" content=\"image\/jpeg\" \/>\n<meta name=\"twitter:card\" content=\"summary_large_image\" \/>\n<meta name=\"twitter:label1\" content=\"Est. tempo de leitura\" \/>\n\t<meta name=\"twitter:data1\" content=\"5 minutos\" \/>\n<script type=\"application\/ld+json\" class=\"yoast-schema-graph\">{\"@context\":\"https:\\\/\\\/schema.org\",\"@graph\":[{\"@type\":\"WebPage\",\"@id\":\"https:\\\/\\\/gloriadeus.com\\\/home\\\/conselho-que-eu-levo-para-a-vida\\\/\",\"url\":\"https:\\\/\\\/gloriadeus.com\\\/home\\\/conselho-que-eu-levo-para-a-vida\\\/\",\"name\":\"Conselho que eu levo para a vida - Gl\u00f3ria Deus\",\"isPartOf\":{\"@id\":\"https:\\\/\\\/gloriadeus.com\\\/home\\\/#website\"},\"primaryImageOfPage\":{\"@id\":\"https:\\\/\\\/gloriadeus.com\\\/home\\\/conselho-que-eu-levo-para-a-vida\\\/#primaryimage\"},\"image\":{\"@id\":\"https:\\\/\\\/gloriadeus.com\\\/home\\\/conselho-que-eu-levo-para-a-vida\\\/#primaryimage\"},\"thumbnailUrl\":\"https:\\\/\\\/gloriadeus.com\\\/wp-content\\\/uploads\\\/2025\\\/03\\\/230806DDIMG-17.jpg\",\"datePublished\":\"2026-01-11T11:41:49+00:00\",\"dateModified\":\"2026-02-07T15:54:04+00:00\",\"breadcrumb\":{\"@id\":\"https:\\\/\\\/gloriadeus.com\\\/home\\\/conselho-que-eu-levo-para-a-vida\\\/#breadcrumb\"},\"inLanguage\":\"pt-BR\",\"potentialAction\":[{\"@type\":\"ReadAction\",\"target\":[\"https:\\\/\\\/gloriadeus.com\\\/home\\\/conselho-que-eu-levo-para-a-vida\\\/\"]}]},{\"@type\":\"ImageObject\",\"inLanguage\":\"pt-BR\",\"@id\":\"https:\\\/\\\/gloriadeus.com\\\/home\\\/conselho-que-eu-levo-para-a-vida\\\/#primaryimage\",\"url\":\"https:\\\/\\\/gloriadeus.com\\\/wp-content\\\/uploads\\\/2025\\\/03\\\/230806DDIMG-17.jpg\",\"contentUrl\":\"https:\\\/\\\/gloriadeus.com\\\/wp-content\\\/uploads\\\/2025\\\/03\\\/230806DDIMG-17.jpg\",\"width\":564,\"height\":1001,\"caption\":\"Conselho que eu levo para a vida\"},{\"@type\":\"BreadcrumbList\",\"@id\":\"https:\\\/\\\/gloriadeus.com\\\/home\\\/conselho-que-eu-levo-para-a-vida\\\/#breadcrumb\",\"itemListElement\":[{\"@type\":\"ListItem\",\"position\":1,\"name\":\"In\u00edcio\",\"item\":\"https:\\\/\\\/gloriadeus.com\\\/home\\\/\"},{\"@type\":\"ListItem\",\"position\":2,\"name\":\"Conselho que eu levo para a vida\"}]},{\"@type\":\"WebSite\",\"@id\":\"https:\\\/\\\/gloriadeus.com\\\/home\\\/#website\",\"url\":\"https:\\\/\\\/gloriadeus.com\\\/home\\\/\",\"name\":\"Gloria Deus\",\"description\":\"\u21a8 Deslize para descobrir mais \u21a8\",\"publisher\":{\"@id\":\"https:\\\/\\\/gloriadeus.com\\\/home\\\/#\\\/schema\\\/person\\\/ab2365ca8f87ea38e53ba3c2275e65c4\"},\"alternateName\":\"Muita f\u00e9\",\"potentialAction\":[{\"@type\":\"SearchAction\",\"target\":{\"@type\":\"EntryPoint\",\"urlTemplate\":\"https:\\\/\\\/gloriadeus.com\\\/home\\\/?s={search_term_string}\"},\"query-input\":{\"@type\":\"PropertyValueSpecification\",\"valueRequired\":true,\"valueName\":\"search_term_string\"}}],\"inLanguage\":\"pt-BR\"},{\"@type\":[\"Person\",\"Organization\"],\"@id\":\"https:\\\/\\\/gloriadeus.com\\\/home\\\/#\\\/schema\\\/person\\\/ab2365ca8f87ea38e53ba3c2275e65c4\",\"name\":\"gloriadeus.com\",\"image\":{\"@type\":\"ImageObject\",\"inLanguage\":\"pt-BR\",\"@id\":\"https:\\\/\\\/gloriadeus.com\\\/wp-content\\\/uploads\\\/2024\\\/03\\\/230525DDPNG-21.png\",\"url\":\"https:\\\/\\\/gloriadeus.com\\\/wp-content\\\/uploads\\\/2024\\\/03\\\/230525DDPNG-21.png\",\"contentUrl\":\"https:\\\/\\\/gloriadeus.com\\\/wp-content\\\/uploads\\\/2024\\\/03\\\/230525DDPNG-21.png\",\"width\":220,\"height\":230,\"caption\":\"gloriadeus.com\"},\"logo\":{\"@id\":\"https:\\\/\\\/gloriadeus.com\\\/wp-content\\\/uploads\\\/2024\\\/03\\\/230525DDPNG-21.png\"},\"sameAs\":[\"https:\\\/\\\/gloriadeus.com\"]}]}<\/script>\n<!-- \/ Yoast SEO plugin. -->","yoast_head_json":{"title":"Conselho que eu levo para a vida - Gl\u00f3ria Deus","robots":{"index":"index","follow":"follow","max-snippet":"max-snippet:-1","max-image-preview":"max-image-preview:large","max-video-preview":"max-video-preview:-1"},"canonical":"https:\/\/gloriadeus.com\/home\/conselho-que-eu-levo-para-a-vida\/","og_locale":"pt_BR","og_type":"article","og_title":"Conselho que eu levo para a vida - Gl\u00f3ria Deus","og_description":"Escolher boas companhias e evitar agir por impulso s\u00e3o decis\u00f5es fundamentais que moldam n\u00e3o apenas nossas experi\u00eancias sociais, mas tamb\u00e9m &hellip;","og_url":"https:\/\/gloriadeus.com\/home\/conselho-que-eu-levo-para-a-vida\/","og_site_name":"Gl\u00f3ria Deus","article_modified_time":"2026-02-07T15:54:04+00:00","og_image":[{"width":564,"height":1001,"url":"https:\/\/gloriadeus.com\/wp-content\/uploads\/2025\/03\/230806DDIMG-17.jpg","type":"image\/jpeg"}],"twitter_card":"summary_large_image","twitter_misc":{"Est. tempo de leitura":"5 minutos"},"schema":{"@context":"https:\/\/schema.org","@graph":[{"@type":"WebPage","@id":"https:\/\/gloriadeus.com\/home\/conselho-que-eu-levo-para-a-vida\/","url":"https:\/\/gloriadeus.com\/home\/conselho-que-eu-levo-para-a-vida\/","name":"Conselho que eu levo para a vida - Gl\u00f3ria Deus","isPartOf":{"@id":"https:\/\/gloriadeus.com\/home\/#website"},"primaryImageOfPage":{"@id":"https:\/\/gloriadeus.com\/home\/conselho-que-eu-levo-para-a-vida\/#primaryimage"},"image":{"@id":"https:\/\/gloriadeus.com\/home\/conselho-que-eu-levo-para-a-vida\/#primaryimage"},"thumbnailUrl":"https:\/\/gloriadeus.com\/wp-content\/uploads\/2025\/03\/230806DDIMG-17.jpg","datePublished":"2026-01-11T11:41:49+00:00","dateModified":"2026-02-07T15:54:04+00:00","breadcrumb":{"@id":"https:\/\/gloriadeus.com\/home\/conselho-que-eu-levo-para-a-vida\/#breadcrumb"},"inLanguage":"pt-BR","potentialAction":[{"@type":"ReadAction","target":["https:\/\/gloriadeus.com\/home\/conselho-que-eu-levo-para-a-vida\/"]}]},{"@type":"ImageObject","inLanguage":"pt-BR","@id":"https:\/\/gloriadeus.com\/home\/conselho-que-eu-levo-para-a-vida\/#primaryimage","url":"https:\/\/gloriadeus.com\/wp-content\/uploads\/2025\/03\/230806DDIMG-17.jpg","contentUrl":"https:\/\/gloriadeus.com\/wp-content\/uploads\/2025\/03\/230806DDIMG-17.jpg","width":564,"height":1001,"caption":"Conselho que eu levo para a vida"},{"@type":"BreadcrumbList","@id":"https:\/\/gloriadeus.com\/home\/conselho-que-eu-levo-para-a-vida\/#breadcrumb","itemListElement":[{"@type":"ListItem","position":1,"name":"In\u00edcio","item":"https:\/\/gloriadeus.com\/home\/"},{"@type":"ListItem","position":2,"name":"Conselho que eu levo para a vida"}]},{"@type":"WebSite","@id":"https:\/\/gloriadeus.com\/home\/#website","url":"https:\/\/gloriadeus.com\/home\/","name":"Gloria Deus","description":"\u21a8 Deslize para descobrir mais \u21a8","publisher":{"@id":"https:\/\/gloriadeus.com\/home\/#\/schema\/person\/ab2365ca8f87ea38e53ba3c2275e65c4"},"alternateName":"Muita f\u00e9","potentialAction":[{"@type":"SearchAction","target":{"@type":"EntryPoint","urlTemplate":"https:\/\/gloriadeus.com\/home\/?s={search_term_string}"},"query-input":{"@type":"PropertyValueSpecification","valueRequired":true,"valueName":"search_term_string"}}],"inLanguage":"pt-BR"},{"@type":["Person","Organization"],"@id":"https:\/\/gloriadeus.com\/home\/#\/schema\/person\/ab2365ca8f87ea38e53ba3c2275e65c4","name":"gloriadeus.com","image":{"@type":"ImageObject","inLanguage":"pt-BR","@id":"https:\/\/gloriadeus.com\/wp-content\/uploads\/2024\/03\/230525DDPNG-21.png","url":"https:\/\/gloriadeus.com\/wp-content\/uploads\/2024\/03\/230525DDPNG-21.png","contentUrl":"https:\/\/gloriadeus.com\/wp-content\/uploads\/2024\/03\/230525DDPNG-21.png","width":220,"height":230,"caption":"gloriadeus.com"},"logo":{"@id":"https:\/\/gloriadeus.com\/wp-content\/uploads\/2024\/03\/230525DDPNG-21.png"},"sameAs":["https:\/\/gloriadeus.com"]}]}},"_links":{"self":[{"href":"https:\/\/gloriadeus.com\/home\/wp-json\/wp\/v2\/pages\/5188","targetHints":{"allow":["GET"]}}],"collection":[{"href":"https:\/\/gloriadeus.com\/home\/wp-json\/wp\/v2\/pages"}],"about":[{"href":"https:\/\/gloriadeus.com\/home\/wp-json\/wp\/v2\/types\/page"}],"author":[{"embeddable":true,"href":"https:\/\/gloriadeus.com\/home\/wp-json\/wp\/v2\/users\/1"}],"replies":[{"embeddable":true,"href":"https:\/\/gloriadeus.com\/home\/wp-json\/wp\/v2\/comments?post=5188"}],"version-history":[{"count":5,"href":"https:\/\/gloriadeus.com\/home\/wp-json\/wp\/v2\/pages\/5188\/revisions"}],"predecessor-version":[{"id":10418,"href":"https:\/\/gloriadeus.com\/home\/wp-json\/wp\/v2\/pages\/5188\/revisions\/10418"}],"wp:featuredmedia":[{"embeddable":true,"href":"https:\/\/gloriadeus.com\/home\/wp-json\/wp\/v2\/media\/5189"}],"wp:attachment":[{"href":"https:\/\/gloriadeus.com\/home\/wp-json\/wp\/v2\/media?parent=5188"}],"curies":[{"name":"wp","href":"https:\/\/api.w.org\/{rel}","templated":true}]}}