{"id":5170,"date":"2026-01-11T08:20:03","date_gmt":"2026-01-11T11:20:03","guid":{"rendered":"https:\/\/gloriadeus.com\/?page_id=5170"},"modified":"2026-02-04T10:01:40","modified_gmt":"2026-02-04T13:01:40","slug":"nao-insistir-e-aceitar","status":"publish","type":"page","link":"https:\/\/gloriadeus.com\/home\/nao-insistir-e-aceitar\/","title":{"rendered":"N\u00e3o insistir e aceitar"},"content":{"rendered":"<!-- subtitulo, palavra, paragrafo ok --> \r\n\r\n \r\n<figure class=\"wp-lightbox-container\" data-wp-context=\"{&quot;imageId&quot;:&quot;69fa489adda3c&quot;}\" data-wp-interactive=\"core\/image\" data-wp-key=\"69fa489adda3c\">Primeiramente, \u00e9 essencial entender que a vida \u00e9 feita de altos e baixos, e que a expectativa muitas vezes joga um papel central em nossa percep\u00e7\u00e3o da realidade. Para facilitar essa aceita\u00e7\u00e3o, uma t\u00e9cnica poderosa \u00e9 a pr\u00e1tica da gratid\u00e3o.\u00a0<\/figure>\r\n<figure class=\"wp-block-image size-large is-resized\"><img loading=\"lazy\" decoding=\"async\" width=\"564\" height=\"564\" data-wp-class--hide=\"state.isContentHidden\" data-wp-class--show=\"state.isContentVisible\" data-wp-init=\"callbacks.setButtonStyles\" data-wp-on--click=\"actions.showLightbox\" data-wp-on--load=\"callbacks.setButtonStyles\" data-wp-on-window--resize=\"callbacks.setButtonStyles\" class=\"wp-image-5173\" style=\"width: 285px; height: auto;\" src=\"https:\/\/gloriadeus.com\/wp-content\/uploads\/2025\/03\/230806DDIMG-1.jpg\" alt=\"N\u00e3o insistir e aceitar\" srcset=\"https:\/\/gloriadeus.com\/wp-content\/uploads\/2025\/03\/230806DDIMG-1.jpg 564w, https:\/\/gloriadeus.com\/wp-content\/uploads\/2025\/03\/230806DDIMG-1-300x300.jpg 300w, https:\/\/gloriadeus.com\/wp-content\/uploads\/2025\/03\/230806DDIMG-1-150x150.jpg 150w\" sizes=\"auto, (max-width: 564px) 100vw, 564px\" \/><button\n\t\t\tclass=\"lightbox-trigger\"\n\t\t\ttype=\"button\"\n\t\t\taria-haspopup=\"dialog\"\n\t\t\taria-label=\"Ampliar\"\n\t\t\tdata-wp-init=\"callbacks.initTriggerButton\"\n\t\t\tdata-wp-on--click=\"actions.showLightbox\"\n\t\t\tdata-wp-style--right=\"state.imageButtonRight\"\n\t\t\tdata-wp-style--top=\"state.imageButtonTop\"\n\t\t>\n\t\t\t<svg xmlns=\"http:\/\/www.w3.org\/2000\/svg\" width=\"12\" height=\"12\" fill=\"none\" viewBox=\"0 0 12 12\">\n\t\t\t\t<path fill=\"#fff\" d=\"M2 0a2 2 0 0 0-2 2v2h1.5V2a.5.5 0 0 1 .5-.5h2V0H2Zm2 10.5H2a.5.5 0 0 1-.5-.5V8H0v2a2 2 0 0 0 2 2h2v-1.5ZM8 12v-1.5h2a.5.5 0 0 0 .5-.5V8H12v2a2 2 0 0 1-2 2H8Zm2-12a2 2 0 0 1 2 2v2h-1.5V2a.5.5 0 0 0-.5-.5H8V0h2Z\" \/>\n\t\t\t<\/svg>\n\t\t<\/button><\/figure>\r\n\r\n\r\n\r\n<p>Aceitar que nem tudo se desenrola da maneira como desejamos \u00e9 uma das li\u00e7\u00f5es mais desafiadoras da vida, e cultivar essa habilidade pode ser um grande alicerce para a nossa paz interior e bem-estar emocional.\u00a0<\/p>\r\n<h2>Deixe ir<\/h2>\r\n<p>Crie um espa\u00e7o f\u00edsico para simbolizar o que voc\u00ea est\u00e1 pronto para deixar ir, como um altar de desapego. Coloque objetos que representem essas expectativas e, ao se desfazer deles, sinta a leveza que vem com a liberta\u00e7\u00e3o.<\/p>\r\n<p>Lembre-se de que o perd\u00e3o a si mesmo \u00e9 uma parte crucial desse processo de aceita\u00e7\u00e3o: Entenda que \u00e9 humano ter desejos e frustra\u00e7\u00f5es, mas \u00e9 poss\u00edvel aprender com cada experi\u00eancia e caminhar em dire\u00e7\u00e3o a um futuro mais leve e pleno, onde a aceita\u00e7\u00e3o se torna uma ferramenta poderosa em sua jornada.<\/p>\r\n<p>Aceitar que nem tudo \u00e9 como queremos \u00e9 um exerc\u00edcio cont\u00ednuo de autoconhecimento e adapta\u00e7\u00e3o, que nos ensina a viver com mais leveza e plenitude, aproveitando cada momento como uma oportunidade de aprendizado e crescimento.\u00a0<\/p>\r\n\r\n\r\n\r\n<figure data-wp-context=\"{&quot;imageId&quot;:&quot;69fa489adddea&quot;}\" data-wp-interactive=\"core\/image\" data-wp-key=\"69fa489adddea\" class=\"wp-block-image size-large is-resized wp-lightbox-container\"><img loading=\"lazy\" decoding=\"async\" width=\"563\" height=\"538\" data-wp-class--hide=\"state.isContentHidden\" data-wp-class--show=\"state.isContentVisible\" data-wp-init=\"callbacks.setButtonStyles\" data-wp-on--click=\"actions.showLightbox\" data-wp-on--load=\"callbacks.setButtonStyles\" data-wp-on-window--resize=\"callbacks.setButtonStyles\" class=\"wp-image-5172\" style=\"width: 425px; height: auto;\" src=\"https:\/\/gloriadeus.com\/wp-content\/uploads\/2025\/03\/230806DDIMG-10.jpg\" alt=\"N\u00e3o insistir e aceitar\" srcset=\"https:\/\/gloriadeus.com\/wp-content\/uploads\/2025\/03\/230806DDIMG-10.jpg 563w, https:\/\/gloriadeus.com\/wp-content\/uploads\/2025\/03\/230806DDIMG-10-300x287.jpg 300w\" sizes=\"auto, (max-width: 563px) 100vw, 563px\" \/><button\n\t\t\tclass=\"lightbox-trigger\"\n\t\t\ttype=\"button\"\n\t\t\taria-haspopup=\"dialog\"\n\t\t\taria-label=\"Ampliar\"\n\t\t\tdata-wp-init=\"callbacks.initTriggerButton\"\n\t\t\tdata-wp-on--click=\"actions.showLightbox\"\n\t\t\tdata-wp-style--right=\"state.imageButtonRight\"\n\t\t\tdata-wp-style--top=\"state.imageButtonTop\"\n\t\t>\n\t\t\t<svg xmlns=\"http:\/\/www.w3.org\/2000\/svg\" width=\"12\" height=\"12\" fill=\"none\" viewBox=\"0 0 12 12\">\n\t\t\t\t<path fill=\"#fff\" d=\"M2 0a2 2 0 0 0-2 2v2h1.5V2a.5.5 0 0 1 .5-.5h2V0H2Zm2 10.5H2a.5.5 0 0 1-.5-.5V8H0v2a2 2 0 0 0 2 2h2v-1.5ZM8 12v-1.5h2a.5.5 0 0 0 .5-.5V8H12v2a2 2 0 0 1-2 2H8Zm2-12a2 2 0 0 1 2 2v2h-1.5V2a.5.5 0 0 0-.5-.5H8V0h2Z\" \/>\n\t\t\t<\/svg>\n\t\t<\/button>\u00a0<\/figure>\r\n<p>Ao focar nas coisas boas que j\u00e1 temos, <em>como relacionamentos, sa\u00fade ou conquistas<\/em>, nos desviamos da frustra\u00e7\u00e3o de querer algo que n\u00e3o conseguimos ou que n\u00e3o est\u00e1 ao nosso alcance. Cultivar a flexibilidade mental \u00e9 crucial, isso significa estar aberto a novas possibilidades e caminhos que podem n\u00e3o ter sido considerados antes.\u00a0<\/p>\r\n<h2>Cultive a criatividade\u00a0<\/h2>\r\n<p>Participar de atividades que estimulem a criatividade, como pintura, escrita ou dan\u00e7a, tamb\u00e9m pode ajudar a liberar a tens\u00e3o associada ao desejo de controle. Outra dica valiosa \u00e9 praticar a medita\u00e7\u00e3o, que nos ensina a observar nossos pensamentos e emo\u00e7\u00f5es sem julg\u00e1-los, promovendo uma maior aceita\u00e7\u00e3o do que \u00e9.<\/p>\r\n<p>Tamb\u00e9m \u00e9 bom lembrar que os imprevistos podem trazer li\u00e7\u00f5es valiosas e que cada obst\u00e1culo pode ser uma oportunidade de crescimento. <em>Converse sobre suas frustra\u00e7\u00f5es com amigos ou familiares<\/em>, isso cria um espa\u00e7o para a express\u00e3o emocional e ajuda a aliviar a carga de querer que tudo se encaixe perfeitamente.\u00a0<\/p>\r\n\r\n\r\n\r\n<figure data-wp-context=\"{&quot;imageId&quot;:&quot;69fa489ade0d7&quot;}\" data-wp-interactive=\"core\/image\" data-wp-key=\"69fa489ade0d7\" class=\"wp-block-image size-large is-resized wp-lightbox-container\"><img loading=\"lazy\" decoding=\"async\" width=\"563\" height=\"655\" data-wp-class--hide=\"state.isContentHidden\" data-wp-class--show=\"state.isContentVisible\" data-wp-init=\"callbacks.setButtonStyles\" data-wp-on--click=\"actions.showLightbox\" data-wp-on--load=\"callbacks.setButtonStyles\" data-wp-on-window--resize=\"callbacks.setButtonStyles\" class=\"wp-image-5171\" style=\"width: 287px; height: auto;\" src=\"https:\/\/gloriadeus.com\/wp-content\/uploads\/2025\/03\/230806DDIMG-2.jpg\" alt=\"N\u00e3o insistir e aceitar\" srcset=\"https:\/\/gloriadeus.com\/wp-content\/uploads\/2025\/03\/230806DDIMG-2.jpg 563w, https:\/\/gloriadeus.com\/wp-content\/uploads\/2025\/03\/230806DDIMG-2-258x300.jpg 258w\" sizes=\"auto, (max-width: 563px) 100vw, 563px\" \/><button\n\t\t\tclass=\"lightbox-trigger\"\n\t\t\ttype=\"button\"\n\t\t\taria-haspopup=\"dialog\"\n\t\t\taria-label=\"Ampliar\"\n\t\t\tdata-wp-init=\"callbacks.initTriggerButton\"\n\t\t\tdata-wp-on--click=\"actions.showLightbox\"\n\t\t\tdata-wp-style--right=\"state.imageButtonRight\"\n\t\t\tdata-wp-style--top=\"state.imageButtonTop\"\n\t\t>\n\t\t\t<svg xmlns=\"http:\/\/www.w3.org\/2000\/svg\" width=\"12\" height=\"12\" fill=\"none\" viewBox=\"0 0 12 12\">\n\t\t\t\t<path fill=\"#fff\" d=\"M2 0a2 2 0 0 0-2 2v2h1.5V2a.5.5 0 0 1 .5-.5h2V0H2Zm2 10.5H2a.5.5 0 0 1-.5-.5V8H0v2a2 2 0 0 0 2 2h2v-1.5ZM8 12v-1.5h2a.5.5 0 0 0 .5-.5V8H12v2a2 2 0 0 1-2 2H8Zm2-12a2 2 0 0 1 2 2v2h-1.5V2a.5.5 0 0 0-.5-.5H8V0h2Z\" \/>\n\t\t\t<\/svg>\n\t\t<\/button>\u00a0<\/figure>\r\n<p>Criar uma lista de desejos pode ser uma forma de visualizar seus objetivos, mas tamb\u00e9m \u00e9 importante adicionar uma se\u00e7\u00e3o de <em>deixando ir<\/em>, onde voc\u00ea lista aquilo que est\u00e1 pronto para soltar, permitindo-se liberar expectativas que n\u00e3o est\u00e3o se concretizando.\u00a0<\/p>\r\n<h2>Aceitar \u00e9 reconhecer\u00a0<\/h2>\r\n<p>Lembre-se de que a aceita\u00e7\u00e3o n\u00e3o significa resigna\u00e7\u00e3o, \u00e9 reconhecer que a vida tem seus altos e baixos e que, muitas vezes, as mudan\u00e7as n\u00e3o est\u00e3o sob nosso controle.<\/p>\r\n<p>Pratique um mantra que ressoe com voc\u00ea, como <em>o que \u00e9 para ser, ser\u00e1<\/em>, que pode servir como um lembrete em momentos de des\u00e2nimo. Algumas pessoas tamb\u00e9m acham \u00fatil estabelecer um limite de tempo para se permitir sentir a frustra\u00e7\u00e3o antes de passar para a aceita\u00e7\u00e3o e a a\u00e7\u00e3o.\u00a0<\/p>\r\n<p>Ao dar a si mesmo essa pausa, voc\u00ea se permite o luto emocional necess\u00e1rio, mas tamb\u00e9m prepara o terreno para seguir em frente. Outra estrat\u00e9gia eficaz \u00e9 a visualiza\u00e7\u00e3o: imagine como seria sua vida se voc\u00ea se libertasse desse desejo, isso pode ajudar a tornar a transi\u00e7\u00e3o emocional mais suave.\u00a0<\/p>\r\n\r\n\r\n\r\n<figure class=\"wp-block-image size-large is-resized\"><img loading=\"lazy\" decoding=\"async\" width=\"564\" height=\"564\" class=\"wp-image-5174\" style=\"width: 330px; height: auto;\" src=\"https:\/\/gloriadeus.com\/wp-content\/uploads\/2025\/03\/230806DDIMG-5.jpg\" alt=\"N\u00e3o insistir e aceitar\" srcset=\"https:\/\/gloriadeus.com\/wp-content\/uploads\/2025\/03\/230806DDIMG-5.jpg 564w, https:\/\/gloriadeus.com\/wp-content\/uploads\/2025\/03\/230806DDIMG-5-300x300.jpg 300w, https:\/\/gloriadeus.com\/wp-content\/uploads\/2025\/03\/230806DDIMG-5-150x150.jpg 150w\" sizes=\"auto, (max-width: 564px) 100vw, 564px\" \/>\u00a0<\/figure>\r\n\r\n\r\n\r\n<p>Envolva-se em novos hobbies ou desafios que o mantenham engajado e distra\u00eddo das expectativas que n\u00e3o se realizaram, isso n\u00e3o s\u00f3 preenche seu tempo, mas tamb\u00e9m pode abrir novas portas e oportunidades.\u00a0<\/p>\r\n<h2>Mude a perspectiva\u00a0<\/h2>\r\n<p>A mudan\u00e7a de perspectiva \u00e9, sem d\u00favida, uma parte fundamental dessa jornada, tente olhar para a situa\u00e7\u00e3o de outro \u00e2ngulo: O que voc\u00ea aprenderia com isso ou como isso poderia lev\u00e1-lo a algo ainda melhor?\u00a0<\/p>\r\n<p>Outra ideia \u00e9 escrever uma carta para si mesmo no futuro, refletindo sobre suas esperan\u00e7as e desejos, reafirmando que a vida \u00e9 um processo din\u00e2mico que muitas vezes revela o que realmente precisamos em vez do que inicialmente quer\u00edamos.\u00a0<\/p>\r\n<p>Considere tamb\u00e9m a ideia de compartilhar suas expectativas com outras pessoas, pois isso vai al\u00e9m da sua mente e pode levar a novas perspectivas e solu\u00e7\u00f5es, quem sabe, talvez algu\u00e9m j\u00e1 tenha vivido uma situa\u00e7\u00e3o semelhante e pode oferecer conselhos valiosos.\u00a0<\/p>\r\n<p>O autocuidado, como pr\u00e1tica regular, tamb\u00e9m se torna uma \u00e2ncora nos momentos dif\u00edceis, investir em atividades que nutram sua sa\u00fade mental e f\u00edsica, como exerc\u00edcios, alimenta\u00e7\u00e3o saud\u00e1vel e momentos de lazer, ajuda a criar uma base s\u00f3lida para lidar com a incerteza.\u00a0<\/p>\r\n","protected":false},"excerpt":{"rendered":"<p>Aceitar que nem tudo se desenrola da maneira como desejamos \u00e9 uma das li\u00e7\u00f5es mais desafiadoras da vida, e cultivar &hellip; <\/p>\n","protected":false},"author":1,"featured_media":5171,"parent":0,"menu_order":0,"comment_status":"open","ping_status":"closed","template":"","meta":{"_uf_show_specific_survey":0,"_uf_disable_surveys":false,"footnotes":""},"class_list":["post-5170","page","type-page","status-publish","has-post-thumbnail","hentry"],"yoast_head":"<!-- This site is optimized with the Yoast SEO plugin v27.5 - https:\/\/yoast.com\/product\/yoast-seo-wordpress\/ -->\n<title>N\u00e3o insistir e aceitar - Gl\u00f3ria Deus<\/title>\n<meta name=\"robots\" content=\"index, follow, max-snippet:-1, max-image-preview:large, max-video-preview:-1\" \/>\n<link rel=\"canonical\" href=\"https:\/\/gloriadeus.com\/home\/nao-insistir-e-aceitar\/\" \/>\n<meta property=\"og:locale\" content=\"pt_BR\" \/>\n<meta property=\"og:type\" content=\"article\" \/>\n<meta property=\"og:title\" content=\"N\u00e3o insistir e aceitar - Gl\u00f3ria Deus\" \/>\n<meta property=\"og:description\" content=\"Aceitar que nem tudo se desenrola da maneira como desejamos \u00e9 uma das li\u00e7\u00f5es mais desafiadoras da vida, e cultivar &hellip;\" \/>\n<meta property=\"og:url\" content=\"https:\/\/gloriadeus.com\/home\/nao-insistir-e-aceitar\/\" \/>\n<meta property=\"og:site_name\" content=\"Gl\u00f3ria Deus\" \/>\n<meta property=\"article:modified_time\" content=\"2026-02-04T13:01:40+00:00\" \/>\n<meta property=\"og:image\" content=\"https:\/\/gloriadeus.com\/wp-content\/uploads\/2025\/03\/230806DDIMG-2.jpg\" \/>\n\t<meta property=\"og:image:width\" content=\"563\" \/>\n\t<meta property=\"og:image:height\" content=\"655\" \/>\n\t<meta property=\"og:image:type\" content=\"image\/jpeg\" \/>\n<meta name=\"twitter:card\" content=\"summary_large_image\" \/>\n<meta name=\"twitter:label1\" content=\"Est. tempo de leitura\" \/>\n\t<meta name=\"twitter:data1\" content=\"5 minutos\" \/>\n<script type=\"application\/ld+json\" class=\"yoast-schema-graph\">{\"@context\":\"https:\\\/\\\/schema.org\",\"@graph\":[{\"@type\":\"WebPage\",\"@id\":\"https:\\\/\\\/gloriadeus.com\\\/home\\\/nao-insistir-e-aceitar\\\/\",\"url\":\"https:\\\/\\\/gloriadeus.com\\\/home\\\/nao-insistir-e-aceitar\\\/\",\"name\":\"N\u00e3o insistir e aceitar - Gl\u00f3ria Deus\",\"isPartOf\":{\"@id\":\"https:\\\/\\\/gloriadeus.com\\\/home\\\/#website\"},\"primaryImageOfPage\":{\"@id\":\"https:\\\/\\\/gloriadeus.com\\\/home\\\/nao-insistir-e-aceitar\\\/#primaryimage\"},\"image\":{\"@id\":\"https:\\\/\\\/gloriadeus.com\\\/home\\\/nao-insistir-e-aceitar\\\/#primaryimage\"},\"thumbnailUrl\":\"https:\\\/\\\/gloriadeus.com\\\/wp-content\\\/uploads\\\/2025\\\/03\\\/230806DDIMG-2.jpg\",\"datePublished\":\"2026-01-11T11:20:03+00:00\",\"dateModified\":\"2026-02-04T13:01:40+00:00\",\"breadcrumb\":{\"@id\":\"https:\\\/\\\/gloriadeus.com\\\/home\\\/nao-insistir-e-aceitar\\\/#breadcrumb\"},\"inLanguage\":\"pt-BR\",\"potentialAction\":[{\"@type\":\"ReadAction\",\"target\":[\"https:\\\/\\\/gloriadeus.com\\\/home\\\/nao-insistir-e-aceitar\\\/\"]}]},{\"@type\":\"ImageObject\",\"inLanguage\":\"pt-BR\",\"@id\":\"https:\\\/\\\/gloriadeus.com\\\/home\\\/nao-insistir-e-aceitar\\\/#primaryimage\",\"url\":\"https:\\\/\\\/gloriadeus.com\\\/wp-content\\\/uploads\\\/2025\\\/03\\\/230806DDIMG-2.jpg\",\"contentUrl\":\"https:\\\/\\\/gloriadeus.com\\\/wp-content\\\/uploads\\\/2025\\\/03\\\/230806DDIMG-2.jpg\",\"width\":563,\"height\":655,\"caption\":\"N\u00e3o insistir e aceitar\"},{\"@type\":\"BreadcrumbList\",\"@id\":\"https:\\\/\\\/gloriadeus.com\\\/home\\\/nao-insistir-e-aceitar\\\/#breadcrumb\",\"itemListElement\":[{\"@type\":\"ListItem\",\"position\":1,\"name\":\"In\u00edcio\",\"item\":\"https:\\\/\\\/gloriadeus.com\\\/home\\\/\"},{\"@type\":\"ListItem\",\"position\":2,\"name\":\"N\u00e3o insistir e aceitar\"}]},{\"@type\":\"WebSite\",\"@id\":\"https:\\\/\\\/gloriadeus.com\\\/home\\\/#website\",\"url\":\"https:\\\/\\\/gloriadeus.com\\\/home\\\/\",\"name\":\"Gloria Deus\",\"description\":\"\u21a8 Deslize para descobrir mais \u21a8\",\"publisher\":{\"@id\":\"https:\\\/\\\/gloriadeus.com\\\/home\\\/#\\\/schema\\\/person\\\/ab2365ca8f87ea38e53ba3c2275e65c4\"},\"alternateName\":\"Muita f\u00e9\",\"potentialAction\":[{\"@type\":\"SearchAction\",\"target\":{\"@type\":\"EntryPoint\",\"urlTemplate\":\"https:\\\/\\\/gloriadeus.com\\\/home\\\/?s={search_term_string}\"},\"query-input\":{\"@type\":\"PropertyValueSpecification\",\"valueRequired\":true,\"valueName\":\"search_term_string\"}}],\"inLanguage\":\"pt-BR\"},{\"@type\":[\"Person\",\"Organization\"],\"@id\":\"https:\\\/\\\/gloriadeus.com\\\/home\\\/#\\\/schema\\\/person\\\/ab2365ca8f87ea38e53ba3c2275e65c4\",\"name\":\"gloriadeus.com\",\"image\":{\"@type\":\"ImageObject\",\"inLanguage\":\"pt-BR\",\"@id\":\"https:\\\/\\\/gloriadeus.com\\\/wp-content\\\/uploads\\\/2024\\\/03\\\/230525DDPNG-21.png\",\"url\":\"https:\\\/\\\/gloriadeus.com\\\/wp-content\\\/uploads\\\/2024\\\/03\\\/230525DDPNG-21.png\",\"contentUrl\":\"https:\\\/\\\/gloriadeus.com\\\/wp-content\\\/uploads\\\/2024\\\/03\\\/230525DDPNG-21.png\",\"width\":220,\"height\":230,\"caption\":\"gloriadeus.com\"},\"logo\":{\"@id\":\"https:\\\/\\\/gloriadeus.com\\\/wp-content\\\/uploads\\\/2024\\\/03\\\/230525DDPNG-21.png\"},\"sameAs\":[\"https:\\\/\\\/gloriadeus.com\"]}]}<\/script>\n<!-- \/ Yoast SEO plugin. -->","yoast_head_json":{"title":"N\u00e3o insistir e aceitar - Gl\u00f3ria Deus","robots":{"index":"index","follow":"follow","max-snippet":"max-snippet:-1","max-image-preview":"max-image-preview:large","max-video-preview":"max-video-preview:-1"},"canonical":"https:\/\/gloriadeus.com\/home\/nao-insistir-e-aceitar\/","og_locale":"pt_BR","og_type":"article","og_title":"N\u00e3o insistir e aceitar - Gl\u00f3ria Deus","og_description":"Aceitar que nem tudo se desenrola da maneira como desejamos \u00e9 uma das li\u00e7\u00f5es mais desafiadoras da vida, e cultivar &hellip;","og_url":"https:\/\/gloriadeus.com\/home\/nao-insistir-e-aceitar\/","og_site_name":"Gl\u00f3ria Deus","article_modified_time":"2026-02-04T13:01:40+00:00","og_image":[{"width":563,"height":655,"url":"https:\/\/gloriadeus.com\/wp-content\/uploads\/2025\/03\/230806DDIMG-2.jpg","type":"image\/jpeg"}],"twitter_card":"summary_large_image","twitter_misc":{"Est. tempo de leitura":"5 minutos"},"schema":{"@context":"https:\/\/schema.org","@graph":[{"@type":"WebPage","@id":"https:\/\/gloriadeus.com\/home\/nao-insistir-e-aceitar\/","url":"https:\/\/gloriadeus.com\/home\/nao-insistir-e-aceitar\/","name":"N\u00e3o insistir e aceitar - Gl\u00f3ria Deus","isPartOf":{"@id":"https:\/\/gloriadeus.com\/home\/#website"},"primaryImageOfPage":{"@id":"https:\/\/gloriadeus.com\/home\/nao-insistir-e-aceitar\/#primaryimage"},"image":{"@id":"https:\/\/gloriadeus.com\/home\/nao-insistir-e-aceitar\/#primaryimage"},"thumbnailUrl":"https:\/\/gloriadeus.com\/wp-content\/uploads\/2025\/03\/230806DDIMG-2.jpg","datePublished":"2026-01-11T11:20:03+00:00","dateModified":"2026-02-04T13:01:40+00:00","breadcrumb":{"@id":"https:\/\/gloriadeus.com\/home\/nao-insistir-e-aceitar\/#breadcrumb"},"inLanguage":"pt-BR","potentialAction":[{"@type":"ReadAction","target":["https:\/\/gloriadeus.com\/home\/nao-insistir-e-aceitar\/"]}]},{"@type":"ImageObject","inLanguage":"pt-BR","@id":"https:\/\/gloriadeus.com\/home\/nao-insistir-e-aceitar\/#primaryimage","url":"https:\/\/gloriadeus.com\/wp-content\/uploads\/2025\/03\/230806DDIMG-2.jpg","contentUrl":"https:\/\/gloriadeus.com\/wp-content\/uploads\/2025\/03\/230806DDIMG-2.jpg","width":563,"height":655,"caption":"N\u00e3o insistir e aceitar"},{"@type":"BreadcrumbList","@id":"https:\/\/gloriadeus.com\/home\/nao-insistir-e-aceitar\/#breadcrumb","itemListElement":[{"@type":"ListItem","position":1,"name":"In\u00edcio","item":"https:\/\/gloriadeus.com\/home\/"},{"@type":"ListItem","position":2,"name":"N\u00e3o insistir e aceitar"}]},{"@type":"WebSite","@id":"https:\/\/gloriadeus.com\/home\/#website","url":"https:\/\/gloriadeus.com\/home\/","name":"Gloria Deus","description":"\u21a8 Deslize para descobrir mais \u21a8","publisher":{"@id":"https:\/\/gloriadeus.com\/home\/#\/schema\/person\/ab2365ca8f87ea38e53ba3c2275e65c4"},"alternateName":"Muita f\u00e9","potentialAction":[{"@type":"SearchAction","target":{"@type":"EntryPoint","urlTemplate":"https:\/\/gloriadeus.com\/home\/?s={search_term_string}"},"query-input":{"@type":"PropertyValueSpecification","valueRequired":true,"valueName":"search_term_string"}}],"inLanguage":"pt-BR"},{"@type":["Person","Organization"],"@id":"https:\/\/gloriadeus.com\/home\/#\/schema\/person\/ab2365ca8f87ea38e53ba3c2275e65c4","name":"gloriadeus.com","image":{"@type":"ImageObject","inLanguage":"pt-BR","@id":"https:\/\/gloriadeus.com\/wp-content\/uploads\/2024\/03\/230525DDPNG-21.png","url":"https:\/\/gloriadeus.com\/wp-content\/uploads\/2024\/03\/230525DDPNG-21.png","contentUrl":"https:\/\/gloriadeus.com\/wp-content\/uploads\/2024\/03\/230525DDPNG-21.png","width":220,"height":230,"caption":"gloriadeus.com"},"logo":{"@id":"https:\/\/gloriadeus.com\/wp-content\/uploads\/2024\/03\/230525DDPNG-21.png"},"sameAs":["https:\/\/gloriadeus.com"]}]}},"_links":{"self":[{"href":"https:\/\/gloriadeus.com\/home\/wp-json\/wp\/v2\/pages\/5170","targetHints":{"allow":["GET"]}}],"collection":[{"href":"https:\/\/gloriadeus.com\/home\/wp-json\/wp\/v2\/pages"}],"about":[{"href":"https:\/\/gloriadeus.com\/home\/wp-json\/wp\/v2\/types\/page"}],"author":[{"embeddable":true,"href":"https:\/\/gloriadeus.com\/home\/wp-json\/wp\/v2\/users\/1"}],"replies":[{"embeddable":true,"href":"https:\/\/gloriadeus.com\/home\/wp-json\/wp\/v2\/comments?post=5170"}],"version-history":[{"count":6,"href":"https:\/\/gloriadeus.com\/home\/wp-json\/wp\/v2\/pages\/5170\/revisions"}],"predecessor-version":[{"id":10317,"href":"https:\/\/gloriadeus.com\/home\/wp-json\/wp\/v2\/pages\/5170\/revisions\/10317"}],"wp:featuredmedia":[{"embeddable":true,"href":"https:\/\/gloriadeus.com\/home\/wp-json\/wp\/v2\/media\/5171"}],"wp:attachment":[{"href":"https:\/\/gloriadeus.com\/home\/wp-json\/wp\/v2\/media?parent=5170"}],"curies":[{"name":"wp","href":"https:\/\/api.w.org\/{rel}","templated":true}]}}