{"id":5162,"date":"2026-01-10T16:50:26","date_gmt":"2026-01-10T19:50:26","guid":{"rendered":"https:\/\/gloriadeus.com\/?page_id=5162"},"modified":"2026-04-30T19:31:28","modified_gmt":"2026-04-30T22:31:28","slug":"respeito-e-sinal-de-educacao-o-que-nos-direciona-ao-sucesso","status":"publish","type":"page","link":"https:\/\/gloriadeus.com\/home\/respeito-e-sinal-de-educacao-o-que-nos-direciona-ao-sucesso\/","title":{"rendered":"Respeito \u00e9 sinal de educa\u00e7\u00e3o, o que nos direciona ao sucesso"},"content":{"rendered":"<!-- subtitulo, palavra e paragrafo ok -->\r\n\r\n\r\n<figure class=\"wp-lightbox-container\" data-wp-context=\"{&quot;imageId&quot;:&quot;69fa363fad017&quot;}\" data-wp-interactive=\"core\/image\" data-wp-key=\"69fa363fad017\">O respeito \u00e9, sem d\u00favida, um dos pilares fundamentais que sustentam a conviv\u00eancia harmoniosa em sociedade e, ao mesmo tempo, se revela como um sinal claro de educa\u00e7\u00e3o, um tra\u00e7o que pode ser um diferencial significativo para o sucesso em diversas \u00e1reas da vida.\u00a0<\/figure>\r\n<figure class=\"wp-block-image size-large is-resized\"><img loading=\"lazy\" decoding=\"async\" width=\"563\" height=\"696\" data-wp-class--hide=\"state.isContentHidden\" data-wp-class--show=\"state.isContentVisible\" data-wp-init=\"callbacks.setButtonStyles\" data-wp-on--click=\"actions.showLightbox\" data-wp-on--load=\"callbacks.setButtonStyles\" data-wp-on-window--resize=\"callbacks.setButtonStyles\" class=\"wp-image-5166\" style=\"width: 313px; height: auto;\" src=\"https:\/\/gloriadeus.com\/wp-content\/uploads\/2025\/03\/230806DDIMG-3.jpg\" alt=\"Respeito \u00e9 sinal de educa\u00e7\u00e3o, o que nos direciona ao sucesso\" srcset=\"https:\/\/gloriadeus.com\/wp-content\/uploads\/2025\/03\/230806DDIMG-3.jpg 563w, https:\/\/gloriadeus.com\/wp-content\/uploads\/2025\/03\/230806DDIMG-3-243x300.jpg 243w\" sizes=\"auto, (max-width: 563px) 100vw, 563px\" \/><button\n\t\t\tclass=\"lightbox-trigger\"\n\t\t\ttype=\"button\"\n\t\t\taria-haspopup=\"dialog\"\n\t\t\taria-label=\"Ampliar\"\n\t\t\tdata-wp-init=\"callbacks.initTriggerButton\"\n\t\t\tdata-wp-on--click=\"actions.showLightbox\"\n\t\t\tdata-wp-style--right=\"state.imageButtonRight\"\n\t\t\tdata-wp-style--top=\"state.imageButtonTop\"\n\t\t>\n\t\t\t<svg xmlns=\"http:\/\/www.w3.org\/2000\/svg\" width=\"12\" height=\"12\" fill=\"none\" viewBox=\"0 0 12 12\">\n\t\t\t\t<path fill=\"#fff\" d=\"M2 0a2 2 0 0 0-2 2v2h1.5V2a.5.5 0 0 1 .5-.5h2V0H2Zm2 10.5H2a.5.5 0 0 1-.5-.5V8H0v2a2 2 0 0 0 2 2h2v-1.5ZM8 12v-1.5h2a.5.5 0 0 0 .5-.5V8H12v2a2 2 0 0 1-2 2H8Zm2-12a2 2 0 0 1 2 2v2h-1.5V2a.5.5 0 0 0-.5-.5H8V0h2Z\" \/>\n\t\t\t<\/svg>\n\t\t<\/button><\/figure>\r\n\r\n\r\n\r\n<p>Quando tratamos os outros com respeito, mostramos que reconhecemos sua dignidade, suas opini\u00f5es e suas emo\u00e7\u00f5es, criando um ambiente prop\u00edcio para o di\u00e1logo e para a colabora\u00e7\u00e3o.\u00a0Este reconhecimento n\u00e3o se restringe apenas ao conv\u00edvio di\u00e1rio, mas se estende a rela\u00e7\u00f5es profissionais, acad\u00eamicas e pessoais, onde a forma como nos comunicamos e interagimos pode influenciar drasticamente os resultados esperados.\u00a0<\/p>\r\n<h2>Respeite ideias alheias\u00a0<\/h2>\r\n<p>Ao respeitar as ideias e as perspectivas alheias, abrimos espa\u00e7o para o aprendizado e para o crescimento m\u00fatuo, caracter\u00edsticas essenciais em um mundo cada vez mais globalizado e interconectado. Sabe-se que o respeito \u00e9 um reflexo de autocontrole e empatia, atributos que s\u00e3o altamente valorizados em ambientes de trabalho, onde equipes diversificadas e multifuncionais s\u00e3o comuns.\u00a0<\/p>\r\n\r\n\r\n\r\n<figure data-wp-context=\"{&quot;imageId&quot;:&quot;69fa363fad434&quot;}\" data-wp-interactive=\"core\/image\" data-wp-key=\"69fa363fad434\" class=\"wp-block-image size-large is-resized wp-lightbox-container\"><img loading=\"lazy\" decoding=\"async\" width=\"563\" height=\"800\" data-wp-class--hide=\"state.isContentHidden\" data-wp-class--show=\"state.isContentVisible\" data-wp-init=\"callbacks.setButtonStyles\" data-wp-on--click=\"actions.showLightbox\" data-wp-on--load=\"callbacks.setButtonStyles\" data-wp-on-window--resize=\"callbacks.setButtonStyles\" class=\"wp-image-5164\" style=\"width: 274px; height: auto;\" src=\"https:\/\/gloriadeus.com\/wp-content\/uploads\/2025\/03\/230806DDIMG-4.jpg\" alt=\"Respeito \u00e9 sinal de educa\u00e7\u00e3o, o que nos direciona ao sucesso\" srcset=\"https:\/\/gloriadeus.com\/wp-content\/uploads\/2025\/03\/230806DDIMG-4.jpg 563w, https:\/\/gloriadeus.com\/wp-content\/uploads\/2025\/03\/230806DDIMG-4-211x300.jpg 211w\" sizes=\"auto, (max-width: 563px) 100vw, 563px\" \/><button\n\t\t\tclass=\"lightbox-trigger\"\n\t\t\ttype=\"button\"\n\t\t\taria-haspopup=\"dialog\"\n\t\t\taria-label=\"Ampliar\"\n\t\t\tdata-wp-init=\"callbacks.initTriggerButton\"\n\t\t\tdata-wp-on--click=\"actions.showLightbox\"\n\t\t\tdata-wp-style--right=\"state.imageButtonRight\"\n\t\t\tdata-wp-style--top=\"state.imageButtonTop\"\n\t\t>\n\t\t\t<svg xmlns=\"http:\/\/www.w3.org\/2000\/svg\" width=\"12\" height=\"12\" fill=\"none\" viewBox=\"0 0 12 12\">\n\t\t\t\t<path fill=\"#fff\" d=\"M2 0a2 2 0 0 0-2 2v2h1.5V2a.5.5 0 0 1 .5-.5h2V0H2Zm2 10.5H2a.5.5 0 0 1-.5-.5V8H0v2a2 2 0 0 0 2 2h2v-1.5ZM8 12v-1.5h2a.5.5 0 0 0 .5-.5V8H12v2a2 2 0 0 1-2 2H8Zm2-12a2 2 0 0 1 2 2v2h-1.5V2a.5.5 0 0 0-.5-.5H8V0h2Z\" \/>\n\t\t\t<\/svg>\n\t\t<\/button>\u00a0<\/figure>\r\n<p>A habilidade de ouvir e considerar as contribui\u00e7\u00f5es de cada membro da equipe, independentemente do cargo ou da experi\u00eancia, n\u00e3o s\u00f3 fortalece os la\u00e7os interpessoais, mas tamb\u00e9m estimula a inova\u00e7\u00e3o e a criatividade.\u00a0Quando as pessoas sentem que suas vozes s\u00e3o ouvidas e valorizadas, elas se tornam mais engajadas e motivadas, o que, por sua vez, impacta positivamente na produtividade e nos resultados da equipe.\u00a0<\/p>\r\n<p>Cultivar o respeito nas intera\u00e7\u00f5es cotidianas \u00e9 um investimento que pode resultar em oportunidades de sucesso, seja em forma de parcerias, promo\u00e7\u00f5es ou projetos bem-sucedidos. A falta de respeito pode levar ao conflito, \u00e0 desmotiva\u00e7\u00e3o e at\u00e9 mesmo \u00e0 perda de talentos, uma vez que ambientes hostis s\u00e3o menos prop\u00edcios ao desenvolvimento de habilidades e \u00e0 realiza\u00e7\u00e3o de objetivos pessoais e coletivos.\u00a0<\/p>\r\n<h2>Educar respeitando\u00a0<\/h2>\r\n<p>A educa\u00e7\u00e3o, portanto, n\u00e3o se limita ao ensino formal, mas se expressa nas atitudes e no comportamento de cada indiv\u00edduo. Ser educado \u00e9, em sua ess\u00eancia, manter uma postura de respeito diante das diferen\u00e7as e saber lidar com elas de maneira construtiva. Isso se torna ainda mais relevante em um mundo onde a diversidade \u00e9 uma caracter\u00edstica cada vez mais presente.\u00a0<\/p>\r\n\r\n\r\n\r\n<figure data-wp-context=\"{&quot;imageId&quot;:&quot;69fa363fad7a7&quot;}\" data-wp-interactive=\"core\/image\" data-wp-key=\"69fa363fad7a7\" class=\"wp-block-image size-large is-resized wp-lightbox-container\"><img loading=\"lazy\" decoding=\"async\" width=\"474\" height=\"544\" data-wp-class--hide=\"state.isContentHidden\" data-wp-class--show=\"state.isContentVisible\" data-wp-init=\"callbacks.setButtonStyles\" data-wp-on--click=\"actions.showLightbox\" data-wp-on--load=\"callbacks.setButtonStyles\" data-wp-on-window--resize=\"callbacks.setButtonStyles\" class=\"wp-image-5165\" style=\"width: 363px; height: auto;\" src=\"https:\/\/gloriadeus.com\/wp-content\/uploads\/2025\/03\/250106AMDIMG01.jpg\" alt=\"Respeito \u00e9 sinal de educa\u00e7\u00e3o, o que nos direciona ao sucesso\" srcset=\"https:\/\/gloriadeus.com\/wp-content\/uploads\/2025\/03\/250106AMDIMG01.jpg 474w, https:\/\/gloriadeus.com\/wp-content\/uploads\/2025\/03\/250106AMDIMG01-261x300.jpg 261w\" sizes=\"auto, (max-width: 474px) 100vw, 474px\" \/><button\n\t\t\tclass=\"lightbox-trigger\"\n\t\t\ttype=\"button\"\n\t\t\taria-haspopup=\"dialog\"\n\t\t\taria-label=\"Ampliar\"\n\t\t\tdata-wp-init=\"callbacks.initTriggerButton\"\n\t\t\tdata-wp-on--click=\"actions.showLightbox\"\n\t\t\tdata-wp-style--right=\"state.imageButtonRight\"\n\t\t\tdata-wp-style--top=\"state.imageButtonTop\"\n\t\t>\n\t\t\t<svg xmlns=\"http:\/\/www.w3.org\/2000\/svg\" width=\"12\" height=\"12\" fill=\"none\" viewBox=\"0 0 12 12\">\n\t\t\t\t<path fill=\"#fff\" d=\"M2 0a2 2 0 0 0-2 2v2h1.5V2a.5.5 0 0 1 .5-.5h2V0H2Zm2 10.5H2a.5.5 0 0 1-.5-.5V8H0v2a2 2 0 0 0 2 2h2v-1.5ZM8 12v-1.5h2a.5.5 0 0 0 .5-.5V8H12v2a2 2 0 0 1-2 2H8Zm2-12a2 2 0 0 1 2 2v2h-1.5V2a.5.5 0 0 0-.5-.5H8V0h2Z\" \/>\n\t\t\t<\/svg>\n\t\t<\/button>\u00a0<\/figure>\r\n<p>A diferen\u00e7a de opini\u00f5es, de culturas e de experi\u00eancias pode ser uma fonte rica de aprendizado, mas isso s\u00f3 ocorre quando h\u00e1 uma base s\u00f3lida de respeito que permita que essas diferen\u00e7as sejam exploradas de maneira positiva.<\/p>\r\n<p>Entende-se que o respeito como sinal de educa\u00e7\u00e3o \u00e9 uma habilidade-chave que nos direciona ao sucesso, pois estabelece as bases para intera\u00e7\u00f5es saud\u00e1veis, promove um ambiente de trabalho positivo e incentiva o desenvolvimento pessoal e profissional.\u00a0<\/p>\r\n<h2>Sejamos vidas dignas de respeito\u00a0<\/h2>\r\n<p>Independentemente do contexto, manter uma abordagem respeitosa em nossas rela\u00e7\u00f5es di\u00e1rias \u00e9 um passo fundamental para cultivar um futuro mais promissor e satisfat\u00f3rio, tanto para n\u00f3s mesmos quanto para os que nos cercam.<\/p>\r\n<p><img loading=\"lazy\" decoding=\"async\" width=\"474\" height=\"544\" data-wp-class--hide=\"state.isContentHidden\" data-wp-class--show=\"state.isContentVisible\" data-wp-init=\"callbacks.setButtonStyles\" data-wp-on--click=\"actions.showLightbox\" data-wp-on--load=\"callbacks.setButtonStyles\" data-wp-on-window--resize=\"callbacks.setButtonStyles\" class=\"wp-image-5165\" style=\"width: 363px; height: auto;\" src=\"https:\/\/gloriadeus.com\/wp-content\/uploads\/2025\/03\/250106AMDIMG01.jpg\" alt=\"Respeito \u00e9 sinal de educa\u00e7\u00e3o, o que nos direciona ao sucesso\" srcset=\"https:\/\/gloriadeus.com\/wp-content\/uploads\/2025\/03\/250106AMDIMG01.jpg 474w, https:\/\/gloriadeus.com\/wp-content\/uploads\/2025\/03\/250106AMDIMG01-261x300.jpg 261w\" sizes=\"auto, (max-width: 474px) 100vw, 474px\" \/><button\n\t\t\tclass=\"lightbox-trigger\"\n\t\t\ttype=\"button\"\n\t\t\taria-haspopup=\"dialog\"\n\t\t\taria-label=\"Ampliar\"\n\t\t\tdata-wp-init=\"callbacks.initTriggerButton\"\n\t\t\tdata-wp-on--click=\"actions.showLightbox\"\n\t\t\tdata-wp-style--right=\"state.imageButtonRight\"\n\t\t\tdata-wp-style--top=\"state.imageButtonTop\"\n\t\t>\n\t\t\t<svg xmlns=\"http:\/\/www.w3.org\/2000\/svg\" width=\"12\" height=\"12\" fill=\"none\" viewBox=\"0 0 12 12\">\n\t\t\t\t<path fill=\"#fff\" d=\"M2 0a2 2 0 0 0-2 2v2h1.5V2a.5.5 0 0 1 .5-.5h2V0H2Zm2 10.5H2a.5.5 0 0 1-.5-.5V8H0v2a2 2 0 0 0 2 2h2v-1.5ZM8 12v-1.5h2a.5.5 0 0 0 .5-.5V8H12v2a2 2 0 0 1-2 2H8Zm2-12a2 2 0 0 1 2 2v2h-1.5V2a.5.5 0 0 0-.5-.5H8V0h2Z\" \/>\n\t\t\t<\/svg>\n\t\t<\/button>\u00a0<\/p>\r\n<p>Sejamos sempre agentes da mudan\u00e7a, disseminando o respeito em nossas atitudes e fortalecendo essa virtude que, afinal, \u00e9 o verdadeiro alicerce de qualquer sociedade que aspire ao progresso e ao bem-estar coletivo. Sabe-se que o sucesso n\u00e3o \u00e9 apenas uma quest\u00e3o de conquistas individuais, mas envolve a capacidade de construir la\u00e7os significativos e respeitosos que nos ajudem a alcan\u00e7ar objetivos maiores e mais duradouros.<\/p>\r\n<p>Ao adotar uma postura respeitosa, estamos n\u00e3o apenas moldando nosso car\u00e1ter, mas tamb\u00e9m influenciando positivamente o ambiente ao nosso redor, criando um ciclo virtuoso que beneficia a todos.\u00a0<\/p>\r\n<h2>Invista em oportunidades respeitosas\u00a0<\/h2>\r\n<p>Que possamos sempre lembrar que o respeito \u00e9 um investimento que colhemos em forma de oportunidades e conquistas, sendo essencial para uma vida plena e realizada.\u00a0O respeito deve ser visto como um compromisso di\u00e1rio, uma pr\u00e1tica que se aprimora com o tempo e a experi\u00eancia.\u00a0<\/p>\r\n<p>\r\n\r\n\r\n\r\n\r\n\r\n","protected":false},"excerpt":{"rendered":"<p>Quando tratamos os outros com respeito, mostramos que reconhecemos sua dignidade, suas opini\u00f5es e suas emo\u00e7\u00f5es, criando um ambiente prop\u00edcio &hellip; <\/p>\n","protected":false},"author":1,"featured_media":5166,"parent":0,"menu_order":0,"comment_status":"open","ping_status":"closed","template":"","meta":{"_uf_show_specific_survey":0,"_uf_disable_surveys":false,"footnotes":""},"class_list":["post-5162","page","type-page","status-publish","has-post-thumbnail","hentry"],"yoast_head":"<!-- This site is optimized with the Yoast SEO plugin v27.5 - https:\/\/yoast.com\/product\/yoast-seo-wordpress\/ -->\n<title>Respeito \u00e9 sinal de educa\u00e7\u00e3o, o que nos direciona ao sucesso - Gl\u00f3ria Deus<\/title>\n<meta name=\"robots\" content=\"index, follow, max-snippet:-1, max-image-preview:large, max-video-preview:-1\" \/>\n<link rel=\"canonical\" href=\"https:\/\/gloriadeus.com\/home\/respeito-e-sinal-de-educacao-o-que-nos-direciona-ao-sucesso\/\" \/>\n<meta property=\"og:locale\" content=\"pt_BR\" \/>\n<meta property=\"og:type\" content=\"article\" \/>\n<meta property=\"og:title\" content=\"Respeito \u00e9 sinal de educa\u00e7\u00e3o, o que nos direciona ao sucesso - Gl\u00f3ria Deus\" \/>\n<meta property=\"og:description\" content=\"Quando tratamos os outros com respeito, mostramos que reconhecemos sua dignidade, suas opini\u00f5es e suas emo\u00e7\u00f5es, criando um ambiente prop\u00edcio &hellip;\" \/>\n<meta property=\"og:url\" content=\"https:\/\/gloriadeus.com\/home\/respeito-e-sinal-de-educacao-o-que-nos-direciona-ao-sucesso\/\" \/>\n<meta property=\"og:site_name\" content=\"Gl\u00f3ria Deus\" \/>\n<meta property=\"article:modified_time\" content=\"2026-04-30T22:31:28+00:00\" \/>\n<meta property=\"og:image\" content=\"https:\/\/gloriadeus.com\/wp-content\/uploads\/2025\/03\/230806DDIMG-3.jpg\" \/>\n\t<meta property=\"og:image:width\" content=\"563\" \/>\n\t<meta property=\"og:image:height\" content=\"696\" \/>\n\t<meta property=\"og:image:type\" content=\"image\/jpeg\" \/>\n<meta name=\"twitter:card\" content=\"summary_large_image\" \/>\n<meta name=\"twitter:label1\" content=\"Est. tempo de leitura\" \/>\n\t<meta name=\"twitter:data1\" content=\"5 minutos\" \/>\n<script type=\"application\/ld+json\" class=\"yoast-schema-graph\">{\"@context\":\"https:\\\/\\\/schema.org\",\"@graph\":[{\"@type\":\"WebPage\",\"@id\":\"https:\\\/\\\/gloriadeus.com\\\/home\\\/respeito-e-sinal-de-educacao-o-que-nos-direciona-ao-sucesso\\\/\",\"url\":\"https:\\\/\\\/gloriadeus.com\\\/home\\\/respeito-e-sinal-de-educacao-o-que-nos-direciona-ao-sucesso\\\/\",\"name\":\"Respeito \u00e9 sinal de educa\u00e7\u00e3o, o que nos direciona ao sucesso - Gl\u00f3ria Deus\",\"isPartOf\":{\"@id\":\"https:\\\/\\\/gloriadeus.com\\\/home\\\/#website\"},\"primaryImageOfPage\":{\"@id\":\"https:\\\/\\\/gloriadeus.com\\\/home\\\/respeito-e-sinal-de-educacao-o-que-nos-direciona-ao-sucesso\\\/#primaryimage\"},\"image\":{\"@id\":\"https:\\\/\\\/gloriadeus.com\\\/home\\\/respeito-e-sinal-de-educacao-o-que-nos-direciona-ao-sucesso\\\/#primaryimage\"},\"thumbnailUrl\":\"https:\\\/\\\/gloriadeus.com\\\/wp-content\\\/uploads\\\/2025\\\/03\\\/230806DDIMG-3.jpg\",\"datePublished\":\"2026-01-10T19:50:26+00:00\",\"dateModified\":\"2026-04-30T22:31:28+00:00\",\"breadcrumb\":{\"@id\":\"https:\\\/\\\/gloriadeus.com\\\/home\\\/respeito-e-sinal-de-educacao-o-que-nos-direciona-ao-sucesso\\\/#breadcrumb\"},\"inLanguage\":\"pt-BR\",\"potentialAction\":[{\"@type\":\"ReadAction\",\"target\":[\"https:\\\/\\\/gloriadeus.com\\\/home\\\/respeito-e-sinal-de-educacao-o-que-nos-direciona-ao-sucesso\\\/\"]}]},{\"@type\":\"ImageObject\",\"inLanguage\":\"pt-BR\",\"@id\":\"https:\\\/\\\/gloriadeus.com\\\/home\\\/respeito-e-sinal-de-educacao-o-que-nos-direciona-ao-sucesso\\\/#primaryimage\",\"url\":\"https:\\\/\\\/gloriadeus.com\\\/wp-content\\\/uploads\\\/2025\\\/03\\\/230806DDIMG-3.jpg\",\"contentUrl\":\"https:\\\/\\\/gloriadeus.com\\\/wp-content\\\/uploads\\\/2025\\\/03\\\/230806DDIMG-3.jpg\",\"width\":563,\"height\":696,\"caption\":\"Respeito \u00e9 sinal de educa\u00e7\u00e3o, o que nos direciona ao sucesso\"},{\"@type\":\"BreadcrumbList\",\"@id\":\"https:\\\/\\\/gloriadeus.com\\\/home\\\/respeito-e-sinal-de-educacao-o-que-nos-direciona-ao-sucesso\\\/#breadcrumb\",\"itemListElement\":[{\"@type\":\"ListItem\",\"position\":1,\"name\":\"In\u00edcio\",\"item\":\"https:\\\/\\\/gloriadeus.com\\\/home\\\/\"},{\"@type\":\"ListItem\",\"position\":2,\"name\":\"Respeito \u00e9 sinal de educa\u00e7\u00e3o, o que nos direciona ao sucesso\"}]},{\"@type\":\"WebSite\",\"@id\":\"https:\\\/\\\/gloriadeus.com\\\/home\\\/#website\",\"url\":\"https:\\\/\\\/gloriadeus.com\\\/home\\\/\",\"name\":\"Gloria Deus\",\"description\":\"\u21a8 Deslize para descobrir mais \u21a8\",\"publisher\":{\"@id\":\"https:\\\/\\\/gloriadeus.com\\\/home\\\/#\\\/schema\\\/person\\\/ab2365ca8f87ea38e53ba3c2275e65c4\"},\"alternateName\":\"Muita f\u00e9\",\"potentialAction\":[{\"@type\":\"SearchAction\",\"target\":{\"@type\":\"EntryPoint\",\"urlTemplate\":\"https:\\\/\\\/gloriadeus.com\\\/home\\\/?s={search_term_string}\"},\"query-input\":{\"@type\":\"PropertyValueSpecification\",\"valueRequired\":true,\"valueName\":\"search_term_string\"}}],\"inLanguage\":\"pt-BR\"},{\"@type\":[\"Person\",\"Organization\"],\"@id\":\"https:\\\/\\\/gloriadeus.com\\\/home\\\/#\\\/schema\\\/person\\\/ab2365ca8f87ea38e53ba3c2275e65c4\",\"name\":\"gloriadeus.com\",\"image\":{\"@type\":\"ImageObject\",\"inLanguage\":\"pt-BR\",\"@id\":\"https:\\\/\\\/gloriadeus.com\\\/wp-content\\\/uploads\\\/2024\\\/03\\\/230525DDPNG-21.png\",\"url\":\"https:\\\/\\\/gloriadeus.com\\\/wp-content\\\/uploads\\\/2024\\\/03\\\/230525DDPNG-21.png\",\"contentUrl\":\"https:\\\/\\\/gloriadeus.com\\\/wp-content\\\/uploads\\\/2024\\\/03\\\/230525DDPNG-21.png\",\"width\":220,\"height\":230,\"caption\":\"gloriadeus.com\"},\"logo\":{\"@id\":\"https:\\\/\\\/gloriadeus.com\\\/wp-content\\\/uploads\\\/2024\\\/03\\\/230525DDPNG-21.png\"},\"sameAs\":[\"https:\\\/\\\/gloriadeus.com\"]}]}<\/script>\n<!-- \/ Yoast SEO plugin. -->","yoast_head_json":{"title":"Respeito \u00e9 sinal de educa\u00e7\u00e3o, o que nos direciona ao sucesso - Gl\u00f3ria Deus","robots":{"index":"index","follow":"follow","max-snippet":"max-snippet:-1","max-image-preview":"max-image-preview:large","max-video-preview":"max-video-preview:-1"},"canonical":"https:\/\/gloriadeus.com\/home\/respeito-e-sinal-de-educacao-o-que-nos-direciona-ao-sucesso\/","og_locale":"pt_BR","og_type":"article","og_title":"Respeito \u00e9 sinal de educa\u00e7\u00e3o, o que nos direciona ao sucesso - Gl\u00f3ria Deus","og_description":"Quando tratamos os outros com respeito, mostramos que reconhecemos sua dignidade, suas opini\u00f5es e suas emo\u00e7\u00f5es, criando um ambiente prop\u00edcio &hellip;","og_url":"https:\/\/gloriadeus.com\/home\/respeito-e-sinal-de-educacao-o-que-nos-direciona-ao-sucesso\/","og_site_name":"Gl\u00f3ria Deus","article_modified_time":"2026-04-30T22:31:28+00:00","og_image":[{"width":563,"height":696,"url":"https:\/\/gloriadeus.com\/wp-content\/uploads\/2025\/03\/230806DDIMG-3.jpg","type":"image\/jpeg"}],"twitter_card":"summary_large_image","twitter_misc":{"Est. tempo de leitura":"5 minutos"},"schema":{"@context":"https:\/\/schema.org","@graph":[{"@type":"WebPage","@id":"https:\/\/gloriadeus.com\/home\/respeito-e-sinal-de-educacao-o-que-nos-direciona-ao-sucesso\/","url":"https:\/\/gloriadeus.com\/home\/respeito-e-sinal-de-educacao-o-que-nos-direciona-ao-sucesso\/","name":"Respeito \u00e9 sinal de educa\u00e7\u00e3o, o que nos direciona ao sucesso - Gl\u00f3ria Deus","isPartOf":{"@id":"https:\/\/gloriadeus.com\/home\/#website"},"primaryImageOfPage":{"@id":"https:\/\/gloriadeus.com\/home\/respeito-e-sinal-de-educacao-o-que-nos-direciona-ao-sucesso\/#primaryimage"},"image":{"@id":"https:\/\/gloriadeus.com\/home\/respeito-e-sinal-de-educacao-o-que-nos-direciona-ao-sucesso\/#primaryimage"},"thumbnailUrl":"https:\/\/gloriadeus.com\/wp-content\/uploads\/2025\/03\/230806DDIMG-3.jpg","datePublished":"2026-01-10T19:50:26+00:00","dateModified":"2026-04-30T22:31:28+00:00","breadcrumb":{"@id":"https:\/\/gloriadeus.com\/home\/respeito-e-sinal-de-educacao-o-que-nos-direciona-ao-sucesso\/#breadcrumb"},"inLanguage":"pt-BR","potentialAction":[{"@type":"ReadAction","target":["https:\/\/gloriadeus.com\/home\/respeito-e-sinal-de-educacao-o-que-nos-direciona-ao-sucesso\/"]}]},{"@type":"ImageObject","inLanguage":"pt-BR","@id":"https:\/\/gloriadeus.com\/home\/respeito-e-sinal-de-educacao-o-que-nos-direciona-ao-sucesso\/#primaryimage","url":"https:\/\/gloriadeus.com\/wp-content\/uploads\/2025\/03\/230806DDIMG-3.jpg","contentUrl":"https:\/\/gloriadeus.com\/wp-content\/uploads\/2025\/03\/230806DDIMG-3.jpg","width":563,"height":696,"caption":"Respeito \u00e9 sinal de educa\u00e7\u00e3o, o que nos direciona ao sucesso"},{"@type":"BreadcrumbList","@id":"https:\/\/gloriadeus.com\/home\/respeito-e-sinal-de-educacao-o-que-nos-direciona-ao-sucesso\/#breadcrumb","itemListElement":[{"@type":"ListItem","position":1,"name":"In\u00edcio","item":"https:\/\/gloriadeus.com\/home\/"},{"@type":"ListItem","position":2,"name":"Respeito \u00e9 sinal de educa\u00e7\u00e3o, o que nos direciona ao sucesso"}]},{"@type":"WebSite","@id":"https:\/\/gloriadeus.com\/home\/#website","url":"https:\/\/gloriadeus.com\/home\/","name":"Gloria Deus","description":"\u21a8 Deslize para descobrir mais \u21a8","publisher":{"@id":"https:\/\/gloriadeus.com\/home\/#\/schema\/person\/ab2365ca8f87ea38e53ba3c2275e65c4"},"alternateName":"Muita f\u00e9","potentialAction":[{"@type":"SearchAction","target":{"@type":"EntryPoint","urlTemplate":"https:\/\/gloriadeus.com\/home\/?s={search_term_string}"},"query-input":{"@type":"PropertyValueSpecification","valueRequired":true,"valueName":"search_term_string"}}],"inLanguage":"pt-BR"},{"@type":["Person","Organization"],"@id":"https:\/\/gloriadeus.com\/home\/#\/schema\/person\/ab2365ca8f87ea38e53ba3c2275e65c4","name":"gloriadeus.com","image":{"@type":"ImageObject","inLanguage":"pt-BR","@id":"https:\/\/gloriadeus.com\/wp-content\/uploads\/2024\/03\/230525DDPNG-21.png","url":"https:\/\/gloriadeus.com\/wp-content\/uploads\/2024\/03\/230525DDPNG-21.png","contentUrl":"https:\/\/gloriadeus.com\/wp-content\/uploads\/2024\/03\/230525DDPNG-21.png","width":220,"height":230,"caption":"gloriadeus.com"},"logo":{"@id":"https:\/\/gloriadeus.com\/wp-content\/uploads\/2024\/03\/230525DDPNG-21.png"},"sameAs":["https:\/\/gloriadeus.com"]}]}},"_links":{"self":[{"href":"https:\/\/gloriadeus.com\/home\/wp-json\/wp\/v2\/pages\/5162","targetHints":{"allow":["GET"]}}],"collection":[{"href":"https:\/\/gloriadeus.com\/home\/wp-json\/wp\/v2\/pages"}],"about":[{"href":"https:\/\/gloriadeus.com\/home\/wp-json\/wp\/v2\/types\/page"}],"author":[{"embeddable":true,"href":"https:\/\/gloriadeus.com\/home\/wp-json\/wp\/v2\/users\/1"}],"replies":[{"embeddable":true,"href":"https:\/\/gloriadeus.com\/home\/wp-json\/wp\/v2\/comments?post=5162"}],"version-history":[{"count":11,"href":"https:\/\/gloriadeus.com\/home\/wp-json\/wp\/v2\/pages\/5162\/revisions"}],"predecessor-version":[{"id":11695,"href":"https:\/\/gloriadeus.com\/home\/wp-json\/wp\/v2\/pages\/5162\/revisions\/11695"}],"wp:featuredmedia":[{"embeddable":true,"href":"https:\/\/gloriadeus.com\/home\/wp-json\/wp\/v2\/media\/5166"}],"wp:attachment":[{"href":"https:\/\/gloriadeus.com\/home\/wp-json\/wp\/v2\/media?parent=5162"}],"curies":[{"name":"wp","href":"https:\/\/api.w.org\/{rel}","templated":true}]}}