{"id":5152,"date":"2026-01-10T15:50:27","date_gmt":"2026-01-10T18:50:27","guid":{"rendered":"https:\/\/gloriadeus.com\/?page_id=5152"},"modified":"2026-02-07T14:24:10","modified_gmt":"2026-02-07T17:24:10","slug":"algumas-reflexoes-importantes-que-me-ajudaram-a-mudar","status":"publish","type":"page","link":"https:\/\/gloriadeus.com\/home\/algumas-reflexoes-importantes-que-me-ajudaram-a-mudar\/","title":{"rendered":"Algumas reflex\u00f5es importantes que me ajudaram a mudar"},"content":{"rendered":"<!-- subtitulo, palavra, paragrafo ok -->\r\n\r\n<figure data-wp-context=\"{&quot;imageId&quot;:&quot;69fa363694f14&quot;}\" data-wp-interactive=\"core\/image\" data-wp-key=\"69fa363694f14\" class=\"wp-block-image size-large wp-lightbox-container\"><img loading=\"lazy\" decoding=\"async\" width=\"230\" height=\"390\" data-wp-class--hide=\"state.isContentHidden\" data-wp-class--show=\"state.isContentVisible\" data-wp-init=\"callbacks.setButtonStyles\" data-wp-on--click=\"actions.showLightbox\" data-wp-on--load=\"callbacks.setButtonStyles\" data-wp-on-window--resize=\"callbacks.setButtonStyles\" class=\"wp-image-5153\" src=\"https:\/\/gloriadeus.com\/wp-content\/uploads\/2025\/03\/241108AMDIMG03.jpg\" alt=\"Algumas reflex\u00f5es importantes que me ajudaram a mudar\" srcset=\"https:\/\/gloriadeus.com\/wp-content\/uploads\/2025\/03\/241108AMDIMG03.jpg 230w, https:\/\/gloriadeus.com\/wp-content\/uploads\/2025\/03\/241108AMDIMG03-177x300.jpg 177w\" sizes=\"auto, (max-width: 230px) 100vw, 230px\" \/><button\n\t\t\tclass=\"lightbox-trigger\"\n\t\t\ttype=\"button\"\n\t\t\taria-haspopup=\"dialog\"\n\t\t\taria-label=\"Ampliar\"\n\t\t\tdata-wp-init=\"callbacks.initTriggerButton\"\n\t\t\tdata-wp-on--click=\"actions.showLightbox\"\n\t\t\tdata-wp-style--right=\"state.imageButtonRight\"\n\t\t\tdata-wp-style--top=\"state.imageButtonTop\"\n\t\t>\n\t\t\t<svg xmlns=\"http:\/\/www.w3.org\/2000\/svg\" width=\"12\" height=\"12\" fill=\"none\" viewBox=\"0 0 12 12\">\n\t\t\t\t<path fill=\"#fff\" d=\"M2 0a2 2 0 0 0-2 2v2h1.5V2a.5.5 0 0 1 .5-.5h2V0H2Zm2 10.5H2a.5.5 0 0 1-.5-.5V8H0v2a2 2 0 0 0 2 2h2v-1.5ZM8 12v-1.5h2a.5.5 0 0 0 .5-.5V8H12v2a2 2 0 0 1-2 2H8Zm2-12a2 2 0 0 1 2 2v2h-1.5V2a.5.5 0 0 0-.5-.5H8V0h2Z\" \/>\n\t\t\t<\/svg>\n\t\t<\/button><\/figure>\r\n\r\n\r\n\r\n<p>A amiga da minha prima me chamou discretamente e me questionou por que eu estava usando a mesma roupa.\u00a0Perceber que a mudan\u00e7a \u00e9 um processo cont\u00ednuo me motivou a nunca desistir. Cada reflex\u00e3o e aprendizado contribu\u00edram para minha evolu\u00e7\u00e3o constante.<\/p>\r\n<p>Essa mentalidade de crescimento me ajudou a superar momentos dif\u00edceis, a celebrar pequenas vit\u00f3rias e a manter o foco na minha jornada de transforma\u00e7\u00e3o pessoal.\u00a0<\/p>\r\n<h2>\u00c9 demais importante cercar-se de positividades\u00a0<\/h2>\r\n<p>A import\u00e2ncia de cercar-se de pessoas positivas e inspiradoras tamb\u00e9m foi uma reflex\u00e3o que mudou minha forma de encarar a vida. Rela\u00e7\u00f5es saud\u00e1veis estimulam o crescimento e fortalecem minha autoestima. Aprendi que o ambiente ao meu redor influencia diretamente minha mentalidade e minha capacidade de evoluir.\u00a0<\/p>\r\n<p>Pensar sobre minhas metas e sonhos foi uma das reflex\u00f5es mais importantes que me ajudaram a mudar de mindset. Visualizar um futuro melhor e estabelecer objetivos claros me deram motiva\u00e7\u00e3o para superar obst\u00e1culos. Assim, consegui criar um plano de a\u00e7\u00e3o eficiente, alinhado com meus valores e aspira\u00e7\u00f5es mais profundas.<\/p>\r\n<p>Reconhecer erros do passado foi uma etapa essencial para minha mudan\u00e7a. Aprender com as pr\u00f3prias falhas me ensina a agir com mais sabedoria e empatia. Essa reflex\u00e3o me ajudou a perdoar a mim mesmo e a seguir em frente com mais coragem e determina\u00e7\u00e3o, evitando repetir os mesmos erros e conquistando crescimento pessoal.<\/p>\r\n\r\n\r\n\r\n\r\n\r\n<figure data-wp-context=\"{&quot;imageId&quot;:&quot;69fa363695273&quot;}\" data-wp-interactive=\"core\/image\" data-wp-key=\"69fa363695273\" class=\"wp-block-image size-large is-resized wp-lightbox-container\"><img loading=\"lazy\" decoding=\"async\" width=\"563\" height=\"564\" data-wp-class--hide=\"state.isContentHidden\" data-wp-class--show=\"state.isContentVisible\" data-wp-init=\"callbacks.setButtonStyles\" data-wp-on--click=\"actions.showLightbox\" data-wp-on--load=\"callbacks.setButtonStyles\" data-wp-on-window--resize=\"callbacks.setButtonStyles\" class=\"wp-image-5157\" style=\"width: 337px; height: auto;\" src=\"https:\/\/gloriadeus.com\/wp-content\/uploads\/2025\/03\/241108AMDIMG01.jpg\" alt=\"Algumas reflex\u00f5es importantes que me ajudaram a mudar\" srcset=\"https:\/\/gloriadeus.com\/wp-content\/uploads\/2025\/03\/241108AMDIMG01.jpg 563w, https:\/\/gloriadeus.com\/wp-content\/uploads\/2025\/03\/241108AMDIMG01-300x300.jpg 300w, https:\/\/gloriadeus.com\/wp-content\/uploads\/2025\/03\/241108AMDIMG01-150x150.jpg 150w\" sizes=\"auto, (max-width: 563px) 100vw, 563px\" \/><button\n\t\t\tclass=\"lightbox-trigger\"\n\t\t\ttype=\"button\"\n\t\t\taria-haspopup=\"dialog\"\n\t\t\taria-label=\"Ampliar\"\n\t\t\tdata-wp-init=\"callbacks.initTriggerButton\"\n\t\t\tdata-wp-on--click=\"actions.showLightbox\"\n\t\t\tdata-wp-style--right=\"state.imageButtonRight\"\n\t\t\tdata-wp-style--top=\"state.imageButtonTop\"\n\t\t>\n\t\t\t<svg xmlns=\"http:\/\/www.w3.org\/2000\/svg\" width=\"12\" height=\"12\" fill=\"none\" viewBox=\"0 0 12 12\">\n\t\t\t\t<path fill=\"#fff\" d=\"M2 0a2 2 0 0 0-2 2v2h1.5V2a.5.5 0 0 1 .5-.5h2V0H2Zm2 10.5H2a.5.5 0 0 1-.5-.5V8H0v2a2 2 0 0 0 2 2h2v-1.5ZM8 12v-1.5h2a.5.5 0 0 0 .5-.5V8H12v2a2 2 0 0 1-2 2H8Zm2-12a2 2 0 0 1 2 2v2h-1.5V2a.5.5 0 0 0-.5-.5H8V0h2Z\" \/>\n\t\t\t<\/svg>\n\t\t<\/button>\u00a0<\/figure>\r\n<p>Cada uma dessas reflex\u00f5es me ajudou a encontrar minha melhor vers\u00e3o e a criar uma vida mais plena e consciente. Investir na minha evolu\u00e7\u00e3o pessoal atrav\u00e9s do autoconhecimento, gratid\u00e3o e atitudes positivas foi fundamental para alcan\u00e7ar mudan\u00e7as duradouras.\u00a0<\/p>\r\n<h2>Algumas reflex\u00f5es importantes que me ajudaram a mudar\u00a0<\/h2>\r\n<p>Essa jornada de transforma\u00e7\u00e3o continua me levando a novos patamares de realiza\u00e7\u00e3o e felicidade. Eu respondi que, como eu costumo lavar minhas roupas que uso as, \u00e9 costume meu mesmo usar as roupas que eu mais gosto.\u00a0<\/p>\r\n<p>A pr\u00e1tica constante de gratid\u00e3o e reflex\u00e3o di\u00e1ria me ajudou a manter o foco no que realmente importa. Essas atitudes promoveram mudan\u00e7as significativas na minha perspectiva de vida e me incentivaram a viver com mais prop\u00f3sito. Assim, consegui transformar obst\u00e1culos em oportunidades de crescimento e aprendizado.\u00a0<\/p>\r\n\r\n\r\n\r\n<figure data-wp-context=\"{&quot;imageId&quot;:&quot;69fa363695531&quot;}\" data-wp-interactive=\"core\/image\" data-wp-key=\"69fa363695531\" class=\"wp-block-image size-large is-resized wp-lightbox-container\"><img loading=\"lazy\" decoding=\"async\" width=\"1024\" height=\"1024\" data-wp-class--hide=\"state.isContentHidden\" data-wp-class--show=\"state.isContentVisible\" data-wp-init=\"callbacks.setButtonStyles\" data-wp-on--click=\"actions.showLightbox\" data-wp-on--load=\"callbacks.setButtonStyles\" data-wp-on-window--resize=\"callbacks.setButtonStyles\" class=\"wp-image-5155\" style=\"width: 395px; height: auto;\" src=\"https:\/\/gloriadeus.com\/wp-content\/uploads\/2025\/03\/241108AMDIMG04-1024x1024.jpg\" alt=\"Algumas reflex\u00f5es importantes que me ajudaram a mudar\" srcset=\"https:\/\/gloriadeus.com\/wp-content\/uploads\/2025\/03\/241108AMDIMG04-1024x1024.jpg 1024w, https:\/\/gloriadeus.com\/wp-content\/uploads\/2025\/03\/241108AMDIMG04-300x300.jpg 300w, https:\/\/gloriadeus.com\/wp-content\/uploads\/2025\/03\/241108AMDIMG04-150x150.jpg 150w, https:\/\/gloriadeus.com\/wp-content\/uploads\/2025\/03\/241108AMDIMG04-768x768.jpg 768w, https:\/\/gloriadeus.com\/wp-content\/uploads\/2025\/03\/241108AMDIMG04-900x900.jpg 900w, https:\/\/gloriadeus.com\/wp-content\/uploads\/2025\/03\/241108AMDIMG04.jpg 1080w\" sizes=\"auto, (max-width: 1024px) 100vw, 1024px\" \/><button\n\t\t\tclass=\"lightbox-trigger\"\n\t\t\ttype=\"button\"\n\t\t\taria-haspopup=\"dialog\"\n\t\t\taria-label=\"Ampliar\"\n\t\t\tdata-wp-init=\"callbacks.initTriggerButton\"\n\t\t\tdata-wp-on--click=\"actions.showLightbox\"\n\t\t\tdata-wp-style--right=\"state.imageButtonRight\"\n\t\t\tdata-wp-style--top=\"state.imageButtonTop\"\n\t\t>\n\t\t\t<svg xmlns=\"http:\/\/www.w3.org\/2000\/svg\" width=\"12\" height=\"12\" fill=\"none\" viewBox=\"0 0 12 12\">\n\t\t\t\t<path fill=\"#fff\" d=\"M2 0a2 2 0 0 0-2 2v2h1.5V2a.5.5 0 0 1 .5-.5h2V0H2Zm2 10.5H2a.5.5 0 0 1-.5-.5V8H0v2a2 2 0 0 0 2 2h2v-1.5ZM8 12v-1.5h2a.5.5 0 0 0 .5-.5V8H12v2a2 2 0 0 1-2 2H8Zm2-12a2 2 0 0 1 2 2v2h-1.5V2a.5.5 0 0 0-.5-.5H8V0h2Z\" \/>\n\t\t\t<\/svg>\n\t\t<\/button><\/figure>\r\n\r\n\r\n\r\n<p>Refletir sobre minhas experi\u00eancias de vida foi essencial para compreender minhas verdadeiras necessidades e desejos. Essas reflex\u00f5es me ajudaram a identificar padr\u00f5es negativos e a desenvolver uma mentalidade de crescimento. Aprender a valorizar o autoconhecimento foi fundamental para promover mudan\u00e7as duradouras na minha jornada pessoal e profissional.<\/p>\r\n<p>Agora s\u00e9rio, h\u00e1 pessoas que com suas atitudes, v\u00e3o deixando de ser importantes para n\u00f3s. \u00c0s vezes, os passos mais firmes s\u00e3o dados com as pernas tremendo.\u00a0<\/p>\r\n<h2>Autoanalise-se e permita que a evolu\u00e7\u00e3o aconte\u00e7a\u00a0<\/h2>\r\n<p>Ao longo do tempo, percebi que a autoavalia\u00e7\u00e3o constante \u00e9 uma ferramenta poderosa para evoluir. Questionar minhas a\u00e7\u00f5es e emo\u00e7\u00f5es me permitiu entender minhas limita\u00e7\u00f5es e potencialidades. Essa pr\u00e1tica de reflex\u00e3o di\u00e1ria impulsionou minha transforma\u00e7\u00e3o, fortalecendo minha autoestima e minha resili\u00eancia diante dos desafios da vida.<\/p>\r\n<p>Reconhecer a import\u00e2ncia de estabelecer limites saud\u00e1veis foi fundamental para minha evolu\u00e7\u00e3o emocional. Aprender a dizer n\u00e3o e priorizar meu bem-estar me trouxe mais equil\u00edbrio e paz interior. Essas reflex\u00f5es ajudaram a fortalecer minha autoestima e a construir relacionamentos mais respeitosos e aut\u00eanticos.\u00a0<\/p>\r\n\r\n\r\n\r\n\r\n\r\n<figure data-wp-context=\"{&quot;imageId&quot;:&quot;69fa363695822&quot;}\" data-wp-interactive=\"core\/image\" data-wp-key=\"69fa363695822\" class=\"wp-block-image size-large is-resized wp-lightbox-container\"><img loading=\"lazy\" decoding=\"async\" width=\"564\" height=\"564\" data-wp-class--hide=\"state.isContentHidden\" data-wp-class--show=\"state.isContentVisible\" data-wp-init=\"callbacks.setButtonStyles\" data-wp-on--click=\"actions.showLightbox\" data-wp-on--load=\"callbacks.setButtonStyles\" data-wp-on-window--resize=\"callbacks.setButtonStyles\" class=\"wp-image-5154\" style=\"width: 317px; height: auto;\" src=\"https:\/\/gloriadeus.com\/wp-content\/uploads\/2025\/03\/241108AMDIMG05.jpg\" alt=\"Algumas reflex\u00f5es importantes que me ajudaram a mudar\" srcset=\"https:\/\/gloriadeus.com\/wp-content\/uploads\/2025\/03\/241108AMDIMG05.jpg 564w, https:\/\/gloriadeus.com\/wp-content\/uploads\/2025\/03\/241108AMDIMG05-300x300.jpg 300w, https:\/\/gloriadeus.com\/wp-content\/uploads\/2025\/03\/241108AMDIMG05-150x150.jpg 150w\" sizes=\"auto, (max-width: 564px) 100vw, 564px\" \/><button\n\t\t\tclass=\"lightbox-trigger\"\n\t\t\ttype=\"button\"\n\t\t\taria-haspopup=\"dialog\"\n\t\t\taria-label=\"Ampliar\"\n\t\t\tdata-wp-init=\"callbacks.initTriggerButton\"\n\t\t\tdata-wp-on--click=\"actions.showLightbox\"\n\t\t\tdata-wp-style--right=\"state.imageButtonRight\"\n\t\t\tdata-wp-style--top=\"state.imageButtonTop\"\n\t\t>\n\t\t\t<svg xmlns=\"http:\/\/www.w3.org\/2000\/svg\" width=\"12\" height=\"12\" fill=\"none\" viewBox=\"0 0 12 12\">\n\t\t\t\t<path fill=\"#fff\" d=\"M2 0a2 2 0 0 0-2 2v2h1.5V2a.5.5 0 0 1 .5-.5h2V0H2Zm2 10.5H2a.5.5 0 0 1-.5-.5V8H0v2a2 2 0 0 0 2 2h2v-1.5ZM8 12v-1.5h2a.5.5 0 0 0 .5-.5V8H12v2a2 2 0 0 1-2 2H8Zm2-12a2 2 0 0 1 2 2v2h-1.5V2a.5.5 0 0 0-.5-.5H8V0h2Z\" \/>\n\t\t\t<\/svg>\n\t\t<\/button><\/figure>\r\n\r\n\r\n\r\n<p>Agora que me refiz inteira, metades n\u00e3o me interessam mais! Refletir sobre o poder da gratid\u00e3o transformou minha vis\u00e3o de mundo. Aprendi a valorizar as pequenas conquistas e a reconhecer as b\u00ean\u00e7\u00e3os do dia a dia.\u00a0<\/p>\r\n<p>Essa pr\u00e1tica di\u00e1ria trouxe mais paz, felicidade e motiva\u00e7\u00e3o para seguir em frente, al\u00e9m de fortalecer minhas rela\u00e7\u00f5es pessoais e profissionais com mais amor e empatia. A compreens\u00e3o de que a mudan\u00e7a come\u00e7a de dentro para fora foi uma das maiores li\u00e7\u00f5es da minha jornada.\u00a0<\/p>\r\n<h2>Autodesenvolva-se\u00a0<\/h2>\r\n<p>Investir em autodesenvolvimento, autoconhecimento e autocompaix\u00e3o criou uma base s\u00f3lida para mudan\u00e7as positivas em todos os aspectos da minha vida. Essa reflex\u00e3o me impulsionou a buscar sempre o melhor de mim mesmo.\u00a0<\/p>\r\n\r\n\r\n\r\n\r\n\r\n<figure class=\"wp-block-image size-large\"><img loading=\"lazy\" decoding=\"async\" width=\"273\" height=\"399\" class=\"wp-image-5159\" src=\"https:\/\/gloriadeus.com\/wp-content\/uploads\/2025\/03\/241108AMDIMG06.png\" alt=\"Algumas reflex\u00f5es importantes que me ajudaram a mudar\" srcset=\"https:\/\/gloriadeus.com\/wp-content\/uploads\/2025\/03\/241108AMDIMG06.png 273w, https:\/\/gloriadeus.com\/wp-content\/uploads\/2025\/03\/241108AMDIMG06-205x300.png 205w\" sizes=\"auto, (max-width: 273px) 100vw, 273px\" \/>\u00a0<\/figure>\r\n\r\n\r\n\r\n<p>A import\u00e2ncia de cultivar uma atitude positiva ficou evidente durante minhas reflex\u00f5es. Focar nas solu\u00e7\u00f5es ao inv\u00e9s dos problemas transformou minha perspectiva de vida. Essa mudan\u00e7a de mindset trouxe mais otimismo, esperan\u00e7a e energia para enfrentar dificuldades, al\u00e9m de atrair melhores oportunidades e relacionamentos mais saud\u00e1veis.<\/p>\r\n<p>Refletir sobre a import\u00e2ncia do autocuidado me ajudou a priorizar minha sa\u00fade f\u00edsica, mental e emocional. Inclu\u00ed pr\u00e1ticas como medita\u00e7\u00e3o, exerc\u00edcios f\u00edsicos e alimenta\u00e7\u00e3o equilibrada na minha rotina. Essas a\u00e7\u00f5es contribu\u00edram para o aumento da minha autoestima e bem-estar, facilitando minha jornada de transforma\u00e7\u00e3o e crescimento cont\u00ednuo.\u00a0<\/p>\r\n<h2>Perceba suas for\u00e7as\u00a0<\/h2>\r\n<p>Perceber a for\u00e7a do pensamento positivo foi um divisor de \u00e1guas na minha trajet\u00f3ria. Acreditar na minha capacidade de mudan\u00e7a e no potencial de um futuro melhor me motivou a agir com mais confian\u00e7a. Essa mentalidade de otimismo e esperan\u00e7a foi fundamental para conquistar meus objetivos e superar os obst\u00e1culos mais dif\u00edceis.<\/p>\r\n<p>Ao revisar minhas cren\u00e7as limitantes, consegui eliminar pensamentos negativos que impediam meu progresso. Substitu\u00ed essas ideias por afirma\u00e7\u00f5es de autoconfian\u00e7a e coragem. Essa mudan\u00e7a de mindset me permitiu abrir espa\u00e7o para novas oportunidades, desenvolver minha autoestima e alcan\u00e7ar resultados que antes pareciam inalcan\u00e7\u00e1veis.\u00a0<\/p>\r\n","protected":false},"excerpt":{"rendered":"<p>A amiga da minha prima me chamou discretamente e me questionou por que eu estava usando a mesma roupa.\u00a0Perceber que &hellip; <\/p>\n","protected":false},"author":1,"featured_media":5153,"parent":0,"menu_order":0,"comment_status":"open","ping_status":"closed","template":"","meta":{"_uf_show_specific_survey":0,"_uf_disable_surveys":false,"footnotes":""},"class_list":["post-5152","page","type-page","status-publish","has-post-thumbnail","hentry"],"yoast_head":"<!-- This site is optimized with the Yoast SEO plugin v27.5 - https:\/\/yoast.com\/product\/yoast-seo-wordpress\/ -->\n<title>Algumas reflex\u00f5es importantes que me ajudaram a mudar - Gl\u00f3ria Deus<\/title>\n<meta name=\"robots\" content=\"index, follow, max-snippet:-1, max-image-preview:large, max-video-preview:-1\" \/>\n<link rel=\"canonical\" href=\"https:\/\/gloriadeus.com\/home\/algumas-reflexoes-importantes-que-me-ajudaram-a-mudar\/\" \/>\n<meta property=\"og:locale\" content=\"pt_BR\" \/>\n<meta property=\"og:type\" content=\"article\" \/>\n<meta property=\"og:title\" content=\"Algumas reflex\u00f5es importantes que me ajudaram a mudar - Gl\u00f3ria Deus\" \/>\n<meta property=\"og:description\" content=\"A amiga da minha prima me chamou discretamente e me questionou por que eu estava usando a mesma roupa.\u00a0Perceber que &hellip;\" \/>\n<meta property=\"og:url\" content=\"https:\/\/gloriadeus.com\/home\/algumas-reflexoes-importantes-que-me-ajudaram-a-mudar\/\" \/>\n<meta property=\"og:site_name\" content=\"Gl\u00f3ria Deus\" \/>\n<meta property=\"article:modified_time\" content=\"2026-02-07T17:24:10+00:00\" \/>\n<meta property=\"og:image\" content=\"https:\/\/gloriadeus.com\/wp-content\/uploads\/2025\/03\/241108AMDIMG03.jpg\" \/>\n\t<meta property=\"og:image:width\" content=\"230\" \/>\n\t<meta property=\"og:image:height\" content=\"390\" \/>\n\t<meta property=\"og:image:type\" content=\"image\/jpeg\" \/>\n<meta name=\"twitter:card\" content=\"summary_large_image\" \/>\n<meta name=\"twitter:label1\" content=\"Est. tempo de leitura\" \/>\n\t<meta name=\"twitter:data1\" content=\"6 minutos\" \/>\n<script type=\"application\/ld+json\" class=\"yoast-schema-graph\">{\"@context\":\"https:\\\/\\\/schema.org\",\"@graph\":[{\"@type\":\"WebPage\",\"@id\":\"https:\\\/\\\/gloriadeus.com\\\/home\\\/algumas-reflexoes-importantes-que-me-ajudaram-a-mudar\\\/\",\"url\":\"https:\\\/\\\/gloriadeus.com\\\/home\\\/algumas-reflexoes-importantes-que-me-ajudaram-a-mudar\\\/\",\"name\":\"Algumas reflex\u00f5es importantes que me ajudaram a mudar - Gl\u00f3ria Deus\",\"isPartOf\":{\"@id\":\"https:\\\/\\\/gloriadeus.com\\\/home\\\/#website\"},\"primaryImageOfPage\":{\"@id\":\"https:\\\/\\\/gloriadeus.com\\\/home\\\/algumas-reflexoes-importantes-que-me-ajudaram-a-mudar\\\/#primaryimage\"},\"image\":{\"@id\":\"https:\\\/\\\/gloriadeus.com\\\/home\\\/algumas-reflexoes-importantes-que-me-ajudaram-a-mudar\\\/#primaryimage\"},\"thumbnailUrl\":\"https:\\\/\\\/gloriadeus.com\\\/wp-content\\\/uploads\\\/2025\\\/03\\\/241108AMDIMG03.jpg\",\"datePublished\":\"2026-01-10T18:50:27+00:00\",\"dateModified\":\"2026-02-07T17:24:10+00:00\",\"breadcrumb\":{\"@id\":\"https:\\\/\\\/gloriadeus.com\\\/home\\\/algumas-reflexoes-importantes-que-me-ajudaram-a-mudar\\\/#breadcrumb\"},\"inLanguage\":\"pt-BR\",\"potentialAction\":[{\"@type\":\"ReadAction\",\"target\":[\"https:\\\/\\\/gloriadeus.com\\\/home\\\/algumas-reflexoes-importantes-que-me-ajudaram-a-mudar\\\/\"]}]},{\"@type\":\"ImageObject\",\"inLanguage\":\"pt-BR\",\"@id\":\"https:\\\/\\\/gloriadeus.com\\\/home\\\/algumas-reflexoes-importantes-que-me-ajudaram-a-mudar\\\/#primaryimage\",\"url\":\"https:\\\/\\\/gloriadeus.com\\\/wp-content\\\/uploads\\\/2025\\\/03\\\/241108AMDIMG03.jpg\",\"contentUrl\":\"https:\\\/\\\/gloriadeus.com\\\/wp-content\\\/uploads\\\/2025\\\/03\\\/241108AMDIMG03.jpg\",\"width\":230,\"height\":390,\"caption\":\"Algumas reflex\u00f5es importantes que me ajudaram a mudar\"},{\"@type\":\"BreadcrumbList\",\"@id\":\"https:\\\/\\\/gloriadeus.com\\\/home\\\/algumas-reflexoes-importantes-que-me-ajudaram-a-mudar\\\/#breadcrumb\",\"itemListElement\":[{\"@type\":\"ListItem\",\"position\":1,\"name\":\"In\u00edcio\",\"item\":\"https:\\\/\\\/gloriadeus.com\\\/home\\\/\"},{\"@type\":\"ListItem\",\"position\":2,\"name\":\"Algumas reflex\u00f5es importantes que me ajudaram a mudar\"}]},{\"@type\":\"WebSite\",\"@id\":\"https:\\\/\\\/gloriadeus.com\\\/home\\\/#website\",\"url\":\"https:\\\/\\\/gloriadeus.com\\\/home\\\/\",\"name\":\"Gloria Deus\",\"description\":\"\u21a8 Deslize para descobrir mais \u21a8\",\"publisher\":{\"@id\":\"https:\\\/\\\/gloriadeus.com\\\/home\\\/#\\\/schema\\\/person\\\/ab2365ca8f87ea38e53ba3c2275e65c4\"},\"alternateName\":\"Muita f\u00e9\",\"potentialAction\":[{\"@type\":\"SearchAction\",\"target\":{\"@type\":\"EntryPoint\",\"urlTemplate\":\"https:\\\/\\\/gloriadeus.com\\\/home\\\/?s={search_term_string}\"},\"query-input\":{\"@type\":\"PropertyValueSpecification\",\"valueRequired\":true,\"valueName\":\"search_term_string\"}}],\"inLanguage\":\"pt-BR\"},{\"@type\":[\"Person\",\"Organization\"],\"@id\":\"https:\\\/\\\/gloriadeus.com\\\/home\\\/#\\\/schema\\\/person\\\/ab2365ca8f87ea38e53ba3c2275e65c4\",\"name\":\"gloriadeus.com\",\"image\":{\"@type\":\"ImageObject\",\"inLanguage\":\"pt-BR\",\"@id\":\"https:\\\/\\\/gloriadeus.com\\\/wp-content\\\/uploads\\\/2024\\\/03\\\/230525DDPNG-21.png\",\"url\":\"https:\\\/\\\/gloriadeus.com\\\/wp-content\\\/uploads\\\/2024\\\/03\\\/230525DDPNG-21.png\",\"contentUrl\":\"https:\\\/\\\/gloriadeus.com\\\/wp-content\\\/uploads\\\/2024\\\/03\\\/230525DDPNG-21.png\",\"width\":220,\"height\":230,\"caption\":\"gloriadeus.com\"},\"logo\":{\"@id\":\"https:\\\/\\\/gloriadeus.com\\\/wp-content\\\/uploads\\\/2024\\\/03\\\/230525DDPNG-21.png\"},\"sameAs\":[\"https:\\\/\\\/gloriadeus.com\"]}]}<\/script>\n<!-- \/ Yoast SEO plugin. -->","yoast_head_json":{"title":"Algumas reflex\u00f5es importantes que me ajudaram a mudar - Gl\u00f3ria Deus","robots":{"index":"index","follow":"follow","max-snippet":"max-snippet:-1","max-image-preview":"max-image-preview:large","max-video-preview":"max-video-preview:-1"},"canonical":"https:\/\/gloriadeus.com\/home\/algumas-reflexoes-importantes-que-me-ajudaram-a-mudar\/","og_locale":"pt_BR","og_type":"article","og_title":"Algumas reflex\u00f5es importantes que me ajudaram a mudar - Gl\u00f3ria Deus","og_description":"A amiga da minha prima me chamou discretamente e me questionou por que eu estava usando a mesma roupa.\u00a0Perceber que &hellip;","og_url":"https:\/\/gloriadeus.com\/home\/algumas-reflexoes-importantes-que-me-ajudaram-a-mudar\/","og_site_name":"Gl\u00f3ria Deus","article_modified_time":"2026-02-07T17:24:10+00:00","og_image":[{"width":230,"height":390,"url":"https:\/\/gloriadeus.com\/wp-content\/uploads\/2025\/03\/241108AMDIMG03.jpg","type":"image\/jpeg"}],"twitter_card":"summary_large_image","twitter_misc":{"Est. tempo de leitura":"6 minutos"},"schema":{"@context":"https:\/\/schema.org","@graph":[{"@type":"WebPage","@id":"https:\/\/gloriadeus.com\/home\/algumas-reflexoes-importantes-que-me-ajudaram-a-mudar\/","url":"https:\/\/gloriadeus.com\/home\/algumas-reflexoes-importantes-que-me-ajudaram-a-mudar\/","name":"Algumas reflex\u00f5es importantes que me ajudaram a mudar - Gl\u00f3ria Deus","isPartOf":{"@id":"https:\/\/gloriadeus.com\/home\/#website"},"primaryImageOfPage":{"@id":"https:\/\/gloriadeus.com\/home\/algumas-reflexoes-importantes-que-me-ajudaram-a-mudar\/#primaryimage"},"image":{"@id":"https:\/\/gloriadeus.com\/home\/algumas-reflexoes-importantes-que-me-ajudaram-a-mudar\/#primaryimage"},"thumbnailUrl":"https:\/\/gloriadeus.com\/wp-content\/uploads\/2025\/03\/241108AMDIMG03.jpg","datePublished":"2026-01-10T18:50:27+00:00","dateModified":"2026-02-07T17:24:10+00:00","breadcrumb":{"@id":"https:\/\/gloriadeus.com\/home\/algumas-reflexoes-importantes-que-me-ajudaram-a-mudar\/#breadcrumb"},"inLanguage":"pt-BR","potentialAction":[{"@type":"ReadAction","target":["https:\/\/gloriadeus.com\/home\/algumas-reflexoes-importantes-que-me-ajudaram-a-mudar\/"]}]},{"@type":"ImageObject","inLanguage":"pt-BR","@id":"https:\/\/gloriadeus.com\/home\/algumas-reflexoes-importantes-que-me-ajudaram-a-mudar\/#primaryimage","url":"https:\/\/gloriadeus.com\/wp-content\/uploads\/2025\/03\/241108AMDIMG03.jpg","contentUrl":"https:\/\/gloriadeus.com\/wp-content\/uploads\/2025\/03\/241108AMDIMG03.jpg","width":230,"height":390,"caption":"Algumas reflex\u00f5es importantes que me ajudaram a mudar"},{"@type":"BreadcrumbList","@id":"https:\/\/gloriadeus.com\/home\/algumas-reflexoes-importantes-que-me-ajudaram-a-mudar\/#breadcrumb","itemListElement":[{"@type":"ListItem","position":1,"name":"In\u00edcio","item":"https:\/\/gloriadeus.com\/home\/"},{"@type":"ListItem","position":2,"name":"Algumas reflex\u00f5es importantes que me ajudaram a mudar"}]},{"@type":"WebSite","@id":"https:\/\/gloriadeus.com\/home\/#website","url":"https:\/\/gloriadeus.com\/home\/","name":"Gloria Deus","description":"\u21a8 Deslize para descobrir mais \u21a8","publisher":{"@id":"https:\/\/gloriadeus.com\/home\/#\/schema\/person\/ab2365ca8f87ea38e53ba3c2275e65c4"},"alternateName":"Muita f\u00e9","potentialAction":[{"@type":"SearchAction","target":{"@type":"EntryPoint","urlTemplate":"https:\/\/gloriadeus.com\/home\/?s={search_term_string}"},"query-input":{"@type":"PropertyValueSpecification","valueRequired":true,"valueName":"search_term_string"}}],"inLanguage":"pt-BR"},{"@type":["Person","Organization"],"@id":"https:\/\/gloriadeus.com\/home\/#\/schema\/person\/ab2365ca8f87ea38e53ba3c2275e65c4","name":"gloriadeus.com","image":{"@type":"ImageObject","inLanguage":"pt-BR","@id":"https:\/\/gloriadeus.com\/wp-content\/uploads\/2024\/03\/230525DDPNG-21.png","url":"https:\/\/gloriadeus.com\/wp-content\/uploads\/2024\/03\/230525DDPNG-21.png","contentUrl":"https:\/\/gloriadeus.com\/wp-content\/uploads\/2024\/03\/230525DDPNG-21.png","width":220,"height":230,"caption":"gloriadeus.com"},"logo":{"@id":"https:\/\/gloriadeus.com\/wp-content\/uploads\/2024\/03\/230525DDPNG-21.png"},"sameAs":["https:\/\/gloriadeus.com"]}]}},"_links":{"self":[{"href":"https:\/\/gloriadeus.com\/home\/wp-json\/wp\/v2\/pages\/5152","targetHints":{"allow":["GET"]}}],"collection":[{"href":"https:\/\/gloriadeus.com\/home\/wp-json\/wp\/v2\/pages"}],"about":[{"href":"https:\/\/gloriadeus.com\/home\/wp-json\/wp\/v2\/types\/page"}],"author":[{"embeddable":true,"href":"https:\/\/gloriadeus.com\/home\/wp-json\/wp\/v2\/users\/1"}],"replies":[{"embeddable":true,"href":"https:\/\/gloriadeus.com\/home\/wp-json\/wp\/v2\/comments?post=5152"}],"version-history":[{"count":6,"href":"https:\/\/gloriadeus.com\/home\/wp-json\/wp\/v2\/pages\/5152\/revisions"}],"predecessor-version":[{"id":10433,"href":"https:\/\/gloriadeus.com\/home\/wp-json\/wp\/v2\/pages\/5152\/revisions\/10433"}],"wp:featuredmedia":[{"embeddable":true,"href":"https:\/\/gloriadeus.com\/home\/wp-json\/wp\/v2\/media\/5153"}],"wp:attachment":[{"href":"https:\/\/gloriadeus.com\/home\/wp-json\/wp\/v2\/media?parent=5152"}],"curies":[{"name":"wp","href":"https:\/\/api.w.org\/{rel}","templated":true}]}}