{"id":5133,"date":"2026-01-10T11:59:27","date_gmt":"2026-01-10T14:59:27","guid":{"rendered":"https:\/\/gloriadeus.com\/?page_id=5133"},"modified":"2026-02-07T12:22:43","modified_gmt":"2026-02-07T15:22:43","slug":"deem-gracas-ao-senhor","status":"publish","type":"page","link":"https:\/\/gloriadeus.com\/home\/deem-gracas-ao-senhor\/","title":{"rendered":"Deem gra\u00e7as ao Senhor"},"content":{"rendered":"<!-- subtitulo, palavra, paragrafo ok --> \r\n\r\n\r\n<figure data-wp-context=\"{&quot;imageId&quot;:&quot;69fc5d56da7fc&quot;}\" data-wp-interactive=\"core\/image\" data-wp-key=\"69fc5d56da7fc\" class=\"wp-block-image size-large is-resized wp-lightbox-container\"><img loading=\"lazy\" decoding=\"async\" width=\"1024\" height=\"961\" data-wp-class--hide=\"state.isContentHidden\" data-wp-class--show=\"state.isContentVisible\" data-wp-init=\"callbacks.setButtonStyles\" data-wp-on--click=\"actions.showLightbox\" data-wp-on--load=\"callbacks.setButtonStyles\" data-wp-on-window--resize=\"callbacks.setButtonStyles\" class=\"wp-image-5136\" style=\"width: 238px; height: auto;\" src=\"https:\/\/gloriadeus.com\/wp-content\/uploads\/2025\/03\/250218AMDIMG-69-1024x961.jpg\" alt=\"Deem gra\u00e7as ao Senhor\" srcset=\"https:\/\/gloriadeus.com\/wp-content\/uploads\/2025\/03\/250218AMDIMG-69-1024x961.jpg 1024w, https:\/\/gloriadeus.com\/wp-content\/uploads\/2025\/03\/250218AMDIMG-69-300x282.jpg 300w, https:\/\/gloriadeus.com\/wp-content\/uploads\/2025\/03\/250218AMDIMG-69-768x721.jpg 768w, https:\/\/gloriadeus.com\/wp-content\/uploads\/2025\/03\/250218AMDIMG-69.jpg 1125w\" sizes=\"auto, (max-width: 1024px) 100vw, 1024px\" \/><button\n\t\t\tclass=\"lightbox-trigger\"\n\t\t\ttype=\"button\"\n\t\t\taria-haspopup=\"dialog\"\n\t\t\taria-label=\"Ampliar\"\n\t\t\tdata-wp-init=\"callbacks.initTriggerButton\"\n\t\t\tdata-wp-on--click=\"actions.showLightbox\"\n\t\t\tdata-wp-style--right=\"state.imageButtonRight\"\n\t\t\tdata-wp-style--top=\"state.imageButtonTop\"\n\t\t>\n\t\t\t<svg xmlns=\"http:\/\/www.w3.org\/2000\/svg\" width=\"12\" height=\"12\" fill=\"none\" viewBox=\"0 0 12 12\">\n\t\t\t\t<path fill=\"#fff\" d=\"M2 0a2 2 0 0 0-2 2v2h1.5V2a.5.5 0 0 1 .5-.5h2V0H2Zm2 10.5H2a.5.5 0 0 1-.5-.5V8H0v2a2 2 0 0 0 2 2h2v-1.5ZM8 12v-1.5h2a.5.5 0 0 0 .5-.5V8H12v2a2 2 0 0 1-2 2H8Zm2-12a2 2 0 0 1 2 2v2h-1.5V2a.5.5 0 0 0-.5-.5H8V0h2Z\" \/>\n\t\t\t<\/svg>\n\t\t<\/button><\/figure>\r\n\r\n\r\n\r\n<p>Agrade\u00e7o ao Senhor com um cora\u00e7\u00e3o pleno de gratid\u00e3o, pois \u00e9 Ele quem ilumina meus caminhos e fortalece minha f\u00e9 em momentos de d\u00favida e incerteza, reconhe\u00e7o que cada dia \u00e9 uma ben\u00e7\u00e3o, uma nova oportunidade de experimentar o amor divino, a bondade e a miseric\u00f3rdia que se manifestam nas pequenas e grandes coisas da vida.\u00a0<\/p>\r\n<h2>Gra\u00e7as ao Senhor pelo novo dia\u00a0<\/h2>\r\n<p>Desde o nascer do sol que traz a luz para o meu dia at\u00e9 o sorriso de um amigo que aquece minha alma e renova minhas esperan\u00e7as, dou gra\u00e7as pelas experi\u00eancias que moldam meu car\u00e1ter e por cada desafio superado, pois sei que s\u00e3o eles que me ensinam a ser mais forte, mais paciente e mais amoroso.<\/p>\r\n<p>Sempre lembrando que, mesmo nas dificuldades, a presen\u00e7a do Senhor \u00e9 constante, como um abrigo seguro onde posso encontrar conforto e paz, agrade\u00e7o pelas b\u00ean\u00e7\u00e3os que, muitas vezes, passam despercebidas, como o ar que respiro, a \u00e1gua que sacia minha sede e a terra que me sustenta, pois cada elemento da cria\u00e7\u00e3o \u00e9 uma express\u00e3o do Teu amor e da Tua sabedoria.\u00a0<\/p>\r\n\r\n\r\n\r\n<figure data-wp-context=\"{&quot;imageId&quot;:&quot;69fc5d56daf79&quot;}\" data-wp-interactive=\"core\/image\" data-wp-key=\"69fc5d56daf79\" class=\"wp-block-image size-large is-resized wp-duotone-purple-yellow wp-lightbox-container\"><img loading=\"lazy\" decoding=\"async\" width=\"1024\" height=\"1021\" data-wp-class--hide=\"state.isContentHidden\" data-wp-class--show=\"state.isContentVisible\" data-wp-init=\"callbacks.setButtonStyles\" data-wp-on--click=\"actions.showLightbox\" data-wp-on--load=\"callbacks.setButtonStyles\" data-wp-on-window--resize=\"callbacks.setButtonStyles\" class=\"wp-image-5135\" style=\"width: 283px; height: auto;\" src=\"https:\/\/gloriadeus.com\/wp-content\/uploads\/2025\/03\/250218AMDIMG-64-1024x1021.jpg\" alt=\"Deem gra\u00e7as ao Senhor\" srcset=\"https:\/\/gloriadeus.com\/wp-content\/uploads\/2025\/03\/250218AMDIMG-64-1024x1021.jpg 1024w, https:\/\/gloriadeus.com\/wp-content\/uploads\/2025\/03\/250218AMDIMG-64-300x300.jpg 300w, https:\/\/gloriadeus.com\/wp-content\/uploads\/2025\/03\/250218AMDIMG-64-150x150.jpg 150w, https:\/\/gloriadeus.com\/wp-content\/uploads\/2025\/03\/250218AMDIMG-64-768x766.jpg 768w, https:\/\/gloriadeus.com\/wp-content\/uploads\/2025\/03\/250218AMDIMG-64.jpg 1125w\" sizes=\"auto, (max-width: 1024px) 100vw, 1024px\" \/><button\n\t\t\tclass=\"lightbox-trigger\"\n\t\t\ttype=\"button\"\n\t\t\taria-haspopup=\"dialog\"\n\t\t\taria-label=\"Ampliar\"\n\t\t\tdata-wp-init=\"callbacks.initTriggerButton\"\n\t\t\tdata-wp-on--click=\"actions.showLightbox\"\n\t\t\tdata-wp-style--right=\"state.imageButtonRight\"\n\t\t\tdata-wp-style--top=\"state.imageButtonTop\"\n\t\t>\n\t\t\t<svg xmlns=\"http:\/\/www.w3.org\/2000\/svg\" width=\"12\" height=\"12\" fill=\"none\" viewBox=\"0 0 12 12\">\n\t\t\t\t<path fill=\"#fff\" d=\"M2 0a2 2 0 0 0-2 2v2h1.5V2a.5.5 0 0 1 .5-.5h2V0H2Zm2 10.5H2a.5.5 0 0 1-.5-.5V8H0v2a2 2 0 0 0 2 2h2v-1.5ZM8 12v-1.5h2a.5.5 0 0 0 .5-.5V8H12v2a2 2 0 0 1-2 2H8Zm2-12a2 2 0 0 1 2 2v2h-1.5V2a.5.5 0 0 0-.5-.5H8V0h2Z\" \/>\n\t\t\t<\/svg>\n\t\t<\/button>\u00a0<\/figure>\r\n<p>Lembrando-me tamb\u00e9m de que sou parte de algo muito maior, um plano divino que transcende a minha compreens\u00e3o, por isso, Senhor, minha gratid\u00e3o se eleva como um c\u00e2ntico de louvor, um hino que ressoa nas profundezas da minha alma, envolvendo-me numa serenidade indescrit\u00edvel e numa alegria que n\u00e3o depende das circunst\u00e2ncias.<\/p>\r\n<p>Alegria que brota da certeza de que est\u00e1s comigo em todos os momentos, dou gra\u00e7as tamb\u00e9m pelas pessoas que cruzam meu caminho, aqueles que me incentivam a ser uma vers\u00e3o melhor de mim mesmo e que compartilham comigo a jornada da vida, pois atrav\u00e9s delas, sinto o Teu amor se manifestar na forma de amizade, apoio e compaix\u00e3o.\u00a0<\/p>\r\n<h2>Gra\u00e7as ao Senhor pelas oportunidades\u00a0<\/h2>\r\n<p>Sou grato pelas oportunidades de servir e ajudar ao pr\u00f3ximo, de ser um canal de b\u00ean\u00e7\u00e3os na vida de outros e de poder retribuir um pouco do amor que recebo de Ti, cada ato de bondade, cada gesto de solidariedade, s\u00e3o maneiras de Te honrar e glorificar.\u00a0<\/p>\r\n<p>Reconhecendo que tudo o que tenho e sou vem de Ti, agrade\u00e7o tamb\u00e9m pelo dom da sa\u00fade, que me permite viver plenamente e aproveitar cada momento, e oro pelos que est\u00e3o ao meu redor.<\/p>\r\n<p>\r\n\r\n\r\n\r\n\r\n\r\n<\/p>\r\n<p>Por aqueles que enfrentam lutas e enfermidades, para que encontrem em Ti a cura e o consolo que necessitam, pois sei que a Tua m\u00e3o est\u00e1 sempre estendida sobre n\u00f3s, protegendo e guardando, Senhor, sou grato pelas Tuas promessas, que s\u00e3o um firme alicerce em tempos de tempestade, uma luz que guia meus passos mesmo quando o caminho parece obscuro.<\/p>\r\n\r\n\r\n\r\n<figure data-wp-context=\"{&quot;imageId&quot;:&quot;69fc5d56db361&quot;}\" data-wp-interactive=\"core\/image\" data-wp-key=\"69fc5d56db361\" class=\"wp-block-image size-large is-resized wp-lightbox-container\"><img loading=\"lazy\" decoding=\"async\" width=\"1024\" height=\"868\" data-wp-class--hide=\"state.isContentHidden\" data-wp-class--show=\"state.isContentVisible\" data-wp-init=\"callbacks.setButtonStyles\" data-wp-on--click=\"actions.showLightbox\" data-wp-on--load=\"callbacks.setButtonStyles\" data-wp-on-window--resize=\"callbacks.setButtonStyles\" class=\"wp-image-5137\" style=\"width: 292px; height: auto;\" src=\"https:\/\/gloriadeus.com\/wp-content\/uploads\/2025\/03\/250218AMDIMG-70-1024x868.jpg\" alt=\"Deem gra\u00e7as ao Senhor\" srcset=\"https:\/\/gloriadeus.com\/wp-content\/uploads\/2025\/03\/250218AMDIMG-70-1024x868.jpg 1024w, https:\/\/gloriadeus.com\/wp-content\/uploads\/2025\/03\/250218AMDIMG-70-300x254.jpg 300w, https:\/\/gloriadeus.com\/wp-content\/uploads\/2025\/03\/250218AMDIMG-70-768x651.jpg 768w, https:\/\/gloriadeus.com\/wp-content\/uploads\/2025\/03\/250218AMDIMG-70.jpg 1125w\" sizes=\"auto, (max-width: 1024px) 100vw, 1024px\" \/><button\n\t\t\tclass=\"lightbox-trigger\"\n\t\t\ttype=\"button\"\n\t\t\taria-haspopup=\"dialog\"\n\t\t\taria-label=\"Ampliar\"\n\t\t\tdata-wp-init=\"callbacks.initTriggerButton\"\n\t\t\tdata-wp-on--click=\"actions.showLightbox\"\n\t\t\tdata-wp-style--right=\"state.imageButtonRight\"\n\t\t\tdata-wp-style--top=\"state.imageButtonTop\"\n\t\t>\n\t\t\t<svg xmlns=\"http:\/\/www.w3.org\/2000\/svg\" width=\"12\" height=\"12\" fill=\"none\" viewBox=\"0 0 12 12\">\n\t\t\t\t<path fill=\"#fff\" d=\"M2 0a2 2 0 0 0-2 2v2h1.5V2a.5.5 0 0 1 .5-.5h2V0H2Zm2 10.5H2a.5.5 0 0 1-.5-.5V8H0v2a2 2 0 0 0 2 2h2v-1.5ZM8 12v-1.5h2a.5.5 0 0 0 .5-.5V8H12v2a2 2 0 0 1-2 2H8Zm2-12a2 2 0 0 1 2 2v2h-1.5V2a.5.5 0 0 0-.5-.5H8V0h2Z\" \/>\n\t\t\t<\/svg>\n\t\t<\/button>\u00a0<\/figure>\r\n<p>Confio em Ti de cora\u00e7\u00e3o aberto, sabendo que Tu \u00e9s fiel e que a Tua vontade \u00e9 boa, agrad\u00e1vel e perfeita, \u00e9 nesse lugar de confian\u00e7a que encontro seguran\u00e7a, que meu esp\u00edrito se aquieta e minha alma se alegra, mesmo diante das incertezas que a vida traz, dou gra\u00e7as pelo perd\u00e3o que recebo a cada dia, pela oportunidade de recome\u00e7ar e de crescer na Tua gra\u00e7a.\u00a0\u00a0<\/p>\r\n<h2>Gra\u00e7as ao Senhor pela Tua miseric\u00f3rdia<\/h2>\r\n<p>Reconhe\u00e7o que sou imperfeito e carente da Tua miseric\u00f3rdia, mas em Ti encontro sempre um caminho de renova\u00e7\u00e3o e esperan\u00e7a, agrade\u00e7o, Senhor, pela beleza que me cerca \u2014 a natureza exuberante, os c\u00e9us estrelados, o canto dos p\u00e1ssaros, que me lembram constantemente da Tua grandeza e criatividade.<\/p>\r\n<p>Clamo ent\u00e3o para que nunca me falte a sensibilidade de perceber as Tuas obras ao meu redor, e que minha vida possa ser um testemunho da Tua bondade, por fim, agrade\u00e7o pela f\u00e9, que \u00e9 o meu sustento e a \u00e2ncora da minha alma, por cada momento de ora\u00e7\u00e3o que me aproxima de Ti e estabelece um di\u00e1logo profundo e \u00edntimo.<\/p>\r\n<p>Consigo assim, derramar minhas ansiedades, celebrar minhas vit\u00f3rias e buscar orienta\u00e7\u00e3o, que eu nunca perca a capacidade de reconhecer a Tua presen\u00e7a nos detalhes do meu cotidiano e que, em todas as situa\u00e7\u00f5es, eu possa sempre voltar meu cora\u00e7\u00e3o para Ti, encontrando alegria e gratid\u00e3o, mesmo nas lutas.\u00a0<\/p>\r\n<h2>Gra\u00e7as ao Senhor pelo sorriso\u00a0<\/h2>\r\n<p>Entendo que que cada l\u00e1grima e cada sorriso t\u00eam um prop\u00f3sito em nossa caminhada, assim, Senhor, ofere\u00e7o Teu nome em agradecimento, pois \u00e9 a Ti que eu devo tudo e \u00e9 em Ti que encontro a verdadeira vida, a plenitude que n\u00e3o pode ser compreendida, mas que se vive a cada dia, em cada respira\u00e7\u00e3o e em cada batida do meu cora\u00e7\u00e3o.\u00a0<\/p>\r\n<p><img loading=\"lazy\" decoding=\"async\" width=\"1024\" height=\"868\" data-wp-class--hide=\"state.isContentHidden\" data-wp-class--show=\"state.isContentVisible\" data-wp-init=\"callbacks.setButtonStyles\" data-wp-on--click=\"actions.showLightbox\" data-wp-on--load=\"callbacks.setButtonStyles\" data-wp-on-window--resize=\"callbacks.setButtonStyles\" class=\"wp-image-5137\" style=\"width: 292px; height: auto;\" src=\"https:\/\/gloriadeus.com\/wp-content\/uploads\/2025\/03\/250218AMDIMG-70-1024x868.jpg\" alt=\"Deem gra\u00e7as ao Senhor\" srcset=\"https:\/\/gloriadeus.com\/wp-content\/uploads\/2025\/03\/250218AMDIMG-70-1024x868.jpg 1024w, https:\/\/gloriadeus.com\/wp-content\/uploads\/2025\/03\/250218AMDIMG-70-300x254.jpg 300w, https:\/\/gloriadeus.com\/wp-content\/uploads\/2025\/03\/250218AMDIMG-70-768x651.jpg 768w, https:\/\/gloriadeus.com\/wp-content\/uploads\/2025\/03\/250218AMDIMG-70.jpg 1125w\" sizes=\"auto, (max-width: 1024px) 100vw, 1024px\" \/><button\n\t\t\tclass=\"lightbox-trigger\"\n\t\t\ttype=\"button\"\n\t\t\taria-haspopup=\"dialog\"\n\t\t\taria-label=\"Ampliar\"\n\t\t\tdata-wp-init=\"callbacks.initTriggerButton\"\n\t\t\tdata-wp-on--click=\"actions.showLightbox\"\n\t\t\tdata-wp-style--right=\"state.imageButtonRight\"\n\t\t\tdata-wp-style--top=\"state.imageButtonTop\"\n\t\t>\n\t\t\t<svg xmlns=\"http:\/\/www.w3.org\/2000\/svg\" width=\"12\" height=\"12\" fill=\"none\" viewBox=\"0 0 12 12\">\n\t\t\t\t<path fill=\"#fff\" d=\"M2 0a2 2 0 0 0-2 2v2h1.5V2a.5.5 0 0 1 .5-.5h2V0H2Zm2 10.5H2a.5.5 0 0 1-.5-.5V8H0v2a2 2 0 0 0 2 2h2v-1.5ZM8 12v-1.5h2a.5.5 0 0 0 .5-.5V8H12v2a2 2 0 0 1-2 2H8Zm2-12a2 2 0 0 1 2 2v2h-1.5V2a.5.5 0 0 0-.5-.5H8V0h2Z\" \/>\n\t\t\t<\/svg>\n\t\t<\/button>\u00a0<\/p>\r\n<p>Que minha vida seja um reflexo do Teu amor, uma express\u00e3o de agradecimento por tudo o que \u00e9s e por tudo o que fazes, e que eu sempre possa glorificar Teu nome em cada passo, em cada escolha, e em cada palavra proferida, minha ora\u00e7\u00e3o \u00e9 que eu possa ser um instrumento de paz e amor neste mundo, levando adiante a luz que recebi de Ti.\u00a0<\/p>\r\n<h2>Gra\u00e7as ao Senhor pela felicidade\u00a0<\/h2>\r\n<p>E que por onde eu passar, as pessoas possam ver em mim um testemunho vivo da Tua gra\u00e7a e um convite para conhecer o Deus que transforma vidas, assim, entrego a Ti meu ser, minha jornada, minhas conquistas e desafios, confiando que, independentemente do que venha, sempre haver\u00e1 motivos para Te louvar e Te agradecer.<\/p>\r\n<p>Porque a Tua fidelidade n\u00e3o tem fim e o Teu amor \u00e9 imensur\u00e1vel, que meu cora\u00e7\u00e3o esteja sempre atento \u00e0s Tuas orienta\u00e7\u00f5es e que a minha vida seja um eterno hino de gratid\u00e3o, celebrando cada momento e cada fase do meu viver, com a certeza de que estou sempre sob a Tua prote\u00e7\u00e3o e cuidado infinito. Am\u00e9m.<\/p>\r\n","protected":false},"excerpt":{"rendered":"<p>Agrade\u00e7o ao Senhor com um cora\u00e7\u00e3o pleno de gratid\u00e3o, pois \u00e9 Ele quem ilumina meus caminhos e fortalece minha f\u00e9 &hellip; <\/p>\n","protected":false},"author":1,"featured_media":5136,"parent":0,"menu_order":0,"comment_status":"open","ping_status":"closed","template":"","meta":{"_uf_show_specific_survey":0,"_uf_disable_surveys":false,"footnotes":""},"class_list":["post-5133","page","type-page","status-publish","has-post-thumbnail","hentry"],"yoast_head":"<!-- This site is optimized with the Yoast SEO plugin v27.5 - https:\/\/yoast.com\/product\/yoast-seo-wordpress\/ -->\n<title>Deem gra\u00e7as ao Senhor - Gl\u00f3ria Deus<\/title>\n<meta name=\"robots\" content=\"index, follow, max-snippet:-1, max-image-preview:large, max-video-preview:-1\" \/>\n<link rel=\"canonical\" href=\"https:\/\/gloriadeus.com\/home\/deem-gracas-ao-senhor\/\" \/>\n<meta property=\"og:locale\" content=\"pt_BR\" \/>\n<meta property=\"og:type\" content=\"article\" \/>\n<meta property=\"og:title\" content=\"Deem gra\u00e7as ao Senhor - Gl\u00f3ria Deus\" \/>\n<meta property=\"og:description\" content=\"Agrade\u00e7o ao Senhor com um cora\u00e7\u00e3o pleno de gratid\u00e3o, pois \u00e9 Ele quem ilumina meus caminhos e fortalece minha f\u00e9 &hellip;\" \/>\n<meta property=\"og:url\" content=\"https:\/\/gloriadeus.com\/home\/deem-gracas-ao-senhor\/\" \/>\n<meta property=\"og:site_name\" content=\"Gl\u00f3ria Deus\" \/>\n<meta property=\"article:modified_time\" content=\"2026-02-07T15:22:43+00:00\" \/>\n<meta property=\"og:image\" content=\"https:\/\/gloriadeus.com\/wp-content\/uploads\/2025\/03\/250218AMDIMG-69.jpg\" \/>\n\t<meta property=\"og:image:width\" content=\"1125\" \/>\n\t<meta property=\"og:image:height\" content=\"1056\" \/>\n\t<meta property=\"og:image:type\" content=\"image\/jpeg\" \/>\n<meta name=\"twitter:card\" content=\"summary_large_image\" \/>\n<meta name=\"twitter:label1\" content=\"Est. tempo de leitura\" \/>\n\t<meta name=\"twitter:data1\" content=\"7 minutos\" \/>\n<script type=\"application\/ld+json\" class=\"yoast-schema-graph\">{\"@context\":\"https:\\\/\\\/schema.org\",\"@graph\":[{\"@type\":\"WebPage\",\"@id\":\"https:\\\/\\\/gloriadeus.com\\\/home\\\/deem-gracas-ao-senhor\\\/\",\"url\":\"https:\\\/\\\/gloriadeus.com\\\/home\\\/deem-gracas-ao-senhor\\\/\",\"name\":\"Deem gra\u00e7as ao Senhor - Gl\u00f3ria Deus\",\"isPartOf\":{\"@id\":\"https:\\\/\\\/gloriadeus.com\\\/home\\\/#website\"},\"primaryImageOfPage\":{\"@id\":\"https:\\\/\\\/gloriadeus.com\\\/home\\\/deem-gracas-ao-senhor\\\/#primaryimage\"},\"image\":{\"@id\":\"https:\\\/\\\/gloriadeus.com\\\/home\\\/deem-gracas-ao-senhor\\\/#primaryimage\"},\"thumbnailUrl\":\"https:\\\/\\\/gloriadeus.com\\\/wp-content\\\/uploads\\\/2025\\\/03\\\/250218AMDIMG-69.jpg\",\"datePublished\":\"2026-01-10T14:59:27+00:00\",\"dateModified\":\"2026-02-07T15:22:43+00:00\",\"breadcrumb\":{\"@id\":\"https:\\\/\\\/gloriadeus.com\\\/home\\\/deem-gracas-ao-senhor\\\/#breadcrumb\"},\"inLanguage\":\"pt-BR\",\"potentialAction\":[{\"@type\":\"ReadAction\",\"target\":[\"https:\\\/\\\/gloriadeus.com\\\/home\\\/deem-gracas-ao-senhor\\\/\"]}]},{\"@type\":\"ImageObject\",\"inLanguage\":\"pt-BR\",\"@id\":\"https:\\\/\\\/gloriadeus.com\\\/home\\\/deem-gracas-ao-senhor\\\/#primaryimage\",\"url\":\"https:\\\/\\\/gloriadeus.com\\\/wp-content\\\/uploads\\\/2025\\\/03\\\/250218AMDIMG-69.jpg\",\"contentUrl\":\"https:\\\/\\\/gloriadeus.com\\\/wp-content\\\/uploads\\\/2025\\\/03\\\/250218AMDIMG-69.jpg\",\"width\":1125,\"height\":1056,\"caption\":\"Deem gra\u00e7as ao Senhor\"},{\"@type\":\"BreadcrumbList\",\"@id\":\"https:\\\/\\\/gloriadeus.com\\\/home\\\/deem-gracas-ao-senhor\\\/#breadcrumb\",\"itemListElement\":[{\"@type\":\"ListItem\",\"position\":1,\"name\":\"In\u00edcio\",\"item\":\"https:\\\/\\\/gloriadeus.com\\\/home\\\/\"},{\"@type\":\"ListItem\",\"position\":2,\"name\":\"Deem gra\u00e7as ao Senhor\"}]},{\"@type\":\"WebSite\",\"@id\":\"https:\\\/\\\/gloriadeus.com\\\/home\\\/#website\",\"url\":\"https:\\\/\\\/gloriadeus.com\\\/home\\\/\",\"name\":\"Gloria Deus\",\"description\":\"\u21a8 Deslize para descobrir mais \u21a8\",\"publisher\":{\"@id\":\"https:\\\/\\\/gloriadeus.com\\\/home\\\/#\\\/schema\\\/person\\\/ab2365ca8f87ea38e53ba3c2275e65c4\"},\"alternateName\":\"Muita f\u00e9\",\"potentialAction\":[{\"@type\":\"SearchAction\",\"target\":{\"@type\":\"EntryPoint\",\"urlTemplate\":\"https:\\\/\\\/gloriadeus.com\\\/home\\\/?s={search_term_string}\"},\"query-input\":{\"@type\":\"PropertyValueSpecification\",\"valueRequired\":true,\"valueName\":\"search_term_string\"}}],\"inLanguage\":\"pt-BR\"},{\"@type\":[\"Person\",\"Organization\"],\"@id\":\"https:\\\/\\\/gloriadeus.com\\\/home\\\/#\\\/schema\\\/person\\\/ab2365ca8f87ea38e53ba3c2275e65c4\",\"name\":\"gloriadeus.com\",\"image\":{\"@type\":\"ImageObject\",\"inLanguage\":\"pt-BR\",\"@id\":\"https:\\\/\\\/gloriadeus.com\\\/wp-content\\\/uploads\\\/2024\\\/03\\\/230525DDPNG-21.png\",\"url\":\"https:\\\/\\\/gloriadeus.com\\\/wp-content\\\/uploads\\\/2024\\\/03\\\/230525DDPNG-21.png\",\"contentUrl\":\"https:\\\/\\\/gloriadeus.com\\\/wp-content\\\/uploads\\\/2024\\\/03\\\/230525DDPNG-21.png\",\"width\":220,\"height\":230,\"caption\":\"gloriadeus.com\"},\"logo\":{\"@id\":\"https:\\\/\\\/gloriadeus.com\\\/wp-content\\\/uploads\\\/2024\\\/03\\\/230525DDPNG-21.png\"},\"sameAs\":[\"https:\\\/\\\/gloriadeus.com\"]}]}<\/script>\n<!-- \/ Yoast SEO plugin. -->","yoast_head_json":{"title":"Deem gra\u00e7as ao Senhor - Gl\u00f3ria Deus","robots":{"index":"index","follow":"follow","max-snippet":"max-snippet:-1","max-image-preview":"max-image-preview:large","max-video-preview":"max-video-preview:-1"},"canonical":"https:\/\/gloriadeus.com\/home\/deem-gracas-ao-senhor\/","og_locale":"pt_BR","og_type":"article","og_title":"Deem gra\u00e7as ao Senhor - Gl\u00f3ria Deus","og_description":"Agrade\u00e7o ao Senhor com um cora\u00e7\u00e3o pleno de gratid\u00e3o, pois \u00e9 Ele quem ilumina meus caminhos e fortalece minha f\u00e9 &hellip;","og_url":"https:\/\/gloriadeus.com\/home\/deem-gracas-ao-senhor\/","og_site_name":"Gl\u00f3ria Deus","article_modified_time":"2026-02-07T15:22:43+00:00","og_image":[{"width":1125,"height":1056,"url":"https:\/\/gloriadeus.com\/wp-content\/uploads\/2025\/03\/250218AMDIMG-69.jpg","type":"image\/jpeg"}],"twitter_card":"summary_large_image","twitter_misc":{"Est. tempo de leitura":"7 minutos"},"schema":{"@context":"https:\/\/schema.org","@graph":[{"@type":"WebPage","@id":"https:\/\/gloriadeus.com\/home\/deem-gracas-ao-senhor\/","url":"https:\/\/gloriadeus.com\/home\/deem-gracas-ao-senhor\/","name":"Deem gra\u00e7as ao Senhor - Gl\u00f3ria Deus","isPartOf":{"@id":"https:\/\/gloriadeus.com\/home\/#website"},"primaryImageOfPage":{"@id":"https:\/\/gloriadeus.com\/home\/deem-gracas-ao-senhor\/#primaryimage"},"image":{"@id":"https:\/\/gloriadeus.com\/home\/deem-gracas-ao-senhor\/#primaryimage"},"thumbnailUrl":"https:\/\/gloriadeus.com\/wp-content\/uploads\/2025\/03\/250218AMDIMG-69.jpg","datePublished":"2026-01-10T14:59:27+00:00","dateModified":"2026-02-07T15:22:43+00:00","breadcrumb":{"@id":"https:\/\/gloriadeus.com\/home\/deem-gracas-ao-senhor\/#breadcrumb"},"inLanguage":"pt-BR","potentialAction":[{"@type":"ReadAction","target":["https:\/\/gloriadeus.com\/home\/deem-gracas-ao-senhor\/"]}]},{"@type":"ImageObject","inLanguage":"pt-BR","@id":"https:\/\/gloriadeus.com\/home\/deem-gracas-ao-senhor\/#primaryimage","url":"https:\/\/gloriadeus.com\/wp-content\/uploads\/2025\/03\/250218AMDIMG-69.jpg","contentUrl":"https:\/\/gloriadeus.com\/wp-content\/uploads\/2025\/03\/250218AMDIMG-69.jpg","width":1125,"height":1056,"caption":"Deem gra\u00e7as ao Senhor"},{"@type":"BreadcrumbList","@id":"https:\/\/gloriadeus.com\/home\/deem-gracas-ao-senhor\/#breadcrumb","itemListElement":[{"@type":"ListItem","position":1,"name":"In\u00edcio","item":"https:\/\/gloriadeus.com\/home\/"},{"@type":"ListItem","position":2,"name":"Deem gra\u00e7as ao Senhor"}]},{"@type":"WebSite","@id":"https:\/\/gloriadeus.com\/home\/#website","url":"https:\/\/gloriadeus.com\/home\/","name":"Gloria Deus","description":"\u21a8 Deslize para descobrir mais \u21a8","publisher":{"@id":"https:\/\/gloriadeus.com\/home\/#\/schema\/person\/ab2365ca8f87ea38e53ba3c2275e65c4"},"alternateName":"Muita f\u00e9","potentialAction":[{"@type":"SearchAction","target":{"@type":"EntryPoint","urlTemplate":"https:\/\/gloriadeus.com\/home\/?s={search_term_string}"},"query-input":{"@type":"PropertyValueSpecification","valueRequired":true,"valueName":"search_term_string"}}],"inLanguage":"pt-BR"},{"@type":["Person","Organization"],"@id":"https:\/\/gloriadeus.com\/home\/#\/schema\/person\/ab2365ca8f87ea38e53ba3c2275e65c4","name":"gloriadeus.com","image":{"@type":"ImageObject","inLanguage":"pt-BR","@id":"https:\/\/gloriadeus.com\/wp-content\/uploads\/2024\/03\/230525DDPNG-21.png","url":"https:\/\/gloriadeus.com\/wp-content\/uploads\/2024\/03\/230525DDPNG-21.png","contentUrl":"https:\/\/gloriadeus.com\/wp-content\/uploads\/2024\/03\/230525DDPNG-21.png","width":220,"height":230,"caption":"gloriadeus.com"},"logo":{"@id":"https:\/\/gloriadeus.com\/wp-content\/uploads\/2024\/03\/230525DDPNG-21.png"},"sameAs":["https:\/\/gloriadeus.com"]}]}},"_links":{"self":[{"href":"https:\/\/gloriadeus.com\/home\/wp-json\/wp\/v2\/pages\/5133","targetHints":{"allow":["GET"]}}],"collection":[{"href":"https:\/\/gloriadeus.com\/home\/wp-json\/wp\/v2\/pages"}],"about":[{"href":"https:\/\/gloriadeus.com\/home\/wp-json\/wp\/v2\/types\/page"}],"author":[{"embeddable":true,"href":"https:\/\/gloriadeus.com\/home\/wp-json\/wp\/v2\/users\/1"}],"replies":[{"embeddable":true,"href":"https:\/\/gloriadeus.com\/home\/wp-json\/wp\/v2\/comments?post=5133"}],"version-history":[{"count":6,"href":"https:\/\/gloriadeus.com\/home\/wp-json\/wp\/v2\/pages\/5133\/revisions"}],"predecessor-version":[{"id":10415,"href":"https:\/\/gloriadeus.com\/home\/wp-json\/wp\/v2\/pages\/5133\/revisions\/10415"}],"wp:featuredmedia":[{"embeddable":true,"href":"https:\/\/gloriadeus.com\/home\/wp-json\/wp\/v2\/media\/5136"}],"wp:attachment":[{"href":"https:\/\/gloriadeus.com\/home\/wp-json\/wp\/v2\/media?parent=5133"}],"curies":[{"name":"wp","href":"https:\/\/api.w.org\/{rel}","templated":true}]}}