{"id":5115,"date":"2026-01-09T18:36:08","date_gmt":"2026-01-09T21:36:08","guid":{"rendered":"https:\/\/gloriadeus.com\/?page_id=5115"},"modified":"2026-02-03T15:03:21","modified_gmt":"2026-02-03T18:03:21","slug":"que-possamos-guardar-em-nossos-coracoes-tudo-aquilo-que-nos-faz-bem","status":"publish","type":"page","link":"https:\/\/gloriadeus.com\/home\/que-possamos-guardar-em-nossos-coracoes-tudo-aquilo-que-nos-faz-bem\/","title":{"rendered":"Que possamos guardar em nossos cora\u00e7\u00f5es tudo aquilo que nos faz bem"},"content":{"rendered":"<!-- subtitulo, palavra e paragrafo ok -->\r\n\r\n<figure data-wp-context=\"{&quot;imageId&quot;:&quot;69fc5e821079a&quot;}\" data-wp-interactive=\"core\/image\" data-wp-key=\"69fc5e821079a\" class=\"wp-block-image size-large is-resized wp-lightbox-container\"><img loading=\"lazy\" decoding=\"async\" width=\"735\" height=\"917\" data-wp-class--hide=\"state.isContentHidden\" data-wp-class--show=\"state.isContentVisible\" data-wp-init=\"callbacks.setButtonStyles\" data-wp-on--click=\"actions.showLightbox\" data-wp-on--load=\"callbacks.setButtonStyles\" data-wp-on-window--resize=\"callbacks.setButtonStyles\" class=\"wp-image-5119\" style=\"width: 355px; height: auto;\" src=\"https:\/\/gloriadeus.com\/wp-content\/uploads\/2025\/03\/250111AMDIMG-37.jpg\" alt=\"Que possamos guardar em nossos cora\u00e7\u00f5es tudo aquilo que nos faz bem \" srcset=\"https:\/\/gloriadeus.com\/wp-content\/uploads\/2025\/03\/250111AMDIMG-37.jpg 735w, https:\/\/gloriadeus.com\/wp-content\/uploads\/2025\/03\/250111AMDIMG-37-240x300.jpg 240w\" sizes=\"auto, (max-width: 735px) 100vw, 735px\" \/><button\n\t\t\tclass=\"lightbox-trigger\"\n\t\t\ttype=\"button\"\n\t\t\taria-haspopup=\"dialog\"\n\t\t\taria-label=\"Ampliar\"\n\t\t\tdata-wp-init=\"callbacks.initTriggerButton\"\n\t\t\tdata-wp-on--click=\"actions.showLightbox\"\n\t\t\tdata-wp-style--right=\"state.imageButtonRight\"\n\t\t\tdata-wp-style--top=\"state.imageButtonTop\"\n\t\t>\n\t\t\t<svg xmlns=\"http:\/\/www.w3.org\/2000\/svg\" width=\"12\" height=\"12\" fill=\"none\" viewBox=\"0 0 12 12\">\n\t\t\t\t<path fill=\"#fff\" d=\"M2 0a2 2 0 0 0-2 2v2h1.5V2a.5.5 0 0 1 .5-.5h2V0H2Zm2 10.5H2a.5.5 0 0 1-.5-.5V8H0v2a2 2 0 0 0 2 2h2v-1.5ZM8 12v-1.5h2a.5.5 0 0 0 .5-.5V8H12v2a2 2 0 0 1-2 2H8Zm2-12a2 2 0 0 1 2 2v2h-1.5V2a.5.5 0 0 0-.5-.5H8V0h2Z\" \/>\n\t\t\t<\/svg>\n\t\t<\/button><\/figure>\r\n\r\n\r\n\r\n<p>Guardar em nossos cora\u00e7\u00f5es tudo aquilo que nos faz bem \u00e9 um exerc\u00edcio profundo e necess\u00e1rio, que come\u00e7a com a pr\u00e1tica da gratid\u00e3o, permitindo que reconhe\u00e7amos e valorizemos as pequenas alegrias do dia a dia, as experi\u00eancias que nos aquecem a alma e nos fazem sentir completos.\u00a0<\/p>\r\n<h2>Que possamos guardar em nossos cora\u00e7\u00f5es tudo aquilo que nos faz bem\u00a0<\/h2>\r\n<p>Cultivar lembran\u00e7as positivas, engajando a mente em reviver os momentos felizes, sejam eles simples como um sorriso, uma conversa profunda ou uma tarde ensolarada, \u00e9 essencial para que possamos conectar nossa ess\u00eancia com essas emo\u00e7\u00f5es boas.<\/p>\r\n<p>\u00c9 ideal criar um di\u00e1rio de <strong>gratid\u00e3o <\/strong>pode ser uma <strong>ferramenta poderosa<\/strong>, onde anotamos n\u00e3o apenas os grandes eventos, mas tamb\u00e9m as sutilezas cotidianas que nos trazem felicidade, ajudando a refor\u00e7ar a presen\u00e7a do que \u00e9 bom em nossas vidas.\u00a0<\/p>\r\n\r\n\r\n\r\n<figure data-wp-context=\"{&quot;imageId&quot;:&quot;69fc5e8210b0c&quot;}\" data-wp-interactive=\"core\/image\" data-wp-key=\"69fc5e8210b0c\" class=\"wp-block-image size-large is-resized wp-lightbox-container\"><img loading=\"lazy\" decoding=\"async\" width=\"1024\" height=\"644\" data-wp-class--hide=\"state.isContentHidden\" data-wp-class--show=\"state.isContentVisible\" data-wp-init=\"callbacks.setButtonStyles\" data-wp-on--click=\"actions.showLightbox\" data-wp-on--load=\"callbacks.setButtonStyles\" data-wp-on-window--resize=\"callbacks.setButtonStyles\" class=\"wp-image-5116\" style=\"width: 281px; height: auto;\" src=\"https:\/\/gloriadeus.com\/wp-content\/uploads\/2025\/03\/250218AMDIMG-46-1024x644.jpg\" alt=\"Que possamos guardar em nossos cora\u00e7\u00f5es tudo aquilo que nos faz bem \" srcset=\"https:\/\/gloriadeus.com\/wp-content\/uploads\/2025\/03\/250218AMDIMG-46-1024x644.jpg 1024w, https:\/\/gloriadeus.com\/wp-content\/uploads\/2025\/03\/250218AMDIMG-46-300x189.jpg 300w, https:\/\/gloriadeus.com\/wp-content\/uploads\/2025\/03\/250218AMDIMG-46-768x483.jpg 768w, https:\/\/gloriadeus.com\/wp-content\/uploads\/2025\/03\/250218AMDIMG-46.jpg 1125w\" sizes=\"auto, (max-width: 1024px) 100vw, 1024px\" \/><button\n\t\t\tclass=\"lightbox-trigger\"\n\t\t\ttype=\"button\"\n\t\t\taria-haspopup=\"dialog\"\n\t\t\taria-label=\"Ampliar\"\n\t\t\tdata-wp-init=\"callbacks.initTriggerButton\"\n\t\t\tdata-wp-on--click=\"actions.showLightbox\"\n\t\t\tdata-wp-style--right=\"state.imageButtonRight\"\n\t\t\tdata-wp-style--top=\"state.imageButtonTop\"\n\t\t>\n\t\t\t<svg xmlns=\"http:\/\/www.w3.org\/2000\/svg\" width=\"12\" height=\"12\" fill=\"none\" viewBox=\"0 0 12 12\">\n\t\t\t\t<path fill=\"#fff\" d=\"M2 0a2 2 0 0 0-2 2v2h1.5V2a.5.5 0 0 1 .5-.5h2V0H2Zm2 10.5H2a.5.5 0 0 1-.5-.5V8H0v2a2 2 0 0 0 2 2h2v-1.5ZM8 12v-1.5h2a.5.5 0 0 0 .5-.5V8H12v2a2 2 0 0 1-2 2H8Zm2-12a2 2 0 0 1 2 2v2h-1.5V2a.5.5 0 0 0-.5-.5H8V0h2Z\" \/>\n\t\t\t<\/svg>\n\t\t<\/button>\u00a0<\/figure>\r\n<p>\u00c9 importante cercar-se de pessoas que nos inspirem e tragam alegria, verdadeiros parceiros de jornada, que nos apoiam e compartilham risadas, oferecendo que compartilhemos nossas cargas e multipliquemos nossos momentos alegres, praticar o perd\u00e3o, tanto a n\u00f3s mesmos quanto aos outros, \u00e9 um passo fundamental.\u00a0<\/p>\r\n<h2>Para distribuir bons sentimentos\u00a0<\/h2>\r\n<p>Compartilhar nossos sentimentos e hist\u00f3rias com outras pessoas \u00e9 uma maneira de celebrar o que nos faz felizes, criando la\u00e7os mais profundos e refor\u00e7ando a import\u00e2ncia do apoio emocional, ao nos permitirmos sentir e expressar o que \u00e9 bom,<\/p>\r\n<p>O que fortalece n\u00e3o apenas nossas emo\u00e7\u00f5es, mas tamb\u00e9m constru\u00edmos um campo energ\u00e9tico que atrai ainda mais positividade, escolher etapas que nos desafiem de forma construtiva, como aprender algo novo ou se envolver em projetos que nos apaixonem, \u00e9 igualmente fundamental, pois eles nos proporcionam experi\u00eancias ricas que se transformam em lembran\u00e7as inesquec\u00edveis.\u00a0<\/p>\r\n<h3>\u00a0<\/h3>\r\n\r\n\r\n\r\n<figure class=\"wp-block-image size-large is-resized\"><img loading=\"lazy\" decoding=\"async\" width=\"1024\" height=\"934\" class=\"wp-image-5118\" style=\"width: 246px; height: auto;\" src=\"https:\/\/gloriadeus.com\/wp-content\/uploads\/2025\/03\/250218AMDIMG-59-1024x934.jpg\" alt=\"Que possamos guardar em nossos cora\u00e7\u00f5es tudo aquilo que nos faz bem \" srcset=\"https:\/\/gloriadeus.com\/wp-content\/uploads\/2025\/03\/250218AMDIMG-59-1024x934.jpg 1024w, https:\/\/gloriadeus.com\/wp-content\/uploads\/2025\/03\/250218AMDIMG-59-300x274.jpg 300w, https:\/\/gloriadeus.com\/wp-content\/uploads\/2025\/03\/250218AMDIMG-59-768x700.jpg 768w, https:\/\/gloriadeus.com\/wp-content\/uploads\/2025\/03\/250218AMDIMG-59.jpg 1125w\" sizes=\"auto, (max-width: 1024px) 100vw, 1024px\" \/>\u00a0<\/figure>\r\n<p>Praticar o perd\u00e3o pode nos ajudar liberando-nos de m\u00e1goas que podem obscurecer as lembran\u00e7as felizes e permitindo que o cora\u00e7\u00e3o esteja mais leve e aberto para receber novas experi\u00eancias, a medita\u00e7\u00e3o e a aten\u00e7\u00e3o plena nos ajudam a estar mais presentes, a apreciar a beleza do agora, a inundar nosso ser com a paz e a serenidade que adv\u00eam de simplesmente existir e reconhecer o que h\u00e1 de bonito em nosso entorno.\u00a0<\/p>\r\n<h2>Podemos apreciar mais cada detalhe\u00a0<\/h2>\r\n<p>Isso nos ensina a observar e a apreciar os detalhes que muitas vezes passam despercebidos, refor\u00e7ando nosso bem-estar emocional e espiritual, investir tempo em atividades que nos apaixonam, como arte, m\u00fasica ou esportes, pode ser uma forma eficaz de alimentar nosso esp\u00edrito, trazendo prazer e satisfa\u00e7\u00e3o que se traduzem em mem\u00f3rias positivas a serem guardadas em nossos cora\u00e7\u00f5es.\u00a0<\/p>\r\n<p>Construir rituais de autocuidado, que podem ser desde um banho relaxante, uma caminhada na natureza ou momentos de leitura, s\u00e3o essenciais para manter nossa sa\u00fade emocional em dia, permitindo que conectemos com nosso interior e cultivemos o que nos faz bem.<\/p>\r\n\r\n\r\n\r\n<figure class=\"wp-block-image size-large is-resized\"><img loading=\"lazy\" decoding=\"async\" width=\"1024\" height=\"814\" class=\"wp-image-5117\" style=\"width: 270px; height: auto;\" src=\"https:\/\/gloriadeus.com\/wp-content\/uploads\/2025\/03\/250218AMDIMG-50-1024x814.jpg\" alt=\"Que possamos guardar em nossos cora\u00e7\u00f5es tudo aquilo que nos faz bem \" srcset=\"https:\/\/gloriadeus.com\/wp-content\/uploads\/2025\/03\/250218AMDIMG-50-1024x814.jpg 1024w, https:\/\/gloriadeus.com\/wp-content\/uploads\/2025\/03\/250218AMDIMG-50-300x238.jpg 300w, https:\/\/gloriadeus.com\/wp-content\/uploads\/2025\/03\/250218AMDIMG-50-768x610.jpg 768w, https:\/\/gloriadeus.com\/wp-content\/uploads\/2025\/03\/250218AMDIMG-50.jpg 1125w\" sizes=\"auto, (max-width: 1024px) 100vw, 1024px\" \/>\u00a0<\/figure>\r\n\r\n\r\n\r\n<h3><span style=\"font-family: Georgia, 'Times New Roman', 'Bitstream Charter', Times, serif; font-size: 16px; font-weight: 400;\">Refletir sobre os aprendizados que vem das dificuldades tamb\u00e9m \u00e9 uma maneira de guardar no cora\u00e7\u00e3o o que nos faz bem, pois traz a compreens\u00e3o de que at\u00e9 mesmo os momentos dif\u00edceis carregam li\u00e7\u00f5es valiosas, que nos tornam mais fortes e resilientes.<\/span><\/h3>\r\n<h3>Para refletir<\/h3>\r\n<p>Lembrar-se de que o amor, seja ele pr\u00f3prio ou direcionado a outros, \u00e9 uma das for\u00e7as mais poderosas que podemos cultivar dentro de n\u00f3s, pois ele nos conecta tanto com o nosso ser interior quanto com o mundo ao nosso redor.<\/p>\r\n<p>Trazendo com tudo um sentido profundo \u00e0 nossa exist\u00eancia e colorindo nossos dias com as tonalidades vibrantes da alegria, da esperan\u00e7a e da paz.<\/p>\r\n","protected":false},"excerpt":{"rendered":"<p>Guardar em nossos cora\u00e7\u00f5es tudo aquilo que nos faz bem \u00e9 um exerc\u00edcio profundo e necess\u00e1rio, que come\u00e7a com a &hellip; <\/p>\n","protected":false},"author":1,"featured_media":5119,"parent":0,"menu_order":0,"comment_status":"open","ping_status":"closed","template":"","meta":{"_uf_show_specific_survey":0,"_uf_disable_surveys":false,"footnotes":""},"class_list":["post-5115","page","type-page","status-publish","has-post-thumbnail","hentry"],"yoast_head":"<!-- This site is optimized with the Yoast SEO plugin v27.5 - https:\/\/yoast.com\/product\/yoast-seo-wordpress\/ -->\n<title>Que possamos guardar em nossos cora\u00e7\u00f5es tudo aquilo que nos faz bem - Gl\u00f3ria Deus<\/title>\n<meta name=\"robots\" content=\"index, follow, max-snippet:-1, max-image-preview:large, max-video-preview:-1\" \/>\n<link rel=\"canonical\" href=\"https:\/\/gloriadeus.com\/home\/que-possamos-guardar-em-nossos-coracoes-tudo-aquilo-que-nos-faz-bem\/\" \/>\n<meta property=\"og:locale\" content=\"pt_BR\" \/>\n<meta property=\"og:type\" content=\"article\" \/>\n<meta property=\"og:title\" content=\"Que possamos guardar em nossos cora\u00e7\u00f5es tudo aquilo que nos faz bem - Gl\u00f3ria Deus\" \/>\n<meta property=\"og:description\" content=\"Guardar em nossos cora\u00e7\u00f5es tudo aquilo que nos faz bem \u00e9 um exerc\u00edcio profundo e necess\u00e1rio, que come\u00e7a com a &hellip;\" \/>\n<meta property=\"og:url\" content=\"https:\/\/gloriadeus.com\/home\/que-possamos-guardar-em-nossos-coracoes-tudo-aquilo-que-nos-faz-bem\/\" \/>\n<meta property=\"og:site_name\" content=\"Gl\u00f3ria Deus\" \/>\n<meta property=\"article:modified_time\" content=\"2026-02-03T18:03:21+00:00\" \/>\n<meta property=\"og:image\" content=\"https:\/\/gloriadeus.com\/wp-content\/uploads\/2025\/03\/250111AMDIMG-37.jpg\" \/>\n\t<meta property=\"og:image:width\" content=\"735\" \/>\n\t<meta property=\"og:image:height\" content=\"917\" \/>\n\t<meta property=\"og:image:type\" content=\"image\/jpeg\" \/>\n<meta name=\"twitter:card\" content=\"summary_large_image\" \/>\n<meta name=\"twitter:label1\" content=\"Est. tempo de leitura\" \/>\n\t<meta name=\"twitter:data1\" content=\"5 minutos\" \/>\n<script type=\"application\/ld+json\" class=\"yoast-schema-graph\">{\"@context\":\"https:\\\/\\\/schema.org\",\"@graph\":[{\"@type\":\"WebPage\",\"@id\":\"https:\\\/\\\/gloriadeus.com\\\/home\\\/que-possamos-guardar-em-nossos-coracoes-tudo-aquilo-que-nos-faz-bem\\\/\",\"url\":\"https:\\\/\\\/gloriadeus.com\\\/home\\\/que-possamos-guardar-em-nossos-coracoes-tudo-aquilo-que-nos-faz-bem\\\/\",\"name\":\"Que possamos guardar em nossos cora\u00e7\u00f5es tudo aquilo que nos faz bem - Gl\u00f3ria Deus\",\"isPartOf\":{\"@id\":\"https:\\\/\\\/gloriadeus.com\\\/home\\\/#website\"},\"primaryImageOfPage\":{\"@id\":\"https:\\\/\\\/gloriadeus.com\\\/home\\\/que-possamos-guardar-em-nossos-coracoes-tudo-aquilo-que-nos-faz-bem\\\/#primaryimage\"},\"image\":{\"@id\":\"https:\\\/\\\/gloriadeus.com\\\/home\\\/que-possamos-guardar-em-nossos-coracoes-tudo-aquilo-que-nos-faz-bem\\\/#primaryimage\"},\"thumbnailUrl\":\"https:\\\/\\\/gloriadeus.com\\\/wp-content\\\/uploads\\\/2025\\\/03\\\/250111AMDIMG-37.jpg\",\"datePublished\":\"2026-01-09T21:36:08+00:00\",\"dateModified\":\"2026-02-03T18:03:21+00:00\",\"breadcrumb\":{\"@id\":\"https:\\\/\\\/gloriadeus.com\\\/home\\\/que-possamos-guardar-em-nossos-coracoes-tudo-aquilo-que-nos-faz-bem\\\/#breadcrumb\"},\"inLanguage\":\"pt-BR\",\"potentialAction\":[{\"@type\":\"ReadAction\",\"target\":[\"https:\\\/\\\/gloriadeus.com\\\/home\\\/que-possamos-guardar-em-nossos-coracoes-tudo-aquilo-que-nos-faz-bem\\\/\"]}]},{\"@type\":\"ImageObject\",\"inLanguage\":\"pt-BR\",\"@id\":\"https:\\\/\\\/gloriadeus.com\\\/home\\\/que-possamos-guardar-em-nossos-coracoes-tudo-aquilo-que-nos-faz-bem\\\/#primaryimage\",\"url\":\"https:\\\/\\\/gloriadeus.com\\\/wp-content\\\/uploads\\\/2025\\\/03\\\/250111AMDIMG-37.jpg\",\"contentUrl\":\"https:\\\/\\\/gloriadeus.com\\\/wp-content\\\/uploads\\\/2025\\\/03\\\/250111AMDIMG-37.jpg\",\"width\":735,\"height\":917,\"caption\":\"Que possamos guardar em nossos cora\u00e7\u00f5es tudo aquilo que nos faz bem\"},{\"@type\":\"BreadcrumbList\",\"@id\":\"https:\\\/\\\/gloriadeus.com\\\/home\\\/que-possamos-guardar-em-nossos-coracoes-tudo-aquilo-que-nos-faz-bem\\\/#breadcrumb\",\"itemListElement\":[{\"@type\":\"ListItem\",\"position\":1,\"name\":\"In\u00edcio\",\"item\":\"https:\\\/\\\/gloriadeus.com\\\/home\\\/\"},{\"@type\":\"ListItem\",\"position\":2,\"name\":\"Que possamos guardar em nossos cora\u00e7\u00f5es tudo aquilo que nos faz bem\"}]},{\"@type\":\"WebSite\",\"@id\":\"https:\\\/\\\/gloriadeus.com\\\/home\\\/#website\",\"url\":\"https:\\\/\\\/gloriadeus.com\\\/home\\\/\",\"name\":\"Gloria Deus\",\"description\":\"\u21a8 Deslize para descobrir mais \u21a8\",\"publisher\":{\"@id\":\"https:\\\/\\\/gloriadeus.com\\\/home\\\/#\\\/schema\\\/person\\\/ab2365ca8f87ea38e53ba3c2275e65c4\"},\"alternateName\":\"Muita f\u00e9\",\"potentialAction\":[{\"@type\":\"SearchAction\",\"target\":{\"@type\":\"EntryPoint\",\"urlTemplate\":\"https:\\\/\\\/gloriadeus.com\\\/home\\\/?s={search_term_string}\"},\"query-input\":{\"@type\":\"PropertyValueSpecification\",\"valueRequired\":true,\"valueName\":\"search_term_string\"}}],\"inLanguage\":\"pt-BR\"},{\"@type\":[\"Person\",\"Organization\"],\"@id\":\"https:\\\/\\\/gloriadeus.com\\\/home\\\/#\\\/schema\\\/person\\\/ab2365ca8f87ea38e53ba3c2275e65c4\",\"name\":\"gloriadeus.com\",\"image\":{\"@type\":\"ImageObject\",\"inLanguage\":\"pt-BR\",\"@id\":\"https:\\\/\\\/gloriadeus.com\\\/wp-content\\\/uploads\\\/2024\\\/03\\\/230525DDPNG-21.png\",\"url\":\"https:\\\/\\\/gloriadeus.com\\\/wp-content\\\/uploads\\\/2024\\\/03\\\/230525DDPNG-21.png\",\"contentUrl\":\"https:\\\/\\\/gloriadeus.com\\\/wp-content\\\/uploads\\\/2024\\\/03\\\/230525DDPNG-21.png\",\"width\":220,\"height\":230,\"caption\":\"gloriadeus.com\"},\"logo\":{\"@id\":\"https:\\\/\\\/gloriadeus.com\\\/wp-content\\\/uploads\\\/2024\\\/03\\\/230525DDPNG-21.png\"},\"sameAs\":[\"https:\\\/\\\/gloriadeus.com\"]}]}<\/script>\n<!-- \/ Yoast SEO plugin. -->","yoast_head_json":{"title":"Que possamos guardar em nossos cora\u00e7\u00f5es tudo aquilo que nos faz bem - Gl\u00f3ria Deus","robots":{"index":"index","follow":"follow","max-snippet":"max-snippet:-1","max-image-preview":"max-image-preview:large","max-video-preview":"max-video-preview:-1"},"canonical":"https:\/\/gloriadeus.com\/home\/que-possamos-guardar-em-nossos-coracoes-tudo-aquilo-que-nos-faz-bem\/","og_locale":"pt_BR","og_type":"article","og_title":"Que possamos guardar em nossos cora\u00e7\u00f5es tudo aquilo que nos faz bem - Gl\u00f3ria Deus","og_description":"Guardar em nossos cora\u00e7\u00f5es tudo aquilo que nos faz bem \u00e9 um exerc\u00edcio profundo e necess\u00e1rio, que come\u00e7a com a &hellip;","og_url":"https:\/\/gloriadeus.com\/home\/que-possamos-guardar-em-nossos-coracoes-tudo-aquilo-que-nos-faz-bem\/","og_site_name":"Gl\u00f3ria Deus","article_modified_time":"2026-02-03T18:03:21+00:00","og_image":[{"width":735,"height":917,"url":"https:\/\/gloriadeus.com\/wp-content\/uploads\/2025\/03\/250111AMDIMG-37.jpg","type":"image\/jpeg"}],"twitter_card":"summary_large_image","twitter_misc":{"Est. tempo de leitura":"5 minutos"},"schema":{"@context":"https:\/\/schema.org","@graph":[{"@type":"WebPage","@id":"https:\/\/gloriadeus.com\/home\/que-possamos-guardar-em-nossos-coracoes-tudo-aquilo-que-nos-faz-bem\/","url":"https:\/\/gloriadeus.com\/home\/que-possamos-guardar-em-nossos-coracoes-tudo-aquilo-que-nos-faz-bem\/","name":"Que possamos guardar em nossos cora\u00e7\u00f5es tudo aquilo que nos faz bem - Gl\u00f3ria Deus","isPartOf":{"@id":"https:\/\/gloriadeus.com\/home\/#website"},"primaryImageOfPage":{"@id":"https:\/\/gloriadeus.com\/home\/que-possamos-guardar-em-nossos-coracoes-tudo-aquilo-que-nos-faz-bem\/#primaryimage"},"image":{"@id":"https:\/\/gloriadeus.com\/home\/que-possamos-guardar-em-nossos-coracoes-tudo-aquilo-que-nos-faz-bem\/#primaryimage"},"thumbnailUrl":"https:\/\/gloriadeus.com\/wp-content\/uploads\/2025\/03\/250111AMDIMG-37.jpg","datePublished":"2026-01-09T21:36:08+00:00","dateModified":"2026-02-03T18:03:21+00:00","breadcrumb":{"@id":"https:\/\/gloriadeus.com\/home\/que-possamos-guardar-em-nossos-coracoes-tudo-aquilo-que-nos-faz-bem\/#breadcrumb"},"inLanguage":"pt-BR","potentialAction":[{"@type":"ReadAction","target":["https:\/\/gloriadeus.com\/home\/que-possamos-guardar-em-nossos-coracoes-tudo-aquilo-que-nos-faz-bem\/"]}]},{"@type":"ImageObject","inLanguage":"pt-BR","@id":"https:\/\/gloriadeus.com\/home\/que-possamos-guardar-em-nossos-coracoes-tudo-aquilo-que-nos-faz-bem\/#primaryimage","url":"https:\/\/gloriadeus.com\/wp-content\/uploads\/2025\/03\/250111AMDIMG-37.jpg","contentUrl":"https:\/\/gloriadeus.com\/wp-content\/uploads\/2025\/03\/250111AMDIMG-37.jpg","width":735,"height":917,"caption":"Que possamos guardar em nossos cora\u00e7\u00f5es tudo aquilo que nos faz bem"},{"@type":"BreadcrumbList","@id":"https:\/\/gloriadeus.com\/home\/que-possamos-guardar-em-nossos-coracoes-tudo-aquilo-que-nos-faz-bem\/#breadcrumb","itemListElement":[{"@type":"ListItem","position":1,"name":"In\u00edcio","item":"https:\/\/gloriadeus.com\/home\/"},{"@type":"ListItem","position":2,"name":"Que possamos guardar em nossos cora\u00e7\u00f5es tudo aquilo que nos faz bem"}]},{"@type":"WebSite","@id":"https:\/\/gloriadeus.com\/home\/#website","url":"https:\/\/gloriadeus.com\/home\/","name":"Gloria Deus","description":"\u21a8 Deslize para descobrir mais \u21a8","publisher":{"@id":"https:\/\/gloriadeus.com\/home\/#\/schema\/person\/ab2365ca8f87ea38e53ba3c2275e65c4"},"alternateName":"Muita f\u00e9","potentialAction":[{"@type":"SearchAction","target":{"@type":"EntryPoint","urlTemplate":"https:\/\/gloriadeus.com\/home\/?s={search_term_string}"},"query-input":{"@type":"PropertyValueSpecification","valueRequired":true,"valueName":"search_term_string"}}],"inLanguage":"pt-BR"},{"@type":["Person","Organization"],"@id":"https:\/\/gloriadeus.com\/home\/#\/schema\/person\/ab2365ca8f87ea38e53ba3c2275e65c4","name":"gloriadeus.com","image":{"@type":"ImageObject","inLanguage":"pt-BR","@id":"https:\/\/gloriadeus.com\/wp-content\/uploads\/2024\/03\/230525DDPNG-21.png","url":"https:\/\/gloriadeus.com\/wp-content\/uploads\/2024\/03\/230525DDPNG-21.png","contentUrl":"https:\/\/gloriadeus.com\/wp-content\/uploads\/2024\/03\/230525DDPNG-21.png","width":220,"height":230,"caption":"gloriadeus.com"},"logo":{"@id":"https:\/\/gloriadeus.com\/wp-content\/uploads\/2024\/03\/230525DDPNG-21.png"},"sameAs":["https:\/\/gloriadeus.com"]}]}},"_links":{"self":[{"href":"https:\/\/gloriadeus.com\/home\/wp-json\/wp\/v2\/pages\/5115","targetHints":{"allow":["GET"]}}],"collection":[{"href":"https:\/\/gloriadeus.com\/home\/wp-json\/wp\/v2\/pages"}],"about":[{"href":"https:\/\/gloriadeus.com\/home\/wp-json\/wp\/v2\/types\/page"}],"author":[{"embeddable":true,"href":"https:\/\/gloriadeus.com\/home\/wp-json\/wp\/v2\/users\/1"}],"replies":[{"embeddable":true,"href":"https:\/\/gloriadeus.com\/home\/wp-json\/wp\/v2\/comments?post=5115"}],"version-history":[{"count":6,"href":"https:\/\/gloriadeus.com\/home\/wp-json\/wp\/v2\/pages\/5115\/revisions"}],"predecessor-version":[{"id":10285,"href":"https:\/\/gloriadeus.com\/home\/wp-json\/wp\/v2\/pages\/5115\/revisions\/10285"}],"wp:featuredmedia":[{"embeddable":true,"href":"https:\/\/gloriadeus.com\/home\/wp-json\/wp\/v2\/media\/5119"}],"wp:attachment":[{"href":"https:\/\/gloriadeus.com\/home\/wp-json\/wp\/v2\/media?parent=5115"}],"curies":[{"name":"wp","href":"https:\/\/api.w.org\/{rel}","templated":true}]}}