{"id":5096,"date":"2026-01-09T18:07:09","date_gmt":"2026-01-09T21:07:09","guid":{"rendered":"https:\/\/gloriadeus.com\/?page_id=5096"},"modified":"2026-02-05T07:52:02","modified_gmt":"2026-02-05T10:52:02","slug":"e-proibido-desistir-fe-em-deus-sempre","status":"publish","type":"page","link":"https:\/\/gloriadeus.com\/home\/e-proibido-desistir-fe-em-deus-sempre\/","title":{"rendered":"\u00c9 proibido desistir &#8211; F\u00e9 em Deus #sempre"},"content":{"rendered":"<!-- subtitulo, palavra, paragrafo ok -->\r\n\r\n\r\n<figure data-wp-context=\"{&quot;imageId&quot;:&quot;69fa4b439e191&quot;}\" data-wp-interactive=\"core\/image\" data-wp-key=\"69fa4b439e191\" class=\"wp-block-image size-large is-resized wp-lightbox-container\"><img loading=\"lazy\" decoding=\"async\" width=\"825\" height=\"1024\" data-wp-class--hide=\"state.isContentHidden\" data-wp-class--show=\"state.isContentVisible\" data-wp-init=\"callbacks.setButtonStyles\" data-wp-on--click=\"actions.showLightbox\" data-wp-on--load=\"callbacks.setButtonStyles\" data-wp-on-window--resize=\"callbacks.setButtonStyles\" class=\"wp-image-5098\" style=\"width: 239px; height: auto;\" src=\"https:\/\/gloriadeus.com\/wp-content\/uploads\/2025\/03\/250218AMDIMG-43-825x1024.jpg\" alt=\"\u00c9 proibido desistir - F\u00e9 em Deus #sempre\" srcset=\"https:\/\/gloriadeus.com\/wp-content\/uploads\/2025\/03\/250218AMDIMG-43-825x1024.jpg 825w, https:\/\/gloriadeus.com\/wp-content\/uploads\/2025\/03\/250218AMDIMG-43-242x300.jpg 242w, https:\/\/gloriadeus.com\/wp-content\/uploads\/2025\/03\/250218AMDIMG-43-768x953.jpg 768w, https:\/\/gloriadeus.com\/wp-content\/uploads\/2025\/03\/250218AMDIMG-43.jpg 1031w\" sizes=\"auto, (max-width: 825px) 100vw, 825px\" \/><button\n\t\t\tclass=\"lightbox-trigger\"\n\t\t\ttype=\"button\"\n\t\t\taria-haspopup=\"dialog\"\n\t\t\taria-label=\"Ampliar\"\n\t\t\tdata-wp-init=\"callbacks.initTriggerButton\"\n\t\t\tdata-wp-on--click=\"actions.showLightbox\"\n\t\t\tdata-wp-style--right=\"state.imageButtonRight\"\n\t\t\tdata-wp-style--top=\"state.imageButtonTop\"\n\t\t>\n\t\t\t<svg xmlns=\"http:\/\/www.w3.org\/2000\/svg\" width=\"12\" height=\"12\" fill=\"none\" viewBox=\"0 0 12 12\">\n\t\t\t\t<path fill=\"#fff\" d=\"M2 0a2 2 0 0 0-2 2v2h1.5V2a.5.5 0 0 1 .5-.5h2V0H2Zm2 10.5H2a.5.5 0 0 1-.5-.5V8H0v2a2 2 0 0 0 2 2h2v-1.5ZM8 12v-1.5h2a.5.5 0 0 0 .5-.5V8H12v2a2 2 0 0 1-2 2H8Zm2-12a2 2 0 0 1 2 2v2h-1.5V2a.5.5 0 0 0-.5-.5H8V0h2Z\" \/>\n\t\t\t<\/svg>\n\t\t<\/button><\/figure>\r\n\r\n\r\n\r\n<p>\u00c9 proibido desistir, pois a vida \u00e9 uma jornada repleta de desafios, onde cada obst\u00e1culo se transforma em uma oportunidade de aprendizado e crescimento pessoal, e mesmo nos momentos mais dif\u00edceis, quando a esperan\u00e7a parece distante, devemos lembrar que a f\u00e9 em Deus \u00e9 uma luz que nunca se apaga, guiando nossos passos com amor e sabedoria.<\/p>\r\n<p>\u00c9 preciso acreditar que cada l\u00e1grima derramada tem um prop\u00f3sito, cada fracasso \u00e9 uma li\u00e7\u00e3o disfar\u00e7ada, e cada dificuldade nos molda e nos prepara para as vit\u00f3rias que ainda est\u00e3o por vir, mesmo quando a estrada se torna \u00edngreme e o cansa\u00e7o se instala.<\/p>\r\n<p>N\u00e3o podemos permitir que o des\u00e2nimo nos domine, pois a persist\u00eancia \u00e9 uma virtude que nos conecta com o divino, e ao mantermos a f\u00e9, atra\u00edmos energias positivas que nos impulsionam para frente, existem dias em que parecer\u00e1 mais f\u00e1cil desistir do que enfrentar os desafios.<\/p>\r\n\r\n\r\n\r\n<figure data-wp-context=\"{&quot;imageId&quot;:&quot;69fa4b439e4c4&quot;}\" data-wp-interactive=\"core\/image\" data-wp-key=\"69fa4b439e4c4\" class=\"wp-block-image size-large is-resized wp-lightbox-container\"><img loading=\"lazy\" decoding=\"async\" width=\"736\" height=\"842\" data-wp-class--hide=\"state.isContentHidden\" data-wp-class--show=\"state.isContentVisible\" data-wp-init=\"callbacks.setButtonStyles\" data-wp-on--click=\"actions.showLightbox\" data-wp-on--load=\"callbacks.setButtonStyles\" data-wp-on-window--resize=\"callbacks.setButtonStyles\" class=\"wp-image-5100\" style=\"width: 306px; height: auto;\" src=\"https:\/\/gloriadeus.com\/wp-content\/uploads\/2025\/03\/250111AMDIMG-35.jpg\" alt=\"\u00c9 proibido desistir - F\u00e9 em Deus #sempre\" srcset=\"https:\/\/gloriadeus.com\/wp-content\/uploads\/2025\/03\/250111AMDIMG-35.jpg 736w, https:\/\/gloriadeus.com\/wp-content\/uploads\/2025\/03\/250111AMDIMG-35-262x300.jpg 262w\" sizes=\"auto, (max-width: 736px) 100vw, 736px\" \/><button\n\t\t\tclass=\"lightbox-trigger\"\n\t\t\ttype=\"button\"\n\t\t\taria-haspopup=\"dialog\"\n\t\t\taria-label=\"Ampliar\"\n\t\t\tdata-wp-init=\"callbacks.initTriggerButton\"\n\t\t\tdata-wp-on--click=\"actions.showLightbox\"\n\t\t\tdata-wp-style--right=\"state.imageButtonRight\"\n\t\t\tdata-wp-style--top=\"state.imageButtonTop\"\n\t\t>\n\t\t\t<svg xmlns=\"http:\/\/www.w3.org\/2000\/svg\" width=\"12\" height=\"12\" fill=\"none\" viewBox=\"0 0 12 12\">\n\t\t\t\t<path fill=\"#fff\" d=\"M2 0a2 2 0 0 0-2 2v2h1.5V2a.5.5 0 0 1 .5-.5h2V0H2Zm2 10.5H2a.5.5 0 0 1-.5-.5V8H0v2a2 2 0 0 0 2 2h2v-1.5ZM8 12v-1.5h2a.5.5 0 0 0 .5-.5V8H12v2a2 2 0 0 1-2 2H8Zm2-12a2 2 0 0 1 2 2v2h-1.5V2a.5.5 0 0 0-.5-.5H8V0h2Z\" \/>\n\t\t\t<\/svg>\n\t\t<\/button>\u00a0<\/figure>\r\n\r\n\r\n\r\n\r\n\r\n<p>\u00c9 exatamente nesses momentos que devemos nos lembrar do poder da ora\u00e7\u00e3o, que nos fortalece e nos d\u00e1 clareza, renova nossas esperan\u00e7as e resgata nossas motiva\u00e7\u00f5es, a lealdade \u00e0 nossa pr\u00f3pria jornada deve ser inabal\u00e1vel, mesmo que o mundo ao nosso redor nos teste constantemente.\u00a0<\/p>\r\n<p>\u00c9 essencial cultivar um esp\u00edrito resiliente, que n\u00e3o se deixa abalar pelas adversidades, pois cada passo dado \u00e9 uma confirma\u00e7\u00e3o da nossa determina\u00e7\u00e3o e da nossa cren\u00e7a em algo maior, que nos protege e nos direciona, muitos grandes l\u00edderes e vision\u00e1rios enfrentaram obst\u00e1culos quase insuper\u00e1veis antes de alcan\u00e7arem suas conquistas.<\/p>\r\n<p>A diferen\u00e7a entre aqueles que alcan\u00e7aram o sucesso e os que desistiram muitas vezes se resume \u00e0 perseveran\u00e7a e \u00e0 f\u00e9, por isso, precisamos sempre manter em mente que as dificuldades s\u00e3o tempor\u00e1rias e que a recompensa por nosso esfor\u00e7o pode ser grandiosa.\u00a0<\/p>\r\n<p><img loading=\"lazy\" decoding=\"async\" width=\"1024\" height=\"939\" class=\"wp-image-5101\" style=\"width: 250px; height: auto;\" src=\"https:\/\/gloriadeus.com\/wp-content\/uploads\/2025\/03\/250218AMDIMG-42-1024x939.jpg\" alt=\"\u00c9 proibido desistir - F\u00e9 em Deus #sempre\" srcset=\"https:\/\/gloriadeus.com\/wp-content\/uploads\/2025\/03\/250218AMDIMG-42-1024x939.jpg 1024w, https:\/\/gloriadeus.com\/wp-content\/uploads\/2025\/03\/250218AMDIMG-42-300x275.jpg 300w, https:\/\/gloriadeus.com\/wp-content\/uploads\/2025\/03\/250218AMDIMG-42-768x705.jpg 768w, https:\/\/gloriadeus.com\/wp-content\/uploads\/2025\/03\/250218AMDIMG-42.jpg 1125w\" sizes=\"auto, (max-width: 1024px) 100vw, 1024px\" \/>\u00a0<\/p>\r\n<p>\u00c9 a f\u00e9 em Deus que nos sustenta, nos lembrando que nunca estamos sozinhos, e que, mesmo nas noites mais escuras, h\u00e1 sempre uma promessa de amanhecer.\u00a0<\/p>\r\n<p>Ser forte n\u00e3o significa n\u00e3o sentir dor ou n\u00e3o enfrentar medos, mas sim decidir seguir em frente apesar deles, com a certeza de que Deus est\u00e1 conosco em cada passo, em cada l\u00e1grima e em cada riso, devemos nos cercar de pessoas que nos incentive, que compartilhem da mesma f\u00e9 e que igualmente se recusem a desistir.<\/p>\r\n<p>Juntos, fortalecemos uns aos outros e cultivamos um ambiente de motiva\u00e7\u00e3o e amor fraternal, e ao olharmos para tr\u00e1s, veremos que cada pequena vit\u00f3ria foi fruto de nossa determina\u00e7\u00e3o e f\u00e9, ent\u00e3o, que fique claro \u2192 Est\u00e1 proibido desistir, uma vez que devemos sempre buscar o prop\u00f3sito em cada situa\u00e7\u00e3o, mesmo nas mais dif\u00edceis.\u00a0<\/p>\r\n\r\n\r\n\r\n<figure data-wp-context=\"{&quot;imageId&quot;:&quot;69fa4b439e7bd&quot;}\" data-wp-interactive=\"core\/image\" data-wp-key=\"69fa4b439e7bd\" class=\"wp-block-image size-large is-resized wp-lightbox-container\"><img loading=\"lazy\" decoding=\"async\" width=\"1024\" height=\"1021\" data-wp-class--hide=\"state.isContentHidden\" data-wp-class--show=\"state.isContentVisible\" data-wp-init=\"callbacks.setButtonStyles\" data-wp-on--click=\"actions.showLightbox\" data-wp-on--load=\"callbacks.setButtonStyles\" data-wp-on-window--resize=\"callbacks.setButtonStyles\" class=\"wp-image-5099\" style=\"width: 288px; height: auto;\" src=\"https:\/\/gloriadeus.com\/wp-content\/uploads\/2025\/03\/250218AMDIMG-48-1024x1021.jpg\" alt=\"\u00c9 proibido desistir - F\u00e9 em Deus #sempre\" srcset=\"https:\/\/gloriadeus.com\/wp-content\/uploads\/2025\/03\/250218AMDIMG-48-1024x1021.jpg 1024w, https:\/\/gloriadeus.com\/wp-content\/uploads\/2025\/03\/250218AMDIMG-48-300x300.jpg 300w, https:\/\/gloriadeus.com\/wp-content\/uploads\/2025\/03\/250218AMDIMG-48-150x150.jpg 150w, https:\/\/gloriadeus.com\/wp-content\/uploads\/2025\/03\/250218AMDIMG-48-768x766.jpg 768w, https:\/\/gloriadeus.com\/wp-content\/uploads\/2025\/03\/250218AMDIMG-48.jpg 1125w\" sizes=\"auto, (max-width: 1024px) 100vw, 1024px\" \/><button\n\t\t\tclass=\"lightbox-trigger\"\n\t\t\ttype=\"button\"\n\t\t\taria-haspopup=\"dialog\"\n\t\t\taria-label=\"Ampliar\"\n\t\t\tdata-wp-init=\"callbacks.initTriggerButton\"\n\t\t\tdata-wp-on--click=\"actions.showLightbox\"\n\t\t\tdata-wp-style--right=\"state.imageButtonRight\"\n\t\t\tdata-wp-style--top=\"state.imageButtonTop\"\n\t\t>\n\t\t\t<svg xmlns=\"http:\/\/www.w3.org\/2000\/svg\" width=\"12\" height=\"12\" fill=\"none\" viewBox=\"0 0 12 12\">\n\t\t\t\t<path fill=\"#fff\" d=\"M2 0a2 2 0 0 0-2 2v2h1.5V2a.5.5 0 0 1 .5-.5h2V0H2Zm2 10.5H2a.5.5 0 0 1-.5-.5V8H0v2a2 2 0 0 0 2 2h2v-1.5ZM8 12v-1.5h2a.5.5 0 0 0 .5-.5V8H12v2a2 2 0 0 1-2 2H8Zm2-12a2 2 0 0 1 2 2v2h-1.5V2a.5.5 0 0 0-.5-.5H8V0h2Z\" \/>\n\t\t\t<\/svg>\n\t\t<\/button>\u00a0<\/figure>\r\n\r\n\r\n\r\n\r\n\r\n\r\n\r\n<p>A f\u00e9 nos chama a agir e a acreditar, a perseveran\u00e7a se torna um ato de amor a n\u00f3s mesmos e um tributo \u00e0 cren\u00e7a no que vir\u00e1, por isso, levantemos a cabe\u00e7a e sigamos em frente, sempre com a f\u00e9 em Deus como nosso guia, pois \u00e9 nesse caminho que encontramos a verdadeira for\u00e7a para n\u00e3o desistir, e ao fazermos isso.<\/p>\r\n<p>N\u00e3o apenas transformamos nossas vidas, mas tamb\u00e9m impactamos positivamente aqueles que nos cercam, irradiando esperan\u00e7a e inspira\u00e7\u00e3o, e assim, criamos um ciclo de f\u00e9 e resili\u00eancia que transcende as adversidades e nos aproxima do nosso destino.\u00a0<\/p>\r\n<p>\u00c9proibido desistir, pois em cada momento de fraqueza, encontramos a oportunidade de reafirmar nossa for\u00e7a, e assim, com a certeza de que tudo tem um prop\u00f3sito, seguimos firmes, pautados pela f\u00e9 que nos convida a lembrar que o amor de Deus \u00e9 infinito e que, com Ele ao nosso lado, n\u00e3o h\u00e1 imposs\u00edveis.<\/p>\r\n","protected":false},"excerpt":{"rendered":"<p>\u00c9 proibido desistir, pois a vida \u00e9 uma jornada repleta de desafios, onde cada obst\u00e1culo se transforma em uma oportunidade &hellip; <\/p>\n","protected":false},"author":1,"featured_media":5098,"parent":0,"menu_order":0,"comment_status":"open","ping_status":"closed","template":"","meta":{"_uf_show_specific_survey":0,"_uf_disable_surveys":false,"footnotes":""},"class_list":["post-5096","page","type-page","status-publish","has-post-thumbnail","hentry"],"yoast_head":"<!-- This site is optimized with the Yoast SEO plugin v27.5 - https:\/\/yoast.com\/product\/yoast-seo-wordpress\/ -->\n<title>\u00c9 proibido desistir - F\u00e9 em Deus #sempre - Gl\u00f3ria Deus<\/title>\n<meta name=\"robots\" content=\"index, follow, max-snippet:-1, max-image-preview:large, max-video-preview:-1\" \/>\n<link rel=\"canonical\" href=\"https:\/\/gloriadeus.com\/home\/e-proibido-desistir-fe-em-deus-sempre\/\" \/>\n<meta property=\"og:locale\" content=\"pt_BR\" \/>\n<meta property=\"og:type\" content=\"article\" \/>\n<meta property=\"og:title\" content=\"\u00c9 proibido desistir - F\u00e9 em Deus #sempre - Gl\u00f3ria Deus\" \/>\n<meta property=\"og:description\" content=\"\u00c9 proibido desistir, pois a vida \u00e9 uma jornada repleta de desafios, onde cada obst\u00e1culo se transforma em uma oportunidade &hellip;\" \/>\n<meta property=\"og:url\" content=\"https:\/\/gloriadeus.com\/home\/e-proibido-desistir-fe-em-deus-sempre\/\" \/>\n<meta property=\"og:site_name\" content=\"Gl\u00f3ria Deus\" \/>\n<meta property=\"article:modified_time\" content=\"2026-02-05T10:52:02+00:00\" \/>\n<meta property=\"og:image\" content=\"https:\/\/gloriadeus.com\/wp-content\/uploads\/2025\/03\/250218AMDIMG-43.jpg\" \/>\n\t<meta property=\"og:image:width\" content=\"1031\" \/>\n\t<meta property=\"og:image:height\" content=\"1280\" \/>\n\t<meta property=\"og:image:type\" content=\"image\/jpeg\" \/>\n<meta name=\"twitter:card\" content=\"summary_large_image\" \/>\n<meta name=\"twitter:label1\" content=\"Est. tempo de leitura\" \/>\n\t<meta name=\"twitter:data1\" content=\"5 minutos\" \/>\n<script type=\"application\/ld+json\" class=\"yoast-schema-graph\">{\"@context\":\"https:\\\/\\\/schema.org\",\"@graph\":[{\"@type\":\"WebPage\",\"@id\":\"https:\\\/\\\/gloriadeus.com\\\/home\\\/e-proibido-desistir-fe-em-deus-sempre\\\/\",\"url\":\"https:\\\/\\\/gloriadeus.com\\\/home\\\/e-proibido-desistir-fe-em-deus-sempre\\\/\",\"name\":\"\u00c9 proibido desistir - F\u00e9 em Deus #sempre - Gl\u00f3ria Deus\",\"isPartOf\":{\"@id\":\"https:\\\/\\\/gloriadeus.com\\\/home\\\/#website\"},\"primaryImageOfPage\":{\"@id\":\"https:\\\/\\\/gloriadeus.com\\\/home\\\/e-proibido-desistir-fe-em-deus-sempre\\\/#primaryimage\"},\"image\":{\"@id\":\"https:\\\/\\\/gloriadeus.com\\\/home\\\/e-proibido-desistir-fe-em-deus-sempre\\\/#primaryimage\"},\"thumbnailUrl\":\"https:\\\/\\\/gloriadeus.com\\\/wp-content\\\/uploads\\\/2025\\\/03\\\/250218AMDIMG-43.jpg\",\"datePublished\":\"2026-01-09T21:07:09+00:00\",\"dateModified\":\"2026-02-05T10:52:02+00:00\",\"breadcrumb\":{\"@id\":\"https:\\\/\\\/gloriadeus.com\\\/home\\\/e-proibido-desistir-fe-em-deus-sempre\\\/#breadcrumb\"},\"inLanguage\":\"pt-BR\",\"potentialAction\":[{\"@type\":\"ReadAction\",\"target\":[\"https:\\\/\\\/gloriadeus.com\\\/home\\\/e-proibido-desistir-fe-em-deus-sempre\\\/\"]}]},{\"@type\":\"ImageObject\",\"inLanguage\":\"pt-BR\",\"@id\":\"https:\\\/\\\/gloriadeus.com\\\/home\\\/e-proibido-desistir-fe-em-deus-sempre\\\/#primaryimage\",\"url\":\"https:\\\/\\\/gloriadeus.com\\\/wp-content\\\/uploads\\\/2025\\\/03\\\/250218AMDIMG-43.jpg\",\"contentUrl\":\"https:\\\/\\\/gloriadeus.com\\\/wp-content\\\/uploads\\\/2025\\\/03\\\/250218AMDIMG-43.jpg\",\"width\":1031,\"height\":1280,\"caption\":\"\u00c9 proibido desistir - F\u00e9 em Deus #sempre\"},{\"@type\":\"BreadcrumbList\",\"@id\":\"https:\\\/\\\/gloriadeus.com\\\/home\\\/e-proibido-desistir-fe-em-deus-sempre\\\/#breadcrumb\",\"itemListElement\":[{\"@type\":\"ListItem\",\"position\":1,\"name\":\"In\u00edcio\",\"item\":\"https:\\\/\\\/gloriadeus.com\\\/home\\\/\"},{\"@type\":\"ListItem\",\"position\":2,\"name\":\"\u00c9 proibido desistir &#8211; F\u00e9 em Deus #sempre\"}]},{\"@type\":\"WebSite\",\"@id\":\"https:\\\/\\\/gloriadeus.com\\\/home\\\/#website\",\"url\":\"https:\\\/\\\/gloriadeus.com\\\/home\\\/\",\"name\":\"Gloria Deus\",\"description\":\"\u21a8 Deslize para descobrir mais \u21a8\",\"publisher\":{\"@id\":\"https:\\\/\\\/gloriadeus.com\\\/home\\\/#\\\/schema\\\/person\\\/ab2365ca8f87ea38e53ba3c2275e65c4\"},\"alternateName\":\"Muita f\u00e9\",\"potentialAction\":[{\"@type\":\"SearchAction\",\"target\":{\"@type\":\"EntryPoint\",\"urlTemplate\":\"https:\\\/\\\/gloriadeus.com\\\/home\\\/?s={search_term_string}\"},\"query-input\":{\"@type\":\"PropertyValueSpecification\",\"valueRequired\":true,\"valueName\":\"search_term_string\"}}],\"inLanguage\":\"pt-BR\"},{\"@type\":[\"Person\",\"Organization\"],\"@id\":\"https:\\\/\\\/gloriadeus.com\\\/home\\\/#\\\/schema\\\/person\\\/ab2365ca8f87ea38e53ba3c2275e65c4\",\"name\":\"gloriadeus.com\",\"image\":{\"@type\":\"ImageObject\",\"inLanguage\":\"pt-BR\",\"@id\":\"https:\\\/\\\/gloriadeus.com\\\/wp-content\\\/uploads\\\/2024\\\/03\\\/230525DDPNG-21.png\",\"url\":\"https:\\\/\\\/gloriadeus.com\\\/wp-content\\\/uploads\\\/2024\\\/03\\\/230525DDPNG-21.png\",\"contentUrl\":\"https:\\\/\\\/gloriadeus.com\\\/wp-content\\\/uploads\\\/2024\\\/03\\\/230525DDPNG-21.png\",\"width\":220,\"height\":230,\"caption\":\"gloriadeus.com\"},\"logo\":{\"@id\":\"https:\\\/\\\/gloriadeus.com\\\/wp-content\\\/uploads\\\/2024\\\/03\\\/230525DDPNG-21.png\"},\"sameAs\":[\"https:\\\/\\\/gloriadeus.com\"]}]}<\/script>\n<!-- \/ Yoast SEO plugin. -->","yoast_head_json":{"title":"\u00c9 proibido desistir - F\u00e9 em Deus #sempre - Gl\u00f3ria Deus","robots":{"index":"index","follow":"follow","max-snippet":"max-snippet:-1","max-image-preview":"max-image-preview:large","max-video-preview":"max-video-preview:-1"},"canonical":"https:\/\/gloriadeus.com\/home\/e-proibido-desistir-fe-em-deus-sempre\/","og_locale":"pt_BR","og_type":"article","og_title":"\u00c9 proibido desistir - F\u00e9 em Deus #sempre - Gl\u00f3ria Deus","og_description":"\u00c9 proibido desistir, pois a vida \u00e9 uma jornada repleta de desafios, onde cada obst\u00e1culo se transforma em uma oportunidade &hellip;","og_url":"https:\/\/gloriadeus.com\/home\/e-proibido-desistir-fe-em-deus-sempre\/","og_site_name":"Gl\u00f3ria Deus","article_modified_time":"2026-02-05T10:52:02+00:00","og_image":[{"width":1031,"height":1280,"url":"https:\/\/gloriadeus.com\/wp-content\/uploads\/2025\/03\/250218AMDIMG-43.jpg","type":"image\/jpeg"}],"twitter_card":"summary_large_image","twitter_misc":{"Est. tempo de leitura":"5 minutos"},"schema":{"@context":"https:\/\/schema.org","@graph":[{"@type":"WebPage","@id":"https:\/\/gloriadeus.com\/home\/e-proibido-desistir-fe-em-deus-sempre\/","url":"https:\/\/gloriadeus.com\/home\/e-proibido-desistir-fe-em-deus-sempre\/","name":"\u00c9 proibido desistir - F\u00e9 em Deus #sempre - Gl\u00f3ria Deus","isPartOf":{"@id":"https:\/\/gloriadeus.com\/home\/#website"},"primaryImageOfPage":{"@id":"https:\/\/gloriadeus.com\/home\/e-proibido-desistir-fe-em-deus-sempre\/#primaryimage"},"image":{"@id":"https:\/\/gloriadeus.com\/home\/e-proibido-desistir-fe-em-deus-sempre\/#primaryimage"},"thumbnailUrl":"https:\/\/gloriadeus.com\/wp-content\/uploads\/2025\/03\/250218AMDIMG-43.jpg","datePublished":"2026-01-09T21:07:09+00:00","dateModified":"2026-02-05T10:52:02+00:00","breadcrumb":{"@id":"https:\/\/gloriadeus.com\/home\/e-proibido-desistir-fe-em-deus-sempre\/#breadcrumb"},"inLanguage":"pt-BR","potentialAction":[{"@type":"ReadAction","target":["https:\/\/gloriadeus.com\/home\/e-proibido-desistir-fe-em-deus-sempre\/"]}]},{"@type":"ImageObject","inLanguage":"pt-BR","@id":"https:\/\/gloriadeus.com\/home\/e-proibido-desistir-fe-em-deus-sempre\/#primaryimage","url":"https:\/\/gloriadeus.com\/wp-content\/uploads\/2025\/03\/250218AMDIMG-43.jpg","contentUrl":"https:\/\/gloriadeus.com\/wp-content\/uploads\/2025\/03\/250218AMDIMG-43.jpg","width":1031,"height":1280,"caption":"\u00c9 proibido desistir - F\u00e9 em Deus #sempre"},{"@type":"BreadcrumbList","@id":"https:\/\/gloriadeus.com\/home\/e-proibido-desistir-fe-em-deus-sempre\/#breadcrumb","itemListElement":[{"@type":"ListItem","position":1,"name":"In\u00edcio","item":"https:\/\/gloriadeus.com\/home\/"},{"@type":"ListItem","position":2,"name":"\u00c9 proibido desistir &#8211; F\u00e9 em Deus #sempre"}]},{"@type":"WebSite","@id":"https:\/\/gloriadeus.com\/home\/#website","url":"https:\/\/gloriadeus.com\/home\/","name":"Gloria Deus","description":"\u21a8 Deslize para descobrir mais \u21a8","publisher":{"@id":"https:\/\/gloriadeus.com\/home\/#\/schema\/person\/ab2365ca8f87ea38e53ba3c2275e65c4"},"alternateName":"Muita f\u00e9","potentialAction":[{"@type":"SearchAction","target":{"@type":"EntryPoint","urlTemplate":"https:\/\/gloriadeus.com\/home\/?s={search_term_string}"},"query-input":{"@type":"PropertyValueSpecification","valueRequired":true,"valueName":"search_term_string"}}],"inLanguage":"pt-BR"},{"@type":["Person","Organization"],"@id":"https:\/\/gloriadeus.com\/home\/#\/schema\/person\/ab2365ca8f87ea38e53ba3c2275e65c4","name":"gloriadeus.com","image":{"@type":"ImageObject","inLanguage":"pt-BR","@id":"https:\/\/gloriadeus.com\/wp-content\/uploads\/2024\/03\/230525DDPNG-21.png","url":"https:\/\/gloriadeus.com\/wp-content\/uploads\/2024\/03\/230525DDPNG-21.png","contentUrl":"https:\/\/gloriadeus.com\/wp-content\/uploads\/2024\/03\/230525DDPNG-21.png","width":220,"height":230,"caption":"gloriadeus.com"},"logo":{"@id":"https:\/\/gloriadeus.com\/wp-content\/uploads\/2024\/03\/230525DDPNG-21.png"},"sameAs":["https:\/\/gloriadeus.com"]}]}},"_links":{"self":[{"href":"https:\/\/gloriadeus.com\/home\/wp-json\/wp\/v2\/pages\/5096","targetHints":{"allow":["GET"]}}],"collection":[{"href":"https:\/\/gloriadeus.com\/home\/wp-json\/wp\/v2\/pages"}],"about":[{"href":"https:\/\/gloriadeus.com\/home\/wp-json\/wp\/v2\/types\/page"}],"author":[{"embeddable":true,"href":"https:\/\/gloriadeus.com\/home\/wp-json\/wp\/v2\/users\/1"}],"replies":[{"embeddable":true,"href":"https:\/\/gloriadeus.com\/home\/wp-json\/wp\/v2\/comments?post=5096"}],"version-history":[{"count":5,"href":"https:\/\/gloriadeus.com\/home\/wp-json\/wp\/v2\/pages\/5096\/revisions"}],"predecessor-version":[{"id":10377,"href":"https:\/\/gloriadeus.com\/home\/wp-json\/wp\/v2\/pages\/5096\/revisions\/10377"}],"wp:featuredmedia":[{"embeddable":true,"href":"https:\/\/gloriadeus.com\/home\/wp-json\/wp\/v2\/media\/5098"}],"wp:attachment":[{"href":"https:\/\/gloriadeus.com\/home\/wp-json\/wp\/v2\/media?parent=5096"}],"curies":[{"name":"wp","href":"https:\/\/api.w.org\/{rel}","templated":true}]}}