{"id":5085,"date":"2026-01-09T17:55:03","date_gmt":"2026-01-09T20:55:03","guid":{"rendered":"https:\/\/gloriadeus.com\/?page_id=5085"},"modified":"2026-02-06T05:52:53","modified_gmt":"2026-02-06T08:52:53","slug":"deus-sabe-o-que-se-passa-devemos-aguardar-no-seu-tempo","status":"publish","type":"page","link":"https:\/\/gloriadeus.com\/home\/deus-sabe-o-que-se-passa-devemos-aguardar-no-seu-tempo\/","title":{"rendered":"Deus sabe o que se passa, devemos aguardar no Seu Tempo"},"content":{"rendered":"<!-- subtitulo, palavra, paragrafo ok -->\r\n\r\n<figure data-wp-context=\"{&quot;imageId&quot;:&quot;69fa28316d983&quot;}\" data-wp-interactive=\"core\/image\" data-wp-key=\"69fa28316d983\" class=\"wp-block-image size-large is-resized wp-lightbox-container\"><img loading=\"lazy\" decoding=\"async\" width=\"754\" height=\"1024\" data-wp-class--hide=\"state.isContentHidden\" data-wp-class--show=\"state.isContentVisible\" data-wp-init=\"callbacks.setButtonStyles\" data-wp-on--click=\"actions.showLightbox\" data-wp-on--load=\"callbacks.setButtonStyles\" data-wp-on-window--resize=\"callbacks.setButtonStyles\" class=\"wp-image-5089\" style=\"width: 230px; height: auto;\" src=\"https:\/\/gloriadeus.com\/wp-content\/uploads\/2025\/03\/250218AMDIMG-35-754x1024.jpg\" alt=\"Deus sabe o que se passa, devemos aguardar no Seu Tempo\" srcset=\"https:\/\/gloriadeus.com\/wp-content\/uploads\/2025\/03\/250218AMDIMG-35-754x1024.jpg 754w, https:\/\/gloriadeus.com\/wp-content\/uploads\/2025\/03\/250218AMDIMG-35-221x300.jpg 221w, https:\/\/gloriadeus.com\/wp-content\/uploads\/2025\/03\/250218AMDIMG-35-768x1044.jpg 768w, https:\/\/gloriadeus.com\/wp-content\/uploads\/2025\/03\/250218AMDIMG-35.jpg 942w\" sizes=\"auto, (max-width: 754px) 100vw, 754px\" \/><button\n\t\t\tclass=\"lightbox-trigger\"\n\t\t\ttype=\"button\"\n\t\t\taria-haspopup=\"dialog\"\n\t\t\taria-label=\"Ampliar\"\n\t\t\tdata-wp-init=\"callbacks.initTriggerButton\"\n\t\t\tdata-wp-on--click=\"actions.showLightbox\"\n\t\t\tdata-wp-style--right=\"state.imageButtonRight\"\n\t\t\tdata-wp-style--top=\"state.imageButtonTop\"\n\t\t>\n\t\t\t<svg xmlns=\"http:\/\/www.w3.org\/2000\/svg\" width=\"12\" height=\"12\" fill=\"none\" viewBox=\"0 0 12 12\">\n\t\t\t\t<path fill=\"#fff\" d=\"M2 0a2 2 0 0 0-2 2v2h1.5V2a.5.5 0 0 1 .5-.5h2V0H2Zm2 10.5H2a.5.5 0 0 1-.5-.5V8H0v2a2 2 0 0 0 2 2h2v-1.5ZM8 12v-1.5h2a.5.5 0 0 0 .5-.5V8H12v2a2 2 0 0 1-2 2H8Zm2-12a2 2 0 0 1 2 2v2h-1.5V2a.5.5 0 0 0-.5-.5H8V0h2Z\" \/>\n\t\t\t<\/svg>\n\t\t<\/button><\/figure>\r\n\r\n\r\n\r\n<p>Deus conhece os cora\u00e7\u00f5es e as mentes de todos, Ele v\u00ea cada l\u00e1grima que cai e cada sorriso que surge, Sua sabedoria ultrapassa a compreens\u00e3o humana, tudo que estamos passando, mesmo quando parece que estamos sozinhos, Ele est\u00e1 ao nosso lado.\u00a0<\/p>\r\n<h2><strong>Deus Sabe o Melhor &#8211; Como Confiar no Planejamento Divino em Momentos de Incerteza\u00a0<\/strong><\/h2>\r\n<p>Ele conhece todas as nossas lutas e dificuldades, muitas vezes, nos sentimos perdidos em meio ao caos, questionando o porqu\u00ea das adversidades, mas \u00e9 nesse momento que devemos lembrar que Deus tem um plano, mesmo que n\u00e3o consigamos v\u00ea-lo.\u00a0<\/p>\r\n<p>Sua vis\u00e3o abrange o passado, o presente e o futuro, enquanto aqui estamos limitados pelo tempo e pelas circunst\u00e2ncias, a espera pode ser dolorosa, cheia de incertezas, mas \u00e9 na espera que a nossa f\u00e9 \u00e9 fortalecida, aprendemos a confiar em Sua bondade e em seu empo perfeito.<\/p>\r\n\r\n\r\n\r\n<figure data-wp-context=\"{&quot;imageId&quot;:&quot;69fa28316dde7&quot;}\" data-wp-interactive=\"core\/image\" data-wp-key=\"69fa28316dde7\" class=\"wp-block-image size-large is-resized wp-lightbox-container\"><img loading=\"lazy\" decoding=\"async\" width=\"709\" height=\"1024\" data-wp-class--hide=\"state.isContentHidden\" data-wp-class--show=\"state.isContentVisible\" data-wp-init=\"callbacks.setButtonStyles\" data-wp-on--click=\"actions.showLightbox\" data-wp-on--load=\"callbacks.setButtonStyles\" data-wp-on-window--resize=\"callbacks.setButtonStyles\" class=\"wp-image-5090\" style=\"width: 290px; height: auto;\" src=\"https:\/\/gloriadeus.com\/wp-content\/uploads\/2025\/03\/250218AMDIMG-36-709x1024.jpg\" alt=\"Deus sabe o que se passa, devemos aguardar no Seu Tempo\" srcset=\"https:\/\/gloriadeus.com\/wp-content\/uploads\/2025\/03\/250218AMDIMG-36-709x1024.jpg 709w, https:\/\/gloriadeus.com\/wp-content\/uploads\/2025\/03\/250218AMDIMG-36-208x300.jpg 208w, https:\/\/gloriadeus.com\/wp-content\/uploads\/2025\/03\/250218AMDIMG-36-768x1110.jpg 768w, https:\/\/gloriadeus.com\/wp-content\/uploads\/2025\/03\/250218AMDIMG-36.jpg 886w\" sizes=\"auto, (max-width: 709px) 100vw, 709px\" \/><button\n\t\t\tclass=\"lightbox-trigger\"\n\t\t\ttype=\"button\"\n\t\t\taria-haspopup=\"dialog\"\n\t\t\taria-label=\"Ampliar\"\n\t\t\tdata-wp-init=\"callbacks.initTriggerButton\"\n\t\t\tdata-wp-on--click=\"actions.showLightbox\"\n\t\t\tdata-wp-style--right=\"state.imageButtonRight\"\n\t\t\tdata-wp-style--top=\"state.imageButtonTop\"\n\t\t>\n\t\t\t<svg xmlns=\"http:\/\/www.w3.org\/2000\/svg\" width=\"12\" height=\"12\" fill=\"none\" viewBox=\"0 0 12 12\">\n\t\t\t\t<path fill=\"#fff\" d=\"M2 0a2 2 0 0 0-2 2v2h1.5V2a.5.5 0 0 1 .5-.5h2V0H2Zm2 10.5H2a.5.5 0 0 1-.5-.5V8H0v2a2 2 0 0 0 2 2h2v-1.5ZM8 12v-1.5h2a.5.5 0 0 0 .5-.5V8H12v2a2 2 0 0 1-2 2H8Zm2-12a2 2 0 0 1 2 2v2h-1.5V2a.5.5 0 0 0-.5-.5H8V0h2Z\" \/>\n\t\t\t<\/svg>\n\t\t<\/button>\u00a0<\/figure>\r\n<p>Muitas vezes, queremos que as coisas aconte\u00e7am instantaneamente, mas o crescimento pessoal e espiritual demanda tempo, como uma \u00e1rvore que leva anos para crescer e produzir frutos, precisamos entender que cada esta\u00e7\u00e3o da vida tem seu prop\u00f3sito, existem momentos de semeadura, outros de colheita, e tamb\u00e9m tempos de espera.\u00a0<\/p>\r\n<h2 class=\"wp-block-heading\">Deus sabe o que se passa, devemos aguardar no Seu Tempo<\/h2>\r\n<p>\r\n\r\n<\/p>\r\n<p>Deus conhece nossas ansiedades e frustra\u00e7\u00f5es, Ele nos ouve quando clamamos e nos conforta em nossos momentos de desespero, precisamos ter f\u00e9 que, apesar das circunst\u00e2ncias aparentes, Ele est\u00e1 trabalhando em nosso favor.\u00a0<\/p>\r\n<p>Avida \u00e9 uma s\u00e9rie de ciclos e muitas vezes as portas que se fecham s\u00e3o prepara\u00e7\u00f5es para novas oportunidades, que n\u00e3o podemos enxergar ainda, esperar n\u00e3o \u00e9 ficar parado, mas \u00e9 continuar a caminhar com esperan\u00e7a.<\/p>\r\n\r\n\r\n\r\n<figure data-wp-context=\"{&quot;imageId&quot;:&quot;69fa28316e16c&quot;}\" data-wp-interactive=\"core\/image\" data-wp-key=\"69fa28316e16c\" class=\"wp-block-image size-large is-resized wp-lightbox-container\"><img loading=\"lazy\" decoding=\"async\" width=\"1024\" height=\"918\" data-wp-class--hide=\"state.isContentHidden\" data-wp-class--show=\"state.isContentVisible\" data-wp-init=\"callbacks.setButtonStyles\" data-wp-on--click=\"actions.showLightbox\" data-wp-on--load=\"callbacks.setButtonStyles\" data-wp-on-window--resize=\"callbacks.setButtonStyles\" class=\"wp-image-5088\" style=\"width: 251px; height: auto;\" src=\"https:\/\/gloriadeus.com\/wp-content\/uploads\/2025\/03\/250218AMDIMG-34-1024x918.jpg\" alt=\"Deus sabe o que se passa, devemos aguardar no Seu Tempo\" srcset=\"https:\/\/gloriadeus.com\/wp-content\/uploads\/2025\/03\/250218AMDIMG-34-1024x918.jpg 1024w, https:\/\/gloriadeus.com\/wp-content\/uploads\/2025\/03\/250218AMDIMG-34-300x269.jpg 300w, https:\/\/gloriadeus.com\/wp-content\/uploads\/2025\/03\/250218AMDIMG-34-768x688.jpg 768w, https:\/\/gloriadeus.com\/wp-content\/uploads\/2025\/03\/250218AMDIMG-34.jpg 1125w\" sizes=\"auto, (max-width: 1024px) 100vw, 1024px\" \/><button\n\t\t\tclass=\"lightbox-trigger\"\n\t\t\ttype=\"button\"\n\t\t\taria-haspopup=\"dialog\"\n\t\t\taria-label=\"Ampliar\"\n\t\t\tdata-wp-init=\"callbacks.initTriggerButton\"\n\t\t\tdata-wp-on--click=\"actions.showLightbox\"\n\t\t\tdata-wp-style--right=\"state.imageButtonRight\"\n\t\t\tdata-wp-style--top=\"state.imageButtonTop\"\n\t\t>\n\t\t\t<svg xmlns=\"http:\/\/www.w3.org\/2000\/svg\" width=\"12\" height=\"12\" fill=\"none\" viewBox=\"0 0 12 12\">\n\t\t\t\t<path fill=\"#fff\" d=\"M2 0a2 2 0 0 0-2 2v2h1.5V2a.5.5 0 0 1 .5-.5h2V0H2Zm2 10.5H2a.5.5 0 0 1-.5-.5V8H0v2a2 2 0 0 0 2 2h2v-1.5ZM8 12v-1.5h2a.5.5 0 0 0 .5-.5V8H12v2a2 2 0 0 1-2 2H8Zm2-12a2 2 0 0 1 2 2v2h-1.5V2a.5.5 0 0 0-.5-.5H8V0h2Z\" \/>\n\t\t\t<\/svg>\n\t\t<\/button>\u00a0<\/figure>\r\n\r\n\r\n\r\n\r\n\r\n\r\n\r\n<p>Mesmo quando a estrada parece escura, cada dia traz consigo a chance de renovar a confian\u00e7a em Deus, assim como a natureza se renova a cada primavera, n\u00f3s tamb\u00e9m devemos florescer na certeza de que Ele est\u00e1 conosco, a espera pode ser um tempo de aprendizado, de amadurecimento, \u00e9 um momento para buscar intimidade.\u00a0<\/p>\r\n<h2 class=\"wp-block-heading\"><strong>Esperar no Tempo de Deus &#8211; Dicas para Manter a Esperan\u00e7a e Receber B\u00ean\u00e7\u00e3os\u00a0<\/strong><\/h2>\r\n\r\n\r\n\r\n\r\n\r\n<p>Aprofundar a rela\u00e7\u00e3o com Deus, ler Sua palavra e entender Seus planos, muitas vezes, \u00e9 em meio \u00e0 adversidade que encontramos a verdadeira ess\u00eancia do amor divino, Deus tem um prop\u00f3sito em cada situa\u00e7\u00e3o, mesmo que n\u00e3o o compreendamos.<\/p>\r\n<p>Nosso entendimento \u00e9 limitado, mas Sua sabedoria \u00e9 infinita, enfatizamos a import\u00e2ncia de buscar o que \u00e9 eterno, deixar de lado a pressa e confiar que o melhor est\u00e1 por vir, quando nos entregamos a esse processo de espera, experimentamos uma paz que excede todo entendimento.\u00a0<\/p>\r\n<p><img loading=\"lazy\" decoding=\"async\" width=\"1024\" height=\"945\" class=\"wp-image-5091\" style=\"width: 329px; height: auto;\" src=\"https:\/\/gloriadeus.com\/wp-content\/uploads\/2025\/03\/250218AMDIMG-40-1024x945.jpg\" alt=\"Deus sabe o que se passa, devemos aguardar no Seu Tempo\" srcset=\"https:\/\/gloriadeus.com\/wp-content\/uploads\/2025\/03\/250218AMDIMG-40-1024x945.jpg 1024w, https:\/\/gloriadeus.com\/wp-content\/uploads\/2025\/03\/250218AMDIMG-40-300x277.jpg 300w, https:\/\/gloriadeus.com\/wp-content\/uploads\/2025\/03\/250218AMDIMG-40-768x709.jpg 768w, https:\/\/gloriadeus.com\/wp-content\/uploads\/2025\/03\/250218AMDIMG-40.jpg 1125w\" sizes=\"auto, (max-width: 1024px) 100vw, 1024px\" \/>\u00a0<\/p>\r\n<p>A compara\u00e7\u00e3o s\u00f3 nos afasta do foco que Deus tem para n\u00f3s, esperar no tempo de Deus \u00e9 reconhecer que, enquanto estamos em Sua presen\u00e7a, somos moldados e preparados para aquilo que ainda est\u00e1 por vir, e quando finalmente o tempo de Deus chega.\u00a0<\/p>\r\n<h2><strong>Aguardando a Vontade Divina &#8211; Estrat\u00e9gias para Fortalecer Sua Paci\u00eancia e F\u00e9\u00a0<\/strong><\/h2>\r\n<p>Uma paz n\u00e3o \u00e9 a aus\u00eancia de problemas, mas a certeza de que n\u00e3o estamos sozinhos, que nossas lutas s\u00e3o vistas e que h\u00e1 um prop\u00f3sito maior em jogo, devemos lembrar que a hist\u00f3ria de cada um \u00e9 \u00fanica, assim como voc\u00ea, cada pessoa tem seus desafios e conquistas.\u00a0<\/p>\r\n<p>A vit\u00f3ria \u00e9 doce e enche nossos cora\u00e7\u00f5es de alegria, por que cada l\u00e1grima, cada esfor\u00e7o e cada ora\u00e7\u00e3o valeram a pena, confiar em Deus, mesmo em tempos de dificuldade, \u00e9 um testemunho da f\u00e9, e essa f\u00e9 nos conduz a um lugar de paz e esperan\u00e7a, onde entendemos que tudo coopera para o bem daqueles que amam a Deus.\u00a0<\/p>\r\n<p><img loading=\"lazy\" decoding=\"async\" width=\"1024\" height=\"868\" class=\"wp-image-5093\" style=\"width: 256px; height: auto;\" src=\"https:\/\/gloriadeus.com\/wp-content\/uploads\/2025\/03\/250218AMDIMG-41-1024x868.jpg\" alt=\"Deus sabe o que se passa, devemos aguardar no Seu Tempo\" srcset=\"https:\/\/gloriadeus.com\/wp-content\/uploads\/2025\/03\/250218AMDIMG-41-1024x868.jpg 1024w, https:\/\/gloriadeus.com\/wp-content\/uploads\/2025\/03\/250218AMDIMG-41-300x254.jpg 300w, https:\/\/gloriadeus.com\/wp-content\/uploads\/2025\/03\/250218AMDIMG-41-768x651.jpg 768w, https:\/\/gloriadeus.com\/wp-content\/uploads\/2025\/03\/250218AMDIMG-41.jpg 1125w\" sizes=\"auto, (max-width: 1024px) 100vw, 1024px\" \/>\u00a0<\/p>\r\n<p>Quando a ansiedade tentar nos desviar do caminho, devemos nos lembrar de que o Senhor \u00e9 nosso ref\u00fagio e fortaleza, um socorro bem presente nas tribula\u00e7\u00f5es, contemplar nosso dia a dia com um cora\u00e7\u00e3o grato nos ajuda a perceber que, mesmo nas pequenas coisas, Deus se revela, a beleza da Sua cria\u00e7\u00e3o.\u00a0<\/p>\r\n<h2><strong>Confian\u00e7a no Tempo de Deus &#8211; Como Manter a F\u00e9 Durante as Esperas\u00a0<\/strong><\/h2>\r\n<div class=\"markdownContainer\" data-projected=\"true\">\r\n<div class=\"markdownContainer\">\r\n<p>Sabemos que Deus conhece cada detalhe de nossas vidas e entende nossas necessidades. Mesmo quando tudo parece dif\u00edcil ou incerto, \u00e9 importante confiar e aguardar no Seu tempo. A paci\u00eancia e a f\u00e9 fortalecem nossa esperan\u00e7a, lembrando que Deus sempre age no momento perfeito, trazendo b\u00ean\u00e7\u00e3os e realiza\u00e7\u00f5es de acordo com Sua vontade.\u00a0<\/p>\r\n<\/div>\r\n<\/div>\r\n<p>Os la\u00e7os de amizade, os momentos de alegria, tudo isso nos lembra que estamos cercados de amor, e isso nos encoraja a continuar aguardando e confiando, pois, no Seu tempo, tudo se resolver\u00e1, e nos surpreenderemos com Sua bondade, portanto, n\u00e3o desista, mantenha a f\u00e9 acesa, continue orando, continue esperando, seu tempo chegar\u00e1, e ser\u00e1 maior do que voc\u00ea pode imaginar.\u00a0<\/p>\r\n","protected":false},"excerpt":{"rendered":"<p>Deus conhece os cora\u00e7\u00f5es e as mentes de todos, Ele v\u00ea cada l\u00e1grima que cai e cada sorriso que surge, &hellip; <\/p>\n","protected":false},"author":1,"featured_media":5092,"parent":0,"menu_order":0,"comment_status":"open","ping_status":"closed","template":"","meta":{"_uf_show_specific_survey":0,"_uf_disable_surveys":false,"footnotes":""},"class_list":["post-5085","page","type-page","status-publish","has-post-thumbnail","hentry"],"yoast_head":"<!-- This site is optimized with the Yoast SEO plugin v27.5 - https:\/\/yoast.com\/product\/yoast-seo-wordpress\/ -->\n<title>Deus sabe o que se passa, devemos aguardar no Seu Tempo - Gl\u00f3ria Deus<\/title>\n<meta name=\"robots\" content=\"index, follow, max-snippet:-1, max-image-preview:large, max-video-preview:-1\" \/>\n<link rel=\"canonical\" href=\"https:\/\/gloriadeus.com\/home\/deus-sabe-o-que-se-passa-devemos-aguardar-no-seu-tempo\/\" \/>\n<meta property=\"og:locale\" content=\"pt_BR\" \/>\n<meta property=\"og:type\" content=\"article\" \/>\n<meta property=\"og:title\" content=\"Deus sabe o que se passa, devemos aguardar no Seu Tempo - Gl\u00f3ria Deus\" \/>\n<meta property=\"og:description\" content=\"Deus conhece os cora\u00e7\u00f5es e as mentes de todos, Ele v\u00ea cada l\u00e1grima que cai e cada sorriso que surge, &hellip;\" \/>\n<meta property=\"og:url\" content=\"https:\/\/gloriadeus.com\/home\/deus-sabe-o-que-se-passa-devemos-aguardar-no-seu-tempo\/\" \/>\n<meta property=\"og:site_name\" content=\"Gl\u00f3ria Deus\" \/>\n<meta property=\"article:modified_time\" content=\"2026-02-06T08:52:53+00:00\" \/>\n<meta property=\"og:image\" content=\"https:\/\/gloriadeus.com\/wp-content\/uploads\/2025\/03\/250218AMDIMG-39.jpg\" \/>\n\t<meta property=\"og:image:width\" content=\"1125\" \/>\n\t<meta property=\"og:image:height\" content=\"1056\" \/>\n\t<meta property=\"og:image:type\" content=\"image\/jpeg\" \/>\n<meta name=\"twitter:card\" content=\"summary_large_image\" \/>\n<meta name=\"twitter:label1\" content=\"Est. tempo de leitura\" \/>\n\t<meta name=\"twitter:data1\" content=\"6 minutos\" \/>\n<script type=\"application\/ld+json\" class=\"yoast-schema-graph\">{\"@context\":\"https:\\\/\\\/schema.org\",\"@graph\":[{\"@type\":\"WebPage\",\"@id\":\"https:\\\/\\\/gloriadeus.com\\\/home\\\/deus-sabe-o-que-se-passa-devemos-aguardar-no-seu-tempo\\\/\",\"url\":\"https:\\\/\\\/gloriadeus.com\\\/home\\\/deus-sabe-o-que-se-passa-devemos-aguardar-no-seu-tempo\\\/\",\"name\":\"Deus sabe o que se passa, devemos aguardar no Seu Tempo - Gl\u00f3ria Deus\",\"isPartOf\":{\"@id\":\"https:\\\/\\\/gloriadeus.com\\\/home\\\/#website\"},\"primaryImageOfPage\":{\"@id\":\"https:\\\/\\\/gloriadeus.com\\\/home\\\/deus-sabe-o-que-se-passa-devemos-aguardar-no-seu-tempo\\\/#primaryimage\"},\"image\":{\"@id\":\"https:\\\/\\\/gloriadeus.com\\\/home\\\/deus-sabe-o-que-se-passa-devemos-aguardar-no-seu-tempo\\\/#primaryimage\"},\"thumbnailUrl\":\"https:\\\/\\\/gloriadeus.com\\\/wp-content\\\/uploads\\\/2025\\\/03\\\/250218AMDIMG-39.jpg\",\"datePublished\":\"2026-01-09T20:55:03+00:00\",\"dateModified\":\"2026-02-06T08:52:53+00:00\",\"breadcrumb\":{\"@id\":\"https:\\\/\\\/gloriadeus.com\\\/home\\\/deus-sabe-o-que-se-passa-devemos-aguardar-no-seu-tempo\\\/#breadcrumb\"},\"inLanguage\":\"pt-BR\",\"potentialAction\":[{\"@type\":\"ReadAction\",\"target\":[\"https:\\\/\\\/gloriadeus.com\\\/home\\\/deus-sabe-o-que-se-passa-devemos-aguardar-no-seu-tempo\\\/\"]}]},{\"@type\":\"ImageObject\",\"inLanguage\":\"pt-BR\",\"@id\":\"https:\\\/\\\/gloriadeus.com\\\/home\\\/deus-sabe-o-que-se-passa-devemos-aguardar-no-seu-tempo\\\/#primaryimage\",\"url\":\"https:\\\/\\\/gloriadeus.com\\\/wp-content\\\/uploads\\\/2025\\\/03\\\/250218AMDIMG-39.jpg\",\"contentUrl\":\"https:\\\/\\\/gloriadeus.com\\\/wp-content\\\/uploads\\\/2025\\\/03\\\/250218AMDIMG-39.jpg\",\"width\":1125,\"height\":1056,\"caption\":\"Deus sabe o que se passa, devemos aguardar no Seu Tempo\"},{\"@type\":\"BreadcrumbList\",\"@id\":\"https:\\\/\\\/gloriadeus.com\\\/home\\\/deus-sabe-o-que-se-passa-devemos-aguardar-no-seu-tempo\\\/#breadcrumb\",\"itemListElement\":[{\"@type\":\"ListItem\",\"position\":1,\"name\":\"In\u00edcio\",\"item\":\"https:\\\/\\\/gloriadeus.com\\\/home\\\/\"},{\"@type\":\"ListItem\",\"position\":2,\"name\":\"Deus sabe o que se passa, devemos aguardar no Seu Tempo\"}]},{\"@type\":\"WebSite\",\"@id\":\"https:\\\/\\\/gloriadeus.com\\\/home\\\/#website\",\"url\":\"https:\\\/\\\/gloriadeus.com\\\/home\\\/\",\"name\":\"Gloria Deus\",\"description\":\"\u21a8 Deslize para descobrir mais \u21a8\",\"publisher\":{\"@id\":\"https:\\\/\\\/gloriadeus.com\\\/home\\\/#\\\/schema\\\/person\\\/ab2365ca8f87ea38e53ba3c2275e65c4\"},\"alternateName\":\"Muita f\u00e9\",\"potentialAction\":[{\"@type\":\"SearchAction\",\"target\":{\"@type\":\"EntryPoint\",\"urlTemplate\":\"https:\\\/\\\/gloriadeus.com\\\/home\\\/?s={search_term_string}\"},\"query-input\":{\"@type\":\"PropertyValueSpecification\",\"valueRequired\":true,\"valueName\":\"search_term_string\"}}],\"inLanguage\":\"pt-BR\"},{\"@type\":[\"Person\",\"Organization\"],\"@id\":\"https:\\\/\\\/gloriadeus.com\\\/home\\\/#\\\/schema\\\/person\\\/ab2365ca8f87ea38e53ba3c2275e65c4\",\"name\":\"gloriadeus.com\",\"image\":{\"@type\":\"ImageObject\",\"inLanguage\":\"pt-BR\",\"@id\":\"https:\\\/\\\/gloriadeus.com\\\/wp-content\\\/uploads\\\/2024\\\/03\\\/230525DDPNG-21.png\",\"url\":\"https:\\\/\\\/gloriadeus.com\\\/wp-content\\\/uploads\\\/2024\\\/03\\\/230525DDPNG-21.png\",\"contentUrl\":\"https:\\\/\\\/gloriadeus.com\\\/wp-content\\\/uploads\\\/2024\\\/03\\\/230525DDPNG-21.png\",\"width\":220,\"height\":230,\"caption\":\"gloriadeus.com\"},\"logo\":{\"@id\":\"https:\\\/\\\/gloriadeus.com\\\/wp-content\\\/uploads\\\/2024\\\/03\\\/230525DDPNG-21.png\"},\"sameAs\":[\"https:\\\/\\\/gloriadeus.com\"]}]}<\/script>\n<!-- \/ Yoast SEO plugin. -->","yoast_head_json":{"title":"Deus sabe o que se passa, devemos aguardar no Seu Tempo - Gl\u00f3ria Deus","robots":{"index":"index","follow":"follow","max-snippet":"max-snippet:-1","max-image-preview":"max-image-preview:large","max-video-preview":"max-video-preview:-1"},"canonical":"https:\/\/gloriadeus.com\/home\/deus-sabe-o-que-se-passa-devemos-aguardar-no-seu-tempo\/","og_locale":"pt_BR","og_type":"article","og_title":"Deus sabe o que se passa, devemos aguardar no Seu Tempo - Gl\u00f3ria Deus","og_description":"Deus conhece os cora\u00e7\u00f5es e as mentes de todos, Ele v\u00ea cada l\u00e1grima que cai e cada sorriso que surge, &hellip;","og_url":"https:\/\/gloriadeus.com\/home\/deus-sabe-o-que-se-passa-devemos-aguardar-no-seu-tempo\/","og_site_name":"Gl\u00f3ria Deus","article_modified_time":"2026-02-06T08:52:53+00:00","og_image":[{"width":1125,"height":1056,"url":"https:\/\/gloriadeus.com\/wp-content\/uploads\/2025\/03\/250218AMDIMG-39.jpg","type":"image\/jpeg"}],"twitter_card":"summary_large_image","twitter_misc":{"Est. tempo de leitura":"6 minutos"},"schema":{"@context":"https:\/\/schema.org","@graph":[{"@type":"WebPage","@id":"https:\/\/gloriadeus.com\/home\/deus-sabe-o-que-se-passa-devemos-aguardar-no-seu-tempo\/","url":"https:\/\/gloriadeus.com\/home\/deus-sabe-o-que-se-passa-devemos-aguardar-no-seu-tempo\/","name":"Deus sabe o que se passa, devemos aguardar no Seu Tempo - Gl\u00f3ria Deus","isPartOf":{"@id":"https:\/\/gloriadeus.com\/home\/#website"},"primaryImageOfPage":{"@id":"https:\/\/gloriadeus.com\/home\/deus-sabe-o-que-se-passa-devemos-aguardar-no-seu-tempo\/#primaryimage"},"image":{"@id":"https:\/\/gloriadeus.com\/home\/deus-sabe-o-que-se-passa-devemos-aguardar-no-seu-tempo\/#primaryimage"},"thumbnailUrl":"https:\/\/gloriadeus.com\/wp-content\/uploads\/2025\/03\/250218AMDIMG-39.jpg","datePublished":"2026-01-09T20:55:03+00:00","dateModified":"2026-02-06T08:52:53+00:00","breadcrumb":{"@id":"https:\/\/gloriadeus.com\/home\/deus-sabe-o-que-se-passa-devemos-aguardar-no-seu-tempo\/#breadcrumb"},"inLanguage":"pt-BR","potentialAction":[{"@type":"ReadAction","target":["https:\/\/gloriadeus.com\/home\/deus-sabe-o-que-se-passa-devemos-aguardar-no-seu-tempo\/"]}]},{"@type":"ImageObject","inLanguage":"pt-BR","@id":"https:\/\/gloriadeus.com\/home\/deus-sabe-o-que-se-passa-devemos-aguardar-no-seu-tempo\/#primaryimage","url":"https:\/\/gloriadeus.com\/wp-content\/uploads\/2025\/03\/250218AMDIMG-39.jpg","contentUrl":"https:\/\/gloriadeus.com\/wp-content\/uploads\/2025\/03\/250218AMDIMG-39.jpg","width":1125,"height":1056,"caption":"Deus sabe o que se passa, devemos aguardar no Seu Tempo"},{"@type":"BreadcrumbList","@id":"https:\/\/gloriadeus.com\/home\/deus-sabe-o-que-se-passa-devemos-aguardar-no-seu-tempo\/#breadcrumb","itemListElement":[{"@type":"ListItem","position":1,"name":"In\u00edcio","item":"https:\/\/gloriadeus.com\/home\/"},{"@type":"ListItem","position":2,"name":"Deus sabe o que se passa, devemos aguardar no Seu Tempo"}]},{"@type":"WebSite","@id":"https:\/\/gloriadeus.com\/home\/#website","url":"https:\/\/gloriadeus.com\/home\/","name":"Gloria Deus","description":"\u21a8 Deslize para descobrir mais \u21a8","publisher":{"@id":"https:\/\/gloriadeus.com\/home\/#\/schema\/person\/ab2365ca8f87ea38e53ba3c2275e65c4"},"alternateName":"Muita f\u00e9","potentialAction":[{"@type":"SearchAction","target":{"@type":"EntryPoint","urlTemplate":"https:\/\/gloriadeus.com\/home\/?s={search_term_string}"},"query-input":{"@type":"PropertyValueSpecification","valueRequired":true,"valueName":"search_term_string"}}],"inLanguage":"pt-BR"},{"@type":["Person","Organization"],"@id":"https:\/\/gloriadeus.com\/home\/#\/schema\/person\/ab2365ca8f87ea38e53ba3c2275e65c4","name":"gloriadeus.com","image":{"@type":"ImageObject","inLanguage":"pt-BR","@id":"https:\/\/gloriadeus.com\/wp-content\/uploads\/2024\/03\/230525DDPNG-21.png","url":"https:\/\/gloriadeus.com\/wp-content\/uploads\/2024\/03\/230525DDPNG-21.png","contentUrl":"https:\/\/gloriadeus.com\/wp-content\/uploads\/2024\/03\/230525DDPNG-21.png","width":220,"height":230,"caption":"gloriadeus.com"},"logo":{"@id":"https:\/\/gloriadeus.com\/wp-content\/uploads\/2024\/03\/230525DDPNG-21.png"},"sameAs":["https:\/\/gloriadeus.com"]}]}},"_links":{"self":[{"href":"https:\/\/gloriadeus.com\/home\/wp-json\/wp\/v2\/pages\/5085","targetHints":{"allow":["GET"]}}],"collection":[{"href":"https:\/\/gloriadeus.com\/home\/wp-json\/wp\/v2\/pages"}],"about":[{"href":"https:\/\/gloriadeus.com\/home\/wp-json\/wp\/v2\/types\/page"}],"author":[{"embeddable":true,"href":"https:\/\/gloriadeus.com\/home\/wp-json\/wp\/v2\/users\/1"}],"replies":[{"embeddable":true,"href":"https:\/\/gloriadeus.com\/home\/wp-json\/wp\/v2\/comments?post=5085"}],"version-history":[{"count":6,"href":"https:\/\/gloriadeus.com\/home\/wp-json\/wp\/v2\/pages\/5085\/revisions"}],"predecessor-version":[{"id":10392,"href":"https:\/\/gloriadeus.com\/home\/wp-json\/wp\/v2\/pages\/5085\/revisions\/10392"}],"wp:featuredmedia":[{"embeddable":true,"href":"https:\/\/gloriadeus.com\/home\/wp-json\/wp\/v2\/media\/5092"}],"wp:attachment":[{"href":"https:\/\/gloriadeus.com\/home\/wp-json\/wp\/v2\/media?parent=5085"}],"curies":[{"name":"wp","href":"https:\/\/api.w.org\/{rel}","templated":true}]}}