{"id":5072,"date":"2026-01-09T16:25:08","date_gmt":"2026-01-09T19:25:08","guid":{"rendered":"https:\/\/gloriadeus.com\/?page_id=5072"},"modified":"2026-02-07T13:34:14","modified_gmt":"2026-02-07T16:34:14","slug":"como-confiar-mais-em-deus","status":"publish","type":"page","link":"https:\/\/gloriadeus.com\/home\/como-confiar-mais-em-deus\/","title":{"rendered":"Como confiar mais em Deus"},"content":{"rendered":"<!-- subtitulo, palavra, paragrafo ok --> \r\n\r\n\r\n<figure data-wp-context=\"{&quot;imageId&quot;:&quot;69fa367d595d5&quot;}\" data-wp-interactive=\"core\/image\" data-wp-key=\"69fa367d595d5\" class=\"wp-block-image size-large is-resized wp-lightbox-container\"><img loading=\"lazy\" decoding=\"async\" width=\"1024\" height=\"688\" data-wp-class--hide=\"state.isContentHidden\" data-wp-class--show=\"state.isContentVisible\" data-wp-init=\"callbacks.setButtonStyles\" data-wp-on--click=\"actions.showLightbox\" data-wp-on--load=\"callbacks.setButtonStyles\" data-wp-on-window--resize=\"callbacks.setButtonStyles\" class=\"wp-image-5074\" style=\"width: 333px; height: auto;\" src=\"https:\/\/gloriadeus.com\/wp-content\/uploads\/2025\/03\/250218AMDIMG-30-1024x688.jpg\" alt=\"Como confiar mais em Deus\" srcset=\"https:\/\/gloriadeus.com\/wp-content\/uploads\/2025\/03\/250218AMDIMG-30-1024x688.jpg 1024w, https:\/\/gloriadeus.com\/wp-content\/uploads\/2025\/03\/250218AMDIMG-30-300x202.jpg 300w, https:\/\/gloriadeus.com\/wp-content\/uploads\/2025\/03\/250218AMDIMG-30-768x516.jpg 768w, https:\/\/gloriadeus.com\/wp-content\/uploads\/2025\/03\/250218AMDIMG-30.jpg 1125w\" sizes=\"auto, (max-width: 1024px) 100vw, 1024px\" \/><button\n\t\t\tclass=\"lightbox-trigger\"\n\t\t\ttype=\"button\"\n\t\t\taria-haspopup=\"dialog\"\n\t\t\taria-label=\"Ampliar\"\n\t\t\tdata-wp-init=\"callbacks.initTriggerButton\"\n\t\t\tdata-wp-on--click=\"actions.showLightbox\"\n\t\t\tdata-wp-style--right=\"state.imageButtonRight\"\n\t\t\tdata-wp-style--top=\"state.imageButtonTop\"\n\t\t>\n\t\t\t<svg xmlns=\"http:\/\/www.w3.org\/2000\/svg\" width=\"12\" height=\"12\" fill=\"none\" viewBox=\"0 0 12 12\">\n\t\t\t\t<path fill=\"#fff\" d=\"M2 0a2 2 0 0 0-2 2v2h1.5V2a.5.5 0 0 1 .5-.5h2V0H2Zm2 10.5H2a.5.5 0 0 1-.5-.5V8H0v2a2 2 0 0 0 2 2h2v-1.5ZM8 12v-1.5h2a.5.5 0 0 0 .5-.5V8H12v2a2 2 0 0 1-2 2H8Zm2-12a2 2 0 0 1 2 2v2h-1.5V2a.5.5 0 0 0-.5-.5H8V0h2Z\" \/>\n\t\t\t<\/svg>\n\t\t<\/button><\/figure>\r\n\r\n\r\n\r\n<p>Confiar mais em Deus \u00e9 um processo que envolve inten\u00e7\u00e3o, pr\u00e1tica e uma profundidade espiritual que pode ser cultivada ao longo do tempo, comece por reconhecer que a confian\u00e7a \u00e9 uma escolha consciente, de modo que, diariamente, voc\u00ea deve decidir entregar suas preocupa\u00e7\u00f5es e medos a Deus.\u00a0<\/p>\r\n<h2>Meditar e agradecer\u00a0<\/h2>\r\n<p>Pratique a ora\u00e7\u00e3o regular, converse com Deus como faria com um amigo, compartilhe seus sentimentos, d\u00favidas e gratid\u00f5es, isso ajuda a fortalecer o relacionamento, sabe-se tamb\u00e9m que a medita\u00e7\u00e3o nas Escrituras Sagradas pode ser uma pr\u00e1tica poderosa.<\/p>\r\n<p>Escolha vers\u00edculos que falem sobre a confian\u00e7a e a fidelidade de Deus, medite neles e memorize-os, essa pr\u00e1tica ir\u00e1 inundar sua mente com verdades que estimulam a f\u00e9. Reflexione sobre as experi\u00eancias passadas em que sentiu a presen\u00e7a de Deus em sua vida.\u00a0<\/p>\r\n<p><img loading=\"lazy\" decoding=\"async\" width=\"539\" height=\"509\" class=\"wp-image-5073\" style=\"width: 312px; height: auto;\" src=\"https:\/\/gloriadeus.com\/wp-content\/uploads\/2025\/03\/250218AMDIMG-25.jpg\" alt=\"Como confiar mais em Deus\" srcset=\"https:\/\/gloriadeus.com\/wp-content\/uploads\/2025\/03\/250218AMDIMG-25.jpg 539w, https:\/\/gloriadeus.com\/wp-content\/uploads\/2025\/03\/250218AMDIMG-25-300x283.jpg 300w\" sizes=\"auto, (max-width: 539px) 100vw, 539px\" \/>\u00a0<\/p>\r\n<p>Escreva em um di\u00e1rio as vezes em que foi salvo, guiado ou confortado, lembrando desses momentos pode ajudar a fortalecer a confian\u00e7a em Deus para o futuro.\u00a0<\/p>\r\n<h2>Como confiar mais em Deus\u00a0<\/h2>\r\n\r\n\r\n\r\n\r\n\r\n\r\n\r\n\r\n\r\n<p>Busque a comunidade, envolva-se em um grupo ou igreja onde voc\u00ea possa compartilhar suas d\u00favidas e crescer com outros fi\u00e9is, estar entre pessoas que testemunharam a fidelidade de Deus tamb\u00e9m pode inspir\u00e1-lo a confiar mais.<\/p>\r\n<p>Sirva aos outros, muitas vezes, ao sair de si mesmo e ajudar aqueles que est\u00e3o em necessidade, nossa pr\u00f3pria f\u00e9 \u00e9 renovada, ver a m\u00e3o de Deus em a\u00e7\u00e3o nas vidas dos outros refor\u00e7a nossa pr\u00f3pria confian\u00e7a.\u00a0<\/p>\r\n<p><img loading=\"lazy\" decoding=\"async\" width=\"1024\" height=\"830\" class=\"wp-image-5082\" style=\"width: 248px; height: auto;\" src=\"https:\/\/gloriadeus.com\/wp-content\/uploads\/2025\/03\/250218AMDIMG-33-1024x830.jpg\" alt=\"Como confiar mais em Deus\" srcset=\"https:\/\/gloriadeus.com\/wp-content\/uploads\/2025\/03\/250218AMDIMG-33-1024x830.jpg 1024w, https:\/\/gloriadeus.com\/wp-content\/uploads\/2025\/03\/250218AMDIMG-33-300x243.jpg 300w, https:\/\/gloriadeus.com\/wp-content\/uploads\/2025\/03\/250218AMDIMG-33-768x623.jpg 768w, https:\/\/gloriadeus.com\/wp-content\/uploads\/2025\/03\/250218AMDIMG-33.jpg 1125w\" sizes=\"auto, (max-width: 1024px) 100vw, 1024px\" \/>\u00a0<\/p>\r\n<p>Enfrente suas d\u00favidas de frente, reconhe\u00e7a seus medos, mas traga-os para Deus em ora\u00e7\u00e3o, pe\u00e7a a Ele que ajude a transform\u00e1-los em f\u00e9, este ato de sinceridade \u00e9 um passo crucial para construir uma confian\u00e7a mais s\u00f3lida, outra dica importante \u00e9 ser grato.\u00a0<\/p>\r\n<h2>Agrade\u00e7a mais\u00a0<\/h2>\r\n<p>Exercite a gratid\u00e3o em sua vida di\u00e1ria, ao reconhecer as b\u00ean\u00e7\u00e3os e provid\u00eancias divinas, sua <strong>confian\u00e7a em Deus<\/strong> pode se aprofundar, a gratid\u00e3o ajuda a mudar o foco de suas preocupa\u00e7\u00f5es para o que Deus j\u00e1 fez, por \u00faltimo, lembre-se de que confian\u00e7a \u00e9 um processo cont\u00ednuo.<\/p>\r\n<p>Esteja disposto a crescer e a enfrentar as incertezas com f\u00e9, entenda que momentos de d\u00favida s\u00e3o normais e n\u00e3o significam a aus\u00eancia de f\u00e9, mas oportunidades para buscar um relacionamento mais profundo com Deus, coloque essas pr\u00e1ticas em a\u00e7\u00e3o e, aos poucos, voc\u00ea perceber\u00e1 que sua confian\u00e7a em Deus se desenvolve de maneira significativa.<\/p>\r\n","protected":false},"excerpt":{"rendered":"<p>Confiar mais em Deus \u00e9 um processo que envolve inten\u00e7\u00e3o, pr\u00e1tica e uma profundidade espiritual que pode ser cultivada ao &hellip; <\/p>\n","protected":false},"author":1,"featured_media":5074,"parent":0,"menu_order":0,"comment_status":"open","ping_status":"closed","template":"","meta":{"_uf_show_specific_survey":0,"_uf_disable_surveys":false,"footnotes":""},"class_list":["post-5072","page","type-page","status-publish","has-post-thumbnail","hentry"],"yoast_head":"<!-- This site is optimized with the Yoast SEO plugin v27.5 - https:\/\/yoast.com\/product\/yoast-seo-wordpress\/ -->\n<title>Como confiar mais em Deus - Gl\u00f3ria Deus<\/title>\n<meta name=\"robots\" content=\"index, follow, max-snippet:-1, max-image-preview:large, max-video-preview:-1\" \/>\n<link rel=\"canonical\" href=\"https:\/\/gloriadeus.com\/home\/como-confiar-mais-em-deus\/\" \/>\n<meta property=\"og:locale\" content=\"pt_BR\" \/>\n<meta property=\"og:type\" content=\"article\" \/>\n<meta property=\"og:title\" content=\"Como confiar mais em Deus - Gl\u00f3ria Deus\" \/>\n<meta property=\"og:description\" content=\"Confiar mais em Deus \u00e9 um processo que envolve inten\u00e7\u00e3o, pr\u00e1tica e uma profundidade espiritual que pode ser cultivada ao &hellip;\" \/>\n<meta property=\"og:url\" content=\"https:\/\/gloriadeus.com\/home\/como-confiar-mais-em-deus\/\" \/>\n<meta property=\"og:site_name\" content=\"Gl\u00f3ria Deus\" \/>\n<meta property=\"article:modified_time\" content=\"2026-02-07T16:34:14+00:00\" \/>\n<meta property=\"og:image\" content=\"https:\/\/gloriadeus.com\/wp-content\/uploads\/2025\/03\/250218AMDIMG-30.jpg\" \/>\n\t<meta property=\"og:image:width\" content=\"1125\" \/>\n\t<meta property=\"og:image:height\" content=\"756\" \/>\n\t<meta property=\"og:image:type\" content=\"image\/jpeg\" \/>\n<meta name=\"twitter:card\" content=\"summary_large_image\" \/>\n<meta name=\"twitter:label1\" content=\"Est. tempo de leitura\" \/>\n\t<meta name=\"twitter:data1\" content=\"3 minutos\" \/>\n<script type=\"application\/ld+json\" class=\"yoast-schema-graph\">{\"@context\":\"https:\\\/\\\/schema.org\",\"@graph\":[{\"@type\":\"WebPage\",\"@id\":\"https:\\\/\\\/gloriadeus.com\\\/home\\\/como-confiar-mais-em-deus\\\/\",\"url\":\"https:\\\/\\\/gloriadeus.com\\\/home\\\/como-confiar-mais-em-deus\\\/\",\"name\":\"Como confiar mais em Deus - Gl\u00f3ria Deus\",\"isPartOf\":{\"@id\":\"https:\\\/\\\/gloriadeus.com\\\/home\\\/#website\"},\"primaryImageOfPage\":{\"@id\":\"https:\\\/\\\/gloriadeus.com\\\/home\\\/como-confiar-mais-em-deus\\\/#primaryimage\"},\"image\":{\"@id\":\"https:\\\/\\\/gloriadeus.com\\\/home\\\/como-confiar-mais-em-deus\\\/#primaryimage\"},\"thumbnailUrl\":\"https:\\\/\\\/gloriadeus.com\\\/wp-content\\\/uploads\\\/2025\\\/03\\\/250218AMDIMG-30.jpg\",\"datePublished\":\"2026-01-09T19:25:08+00:00\",\"dateModified\":\"2026-02-07T16:34:14+00:00\",\"breadcrumb\":{\"@id\":\"https:\\\/\\\/gloriadeus.com\\\/home\\\/como-confiar-mais-em-deus\\\/#breadcrumb\"},\"inLanguage\":\"pt-BR\",\"potentialAction\":[{\"@type\":\"ReadAction\",\"target\":[\"https:\\\/\\\/gloriadeus.com\\\/home\\\/como-confiar-mais-em-deus\\\/\"]}]},{\"@type\":\"ImageObject\",\"inLanguage\":\"pt-BR\",\"@id\":\"https:\\\/\\\/gloriadeus.com\\\/home\\\/como-confiar-mais-em-deus\\\/#primaryimage\",\"url\":\"https:\\\/\\\/gloriadeus.com\\\/wp-content\\\/uploads\\\/2025\\\/03\\\/250218AMDIMG-30.jpg\",\"contentUrl\":\"https:\\\/\\\/gloriadeus.com\\\/wp-content\\\/uploads\\\/2025\\\/03\\\/250218AMDIMG-30.jpg\",\"width\":1125,\"height\":756,\"caption\":\"Como confiar mais em Deus\"},{\"@type\":\"BreadcrumbList\",\"@id\":\"https:\\\/\\\/gloriadeus.com\\\/home\\\/como-confiar-mais-em-deus\\\/#breadcrumb\",\"itemListElement\":[{\"@type\":\"ListItem\",\"position\":1,\"name\":\"In\u00edcio\",\"item\":\"https:\\\/\\\/gloriadeus.com\\\/home\\\/\"},{\"@type\":\"ListItem\",\"position\":2,\"name\":\"Como confiar mais em Deus\"}]},{\"@type\":\"WebSite\",\"@id\":\"https:\\\/\\\/gloriadeus.com\\\/home\\\/#website\",\"url\":\"https:\\\/\\\/gloriadeus.com\\\/home\\\/\",\"name\":\"Gloria Deus\",\"description\":\"\u21a8 Deslize para descobrir mais \u21a8\",\"publisher\":{\"@id\":\"https:\\\/\\\/gloriadeus.com\\\/home\\\/#\\\/schema\\\/person\\\/ab2365ca8f87ea38e53ba3c2275e65c4\"},\"alternateName\":\"Muita f\u00e9\",\"potentialAction\":[{\"@type\":\"SearchAction\",\"target\":{\"@type\":\"EntryPoint\",\"urlTemplate\":\"https:\\\/\\\/gloriadeus.com\\\/home\\\/?s={search_term_string}\"},\"query-input\":{\"@type\":\"PropertyValueSpecification\",\"valueRequired\":true,\"valueName\":\"search_term_string\"}}],\"inLanguage\":\"pt-BR\"},{\"@type\":[\"Person\",\"Organization\"],\"@id\":\"https:\\\/\\\/gloriadeus.com\\\/home\\\/#\\\/schema\\\/person\\\/ab2365ca8f87ea38e53ba3c2275e65c4\",\"name\":\"gloriadeus.com\",\"image\":{\"@type\":\"ImageObject\",\"inLanguage\":\"pt-BR\",\"@id\":\"https:\\\/\\\/gloriadeus.com\\\/wp-content\\\/uploads\\\/2024\\\/03\\\/230525DDPNG-21.png\",\"url\":\"https:\\\/\\\/gloriadeus.com\\\/wp-content\\\/uploads\\\/2024\\\/03\\\/230525DDPNG-21.png\",\"contentUrl\":\"https:\\\/\\\/gloriadeus.com\\\/wp-content\\\/uploads\\\/2024\\\/03\\\/230525DDPNG-21.png\",\"width\":220,\"height\":230,\"caption\":\"gloriadeus.com\"},\"logo\":{\"@id\":\"https:\\\/\\\/gloriadeus.com\\\/wp-content\\\/uploads\\\/2024\\\/03\\\/230525DDPNG-21.png\"},\"sameAs\":[\"https:\\\/\\\/gloriadeus.com\"]}]}<\/script>\n<!-- \/ Yoast SEO plugin. -->","yoast_head_json":{"title":"Como confiar mais em Deus - Gl\u00f3ria Deus","robots":{"index":"index","follow":"follow","max-snippet":"max-snippet:-1","max-image-preview":"max-image-preview:large","max-video-preview":"max-video-preview:-1"},"canonical":"https:\/\/gloriadeus.com\/home\/como-confiar-mais-em-deus\/","og_locale":"pt_BR","og_type":"article","og_title":"Como confiar mais em Deus - Gl\u00f3ria Deus","og_description":"Confiar mais em Deus \u00e9 um processo que envolve inten\u00e7\u00e3o, pr\u00e1tica e uma profundidade espiritual que pode ser cultivada ao &hellip;","og_url":"https:\/\/gloriadeus.com\/home\/como-confiar-mais-em-deus\/","og_site_name":"Gl\u00f3ria Deus","article_modified_time":"2026-02-07T16:34:14+00:00","og_image":[{"width":1125,"height":756,"url":"https:\/\/gloriadeus.com\/wp-content\/uploads\/2025\/03\/250218AMDIMG-30.jpg","type":"image\/jpeg"}],"twitter_card":"summary_large_image","twitter_misc":{"Est. tempo de leitura":"3 minutos"},"schema":{"@context":"https:\/\/schema.org","@graph":[{"@type":"WebPage","@id":"https:\/\/gloriadeus.com\/home\/como-confiar-mais-em-deus\/","url":"https:\/\/gloriadeus.com\/home\/como-confiar-mais-em-deus\/","name":"Como confiar mais em Deus - Gl\u00f3ria Deus","isPartOf":{"@id":"https:\/\/gloriadeus.com\/home\/#website"},"primaryImageOfPage":{"@id":"https:\/\/gloriadeus.com\/home\/como-confiar-mais-em-deus\/#primaryimage"},"image":{"@id":"https:\/\/gloriadeus.com\/home\/como-confiar-mais-em-deus\/#primaryimage"},"thumbnailUrl":"https:\/\/gloriadeus.com\/wp-content\/uploads\/2025\/03\/250218AMDIMG-30.jpg","datePublished":"2026-01-09T19:25:08+00:00","dateModified":"2026-02-07T16:34:14+00:00","breadcrumb":{"@id":"https:\/\/gloriadeus.com\/home\/como-confiar-mais-em-deus\/#breadcrumb"},"inLanguage":"pt-BR","potentialAction":[{"@type":"ReadAction","target":["https:\/\/gloriadeus.com\/home\/como-confiar-mais-em-deus\/"]}]},{"@type":"ImageObject","inLanguage":"pt-BR","@id":"https:\/\/gloriadeus.com\/home\/como-confiar-mais-em-deus\/#primaryimage","url":"https:\/\/gloriadeus.com\/wp-content\/uploads\/2025\/03\/250218AMDIMG-30.jpg","contentUrl":"https:\/\/gloriadeus.com\/wp-content\/uploads\/2025\/03\/250218AMDIMG-30.jpg","width":1125,"height":756,"caption":"Como confiar mais em Deus"},{"@type":"BreadcrumbList","@id":"https:\/\/gloriadeus.com\/home\/como-confiar-mais-em-deus\/#breadcrumb","itemListElement":[{"@type":"ListItem","position":1,"name":"In\u00edcio","item":"https:\/\/gloriadeus.com\/home\/"},{"@type":"ListItem","position":2,"name":"Como confiar mais em Deus"}]},{"@type":"WebSite","@id":"https:\/\/gloriadeus.com\/home\/#website","url":"https:\/\/gloriadeus.com\/home\/","name":"Gloria Deus","description":"\u21a8 Deslize para descobrir mais \u21a8","publisher":{"@id":"https:\/\/gloriadeus.com\/home\/#\/schema\/person\/ab2365ca8f87ea38e53ba3c2275e65c4"},"alternateName":"Muita f\u00e9","potentialAction":[{"@type":"SearchAction","target":{"@type":"EntryPoint","urlTemplate":"https:\/\/gloriadeus.com\/home\/?s={search_term_string}"},"query-input":{"@type":"PropertyValueSpecification","valueRequired":true,"valueName":"search_term_string"}}],"inLanguage":"pt-BR"},{"@type":["Person","Organization"],"@id":"https:\/\/gloriadeus.com\/home\/#\/schema\/person\/ab2365ca8f87ea38e53ba3c2275e65c4","name":"gloriadeus.com","image":{"@type":"ImageObject","inLanguage":"pt-BR","@id":"https:\/\/gloriadeus.com\/wp-content\/uploads\/2024\/03\/230525DDPNG-21.png","url":"https:\/\/gloriadeus.com\/wp-content\/uploads\/2024\/03\/230525DDPNG-21.png","contentUrl":"https:\/\/gloriadeus.com\/wp-content\/uploads\/2024\/03\/230525DDPNG-21.png","width":220,"height":230,"caption":"gloriadeus.com"},"logo":{"@id":"https:\/\/gloriadeus.com\/wp-content\/uploads\/2024\/03\/230525DDPNG-21.png"},"sameAs":["https:\/\/gloriadeus.com"]}]}},"_links":{"self":[{"href":"https:\/\/gloriadeus.com\/home\/wp-json\/wp\/v2\/pages\/5072","targetHints":{"allow":["GET"]}}],"collection":[{"href":"https:\/\/gloriadeus.com\/home\/wp-json\/wp\/v2\/pages"}],"about":[{"href":"https:\/\/gloriadeus.com\/home\/wp-json\/wp\/v2\/types\/page"}],"author":[{"embeddable":true,"href":"https:\/\/gloriadeus.com\/home\/wp-json\/wp\/v2\/users\/1"}],"replies":[{"embeddable":true,"href":"https:\/\/gloriadeus.com\/home\/wp-json\/wp\/v2\/comments?post=5072"}],"version-history":[{"count":6,"href":"https:\/\/gloriadeus.com\/home\/wp-json\/wp\/v2\/pages\/5072\/revisions"}],"predecessor-version":[{"id":10424,"href":"https:\/\/gloriadeus.com\/home\/wp-json\/wp\/v2\/pages\/5072\/revisions\/10424"}],"wp:featuredmedia":[{"embeddable":true,"href":"https:\/\/gloriadeus.com\/home\/wp-json\/wp\/v2\/media\/5074"}],"wp:attachment":[{"href":"https:\/\/gloriadeus.com\/home\/wp-json\/wp\/v2\/media?parent=5072"}],"curies":[{"name":"wp","href":"https:\/\/api.w.org\/{rel}","templated":true}]}}