{"id":5052,"date":"2026-01-09T13:52:21","date_gmt":"2026-01-09T16:52:21","guid":{"rendered":"https:\/\/gloriadeus.com\/?page_id=5052"},"modified":"2026-02-04T13:33:47","modified_gmt":"2026-02-04T16:33:47","slug":"jesus-e-o-mesmo-ontem-hoje-e-eternamente","status":"publish","type":"page","link":"https:\/\/gloriadeus.com\/home\/jesus-e-o-mesmo-ontem-hoje-e-eternamente\/","title":{"rendered":"Jesus \u00e9 o mesmo ontem, hoje e eternamente"},"content":{"rendered":"<!-- subtitulo, palavra, paragrafo ok -->\r\n<p>&nbsp;<\/p>\r\n\r\n<figure data-wp-context=\"{&quot;imageId&quot;:&quot;69fa2630bdc87&quot;}\" data-wp-interactive=\"core\/image\" data-wp-key=\"69fa2630bdc87\" class=\"wp-block-image size-large is-resized wp-lightbox-container\"><img loading=\"lazy\" decoding=\"async\" width=\"500\" height=\"500\" data-wp-class--hide=\"state.isContentHidden\" data-wp-class--show=\"state.isContentVisible\" data-wp-init=\"callbacks.setButtonStyles\" data-wp-on--click=\"actions.showLightbox\" data-wp-on--load=\"callbacks.setButtonStyles\" data-wp-on-window--resize=\"callbacks.setButtonStyles\" class=\"wp-image-5053\" style=\"width: 329px; height: auto;\" src=\"https:\/\/gloriadeus.com\/wp-content\/uploads\/2025\/03\/240906AMDIMG-23.jpg\" alt=\"Jesus \u00e9 o mesmo ontem, hoje e eternamente\" srcset=\"https:\/\/gloriadeus.com\/wp-content\/uploads\/2025\/03\/240906AMDIMG-23.jpg 500w, https:\/\/gloriadeus.com\/wp-content\/uploads\/2025\/03\/240906AMDIMG-23-300x300.jpg 300w, https:\/\/gloriadeus.com\/wp-content\/uploads\/2025\/03\/240906AMDIMG-23-150x150.jpg 150w\" sizes=\"auto, (max-width: 500px) 100vw, 500px\" \/><button\n\t\t\tclass=\"lightbox-trigger\"\n\t\t\ttype=\"button\"\n\t\t\taria-haspopup=\"dialog\"\n\t\t\taria-label=\"Ampliar\"\n\t\t\tdata-wp-init=\"callbacks.initTriggerButton\"\n\t\t\tdata-wp-on--click=\"actions.showLightbox\"\n\t\t\tdata-wp-style--right=\"state.imageButtonRight\"\n\t\t\tdata-wp-style--top=\"state.imageButtonTop\"\n\t\t>\n\t\t\t<svg xmlns=\"http:\/\/www.w3.org\/2000\/svg\" width=\"12\" height=\"12\" fill=\"none\" viewBox=\"0 0 12 12\">\n\t\t\t\t<path fill=\"#fff\" d=\"M2 0a2 2 0 0 0-2 2v2h1.5V2a.5.5 0 0 1 .5-.5h2V0H2Zm2 10.5H2a.5.5 0 0 1-.5-.5V8H0v2a2 2 0 0 0 2 2h2v-1.5ZM8 12v-1.5h2a.5.5 0 0 0 .5-.5V8H12v2a2 2 0 0 1-2 2H8Zm2-12a2 2 0 0 1 2 2v2h-1.5V2a.5.5 0 0 0-.5-.5H8V0h2Z\" \/>\n\t\t\t<\/svg>\n\t\t<\/button><\/figure>\r\n\r\n\r\n\r\n<p>Jesus \u00e9 o mesmo ontem, hoje e eternamente, essa afirma\u00e7\u00e3o \u00e9 profunda e fundamental para a compreens\u00e3o da f\u00e9 crist\u00e3, revelando a imutabilidade de Seu car\u00e1ter e prop\u00f3sito ao longo das eras, desde os tempos antigos, quando as profecias a seu respeito anunciavam a sua vinda, at\u00e9 o presente, Sua presen\u00e7a continua a impactar vidas de maneiras inigual\u00e1veis.\u00a0<\/p>\r\n<h2>Sempre presente em nossas vidas\u00a0\u00a0<\/h2>\r\n<p>Em cada etapa de nossa vida, Ele permanece constante e fiel, em momentos de alegria ou tristeza, Sua ess\u00eancia n\u00e3o muda, e isso nos proporciona uma seguran\u00e7a eterna em um mundo em constante mudan\u00e7a.<\/p>\r\n<p>Nas p\u00e1ginas do Antigo Testamento e os Novos, O senhor sempre se importa com a humanidade, que promete um Salvador, um Redentor que traria esperan\u00e7a em meio \u00e0 dor e ao sofrimento, Ele caminhava entre os homens, curando os enfermos, restaurando os perdidos e proclamando o amor do Pai, mostrando que Sua compaix\u00e3o \u00e9 constante e sempre acess\u00edvel.\u00a0<\/p>\r\n\r\n\r\n\r\n<figure data-wp-context=\"{&quot;imageId&quot;:&quot;69fa2630be0bf&quot;}\" data-wp-interactive=\"core\/image\" data-wp-key=\"69fa2630be0bf\" class=\"wp-block-image size-large is-resized wp-lightbox-container\"><img loading=\"lazy\" decoding=\"async\" width=\"736\" height=\"920\" data-wp-class--hide=\"state.isContentHidden\" data-wp-class--show=\"state.isContentVisible\" data-wp-init=\"callbacks.setButtonStyles\" data-wp-on--click=\"actions.showLightbox\" data-wp-on--load=\"callbacks.setButtonStyles\" data-wp-on-window--resize=\"callbacks.setButtonStyles\" class=\"wp-image-5054\" style=\"width: 387px; height: auto;\" src=\"https:\/\/gloriadeus.com\/wp-content\/uploads\/2025\/03\/241215AMDIMG01.jpg\" alt=\"Jesus \u00e9 o mesmo ontem, hoje e eternamente\" srcset=\"https:\/\/gloriadeus.com\/wp-content\/uploads\/2025\/03\/241215AMDIMG01.jpg 736w, https:\/\/gloriadeus.com\/wp-content\/uploads\/2025\/03\/241215AMDIMG01-240x300.jpg 240w\" sizes=\"auto, (max-width: 736px) 100vw, 736px\" \/><button\n\t\t\tclass=\"lightbox-trigger\"\n\t\t\ttype=\"button\"\n\t\t\taria-haspopup=\"dialog\"\n\t\t\taria-label=\"Ampliar\"\n\t\t\tdata-wp-init=\"callbacks.initTriggerButton\"\n\t\t\tdata-wp-on--click=\"actions.showLightbox\"\n\t\t\tdata-wp-style--right=\"state.imageButtonRight\"\n\t\t\tdata-wp-style--top=\"state.imageButtonTop\"\n\t\t>\n\t\t\t<svg xmlns=\"http:\/\/www.w3.org\/2000\/svg\" width=\"12\" height=\"12\" fill=\"none\" viewBox=\"0 0 12 12\">\n\t\t\t\t<path fill=\"#fff\" d=\"M2 0a2 2 0 0 0-2 2v2h1.5V2a.5.5 0 0 1 .5-.5h2V0H2Zm2 10.5H2a.5.5 0 0 1-.5-.5V8H0v2a2 2 0 0 0 2 2h2v-1.5ZM8 12v-1.5h2a.5.5 0 0 0 .5-.5V8H12v2a2 2 0 0 1-2 2H8Zm2-12a2 2 0 0 1 2 2v2h-1.5V2a.5.5 0 0 0-.5-.5H8V0h2Z\" \/>\n\t\t\t<\/svg>\n\t\t<\/button>\u00a0<\/figure>\r\n<p>Sua palavra de amor e reden\u00e7\u00e3o continua a ser a luz que guia muitos em tempos de escurid\u00e3o, suas promessas s\u00e3o um alicerce firme para aqueles que buscam apoio nas adversidades da vida, revelando que, apesar das mudan\u00e7as sociais, pol\u00edticas e pessoais, Sua verdade nunca se abala.\u00a0<\/p>\r\n<h2>O Deus eterno\u00a0<\/h2>\r\n<p>Hoje, essa mesma ess\u00eancia permanece viva, em cada ato de bondade, em cada palavra de encorajamento que encontramos nos ensinamentos de Jesus.\u00a0Eternamente, a esperan\u00e7a que encontramos em Jesus \u00e9 uma \u00e2ncora para nossas almas, ao entendermos que Ele transcende o tempo, percebemos que Suas promessas e ensinamentos s\u00e3o aplic\u00e1veis em todas as gera\u00e7\u00f5es.<\/p>\r\n<p>Trazendo conforto e consolo, mostrando que a eternidade com Ele \u00e9 o plano divino para todos n\u00f3s, portanto, a rela\u00e7\u00e3o que temos com Jesus n\u00e3o se limita ao passado ou ao presente, mas se estende para o futuro, garantindo que um dia estaremos em Sua presen\u00e7a, livres de dor e sofrimento, como Ele sempre quis que estiv\u00e9ssemos.<\/p>\r\n\r\n\r\n\r\n<figure data-wp-context=\"{&quot;imageId&quot;:&quot;69fa2630be48d&quot;}\" data-wp-interactive=\"core\/image\" data-wp-key=\"69fa2630be48d\" class=\"wp-block-image size-large is-resized wp-lightbox-container\"><img loading=\"lazy\" decoding=\"async\" width=\"514\" height=\"599\" data-wp-class--hide=\"state.isContentHidden\" data-wp-class--show=\"state.isContentVisible\" data-wp-init=\"callbacks.setButtonStyles\" data-wp-on--click=\"actions.showLightbox\" data-wp-on--load=\"callbacks.setButtonStyles\" data-wp-on-window--resize=\"callbacks.setButtonStyles\" class=\"wp-image-5055\" style=\"width: 426px; height: auto;\" src=\"https:\/\/gloriadeus.com\/wp-content\/uploads\/2025\/03\/240906AMDIMG-26.jpg\" alt=\"Jesus \u00e9 o mesmo ontem, hoje e eternamente\" srcset=\"https:\/\/gloriadeus.com\/wp-content\/uploads\/2025\/03\/240906AMDIMG-26.jpg 514w, https:\/\/gloriadeus.com\/wp-content\/uploads\/2025\/03\/240906AMDIMG-26-257x300.jpg 257w\" sizes=\"auto, (max-width: 514px) 100vw, 514px\" \/><button\n\t\t\tclass=\"lightbox-trigger\"\n\t\t\ttype=\"button\"\n\t\t\taria-haspopup=\"dialog\"\n\t\t\taria-label=\"Ampliar\"\n\t\t\tdata-wp-init=\"callbacks.initTriggerButton\"\n\t\t\tdata-wp-on--click=\"actions.showLightbox\"\n\t\t\tdata-wp-style--right=\"state.imageButtonRight\"\n\t\t\tdata-wp-style--top=\"state.imageButtonTop\"\n\t\t>\n\t\t\t<svg xmlns=\"http:\/\/www.w3.org\/2000\/svg\" width=\"12\" height=\"12\" fill=\"none\" viewBox=\"0 0 12 12\">\n\t\t\t\t<path fill=\"#fff\" d=\"M2 0a2 2 0 0 0-2 2v2h1.5V2a.5.5 0 0 1 .5-.5h2V0H2Zm2 10.5H2a.5.5 0 0 1-.5-.5V8H0v2a2 2 0 0 0 2 2h2v-1.5ZM8 12v-1.5h2a.5.5 0 0 0 .5-.5V8H12v2a2 2 0 0 1-2 2H8Zm2-12a2 2 0 0 1 2 2v2h-1.5V2a.5.5 0 0 0-.5-.5H8V0h2Z\" \/>\n\t\t\t<\/svg>\n\t\t<\/button>\u00a0<\/figure>\r\n<p>A certeza de que Jesus \u00e9 o mesmo ontem, hoje e eternamente nos encoraja a buscar um relacionamento mais profundo com Ele, a confiar em Sua sabedoria e a nos entregarmos completamente ao Seu prop\u00f3sito divino.<\/p>\r\n<p>Em cada intera\u00e7\u00e3o com os outros, somos chamados a refletir esse amor imut\u00e1vel de Jesus, a sermos embaixadores de Sua gra\u00e7a e verdade, vivendo de forma que outros possam ver n\u2019Ele a esperan\u00e7a que n\u00f3s encontramos.\u00a0<\/p>\r\n<h2>Jesus \u00e9 ben\u00e9fico\u00a0<\/h2>\r\n<p>Ao entendermos essa verdade, somos transformados e capacitados a viver de forma a refletir a luz de Cristo em um mundo que precisa desesperadamente de Sua verdade, a transforma\u00e7\u00e3o que Ele opera em nossos cora\u00e7\u00f5es n\u00e3o \u00e9 apenas para nosso benef\u00edcio, mas tamb\u00e9m para que sejamos instrumentos de transforma\u00e7\u00e3o nas vidas de outros.\u00a0<\/p>\r\n<p>\u00c9 um convite a permanecer firmes na f\u00e9, a n\u00e3o nos deixarmos abalar pelas circunst\u00e2ncias, lembrando que Jesus \u00e9 fiel e Seu car\u00e1ter \u00e9 perfeitamente bom, sem sombra de mudan\u00e7a.<\/p>\r\n<p>Ao olharmos para o passado, vemos a fidelidade de Deus revelada nas Escrituras, ao contemplarmos o presente, sentimos Sua presen\u00e7a nas nossas vidas, e ao sonharmos com o futuro, sabemos que temos a certeza de uma eternidade ao Seu lado, isso nos leva a uma vida de adora\u00e7\u00e3o e a\u00e7\u00e3o, buscando sempre glorific\u00e1-Lo em tudo que fazemos.<\/p>\r\n\r\n\r\n\r\n<figure class=\"wp-block-image size-large is-resized\"><img loading=\"lazy\" decoding=\"async\" width=\"736\" height=\"920\" class=\"wp-image-5056\" style=\"width: 359px; height: auto;\" src=\"https:\/\/gloriadeus.com\/wp-content\/uploads\/2025\/03\/250111AMDIMG-28.jpg\" alt=\"Jesus \u00e9 o mesmo ontem, hoje e eternamente\" srcset=\"https:\/\/gloriadeus.com\/wp-content\/uploads\/2025\/03\/250111AMDIMG-28.jpg 736w, https:\/\/gloriadeus.com\/wp-content\/uploads\/2025\/03\/250111AMDIMG-28-240x300.jpg 240w\" sizes=\"auto, (max-width: 736px) 100vw, 736px\" \/><\/figure>\r\n\r\n\r\n\r\n<p>A palavra de que: Jesus \u00e9 o mesmo ontem, hoje e eternamente nos impele a compartilhar essa esperan\u00e7a e amor com aqueles que nos cercam, a sermos testemunhas vivas de Sua gra\u00e7a e miseric\u00f3rdia, ao fazermos isso, nos unimos \u00e0 grande miss\u00e3o que Ele nos confiou, de testemunhar o Evangelho at\u00e9 os confins da Terra.\u00a0<\/p>\r\n<h2>Cristo est\u00e1 conosco\u00a0<\/h2>\r\n<p>Compreender que Jesus n\u00e3o muda nos encoraja a permanecer firmes em nossa f\u00e9, a buscar a comunidade com outros crentes e a trabalhar juntos para o avan\u00e7o do Seu reino, a certeza de Sua const\u00e2ncia nos motiva a enfrentar os desafios com coragem e determina\u00e7\u00e3o, sabendo que n\u00e3o estamos sozinhos, mas que Ele est\u00e1 conosco em cada passo do caminho.<\/p>\r\n<p>Essa verdade se torna um pilar em nossa vida espiritual, uma fonte de for\u00e7a quando nos sentimos fracos e um farol em tempos de incerteza, estamos seguros de que, independentemente das tempestades que possam surgir, temos um ref\u00fagio seguro naquele que \u00e9 eterno.<\/p>\r\n<p>A palavra aplicada em t\u00edtulo, de que Jesus \u00e9 o mesmo ontem, hoje e eternamente nos chama a um relacionamento vibrante com Ele, nos instiga a conhecer mais de Sua Palavra, a aprofundar nossa f\u00e9 e a nos lan\u00e7ar em Seus bra\u00e7os, confiando que, assim como Ele foi fiel no passado, Ele ser\u00e1 fiel hoje e sempre.<\/p>\r\n<p>Que possamos, assim, viver cada dia com a certeza de que nosso Redentor vive, e que ao permanecer Nele, encontramos n\u00e3o apenas sustento e esperan\u00e7a, mas tamb\u00e9m um chamado para levar Sua luz a todos que encontramos.<\/p>\r\n","protected":false},"excerpt":{"rendered":"<p>&nbsp; Jesus \u00e9 o mesmo ontem, hoje e eternamente, essa afirma\u00e7\u00e3o \u00e9 profunda e fundamental para a compreens\u00e3o da f\u00e9 &hellip; <\/p>\n","protected":false},"author":1,"featured_media":5054,"parent":0,"menu_order":0,"comment_status":"open","ping_status":"closed","template":"","meta":{"_uf_show_specific_survey":0,"_uf_disable_surveys":false,"footnotes":""},"class_list":["post-5052","page","type-page","status-publish","has-post-thumbnail","hentry"],"yoast_head":"<!-- This site is optimized with the Yoast SEO plugin v27.5 - https:\/\/yoast.com\/product\/yoast-seo-wordpress\/ -->\n<title>Jesus \u00e9 o mesmo ontem, hoje e eternamente - Gl\u00f3ria Deus<\/title>\n<meta name=\"robots\" content=\"index, follow, max-snippet:-1, max-image-preview:large, max-video-preview:-1\" \/>\n<link rel=\"canonical\" href=\"https:\/\/gloriadeus.com\/home\/jesus-e-o-mesmo-ontem-hoje-e-eternamente\/\" \/>\n<meta property=\"og:locale\" content=\"pt_BR\" \/>\n<meta property=\"og:type\" content=\"article\" \/>\n<meta property=\"og:title\" content=\"Jesus \u00e9 o mesmo ontem, hoje e eternamente - Gl\u00f3ria Deus\" \/>\n<meta property=\"og:description\" content=\"&nbsp; Jesus \u00e9 o mesmo ontem, hoje e eternamente, essa afirma\u00e7\u00e3o \u00e9 profunda e fundamental para a compreens\u00e3o da f\u00e9 &hellip;\" \/>\n<meta property=\"og:url\" content=\"https:\/\/gloriadeus.com\/home\/jesus-e-o-mesmo-ontem-hoje-e-eternamente\/\" \/>\n<meta property=\"og:site_name\" content=\"Gl\u00f3ria Deus\" \/>\n<meta property=\"article:modified_time\" content=\"2026-02-04T16:33:47+00:00\" \/>\n<meta property=\"og:image\" content=\"https:\/\/gloriadeus.com\/wp-content\/uploads\/2025\/03\/241215AMDIMG01.jpg\" \/>\n\t<meta property=\"og:image:width\" content=\"736\" \/>\n\t<meta property=\"og:image:height\" content=\"920\" \/>\n\t<meta property=\"og:image:type\" content=\"image\/jpeg\" \/>\n<meta name=\"twitter:card\" content=\"summary_large_image\" \/>\n<meta name=\"twitter:label1\" content=\"Est. tempo de leitura\" \/>\n\t<meta name=\"twitter:data1\" content=\"6 minutos\" \/>\n<script type=\"application\/ld+json\" class=\"yoast-schema-graph\">{\"@context\":\"https:\\\/\\\/schema.org\",\"@graph\":[{\"@type\":\"WebPage\",\"@id\":\"https:\\\/\\\/gloriadeus.com\\\/home\\\/jesus-e-o-mesmo-ontem-hoje-e-eternamente\\\/\",\"url\":\"https:\\\/\\\/gloriadeus.com\\\/home\\\/jesus-e-o-mesmo-ontem-hoje-e-eternamente\\\/\",\"name\":\"Jesus \u00e9 o mesmo ontem, hoje e eternamente - Gl\u00f3ria Deus\",\"isPartOf\":{\"@id\":\"https:\\\/\\\/gloriadeus.com\\\/home\\\/#website\"},\"primaryImageOfPage\":{\"@id\":\"https:\\\/\\\/gloriadeus.com\\\/home\\\/jesus-e-o-mesmo-ontem-hoje-e-eternamente\\\/#primaryimage\"},\"image\":{\"@id\":\"https:\\\/\\\/gloriadeus.com\\\/home\\\/jesus-e-o-mesmo-ontem-hoje-e-eternamente\\\/#primaryimage\"},\"thumbnailUrl\":\"https:\\\/\\\/gloriadeus.com\\\/wp-content\\\/uploads\\\/2025\\\/03\\\/241215AMDIMG01.jpg\",\"datePublished\":\"2026-01-09T16:52:21+00:00\",\"dateModified\":\"2026-02-04T16:33:47+00:00\",\"breadcrumb\":{\"@id\":\"https:\\\/\\\/gloriadeus.com\\\/home\\\/jesus-e-o-mesmo-ontem-hoje-e-eternamente\\\/#breadcrumb\"},\"inLanguage\":\"pt-BR\",\"potentialAction\":[{\"@type\":\"ReadAction\",\"target\":[\"https:\\\/\\\/gloriadeus.com\\\/home\\\/jesus-e-o-mesmo-ontem-hoje-e-eternamente\\\/\"]}]},{\"@type\":\"ImageObject\",\"inLanguage\":\"pt-BR\",\"@id\":\"https:\\\/\\\/gloriadeus.com\\\/home\\\/jesus-e-o-mesmo-ontem-hoje-e-eternamente\\\/#primaryimage\",\"url\":\"https:\\\/\\\/gloriadeus.com\\\/wp-content\\\/uploads\\\/2025\\\/03\\\/241215AMDIMG01.jpg\",\"contentUrl\":\"https:\\\/\\\/gloriadeus.com\\\/wp-content\\\/uploads\\\/2025\\\/03\\\/241215AMDIMG01.jpg\",\"width\":736,\"height\":920,\"caption\":\"Jesus \u00e9 o mesmo ontem, hoje e eternamente\"},{\"@type\":\"BreadcrumbList\",\"@id\":\"https:\\\/\\\/gloriadeus.com\\\/home\\\/jesus-e-o-mesmo-ontem-hoje-e-eternamente\\\/#breadcrumb\",\"itemListElement\":[{\"@type\":\"ListItem\",\"position\":1,\"name\":\"In\u00edcio\",\"item\":\"https:\\\/\\\/gloriadeus.com\\\/home\\\/\"},{\"@type\":\"ListItem\",\"position\":2,\"name\":\"Jesus \u00e9 o mesmo ontem, hoje e eternamente\"}]},{\"@type\":\"WebSite\",\"@id\":\"https:\\\/\\\/gloriadeus.com\\\/home\\\/#website\",\"url\":\"https:\\\/\\\/gloriadeus.com\\\/home\\\/\",\"name\":\"Gloria Deus\",\"description\":\"\u21a8 Deslize para descobrir mais \u21a8\",\"publisher\":{\"@id\":\"https:\\\/\\\/gloriadeus.com\\\/home\\\/#\\\/schema\\\/person\\\/ab2365ca8f87ea38e53ba3c2275e65c4\"},\"alternateName\":\"Muita f\u00e9\",\"potentialAction\":[{\"@type\":\"SearchAction\",\"target\":{\"@type\":\"EntryPoint\",\"urlTemplate\":\"https:\\\/\\\/gloriadeus.com\\\/home\\\/?s={search_term_string}\"},\"query-input\":{\"@type\":\"PropertyValueSpecification\",\"valueRequired\":true,\"valueName\":\"search_term_string\"}}],\"inLanguage\":\"pt-BR\"},{\"@type\":[\"Person\",\"Organization\"],\"@id\":\"https:\\\/\\\/gloriadeus.com\\\/home\\\/#\\\/schema\\\/person\\\/ab2365ca8f87ea38e53ba3c2275e65c4\",\"name\":\"gloriadeus.com\",\"image\":{\"@type\":\"ImageObject\",\"inLanguage\":\"pt-BR\",\"@id\":\"https:\\\/\\\/gloriadeus.com\\\/wp-content\\\/uploads\\\/2024\\\/03\\\/230525DDPNG-21.png\",\"url\":\"https:\\\/\\\/gloriadeus.com\\\/wp-content\\\/uploads\\\/2024\\\/03\\\/230525DDPNG-21.png\",\"contentUrl\":\"https:\\\/\\\/gloriadeus.com\\\/wp-content\\\/uploads\\\/2024\\\/03\\\/230525DDPNG-21.png\",\"width\":220,\"height\":230,\"caption\":\"gloriadeus.com\"},\"logo\":{\"@id\":\"https:\\\/\\\/gloriadeus.com\\\/wp-content\\\/uploads\\\/2024\\\/03\\\/230525DDPNG-21.png\"},\"sameAs\":[\"https:\\\/\\\/gloriadeus.com\"]}]}<\/script>\n<!-- \/ Yoast SEO plugin. -->","yoast_head_json":{"title":"Jesus \u00e9 o mesmo ontem, hoje e eternamente - Gl\u00f3ria Deus","robots":{"index":"index","follow":"follow","max-snippet":"max-snippet:-1","max-image-preview":"max-image-preview:large","max-video-preview":"max-video-preview:-1"},"canonical":"https:\/\/gloriadeus.com\/home\/jesus-e-o-mesmo-ontem-hoje-e-eternamente\/","og_locale":"pt_BR","og_type":"article","og_title":"Jesus \u00e9 o mesmo ontem, hoje e eternamente - Gl\u00f3ria Deus","og_description":"&nbsp; Jesus \u00e9 o mesmo ontem, hoje e eternamente, essa afirma\u00e7\u00e3o \u00e9 profunda e fundamental para a compreens\u00e3o da f\u00e9 &hellip;","og_url":"https:\/\/gloriadeus.com\/home\/jesus-e-o-mesmo-ontem-hoje-e-eternamente\/","og_site_name":"Gl\u00f3ria Deus","article_modified_time":"2026-02-04T16:33:47+00:00","og_image":[{"width":736,"height":920,"url":"https:\/\/gloriadeus.com\/wp-content\/uploads\/2025\/03\/241215AMDIMG01.jpg","type":"image\/jpeg"}],"twitter_card":"summary_large_image","twitter_misc":{"Est. tempo de leitura":"6 minutos"},"schema":{"@context":"https:\/\/schema.org","@graph":[{"@type":"WebPage","@id":"https:\/\/gloriadeus.com\/home\/jesus-e-o-mesmo-ontem-hoje-e-eternamente\/","url":"https:\/\/gloriadeus.com\/home\/jesus-e-o-mesmo-ontem-hoje-e-eternamente\/","name":"Jesus \u00e9 o mesmo ontem, hoje e eternamente - Gl\u00f3ria Deus","isPartOf":{"@id":"https:\/\/gloriadeus.com\/home\/#website"},"primaryImageOfPage":{"@id":"https:\/\/gloriadeus.com\/home\/jesus-e-o-mesmo-ontem-hoje-e-eternamente\/#primaryimage"},"image":{"@id":"https:\/\/gloriadeus.com\/home\/jesus-e-o-mesmo-ontem-hoje-e-eternamente\/#primaryimage"},"thumbnailUrl":"https:\/\/gloriadeus.com\/wp-content\/uploads\/2025\/03\/241215AMDIMG01.jpg","datePublished":"2026-01-09T16:52:21+00:00","dateModified":"2026-02-04T16:33:47+00:00","breadcrumb":{"@id":"https:\/\/gloriadeus.com\/home\/jesus-e-o-mesmo-ontem-hoje-e-eternamente\/#breadcrumb"},"inLanguage":"pt-BR","potentialAction":[{"@type":"ReadAction","target":["https:\/\/gloriadeus.com\/home\/jesus-e-o-mesmo-ontem-hoje-e-eternamente\/"]}]},{"@type":"ImageObject","inLanguage":"pt-BR","@id":"https:\/\/gloriadeus.com\/home\/jesus-e-o-mesmo-ontem-hoje-e-eternamente\/#primaryimage","url":"https:\/\/gloriadeus.com\/wp-content\/uploads\/2025\/03\/241215AMDIMG01.jpg","contentUrl":"https:\/\/gloriadeus.com\/wp-content\/uploads\/2025\/03\/241215AMDIMG01.jpg","width":736,"height":920,"caption":"Jesus \u00e9 o mesmo ontem, hoje e eternamente"},{"@type":"BreadcrumbList","@id":"https:\/\/gloriadeus.com\/home\/jesus-e-o-mesmo-ontem-hoje-e-eternamente\/#breadcrumb","itemListElement":[{"@type":"ListItem","position":1,"name":"In\u00edcio","item":"https:\/\/gloriadeus.com\/home\/"},{"@type":"ListItem","position":2,"name":"Jesus \u00e9 o mesmo ontem, hoje e eternamente"}]},{"@type":"WebSite","@id":"https:\/\/gloriadeus.com\/home\/#website","url":"https:\/\/gloriadeus.com\/home\/","name":"Gloria Deus","description":"\u21a8 Deslize para descobrir mais \u21a8","publisher":{"@id":"https:\/\/gloriadeus.com\/home\/#\/schema\/person\/ab2365ca8f87ea38e53ba3c2275e65c4"},"alternateName":"Muita f\u00e9","potentialAction":[{"@type":"SearchAction","target":{"@type":"EntryPoint","urlTemplate":"https:\/\/gloriadeus.com\/home\/?s={search_term_string}"},"query-input":{"@type":"PropertyValueSpecification","valueRequired":true,"valueName":"search_term_string"}}],"inLanguage":"pt-BR"},{"@type":["Person","Organization"],"@id":"https:\/\/gloriadeus.com\/home\/#\/schema\/person\/ab2365ca8f87ea38e53ba3c2275e65c4","name":"gloriadeus.com","image":{"@type":"ImageObject","inLanguage":"pt-BR","@id":"https:\/\/gloriadeus.com\/wp-content\/uploads\/2024\/03\/230525DDPNG-21.png","url":"https:\/\/gloriadeus.com\/wp-content\/uploads\/2024\/03\/230525DDPNG-21.png","contentUrl":"https:\/\/gloriadeus.com\/wp-content\/uploads\/2024\/03\/230525DDPNG-21.png","width":220,"height":230,"caption":"gloriadeus.com"},"logo":{"@id":"https:\/\/gloriadeus.com\/wp-content\/uploads\/2024\/03\/230525DDPNG-21.png"},"sameAs":["https:\/\/gloriadeus.com"]}]}},"_links":{"self":[{"href":"https:\/\/gloriadeus.com\/home\/wp-json\/wp\/v2\/pages\/5052","targetHints":{"allow":["GET"]}}],"collection":[{"href":"https:\/\/gloriadeus.com\/home\/wp-json\/wp\/v2\/pages"}],"about":[{"href":"https:\/\/gloriadeus.com\/home\/wp-json\/wp\/v2\/types\/page"}],"author":[{"embeddable":true,"href":"https:\/\/gloriadeus.com\/home\/wp-json\/wp\/v2\/users\/1"}],"replies":[{"embeddable":true,"href":"https:\/\/gloriadeus.com\/home\/wp-json\/wp\/v2\/comments?post=5052"}],"version-history":[{"count":7,"href":"https:\/\/gloriadeus.com\/home\/wp-json\/wp\/v2\/pages\/5052\/revisions"}],"predecessor-version":[{"id":10345,"href":"https:\/\/gloriadeus.com\/home\/wp-json\/wp\/v2\/pages\/5052\/revisions\/10345"}],"wp:featuredmedia":[{"embeddable":true,"href":"https:\/\/gloriadeus.com\/home\/wp-json\/wp\/v2\/media\/5054"}],"wp:attachment":[{"href":"https:\/\/gloriadeus.com\/home\/wp-json\/wp\/v2\/media?parent=5052"}],"curies":[{"name":"wp","href":"https:\/\/api.w.org\/{rel}","templated":true}]}}