{"id":4985,"date":"2026-01-07T20:56:00","date_gmt":"2026-01-07T23:56:00","guid":{"rendered":"https:\/\/gloriadeus.com\/?page_id=4985"},"modified":"2026-02-04T13:34:57","modified_gmt":"2026-02-04T16:34:57","slug":"jesus-nos-transforma-em-seres-melhores","status":"publish","type":"page","link":"https:\/\/gloriadeus.com\/home\/jesus-nos-transforma-em-seres-melhores\/","title":{"rendered":"Jesus nos transforma em seres melhores"},"content":{"rendered":"<!-- subtitulo, palavra, paragrafo ok -->\r\n\r\n\r\n<figure data-wp-context=\"{&quot;imageId&quot;:&quot;69fc5e16aa854&quot;}\" data-wp-interactive=\"core\/image\" data-wp-key=\"69fc5e16aa854\" class=\"wp-block-image size-large is-resized wp-lightbox-container\"><img loading=\"lazy\" decoding=\"async\" width=\"960\" height=\"720\" data-wp-class--hide=\"state.isContentHidden\" data-wp-class--show=\"state.isContentVisible\" data-wp-init=\"callbacks.setButtonStyles\" data-wp-on--click=\"actions.showLightbox\" data-wp-on--load=\"callbacks.setButtonStyles\" data-wp-on-window--resize=\"callbacks.setButtonStyles\" class=\"wp-image-4990\" style=\"width: 350px; height: auto;\" src=\"https:\/\/gloriadeus.com\/wp-content\/uploads\/2025\/03\/240906AMDIMG-15-1.jpg\" alt=\"Jesus nos transforma em seres melhores\" srcset=\"https:\/\/gloriadeus.com\/wp-content\/uploads\/2025\/03\/240906AMDIMG-15-1.jpg 960w, https:\/\/gloriadeus.com\/wp-content\/uploads\/2025\/03\/240906AMDIMG-15-1-300x225.jpg 300w, https:\/\/gloriadeus.com\/wp-content\/uploads\/2025\/03\/240906AMDIMG-15-1-768x576.jpg 768w\" sizes=\"auto, (max-width: 960px) 100vw, 960px\" \/><button\n\t\t\tclass=\"lightbox-trigger\"\n\t\t\ttype=\"button\"\n\t\t\taria-haspopup=\"dialog\"\n\t\t\taria-label=\"Ampliar\"\n\t\t\tdata-wp-init=\"callbacks.initTriggerButton\"\n\t\t\tdata-wp-on--click=\"actions.showLightbox\"\n\t\t\tdata-wp-style--right=\"state.imageButtonRight\"\n\t\t\tdata-wp-style--top=\"state.imageButtonTop\"\n\t\t>\n\t\t\t<svg xmlns=\"http:\/\/www.w3.org\/2000\/svg\" width=\"12\" height=\"12\" fill=\"none\" viewBox=\"0 0 12 12\">\n\t\t\t\t<path fill=\"#fff\" d=\"M2 0a2 2 0 0 0-2 2v2h1.5V2a.5.5 0 0 1 .5-.5h2V0H2Zm2 10.5H2a.5.5 0 0 1-.5-.5V8H0v2a2 2 0 0 0 2 2h2v-1.5ZM8 12v-1.5h2a.5.5 0 0 0 .5-.5V8H12v2a2 2 0 0 1-2 2H8Zm2-12a2 2 0 0 1 2 2v2h-1.5V2a.5.5 0 0 0-.5-.5H8V0h2Z\" \/>\n\t\t\t<\/svg>\n\t\t<\/button><\/figure>\r\n\r\n\r\n\r\n<p>Jesus, figura central do cristianismo, \u00e9 frequentemente visto como um agente de transforma\u00e7\u00e3o pessoal e espiritual, que nos inspira a nos tornarmos seres melhores em diversos aspectos de nossas vidas.\u00a0<\/p>\r\n<h2>Ele nos ensina a ter mais compaix\u00e3o\u00a0<\/h2>\r\n<p>Sua palavra de amor incondicional nos ensina a import\u00e2ncia do perd\u00e3o, fazendo-nos compreender que liberar o ressentimento libera nosso cora\u00e7\u00e3o e nos aproxima de uma vida mais plena e pac\u00edfica, o que, em \u00faltima an\u00e1lise, nos transforma em indiv\u00edduos mais compassivos e emp\u00e1ticos.<\/p>\r\n<p>Ao nos convidar a amar nossos inimigos e a praticar a bondade, Jesus nos desafia a sair da nossa zona de conforto e a cultivar uma atitude altru\u00edsta, empurrando-nos a agir de maneira que n\u00e3o apenas beneficie a n\u00f3s mesmos, mas tamb\u00e9m aqueles ao nosso redor, fortalecendo assim os la\u00e7os comunit\u00e1rios e promovendo uma sociedade mais justa e solid\u00e1ria.\u00a0<\/p>\r\n\r\n\r\n\r\n<figure data-wp-context=\"{&quot;imageId&quot;:&quot;69fc5e16aad05&quot;}\" data-wp-interactive=\"core\/image\" data-wp-key=\"69fc5e16aad05\" class=\"wp-block-image size-large is-resized wp-lightbox-container\"><img loading=\"lazy\" decoding=\"async\" width=\"540\" height=\"628\" data-wp-class--hide=\"state.isContentHidden\" data-wp-class--show=\"state.isContentVisible\" data-wp-init=\"callbacks.setButtonStyles\" data-wp-on--click=\"actions.showLightbox\" data-wp-on--load=\"callbacks.setButtonStyles\" data-wp-on-window--resize=\"callbacks.setButtonStyles\" class=\"wp-image-4991\" style=\"width: 312px; height: auto;\" src=\"https:\/\/gloriadeus.com\/wp-content\/uploads\/2025\/03\/250111AMDIMG-9-2.jpg\" alt=\"Jesus nos transforma em seres melhores\" srcset=\"https:\/\/gloriadeus.com\/wp-content\/uploads\/2025\/03\/250111AMDIMG-9-2.jpg 540w, https:\/\/gloriadeus.com\/wp-content\/uploads\/2025\/03\/250111AMDIMG-9-2-258x300.jpg 258w\" sizes=\"auto, (max-width: 540px) 100vw, 540px\" \/><button\n\t\t\tclass=\"lightbox-trigger\"\n\t\t\ttype=\"button\"\n\t\t\taria-haspopup=\"dialog\"\n\t\t\taria-label=\"Ampliar\"\n\t\t\tdata-wp-init=\"callbacks.initTriggerButton\"\n\t\t\tdata-wp-on--click=\"actions.showLightbox\"\n\t\t\tdata-wp-style--right=\"state.imageButtonRight\"\n\t\t\tdata-wp-style--top=\"state.imageButtonTop\"\n\t\t>\n\t\t\t<svg xmlns=\"http:\/\/www.w3.org\/2000\/svg\" width=\"12\" height=\"12\" fill=\"none\" viewBox=\"0 0 12 12\">\n\t\t\t\t<path fill=\"#fff\" d=\"M2 0a2 2 0 0 0-2 2v2h1.5V2a.5.5 0 0 1 .5-.5h2V0H2Zm2 10.5H2a.5.5 0 0 1-.5-.5V8H0v2a2 2 0 0 0 2 2h2v-1.5ZM8 12v-1.5h2a.5.5 0 0 0 .5-.5V8H12v2a2 2 0 0 1-2 2H8Zm2-12a2 2 0 0 1 2 2v2h-1.5V2a.5.5 0 0 0-.5-.5H8V0h2Z\" \/>\n\t\t\t<\/svg>\n\t\t<\/button>\u00a0<\/figure>\r\n<p>Atrav\u00e9s de Seus ensinamentos, aprendemos que a verdadeira grandeza n\u00e3o est\u00e1 na busca por status ou riqueza, mas na humildade e no servi\u00e7o ao pr\u00f3ximo, essa mudan\u00e7a de perspectiva \u00e9 fundamental para nossa evolu\u00e7\u00e3o pessoal, pois ao servirmos ao outro, encontramos um prop\u00f3sito maior e uma conex\u00e3o mais profunda com a humanidade.\u00a0<\/p>\r\n<h2>Jesus nos transforma em seres melhores\u00a0<\/h2>\r\n<p>As par\u00e1bolas e hist\u00f3rias que Jesus compartilhou, ricas em li\u00e7\u00f5es de moral, ilustram a import\u00e2ncia da honestidade, da integridade e da responsabilidade, nos incentivando a refletir sobre nossas a\u00e7\u00f5es e a tomarmos decis\u00f5es mais \u00e9ticas, o que gera um desenvolvimento moral significativo e uma caminhada de crescimento cont\u00ednuo.<\/p>\r\n<p>N\u00e3o podemos esquecer tamb\u00e9m que Jesus nos ensina sobre a import\u00e2ncia da f\u00e9 e da esperan\u00e7a, valores que nos fortalecem em momentos de d\u00favida e dificuldade, permitindo-nos enxergar al\u00e9m das circunst\u00e2ncias presentes e nos inspirando a buscar o melhor de n\u00f3s mesmos e do mundo ao nosso redor.\u00a0<\/p>\r\n\r\n\r\n\r\n<figure data-wp-context=\"{&quot;imageId&quot;:&quot;69fc5e16ab109&quot;}\" data-wp-interactive=\"core\/image\" data-wp-key=\"69fc5e16ab109\" class=\"wp-block-image size-large is-resized wp-lightbox-container\"><img loading=\"lazy\" decoding=\"async\" width=\"735\" height=\"922\" data-wp-class--hide=\"state.isContentHidden\" data-wp-class--show=\"state.isContentVisible\" data-wp-init=\"callbacks.setButtonStyles\" data-wp-on--click=\"actions.showLightbox\" data-wp-on--load=\"callbacks.setButtonStyles\" data-wp-on-window--resize=\"callbacks.setButtonStyles\" class=\"wp-image-4993\" style=\"width: 262px; height: auto;\" src=\"https:\/\/gloriadeus.com\/wp-content\/uploads\/2025\/03\/250111AMDIMG-27-1.jpg\" alt=\"Jesus nos transforma em seres melhores\" srcset=\"https:\/\/gloriadeus.com\/wp-content\/uploads\/2025\/03\/250111AMDIMG-27-1.jpg 735w, https:\/\/gloriadeus.com\/wp-content\/uploads\/2025\/03\/250111AMDIMG-27-1-239x300.jpg 239w\" sizes=\"auto, (max-width: 735px) 100vw, 735px\" \/><button\n\t\t\tclass=\"lightbox-trigger\"\n\t\t\ttype=\"button\"\n\t\t\taria-haspopup=\"dialog\"\n\t\t\taria-label=\"Ampliar\"\n\t\t\tdata-wp-init=\"callbacks.initTriggerButton\"\n\t\t\tdata-wp-on--click=\"actions.showLightbox\"\n\t\t\tdata-wp-style--right=\"state.imageButtonRight\"\n\t\t\tdata-wp-style--top=\"state.imageButtonTop\"\n\t\t>\n\t\t\t<svg xmlns=\"http:\/\/www.w3.org\/2000\/svg\" width=\"12\" height=\"12\" fill=\"none\" viewBox=\"0 0 12 12\">\n\t\t\t\t<path fill=\"#fff\" d=\"M2 0a2 2 0 0 0-2 2v2h1.5V2a.5.5 0 0 1 .5-.5h2V0H2Zm2 10.5H2a.5.5 0 0 1-.5-.5V8H0v2a2 2 0 0 0 2 2h2v-1.5ZM8 12v-1.5h2a.5.5 0 0 0 .5-.5V8H12v2a2 2 0 0 1-2 2H8Zm2-12a2 2 0 0 1 2 2v2h-1.5V2a.5.5 0 0 0-.5-.5H8V0h2Z\" \/>\n\t\t\t<\/svg>\n\t\t<\/button>\u00a0<\/figure>\r\n<p>A pr\u00e1tica da ora\u00e7\u00e3o e da medita\u00e7\u00e3o, enquanto ferramentas espirituais que Ele nos deixou, nos ajuda a conectar com nosso interior e a buscar sabedoria na quietude, uma transforma\u00e7\u00e3o que come\u00e7a no cora\u00e7\u00e3o e se reflete em nossas atitudes di\u00e1rias.\u00a0<\/p>\r\n<h2>Melhores seres humanos\u00a0<\/h2>\r\n<p>Entende-se que a jornada de transforma\u00e7\u00e3o n\u00e3o \u00e9 apenas individual, mas tamb\u00e9m coletiva, ao nos tornarmos melhores seres humanos, inspiramos outros a fazer o mesmo, criando um efeito domin\u00f3 de amor e bondade que pode reverberar nas comunidades e no mundo em geral.<\/p>\r\n<p>\u00c0 medida que nos aprofundamos em Sua palavra e em Seu exemplo, somos constantemente desafiados a abandonar velhos h\u00e1bitos e comportamentos prejudiciais, sendo essas mudan\u00e7as motivadas pelo amor e pela gratid\u00e3o que sentimos por tudo que Ele representa.<\/p>\r\n\r\n\r\n\r\n\r\n\r\n\r\n\r\n<figure data-wp-context=\"{&quot;imageId&quot;:&quot;69fc5e16ab507&quot;}\" data-wp-interactive=\"core\/image\" data-wp-key=\"69fc5e16ab507\" class=\"wp-block-image size-large is-resized wp-lightbox-container\"><img loading=\"lazy\" decoding=\"async\" width=\"1024\" height=\"770\" data-wp-class--hide=\"state.isContentHidden\" data-wp-class--show=\"state.isContentVisible\" data-wp-init=\"callbacks.setButtonStyles\" data-wp-on--click=\"actions.showLightbox\" data-wp-on--load=\"callbacks.setButtonStyles\" data-wp-on-window--resize=\"callbacks.setButtonStyles\" class=\"wp-image-4992\" style=\"width: 291px; height: auto;\" src=\"https:\/\/gloriadeus.com\/wp-content\/uploads\/2025\/03\/250218AMDIMG-1-1-1024x770.jpg\" alt=\"Jesus nos transforma em seres melhores\" srcset=\"https:\/\/gloriadeus.com\/wp-content\/uploads\/2025\/03\/250218AMDIMG-1-1-1024x770.jpg 1024w, https:\/\/gloriadeus.com\/wp-content\/uploads\/2025\/03\/250218AMDIMG-1-1-300x226.jpg 300w, https:\/\/gloriadeus.com\/wp-content\/uploads\/2025\/03\/250218AMDIMG-1-1-768x578.jpg 768w, https:\/\/gloriadeus.com\/wp-content\/uploads\/2025\/03\/250218AMDIMG-1-1.jpg 1125w\" sizes=\"auto, (max-width: 1024px) 100vw, 1024px\" \/><button\n\t\t\tclass=\"lightbox-trigger\"\n\t\t\ttype=\"button\"\n\t\t\taria-haspopup=\"dialog\"\n\t\t\taria-label=\"Ampliar\"\n\t\t\tdata-wp-init=\"callbacks.initTriggerButton\"\n\t\t\tdata-wp-on--click=\"actions.showLightbox\"\n\t\t\tdata-wp-style--right=\"state.imageButtonRight\"\n\t\t\tdata-wp-style--top=\"state.imageButtonTop\"\n\t\t>\n\t\t\t<svg xmlns=\"http:\/\/www.w3.org\/2000\/svg\" width=\"12\" height=\"12\" fill=\"none\" viewBox=\"0 0 12 12\">\n\t\t\t\t<path fill=\"#fff\" d=\"M2 0a2 2 0 0 0-2 2v2h1.5V2a.5.5 0 0 1 .5-.5h2V0H2Zm2 10.5H2a.5.5 0 0 1-.5-.5V8H0v2a2 2 0 0 0 2 2h2v-1.5ZM8 12v-1.5h2a.5.5 0 0 0 .5-.5V8H12v2a2 2 0 0 1-2 2H8Zm2-12a2 2 0 0 1 2 2v2h-1.5V2a.5.5 0 0 0-.5-.5H8V0h2Z\" \/>\n\t\t\t<\/svg>\n\t\t<\/button>\u00a0<\/figure>\r\n\r\n\r\n\r\n<p>Jesus nos faz um chamado \u00e0 transforma\u00e7\u00e3o que nos estimula a perseguir n\u00e3o apenas o nosso crescimento pessoal, mas tamb\u00e9m o avan\u00e7o de valores que promovam a paz, a justi\u00e7a e a solidariedade entre todos, mostrando que, juntos, podemos fazer a diferen\u00e7a.\u00a0<\/p>\r\n<h2>Jesus permite\u00a0<\/h2>\r\n<p>Sabe-se que ao abra\u00e7armos os ensinamentos de Jesus e permitirmos que eles moldem nossas vidas, nos tornamos, gradativamente, vers\u00f5es melhores de n\u00f3s mesmos, mais respeitosos, mais sociais e com uma consci\u00eancia mais elevada, capazes de amar verdadeiramente e de contribuir para um mundo que reflita os princ\u00edpios do amor divino e da compaix\u00e3o.<\/p>\r\n<p>\u00c9 nesse processo cont\u00ednuo de edifica\u00e7\u00e3o pessoal atrav\u00e9s do exemplo de Cristo que encontramos n\u00e3o s\u00f3 a reden\u00e7\u00e3o individual, mas tamb\u00e9m a esperan\u00e7a de um futuro mais harmonioso e cheio de oportunidades para todos os que desejam ser verdadeiros agentes de mudan\u00e7a no mundo.<\/p>\r\n<p>Jesus nos transforma de dentro para fora, convidando-nos a sermos luz e sal da Terra, indiv\u00edduos que n\u00e3o apenas buscam a pr\u00f3pria eleva\u00e7\u00e3o, mas que tamb\u00e9m se preocupam em levantar e apoiar outros ao longo do caminho, promovendo um legado que transcende o tempo e o espa\u00e7o, refletindo o amor eterno e transformador que Ele nos oferece.<\/p>\r\n","protected":false},"excerpt":{"rendered":"<p>Jesus, figura central do cristianismo, \u00e9 frequentemente visto como um agente de transforma\u00e7\u00e3o pessoal e espiritual, que nos inspira a &hellip; <\/p>\n","protected":false},"author":1,"featured_media":4990,"parent":0,"menu_order":0,"comment_status":"open","ping_status":"closed","template":"","meta":{"_uf_show_specific_survey":0,"_uf_disable_surveys":false,"footnotes":""},"class_list":["post-4985","page","type-page","status-publish","has-post-thumbnail","hentry"],"yoast_head":"<!-- This site is optimized with the Yoast SEO plugin v27.5 - https:\/\/yoast.com\/product\/yoast-seo-wordpress\/ -->\n<title>Jesus nos transforma em seres melhores - Gl\u00f3ria Deus<\/title>\n<meta name=\"robots\" content=\"index, follow, max-snippet:-1, max-image-preview:large, max-video-preview:-1\" \/>\n<link rel=\"canonical\" href=\"https:\/\/gloriadeus.com\/home\/jesus-nos-transforma-em-seres-melhores\/\" \/>\n<meta property=\"og:locale\" content=\"pt_BR\" \/>\n<meta property=\"og:type\" content=\"article\" \/>\n<meta property=\"og:title\" content=\"Jesus nos transforma em seres melhores - Gl\u00f3ria Deus\" \/>\n<meta property=\"og:description\" content=\"Jesus, figura central do cristianismo, \u00e9 frequentemente visto como um agente de transforma\u00e7\u00e3o pessoal e espiritual, que nos inspira a &hellip;\" \/>\n<meta property=\"og:url\" content=\"https:\/\/gloriadeus.com\/home\/jesus-nos-transforma-em-seres-melhores\/\" \/>\n<meta property=\"og:site_name\" content=\"Gl\u00f3ria Deus\" \/>\n<meta property=\"article:modified_time\" content=\"2026-02-04T16:34:57+00:00\" \/>\n<meta property=\"og:image\" content=\"https:\/\/gloriadeus.com\/wp-content\/uploads\/2025\/03\/240906AMDIMG-15-1.jpg\" \/>\n\t<meta property=\"og:image:width\" content=\"960\" \/>\n\t<meta property=\"og:image:height\" content=\"720\" \/>\n\t<meta property=\"og:image:type\" content=\"image\/jpeg\" \/>\n<meta name=\"twitter:card\" content=\"summary_large_image\" \/>\n<meta name=\"twitter:label1\" content=\"Est. tempo de leitura\" \/>\n\t<meta name=\"twitter:data1\" content=\"5 minutos\" \/>\n<script type=\"application\/ld+json\" class=\"yoast-schema-graph\">{\"@context\":\"https:\\\/\\\/schema.org\",\"@graph\":[{\"@type\":\"WebPage\",\"@id\":\"https:\\\/\\\/gloriadeus.com\\\/home\\\/jesus-nos-transforma-em-seres-melhores\\\/\",\"url\":\"https:\\\/\\\/gloriadeus.com\\\/home\\\/jesus-nos-transforma-em-seres-melhores\\\/\",\"name\":\"Jesus nos transforma em seres melhores - Gl\u00f3ria Deus\",\"isPartOf\":{\"@id\":\"https:\\\/\\\/gloriadeus.com\\\/home\\\/#website\"},\"primaryImageOfPage\":{\"@id\":\"https:\\\/\\\/gloriadeus.com\\\/home\\\/jesus-nos-transforma-em-seres-melhores\\\/#primaryimage\"},\"image\":{\"@id\":\"https:\\\/\\\/gloriadeus.com\\\/home\\\/jesus-nos-transforma-em-seres-melhores\\\/#primaryimage\"},\"thumbnailUrl\":\"https:\\\/\\\/gloriadeus.com\\\/wp-content\\\/uploads\\\/2025\\\/03\\\/240906AMDIMG-15-1.jpg\",\"datePublished\":\"2026-01-07T23:56:00+00:00\",\"dateModified\":\"2026-02-04T16:34:57+00:00\",\"breadcrumb\":{\"@id\":\"https:\\\/\\\/gloriadeus.com\\\/home\\\/jesus-nos-transforma-em-seres-melhores\\\/#breadcrumb\"},\"inLanguage\":\"pt-BR\",\"potentialAction\":[{\"@type\":\"ReadAction\",\"target\":[\"https:\\\/\\\/gloriadeus.com\\\/home\\\/jesus-nos-transforma-em-seres-melhores\\\/\"]}]},{\"@type\":\"ImageObject\",\"inLanguage\":\"pt-BR\",\"@id\":\"https:\\\/\\\/gloriadeus.com\\\/home\\\/jesus-nos-transforma-em-seres-melhores\\\/#primaryimage\",\"url\":\"https:\\\/\\\/gloriadeus.com\\\/wp-content\\\/uploads\\\/2025\\\/03\\\/240906AMDIMG-15-1.jpg\",\"contentUrl\":\"https:\\\/\\\/gloriadeus.com\\\/wp-content\\\/uploads\\\/2025\\\/03\\\/240906AMDIMG-15-1.jpg\",\"width\":960,\"height\":720,\"caption\":\"Jesus nos transforma em seres melhores\"},{\"@type\":\"BreadcrumbList\",\"@id\":\"https:\\\/\\\/gloriadeus.com\\\/home\\\/jesus-nos-transforma-em-seres-melhores\\\/#breadcrumb\",\"itemListElement\":[{\"@type\":\"ListItem\",\"position\":1,\"name\":\"In\u00edcio\",\"item\":\"https:\\\/\\\/gloriadeus.com\\\/home\\\/\"},{\"@type\":\"ListItem\",\"position\":2,\"name\":\"Jesus nos transforma em seres melhores\"}]},{\"@type\":\"WebSite\",\"@id\":\"https:\\\/\\\/gloriadeus.com\\\/home\\\/#website\",\"url\":\"https:\\\/\\\/gloriadeus.com\\\/home\\\/\",\"name\":\"Gloria Deus\",\"description\":\"\u21a8 Deslize para descobrir mais \u21a8\",\"publisher\":{\"@id\":\"https:\\\/\\\/gloriadeus.com\\\/home\\\/#\\\/schema\\\/person\\\/ab2365ca8f87ea38e53ba3c2275e65c4\"},\"alternateName\":\"Muita f\u00e9\",\"potentialAction\":[{\"@type\":\"SearchAction\",\"target\":{\"@type\":\"EntryPoint\",\"urlTemplate\":\"https:\\\/\\\/gloriadeus.com\\\/home\\\/?s={search_term_string}\"},\"query-input\":{\"@type\":\"PropertyValueSpecification\",\"valueRequired\":true,\"valueName\":\"search_term_string\"}}],\"inLanguage\":\"pt-BR\"},{\"@type\":[\"Person\",\"Organization\"],\"@id\":\"https:\\\/\\\/gloriadeus.com\\\/home\\\/#\\\/schema\\\/person\\\/ab2365ca8f87ea38e53ba3c2275e65c4\",\"name\":\"gloriadeus.com\",\"image\":{\"@type\":\"ImageObject\",\"inLanguage\":\"pt-BR\",\"@id\":\"https:\\\/\\\/gloriadeus.com\\\/wp-content\\\/uploads\\\/2024\\\/03\\\/230525DDPNG-21.png\",\"url\":\"https:\\\/\\\/gloriadeus.com\\\/wp-content\\\/uploads\\\/2024\\\/03\\\/230525DDPNG-21.png\",\"contentUrl\":\"https:\\\/\\\/gloriadeus.com\\\/wp-content\\\/uploads\\\/2024\\\/03\\\/230525DDPNG-21.png\",\"width\":220,\"height\":230,\"caption\":\"gloriadeus.com\"},\"logo\":{\"@id\":\"https:\\\/\\\/gloriadeus.com\\\/wp-content\\\/uploads\\\/2024\\\/03\\\/230525DDPNG-21.png\"},\"sameAs\":[\"https:\\\/\\\/gloriadeus.com\"]}]}<\/script>\n<!-- \/ Yoast SEO plugin. -->","yoast_head_json":{"title":"Jesus nos transforma em seres melhores - Gl\u00f3ria Deus","robots":{"index":"index","follow":"follow","max-snippet":"max-snippet:-1","max-image-preview":"max-image-preview:large","max-video-preview":"max-video-preview:-1"},"canonical":"https:\/\/gloriadeus.com\/home\/jesus-nos-transforma-em-seres-melhores\/","og_locale":"pt_BR","og_type":"article","og_title":"Jesus nos transforma em seres melhores - Gl\u00f3ria Deus","og_description":"Jesus, figura central do cristianismo, \u00e9 frequentemente visto como um agente de transforma\u00e7\u00e3o pessoal e espiritual, que nos inspira a &hellip;","og_url":"https:\/\/gloriadeus.com\/home\/jesus-nos-transforma-em-seres-melhores\/","og_site_name":"Gl\u00f3ria Deus","article_modified_time":"2026-02-04T16:34:57+00:00","og_image":[{"width":960,"height":720,"url":"https:\/\/gloriadeus.com\/wp-content\/uploads\/2025\/03\/240906AMDIMG-15-1.jpg","type":"image\/jpeg"}],"twitter_card":"summary_large_image","twitter_misc":{"Est. tempo de leitura":"5 minutos"},"schema":{"@context":"https:\/\/schema.org","@graph":[{"@type":"WebPage","@id":"https:\/\/gloriadeus.com\/home\/jesus-nos-transforma-em-seres-melhores\/","url":"https:\/\/gloriadeus.com\/home\/jesus-nos-transforma-em-seres-melhores\/","name":"Jesus nos transforma em seres melhores - Gl\u00f3ria Deus","isPartOf":{"@id":"https:\/\/gloriadeus.com\/home\/#website"},"primaryImageOfPage":{"@id":"https:\/\/gloriadeus.com\/home\/jesus-nos-transforma-em-seres-melhores\/#primaryimage"},"image":{"@id":"https:\/\/gloriadeus.com\/home\/jesus-nos-transforma-em-seres-melhores\/#primaryimage"},"thumbnailUrl":"https:\/\/gloriadeus.com\/wp-content\/uploads\/2025\/03\/240906AMDIMG-15-1.jpg","datePublished":"2026-01-07T23:56:00+00:00","dateModified":"2026-02-04T16:34:57+00:00","breadcrumb":{"@id":"https:\/\/gloriadeus.com\/home\/jesus-nos-transforma-em-seres-melhores\/#breadcrumb"},"inLanguage":"pt-BR","potentialAction":[{"@type":"ReadAction","target":["https:\/\/gloriadeus.com\/home\/jesus-nos-transforma-em-seres-melhores\/"]}]},{"@type":"ImageObject","inLanguage":"pt-BR","@id":"https:\/\/gloriadeus.com\/home\/jesus-nos-transforma-em-seres-melhores\/#primaryimage","url":"https:\/\/gloriadeus.com\/wp-content\/uploads\/2025\/03\/240906AMDIMG-15-1.jpg","contentUrl":"https:\/\/gloriadeus.com\/wp-content\/uploads\/2025\/03\/240906AMDIMG-15-1.jpg","width":960,"height":720,"caption":"Jesus nos transforma em seres melhores"},{"@type":"BreadcrumbList","@id":"https:\/\/gloriadeus.com\/home\/jesus-nos-transforma-em-seres-melhores\/#breadcrumb","itemListElement":[{"@type":"ListItem","position":1,"name":"In\u00edcio","item":"https:\/\/gloriadeus.com\/home\/"},{"@type":"ListItem","position":2,"name":"Jesus nos transforma em seres melhores"}]},{"@type":"WebSite","@id":"https:\/\/gloriadeus.com\/home\/#website","url":"https:\/\/gloriadeus.com\/home\/","name":"Gloria Deus","description":"\u21a8 Deslize para descobrir mais \u21a8","publisher":{"@id":"https:\/\/gloriadeus.com\/home\/#\/schema\/person\/ab2365ca8f87ea38e53ba3c2275e65c4"},"alternateName":"Muita f\u00e9","potentialAction":[{"@type":"SearchAction","target":{"@type":"EntryPoint","urlTemplate":"https:\/\/gloriadeus.com\/home\/?s={search_term_string}"},"query-input":{"@type":"PropertyValueSpecification","valueRequired":true,"valueName":"search_term_string"}}],"inLanguage":"pt-BR"},{"@type":["Person","Organization"],"@id":"https:\/\/gloriadeus.com\/home\/#\/schema\/person\/ab2365ca8f87ea38e53ba3c2275e65c4","name":"gloriadeus.com","image":{"@type":"ImageObject","inLanguage":"pt-BR","@id":"https:\/\/gloriadeus.com\/wp-content\/uploads\/2024\/03\/230525DDPNG-21.png","url":"https:\/\/gloriadeus.com\/wp-content\/uploads\/2024\/03\/230525DDPNG-21.png","contentUrl":"https:\/\/gloriadeus.com\/wp-content\/uploads\/2024\/03\/230525DDPNG-21.png","width":220,"height":230,"caption":"gloriadeus.com"},"logo":{"@id":"https:\/\/gloriadeus.com\/wp-content\/uploads\/2024\/03\/230525DDPNG-21.png"},"sameAs":["https:\/\/gloriadeus.com"]}]}},"_links":{"self":[{"href":"https:\/\/gloriadeus.com\/home\/wp-json\/wp\/v2\/pages\/4985","targetHints":{"allow":["GET"]}}],"collection":[{"href":"https:\/\/gloriadeus.com\/home\/wp-json\/wp\/v2\/pages"}],"about":[{"href":"https:\/\/gloriadeus.com\/home\/wp-json\/wp\/v2\/types\/page"}],"author":[{"embeddable":true,"href":"https:\/\/gloriadeus.com\/home\/wp-json\/wp\/v2\/users\/1"}],"replies":[{"embeddable":true,"href":"https:\/\/gloriadeus.com\/home\/wp-json\/wp\/v2\/comments?post=4985"}],"version-history":[{"count":6,"href":"https:\/\/gloriadeus.com\/home\/wp-json\/wp\/v2\/pages\/4985\/revisions"}],"predecessor-version":[{"id":10346,"href":"https:\/\/gloriadeus.com\/home\/wp-json\/wp\/v2\/pages\/4985\/revisions\/10346"}],"wp:featuredmedia":[{"embeddable":true,"href":"https:\/\/gloriadeus.com\/home\/wp-json\/wp\/v2\/media\/4990"}],"wp:attachment":[{"href":"https:\/\/gloriadeus.com\/home\/wp-json\/wp\/v2\/media?parent=4985"}],"curies":[{"name":"wp","href":"https:\/\/api.w.org\/{rel}","templated":true}]}}