{"id":4965,"date":"2026-01-07T16:21:23","date_gmt":"2026-01-07T19:21:23","guid":{"rendered":"https:\/\/gloriadeus.com\/?page_id=4965"},"modified":"2026-04-30T19:22:45","modified_gmt":"2026-04-30T22:22:45","slug":"por-que-devemos-ter-fe-descubra","status":"publish","type":"page","link":"https:\/\/gloriadeus.com\/home\/por-que-devemos-ter-fe-descubra\/","title":{"rendered":"Por que devemos ter f\u00e9 #descubra"},"content":{"rendered":"<!-- Subtitulo, palavra e paragrafo ok -->\r\n\r\n\r\n<figure class=\"wp-lightbox-container\" data-wp-context=\"{&quot;imageId&quot;:&quot;69fa3838c70e2&quot;}\" data-wp-interactive=\"core\/image\" data-wp-key=\"69fa3838c70e2\">A inspira\u00e7\u00e3o divina \u00e9 um combust\u00edvel para nossas melhores a\u00e7\u00f5es, encorajando-nos a sermos agentes de mudan\u00e7a e esperan\u00e7a no mundo. Quando cultivamos a f\u00e9, criamos um espa\u00e7o sagrado em nosso cora\u00e7\u00e3o, onde o amor de Deus pode florescer e nos transformar de dentro para fora.<\/figure>\r\n<figure class=\"wp-block-image size-large is-resized\"><img loading=\"lazy\" decoding=\"async\" width=\"576\" height=\"1024\" data-wp-class--hide=\"state.isContentHidden\" data-wp-class--show=\"state.isContentVisible\" data-wp-init=\"callbacks.setButtonStyles\" data-wp-on--click=\"actions.showLightbox\" data-wp-on--load=\"callbacks.setButtonStyles\" data-wp-on-window--resize=\"callbacks.setButtonStyles\" class=\"wp-image-4964\" style=\"width: 259px; height: auto;\" src=\"https:\/\/gloriadeus.com\/wp-content\/uploads\/2025\/03\/250111AMDIMG-2-3-576x1024.jpg\" alt=\"Por que devemos ter f\u00e9 #descubra\" srcset=\"https:\/\/gloriadeus.com\/wp-content\/uploads\/2025\/03\/250111AMDIMG-2-3-576x1024.jpg 576w, https:\/\/gloriadeus.com\/wp-content\/uploads\/2025\/03\/250111AMDIMG-2-3-169x300.jpg 169w, https:\/\/gloriadeus.com\/wp-content\/uploads\/2025\/03\/250111AMDIMG-2-3.jpg 736w\" sizes=\"auto, (max-width: 576px) 100vw, 576px\" \/><button\n\t\t\tclass=\"lightbox-trigger\"\n\t\t\ttype=\"button\"\n\t\t\taria-haspopup=\"dialog\"\n\t\t\taria-label=\"Ampliar\"\n\t\t\tdata-wp-init=\"callbacks.initTriggerButton\"\n\t\t\tdata-wp-on--click=\"actions.showLightbox\"\n\t\t\tdata-wp-style--right=\"state.imageButtonRight\"\n\t\t\tdata-wp-style--top=\"state.imageButtonTop\"\n\t\t>\n\t\t\t<svg xmlns=\"http:\/\/www.w3.org\/2000\/svg\" width=\"12\" height=\"12\" fill=\"none\" viewBox=\"0 0 12 12\">\n\t\t\t\t<path fill=\"#fff\" d=\"M2 0a2 2 0 0 0-2 2v2h1.5V2a.5.5 0 0 1 .5-.5h2V0H2Zm2 10.5H2a.5.5 0 0 1-.5-.5V8H0v2a2 2 0 0 0 2 2h2v-1.5ZM8 12v-1.5h2a.5.5 0 0 0 .5-.5V8H12v2a2 2 0 0 1-2 2H8Zm2-12a2 2 0 0 1 2 2v2h-1.5V2a.5.5 0 0 0-.5-.5H8V0h2Z\" \/>\n\t\t\t<\/svg>\n\t\t<\/button><\/figure>\r\n\r\n\r\n\r\n<p>A f\u00e9 \u00e9 um caminho iluminado que nos conecta com Deus, fonte de amor e sabedoria, proporcionando-nos for\u00e7a em momentos dif\u00edceis. Quando nutrimos essa f\u00e9, nos tornamos mais resilientes \u00e0s adversidades, pois sabemos que n\u00e3o estamos sozinhos e que Deus tem um plano para cada um de n\u00f3s.\u00a0<\/p>\r\n<h2 class=\"wp-block-heading\">Por que devemos ter f\u00e9 #descubra\u00a0<\/h2>\r\n<p>A busca por agradar a Deus nos incentiva a adotar valores como a compaix\u00e3o, a honestidade e a generosidade, construindo um car\u00e1ter mais s\u00f3lido e virtuoso.<\/p>\r\n<p>Ao agirmos de acordo com os ensinamentos divinos, experimentamos uma paz interior que transcende as circunst\u00e2ncias externas, permitindo-nos viver com mais alegria e gratid\u00e3o. A f\u00e9 nos ajuda a desenvolver uma perspectiva mais ampla da vida, entendendo que cada desafio \u00e9 uma oportunidade de crescimento e aprendizado, refor\u00e7ando nossa confian\u00e7a em Deus e em Suas promessas.<\/p>\r\n\r\n\r\n\r\n\r\n\r\n\r\n\r\n<figure data-wp-context=\"{&quot;imageId&quot;:&quot;69fa3838c74dd&quot;}\" data-wp-interactive=\"core\/image\" data-wp-key=\"69fa3838c74dd\" class=\"wp-block-image size-large is-resized wp-lightbox-container\"><img loading=\"lazy\" decoding=\"async\" width=\"564\" height=\"564\" data-wp-class--hide=\"state.isContentHidden\" data-wp-class--show=\"state.isContentVisible\" data-wp-init=\"callbacks.setButtonStyles\" data-wp-on--click=\"actions.showLightbox\" data-wp-on--load=\"callbacks.setButtonStyles\" data-wp-on-window--resize=\"callbacks.setButtonStyles\" class=\"wp-image-4978\" style=\"width: 305px; height: auto;\" src=\"https:\/\/gloriadeus.com\/wp-content\/uploads\/2025\/03\/250111AMDIMG-43.jpg\" alt=\"Por que devemos ter f\u00e9 #descubra\" srcset=\"https:\/\/gloriadeus.com\/wp-content\/uploads\/2025\/03\/250111AMDIMG-43.jpg 564w, https:\/\/gloriadeus.com\/wp-content\/uploads\/2025\/03\/250111AMDIMG-43-300x300.jpg 300w, https:\/\/gloriadeus.com\/wp-content\/uploads\/2025\/03\/250111AMDIMG-43-150x150.jpg 150w\" sizes=\"auto, (max-width: 564px) 100vw, 564px\" \/><button\n\t\t\tclass=\"lightbox-trigger\"\n\t\t\ttype=\"button\"\n\t\t\taria-haspopup=\"dialog\"\n\t\t\taria-label=\"Ampliar\"\n\t\t\tdata-wp-init=\"callbacks.initTriggerButton\"\n\t\t\tdata-wp-on--click=\"actions.showLightbox\"\n\t\t\tdata-wp-style--right=\"state.imageButtonRight\"\n\t\t\tdata-wp-style--top=\"state.imageButtonTop\"\n\t\t>\n\t\t\t<svg xmlns=\"http:\/\/www.w3.org\/2000\/svg\" width=\"12\" height=\"12\" fill=\"none\" viewBox=\"0 0 12 12\">\n\t\t\t\t<path fill=\"#fff\" d=\"M2 0a2 2 0 0 0-2 2v2h1.5V2a.5.5 0 0 1 .5-.5h2V0H2Zm2 10.5H2a.5.5 0 0 1-.5-.5V8H0v2a2 2 0 0 0 2 2h2v-1.5ZM8 12v-1.5h2a.5.5 0 0 0 .5-.5V8H12v2a2 2 0 0 1-2 2H8Zm2-12a2 2 0 0 1 2 2v2h-1.5V2a.5.5 0 0 0-.5-.5H8V0h2Z\" \/>\n\t\t\t<\/svg>\n\t\t<\/button>\u00a0<\/figure>\r\n<p>Ao desejarmos agradar a Deus, cultivamos relacionamentos mais saud\u00e1veis e significativos, pois nos tornamos reflexos de Seu amor para com os outros, promovendo harmonia e compreens\u00e3o.\u00a0<\/p>\r\n<h2>Agradar a Deus me faz bem\u00a0<\/h2>\r\n<p>Buscar agradar a Deus tamb\u00e9m nos inspira a servir \u00e0 comunidade, reconhecendo que somos parte de algo maior e que nossas a\u00e7\u00f5es podem impactar positivamente a vida de outros. A f\u00e9 nos ajuda a vencer o medo, pois sabemos que Deus est\u00e1 ao nosso lado em cada passo que damos, fortalecendo nossa coragem para enfrentar o desconhecido.\u00a0<\/p>\r\n<p>Em um mundo repleto de incertezas, a f\u00e9 \u00e9 um pilar que nos mant\u00e9m firmes, permitindo que olhemos para o futuro com esperan\u00e7a e otimismo, certos de que, independentemente das dificuldades, temos um prop\u00f3sito a cumprir. A rela\u00e7\u00e3o com Deus n\u00e3o \u00e9 apenas uma busca por b\u00ean\u00e7\u00e3os materiais, mas uma jornada de transforma\u00e7\u00e3o pessoal e espiritual, onde aprendemos a amar incondicionalmente e a perdoar com facilidade.\u00a0<\/p>\r\n\r\n\r\n\r\n<figure data-wp-context=\"{&quot;imageId&quot;:&quot;69fa3838c77c4&quot;}\" data-wp-interactive=\"core\/image\" data-wp-key=\"69fa3838c77c4\" class=\"wp-block-image size-large is-resized wp-lightbox-container\"><img loading=\"lazy\" decoding=\"async\" width=\"736\" height=\"733\" data-wp-class--hide=\"state.isContentHidden\" data-wp-class--show=\"state.isContentVisible\" data-wp-init=\"callbacks.setButtonStyles\" data-wp-on--click=\"actions.showLightbox\" data-wp-on--load=\"callbacks.setButtonStyles\" data-wp-on-window--resize=\"callbacks.setButtonStyles\" class=\"wp-image-4967\" style=\"width: 386px; height: auto;\" src=\"https:\/\/gloriadeus.com\/wp-content\/uploads\/2025\/03\/250111AMDIMG-6-1.jpg\" alt=\"Por que devemos ter f\u00e9 #descubra\" srcset=\"https:\/\/gloriadeus.com\/wp-content\/uploads\/2025\/03\/250111AMDIMG-6-1.jpg 736w, https:\/\/gloriadeus.com\/wp-content\/uploads\/2025\/03\/250111AMDIMG-6-1-300x300.jpg 300w, https:\/\/gloriadeus.com\/wp-content\/uploads\/2025\/03\/250111AMDIMG-6-1-150x150.jpg 150w\" sizes=\"auto, (max-width: 736px) 100vw, 736px\" \/><button\n\t\t\tclass=\"lightbox-trigger\"\n\t\t\ttype=\"button\"\n\t\t\taria-haspopup=\"dialog\"\n\t\t\taria-label=\"Ampliar\"\n\t\t\tdata-wp-init=\"callbacks.initTriggerButton\"\n\t\t\tdata-wp-on--click=\"actions.showLightbox\"\n\t\t\tdata-wp-style--right=\"state.imageButtonRight\"\n\t\t\tdata-wp-style--top=\"state.imageButtonTop\"\n\t\t>\n\t\t\t<svg xmlns=\"http:\/\/www.w3.org\/2000\/svg\" width=\"12\" height=\"12\" fill=\"none\" viewBox=\"0 0 12 12\">\n\t\t\t\t<path fill=\"#fff\" d=\"M2 0a2 2 0 0 0-2 2v2h1.5V2a.5.5 0 0 1 .5-.5h2V0H2Zm2 10.5H2a.5.5 0 0 1-.5-.5V8H0v2a2 2 0 0 0 2 2h2v-1.5ZM8 12v-1.5h2a.5.5 0 0 0 .5-.5V8H12v2a2 2 0 0 1-2 2H8Zm2-12a2 2 0 0 1 2 2v2h-1.5V2a.5.5 0 0 0-.5-.5H8V0h2Z\" \/>\n\t\t\t<\/svg>\n\t\t<\/button>\u00a0<\/figure>\r\n<p>Quando fazemos escolhas alinhadas com os princ\u00edpios divinos, vivemos em harmonia com n\u00f3s mesmos e com o cosmos, sentindo-nos integrados e em paz. A gratid\u00e3o \u00e9 uma consequ\u00eancia natural da f\u00e9, pois reconhecemos todas as b\u00ean\u00e7\u00e3os que recebemos e nos tornamos mais conscientes de nossas muitas gra\u00e7as, cultivando uma atitude de agradecimento que eleva nosso esp\u00edrito.\u00a0<\/p>\r\n<h2>Orar me aproxima bem estar\u00a0<\/h2>\r\n<p>A pr\u00e1tica da ora\u00e7\u00e3o e da medita\u00e7\u00e3o nos aproxima de Deus, permitindo que nutra nossa alma e reforce nossa f\u00e9, enquanto buscamos sabedoria e discernimento nas decis\u00f5es di\u00e1rias.\u00a0Ter f\u00e9 \u00e9 lembrar que somos amados incondicionalmente, e essa certeza nos permite viver com mais autenticidade e liberdade, sem o peso do julgamento ou da culpa.<\/p>\r\n<p>A f\u00e9 nos ensina a import\u00e2ncia da paci\u00eancia, pois compreendemos que o tempo de Deus n\u00e3o \u00e9 o mesmo que o nosso, e que tudo acontece quando deve acontecer. As dificuldades se tornam li\u00e7\u00f5es valiosas quando encaradas sob a luz da f\u00e9, revelando-nos caminhos que talvez n\u00e3o ter\u00edamos cogitado se estiv\u00e9ssemos sozinhos.<\/p>\r\n\r\n\r\n\r\n\r\n\r\n<figure data-wp-context=\"{&quot;imageId&quot;:&quot;69fa3838c7af0&quot;}\" data-wp-interactive=\"core\/image\" data-wp-key=\"69fa3838c7af0\" class=\"wp-block-image size-large is-resized wp-lightbox-container\"><img loading=\"lazy\" decoding=\"async\" width=\"640\" height=\"424\" data-wp-class--hide=\"state.isContentHidden\" data-wp-class--show=\"state.isContentVisible\" data-wp-init=\"callbacks.setButtonStyles\" data-wp-on--click=\"actions.showLightbox\" data-wp-on--load=\"callbacks.setButtonStyles\" data-wp-on-window--resize=\"callbacks.setButtonStyles\" class=\"wp-image-4963\" style=\"width: 399px; height: auto;\" src=\"https:\/\/gloriadeus.com\/wp-content\/uploads\/2025\/03\/250111AMDIMG-3-3.jpg\" alt=\"Por que devemos ter f\u00e9 #descubra\" srcset=\"https:\/\/gloriadeus.com\/wp-content\/uploads\/2025\/03\/250111AMDIMG-3-3.jpg 640w, https:\/\/gloriadeus.com\/wp-content\/uploads\/2025\/03\/250111AMDIMG-3-3-300x199.jpg 300w\" sizes=\"auto, (max-width: 640px) 100vw, 640px\" \/><button\n\t\t\tclass=\"lightbox-trigger\"\n\t\t\ttype=\"button\"\n\t\t\taria-haspopup=\"dialog\"\n\t\t\taria-label=\"Ampliar\"\n\t\t\tdata-wp-init=\"callbacks.initTriggerButton\"\n\t\t\tdata-wp-on--click=\"actions.showLightbox\"\n\t\t\tdata-wp-style--right=\"state.imageButtonRight\"\n\t\t\tdata-wp-style--top=\"state.imageButtonTop\"\n\t\t>\n\t\t\t<svg xmlns=\"http:\/\/www.w3.org\/2000\/svg\" width=\"12\" height=\"12\" fill=\"none\" viewBox=\"0 0 12 12\">\n\t\t\t\t<path fill=\"#fff\" d=\"M2 0a2 2 0 0 0-2 2v2h1.5V2a.5.5 0 0 1 .5-.5h2V0H2Zm2 10.5H2a.5.5 0 0 1-.5-.5V8H0v2a2 2 0 0 0 2 2h2v-1.5ZM8 12v-1.5h2a.5.5 0 0 0 .5-.5V8H12v2a2 2 0 0 1-2 2H8Zm2-12a2 2 0 0 1 2 2v2h-1.5V2a.5.5 0 0 0-.5-.5H8V0h2Z\" \/>\n\t\t\t<\/svg>\n\t\t<\/button>\u00a0<\/figure>\r\n\r\n\r\n\r\n<p>Saber que estamos agradando a Deus traz uma satisfa\u00e7\u00e3o profunda e duradoura, que supera os prazeres ef\u00eameros que o mundo nos oferece.\u00a0<\/p>\r\n<h2>Sejamos bons uns com os outros<\/h2>\r\n<p>Cada ato de bondade, cada palavra gentil e cada pensamento positivo que escolhemos manifestar s\u00e3o maneiras de honrar a presen\u00e7a divina em nossas vidas. A f\u00e9 nos convida a sonhar grande, a acreditar em um futuro melhor e a trabalhar para que esses sonhos se tornem realidade, sabendo que somos apoiados por uma for\u00e7a maior.<\/p>\r\n<p>Em nossa trajet\u00f3ria, encontramos outros que compartilham da mesma f\u00e9, formando uma comunidade unida em prop\u00f3sitos e valores, o que nos fortalece ainda mais em nossa caminhada espiritual. A busca por agradar a Deus n\u00e3o \u00e9 um fardo, mas sim uma alegria, uma celebra\u00e7\u00e3o da vida e da beleza do divino que se manifesta em cada um de n\u00f3s.<\/p>\r\n<p>Por todas essas raz\u00f5es, \u00e9 essencial mantermos a f\u00e9 viva em nossos cora\u00e7\u00f5es e buscarmos constantemente agradar a nosso Deus, pois essa \u00e9 a chave para uma vida plena, significativa e repleta de amor.\u00a0<\/p>\r\n<p>Descobrir mais:\u00a0<\/p>\r\n<p>\u2192\u00a0<em><a href=\"https:\/\/gloriadeus.com\/home\/a-forca-de-faz-um-guerreiro-mas-e-a-fe-que-te-faz-um-vencedor\/\" >A for\u00e7a de faz um guerreiro, mas \u00e9 a f\u00e9 que te faz um vencedor<\/a><\/em><\/p>\r\n","protected":false},"excerpt":{"rendered":"<p>A f\u00e9 \u00e9 um caminho iluminado que nos conecta com Deus, fonte de amor e sabedoria, proporcionando-nos for\u00e7a em momentos &hellip; <\/p>\n","protected":false},"author":1,"featured_media":4978,"parent":0,"menu_order":0,"comment_status":"open","ping_status":"closed","template":"","meta":{"_uf_show_specific_survey":0,"_uf_disable_surveys":false,"footnotes":""},"class_list":["post-4965","page","type-page","status-publish","has-post-thumbnail","hentry"],"yoast_head":"<!-- This site is optimized with the Yoast SEO plugin v27.5 - https:\/\/yoast.com\/product\/yoast-seo-wordpress\/ -->\n<title>Por que devemos ter f\u00e9 #descubra - Gl\u00f3ria Deus<\/title>\n<meta name=\"robots\" content=\"index, follow, max-snippet:-1, max-image-preview:large, max-video-preview:-1\" \/>\n<link rel=\"canonical\" href=\"https:\/\/gloriadeus.com\/home\/por-que-devemos-ter-fe-descubra\/\" \/>\n<meta property=\"og:locale\" content=\"pt_BR\" \/>\n<meta property=\"og:type\" content=\"article\" \/>\n<meta property=\"og:title\" content=\"Por que devemos ter f\u00e9 #descubra - Gl\u00f3ria Deus\" \/>\n<meta property=\"og:description\" content=\"A f\u00e9 \u00e9 um caminho iluminado que nos conecta com Deus, fonte de amor e sabedoria, proporcionando-nos for\u00e7a em momentos &hellip;\" \/>\n<meta property=\"og:url\" content=\"https:\/\/gloriadeus.com\/home\/por-que-devemos-ter-fe-descubra\/\" \/>\n<meta property=\"og:site_name\" content=\"Gl\u00f3ria Deus\" \/>\n<meta property=\"article:modified_time\" content=\"2026-04-30T22:22:45+00:00\" \/>\n<meta property=\"og:image\" content=\"https:\/\/gloriadeus.com\/wp-content\/uploads\/2025\/03\/250111AMDIMG-43.jpg\" \/>\n\t<meta property=\"og:image:width\" content=\"564\" \/>\n\t<meta property=\"og:image:height\" content=\"564\" \/>\n\t<meta property=\"og:image:type\" content=\"image\/jpeg\" \/>\n<meta name=\"twitter:card\" content=\"summary_large_image\" \/>\n<meta name=\"twitter:label1\" content=\"Est. tempo de leitura\" \/>\n\t<meta name=\"twitter:data1\" content=\"5 minutos\" \/>\n<script type=\"application\/ld+json\" class=\"yoast-schema-graph\">{\"@context\":\"https:\\\/\\\/schema.org\",\"@graph\":[{\"@type\":\"WebPage\",\"@id\":\"https:\\\/\\\/gloriadeus.com\\\/home\\\/por-que-devemos-ter-fe-descubra\\\/\",\"url\":\"https:\\\/\\\/gloriadeus.com\\\/home\\\/por-que-devemos-ter-fe-descubra\\\/\",\"name\":\"Por que devemos ter f\u00e9 #descubra - Gl\u00f3ria Deus\",\"isPartOf\":{\"@id\":\"https:\\\/\\\/gloriadeus.com\\\/home\\\/#website\"},\"primaryImageOfPage\":{\"@id\":\"https:\\\/\\\/gloriadeus.com\\\/home\\\/por-que-devemos-ter-fe-descubra\\\/#primaryimage\"},\"image\":{\"@id\":\"https:\\\/\\\/gloriadeus.com\\\/home\\\/por-que-devemos-ter-fe-descubra\\\/#primaryimage\"},\"thumbnailUrl\":\"https:\\\/\\\/gloriadeus.com\\\/wp-content\\\/uploads\\\/2025\\\/03\\\/250111AMDIMG-43.jpg\",\"datePublished\":\"2026-01-07T19:21:23+00:00\",\"dateModified\":\"2026-04-30T22:22:45+00:00\",\"breadcrumb\":{\"@id\":\"https:\\\/\\\/gloriadeus.com\\\/home\\\/por-que-devemos-ter-fe-descubra\\\/#breadcrumb\"},\"inLanguage\":\"pt-BR\",\"potentialAction\":[{\"@type\":\"ReadAction\",\"target\":[\"https:\\\/\\\/gloriadeus.com\\\/home\\\/por-que-devemos-ter-fe-descubra\\\/\"]}]},{\"@type\":\"ImageObject\",\"inLanguage\":\"pt-BR\",\"@id\":\"https:\\\/\\\/gloriadeus.com\\\/home\\\/por-que-devemos-ter-fe-descubra\\\/#primaryimage\",\"url\":\"https:\\\/\\\/gloriadeus.com\\\/wp-content\\\/uploads\\\/2025\\\/03\\\/250111AMDIMG-43.jpg\",\"contentUrl\":\"https:\\\/\\\/gloriadeus.com\\\/wp-content\\\/uploads\\\/2025\\\/03\\\/250111AMDIMG-43.jpg\",\"width\":564,\"height\":564,\"caption\":\"Por que devemos ter f\u00e9 #descubra\"},{\"@type\":\"BreadcrumbList\",\"@id\":\"https:\\\/\\\/gloriadeus.com\\\/home\\\/por-que-devemos-ter-fe-descubra\\\/#breadcrumb\",\"itemListElement\":[{\"@type\":\"ListItem\",\"position\":1,\"name\":\"In\u00edcio\",\"item\":\"https:\\\/\\\/gloriadeus.com\\\/home\\\/\"},{\"@type\":\"ListItem\",\"position\":2,\"name\":\"Por que devemos ter f\u00e9 #descubra\"}]},{\"@type\":\"WebSite\",\"@id\":\"https:\\\/\\\/gloriadeus.com\\\/home\\\/#website\",\"url\":\"https:\\\/\\\/gloriadeus.com\\\/home\\\/\",\"name\":\"Gloria Deus\",\"description\":\"\u21a8 Deslize para descobrir mais \u21a8\",\"publisher\":{\"@id\":\"https:\\\/\\\/gloriadeus.com\\\/home\\\/#\\\/schema\\\/person\\\/ab2365ca8f87ea38e53ba3c2275e65c4\"},\"alternateName\":\"Muita f\u00e9\",\"potentialAction\":[{\"@type\":\"SearchAction\",\"target\":{\"@type\":\"EntryPoint\",\"urlTemplate\":\"https:\\\/\\\/gloriadeus.com\\\/home\\\/?s={search_term_string}\"},\"query-input\":{\"@type\":\"PropertyValueSpecification\",\"valueRequired\":true,\"valueName\":\"search_term_string\"}}],\"inLanguage\":\"pt-BR\"},{\"@type\":[\"Person\",\"Organization\"],\"@id\":\"https:\\\/\\\/gloriadeus.com\\\/home\\\/#\\\/schema\\\/person\\\/ab2365ca8f87ea38e53ba3c2275e65c4\",\"name\":\"gloriadeus.com\",\"image\":{\"@type\":\"ImageObject\",\"inLanguage\":\"pt-BR\",\"@id\":\"https:\\\/\\\/gloriadeus.com\\\/wp-content\\\/uploads\\\/2024\\\/03\\\/230525DDPNG-21.png\",\"url\":\"https:\\\/\\\/gloriadeus.com\\\/wp-content\\\/uploads\\\/2024\\\/03\\\/230525DDPNG-21.png\",\"contentUrl\":\"https:\\\/\\\/gloriadeus.com\\\/wp-content\\\/uploads\\\/2024\\\/03\\\/230525DDPNG-21.png\",\"width\":220,\"height\":230,\"caption\":\"gloriadeus.com\"},\"logo\":{\"@id\":\"https:\\\/\\\/gloriadeus.com\\\/wp-content\\\/uploads\\\/2024\\\/03\\\/230525DDPNG-21.png\"},\"sameAs\":[\"https:\\\/\\\/gloriadeus.com\"]}]}<\/script>\n<!-- \/ Yoast SEO plugin. -->","yoast_head_json":{"title":"Por que devemos ter f\u00e9 #descubra - Gl\u00f3ria Deus","robots":{"index":"index","follow":"follow","max-snippet":"max-snippet:-1","max-image-preview":"max-image-preview:large","max-video-preview":"max-video-preview:-1"},"canonical":"https:\/\/gloriadeus.com\/home\/por-que-devemos-ter-fe-descubra\/","og_locale":"pt_BR","og_type":"article","og_title":"Por que devemos ter f\u00e9 #descubra - Gl\u00f3ria Deus","og_description":"A f\u00e9 \u00e9 um caminho iluminado que nos conecta com Deus, fonte de amor e sabedoria, proporcionando-nos for\u00e7a em momentos &hellip;","og_url":"https:\/\/gloriadeus.com\/home\/por-que-devemos-ter-fe-descubra\/","og_site_name":"Gl\u00f3ria Deus","article_modified_time":"2026-04-30T22:22:45+00:00","og_image":[{"width":564,"height":564,"url":"https:\/\/gloriadeus.com\/wp-content\/uploads\/2025\/03\/250111AMDIMG-43.jpg","type":"image\/jpeg"}],"twitter_card":"summary_large_image","twitter_misc":{"Est. tempo de leitura":"5 minutos"},"schema":{"@context":"https:\/\/schema.org","@graph":[{"@type":"WebPage","@id":"https:\/\/gloriadeus.com\/home\/por-que-devemos-ter-fe-descubra\/","url":"https:\/\/gloriadeus.com\/home\/por-que-devemos-ter-fe-descubra\/","name":"Por que devemos ter f\u00e9 #descubra - Gl\u00f3ria Deus","isPartOf":{"@id":"https:\/\/gloriadeus.com\/home\/#website"},"primaryImageOfPage":{"@id":"https:\/\/gloriadeus.com\/home\/por-que-devemos-ter-fe-descubra\/#primaryimage"},"image":{"@id":"https:\/\/gloriadeus.com\/home\/por-que-devemos-ter-fe-descubra\/#primaryimage"},"thumbnailUrl":"https:\/\/gloriadeus.com\/wp-content\/uploads\/2025\/03\/250111AMDIMG-43.jpg","datePublished":"2026-01-07T19:21:23+00:00","dateModified":"2026-04-30T22:22:45+00:00","breadcrumb":{"@id":"https:\/\/gloriadeus.com\/home\/por-que-devemos-ter-fe-descubra\/#breadcrumb"},"inLanguage":"pt-BR","potentialAction":[{"@type":"ReadAction","target":["https:\/\/gloriadeus.com\/home\/por-que-devemos-ter-fe-descubra\/"]}]},{"@type":"ImageObject","inLanguage":"pt-BR","@id":"https:\/\/gloriadeus.com\/home\/por-que-devemos-ter-fe-descubra\/#primaryimage","url":"https:\/\/gloriadeus.com\/wp-content\/uploads\/2025\/03\/250111AMDIMG-43.jpg","contentUrl":"https:\/\/gloriadeus.com\/wp-content\/uploads\/2025\/03\/250111AMDIMG-43.jpg","width":564,"height":564,"caption":"Por que devemos ter f\u00e9 #descubra"},{"@type":"BreadcrumbList","@id":"https:\/\/gloriadeus.com\/home\/por-que-devemos-ter-fe-descubra\/#breadcrumb","itemListElement":[{"@type":"ListItem","position":1,"name":"In\u00edcio","item":"https:\/\/gloriadeus.com\/home\/"},{"@type":"ListItem","position":2,"name":"Por que devemos ter f\u00e9 #descubra"}]},{"@type":"WebSite","@id":"https:\/\/gloriadeus.com\/home\/#website","url":"https:\/\/gloriadeus.com\/home\/","name":"Gloria Deus","description":"\u21a8 Deslize para descobrir mais \u21a8","publisher":{"@id":"https:\/\/gloriadeus.com\/home\/#\/schema\/person\/ab2365ca8f87ea38e53ba3c2275e65c4"},"alternateName":"Muita f\u00e9","potentialAction":[{"@type":"SearchAction","target":{"@type":"EntryPoint","urlTemplate":"https:\/\/gloriadeus.com\/home\/?s={search_term_string}"},"query-input":{"@type":"PropertyValueSpecification","valueRequired":true,"valueName":"search_term_string"}}],"inLanguage":"pt-BR"},{"@type":["Person","Organization"],"@id":"https:\/\/gloriadeus.com\/home\/#\/schema\/person\/ab2365ca8f87ea38e53ba3c2275e65c4","name":"gloriadeus.com","image":{"@type":"ImageObject","inLanguage":"pt-BR","@id":"https:\/\/gloriadeus.com\/wp-content\/uploads\/2024\/03\/230525DDPNG-21.png","url":"https:\/\/gloriadeus.com\/wp-content\/uploads\/2024\/03\/230525DDPNG-21.png","contentUrl":"https:\/\/gloriadeus.com\/wp-content\/uploads\/2024\/03\/230525DDPNG-21.png","width":220,"height":230,"caption":"gloriadeus.com"},"logo":{"@id":"https:\/\/gloriadeus.com\/wp-content\/uploads\/2024\/03\/230525DDPNG-21.png"},"sameAs":["https:\/\/gloriadeus.com"]}]}},"_links":{"self":[{"href":"https:\/\/gloriadeus.com\/home\/wp-json\/wp\/v2\/pages\/4965","targetHints":{"allow":["GET"]}}],"collection":[{"href":"https:\/\/gloriadeus.com\/home\/wp-json\/wp\/v2\/pages"}],"about":[{"href":"https:\/\/gloriadeus.com\/home\/wp-json\/wp\/v2\/types\/page"}],"author":[{"embeddable":true,"href":"https:\/\/gloriadeus.com\/home\/wp-json\/wp\/v2\/users\/1"}],"replies":[{"embeddable":true,"href":"https:\/\/gloriadeus.com\/home\/wp-json\/wp\/v2\/comments?post=4965"}],"version-history":[{"count":10,"href":"https:\/\/gloriadeus.com\/home\/wp-json\/wp\/v2\/pages\/4965\/revisions"}],"predecessor-version":[{"id":11677,"href":"https:\/\/gloriadeus.com\/home\/wp-json\/wp\/v2\/pages\/4965\/revisions\/11677"}],"wp:featuredmedia":[{"embeddable":true,"href":"https:\/\/gloriadeus.com\/home\/wp-json\/wp\/v2\/media\/4978"}],"wp:attachment":[{"href":"https:\/\/gloriadeus.com\/home\/wp-json\/wp\/v2\/media?parent=4965"}],"curies":[{"name":"wp","href":"https:\/\/api.w.org\/{rel}","templated":true}]}}