{"id":4952,"date":"2026-01-07T15:20:07","date_gmt":"2026-01-07T18:20:07","guid":{"rendered":"https:\/\/gloriadeus.com\/?page_id=4952"},"modified":"2026-02-04T10:23:59","modified_gmt":"2026-02-04T13:23:59","slug":"nunca-duvide-do-que-a-fe-pode-fazer-com-voce","status":"publish","type":"page","link":"https:\/\/gloriadeus.com\/home\/nunca-duvide-do-que-a-fe-pode-fazer-com-voce\/","title":{"rendered":"Nunca duvide do que a f\u00e9 pode fazer com voc\u00ea"},"content":{"rendered":"<!-- subtitulo, palavra, paragrafo ok --> \r\n\r\n<p>A f\u00e9 \u00e9 uma for\u00e7a poderosa que transcende as limita\u00e7\u00f5es humanas, capaz de mover montanhas e transformar vidas. Quando enfrentamos desafios, a f\u00e9 nos d\u00e1 coragem para persistir, mesmo diante das adversidades. A d\u00favida pode surgir, mas nunca devemos permitir que ela abale nossa cren\u00e7a nas possibilidades.\u00a0<\/p>\r\n\r\n<figure class=\"wp-lightbox-container\" data-wp-context=\"{&quot;imageId&quot;:&quot;69fa36404536b&quot;}\" data-wp-interactive=\"core\/image\" data-wp-key=\"69fa36404536b\"><\/figure>\r\n<figure class=\"wp-block-image size-large is-resized\"><img loading=\"lazy\" decoding=\"async\" width=\"817\" height=\"1024\" data-wp-class--hide=\"state.isContentHidden\" data-wp-class--show=\"state.isContentVisible\" data-wp-init=\"callbacks.setButtonStyles\" data-wp-on--click=\"actions.showLightbox\" data-wp-on--load=\"callbacks.setButtonStyles\" data-wp-on-window--resize=\"callbacks.setButtonStyles\" class=\"wp-image-4955\" style=\"width: 416px; height: auto;\" src=\"https:\/\/gloriadeus.com\/wp-content\/uploads\/2025\/03\/240906AMDIMG-14-817x1024.jpg\" alt=\"Nunca duvide do que a f\u00e9 pode fazer com voc\u00ea\" srcset=\"https:\/\/gloriadeus.com\/wp-content\/uploads\/2025\/03\/240906AMDIMG-14-817x1024.jpg 817w, https:\/\/gloriadeus.com\/wp-content\/uploads\/2025\/03\/240906AMDIMG-14-239x300.jpg 239w, https:\/\/gloriadeus.com\/wp-content\/uploads\/2025\/03\/240906AMDIMG-14-768x963.jpg 768w, https:\/\/gloriadeus.com\/wp-content\/uploads\/2025\/03\/240906AMDIMG-14.jpg 1021w\" sizes=\"auto, (max-width: 817px) 100vw, 817px\" \/><button\n\t\t\tclass=\"lightbox-trigger\"\n\t\t\ttype=\"button\"\n\t\t\taria-haspopup=\"dialog\"\n\t\t\taria-label=\"Ampliar\"\n\t\t\tdata-wp-init=\"callbacks.initTriggerButton\"\n\t\t\tdata-wp-on--click=\"actions.showLightbox\"\n\t\t\tdata-wp-style--right=\"state.imageButtonRight\"\n\t\t\tdata-wp-style--top=\"state.imageButtonTop\"\n\t\t>\n\t\t\t<svg xmlns=\"http:\/\/www.w3.org\/2000\/svg\" width=\"12\" height=\"12\" fill=\"none\" viewBox=\"0 0 12 12\">\n\t\t\t\t<path fill=\"#fff\" d=\"M2 0a2 2 0 0 0-2 2v2h1.5V2a.5.5 0 0 1 .5-.5h2V0H2Zm2 10.5H2a.5.5 0 0 1-.5-.5V8H0v2a2 2 0 0 0 2 2h2v-1.5ZM8 12v-1.5h2a.5.5 0 0 0 .5-.5V8H12v2a2 2 0 0 1-2 2H8Zm2-12a2 2 0 0 1 2 2v2h-1.5V2a.5.5 0 0 0-.5-.5H8V0h2Z\" \/>\n\t\t\t<\/svg>\n\t\t<\/button>\u00a0<\/figure>\r\n\r\n\r\n\r\n<p>A hist\u00f3ria est\u00e1 repleta de exemplos de pessoas que, guiadas pela f\u00e9, ultrapassaram obst\u00e1culos que pareciam imposs\u00edveis. Esses relatos nos mostram que a f\u00e9 \u00e9 um pilar fundamental em nossa jornada. Em momentos de incerteza, \u00e9 a f\u00e9 que nos sustenta, proporcionando esperan\u00e7a e clareza.\u00a0<\/p>\r\n<h2>O Senhor \u00e9 o farol no meio da tempestade\u00a0<\/h2>\r\n<p>Ela atua como um farol em meio \u00e0 tempestade, iluminando nosso caminho e nos encorajando a seguir em frente. A f\u00e9 nos ensina a confiar no processo, mesmo quando os resultados n\u00e3o s\u00e3o vis\u00edveis.<\/p>\r\n<p>\u00c9 um lembrete constante de que, muitas vezes, as maiores conquistas v\u00eam ap\u00f3s os maiores desafios. Acreditar na capacidade da f\u00e9 \u00e9 reconhecer que algo maior nos guia, que h\u00e1 um prop\u00f3sito por tr\u00e1s de cada situa\u00e7\u00e3o.\u00a0<\/p>\r\n\r\n\r\n\r\n<figure data-wp-context=\"{&quot;imageId&quot;:&quot;69fa36404570c&quot;}\" data-wp-interactive=\"core\/image\" data-wp-key=\"69fa36404570c\" class=\"wp-block-image size-large is-resized wp-lightbox-container\"><img loading=\"lazy\" decoding=\"async\" width=\"720\" height=\"900\" data-wp-class--hide=\"state.isContentHidden\" data-wp-class--show=\"state.isContentVisible\" data-wp-init=\"callbacks.setButtonStyles\" data-wp-on--click=\"actions.showLightbox\" data-wp-on--load=\"callbacks.setButtonStyles\" data-wp-on-window--resize=\"callbacks.setButtonStyles\" class=\"wp-image-4957\" style=\"width: 302px; height: auto;\" src=\"https:\/\/gloriadeus.com\/wp-content\/uploads\/2025\/03\/250111AMDIMG-41.jpg\" alt=\"Nunca duvide do que a f\u00e9 pode fazer com voc\u00ea\" srcset=\"https:\/\/gloriadeus.com\/wp-content\/uploads\/2025\/03\/250111AMDIMG-41.jpg 720w, https:\/\/gloriadeus.com\/wp-content\/uploads\/2025\/03\/250111AMDIMG-41-240x300.jpg 240w\" sizes=\"auto, (max-width: 720px) 100vw, 720px\" \/><button\n\t\t\tclass=\"lightbox-trigger\"\n\t\t\ttype=\"button\"\n\t\t\taria-haspopup=\"dialog\"\n\t\t\taria-label=\"Ampliar\"\n\t\t\tdata-wp-init=\"callbacks.initTriggerButton\"\n\t\t\tdata-wp-on--click=\"actions.showLightbox\"\n\t\t\tdata-wp-style--right=\"state.imageButtonRight\"\n\t\t\tdata-wp-style--top=\"state.imageButtonTop\"\n\t\t>\n\t\t\t<svg xmlns=\"http:\/\/www.w3.org\/2000\/svg\" width=\"12\" height=\"12\" fill=\"none\" viewBox=\"0 0 12 12\">\n\t\t\t\t<path fill=\"#fff\" d=\"M2 0a2 2 0 0 0-2 2v2h1.5V2a.5.5 0 0 1 .5-.5h2V0H2Zm2 10.5H2a.5.5 0 0 1-.5-.5V8H0v2a2 2 0 0 0 2 2h2v-1.5ZM8 12v-1.5h2a.5.5 0 0 0 .5-.5V8H12v2a2 2 0 0 1-2 2H8Zm2-12a2 2 0 0 1 2 2v2h-1.5V2a.5.5 0 0 0-.5-.5H8V0h2Z\" \/>\n\t\t\t<\/svg>\n\t\t<\/button>\u00a0<\/figure>\r\n<p>A f\u00e9 n\u00e3o \u00e9 apenas cren\u00e7a, mas uma manifesta\u00e7\u00e3o de for\u00e7a interior, uma resili\u00eancia que nos permite enfrentar o desconhecido com coragem. Em cada passo que damos, a f\u00e9 nos acompanha, motivando-nos a buscar nossos sonhos, mesmo quando parecem distantes. Devemos lembrar que as maiores inova\u00e7\u00f5es e descobertas da humanidade foram impulsionadas pela f\u00e9 em um futuro melhor.\u00a0<\/p>\r\n<h2>A f\u00e9 \u00e9 um fator crucial<\/h2>\r\n<p>Quando olhamos para os l\u00edderes que mudaram o mundo, vemos que a f\u00e9 foi um fator crucial em suas jornadas. A f\u00e9 \u00e9 a centelha que acende a motiva\u00e7\u00e3o em nossos cora\u00e7\u00f5es, nos incitando a agir e a acreditar que podemos fazer a diferen\u00e7a. N\u00e3o podemos subestimar o poder da f\u00e9, pois ela tem o potencial de criar realidades.<\/p>\r\n<p>Em comunidades, a f\u00e9 une as pessoas em torno de um prop\u00f3sito comum, fortalecendo la\u00e7os e promovendo a solidariedade.<\/p>\r\n\r\n\r\n\r\n<figure data-wp-context=\"{&quot;imageId&quot;:&quot;69fa3640459bc&quot;}\" data-wp-interactive=\"core\/image\" data-wp-key=\"69fa3640459bc\" class=\"wp-block-image size-large is-resized wp-lightbox-container\"><img loading=\"lazy\" decoding=\"async\" width=\"683\" height=\"1024\" data-wp-class--hide=\"state.isContentHidden\" data-wp-class--show=\"state.isContentVisible\" data-wp-init=\"callbacks.setButtonStyles\" data-wp-on--click=\"actions.showLightbox\" data-wp-on--load=\"callbacks.setButtonStyles\" data-wp-on-window--resize=\"callbacks.setButtonStyles\" class=\"wp-image-4954\" style=\"width: 404px; height: auto;\" src=\"https:\/\/gloriadeus.com\/wp-content\/uploads\/2025\/03\/250102AMDIMG01-683x1024.jpg\" alt=\"Nunca duvide do que a f\u00e9 pode fazer com voc\u00ea\" srcset=\"https:\/\/gloriadeus.com\/wp-content\/uploads\/2025\/03\/250102AMDIMG01-683x1024.jpg 683w, https:\/\/gloriadeus.com\/wp-content\/uploads\/2025\/03\/250102AMDIMG01-200x300.jpg 200w, https:\/\/gloriadeus.com\/wp-content\/uploads\/2025\/03\/250102AMDIMG01.jpg 736w\" sizes=\"auto, (max-width: 683px) 100vw, 683px\" \/><button\n\t\t\tclass=\"lightbox-trigger\"\n\t\t\ttype=\"button\"\n\t\t\taria-haspopup=\"dialog\"\n\t\t\taria-label=\"Ampliar\"\n\t\t\tdata-wp-init=\"callbacks.initTriggerButton\"\n\t\t\tdata-wp-on--click=\"actions.showLightbox\"\n\t\t\tdata-wp-style--right=\"state.imageButtonRight\"\n\t\t\tdata-wp-style--top=\"state.imageButtonTop\"\n\t\t>\n\t\t\t<svg xmlns=\"http:\/\/www.w3.org\/2000\/svg\" width=\"12\" height=\"12\" fill=\"none\" viewBox=\"0 0 12 12\">\n\t\t\t\t<path fill=\"#fff\" d=\"M2 0a2 2 0 0 0-2 2v2h1.5V2a.5.5 0 0 1 .5-.5h2V0H2Zm2 10.5H2a.5.5 0 0 1-.5-.5V8H0v2a2 2 0 0 0 2 2h2v-1.5ZM8 12v-1.5h2a.5.5 0 0 0 .5-.5V8H12v2a2 2 0 0 1-2 2H8Zm2-12a2 2 0 0 1 2 2v2h-1.5V2a.5.5 0 0 0-.5-.5H8V0h2Z\" \/>\n\t\t\t<\/svg>\n\t\t<\/button>\u00a0<\/figure>\r\n<p>A f\u00e9 tamb\u00e9m nos ensina a pr\u00e1tica da gratid\u00e3o, a valorizar cada pequeno passo dado em dire\u00e7\u00e3o aos nossos objetivos. N\u00e3o devemos duvidar da capacidade da f\u00e9 para curar feridas emocionais e f\u00edsicas, sendo uma fonte de conforto em momentos de dor.\u00a0<\/p>\r\n<h2>A f\u00e9 pode \u00e9 o alicerce<\/h2>\r\n<p>Em momentos de perda, a f\u00e9 pode ser o alicerce que nos ajuda a encontrar paz e a compreender o ciclo da vida. \u00c9 atrav\u00e9s da f\u00e9 que conseguimos ver al\u00e9m do presente e sonhar com um futuro repleto de oportunidades. A f\u00e9 nutre a nossa imagina\u00e7\u00e3o, permitindo-nos visualizar n\u00e3o apenas o que somos, mas o que podemos nos tornar.\u00a0<\/p>\r\n<p>Nunca devemos duvidar do impacto que a f\u00e9 tem sobre n\u00f3s e sobre os outros, ela tem a capacidade de inspirar a\u00e7\u00f5es que moldam o nosso entorno. O poder da f\u00e9 se revela em pequenos atos de bondade que se expandem, gerando uma onda positiva que atinge a todos.<\/p>\r\n\r\n\r\n\r\n<figure class=\"wp-block-image size-large is-resized\"><img loading=\"lazy\" decoding=\"async\" width=\"683\" height=\"1024\" class=\"wp-image-4956\" style=\"width: 185px; height: auto;\" src=\"https:\/\/gloriadeus.com\/wp-content\/uploads\/2025\/03\/250111AMDIMG-8-1-683x1024.jpg\" alt=\"Nunca duvide do que a f\u00e9 pode fazer com voc\u00ea\" srcset=\"https:\/\/gloriadeus.com\/wp-content\/uploads\/2025\/03\/250111AMDIMG-8-1-683x1024.jpg 683w, https:\/\/gloriadeus.com\/wp-content\/uploads\/2025\/03\/250111AMDIMG-8-1-200x300.jpg 200w, https:\/\/gloriadeus.com\/wp-content\/uploads\/2025\/03\/250111AMDIMG-8-1.jpg 736w\" sizes=\"auto, (max-width: 683px) 100vw, 683px\" \/>\u00a0<\/figure>\r\n\r\n\r\n\r\n<p>Mesmo em tempos dif\u00edceis, a f\u00e9 \u00e9 um lembrete de que a mudan\u00e7a \u00e9 poss\u00edvel e que podemos ser agentes dessa transforma\u00e7\u00e3o. Ent\u00e3o quando as sombras da d\u00favida se aproximam, \u00e9 essencial relembrar o poder inerente da f\u00e9, que nos incentiva a persistir.\u00a0<\/p>\r\n<h2>A f\u00e9 abre portas\u00a0<\/h2>\r\n<p>Devemos cultivar a nossa f\u00e9 diariamente, fortalecendo-a por meio da medita\u00e7\u00e3o, da reflex\u00e3o e do amor. Cada desafio que enfrentamos \u00e9 uma oportunidade para exercitar essa f\u00e9 e sair mais fortes. Acreditar na capacidade da f\u00e9 nos permite enfrentar os desafios com esperan\u00e7a renovada e firme determina\u00e7\u00e3o. Mesmo quando tudo parece perdido, a f\u00e9 pode abrir portas que antes estavam fechadas.<\/p>\r\n<p>A f\u00e9 nos conecta a algo maior, proporcionando um sentido de pertencimento e prop\u00f3sito. N\u00e3o podemos esquecer que a f\u00e9 \u00e9 um caminho, e n\u00e3o um destino, uma jornada cont\u00ednua de crescimento e autodescoberta.<\/p>\r\n<p>Em cada l\u00e1grima que choramos, em cada risada que compartilhamos, a f\u00e9 est\u00e1 presente, moldando nossas experi\u00eancias e nos ensinando li\u00e7\u00f5es valiosas. Ao olharmos para o futuro, \u00e9 a f\u00e9 que nos encoraja a sonhar grande e a lutar por aquilo que acreditamos.\u00a0<\/p>\r\n<h2>A f\u00e9 floresce e irradia luz na escurid\u00e3o<\/h2>\r\n<p>Jamais devemos duvidar da capacidade da f\u00e9, pois ela tem o poder de transformar nossa realidade, proporcionar esperan\u00e7a em tempos sombrios, unir as pessoas em torno de um prop\u00f3sito comum e nos lembrar de que somos capazes de superar qualquer obst\u00e1culo.<\/p>\r\n<p>Quando a f\u00e9 \u00e9 nutrida, ela floresce e irradia luz na escurid\u00e3o, guiando-nos pelo caminho da realiza\u00e7\u00e3o pessoal e coletiva. \u00c9 a f\u00e9 que nos impulsiona a ser melhores vers\u00f5es de n\u00f3s mesmos, a buscar o autoconhecimento e a evolu\u00e7\u00e3o constante.<\/p>\r\n<p>Em ess\u00eancia, nunca subestime o que a f\u00e9 pode fazer, ela \u00e9 a for\u00e7a vital que nos move e transforma, e acreditar em sua capacidade \u00e9 o primeiro passo para alcan\u00e7ar grandes realiza\u00e7\u00f5es.<\/p>\r\n","protected":false},"excerpt":{"rendered":"<p>A f\u00e9 \u00e9 uma for\u00e7a poderosa que transcende as limita\u00e7\u00f5es humanas, capaz de mover montanhas e transformar vidas. Quando enfrentamos &hellip; <\/p>\n","protected":false},"author":1,"featured_media":4956,"parent":0,"menu_order":0,"comment_status":"open","ping_status":"closed","template":"","meta":{"_uf_show_specific_survey":0,"_uf_disable_surveys":false,"footnotes":""},"class_list":["post-4952","page","type-page","status-publish","has-post-thumbnail","hentry"],"yoast_head":"<!-- This site is optimized with the Yoast SEO plugin v27.5 - https:\/\/yoast.com\/product\/yoast-seo-wordpress\/ -->\n<title>Nunca duvide do que a f\u00e9 pode fazer com voc\u00ea - Gl\u00f3ria Deus<\/title>\n<meta name=\"robots\" content=\"index, follow, max-snippet:-1, max-image-preview:large, max-video-preview:-1\" \/>\n<link rel=\"canonical\" href=\"https:\/\/gloriadeus.com\/home\/nunca-duvide-do-que-a-fe-pode-fazer-com-voce\/\" \/>\n<meta property=\"og:locale\" content=\"pt_BR\" \/>\n<meta property=\"og:type\" content=\"article\" \/>\n<meta property=\"og:title\" content=\"Nunca duvide do que a f\u00e9 pode fazer com voc\u00ea - Gl\u00f3ria Deus\" \/>\n<meta property=\"og:description\" content=\"A f\u00e9 \u00e9 uma for\u00e7a poderosa que transcende as limita\u00e7\u00f5es humanas, capaz de mover montanhas e transformar vidas. Quando enfrentamos &hellip;\" \/>\n<meta property=\"og:url\" content=\"https:\/\/gloriadeus.com\/home\/nunca-duvide-do-que-a-fe-pode-fazer-com-voce\/\" \/>\n<meta property=\"og:site_name\" content=\"Gl\u00f3ria Deus\" \/>\n<meta property=\"article:modified_time\" content=\"2026-02-04T13:23:59+00:00\" \/>\n<meta property=\"og:image\" content=\"https:\/\/gloriadeus.com\/wp-content\/uploads\/2025\/03\/250111AMDIMG-8-1.jpg\" \/>\n\t<meta property=\"og:image:width\" content=\"736\" \/>\n\t<meta property=\"og:image:height\" content=\"1104\" \/>\n\t<meta property=\"og:image:type\" content=\"image\/jpeg\" \/>\n<meta name=\"twitter:card\" content=\"summary_large_image\" \/>\n<meta name=\"twitter:label1\" content=\"Est. tempo de leitura\" \/>\n\t<meta name=\"twitter:data1\" content=\"6 minutos\" \/>\n<script type=\"application\/ld+json\" class=\"yoast-schema-graph\">{\"@context\":\"https:\\\/\\\/schema.org\",\"@graph\":[{\"@type\":\"WebPage\",\"@id\":\"https:\\\/\\\/gloriadeus.com\\\/home\\\/nunca-duvide-do-que-a-fe-pode-fazer-com-voce\\\/\",\"url\":\"https:\\\/\\\/gloriadeus.com\\\/home\\\/nunca-duvide-do-que-a-fe-pode-fazer-com-voce\\\/\",\"name\":\"Nunca duvide do que a f\u00e9 pode fazer com voc\u00ea - Gl\u00f3ria Deus\",\"isPartOf\":{\"@id\":\"https:\\\/\\\/gloriadeus.com\\\/home\\\/#website\"},\"primaryImageOfPage\":{\"@id\":\"https:\\\/\\\/gloriadeus.com\\\/home\\\/nunca-duvide-do-que-a-fe-pode-fazer-com-voce\\\/#primaryimage\"},\"image\":{\"@id\":\"https:\\\/\\\/gloriadeus.com\\\/home\\\/nunca-duvide-do-que-a-fe-pode-fazer-com-voce\\\/#primaryimage\"},\"thumbnailUrl\":\"https:\\\/\\\/gloriadeus.com\\\/wp-content\\\/uploads\\\/2025\\\/03\\\/250111AMDIMG-8-1.jpg\",\"datePublished\":\"2026-01-07T18:20:07+00:00\",\"dateModified\":\"2026-02-04T13:23:59+00:00\",\"breadcrumb\":{\"@id\":\"https:\\\/\\\/gloriadeus.com\\\/home\\\/nunca-duvide-do-que-a-fe-pode-fazer-com-voce\\\/#breadcrumb\"},\"inLanguage\":\"pt-BR\",\"potentialAction\":[{\"@type\":\"ReadAction\",\"target\":[\"https:\\\/\\\/gloriadeus.com\\\/home\\\/nunca-duvide-do-que-a-fe-pode-fazer-com-voce\\\/\"]}]},{\"@type\":\"ImageObject\",\"inLanguage\":\"pt-BR\",\"@id\":\"https:\\\/\\\/gloriadeus.com\\\/home\\\/nunca-duvide-do-que-a-fe-pode-fazer-com-voce\\\/#primaryimage\",\"url\":\"https:\\\/\\\/gloriadeus.com\\\/wp-content\\\/uploads\\\/2025\\\/03\\\/250111AMDIMG-8-1.jpg\",\"contentUrl\":\"https:\\\/\\\/gloriadeus.com\\\/wp-content\\\/uploads\\\/2025\\\/03\\\/250111AMDIMG-8-1.jpg\",\"width\":736,\"height\":1104,\"caption\":\"Nunca duvide do que a f\u00e9 pode fazer com voc\u00ea\"},{\"@type\":\"BreadcrumbList\",\"@id\":\"https:\\\/\\\/gloriadeus.com\\\/home\\\/nunca-duvide-do-que-a-fe-pode-fazer-com-voce\\\/#breadcrumb\",\"itemListElement\":[{\"@type\":\"ListItem\",\"position\":1,\"name\":\"In\u00edcio\",\"item\":\"https:\\\/\\\/gloriadeus.com\\\/home\\\/\"},{\"@type\":\"ListItem\",\"position\":2,\"name\":\"Nunca duvide do que a f\u00e9 pode fazer com voc\u00ea\"}]},{\"@type\":\"WebSite\",\"@id\":\"https:\\\/\\\/gloriadeus.com\\\/home\\\/#website\",\"url\":\"https:\\\/\\\/gloriadeus.com\\\/home\\\/\",\"name\":\"Gloria Deus\",\"description\":\"\u21a8 Deslize para descobrir mais \u21a8\",\"publisher\":{\"@id\":\"https:\\\/\\\/gloriadeus.com\\\/home\\\/#\\\/schema\\\/person\\\/ab2365ca8f87ea38e53ba3c2275e65c4\"},\"alternateName\":\"Muita f\u00e9\",\"potentialAction\":[{\"@type\":\"SearchAction\",\"target\":{\"@type\":\"EntryPoint\",\"urlTemplate\":\"https:\\\/\\\/gloriadeus.com\\\/home\\\/?s={search_term_string}\"},\"query-input\":{\"@type\":\"PropertyValueSpecification\",\"valueRequired\":true,\"valueName\":\"search_term_string\"}}],\"inLanguage\":\"pt-BR\"},{\"@type\":[\"Person\",\"Organization\"],\"@id\":\"https:\\\/\\\/gloriadeus.com\\\/home\\\/#\\\/schema\\\/person\\\/ab2365ca8f87ea38e53ba3c2275e65c4\",\"name\":\"gloriadeus.com\",\"image\":{\"@type\":\"ImageObject\",\"inLanguage\":\"pt-BR\",\"@id\":\"https:\\\/\\\/gloriadeus.com\\\/wp-content\\\/uploads\\\/2024\\\/03\\\/230525DDPNG-21.png\",\"url\":\"https:\\\/\\\/gloriadeus.com\\\/wp-content\\\/uploads\\\/2024\\\/03\\\/230525DDPNG-21.png\",\"contentUrl\":\"https:\\\/\\\/gloriadeus.com\\\/wp-content\\\/uploads\\\/2024\\\/03\\\/230525DDPNG-21.png\",\"width\":220,\"height\":230,\"caption\":\"gloriadeus.com\"},\"logo\":{\"@id\":\"https:\\\/\\\/gloriadeus.com\\\/wp-content\\\/uploads\\\/2024\\\/03\\\/230525DDPNG-21.png\"},\"sameAs\":[\"https:\\\/\\\/gloriadeus.com\"]}]}<\/script>\n<!-- \/ Yoast SEO plugin. -->","yoast_head_json":{"title":"Nunca duvide do que a f\u00e9 pode fazer com voc\u00ea - Gl\u00f3ria Deus","robots":{"index":"index","follow":"follow","max-snippet":"max-snippet:-1","max-image-preview":"max-image-preview:large","max-video-preview":"max-video-preview:-1"},"canonical":"https:\/\/gloriadeus.com\/home\/nunca-duvide-do-que-a-fe-pode-fazer-com-voce\/","og_locale":"pt_BR","og_type":"article","og_title":"Nunca duvide do que a f\u00e9 pode fazer com voc\u00ea - Gl\u00f3ria Deus","og_description":"A f\u00e9 \u00e9 uma for\u00e7a poderosa que transcende as limita\u00e7\u00f5es humanas, capaz de mover montanhas e transformar vidas. Quando enfrentamos &hellip;","og_url":"https:\/\/gloriadeus.com\/home\/nunca-duvide-do-que-a-fe-pode-fazer-com-voce\/","og_site_name":"Gl\u00f3ria Deus","article_modified_time":"2026-02-04T13:23:59+00:00","og_image":[{"width":736,"height":1104,"url":"https:\/\/gloriadeus.com\/wp-content\/uploads\/2025\/03\/250111AMDIMG-8-1.jpg","type":"image\/jpeg"}],"twitter_card":"summary_large_image","twitter_misc":{"Est. tempo de leitura":"6 minutos"},"schema":{"@context":"https:\/\/schema.org","@graph":[{"@type":"WebPage","@id":"https:\/\/gloriadeus.com\/home\/nunca-duvide-do-que-a-fe-pode-fazer-com-voce\/","url":"https:\/\/gloriadeus.com\/home\/nunca-duvide-do-que-a-fe-pode-fazer-com-voce\/","name":"Nunca duvide do que a f\u00e9 pode fazer com voc\u00ea - Gl\u00f3ria Deus","isPartOf":{"@id":"https:\/\/gloriadeus.com\/home\/#website"},"primaryImageOfPage":{"@id":"https:\/\/gloriadeus.com\/home\/nunca-duvide-do-que-a-fe-pode-fazer-com-voce\/#primaryimage"},"image":{"@id":"https:\/\/gloriadeus.com\/home\/nunca-duvide-do-que-a-fe-pode-fazer-com-voce\/#primaryimage"},"thumbnailUrl":"https:\/\/gloriadeus.com\/wp-content\/uploads\/2025\/03\/250111AMDIMG-8-1.jpg","datePublished":"2026-01-07T18:20:07+00:00","dateModified":"2026-02-04T13:23:59+00:00","breadcrumb":{"@id":"https:\/\/gloriadeus.com\/home\/nunca-duvide-do-que-a-fe-pode-fazer-com-voce\/#breadcrumb"},"inLanguage":"pt-BR","potentialAction":[{"@type":"ReadAction","target":["https:\/\/gloriadeus.com\/home\/nunca-duvide-do-que-a-fe-pode-fazer-com-voce\/"]}]},{"@type":"ImageObject","inLanguage":"pt-BR","@id":"https:\/\/gloriadeus.com\/home\/nunca-duvide-do-que-a-fe-pode-fazer-com-voce\/#primaryimage","url":"https:\/\/gloriadeus.com\/wp-content\/uploads\/2025\/03\/250111AMDIMG-8-1.jpg","contentUrl":"https:\/\/gloriadeus.com\/wp-content\/uploads\/2025\/03\/250111AMDIMG-8-1.jpg","width":736,"height":1104,"caption":"Nunca duvide do que a f\u00e9 pode fazer com voc\u00ea"},{"@type":"BreadcrumbList","@id":"https:\/\/gloriadeus.com\/home\/nunca-duvide-do-que-a-fe-pode-fazer-com-voce\/#breadcrumb","itemListElement":[{"@type":"ListItem","position":1,"name":"In\u00edcio","item":"https:\/\/gloriadeus.com\/home\/"},{"@type":"ListItem","position":2,"name":"Nunca duvide do que a f\u00e9 pode fazer com voc\u00ea"}]},{"@type":"WebSite","@id":"https:\/\/gloriadeus.com\/home\/#website","url":"https:\/\/gloriadeus.com\/home\/","name":"Gloria Deus","description":"\u21a8 Deslize para descobrir mais \u21a8","publisher":{"@id":"https:\/\/gloriadeus.com\/home\/#\/schema\/person\/ab2365ca8f87ea38e53ba3c2275e65c4"},"alternateName":"Muita f\u00e9","potentialAction":[{"@type":"SearchAction","target":{"@type":"EntryPoint","urlTemplate":"https:\/\/gloriadeus.com\/home\/?s={search_term_string}"},"query-input":{"@type":"PropertyValueSpecification","valueRequired":true,"valueName":"search_term_string"}}],"inLanguage":"pt-BR"},{"@type":["Person","Organization"],"@id":"https:\/\/gloriadeus.com\/home\/#\/schema\/person\/ab2365ca8f87ea38e53ba3c2275e65c4","name":"gloriadeus.com","image":{"@type":"ImageObject","inLanguage":"pt-BR","@id":"https:\/\/gloriadeus.com\/wp-content\/uploads\/2024\/03\/230525DDPNG-21.png","url":"https:\/\/gloriadeus.com\/wp-content\/uploads\/2024\/03\/230525DDPNG-21.png","contentUrl":"https:\/\/gloriadeus.com\/wp-content\/uploads\/2024\/03\/230525DDPNG-21.png","width":220,"height":230,"caption":"gloriadeus.com"},"logo":{"@id":"https:\/\/gloriadeus.com\/wp-content\/uploads\/2024\/03\/230525DDPNG-21.png"},"sameAs":["https:\/\/gloriadeus.com"]}]}},"_links":{"self":[{"href":"https:\/\/gloriadeus.com\/home\/wp-json\/wp\/v2\/pages\/4952","targetHints":{"allow":["GET"]}}],"collection":[{"href":"https:\/\/gloriadeus.com\/home\/wp-json\/wp\/v2\/pages"}],"about":[{"href":"https:\/\/gloriadeus.com\/home\/wp-json\/wp\/v2\/types\/page"}],"author":[{"embeddable":true,"href":"https:\/\/gloriadeus.com\/home\/wp-json\/wp\/v2\/users\/1"}],"replies":[{"embeddable":true,"href":"https:\/\/gloriadeus.com\/home\/wp-json\/wp\/v2\/comments?post=4952"}],"version-history":[{"count":7,"href":"https:\/\/gloriadeus.com\/home\/wp-json\/wp\/v2\/pages\/4952\/revisions"}],"predecessor-version":[{"id":10322,"href":"https:\/\/gloriadeus.com\/home\/wp-json\/wp\/v2\/pages\/4952\/revisions\/10322"}],"wp:featuredmedia":[{"embeddable":true,"href":"https:\/\/gloriadeus.com\/home\/wp-json\/wp\/v2\/media\/4956"}],"wp:attachment":[{"href":"https:\/\/gloriadeus.com\/home\/wp-json\/wp\/v2\/media?parent=4952"}],"curies":[{"name":"wp","href":"https:\/\/api.w.org\/{rel}","templated":true}]}}