{"id":4939,"date":"2026-01-07T14:34:16","date_gmt":"2026-01-07T17:34:16","guid":{"rendered":"https:\/\/gloriadeus.com\/?page_id=4939"},"modified":"2026-02-04T14:31:02","modified_gmt":"2026-02-04T17:31:02","slug":"a-fe-e-o-firme-fundamento","status":"publish","type":"page","link":"https:\/\/gloriadeus.com\/home\/fe-amor-pensamento-positivo-e-paz-para-a-semana-que-chega\/a-fe-e-o-firme-fundamento\/","title":{"rendered":"A f\u00e9 \u00e9 o firme fundamento"},"content":{"rendered":"<!-- subtitulo, palavra, paragrafo ok --> \r\n\r\n\r\n<figure data-wp-context=\"{&quot;imageId&quot;:&quot;69fa4b370cf5a&quot;}\" data-wp-interactive=\"core\/image\" data-wp-key=\"69fa4b370cf5a\" class=\"wp-block-image size-large is-resized wp-lightbox-container\"><img loading=\"lazy\" decoding=\"async\" width=\"888\" height=\"575\" data-wp-class--hide=\"state.isContentHidden\" data-wp-class--show=\"state.isContentVisible\" data-wp-init=\"callbacks.setButtonStyles\" data-wp-on--click=\"actions.showLightbox\" data-wp-on--load=\"callbacks.setButtonStyles\" data-wp-on-window--resize=\"callbacks.setButtonStyles\" class=\"wp-image-4941\" style=\"width: 313px; height: auto;\" src=\"https:\/\/gloriadeus.com\/wp-content\/uploads\/2025\/03\/240906AMDIMG-22.jpg\" alt=\"A f\u00e9 \u00e9 o firme fundamento\" srcset=\"https:\/\/gloriadeus.com\/wp-content\/uploads\/2025\/03\/240906AMDIMG-22.jpg 888w, https:\/\/gloriadeus.com\/wp-content\/uploads\/2025\/03\/240906AMDIMG-22-300x194.jpg 300w, https:\/\/gloriadeus.com\/wp-content\/uploads\/2025\/03\/240906AMDIMG-22-768x497.jpg 768w\" sizes=\"auto, (max-width: 888px) 100vw, 888px\" \/><button\n\t\t\tclass=\"lightbox-trigger\"\n\t\t\ttype=\"button\"\n\t\t\taria-haspopup=\"dialog\"\n\t\t\taria-label=\"Ampliar\"\n\t\t\tdata-wp-init=\"callbacks.initTriggerButton\"\n\t\t\tdata-wp-on--click=\"actions.showLightbox\"\n\t\t\tdata-wp-style--right=\"state.imageButtonRight\"\n\t\t\tdata-wp-style--top=\"state.imageButtonTop\"\n\t\t>\n\t\t\t<svg xmlns=\"http:\/\/www.w3.org\/2000\/svg\" width=\"12\" height=\"12\" fill=\"none\" viewBox=\"0 0 12 12\">\n\t\t\t\t<path fill=\"#fff\" d=\"M2 0a2 2 0 0 0-2 2v2h1.5V2a.5.5 0 0 1 .5-.5h2V0H2Zm2 10.5H2a.5.5 0 0 1-.5-.5V8H0v2a2 2 0 0 0 2 2h2v-1.5ZM8 12v-1.5h2a.5.5 0 0 0 .5-.5V8H12v2a2 2 0 0 1-2 2H8Zm2-12a2 2 0 0 1 2 2v2h-1.5V2a.5.5 0 0 0-.5-.5H8V0h2Z\" \/>\n\t\t\t<\/svg>\n\t\t<\/button>\u00a0<\/figure>\r\n\r\n\r\n\r\n<p>A f\u00e9 \u00e9 o firme fundamento que sustenta a vida de milh\u00f5es de pessoas ao redor do mundo. \u00c9 um alicerce invis\u00edvel que, no entanto, exerce uma influ\u00eancia poderosa sobre nossas decis\u00f5es e a\u00e7\u00f5es. A f\u00e9 nos proporciona esperan\u00e7a em tempos de dificuldade, funcionando como uma luz que ilumina os caminhos mais sombrios da nossa exist\u00eancia.\u00a0<\/p>\r\n<h2>\u00c9 a f\u00e9 que nos permite seguir em frete\u00a0<\/h2>\r\n<p>Muitos enfrentam desafios e incertezas, mas \u00e9 a f\u00e9 que lhes permite continuar em frente, mesmo quando tudo parece perdido. Ela \u00e9 a for\u00e7a motriz que incita as pessoas a se levantarem ap\u00f3s quedas, a acreditarem em um futuro melhor e a persistirem em seus sonhos. A f\u00e9 \u00e9 um elemento que une comunidades, cria la\u00e7os e promove solidariedade.\u00a0<\/p>\r\n<p>Em momentos de crise, as pessoas se voltam umas para as outras, fortalecendo-se atrav\u00e9s da cren\u00e7a compartilhada em algo maior. Essa conex\u00e3o n\u00e3o se limita a la\u00e7os religiosos, a f\u00e9 pode ser encontrada em contextos seculares, onde a cren\u00e7a em objetivos comuns ou ideais pode gerar um senso de prop\u00f3sito e direcionamento.<\/p>\r\n\r\n\r\n\r\n<figure data-wp-context=\"{&quot;imageId&quot;:&quot;69fa4b370d2ec&quot;}\" data-wp-interactive=\"core\/image\" data-wp-key=\"69fa4b370d2ec\" class=\"wp-block-image size-large is-resized wp-lightbox-container\"><img loading=\"lazy\" decoding=\"async\" width=\"512\" height=\"640\" data-wp-class--hide=\"state.isContentHidden\" data-wp-class--show=\"state.isContentVisible\" data-wp-init=\"callbacks.setButtonStyles\" data-wp-on--click=\"actions.showLightbox\" data-wp-on--load=\"callbacks.setButtonStyles\" data-wp-on-window--resize=\"callbacks.setButtonStyles\" class=\"wp-image-4942\" style=\"width: 367px; height: auto;\" src=\"https:\/\/gloriadeus.com\/wp-content\/uploads\/2025\/03\/250111AMDIMG-20.jpg\" alt=\"A f\u00e9 \u00e9 o firme fundamento\" srcset=\"https:\/\/gloriadeus.com\/wp-content\/uploads\/2025\/03\/250111AMDIMG-20.jpg 512w, https:\/\/gloriadeus.com\/wp-content\/uploads\/2025\/03\/250111AMDIMG-20-240x300.jpg 240w\" sizes=\"auto, (max-width: 512px) 100vw, 512px\" \/><button\n\t\t\tclass=\"lightbox-trigger\"\n\t\t\ttype=\"button\"\n\t\t\taria-haspopup=\"dialog\"\n\t\t\taria-label=\"Ampliar\"\n\t\t\tdata-wp-init=\"callbacks.initTriggerButton\"\n\t\t\tdata-wp-on--click=\"actions.showLightbox\"\n\t\t\tdata-wp-style--right=\"state.imageButtonRight\"\n\t\t\tdata-wp-style--top=\"state.imageButtonTop\"\n\t\t>\n\t\t\t<svg xmlns=\"http:\/\/www.w3.org\/2000\/svg\" width=\"12\" height=\"12\" fill=\"none\" viewBox=\"0 0 12 12\">\n\t\t\t\t<path fill=\"#fff\" d=\"M2 0a2 2 0 0 0-2 2v2h1.5V2a.5.5 0 0 1 .5-.5h2V0H2Zm2 10.5H2a.5.5 0 0 1-.5-.5V8H0v2a2 2 0 0 0 2 2h2v-1.5ZM8 12v-1.5h2a.5.5 0 0 0 .5-.5V8H12v2a2 2 0 0 1-2 2H8Zm2-12a2 2 0 0 1 2 2v2h-1.5V2a.5.5 0 0 0-.5-.5H8V0h2Z\" \/>\n\t\t\t<\/svg>\n\t\t<\/button>\u00a0<\/figure>\r\n<p>A f\u00e9 \u00e9 tamb\u00e9m um convite \u00e0 reflex\u00e3o e \u00e0 busca interna, levando muitos a questionarem suas cren\u00e7as, valores e a verdadeira natureza de suas exist\u00eancias.\u00a0<\/p>\r\n<h2>A f\u00e9 \u00e9 o firme fundamento<\/h2>\r\n<p>A f\u00e9 se transforma em um eixo central que guia decis\u00f5es, molda personalidades e define trajet\u00f3rias de vida. Cultivar a f\u00e9 \u00e9 um exerc\u00edcio di\u00e1rio que exige dedica\u00e7\u00e3o e introspec\u00e7\u00e3o, mas suas recompensas s\u00e3o incalcul\u00e1veis. Cada pequeno ato de f\u00e9, cada momento em que escolhemos acreditar, constr\u00f3i um caminho que nos leva a um amanh\u00e3 mais iluminado.<\/p>\r\n<p>\u00c9 na pr\u00e1tica da f\u00e9 que encontramos a coragem para enfrentar a adversidade, o consolo em momentos de dor e a inspira\u00e7\u00e3o para alcan\u00e7ar o extraordin\u00e1rio. N\u00e3o \u00e9 raro ouvir hist\u00f3rias de supera\u00e7\u00e3o onde a f\u00e9 teve um papel crucial, demonstrando sua capacidade de transformar realidades e operar mudan\u00e7as significativas.<\/p>\r\n\r\n\r\n\r\n<figure data-wp-context=\"{&quot;imageId&quot;:&quot;69fa4b370d6c0&quot;}\" data-wp-interactive=\"core\/image\" data-wp-key=\"69fa4b370d6c0\" class=\"wp-block-image size-large is-resized wp-lightbox-container\"><img loading=\"lazy\" decoding=\"async\" width=\"720\" height=\"658\" data-wp-class--hide=\"state.isContentHidden\" data-wp-class--show=\"state.isContentVisible\" data-wp-init=\"callbacks.setButtonStyles\" data-wp-on--click=\"actions.showLightbox\" data-wp-on--load=\"callbacks.setButtonStyles\" data-wp-on-window--resize=\"callbacks.setButtonStyles\" class=\"wp-image-4940\" style=\"width: 322px; height: auto;\" src=\"https:\/\/gloriadeus.com\/wp-content\/uploads\/2025\/03\/240906AMDIMG-12.jpg\" alt=\"A f\u00e9 \u00e9 o firme fundamento\" srcset=\"https:\/\/gloriadeus.com\/wp-content\/uploads\/2025\/03\/240906AMDIMG-12.jpg 720w, https:\/\/gloriadeus.com\/wp-content\/uploads\/2025\/03\/240906AMDIMG-12-300x274.jpg 300w\" sizes=\"auto, (max-width: 720px) 100vw, 720px\" \/><button\n\t\t\tclass=\"lightbox-trigger\"\n\t\t\ttype=\"button\"\n\t\t\taria-haspopup=\"dialog\"\n\t\t\taria-label=\"Ampliar\"\n\t\t\tdata-wp-init=\"callbacks.initTriggerButton\"\n\t\t\tdata-wp-on--click=\"actions.showLightbox\"\n\t\t\tdata-wp-style--right=\"state.imageButtonRight\"\n\t\t\tdata-wp-style--top=\"state.imageButtonTop\"\n\t\t>\n\t\t\t<svg xmlns=\"http:\/\/www.w3.org\/2000\/svg\" width=\"12\" height=\"12\" fill=\"none\" viewBox=\"0 0 12 12\">\n\t\t\t\t<path fill=\"#fff\" d=\"M2 0a2 2 0 0 0-2 2v2h1.5V2a.5.5 0 0 1 .5-.5h2V0H2Zm2 10.5H2a.5.5 0 0 1-.5-.5V8H0v2a2 2 0 0 0 2 2h2v-1.5ZM8 12v-1.5h2a.5.5 0 0 0 .5-.5V8H12v2a2 2 0 0 1-2 2H8Zm2-12a2 2 0 0 1 2 2v2h-1.5V2a.5.5 0 0 0-.5-.5H8V0h2Z\" \/>\n\t\t\t<\/svg>\n\t\t<\/button>\u00a0<\/figure>\r\n<p>Ao longo da hist\u00f3ria, l\u00edderes espirituais e pensadores t\u00eam destacado a import\u00e2ncia desse sentimento, enfatizando que, apesar das dificuldades, a f\u00e9 nos mant\u00e9m firmes e confiantes em nossos prop\u00f3sitos. No caso, a f\u00e9 n\u00e3o \u00e9 apenas uma cren\u00e7a passiva, mas sim uma for\u00e7a ativa que nos impulsiona a agir, a buscar e a lutar pelo que acreditamos ser certo.\u00a0<\/p>\r\n<h2>Motiva\u00e7\u00e3o que engaja\u00a0<\/h2>\r\n<p>\u00c9 a motiva\u00e7\u00e3o que leva indiv\u00edduos a se engajarem em causas maiores, a se tornarem agentes de mudan\u00e7a em suas comunidades. Em muitas culturas, a f\u00e9 tamb\u00e9m se manifesta atrav\u00e9s de rituais e tradi\u00e7\u00f5es que refor\u00e7am a import\u00e2ncia de acreditar, esses momentos coletivos servem para renovar o esp\u00edrito e reafirmar a comunidade em torno de um ideal comum.<\/p>\r\n<p>A f\u00e9, serve como um ant\u00eddoto contra o desespero, proporcionando um sentido de pertencimento e seguran\u00e7a. Em tempos de transforma\u00e7\u00f5es sociais e culturais, a f\u00e9 pode ser um porto seguro, um espa\u00e7o onde as pessoas se sentem acolhidas e compreendidas. N\u00e3o importa quais sejam as dificuldades enfrentadas, a f\u00e9 \u00e9 frequentemente o que mant\u00e9m as esperan\u00e7as vivas.<\/p>\r\n<p>Uma cren\u00e7a pode se manifestar de muitas formas &#8211; Na espiritualidade, na conex\u00e3o com a natureza, nas rela\u00e7\u00f5es interpessoais ou na busca do conhecimento. A f\u00e9 \u00e9 a base que nos permite enxergar al\u00e9m do presente, ajudando-nos a visualizar as possibilidades e a crer em um futuro promissor e repleto de oportunidades. \u00c9 a centelha que acende a paix\u00e3o pela vida e pela busca de um prop\u00f3sito significativo.\u00a0<\/p>\r\n\r\n\r\n\r\n\r\n\r\n<figure data-wp-context=\"{&quot;imageId&quot;:&quot;69fa4b370dada&quot;}\" data-wp-interactive=\"core\/image\" data-wp-key=\"69fa4b370dada\" class=\"wp-block-image size-large is-resized wp-lightbox-container\"><img loading=\"lazy\" decoding=\"async\" width=\"720\" height=\"720\" data-wp-class--hide=\"state.isContentHidden\" data-wp-class--show=\"state.isContentVisible\" data-wp-init=\"callbacks.setButtonStyles\" data-wp-on--click=\"actions.showLightbox\" data-wp-on--load=\"callbacks.setButtonStyles\" data-wp-on-window--resize=\"callbacks.setButtonStyles\" class=\"wp-image-4943\" style=\"width: 366px; height: auto;\" src=\"https:\/\/gloriadeus.com\/wp-content\/uploads\/2025\/03\/250111AMDIMG-16.jpg\" alt=\"A f\u00e9 \u00e9 o firme fundamento\" srcset=\"https:\/\/gloriadeus.com\/wp-content\/uploads\/2025\/03\/250111AMDIMG-16.jpg 720w, https:\/\/gloriadeus.com\/wp-content\/uploads\/2025\/03\/250111AMDIMG-16-300x300.jpg 300w, https:\/\/gloriadeus.com\/wp-content\/uploads\/2025\/03\/250111AMDIMG-16-150x150.jpg 150w\" sizes=\"auto, (max-width: 720px) 100vw, 720px\" \/><button\n\t\t\tclass=\"lightbox-trigger\"\n\t\t\ttype=\"button\"\n\t\t\taria-haspopup=\"dialog\"\n\t\t\taria-label=\"Ampliar\"\n\t\t\tdata-wp-init=\"callbacks.initTriggerButton\"\n\t\t\tdata-wp-on--click=\"actions.showLightbox\"\n\t\t\tdata-wp-style--right=\"state.imageButtonRight\"\n\t\t\tdata-wp-style--top=\"state.imageButtonTop\"\n\t\t>\n\t\t\t<svg xmlns=\"http:\/\/www.w3.org\/2000\/svg\" width=\"12\" height=\"12\" fill=\"none\" viewBox=\"0 0 12 12\">\n\t\t\t\t<path fill=\"#fff\" d=\"M2 0a2 2 0 0 0-2 2v2h1.5V2a.5.5 0 0 1 .5-.5h2V0H2Zm2 10.5H2a.5.5 0 0 1-.5-.5V8H0v2a2 2 0 0 0 2 2h2v-1.5ZM8 12v-1.5h2a.5.5 0 0 0 .5-.5V8H12v2a2 2 0 0 1-2 2H8Zm2-12a2 2 0 0 1 2 2v2h-1.5V2a.5.5 0 0 0-.5-.5H8V0h2Z\" \/>\n\t\t\t<\/svg>\n\t\t<\/button>\u00a0<\/figure>\r\n<p>Para muitos, a f\u00e9 \u00e9 uma jornada pessoal, repleta de altos e baixos, mas que sempre oferece li\u00e7\u00f5es valiosas. \u00c9 um lembrete constante de que, mesmo nos per\u00edodos mais dif\u00edceis, podemos achar for\u00e7as para superar desafios quando acreditamos que existe uma raz\u00e3o maior para nossas lutas. A f\u00e9 tamb\u00e9m se expressa no amor &#8211; Amar e ser amado pode ser um dos maiores exemplos de como a f\u00e9 se manifesta nas rela\u00e7\u00f5es humanas.\u00a0<\/p>\r\n<h2>Amor e bondade\u00a0<\/h2>\r\n<p>Esse amor resplandece em atos de bondade, compaix\u00e3o e compreens\u00e3o, criando uma rede de apoio que pode suavizar os fardos da vida. Ao cultivarmos a f\u00e9 em n\u00f3s mesmos e nos outros, fortalecemos n\u00e3o apenas nosso esp\u00edrito, mas tamb\u00e9m o la\u00e7o que nos une como humanidade. Em um mundo repleto de incertezas, a f\u00e9 nos oferece um senso de estabilidade e confian\u00e7a, onde podemos nos apoiar em algo que transcende as circunst\u00e2ncias temporais.<\/p>\r\n<p>Podemos ent\u00e3o compreender que a f\u00e9 n\u00e3o \u00e9 apenas um termo religioso, mas uma pr\u00e1tica universal que ressoa em cada cora\u00e7\u00e3o humano. Ela nos ensina a navegar pela vida com <a href=\"https:\/\/gloriadeus.com\/home\/com-fe-em-deus-vai-dar-tudo-certo\/\"><em>resili\u00eancia e coragem<\/em><\/a>, desafiando-nos a sermos melhores a cada dia.<\/p>\r\n<p>Entendemos ent\u00e3o que a f\u00e9 nos instiga a questionar, a buscar, a descobrir e, acima de tudo, a acreditar. Porque ter f\u00e9 \u00e9 saber que, independentemente das adversidades, tudo \u00e9 poss\u00edvel. \u00c9 a chama que deve ser mantida acesa dentro de n\u00f3s, pois a f\u00e9 \u00e9, verdadeiramente, o firme fundamento de tudo o que aspiramos e sonhamos.<\/p>\r\n\r\n\r\n","protected":false},"excerpt":{"rendered":"<p>A f\u00e9 \u00e9 o firme fundamento que sustenta a vida de milh\u00f5es de pessoas ao redor do mundo. \u00c9 um &hellip; <\/p>\n","protected":false},"author":1,"featured_media":4941,"parent":5900,"menu_order":0,"comment_status":"open","ping_status":"closed","template":"","meta":{"_uf_show_specific_survey":0,"_uf_disable_surveys":false,"footnotes":""},"class_list":["post-4939","page","type-page","status-publish","has-post-thumbnail","hentry"],"yoast_head":"<!-- This site is optimized with the Yoast SEO plugin v27.5 - https:\/\/yoast.com\/product\/yoast-seo-wordpress\/ -->\n<title>A f\u00e9 \u00e9 o firme fundamento - Gl\u00f3ria Deus<\/title>\n<meta name=\"robots\" content=\"index, follow, max-snippet:-1, max-image-preview:large, max-video-preview:-1\" \/>\n<link rel=\"canonical\" href=\"https:\/\/gloriadeus.com\/home\/fe-amor-pensamento-positivo-e-paz-para-a-semana-que-chega\/a-fe-e-o-firme-fundamento\/\" \/>\n<meta property=\"og:locale\" content=\"pt_BR\" \/>\n<meta property=\"og:type\" content=\"article\" \/>\n<meta property=\"og:title\" content=\"A f\u00e9 \u00e9 o firme fundamento - Gl\u00f3ria Deus\" \/>\n<meta property=\"og:description\" content=\"A f\u00e9 \u00e9 o firme fundamento que sustenta a vida de milh\u00f5es de pessoas ao redor do mundo. \u00c9 um &hellip;\" \/>\n<meta property=\"og:url\" content=\"https:\/\/gloriadeus.com\/home\/fe-amor-pensamento-positivo-e-paz-para-a-semana-que-chega\/a-fe-e-o-firme-fundamento\/\" \/>\n<meta property=\"og:site_name\" content=\"Gl\u00f3ria Deus\" \/>\n<meta property=\"article:modified_time\" content=\"2026-02-04T17:31:02+00:00\" \/>\n<meta property=\"og:image\" content=\"https:\/\/gloriadeus.com\/wp-content\/uploads\/2025\/03\/240906AMDIMG-22.jpg\" \/>\n\t<meta property=\"og:image:width\" content=\"888\" \/>\n\t<meta property=\"og:image:height\" content=\"575\" \/>\n\t<meta property=\"og:image:type\" content=\"image\/jpeg\" \/>\n<meta name=\"twitter:card\" content=\"summary_large_image\" \/>\n<meta name=\"twitter:label1\" content=\"Est. tempo de leitura\" \/>\n\t<meta name=\"twitter:data1\" content=\"6 minutos\" \/>\n<script type=\"application\/ld+json\" class=\"yoast-schema-graph\">{\"@context\":\"https:\\\/\\\/schema.org\",\"@graph\":[{\"@type\":\"WebPage\",\"@id\":\"https:\\\/\\\/gloriadeus.com\\\/home\\\/fe-amor-pensamento-positivo-e-paz-para-a-semana-que-chega\\\/a-fe-e-o-firme-fundamento\\\/\",\"url\":\"https:\\\/\\\/gloriadeus.com\\\/home\\\/fe-amor-pensamento-positivo-e-paz-para-a-semana-que-chega\\\/a-fe-e-o-firme-fundamento\\\/\",\"name\":\"A f\u00e9 \u00e9 o firme fundamento - Gl\u00f3ria Deus\",\"isPartOf\":{\"@id\":\"https:\\\/\\\/gloriadeus.com\\\/home\\\/#website\"},\"primaryImageOfPage\":{\"@id\":\"https:\\\/\\\/gloriadeus.com\\\/home\\\/fe-amor-pensamento-positivo-e-paz-para-a-semana-que-chega\\\/a-fe-e-o-firme-fundamento\\\/#primaryimage\"},\"image\":{\"@id\":\"https:\\\/\\\/gloriadeus.com\\\/home\\\/fe-amor-pensamento-positivo-e-paz-para-a-semana-que-chega\\\/a-fe-e-o-firme-fundamento\\\/#primaryimage\"},\"thumbnailUrl\":\"https:\\\/\\\/gloriadeus.com\\\/wp-content\\\/uploads\\\/2025\\\/03\\\/240906AMDIMG-22.jpg\",\"datePublished\":\"2026-01-07T17:34:16+00:00\",\"dateModified\":\"2026-02-04T17:31:02+00:00\",\"breadcrumb\":{\"@id\":\"https:\\\/\\\/gloriadeus.com\\\/home\\\/fe-amor-pensamento-positivo-e-paz-para-a-semana-que-chega\\\/a-fe-e-o-firme-fundamento\\\/#breadcrumb\"},\"inLanguage\":\"pt-BR\",\"potentialAction\":[{\"@type\":\"ReadAction\",\"target\":[\"https:\\\/\\\/gloriadeus.com\\\/home\\\/fe-amor-pensamento-positivo-e-paz-para-a-semana-que-chega\\\/a-fe-e-o-firme-fundamento\\\/\"]}]},{\"@type\":\"ImageObject\",\"inLanguage\":\"pt-BR\",\"@id\":\"https:\\\/\\\/gloriadeus.com\\\/home\\\/fe-amor-pensamento-positivo-e-paz-para-a-semana-que-chega\\\/a-fe-e-o-firme-fundamento\\\/#primaryimage\",\"url\":\"https:\\\/\\\/gloriadeus.com\\\/wp-content\\\/uploads\\\/2025\\\/03\\\/240906AMDIMG-22.jpg\",\"contentUrl\":\"https:\\\/\\\/gloriadeus.com\\\/wp-content\\\/uploads\\\/2025\\\/03\\\/240906AMDIMG-22.jpg\",\"width\":888,\"height\":575,\"caption\":\"A f\u00e9 \u00e9 o firme fundamento\"},{\"@type\":\"BreadcrumbList\",\"@id\":\"https:\\\/\\\/gloriadeus.com\\\/home\\\/fe-amor-pensamento-positivo-e-paz-para-a-semana-que-chega\\\/a-fe-e-o-firme-fundamento\\\/#breadcrumb\",\"itemListElement\":[{\"@type\":\"ListItem\",\"position\":1,\"name\":\"In\u00edcio\",\"item\":\"https:\\\/\\\/gloriadeus.com\\\/home\\\/\"},{\"@type\":\"ListItem\",\"position\":2,\"name\":\"F\u00e9, amor, pensamento positivo e paz para a semana que chega\",\"item\":\"https:\\\/\\\/gloriadeus.com\\\/home\\\/fe-amor-pensamento-positivo-e-paz-para-a-semana-que-chega\\\/\"},{\"@type\":\"ListItem\",\"position\":3,\"name\":\"A f\u00e9 \u00e9 o firme fundamento\"}]},{\"@type\":\"WebSite\",\"@id\":\"https:\\\/\\\/gloriadeus.com\\\/home\\\/#website\",\"url\":\"https:\\\/\\\/gloriadeus.com\\\/home\\\/\",\"name\":\"Gloria Deus\",\"description\":\"\u21a8 Deslize para descobrir mais \u21a8\",\"publisher\":{\"@id\":\"https:\\\/\\\/gloriadeus.com\\\/home\\\/#\\\/schema\\\/person\\\/ab2365ca8f87ea38e53ba3c2275e65c4\"},\"alternateName\":\"Muita f\u00e9\",\"potentialAction\":[{\"@type\":\"SearchAction\",\"target\":{\"@type\":\"EntryPoint\",\"urlTemplate\":\"https:\\\/\\\/gloriadeus.com\\\/home\\\/?s={search_term_string}\"},\"query-input\":{\"@type\":\"PropertyValueSpecification\",\"valueRequired\":true,\"valueName\":\"search_term_string\"}}],\"inLanguage\":\"pt-BR\"},{\"@type\":[\"Person\",\"Organization\"],\"@id\":\"https:\\\/\\\/gloriadeus.com\\\/home\\\/#\\\/schema\\\/person\\\/ab2365ca8f87ea38e53ba3c2275e65c4\",\"name\":\"gloriadeus.com\",\"image\":{\"@type\":\"ImageObject\",\"inLanguage\":\"pt-BR\",\"@id\":\"https:\\\/\\\/gloriadeus.com\\\/wp-content\\\/uploads\\\/2024\\\/03\\\/230525DDPNG-21.png\",\"url\":\"https:\\\/\\\/gloriadeus.com\\\/wp-content\\\/uploads\\\/2024\\\/03\\\/230525DDPNG-21.png\",\"contentUrl\":\"https:\\\/\\\/gloriadeus.com\\\/wp-content\\\/uploads\\\/2024\\\/03\\\/230525DDPNG-21.png\",\"width\":220,\"height\":230,\"caption\":\"gloriadeus.com\"},\"logo\":{\"@id\":\"https:\\\/\\\/gloriadeus.com\\\/wp-content\\\/uploads\\\/2024\\\/03\\\/230525DDPNG-21.png\"},\"sameAs\":[\"https:\\\/\\\/gloriadeus.com\"]}]}<\/script>\n<!-- \/ Yoast SEO plugin. -->","yoast_head_json":{"title":"A f\u00e9 \u00e9 o firme fundamento - Gl\u00f3ria Deus","robots":{"index":"index","follow":"follow","max-snippet":"max-snippet:-1","max-image-preview":"max-image-preview:large","max-video-preview":"max-video-preview:-1"},"canonical":"https:\/\/gloriadeus.com\/home\/fe-amor-pensamento-positivo-e-paz-para-a-semana-que-chega\/a-fe-e-o-firme-fundamento\/","og_locale":"pt_BR","og_type":"article","og_title":"A f\u00e9 \u00e9 o firme fundamento - Gl\u00f3ria Deus","og_description":"A f\u00e9 \u00e9 o firme fundamento que sustenta a vida de milh\u00f5es de pessoas ao redor do mundo. \u00c9 um &hellip;","og_url":"https:\/\/gloriadeus.com\/home\/fe-amor-pensamento-positivo-e-paz-para-a-semana-que-chega\/a-fe-e-o-firme-fundamento\/","og_site_name":"Gl\u00f3ria Deus","article_modified_time":"2026-02-04T17:31:02+00:00","og_image":[{"width":888,"height":575,"url":"https:\/\/gloriadeus.com\/wp-content\/uploads\/2025\/03\/240906AMDIMG-22.jpg","type":"image\/jpeg"}],"twitter_card":"summary_large_image","twitter_misc":{"Est. tempo de leitura":"6 minutos"},"schema":{"@context":"https:\/\/schema.org","@graph":[{"@type":"WebPage","@id":"https:\/\/gloriadeus.com\/home\/fe-amor-pensamento-positivo-e-paz-para-a-semana-que-chega\/a-fe-e-o-firme-fundamento\/","url":"https:\/\/gloriadeus.com\/home\/fe-amor-pensamento-positivo-e-paz-para-a-semana-que-chega\/a-fe-e-o-firme-fundamento\/","name":"A f\u00e9 \u00e9 o firme fundamento - Gl\u00f3ria Deus","isPartOf":{"@id":"https:\/\/gloriadeus.com\/home\/#website"},"primaryImageOfPage":{"@id":"https:\/\/gloriadeus.com\/home\/fe-amor-pensamento-positivo-e-paz-para-a-semana-que-chega\/a-fe-e-o-firme-fundamento\/#primaryimage"},"image":{"@id":"https:\/\/gloriadeus.com\/home\/fe-amor-pensamento-positivo-e-paz-para-a-semana-que-chega\/a-fe-e-o-firme-fundamento\/#primaryimage"},"thumbnailUrl":"https:\/\/gloriadeus.com\/wp-content\/uploads\/2025\/03\/240906AMDIMG-22.jpg","datePublished":"2026-01-07T17:34:16+00:00","dateModified":"2026-02-04T17:31:02+00:00","breadcrumb":{"@id":"https:\/\/gloriadeus.com\/home\/fe-amor-pensamento-positivo-e-paz-para-a-semana-que-chega\/a-fe-e-o-firme-fundamento\/#breadcrumb"},"inLanguage":"pt-BR","potentialAction":[{"@type":"ReadAction","target":["https:\/\/gloriadeus.com\/home\/fe-amor-pensamento-positivo-e-paz-para-a-semana-que-chega\/a-fe-e-o-firme-fundamento\/"]}]},{"@type":"ImageObject","inLanguage":"pt-BR","@id":"https:\/\/gloriadeus.com\/home\/fe-amor-pensamento-positivo-e-paz-para-a-semana-que-chega\/a-fe-e-o-firme-fundamento\/#primaryimage","url":"https:\/\/gloriadeus.com\/wp-content\/uploads\/2025\/03\/240906AMDIMG-22.jpg","contentUrl":"https:\/\/gloriadeus.com\/wp-content\/uploads\/2025\/03\/240906AMDIMG-22.jpg","width":888,"height":575,"caption":"A f\u00e9 \u00e9 o firme fundamento"},{"@type":"BreadcrumbList","@id":"https:\/\/gloriadeus.com\/home\/fe-amor-pensamento-positivo-e-paz-para-a-semana-que-chega\/a-fe-e-o-firme-fundamento\/#breadcrumb","itemListElement":[{"@type":"ListItem","position":1,"name":"In\u00edcio","item":"https:\/\/gloriadeus.com\/home\/"},{"@type":"ListItem","position":2,"name":"F\u00e9, amor, pensamento positivo e paz para a semana que chega","item":"https:\/\/gloriadeus.com\/home\/fe-amor-pensamento-positivo-e-paz-para-a-semana-que-chega\/"},{"@type":"ListItem","position":3,"name":"A f\u00e9 \u00e9 o firme fundamento"}]},{"@type":"WebSite","@id":"https:\/\/gloriadeus.com\/home\/#website","url":"https:\/\/gloriadeus.com\/home\/","name":"Gloria Deus","description":"\u21a8 Deslize para descobrir mais \u21a8","publisher":{"@id":"https:\/\/gloriadeus.com\/home\/#\/schema\/person\/ab2365ca8f87ea38e53ba3c2275e65c4"},"alternateName":"Muita f\u00e9","potentialAction":[{"@type":"SearchAction","target":{"@type":"EntryPoint","urlTemplate":"https:\/\/gloriadeus.com\/home\/?s={search_term_string}"},"query-input":{"@type":"PropertyValueSpecification","valueRequired":true,"valueName":"search_term_string"}}],"inLanguage":"pt-BR"},{"@type":["Person","Organization"],"@id":"https:\/\/gloriadeus.com\/home\/#\/schema\/person\/ab2365ca8f87ea38e53ba3c2275e65c4","name":"gloriadeus.com","image":{"@type":"ImageObject","inLanguage":"pt-BR","@id":"https:\/\/gloriadeus.com\/wp-content\/uploads\/2024\/03\/230525DDPNG-21.png","url":"https:\/\/gloriadeus.com\/wp-content\/uploads\/2024\/03\/230525DDPNG-21.png","contentUrl":"https:\/\/gloriadeus.com\/wp-content\/uploads\/2024\/03\/230525DDPNG-21.png","width":220,"height":230,"caption":"gloriadeus.com"},"logo":{"@id":"https:\/\/gloriadeus.com\/wp-content\/uploads\/2024\/03\/230525DDPNG-21.png"},"sameAs":["https:\/\/gloriadeus.com"]}]}},"_links":{"self":[{"href":"https:\/\/gloriadeus.com\/home\/wp-json\/wp\/v2\/pages\/4939","targetHints":{"allow":["GET"]}}],"collection":[{"href":"https:\/\/gloriadeus.com\/home\/wp-json\/wp\/v2\/pages"}],"about":[{"href":"https:\/\/gloriadeus.com\/home\/wp-json\/wp\/v2\/types\/page"}],"author":[{"embeddable":true,"href":"https:\/\/gloriadeus.com\/home\/wp-json\/wp\/v2\/users\/1"}],"replies":[{"embeddable":true,"href":"https:\/\/gloriadeus.com\/home\/wp-json\/wp\/v2\/comments?post=4939"}],"version-history":[{"count":8,"href":"https:\/\/gloriadeus.com\/home\/wp-json\/wp\/v2\/pages\/4939\/revisions"}],"predecessor-version":[{"id":10355,"href":"https:\/\/gloriadeus.com\/home\/wp-json\/wp\/v2\/pages\/4939\/revisions\/10355"}],"up":[{"embeddable":true,"href":"https:\/\/gloriadeus.com\/home\/wp-json\/wp\/v2\/pages\/5900"}],"wp:featuredmedia":[{"embeddable":true,"href":"https:\/\/gloriadeus.com\/home\/wp-json\/wp\/v2\/media\/4941"}],"wp:attachment":[{"href":"https:\/\/gloriadeus.com\/home\/wp-json\/wp\/v2\/media?parent=4939"}],"curies":[{"name":"wp","href":"https:\/\/api.w.org\/{rel}","templated":true}]}}