{"id":4933,"date":"2025-03-07T07:36:35","date_gmt":"2025-03-07T10:36:35","guid":{"rendered":"https:\/\/gloriadeus.com\/?page_id=4933"},"modified":"2026-04-30T19:31:22","modified_gmt":"2026-04-30T22:31:22","slug":"seguir-sempre-um-bom-exemplo-sempre","status":"publish","type":"page","link":"https:\/\/gloriadeus.com\/home\/seguir-sempre-um-bom-exemplo-sempre\/","title":{"rendered":"Seguir sempre um bom exemplo sempre"},"content":{"rendered":"<!-- subtitulo, palavra, paragrafo ok --> \r\n\r\n<figure data-wp-context=\"{&quot;imageId&quot;:&quot;69fa1792c3fef&quot;}\" data-wp-interactive=\"core\/image\" data-wp-key=\"69fa1792c3fef\" class=\"wp-block-image size-large is-resized wp-lightbox-container\"><img loading=\"lazy\" decoding=\"async\" width=\"405\" height=\"720\" data-wp-class--hide=\"state.isContentHidden\" data-wp-class--show=\"state.isContentVisible\" data-wp-init=\"callbacks.setButtonStyles\" data-wp-on--click=\"actions.showLightbox\" data-wp-on--load=\"callbacks.setButtonStyles\" data-wp-on-window--resize=\"callbacks.setButtonStyles\" class=\"wp-image-4935\" style=\"width: 230px; height: auto;\" src=\"https:\/\/gloriadeus.com\/wp-content\/uploads\/2025\/03\/240906AMDIMG-24.jpg\" alt=\"Seguir sempre um bom exemplo sempre \" srcset=\"https:\/\/gloriadeus.com\/wp-content\/uploads\/2025\/03\/240906AMDIMG-24.jpg 405w, https:\/\/gloriadeus.com\/wp-content\/uploads\/2025\/03\/240906AMDIMG-24-169x300.jpg 169w\" sizes=\"auto, (max-width: 405px) 100vw, 405px\" \/><button\n\t\t\tclass=\"lightbox-trigger\"\n\t\t\ttype=\"button\"\n\t\t\taria-haspopup=\"dialog\"\n\t\t\taria-label=\"Ampliar\"\n\t\t\tdata-wp-init=\"callbacks.initTriggerButton\"\n\t\t\tdata-wp-on--click=\"actions.showLightbox\"\n\t\t\tdata-wp-style--right=\"state.imageButtonRight\"\n\t\t\tdata-wp-style--top=\"state.imageButtonTop\"\n\t\t>\n\t\t\t<svg xmlns=\"http:\/\/www.w3.org\/2000\/svg\" width=\"12\" height=\"12\" fill=\"none\" viewBox=\"0 0 12 12\">\n\t\t\t\t<path fill=\"#fff\" d=\"M2 0a2 2 0 0 0-2 2v2h1.5V2a.5.5 0 0 1 .5-.5h2V0H2Zm2 10.5H2a.5.5 0 0 1-.5-.5V8H0v2a2 2 0 0 0 2 2h2v-1.5ZM8 12v-1.5h2a.5.5 0 0 0 .5-.5V8H12v2a2 2 0 0 1-2 2H8Zm2-12a2 2 0 0 1 2 2v2h-1.5V2a.5.5 0 0 0-.5-.5H8V0h2Z\" \/>\n\t\t\t<\/svg>\n\t\t<\/button><\/figure>\r\n\r\n\r\n\r\n<p>Sabe-se que Jesus Cristo \u00e9 considerado, podemos dizer, em todo o mundo ou quase, como o exemplo supremo para a humanidade, e essa afirma\u00e7\u00e3o \u00e9 respaldada por diversos aspectos de sua vida e ensinamentos. Sua palavra de amor transcendeu as barreiras do tempo e do espa\u00e7o, promovendo a compaix\u00e3o, que \u00e9 fundamental para as rela\u00e7\u00f5es humanas.\u00a0<\/p>\r\n<h2>Princ\u00edpios crist\u00e3os para viver uma vida exemplar e virtuosa<\/h2>\r\n<p>Ele pregou a import\u00e2ncia do amor ao pr\u00f3ximo, enfatizando que devemos tratar os outros da mesma forma que gostar\u00edamos de ser tratados.\u00a0Sua postura de inclusividade, ao se relacionar com marginalizados e pecadores, desafiou as normas sociais da \u00e9poca e continua a inspirar a aceita\u00e7\u00e3o e o respeito pela diversidade nos dias de hoje.<\/p>\r\n<p>Cristo tamb\u00e9m exemplificou o perd\u00e3o, mesmo em face da trai\u00e7\u00e3o e da injusti\u00e7a, mostrando que liberar o ressentimento \u00e9 uma forma poderosa de liberta\u00e7\u00e3o pessoal e coletiva. O ato de perdoar foi central em sua mensagem, refletindo a necessidade de cura nas rela\u00e7\u00f5es humanas.\u00a0<\/p>\r\n\r\n\r\n\r\n<figure data-wp-context=\"{&quot;imageId&quot;:&quot;69fa1792c42f7&quot;}\" data-wp-interactive=\"core\/image\" data-wp-key=\"69fa1792c42f7\" class=\"wp-block-image size-large is-resized wp-lightbox-container\"><img loading=\"lazy\" decoding=\"async\" width=\"411\" height=\"327\" data-wp-class--hide=\"state.isContentHidden\" data-wp-class--show=\"state.isContentVisible\" data-wp-init=\"callbacks.setButtonStyles\" data-wp-on--click=\"actions.showLightbox\" data-wp-on--load=\"callbacks.setButtonStyles\" data-wp-on-window--resize=\"callbacks.setButtonStyles\" class=\"wp-image-4934\" style=\"width: 290px; height: auto;\" src=\"https:\/\/gloriadeus.com\/wp-content\/uploads\/2025\/03\/240717DDIMG02.png\" alt=\"Seguir sempre um bom exemplo sempre \" srcset=\"https:\/\/gloriadeus.com\/wp-content\/uploads\/2025\/03\/240717DDIMG02.png 411w, https:\/\/gloriadeus.com\/wp-content\/uploads\/2025\/03\/240717DDIMG02-300x239.png 300w\" sizes=\"auto, (max-width: 411px) 100vw, 411px\" \/><button\n\t\t\tclass=\"lightbox-trigger\"\n\t\t\ttype=\"button\"\n\t\t\taria-haspopup=\"dialog\"\n\t\t\taria-label=\"Ampliar\"\n\t\t\tdata-wp-init=\"callbacks.initTriggerButton\"\n\t\t\tdata-wp-on--click=\"actions.showLightbox\"\n\t\t\tdata-wp-style--right=\"state.imageButtonRight\"\n\t\t\tdata-wp-style--top=\"state.imageButtonTop\"\n\t\t>\n\t\t\t<svg xmlns=\"http:\/\/www.w3.org\/2000\/svg\" width=\"12\" height=\"12\" fill=\"none\" viewBox=\"0 0 12 12\">\n\t\t\t\t<path fill=\"#fff\" d=\"M2 0a2 2 0 0 0-2 2v2h1.5V2a.5.5 0 0 1 .5-.5h2V0H2Zm2 10.5H2a.5.5 0 0 1-.5-.5V8H0v2a2 2 0 0 0 2 2h2v-1.5ZM8 12v-1.5h2a.5.5 0 0 0 .5-.5V8H12v2a2 2 0 0 1-2 2H8Zm2-12a2 2 0 0 1 2 2v2h-1.5V2a.5.5 0 0 0-.5-.5H8V0h2Z\" \/>\n\t\t\t<\/svg>\n\t\t<\/button>\u00a0<\/figure>\r\n<p>O seu compromisso com a verdade \u00e9 um ponto crucial, frequentemente confrontando autoridades religiosas e pol\u00edticas, o que evidencia a import\u00e2ncia da integridade e da justi\u00e7a. Sua vida foi marcada por a\u00e7\u00f5es concretas de servi\u00e7o aos outros, desde curar os enfermos at\u00e9 alimentar os famintos, oferecendo um modelo de altru\u00edsmo que ainda ecoa em iniciativas sociais e humanit\u00e1rias contempor\u00e2neas.<\/p>\r\n<h2>Como seguir o exemplo de Cristo para uma vida melhor\u00a0<\/h2>\r\n<p>\r\n\r\n<\/p>\r\n<p>Ele tamb\u00e9m abordou a quest\u00e3o da f\u00e9 e da espiritualidade, encorajando as pessoas a buscarem uma conex\u00e3o mais profunda com Deus, mostrando que a verdadeira espiritualidade est\u00e1 al\u00e9m das regras religiosas e se fundamenta em um relacionamento sincero e aut\u00eantico.<\/p>\r\n<p>O exemplo de Cristo n\u00e3o se limita ao seu papel como l\u00edder espiritual, mas se estende \u00e0 sua humanidade; ele experimentou dor, sofrimento e tenta\u00e7\u00e3o, tornando-se um modelo de resili\u00eancia e esperan\u00e7a para aqueles que enfrentam adversidades.\u00a0<\/p>\r\n\r\n\r\n\r\n<figure data-wp-context=\"{&quot;imageId&quot;:&quot;69fa1792c45c1&quot;}\" data-wp-interactive=\"core\/image\" data-wp-key=\"69fa1792c45c1\" class=\"wp-block-image size-large is-resized wp-lightbox-container\"><img loading=\"lazy\" decoding=\"async\" width=\"653\" height=\"653\" data-wp-class--hide=\"state.isContentHidden\" data-wp-class--show=\"state.isContentVisible\" data-wp-init=\"callbacks.setButtonStyles\" data-wp-on--click=\"actions.showLightbox\" data-wp-on--load=\"callbacks.setButtonStyles\" data-wp-on-window--resize=\"callbacks.setButtonStyles\" class=\"wp-image-4936\" style=\"width: 262px; height: auto;\" src=\"https:\/\/gloriadeus.com\/wp-content\/uploads\/2025\/03\/240906AMDIMG-29.jpg\" alt=\"Seguir sempre um bom exemplo sempre \" srcset=\"https:\/\/gloriadeus.com\/wp-content\/uploads\/2025\/03\/240906AMDIMG-29.jpg 653w, https:\/\/gloriadeus.com\/wp-content\/uploads\/2025\/03\/240906AMDIMG-29-300x300.jpg 300w, https:\/\/gloriadeus.com\/wp-content\/uploads\/2025\/03\/240906AMDIMG-29-150x150.jpg 150w\" sizes=\"auto, (max-width: 653px) 100vw, 653px\" \/><button\n\t\t\tclass=\"lightbox-trigger\"\n\t\t\ttype=\"button\"\n\t\t\taria-haspopup=\"dialog\"\n\t\t\taria-label=\"Ampliar\"\n\t\t\tdata-wp-init=\"callbacks.initTriggerButton\"\n\t\t\tdata-wp-on--click=\"actions.showLightbox\"\n\t\t\tdata-wp-style--right=\"state.imageButtonRight\"\n\t\t\tdata-wp-style--top=\"state.imageButtonTop\"\n\t\t>\n\t\t\t<svg xmlns=\"http:\/\/www.w3.org\/2000\/svg\" width=\"12\" height=\"12\" fill=\"none\" viewBox=\"0 0 12 12\">\n\t\t\t\t<path fill=\"#fff\" d=\"M2 0a2 2 0 0 0-2 2v2h1.5V2a.5.5 0 0 1 .5-.5h2V0H2Zm2 10.5H2a.5.5 0 0 1-.5-.5V8H0v2a2 2 0 0 0 2 2h2v-1.5ZM8 12v-1.5h2a.5.5 0 0 0 .5-.5V8H12v2a2 2 0 0 1-2 2H8Zm2-12a2 2 0 0 1 2 2v2h-1.5V2a.5.5 0 0 0-.5-.5H8V0h2Z\" \/>\n\t\t\t<\/svg>\n\t\t<\/button>\u00a0<\/figure>\r\n<p>Em sua trajet\u00f3ria, ele ensinou sobre a humildade e o valor de servir aos outros, desafiando a ideia de que a lideran\u00e7a \u00e9 sin\u00f4nimo de poder e controle. Ao contr\u00e1rio, Cristo mostrou que a verdadeira grandeza est\u00e1 em se colocar \u00e0 disposi\u00e7\u00e3o do pr\u00f3ximo. O seu sacrif\u00edcio final, simbolizado na crucifica\u00e7\u00e3o, \u00e9 visto como uma express\u00e3o m\u00e1xima de amor e solidariedade, um ato que trouxe esperan\u00e7a e reden\u00e7\u00e3o \u00e0 humanidade.\u00a0<\/p>\r\n<h2>Sigamos a Cristo no comportamento e na f\u00e9\u00a0<\/h2>\r\n<p>Os ensinamentos de Cristo sobre a import\u00e2ncia da paz interior e da serenidade em meio a tempestades emocionais e externas s\u00e3o universais e continuam a ressoar em contextos diversos.\u00a0Em um mundo cada vez mais dividido, sua mensagem de unidade e solidariedade \u00e9 um convite \u00e0 constru\u00e7\u00e3o de pontes entre diferentes culturas, religi\u00f5es e ideologias.<\/p>\r\n<p>A forma como ele desafiou o status quo e lutou contra a opress\u00e3o social \u00e9 um chamado \u00e0 a\u00e7\u00e3o para aqueles que aspiram a um mundo mais justo.\u00a0A empatia que ele demonstrou em suas intera\u00e7\u00f5es pessoais serve como um guia para cultivar relacionamentos saud\u00e1veis e significativos.\u00a0<\/p>\r\n<figure class=\"wp-block-image size-large is-resized\"><img loading=\"lazy\" decoding=\"async\" width=\"653\" height=\"653\" data-wp-class--hide=\"state.isContentHidden\" data-wp-class--show=\"state.isContentVisible\" data-wp-init=\"callbacks.setButtonStyles\" data-wp-on--click=\"actions.showLightbox\" data-wp-on--load=\"callbacks.setButtonStyles\" data-wp-on-window--resize=\"callbacks.setButtonStyles\" class=\"wp-image-4936\" style=\"width: 262px; height: auto;\" src=\"https:\/\/gloriadeus.com\/wp-content\/uploads\/2025\/03\/240906AMDIMG-29.jpg\" alt=\"Seguir sempre um bom exemplo sempre \" srcset=\"https:\/\/gloriadeus.com\/wp-content\/uploads\/2025\/03\/240906AMDIMG-29.jpg 653w, https:\/\/gloriadeus.com\/wp-content\/uploads\/2025\/03\/240906AMDIMG-29-300x300.jpg 300w, https:\/\/gloriadeus.com\/wp-content\/uploads\/2025\/03\/240906AMDIMG-29-150x150.jpg 150w\" sizes=\"auto, (max-width: 653px) 100vw, 653px\" \/><button\n\t\t\tclass=\"lightbox-trigger\"\n\t\t\ttype=\"button\"\n\t\t\taria-haspopup=\"dialog\"\n\t\t\taria-label=\"Ampliar\"\n\t\t\tdata-wp-init=\"callbacks.initTriggerButton\"\n\t\t\tdata-wp-on--click=\"actions.showLightbox\"\n\t\t\tdata-wp-style--right=\"state.imageButtonRight\"\n\t\t\tdata-wp-style--top=\"state.imageButtonTop\"\n\t\t>\n\t\t\t<svg xmlns=\"http:\/\/www.w3.org\/2000\/svg\" width=\"12\" height=\"12\" fill=\"none\" viewBox=\"0 0 12 12\">\n\t\t\t\t<path fill=\"#fff\" d=\"M2 0a2 2 0 0 0-2 2v2h1.5V2a.5.5 0 0 1 .5-.5h2V0H2Zm2 10.5H2a.5.5 0 0 1-.5-.5V8H0v2a2 2 0 0 0 2 2h2v-1.5ZM8 12v-1.5h2a.5.5 0 0 0 .5-.5V8H12v2a2 2 0 0 1-2 2H8Zm2-12a2 2 0 0 1 2 2v2h-1.5V2a.5.5 0 0 0-.5-.5H8V0h2Z\" \/>\n\t\t\t<\/svg>\n\t\t<\/button>\u00a0<\/figure>\r\n<p>Em um sentido mais amplo, a vis\u00e3o de mundo de Cristo, centrada no amor, no perd\u00e3o e na justi\u00e7a, proporciona uma estrutura \u00e9tica que pode guiar a sociedade em dire\u00e7\u00e3o a uma conviv\u00eancia harm\u00f4nica e respeitosa. Sua vida \u00e9 uma narrativa rica que exemplifica n\u00e3o apenas um ideal religioso, mas tamb\u00e9m um modelo de comportamento humano que transcende cren\u00e7as.\u00a0<\/p>\r\n<h2>Li\u00e7\u00f5es de Jesus Cristo para inspirar a\u00e7\u00f5es di\u00e1rias\u00a0<\/h2>\r\n<p>Seu legado perdura, enfatizando que cada um de n\u00f3s tem a capacidade de ser uma luz na vida do outro, e que o caminho para a verdadeira realiza\u00e7\u00e3o humana est\u00e1 enraizado no compromisso com o amor, a compaix\u00e3o e a busca incessante por justi\u00e7a e paz.\u00a0<\/p>\r\n<p>\u00c9 importante reconhecer que o impacto de Cristo na hist\u00f3ria da humanidade se estende al\u00e9m das fronteiras religiosas, inspirando movimentos de transforma\u00e7\u00e3o social, direitos humanos e justi\u00e7a em diversas culturas e contextos. Cristo continua a ser uma refer\u00eancia e uma <a href=\"https:\/\/gloriadeus.com\/home\/bencao-do-dia-como-comecar-cada-dia-com-proposito-gratidao-e-energia-positiva\/\" ><em>fonte de inspira\u00e7\u00e3o<\/em><\/a>, incitando as novas gera\u00e7\u00f5es a seguir seu exemplo e a trabalharem ativamente por um mundo melhor.<\/p>\r\n\r\n\r\n\r\n\r\n","protected":false},"excerpt":{"rendered":"<p>Sabe-se que Jesus Cristo \u00e9 considerado, podemos dizer, em todo o mundo ou quase, como o exemplo supremo para a &hellip; <\/p>\n","protected":false},"author":1,"featured_media":4935,"parent":0,"menu_order":0,"comment_status":"open","ping_status":"closed","template":"","meta":{"_uf_show_specific_survey":0,"_uf_disable_surveys":false,"footnotes":""},"class_list":["post-4933","page","type-page","status-publish","has-post-thumbnail","hentry"],"yoast_head":"<!-- This site is optimized with the Yoast SEO plugin v27.5 - https:\/\/yoast.com\/product\/yoast-seo-wordpress\/ -->\n<title>Seguir sempre um bom exemplo sempre - Gl\u00f3ria Deus<\/title>\n<meta name=\"robots\" content=\"index, follow, max-snippet:-1, max-image-preview:large, max-video-preview:-1\" \/>\n<link rel=\"canonical\" href=\"https:\/\/gloriadeus.com\/home\/seguir-sempre-um-bom-exemplo-sempre\/\" \/>\n<meta property=\"og:locale\" content=\"pt_BR\" \/>\n<meta property=\"og:type\" content=\"article\" \/>\n<meta property=\"og:title\" content=\"Seguir sempre um bom exemplo sempre - Gl\u00f3ria Deus\" \/>\n<meta property=\"og:description\" content=\"Sabe-se que Jesus Cristo \u00e9 considerado, podemos dizer, em todo o mundo ou quase, como o exemplo supremo para a &hellip;\" \/>\n<meta property=\"og:url\" content=\"https:\/\/gloriadeus.com\/home\/seguir-sempre-um-bom-exemplo-sempre\/\" \/>\n<meta property=\"og:site_name\" content=\"Gl\u00f3ria Deus\" \/>\n<meta property=\"article:modified_time\" content=\"2026-04-30T22:31:22+00:00\" \/>\n<meta property=\"og:image\" content=\"https:\/\/gloriadeus.com\/wp-content\/uploads\/2025\/03\/240906AMDIMG-24.jpg\" \/>\n\t<meta property=\"og:image:width\" content=\"405\" \/>\n\t<meta property=\"og:image:height\" content=\"720\" \/>\n\t<meta property=\"og:image:type\" content=\"image\/jpeg\" \/>\n<meta name=\"twitter:card\" content=\"summary_large_image\" \/>\n<meta name=\"twitter:label1\" content=\"Est. tempo de leitura\" \/>\n\t<meta name=\"twitter:data1\" content=\"5 minutos\" \/>\n<script type=\"application\/ld+json\" class=\"yoast-schema-graph\">{\"@context\":\"https:\\\/\\\/schema.org\",\"@graph\":[{\"@type\":\"WebPage\",\"@id\":\"https:\\\/\\\/gloriadeus.com\\\/home\\\/seguir-sempre-um-bom-exemplo-sempre\\\/\",\"url\":\"https:\\\/\\\/gloriadeus.com\\\/home\\\/seguir-sempre-um-bom-exemplo-sempre\\\/\",\"name\":\"Seguir sempre um bom exemplo sempre - Gl\u00f3ria Deus\",\"isPartOf\":{\"@id\":\"https:\\\/\\\/gloriadeus.com\\\/home\\\/#website\"},\"primaryImageOfPage\":{\"@id\":\"https:\\\/\\\/gloriadeus.com\\\/home\\\/seguir-sempre-um-bom-exemplo-sempre\\\/#primaryimage\"},\"image\":{\"@id\":\"https:\\\/\\\/gloriadeus.com\\\/home\\\/seguir-sempre-um-bom-exemplo-sempre\\\/#primaryimage\"},\"thumbnailUrl\":\"https:\\\/\\\/gloriadeus.com\\\/wp-content\\\/uploads\\\/2025\\\/03\\\/240906AMDIMG-24.jpg\",\"datePublished\":\"2025-03-07T10:36:35+00:00\",\"dateModified\":\"2026-04-30T22:31:22+00:00\",\"breadcrumb\":{\"@id\":\"https:\\\/\\\/gloriadeus.com\\\/home\\\/seguir-sempre-um-bom-exemplo-sempre\\\/#breadcrumb\"},\"inLanguage\":\"pt-BR\",\"potentialAction\":[{\"@type\":\"ReadAction\",\"target\":[\"https:\\\/\\\/gloriadeus.com\\\/home\\\/seguir-sempre-um-bom-exemplo-sempre\\\/\"]}]},{\"@type\":\"ImageObject\",\"inLanguage\":\"pt-BR\",\"@id\":\"https:\\\/\\\/gloriadeus.com\\\/home\\\/seguir-sempre-um-bom-exemplo-sempre\\\/#primaryimage\",\"url\":\"https:\\\/\\\/gloriadeus.com\\\/wp-content\\\/uploads\\\/2025\\\/03\\\/240906AMDIMG-24.jpg\",\"contentUrl\":\"https:\\\/\\\/gloriadeus.com\\\/wp-content\\\/uploads\\\/2025\\\/03\\\/240906AMDIMG-24.jpg\",\"width\":405,\"height\":720,\"caption\":\"Seguir sempre um bom exemplo sempre\"},{\"@type\":\"BreadcrumbList\",\"@id\":\"https:\\\/\\\/gloriadeus.com\\\/home\\\/seguir-sempre-um-bom-exemplo-sempre\\\/#breadcrumb\",\"itemListElement\":[{\"@type\":\"ListItem\",\"position\":1,\"name\":\"In\u00edcio\",\"item\":\"https:\\\/\\\/gloriadeus.com\\\/home\\\/\"},{\"@type\":\"ListItem\",\"position\":2,\"name\":\"Seguir sempre um bom exemplo sempre\"}]},{\"@type\":\"WebSite\",\"@id\":\"https:\\\/\\\/gloriadeus.com\\\/home\\\/#website\",\"url\":\"https:\\\/\\\/gloriadeus.com\\\/home\\\/\",\"name\":\"Gloria Deus\",\"description\":\"\u21a8 Deslize para descobrir mais \u21a8\",\"publisher\":{\"@id\":\"https:\\\/\\\/gloriadeus.com\\\/home\\\/#\\\/schema\\\/person\\\/ab2365ca8f87ea38e53ba3c2275e65c4\"},\"alternateName\":\"Muita f\u00e9\",\"potentialAction\":[{\"@type\":\"SearchAction\",\"target\":{\"@type\":\"EntryPoint\",\"urlTemplate\":\"https:\\\/\\\/gloriadeus.com\\\/home\\\/?s={search_term_string}\"},\"query-input\":{\"@type\":\"PropertyValueSpecification\",\"valueRequired\":true,\"valueName\":\"search_term_string\"}}],\"inLanguage\":\"pt-BR\"},{\"@type\":[\"Person\",\"Organization\"],\"@id\":\"https:\\\/\\\/gloriadeus.com\\\/home\\\/#\\\/schema\\\/person\\\/ab2365ca8f87ea38e53ba3c2275e65c4\",\"name\":\"gloriadeus.com\",\"image\":{\"@type\":\"ImageObject\",\"inLanguage\":\"pt-BR\",\"@id\":\"https:\\\/\\\/gloriadeus.com\\\/wp-content\\\/uploads\\\/2024\\\/03\\\/230525DDPNG-21.png\",\"url\":\"https:\\\/\\\/gloriadeus.com\\\/wp-content\\\/uploads\\\/2024\\\/03\\\/230525DDPNG-21.png\",\"contentUrl\":\"https:\\\/\\\/gloriadeus.com\\\/wp-content\\\/uploads\\\/2024\\\/03\\\/230525DDPNG-21.png\",\"width\":220,\"height\":230,\"caption\":\"gloriadeus.com\"},\"logo\":{\"@id\":\"https:\\\/\\\/gloriadeus.com\\\/wp-content\\\/uploads\\\/2024\\\/03\\\/230525DDPNG-21.png\"},\"sameAs\":[\"https:\\\/\\\/gloriadeus.com\"]}]}<\/script>\n<!-- \/ Yoast SEO plugin. -->","yoast_head_json":{"title":"Seguir sempre um bom exemplo sempre - Gl\u00f3ria Deus","robots":{"index":"index","follow":"follow","max-snippet":"max-snippet:-1","max-image-preview":"max-image-preview:large","max-video-preview":"max-video-preview:-1"},"canonical":"https:\/\/gloriadeus.com\/home\/seguir-sempre-um-bom-exemplo-sempre\/","og_locale":"pt_BR","og_type":"article","og_title":"Seguir sempre um bom exemplo sempre - Gl\u00f3ria Deus","og_description":"Sabe-se que Jesus Cristo \u00e9 considerado, podemos dizer, em todo o mundo ou quase, como o exemplo supremo para a &hellip;","og_url":"https:\/\/gloriadeus.com\/home\/seguir-sempre-um-bom-exemplo-sempre\/","og_site_name":"Gl\u00f3ria Deus","article_modified_time":"2026-04-30T22:31:22+00:00","og_image":[{"width":405,"height":720,"url":"https:\/\/gloriadeus.com\/wp-content\/uploads\/2025\/03\/240906AMDIMG-24.jpg","type":"image\/jpeg"}],"twitter_card":"summary_large_image","twitter_misc":{"Est. tempo de leitura":"5 minutos"},"schema":{"@context":"https:\/\/schema.org","@graph":[{"@type":"WebPage","@id":"https:\/\/gloriadeus.com\/home\/seguir-sempre-um-bom-exemplo-sempre\/","url":"https:\/\/gloriadeus.com\/home\/seguir-sempre-um-bom-exemplo-sempre\/","name":"Seguir sempre um bom exemplo sempre - Gl\u00f3ria Deus","isPartOf":{"@id":"https:\/\/gloriadeus.com\/home\/#website"},"primaryImageOfPage":{"@id":"https:\/\/gloriadeus.com\/home\/seguir-sempre-um-bom-exemplo-sempre\/#primaryimage"},"image":{"@id":"https:\/\/gloriadeus.com\/home\/seguir-sempre-um-bom-exemplo-sempre\/#primaryimage"},"thumbnailUrl":"https:\/\/gloriadeus.com\/wp-content\/uploads\/2025\/03\/240906AMDIMG-24.jpg","datePublished":"2025-03-07T10:36:35+00:00","dateModified":"2026-04-30T22:31:22+00:00","breadcrumb":{"@id":"https:\/\/gloriadeus.com\/home\/seguir-sempre-um-bom-exemplo-sempre\/#breadcrumb"},"inLanguage":"pt-BR","potentialAction":[{"@type":"ReadAction","target":["https:\/\/gloriadeus.com\/home\/seguir-sempre-um-bom-exemplo-sempre\/"]}]},{"@type":"ImageObject","inLanguage":"pt-BR","@id":"https:\/\/gloriadeus.com\/home\/seguir-sempre-um-bom-exemplo-sempre\/#primaryimage","url":"https:\/\/gloriadeus.com\/wp-content\/uploads\/2025\/03\/240906AMDIMG-24.jpg","contentUrl":"https:\/\/gloriadeus.com\/wp-content\/uploads\/2025\/03\/240906AMDIMG-24.jpg","width":405,"height":720,"caption":"Seguir sempre um bom exemplo sempre"},{"@type":"BreadcrumbList","@id":"https:\/\/gloriadeus.com\/home\/seguir-sempre-um-bom-exemplo-sempre\/#breadcrumb","itemListElement":[{"@type":"ListItem","position":1,"name":"In\u00edcio","item":"https:\/\/gloriadeus.com\/home\/"},{"@type":"ListItem","position":2,"name":"Seguir sempre um bom exemplo sempre"}]},{"@type":"WebSite","@id":"https:\/\/gloriadeus.com\/home\/#website","url":"https:\/\/gloriadeus.com\/home\/","name":"Gloria Deus","description":"\u21a8 Deslize para descobrir mais \u21a8","publisher":{"@id":"https:\/\/gloriadeus.com\/home\/#\/schema\/person\/ab2365ca8f87ea38e53ba3c2275e65c4"},"alternateName":"Muita f\u00e9","potentialAction":[{"@type":"SearchAction","target":{"@type":"EntryPoint","urlTemplate":"https:\/\/gloriadeus.com\/home\/?s={search_term_string}"},"query-input":{"@type":"PropertyValueSpecification","valueRequired":true,"valueName":"search_term_string"}}],"inLanguage":"pt-BR"},{"@type":["Person","Organization"],"@id":"https:\/\/gloriadeus.com\/home\/#\/schema\/person\/ab2365ca8f87ea38e53ba3c2275e65c4","name":"gloriadeus.com","image":{"@type":"ImageObject","inLanguage":"pt-BR","@id":"https:\/\/gloriadeus.com\/wp-content\/uploads\/2024\/03\/230525DDPNG-21.png","url":"https:\/\/gloriadeus.com\/wp-content\/uploads\/2024\/03\/230525DDPNG-21.png","contentUrl":"https:\/\/gloriadeus.com\/wp-content\/uploads\/2024\/03\/230525DDPNG-21.png","width":220,"height":230,"caption":"gloriadeus.com"},"logo":{"@id":"https:\/\/gloriadeus.com\/wp-content\/uploads\/2024\/03\/230525DDPNG-21.png"},"sameAs":["https:\/\/gloriadeus.com"]}]}},"_links":{"self":[{"href":"https:\/\/gloriadeus.com\/home\/wp-json\/wp\/v2\/pages\/4933","targetHints":{"allow":["GET"]}}],"collection":[{"href":"https:\/\/gloriadeus.com\/home\/wp-json\/wp\/v2\/pages"}],"about":[{"href":"https:\/\/gloriadeus.com\/home\/wp-json\/wp\/v2\/types\/page"}],"author":[{"embeddable":true,"href":"https:\/\/gloriadeus.com\/home\/wp-json\/wp\/v2\/users\/1"}],"replies":[{"embeddable":true,"href":"https:\/\/gloriadeus.com\/home\/wp-json\/wp\/v2\/comments?post=4933"}],"version-history":[{"count":9,"href":"https:\/\/gloriadeus.com\/home\/wp-json\/wp\/v2\/pages\/4933\/revisions"}],"predecessor-version":[{"id":11692,"href":"https:\/\/gloriadeus.com\/home\/wp-json\/wp\/v2\/pages\/4933\/revisions\/11692"}],"wp:featuredmedia":[{"embeddable":true,"href":"https:\/\/gloriadeus.com\/home\/wp-json\/wp\/v2\/media\/4935"}],"wp:attachment":[{"href":"https:\/\/gloriadeus.com\/home\/wp-json\/wp\/v2\/media?parent=4933"}],"curies":[{"name":"wp","href":"https:\/\/api.w.org\/{rel}","templated":true}]}}