{"id":4918,"date":"2026-01-07T07:02:55","date_gmt":"2026-01-07T10:02:55","guid":{"rendered":"https:\/\/gloriadeus.com\/?page_id=4918"},"modified":"2026-02-04T09:55:03","modified_gmt":"2026-02-04T12:55:03","slug":"o-que-mentalizar-ao-acordar-para-ter-um-otimo-dia","status":"publish","type":"page","link":"https:\/\/gloriadeus.com\/home\/o-que-mentalizar-ao-acordar-para-ter-um-otimo-dia\/","title":{"rendered":"O que mentalizar ao acordar para ter um \u00f3timo dia"},"content":{"rendered":"<!-- subtitulo, palavra, paragrafo ok -->\r\n\r\n\r\n<figure data-wp-context=\"{&quot;imageId&quot;:&quot;69fa4b39bec34&quot;}\" data-wp-interactive=\"core\/image\" data-wp-key=\"69fa4b39bec34\" class=\"wp-block-image size-large is-resized wp-lightbox-container\"><img loading=\"lazy\" decoding=\"async\" width=\"736\" height=\"896\" data-wp-class--hide=\"state.isContentHidden\" data-wp-class--show=\"state.isContentVisible\" data-wp-init=\"callbacks.setButtonStyles\" data-wp-on--click=\"actions.showLightbox\" data-wp-on--load=\"callbacks.setButtonStyles\" data-wp-on-window--resize=\"callbacks.setButtonStyles\" class=\"wp-image-4920\" style=\"width: 364px; height: auto;\" src=\"https:\/\/gloriadeus.com\/wp-content\/uploads\/2025\/03\/250111AMDIMG-26.jpg\" alt=\"O que mentalizar ao acordar para ter um \u00f3timo dia\" srcset=\"https:\/\/gloriadeus.com\/wp-content\/uploads\/2025\/03\/250111AMDIMG-26.jpg 736w, https:\/\/gloriadeus.com\/wp-content\/uploads\/2025\/03\/250111AMDIMG-26-246x300.jpg 246w\" sizes=\"auto, (max-width: 736px) 100vw, 736px\" \/><button\n\t\t\tclass=\"lightbox-trigger\"\n\t\t\ttype=\"button\"\n\t\t\taria-haspopup=\"dialog\"\n\t\t\taria-label=\"Ampliar\"\n\t\t\tdata-wp-init=\"callbacks.initTriggerButton\"\n\t\t\tdata-wp-on--click=\"actions.showLightbox\"\n\t\t\tdata-wp-style--right=\"state.imageButtonRight\"\n\t\t\tdata-wp-style--top=\"state.imageButtonTop\"\n\t\t>\n\t\t\t<svg xmlns=\"http:\/\/www.w3.org\/2000\/svg\" width=\"12\" height=\"12\" fill=\"none\" viewBox=\"0 0 12 12\">\n\t\t\t\t<path fill=\"#fff\" d=\"M2 0a2 2 0 0 0-2 2v2h1.5V2a.5.5 0 0 1 .5-.5h2V0H2Zm2 10.5H2a.5.5 0 0 1-.5-.5V8H0v2a2 2 0 0 0 2 2h2v-1.5ZM8 12v-1.5h2a.5.5 0 0 0 .5-.5V8H12v2a2 2 0 0 1-2 2H8Zm2-12a2 2 0 0 1 2 2v2h-1.5V2a.5.5 0 0 0-.5-.5H8V0h2Z\" \/>\n\t\t\t<\/svg>\n\t\t<\/button><\/figure>\r\n\r\n\r\n\r\n<p>Acordar com otimismo e f\u00e9 \u00e9 fundamental para garantir um dia cheio de prosperidade. Primeiramente, \u00e9 importante come\u00e7ar a manh\u00e3 com gratid\u00e3o, ao abrir os olhos, dedique alguns segundos para agradecer pelo novo dia, pela oportunidade de recome\u00e7ar e pelas pequenas coisas que trazem felicidade.\u00a0<\/p>\r\n<h2>Mentalizar uma energia positiva\u00a0<\/h2>\r\n<p>Em seguida, pratique a visualiza\u00e7\u00e3o positiva, imagine-se alcan\u00e7ando seus objetivos e sinta a emo\u00e7\u00e3o de conquistar o que deseja, isso ajuda a moldar sua realidade. Outra dica \u00e9 criar afirma\u00e7\u00f5es positivas, ao olhar no espelho, diga palavras que inspirem confian\u00e7a, como <em>sou capaz<\/em>, <em>mere\u00e7o o melhor<\/em> e <em>posso aproveitar muitas oportunidades positivas<\/em>.\u00a0<\/p>\r\n<p>Ap\u00f3s isso, uma breve medita\u00e7\u00e3o pode clarear a mente e fortalecer a conex\u00e3o com sua ess\u00eancia, mesmo que por alguns minutos, respire profundamente, foque no presente e deixe de lado preocupa\u00e7\u00f5es com o passado ou futuro. Considere estabelecer inten\u00e7\u00f5es claras para o dia, defina metas di\u00e1rias, sejam elas pequenas ou grandes, isso traz foco e dire\u00e7\u00e3o, aumentando a sensa\u00e7\u00e3o de prop\u00f3sito nas a\u00e7\u00f5es.\u00a0<\/p>\r\n\r\n\r\n\r\n<figure data-wp-context=\"{&quot;imageId&quot;:&quot;69fa4b39bf069&quot;}\" data-wp-interactive=\"core\/image\" data-wp-key=\"69fa4b39bf069\" class=\"wp-block-image size-large is-resized wp-lightbox-container\"><img loading=\"lazy\" decoding=\"async\" width=\"720\" height=\"894\" data-wp-class--hide=\"state.isContentHidden\" data-wp-class--show=\"state.isContentVisible\" data-wp-init=\"callbacks.setButtonStyles\" data-wp-on--click=\"actions.showLightbox\" data-wp-on--load=\"callbacks.setButtonStyles\" data-wp-on-window--resize=\"callbacks.setButtonStyles\" class=\"wp-image-4922\" style=\"width: 398px; height: auto;\" src=\"https:\/\/gloriadeus.com\/wp-content\/uploads\/2025\/03\/250111AMDIMG-32.jpg\" alt=\"O que mentalizar ao acordar para ter um \u00f3timo dia\" srcset=\"https:\/\/gloriadeus.com\/wp-content\/uploads\/2025\/03\/250111AMDIMG-32.jpg 720w, https:\/\/gloriadeus.com\/wp-content\/uploads\/2025\/03\/250111AMDIMG-32-242x300.jpg 242w\" sizes=\"auto, (max-width: 720px) 100vw, 720px\" \/><button\n\t\t\tclass=\"lightbox-trigger\"\n\t\t\ttype=\"button\"\n\t\t\taria-haspopup=\"dialog\"\n\t\t\taria-label=\"Ampliar\"\n\t\t\tdata-wp-init=\"callbacks.initTriggerButton\"\n\t\t\tdata-wp-on--click=\"actions.showLightbox\"\n\t\t\tdata-wp-style--right=\"state.imageButtonRight\"\n\t\t\tdata-wp-style--top=\"state.imageButtonTop\"\n\t\t>\n\t\t\t<svg xmlns=\"http:\/\/www.w3.org\/2000\/svg\" width=\"12\" height=\"12\" fill=\"none\" viewBox=\"0 0 12 12\">\n\t\t\t\t<path fill=\"#fff\" d=\"M2 0a2 2 0 0 0-2 2v2h1.5V2a.5.5 0 0 1 .5-.5h2V0H2Zm2 10.5H2a.5.5 0 0 1-.5-.5V8H0v2a2 2 0 0 0 2 2h2v-1.5ZM8 12v-1.5h2a.5.5 0 0 0 .5-.5V8H12v2a2 2 0 0 1-2 2H8Zm2-12a2 2 0 0 1 2 2v2h-1.5V2a.5.5 0 0 0-.5-.5H8V0h2Z\" \/>\n\t\t\t<\/svg>\n\t\t<\/button>\u00a0<\/figure>\r\n<p>Um ponto importante \u00e9 cercar-se de energias positivas, escute m\u00fasicas que elevem seu esp\u00edrito e leia mensagens inspiradoras que conectem sua mente a sentimentos de esperan\u00e7a e alegria.\u00a0<\/p>\r\n<h2>Pratique exerc\u00edcios f\u00edficos\u00a0<\/h2>\r\n<p>A pr\u00e1tica de exerc\u00edcios f\u00edsicos logo pela manh\u00e3 pode melhorar n\u00e3o apenas a sa\u00fade, mas tamb\u00e9m a disposi\u00e7\u00e3o mental, liberando endorfinas que promovem uma sensa\u00e7\u00e3o de bem-estar e motiva\u00e7\u00e3o. Foi comprovado que a natureza tem um efeito revitalizante, se poss\u00edvel, passe alguns minutos ao ar livre, aproveitando o contato com a luz do sol e os sons relaxantes do ambiente natural.\u00a0<\/p>\r\n<p>\u00c9 igualmente v\u00e1lido manter um di\u00e1rio de gratid\u00e3o, anotar diariamente tr\u00eas coisas pelas quais voc\u00ea \u00e9 grato pode ajustar sua perspectiva e ampliar seu otimismo, mesmo em dias dif\u00edceis.\u00a0N\u00e3o se esque\u00e7a de cultivar relacionamentos positivos, ao interagir com pessoas que transmitem energia boa e apoio, voc\u00ea fortalece seu pr\u00f3prio otimismo.\u00a0<\/p>\r\n\r\n\r\n\r\n<figure class=\"wp-block-image size-large is-resized\"><img loading=\"lazy\" decoding=\"async\" width=\"564\" height=\"547\" class=\"wp-image-4919\" style=\"width: 341px; height: auto;\" src=\"https:\/\/gloriadeus.com\/wp-content\/uploads\/2025\/03\/231208DDIMG01.jpg\" alt=\"O que mentalizar ao acordar para ter um \u00f3timo dia\" srcset=\"https:\/\/gloriadeus.com\/wp-content\/uploads\/2025\/03\/231208DDIMG01.jpg 564w, https:\/\/gloriadeus.com\/wp-content\/uploads\/2025\/03\/231208DDIMG01-300x291.jpg 300w\" sizes=\"auto, (max-width: 564px) 100vw, 564px\" \/>\u00a0<\/figure>\r\n<p>Reserve um tempo para si mesmo, seja lendo um livro que voc\u00ea adore ou simplesmente desfrutando de uma x\u00edcara de caf\u00e9, esse autocuidado \u00e9 essencial para come\u00e7ar o dia bem. Manter um ambiente agradavelmente organizado e limpo tamb\u00e9m ajuda a tranquilizar a mente e aumenta a produtividade.\u00a0<\/p>\r\n<h2>Fa\u00e7a trabalhos volunt\u00e1rios\u00a0<\/h2>\r\n<p>Trabalho volunt\u00e1rio ou atos de bondade podem ser uma fonte inestim\u00e1vel de felicidade, ajudar os outros \u00e9 uma maneira poderosa de erguer seu esp\u00edrito e gerar um impacto positivo no mundo. Lembre-se de que os desafios s\u00e3o oportunidades de crescimento, adote uma mentalidade que veja as dificuldades como li\u00e7\u00f5es a serem aprendidas, e n\u00e3o como barreiras intranspon\u00edveis.<\/p>\r\n<p>Ao longo do dia, fa\u00e7a pausas regulares, se parar por alguns instantes para respirar e recarregar as energias pode fazer uma diferen\u00e7a significativa em seu n\u00edvel de energia e disposi\u00e7\u00e3o para enfrentar tarefas. Utilize a t\u00e9cnica do pensamento positivo, ao se deparar com uma situa\u00e7\u00e3o desafiadora, questione-se sobre o que voc\u00ea pode aprender com isso e como pode usar essa experi\u00eancia para evoluir.<\/p>\r\n\r\n\r\n\r\n<figure class=\"wp-block-image size-large is-resized\"><img loading=\"lazy\" decoding=\"async\" width=\"736\" height=\"920\" class=\"wp-image-4921\" style=\"width: 344px; height: auto;\" src=\"https:\/\/gloriadeus.com\/wp-content\/uploads\/2025\/03\/250111AMDIMG-11.jpg\" alt=\"O que mentalizar ao acordar para ter um \u00f3timo dia\" srcset=\"https:\/\/gloriadeus.com\/wp-content\/uploads\/2025\/03\/250111AMDIMG-11.jpg 736w, https:\/\/gloriadeus.com\/wp-content\/uploads\/2025\/03\/250111AMDIMG-11-240x300.jpg 240w\" sizes=\"auto, (max-width: 736px) 100vw, 736px\" \/>\u00a0<\/figure>\r\n\r\n\r\n\r\n<p>Mantenha uma garrafinha de \u00e1gua sempre \u00e0 m\u00e3o, a hidrata\u00e7\u00e3o adequada \u00e9 crucial para o bem-estar f\u00edsico e mental, permitindo que voc\u00ea mantenha a clareza de pensamento durante todo o dia. Ao se preparar para dormir, reflita sobre os pontos positivos que aconteceram, isso ajudar\u00e1 a desenvolver um padr\u00e3o mental otimista e a consolidar as boas experi\u00eancias, tornando mais f\u00e1cil acordar inspirado e pronto para um novo dia.\u00a0<\/p>\r\n<h2>Afirme cita\u00e7\u00f5es otimistas\u00a0<\/h2>\r\n<p>Tenha sempre por perto um mantra ou uma frase que possa acalmar sua mente e estimular seu cora\u00e7\u00e3o, quando a vida se tornar desafiadora, essas palavras podem servir como um \u00e2nimo instant\u00e2neo, trazendo \u00e0 tona sua for\u00e7a interior. Lembre-se, cada dia \u00e9 uma nova oportunidade de florescer, e ao mentalizar positividade e f\u00e9 ao acordar, voc\u00ea se abre para receber as b\u00ean\u00e7\u00e3os que a vida tem a oferecer.<\/p>\r\n<p>A jornada em busca da prosperidade come\u00e7a com a mentalidade certa, portanto, valorize cada passo dado e celebre suas pequenas conquistas, pois elas s\u00e3o fundamentais para o crescimento cont\u00ednuo.<\/p>\r\n<p>Viver com otimismo e f\u00e9, ao fazer isso diariamente, n\u00e3o s\u00f3 transforma suas manh\u00e3s, mas tamb\u00e9m tem o potencial de mudar completamente a sua vida, criando um c\u00edrculo virtuoso onde o bem-estar e a prosperidade se alimentam mutuamente, trazendo uma incr\u00edvel sensa\u00e7\u00e3o de realiza\u00e7\u00e3o e satisfa\u00e7\u00e3o em cada instante.<\/p>\r\n<p>Lembre-se de que voc\u00ea \u00e9 o criador da sua realidade, a atitude que voc\u00ea escolhe ter ao despertar pode ser a chave para abrir portas e oportunidades que, muitas vezes, est\u00e3o mais pr\u00f3ximas do que voc\u00ea imagina.<\/p>\r\n","protected":false},"excerpt":{"rendered":"<p>Acordar com otimismo e f\u00e9 \u00e9 fundamental para garantir um dia cheio de prosperidade. Primeiramente, \u00e9 importante come\u00e7ar a manh\u00e3 &hellip; <\/p>\n","protected":false},"author":1,"featured_media":4920,"parent":0,"menu_order":0,"comment_status":"open","ping_status":"closed","template":"","meta":{"_uf_show_specific_survey":0,"_uf_disable_surveys":false,"footnotes":""},"class_list":["post-4918","page","type-page","status-publish","has-post-thumbnail","hentry"],"yoast_head":"<!-- This site is optimized with the Yoast SEO plugin v27.5 - https:\/\/yoast.com\/product\/yoast-seo-wordpress\/ -->\n<title>O que mentalizar ao acordar para ter um \u00f3timo dia - Gl\u00f3ria Deus<\/title>\n<meta name=\"robots\" content=\"index, follow, max-snippet:-1, max-image-preview:large, max-video-preview:-1\" \/>\n<link rel=\"canonical\" href=\"https:\/\/gloriadeus.com\/home\/o-que-mentalizar-ao-acordar-para-ter-um-otimo-dia\/\" \/>\n<meta property=\"og:locale\" content=\"pt_BR\" \/>\n<meta property=\"og:type\" content=\"article\" \/>\n<meta property=\"og:title\" content=\"O que mentalizar ao acordar para ter um \u00f3timo dia - Gl\u00f3ria Deus\" \/>\n<meta property=\"og:description\" content=\"Acordar com otimismo e f\u00e9 \u00e9 fundamental para garantir um dia cheio de prosperidade. Primeiramente, \u00e9 importante come\u00e7ar a manh\u00e3 &hellip;\" \/>\n<meta property=\"og:url\" content=\"https:\/\/gloriadeus.com\/home\/o-que-mentalizar-ao-acordar-para-ter-um-otimo-dia\/\" \/>\n<meta property=\"og:site_name\" content=\"Gl\u00f3ria Deus\" \/>\n<meta property=\"article:modified_time\" content=\"2026-02-04T12:55:03+00:00\" \/>\n<meta property=\"og:image\" content=\"https:\/\/gloriadeus.com\/wp-content\/uploads\/2025\/03\/250111AMDIMG-26.jpg\" \/>\n\t<meta property=\"og:image:width\" content=\"736\" \/>\n\t<meta property=\"og:image:height\" content=\"896\" \/>\n\t<meta property=\"og:image:type\" content=\"image\/jpeg\" \/>\n<meta name=\"twitter:card\" content=\"summary_large_image\" \/>\n<meta name=\"twitter:label1\" content=\"Est. tempo de leitura\" \/>\n\t<meta name=\"twitter:data1\" content=\"6 minutos\" \/>\n<script type=\"application\/ld+json\" class=\"yoast-schema-graph\">{\"@context\":\"https:\\\/\\\/schema.org\",\"@graph\":[{\"@type\":\"WebPage\",\"@id\":\"https:\\\/\\\/gloriadeus.com\\\/home\\\/o-que-mentalizar-ao-acordar-para-ter-um-otimo-dia\\\/\",\"url\":\"https:\\\/\\\/gloriadeus.com\\\/home\\\/o-que-mentalizar-ao-acordar-para-ter-um-otimo-dia\\\/\",\"name\":\"O que mentalizar ao acordar para ter um \u00f3timo dia - Gl\u00f3ria Deus\",\"isPartOf\":{\"@id\":\"https:\\\/\\\/gloriadeus.com\\\/home\\\/#website\"},\"primaryImageOfPage\":{\"@id\":\"https:\\\/\\\/gloriadeus.com\\\/home\\\/o-que-mentalizar-ao-acordar-para-ter-um-otimo-dia\\\/#primaryimage\"},\"image\":{\"@id\":\"https:\\\/\\\/gloriadeus.com\\\/home\\\/o-que-mentalizar-ao-acordar-para-ter-um-otimo-dia\\\/#primaryimage\"},\"thumbnailUrl\":\"https:\\\/\\\/gloriadeus.com\\\/wp-content\\\/uploads\\\/2025\\\/03\\\/250111AMDIMG-26.jpg\",\"datePublished\":\"2026-01-07T10:02:55+00:00\",\"dateModified\":\"2026-02-04T12:55:03+00:00\",\"breadcrumb\":{\"@id\":\"https:\\\/\\\/gloriadeus.com\\\/home\\\/o-que-mentalizar-ao-acordar-para-ter-um-otimo-dia\\\/#breadcrumb\"},\"inLanguage\":\"pt-BR\",\"potentialAction\":[{\"@type\":\"ReadAction\",\"target\":[\"https:\\\/\\\/gloriadeus.com\\\/home\\\/o-que-mentalizar-ao-acordar-para-ter-um-otimo-dia\\\/\"]}]},{\"@type\":\"ImageObject\",\"inLanguage\":\"pt-BR\",\"@id\":\"https:\\\/\\\/gloriadeus.com\\\/home\\\/o-que-mentalizar-ao-acordar-para-ter-um-otimo-dia\\\/#primaryimage\",\"url\":\"https:\\\/\\\/gloriadeus.com\\\/wp-content\\\/uploads\\\/2025\\\/03\\\/250111AMDIMG-26.jpg\",\"contentUrl\":\"https:\\\/\\\/gloriadeus.com\\\/wp-content\\\/uploads\\\/2025\\\/03\\\/250111AMDIMG-26.jpg\",\"width\":736,\"height\":896,\"caption\":\"O que mentalizar ao acordar para ter um \u00f3timo dia\"},{\"@type\":\"BreadcrumbList\",\"@id\":\"https:\\\/\\\/gloriadeus.com\\\/home\\\/o-que-mentalizar-ao-acordar-para-ter-um-otimo-dia\\\/#breadcrumb\",\"itemListElement\":[{\"@type\":\"ListItem\",\"position\":1,\"name\":\"In\u00edcio\",\"item\":\"https:\\\/\\\/gloriadeus.com\\\/home\\\/\"},{\"@type\":\"ListItem\",\"position\":2,\"name\":\"O que mentalizar ao acordar para ter um \u00f3timo dia\"}]},{\"@type\":\"WebSite\",\"@id\":\"https:\\\/\\\/gloriadeus.com\\\/home\\\/#website\",\"url\":\"https:\\\/\\\/gloriadeus.com\\\/home\\\/\",\"name\":\"Gloria Deus\",\"description\":\"\u21a8 Deslize para descobrir mais \u21a8\",\"publisher\":{\"@id\":\"https:\\\/\\\/gloriadeus.com\\\/home\\\/#\\\/schema\\\/person\\\/ab2365ca8f87ea38e53ba3c2275e65c4\"},\"alternateName\":\"Muita f\u00e9\",\"potentialAction\":[{\"@type\":\"SearchAction\",\"target\":{\"@type\":\"EntryPoint\",\"urlTemplate\":\"https:\\\/\\\/gloriadeus.com\\\/home\\\/?s={search_term_string}\"},\"query-input\":{\"@type\":\"PropertyValueSpecification\",\"valueRequired\":true,\"valueName\":\"search_term_string\"}}],\"inLanguage\":\"pt-BR\"},{\"@type\":[\"Person\",\"Organization\"],\"@id\":\"https:\\\/\\\/gloriadeus.com\\\/home\\\/#\\\/schema\\\/person\\\/ab2365ca8f87ea38e53ba3c2275e65c4\",\"name\":\"gloriadeus.com\",\"image\":{\"@type\":\"ImageObject\",\"inLanguage\":\"pt-BR\",\"@id\":\"https:\\\/\\\/gloriadeus.com\\\/wp-content\\\/uploads\\\/2024\\\/03\\\/230525DDPNG-21.png\",\"url\":\"https:\\\/\\\/gloriadeus.com\\\/wp-content\\\/uploads\\\/2024\\\/03\\\/230525DDPNG-21.png\",\"contentUrl\":\"https:\\\/\\\/gloriadeus.com\\\/wp-content\\\/uploads\\\/2024\\\/03\\\/230525DDPNG-21.png\",\"width\":220,\"height\":230,\"caption\":\"gloriadeus.com\"},\"logo\":{\"@id\":\"https:\\\/\\\/gloriadeus.com\\\/wp-content\\\/uploads\\\/2024\\\/03\\\/230525DDPNG-21.png\"},\"sameAs\":[\"https:\\\/\\\/gloriadeus.com\"]}]}<\/script>\n<!-- \/ Yoast SEO plugin. -->","yoast_head_json":{"title":"O que mentalizar ao acordar para ter um \u00f3timo dia - Gl\u00f3ria Deus","robots":{"index":"index","follow":"follow","max-snippet":"max-snippet:-1","max-image-preview":"max-image-preview:large","max-video-preview":"max-video-preview:-1"},"canonical":"https:\/\/gloriadeus.com\/home\/o-que-mentalizar-ao-acordar-para-ter-um-otimo-dia\/","og_locale":"pt_BR","og_type":"article","og_title":"O que mentalizar ao acordar para ter um \u00f3timo dia - Gl\u00f3ria Deus","og_description":"Acordar com otimismo e f\u00e9 \u00e9 fundamental para garantir um dia cheio de prosperidade. Primeiramente, \u00e9 importante come\u00e7ar a manh\u00e3 &hellip;","og_url":"https:\/\/gloriadeus.com\/home\/o-que-mentalizar-ao-acordar-para-ter-um-otimo-dia\/","og_site_name":"Gl\u00f3ria Deus","article_modified_time":"2026-02-04T12:55:03+00:00","og_image":[{"width":736,"height":896,"url":"https:\/\/gloriadeus.com\/wp-content\/uploads\/2025\/03\/250111AMDIMG-26.jpg","type":"image\/jpeg"}],"twitter_card":"summary_large_image","twitter_misc":{"Est. tempo de leitura":"6 minutos"},"schema":{"@context":"https:\/\/schema.org","@graph":[{"@type":"WebPage","@id":"https:\/\/gloriadeus.com\/home\/o-que-mentalizar-ao-acordar-para-ter-um-otimo-dia\/","url":"https:\/\/gloriadeus.com\/home\/o-que-mentalizar-ao-acordar-para-ter-um-otimo-dia\/","name":"O que mentalizar ao acordar para ter um \u00f3timo dia - Gl\u00f3ria Deus","isPartOf":{"@id":"https:\/\/gloriadeus.com\/home\/#website"},"primaryImageOfPage":{"@id":"https:\/\/gloriadeus.com\/home\/o-que-mentalizar-ao-acordar-para-ter-um-otimo-dia\/#primaryimage"},"image":{"@id":"https:\/\/gloriadeus.com\/home\/o-que-mentalizar-ao-acordar-para-ter-um-otimo-dia\/#primaryimage"},"thumbnailUrl":"https:\/\/gloriadeus.com\/wp-content\/uploads\/2025\/03\/250111AMDIMG-26.jpg","datePublished":"2026-01-07T10:02:55+00:00","dateModified":"2026-02-04T12:55:03+00:00","breadcrumb":{"@id":"https:\/\/gloriadeus.com\/home\/o-que-mentalizar-ao-acordar-para-ter-um-otimo-dia\/#breadcrumb"},"inLanguage":"pt-BR","potentialAction":[{"@type":"ReadAction","target":["https:\/\/gloriadeus.com\/home\/o-que-mentalizar-ao-acordar-para-ter-um-otimo-dia\/"]}]},{"@type":"ImageObject","inLanguage":"pt-BR","@id":"https:\/\/gloriadeus.com\/home\/o-que-mentalizar-ao-acordar-para-ter-um-otimo-dia\/#primaryimage","url":"https:\/\/gloriadeus.com\/wp-content\/uploads\/2025\/03\/250111AMDIMG-26.jpg","contentUrl":"https:\/\/gloriadeus.com\/wp-content\/uploads\/2025\/03\/250111AMDIMG-26.jpg","width":736,"height":896,"caption":"O que mentalizar ao acordar para ter um \u00f3timo dia"},{"@type":"BreadcrumbList","@id":"https:\/\/gloriadeus.com\/home\/o-que-mentalizar-ao-acordar-para-ter-um-otimo-dia\/#breadcrumb","itemListElement":[{"@type":"ListItem","position":1,"name":"In\u00edcio","item":"https:\/\/gloriadeus.com\/home\/"},{"@type":"ListItem","position":2,"name":"O que mentalizar ao acordar para ter um \u00f3timo dia"}]},{"@type":"WebSite","@id":"https:\/\/gloriadeus.com\/home\/#website","url":"https:\/\/gloriadeus.com\/home\/","name":"Gloria Deus","description":"\u21a8 Deslize para descobrir mais \u21a8","publisher":{"@id":"https:\/\/gloriadeus.com\/home\/#\/schema\/person\/ab2365ca8f87ea38e53ba3c2275e65c4"},"alternateName":"Muita f\u00e9","potentialAction":[{"@type":"SearchAction","target":{"@type":"EntryPoint","urlTemplate":"https:\/\/gloriadeus.com\/home\/?s={search_term_string}"},"query-input":{"@type":"PropertyValueSpecification","valueRequired":true,"valueName":"search_term_string"}}],"inLanguage":"pt-BR"},{"@type":["Person","Organization"],"@id":"https:\/\/gloriadeus.com\/home\/#\/schema\/person\/ab2365ca8f87ea38e53ba3c2275e65c4","name":"gloriadeus.com","image":{"@type":"ImageObject","inLanguage":"pt-BR","@id":"https:\/\/gloriadeus.com\/wp-content\/uploads\/2024\/03\/230525DDPNG-21.png","url":"https:\/\/gloriadeus.com\/wp-content\/uploads\/2024\/03\/230525DDPNG-21.png","contentUrl":"https:\/\/gloriadeus.com\/wp-content\/uploads\/2024\/03\/230525DDPNG-21.png","width":220,"height":230,"caption":"gloriadeus.com"},"logo":{"@id":"https:\/\/gloriadeus.com\/wp-content\/uploads\/2024\/03\/230525DDPNG-21.png"},"sameAs":["https:\/\/gloriadeus.com"]}]}},"_links":{"self":[{"href":"https:\/\/gloriadeus.com\/home\/wp-json\/wp\/v2\/pages\/4918","targetHints":{"allow":["GET"]}}],"collection":[{"href":"https:\/\/gloriadeus.com\/home\/wp-json\/wp\/v2\/pages"}],"about":[{"href":"https:\/\/gloriadeus.com\/home\/wp-json\/wp\/v2\/types\/page"}],"author":[{"embeddable":true,"href":"https:\/\/gloriadeus.com\/home\/wp-json\/wp\/v2\/users\/1"}],"replies":[{"embeddable":true,"href":"https:\/\/gloriadeus.com\/home\/wp-json\/wp\/v2\/comments?post=4918"}],"version-history":[{"count":9,"href":"https:\/\/gloriadeus.com\/home\/wp-json\/wp\/v2\/pages\/4918\/revisions"}],"predecessor-version":[{"id":10308,"href":"https:\/\/gloriadeus.com\/home\/wp-json\/wp\/v2\/pages\/4918\/revisions\/10308"}],"wp:featuredmedia":[{"embeddable":true,"href":"https:\/\/gloriadeus.com\/home\/wp-json\/wp\/v2\/media\/4920"}],"wp:attachment":[{"href":"https:\/\/gloriadeus.com\/home\/wp-json\/wp\/v2\/media?parent=4918"}],"curies":[{"name":"wp","href":"https:\/\/api.w.org\/{rel}","templated":true}]}}