{"id":4901,"date":"2026-01-07T06:19:24","date_gmt":"2026-01-07T09:19:24","guid":{"rendered":"https:\/\/gloriadeus.com\/?page_id=4901"},"modified":"2026-02-06T04:55:24","modified_gmt":"2026-02-06T07:55:24","slug":"dica-para-afastar-mas-energias","status":"publish","type":"page","link":"https:\/\/gloriadeus.com\/home\/dica-para-afastar-mas-energias\/","title":{"rendered":"Dica para afastar m\u00e1s energias"},"content":{"rendered":"<!-- subtitulo, palavra, paragrafo ok -->\r\n\r\n<figure data-wp-context=\"{&quot;imageId&quot;:&quot;69fa363cf16fb&quot;}\" data-wp-interactive=\"core\/image\" data-wp-key=\"69fa363cf16fb\" class=\"wp-block-image size-large is-resized wp-lightbox-container\"><img loading=\"lazy\" decoding=\"async\" width=\"661\" height=\"1024\" data-wp-class--hide=\"state.isContentHidden\" data-wp-class--show=\"state.isContentVisible\" data-wp-init=\"callbacks.setButtonStyles\" data-wp-on--click=\"actions.showLightbox\" data-wp-on--load=\"callbacks.setButtonStyles\" data-wp-on-window--resize=\"callbacks.setButtonStyles\" class=\"wp-image-4904\" style=\"width: 381px; height: auto;\" src=\"https:\/\/gloriadeus.com\/wp-content\/uploads\/2025\/03\/250111AMDIMG-24-661x1024.jpg\" alt=\"Dica para afastar m\u00e1s energias\" srcset=\"https:\/\/gloriadeus.com\/wp-content\/uploads\/2025\/03\/250111AMDIMG-24-661x1024.jpg 661w, https:\/\/gloriadeus.com\/wp-content\/uploads\/2025\/03\/250111AMDIMG-24-194x300.jpg 194w, https:\/\/gloriadeus.com\/wp-content\/uploads\/2025\/03\/250111AMDIMG-24.jpg 736w\" sizes=\"auto, (max-width: 661px) 100vw, 661px\" \/><button\n\t\t\tclass=\"lightbox-trigger\"\n\t\t\ttype=\"button\"\n\t\t\taria-haspopup=\"dialog\"\n\t\t\taria-label=\"Ampliar\"\n\t\t\tdata-wp-init=\"callbacks.initTriggerButton\"\n\t\t\tdata-wp-on--click=\"actions.showLightbox\"\n\t\t\tdata-wp-style--right=\"state.imageButtonRight\"\n\t\t\tdata-wp-style--top=\"state.imageButtonTop\"\n\t\t>\n\t\t\t<svg xmlns=\"http:\/\/www.w3.org\/2000\/svg\" width=\"12\" height=\"12\" fill=\"none\" viewBox=\"0 0 12 12\">\n\t\t\t\t<path fill=\"#fff\" d=\"M2 0a2 2 0 0 0-2 2v2h1.5V2a.5.5 0 0 1 .5-.5h2V0H2Zm2 10.5H2a.5.5 0 0 1-.5-.5V8H0v2a2 2 0 0 0 2 2h2v-1.5ZM8 12v-1.5h2a.5.5 0 0 0 .5-.5V8H12v2a2 2 0 0 1-2 2H8Zm2-12a2 2 0 0 1 2 2v2h-1.5V2a.5.5 0 0 0-.5-.5H8V0h2Z\" \/>\n\t\t\t<\/svg>\n\t\t<\/button><\/figure>\r\n\r\n\r\n\r\n<p>Afastar m\u00e1s energias \u00e9 um desejo comum para muitos, e a f\u00e9, as ora\u00e7\u00f5es e os mantras podem ser poderosas ferramentas nesse processo. Primeiramente, \u00e9 essencial cultivar um ambiente limpo e harmonioso.\u00a0<\/p>\r\n<h2>Liberar vibra\u00e7\u00f5es negativas\u00a0<\/h2>\r\n<p>Comece organizando seu espa\u00e7o pessoal, eliminando objetos desnecess\u00e1rios que possam carregar energias pesadas, lembre-se de que a bagun\u00e7a f\u00edsica pode refletir uma bagun\u00e7a emocional. Dedique um momento para purificar o local, utilizando ervas como alecrim ou s\u00e1lvia para defumar os ambientes, a fuma\u00e7a ajuda a liberar vibra\u00e7\u00f5es negativas e abre espa\u00e7o para a energia positiva.<\/p>\r\n<p>Invocar a f\u00e9 \u00e9 fundamental, crie uma rotina di\u00e1ria de ora\u00e7\u00f5es, dedicando alguns minutos pela manh\u00e3 ao agradecimento e \u00e0 prote\u00e7\u00e3o divina, pedindo para que m\u00e1s influ\u00eancias sejam afastadas e que voc\u00ea seja envolto em luz.\u00a0<\/p>\r\n\r\n\r\n\r\n<figure data-wp-context=\"{&quot;imageId&quot;:&quot;69fa363cf1ad4&quot;}\" data-wp-interactive=\"core\/image\" data-wp-key=\"69fa363cf1ad4\" class=\"wp-block-image size-large is-resized wp-lightbox-container\"><img loading=\"lazy\" decoding=\"async\" width=\"736\" height=\"920\" data-wp-class--hide=\"state.isContentHidden\" data-wp-class--show=\"state.isContentVisible\" data-wp-init=\"callbacks.setButtonStyles\" data-wp-on--click=\"actions.showLightbox\" data-wp-on--load=\"callbacks.setButtonStyles\" data-wp-on-window--resize=\"callbacks.setButtonStyles\" class=\"wp-image-4902\" style=\"width: 318px; height: auto;\" src=\"https:\/\/gloriadeus.com\/wp-content\/uploads\/2025\/03\/250111AMDIMG-9.jpg\" alt=\"Dica para afastar m\u00e1s energias\" srcset=\"https:\/\/gloriadeus.com\/wp-content\/uploads\/2025\/03\/250111AMDIMG-9.jpg 736w, https:\/\/gloriadeus.com\/wp-content\/uploads\/2025\/03\/250111AMDIMG-9-240x300.jpg 240w\" sizes=\"auto, (max-width: 736px) 100vw, 736px\" \/><button\n\t\t\tclass=\"lightbox-trigger\"\n\t\t\ttype=\"button\"\n\t\t\taria-haspopup=\"dialog\"\n\t\t\taria-label=\"Ampliar\"\n\t\t\tdata-wp-init=\"callbacks.initTriggerButton\"\n\t\t\tdata-wp-on--click=\"actions.showLightbox\"\n\t\t\tdata-wp-style--right=\"state.imageButtonRight\"\n\t\t\tdata-wp-style--top=\"state.imageButtonTop\"\n\t\t>\n\t\t\t<svg xmlns=\"http:\/\/www.w3.org\/2000\/svg\" width=\"12\" height=\"12\" fill=\"none\" viewBox=\"0 0 12 12\">\n\t\t\t\t<path fill=\"#fff\" d=\"M2 0a2 2 0 0 0-2 2v2h1.5V2a.5.5 0 0 1 .5-.5h2V0H2Zm2 10.5H2a.5.5 0 0 1-.5-.5V8H0v2a2 2 0 0 0 2 2h2v-1.5ZM8 12v-1.5h2a.5.5 0 0 0 .5-.5V8H12v2a2 2 0 0 1-2 2H8Zm2-12a2 2 0 0 1 2 2v2h-1.5V2a.5.5 0 0 0-.5-.5H8V0h2Z\" \/>\n\t\t\t<\/svg>\n\t\t<\/button>\u00a0<\/figure>\r\n<p>Abra seu cora\u00e7\u00e3o ao que acredita, seja Deus, os orix\u00e1s ou os elementos da natureza, e confie que essa conex\u00e3o espiritual trar\u00e1 prote\u00e7\u00e3o. Utilize tamb\u00e9m mantras como ferramentas de transforma\u00e7\u00e3o, repita frases positivas que elevem seu estado vibracional, como <em>Estou rodeado de amor e luz<\/em> ou <em>A energia negativa se dissipa e eu sou fortalecido<\/em>.\u00a0<\/p>\r\n<h2>Pratique a medita\u00e7\u00e3o diariamente\u00a0<\/h2>\r\n<p>Ao entoar esses mantras, visualize a energia negativa se afastando de voc\u00ea, tornando-se uma nuvem que se dissipa ao seu redor. Praticar a medita\u00e7\u00e3o diariamente \u00e9 outra forma eficaz de centrar a mente e o esp\u00edrito durante esses momentos de sil\u00eancio, foque na respira\u00e7\u00e3o e permita que os pensamentos negativos se v\u00e3o, substituindo-os por afirma\u00e7\u00f5es positivas sobre sua vida e sua jornada.<\/p>\r\n<p>Tamb\u00e9m \u00e9 recomend\u00e1vel tomar banhos de ervas ou sal grosso, que s\u00e3o conhecidos por sua capacidade de purifica\u00e7\u00e3o, ao preparar o banho, adicione ingredientes como lavanda ou eucalipto, enquanto mentaliza a libera\u00e7\u00e3o de tudo que n\u00e3o serve mais a voc\u00ea.<\/p>\r\n\r\n\r\n\r\n<figure data-wp-context=\"{&quot;imageId&quot;:&quot;69fa363cf1da2&quot;}\" data-wp-interactive=\"core\/image\" data-wp-key=\"69fa363cf1da2\" class=\"wp-block-image size-large is-resized wp-lightbox-container\"><img loading=\"lazy\" decoding=\"async\" width=\"736\" height=\"744\" data-wp-class--hide=\"state.isContentHidden\" data-wp-class--show=\"state.isContentVisible\" data-wp-init=\"callbacks.setButtonStyles\" data-wp-on--click=\"actions.showLightbox\" data-wp-on--load=\"callbacks.setButtonStyles\" data-wp-on-window--resize=\"callbacks.setButtonStyles\" class=\"wp-image-4905\" style=\"width: 389px; height: auto;\" src=\"https:\/\/gloriadeus.com\/wp-content\/uploads\/2025\/03\/250111AMDIMG-23.jpg\" alt=\"Dica para afastar m\u00e1s energias\" srcset=\"https:\/\/gloriadeus.com\/wp-content\/uploads\/2025\/03\/250111AMDIMG-23.jpg 736w, https:\/\/gloriadeus.com\/wp-content\/uploads\/2025\/03\/250111AMDIMG-23-297x300.jpg 297w\" sizes=\"auto, (max-width: 736px) 100vw, 736px\" \/><button\n\t\t\tclass=\"lightbox-trigger\"\n\t\t\ttype=\"button\"\n\t\t\taria-haspopup=\"dialog\"\n\t\t\taria-label=\"Ampliar\"\n\t\t\tdata-wp-init=\"callbacks.initTriggerButton\"\n\t\t\tdata-wp-on--click=\"actions.showLightbox\"\n\t\t\tdata-wp-style--right=\"state.imageButtonRight\"\n\t\t\tdata-wp-style--top=\"state.imageButtonTop\"\n\t\t>\n\t\t\t<svg xmlns=\"http:\/\/www.w3.org\/2000\/svg\" width=\"12\" height=\"12\" fill=\"none\" viewBox=\"0 0 12 12\">\n\t\t\t\t<path fill=\"#fff\" d=\"M2 0a2 2 0 0 0-2 2v2h1.5V2a.5.5 0 0 1 .5-.5h2V0H2Zm2 10.5H2a.5.5 0 0 1-.5-.5V8H0v2a2 2 0 0 0 2 2h2v-1.5ZM8 12v-1.5h2a.5.5 0 0 0 .5-.5V8H12v2a2 2 0 0 1-2 2H8Zm2-12a2 2 0 0 1 2 2v2h-1.5V2a.5.5 0 0 0-.5-.5H8V0h2Z\" \/>\n\t\t\t<\/svg>\n\t\t<\/button>\u00a0<\/figure>\r\n<p>A m\u00fasica pode ser uma grande aliada na busca pela limpeza energ\u00e9tica, crie playlists com m\u00fasicas que elevem sua vibra\u00e7\u00e3o e que tragam sentimentos de alegria e paz. Envolva-se em atividades que despertem gratid\u00e3o e amor, como ajudar o pr\u00f3ximo, pois ao praticar atos de bondade, voc\u00ea n\u00e3o s\u00f3 ajuda os outros, mas tamb\u00e9m transforma suas pr\u00f3prias energias.\u00a0<\/p>\r\n<h2>Evite certos ambientes\u00a0<\/h2>\r\n<p>Pratique o perd\u00e3o, liberando ressentimentos que podem estar presos em seu cora\u00e7\u00e3o, a falta de perd\u00e3o muitas vezes atrai energias pesadas, enquanto liber\u00e1-las traz leveza e capacidade de renova\u00e7\u00e3o.<\/p>\r\n<p>Fortale\u00e7a suas rela\u00e7\u00f5es pessoais, cercando-se de pessoas que elevem sua energia e que compartilhem vibra\u00e7\u00f5es positivas, evite ambientes e companhias que drenem sua energia e que tragam negatividade.<\/p>\r\n\r\n\r\n\r\n<figure class=\"wp-block-image size-large is-resized\"><img loading=\"lazy\" decoding=\"async\" width=\"392\" height=\"697\" class=\"wp-image-4903\" style=\"width: 304px; height: auto;\" src=\"https:\/\/gloriadeus.com\/wp-content\/uploads\/2025\/03\/250111AMDIMG-25.jpg\" alt=\"Dica para afastar m\u00e1s energias\" srcset=\"https:\/\/gloriadeus.com\/wp-content\/uploads\/2025\/03\/250111AMDIMG-25.jpg 392w, https:\/\/gloriadeus.com\/wp-content\/uploads\/2025\/03\/250111AMDIMG-25-169x300.jpg 169w\" sizes=\"auto, (max-width: 392px) 100vw, 392px\" \/><\/figure>\r\n\r\n\r\n\r\n<p>Tamb\u00e9m \u00e9 importante \u00e9 fazer visualiza\u00e7\u00f5es criativas, ao imaginar uma luz branca brilhante envolvendo seu corpo, voc\u00ea ativa a prote\u00e7\u00e3o espiritual, criando uma barreira contra m\u00e1s influ\u00eancias.<\/p>\r\n<p>Lembre-se de expressar suas emo\u00e7\u00f5es, pois guardar ressentimentos e medos pode criar um ambiente prop\u00edcio para m\u00e1s energias se instalarem, portanto, busque sempre a sa\u00fade mental e emocional. Reserve um tempo para voc\u00ea, praticando hobbies ou atividades que lhe tragam felicidade.\u00a0<\/p>\r\n<h2>Permita-se receber dicas\u00a0<\/h2>\r\n<p>Manter uma boa alimenta\u00e7\u00e3o e um estilo de vida saud\u00e1vel \u00e9 fundamental para fortalecer seu corpo e, consequentemente, sua energia, o que voc\u00ea consome tamb\u00e9m influencia seus campos energ\u00e9ticos. Considere ainda a pr\u00e1tica de exerc\u00edcios, que ajudam a liberar endorfinas e a transformar energias pesadas em vitalidade.<\/p>\r\n<p>Mantenha sempre a gratid\u00e3o em seu cora\u00e7\u00e3o, ao cultivar um esp\u00edrito grato, voc\u00ea ressoafreqr\u00eancias elevadas que atraem mais motivos para agradecer, criando um ciclo positivo em sua vida.<\/p>\r\n<p>Utilize todas essas dicas de forma cont\u00ednua, permitindo que se tornem parte da rotina, com tempo, voc\u00ea sentir\u00e1 uma transforma\u00e7\u00e3o em suas energias e uma maior conex\u00e3o com o que considera sagrado, percebendo que essas pr\u00e1ticas, juntas, formam um escudo que repele as m\u00e1s energias e atra\u00ed b\u00ean\u00e7\u00e3os e prote\u00e7\u00e3o.<\/p>\r\n","protected":false},"excerpt":{"rendered":"<p>Afastar m\u00e1s energias \u00e9 um desejo comum para muitos, e a f\u00e9, as ora\u00e7\u00f5es e os mantras podem ser poderosas &hellip; <\/p>\n","protected":false},"author":1,"featured_media":4904,"parent":0,"menu_order":0,"comment_status":"open","ping_status":"closed","template":"","meta":{"_uf_show_specific_survey":0,"_uf_disable_surveys":false,"footnotes":""},"class_list":["post-4901","page","type-page","status-publish","has-post-thumbnail","hentry"],"yoast_head":"<!-- This site is optimized with the Yoast SEO plugin v27.5 - https:\/\/yoast.com\/product\/yoast-seo-wordpress\/ -->\n<title>Dica para afastar m\u00e1s energias - Gl\u00f3ria Deus<\/title>\n<meta name=\"robots\" content=\"index, follow, max-snippet:-1, max-image-preview:large, max-video-preview:-1\" \/>\n<link rel=\"canonical\" href=\"https:\/\/gloriadeus.com\/home\/dica-para-afastar-mas-energias\/\" \/>\n<meta property=\"og:locale\" content=\"pt_BR\" \/>\n<meta property=\"og:type\" content=\"article\" \/>\n<meta property=\"og:title\" content=\"Dica para afastar m\u00e1s energias - Gl\u00f3ria Deus\" \/>\n<meta property=\"og:description\" content=\"Afastar m\u00e1s energias \u00e9 um desejo comum para muitos, e a f\u00e9, as ora\u00e7\u00f5es e os mantras podem ser poderosas &hellip;\" \/>\n<meta property=\"og:url\" content=\"https:\/\/gloriadeus.com\/home\/dica-para-afastar-mas-energias\/\" \/>\n<meta property=\"og:site_name\" content=\"Gl\u00f3ria Deus\" \/>\n<meta property=\"article:modified_time\" content=\"2026-02-06T07:55:24+00:00\" \/>\n<meta property=\"og:image\" content=\"https:\/\/gloriadeus.com\/wp-content\/uploads\/2025\/03\/250111AMDIMG-24.jpg\" \/>\n\t<meta property=\"og:image:width\" content=\"736\" \/>\n\t<meta property=\"og:image:height\" content=\"1141\" \/>\n\t<meta property=\"og:image:type\" content=\"image\/jpeg\" \/>\n<meta name=\"twitter:card\" content=\"summary_large_image\" \/>\n<meta name=\"twitter:label1\" content=\"Est. tempo de leitura\" \/>\n\t<meta name=\"twitter:data1\" content=\"5 minutos\" \/>\n<script type=\"application\/ld+json\" class=\"yoast-schema-graph\">{\"@context\":\"https:\\\/\\\/schema.org\",\"@graph\":[{\"@type\":\"WebPage\",\"@id\":\"https:\\\/\\\/gloriadeus.com\\\/home\\\/dica-para-afastar-mas-energias\\\/\",\"url\":\"https:\\\/\\\/gloriadeus.com\\\/home\\\/dica-para-afastar-mas-energias\\\/\",\"name\":\"Dica para afastar m\u00e1s energias - Gl\u00f3ria Deus\",\"isPartOf\":{\"@id\":\"https:\\\/\\\/gloriadeus.com\\\/home\\\/#website\"},\"primaryImageOfPage\":{\"@id\":\"https:\\\/\\\/gloriadeus.com\\\/home\\\/dica-para-afastar-mas-energias\\\/#primaryimage\"},\"image\":{\"@id\":\"https:\\\/\\\/gloriadeus.com\\\/home\\\/dica-para-afastar-mas-energias\\\/#primaryimage\"},\"thumbnailUrl\":\"https:\\\/\\\/gloriadeus.com\\\/wp-content\\\/uploads\\\/2025\\\/03\\\/250111AMDIMG-24.jpg\",\"datePublished\":\"2026-01-07T09:19:24+00:00\",\"dateModified\":\"2026-02-06T07:55:24+00:00\",\"breadcrumb\":{\"@id\":\"https:\\\/\\\/gloriadeus.com\\\/home\\\/dica-para-afastar-mas-energias\\\/#breadcrumb\"},\"inLanguage\":\"pt-BR\",\"potentialAction\":[{\"@type\":\"ReadAction\",\"target\":[\"https:\\\/\\\/gloriadeus.com\\\/home\\\/dica-para-afastar-mas-energias\\\/\"]}]},{\"@type\":\"ImageObject\",\"inLanguage\":\"pt-BR\",\"@id\":\"https:\\\/\\\/gloriadeus.com\\\/home\\\/dica-para-afastar-mas-energias\\\/#primaryimage\",\"url\":\"https:\\\/\\\/gloriadeus.com\\\/wp-content\\\/uploads\\\/2025\\\/03\\\/250111AMDIMG-24.jpg\",\"contentUrl\":\"https:\\\/\\\/gloriadeus.com\\\/wp-content\\\/uploads\\\/2025\\\/03\\\/250111AMDIMG-24.jpg\",\"width\":736,\"height\":1141,\"caption\":\"Dica para afastar m\u00e1s energias\"},{\"@type\":\"BreadcrumbList\",\"@id\":\"https:\\\/\\\/gloriadeus.com\\\/home\\\/dica-para-afastar-mas-energias\\\/#breadcrumb\",\"itemListElement\":[{\"@type\":\"ListItem\",\"position\":1,\"name\":\"In\u00edcio\",\"item\":\"https:\\\/\\\/gloriadeus.com\\\/home\\\/\"},{\"@type\":\"ListItem\",\"position\":2,\"name\":\"Dica para afastar m\u00e1s energias\"}]},{\"@type\":\"WebSite\",\"@id\":\"https:\\\/\\\/gloriadeus.com\\\/home\\\/#website\",\"url\":\"https:\\\/\\\/gloriadeus.com\\\/home\\\/\",\"name\":\"Gloria Deus\",\"description\":\"\u21a8 Deslize para descobrir mais \u21a8\",\"publisher\":{\"@id\":\"https:\\\/\\\/gloriadeus.com\\\/home\\\/#\\\/schema\\\/person\\\/ab2365ca8f87ea38e53ba3c2275e65c4\"},\"alternateName\":\"Muita f\u00e9\",\"potentialAction\":[{\"@type\":\"SearchAction\",\"target\":{\"@type\":\"EntryPoint\",\"urlTemplate\":\"https:\\\/\\\/gloriadeus.com\\\/home\\\/?s={search_term_string}\"},\"query-input\":{\"@type\":\"PropertyValueSpecification\",\"valueRequired\":true,\"valueName\":\"search_term_string\"}}],\"inLanguage\":\"pt-BR\"},{\"@type\":[\"Person\",\"Organization\"],\"@id\":\"https:\\\/\\\/gloriadeus.com\\\/home\\\/#\\\/schema\\\/person\\\/ab2365ca8f87ea38e53ba3c2275e65c4\",\"name\":\"gloriadeus.com\",\"image\":{\"@type\":\"ImageObject\",\"inLanguage\":\"pt-BR\",\"@id\":\"https:\\\/\\\/gloriadeus.com\\\/wp-content\\\/uploads\\\/2024\\\/03\\\/230525DDPNG-21.png\",\"url\":\"https:\\\/\\\/gloriadeus.com\\\/wp-content\\\/uploads\\\/2024\\\/03\\\/230525DDPNG-21.png\",\"contentUrl\":\"https:\\\/\\\/gloriadeus.com\\\/wp-content\\\/uploads\\\/2024\\\/03\\\/230525DDPNG-21.png\",\"width\":220,\"height\":230,\"caption\":\"gloriadeus.com\"},\"logo\":{\"@id\":\"https:\\\/\\\/gloriadeus.com\\\/wp-content\\\/uploads\\\/2024\\\/03\\\/230525DDPNG-21.png\"},\"sameAs\":[\"https:\\\/\\\/gloriadeus.com\"]}]}<\/script>\n<!-- \/ Yoast SEO plugin. -->","yoast_head_json":{"title":"Dica para afastar m\u00e1s energias - Gl\u00f3ria Deus","robots":{"index":"index","follow":"follow","max-snippet":"max-snippet:-1","max-image-preview":"max-image-preview:large","max-video-preview":"max-video-preview:-1"},"canonical":"https:\/\/gloriadeus.com\/home\/dica-para-afastar-mas-energias\/","og_locale":"pt_BR","og_type":"article","og_title":"Dica para afastar m\u00e1s energias - Gl\u00f3ria Deus","og_description":"Afastar m\u00e1s energias \u00e9 um desejo comum para muitos, e a f\u00e9, as ora\u00e7\u00f5es e os mantras podem ser poderosas &hellip;","og_url":"https:\/\/gloriadeus.com\/home\/dica-para-afastar-mas-energias\/","og_site_name":"Gl\u00f3ria Deus","article_modified_time":"2026-02-06T07:55:24+00:00","og_image":[{"width":736,"height":1141,"url":"https:\/\/gloriadeus.com\/wp-content\/uploads\/2025\/03\/250111AMDIMG-24.jpg","type":"image\/jpeg"}],"twitter_card":"summary_large_image","twitter_misc":{"Est. tempo de leitura":"5 minutos"},"schema":{"@context":"https:\/\/schema.org","@graph":[{"@type":"WebPage","@id":"https:\/\/gloriadeus.com\/home\/dica-para-afastar-mas-energias\/","url":"https:\/\/gloriadeus.com\/home\/dica-para-afastar-mas-energias\/","name":"Dica para afastar m\u00e1s energias - Gl\u00f3ria Deus","isPartOf":{"@id":"https:\/\/gloriadeus.com\/home\/#website"},"primaryImageOfPage":{"@id":"https:\/\/gloriadeus.com\/home\/dica-para-afastar-mas-energias\/#primaryimage"},"image":{"@id":"https:\/\/gloriadeus.com\/home\/dica-para-afastar-mas-energias\/#primaryimage"},"thumbnailUrl":"https:\/\/gloriadeus.com\/wp-content\/uploads\/2025\/03\/250111AMDIMG-24.jpg","datePublished":"2026-01-07T09:19:24+00:00","dateModified":"2026-02-06T07:55:24+00:00","breadcrumb":{"@id":"https:\/\/gloriadeus.com\/home\/dica-para-afastar-mas-energias\/#breadcrumb"},"inLanguage":"pt-BR","potentialAction":[{"@type":"ReadAction","target":["https:\/\/gloriadeus.com\/home\/dica-para-afastar-mas-energias\/"]}]},{"@type":"ImageObject","inLanguage":"pt-BR","@id":"https:\/\/gloriadeus.com\/home\/dica-para-afastar-mas-energias\/#primaryimage","url":"https:\/\/gloriadeus.com\/wp-content\/uploads\/2025\/03\/250111AMDIMG-24.jpg","contentUrl":"https:\/\/gloriadeus.com\/wp-content\/uploads\/2025\/03\/250111AMDIMG-24.jpg","width":736,"height":1141,"caption":"Dica para afastar m\u00e1s energias"},{"@type":"BreadcrumbList","@id":"https:\/\/gloriadeus.com\/home\/dica-para-afastar-mas-energias\/#breadcrumb","itemListElement":[{"@type":"ListItem","position":1,"name":"In\u00edcio","item":"https:\/\/gloriadeus.com\/home\/"},{"@type":"ListItem","position":2,"name":"Dica para afastar m\u00e1s energias"}]},{"@type":"WebSite","@id":"https:\/\/gloriadeus.com\/home\/#website","url":"https:\/\/gloriadeus.com\/home\/","name":"Gloria Deus","description":"\u21a8 Deslize para descobrir mais \u21a8","publisher":{"@id":"https:\/\/gloriadeus.com\/home\/#\/schema\/person\/ab2365ca8f87ea38e53ba3c2275e65c4"},"alternateName":"Muita f\u00e9","potentialAction":[{"@type":"SearchAction","target":{"@type":"EntryPoint","urlTemplate":"https:\/\/gloriadeus.com\/home\/?s={search_term_string}"},"query-input":{"@type":"PropertyValueSpecification","valueRequired":true,"valueName":"search_term_string"}}],"inLanguage":"pt-BR"},{"@type":["Person","Organization"],"@id":"https:\/\/gloriadeus.com\/home\/#\/schema\/person\/ab2365ca8f87ea38e53ba3c2275e65c4","name":"gloriadeus.com","image":{"@type":"ImageObject","inLanguage":"pt-BR","@id":"https:\/\/gloriadeus.com\/wp-content\/uploads\/2024\/03\/230525DDPNG-21.png","url":"https:\/\/gloriadeus.com\/wp-content\/uploads\/2024\/03\/230525DDPNG-21.png","contentUrl":"https:\/\/gloriadeus.com\/wp-content\/uploads\/2024\/03\/230525DDPNG-21.png","width":220,"height":230,"caption":"gloriadeus.com"},"logo":{"@id":"https:\/\/gloriadeus.com\/wp-content\/uploads\/2024\/03\/230525DDPNG-21.png"},"sameAs":["https:\/\/gloriadeus.com"]}]}},"_links":{"self":[{"href":"https:\/\/gloriadeus.com\/home\/wp-json\/wp\/v2\/pages\/4901","targetHints":{"allow":["GET"]}}],"collection":[{"href":"https:\/\/gloriadeus.com\/home\/wp-json\/wp\/v2\/pages"}],"about":[{"href":"https:\/\/gloriadeus.com\/home\/wp-json\/wp\/v2\/types\/page"}],"author":[{"embeddable":true,"href":"https:\/\/gloriadeus.com\/home\/wp-json\/wp\/v2\/users\/1"}],"replies":[{"embeddable":true,"href":"https:\/\/gloriadeus.com\/home\/wp-json\/wp\/v2\/comments?post=4901"}],"version-history":[{"count":8,"href":"https:\/\/gloriadeus.com\/home\/wp-json\/wp\/v2\/pages\/4901\/revisions"}],"predecessor-version":[{"id":10381,"href":"https:\/\/gloriadeus.com\/home\/wp-json\/wp\/v2\/pages\/4901\/revisions\/10381"}],"wp:featuredmedia":[{"embeddable":true,"href":"https:\/\/gloriadeus.com\/home\/wp-json\/wp\/v2\/media\/4904"}],"wp:attachment":[{"href":"https:\/\/gloriadeus.com\/home\/wp-json\/wp\/v2\/media?parent=4901"}],"curies":[{"name":"wp","href":"https:\/\/api.w.org\/{rel}","templated":true}]}}