{"id":4894,"date":"2026-05-05T10:13:50","date_gmt":"2026-05-05T13:13:50","guid":{"rendered":"https:\/\/gloriadeus.com\/?page_id=4894"},"modified":"2026-05-05T11:01:54","modified_gmt":"2026-05-05T14:01:54","slug":"tudo-que-e-seu-chegara","status":"publish","type":"page","link":"https:\/\/gloriadeus.com\/home\/tudo-que-e-seu-chegara\/","title":{"rendered":"Tudo que \u00e9 seu chegar\u00e1"},"content":{"rendered":"<!--4ALTIMGTXT-OK-->\r\n<p>&nbsp;<\/p>\r\n\r\n<figure data-wp-context=\"{&quot;imageId&quot;:&quot;69fc5b0eb24ac&quot;}\" data-wp-interactive=\"core\/image\" data-wp-key=\"69fc5b0eb24ac\" class=\"wp-block-image size-large is-resized wp-lightbox-container\"><img loading=\"lazy\" decoding=\"async\" data-wp-class--hide=\"state.isContentHidden\" data-wp-class--show=\"state.isContentVisible\" data-wp-init=\"callbacks.setButtonStyles\" data-wp-on--click=\"actions.showLightbox\" data-wp-on--load=\"callbacks.setButtonStyles\" data-wp-on-window--resize=\"callbacks.setButtonStyles\" class=\"alignnone wp-image-4897\" style=\"width: 351px; height: auto;\" src=\"https:\/\/gloriadeus.com\/wp-content\/uploads\/2025\/03\/250111AMDIMG-17.jpg\" alt=\"Tudo que \u00e9 seu chegar\u00e1 at\u00e9 voc\u00ea, aguarda na certeza\" width=\"640\" height=\"640\" srcset=\"https:\/\/gloriadeus.com\/wp-content\/uploads\/2025\/03\/250111AMDIMG-17.jpg 640w, https:\/\/gloriadeus.com\/wp-content\/uploads\/2025\/03\/250111AMDIMG-17-300x300.jpg 300w, https:\/\/gloriadeus.com\/wp-content\/uploads\/2025\/03\/250111AMDIMG-17-150x150.jpg 150w\" sizes=\"auto, (max-width: 640px) 100vw, 640px\" \/><button\n\t\t\tclass=\"lightbox-trigger\"\n\t\t\ttype=\"button\"\n\t\t\taria-haspopup=\"dialog\"\n\t\t\taria-label=\"Ampliar\"\n\t\t\tdata-wp-init=\"callbacks.initTriggerButton\"\n\t\t\tdata-wp-on--click=\"actions.showLightbox\"\n\t\t\tdata-wp-style--right=\"state.imageButtonRight\"\n\t\t\tdata-wp-style--top=\"state.imageButtonTop\"\n\t\t>\n\t\t\t<svg xmlns=\"http:\/\/www.w3.org\/2000\/svg\" width=\"12\" height=\"12\" fill=\"none\" viewBox=\"0 0 12 12\">\n\t\t\t\t<path fill=\"#fff\" d=\"M2 0a2 2 0 0 0-2 2v2h1.5V2a.5.5 0 0 1 .5-.5h2V0H2Zm2 10.5H2a.5.5 0 0 1-.5-.5V8H0v2a2 2 0 0 0 2 2h2v-1.5ZM8 12v-1.5h2a.5.5 0 0 0 .5-.5V8H12v2a2 2 0 0 1-2 2H8Zm2-12a2 2 0 0 1 2 2v2h-1.5V2a.5.5 0 0 0-.5-.5H8V0h2Z\" \/>\n\t\t\t<\/svg>\n\t\t<\/button>\u00a0<\/figure>\r\n\r\n\r\n\r\n<p>A vida \u00e9 uma jornada repleta de desafios e aprendizados, e uma das cren\u00e7as que muitos abra\u00e7am \u00e9 a ideia de que tudo que \u00e9 seu chegar\u00e1 at\u00e9 voc\u00ea, refletindo a certeza de que o universo tem uma forma de alinhar nossos esfor\u00e7os e desejos com o que realmente nos pertence.\u00a0<\/p>\r\n<h2>Para nutrir pensamentos<\/h2>\r\n<p>Essa convic\u00e7\u00e3o come\u00e7a com a no\u00e7\u00e3o de que cada pessoa possui um prop\u00f3sito \u00fanico, um caminho que, se seguido com dedica\u00e7\u00e3o e autenticidade, levar\u00e1 \u00e0 realiza\u00e7\u00e3o de seus sonhos e aspira\u00e7\u00f5es.\u00a0\u00c0s vezes, essa busca se apresenta como um verdadeiro teste de perseveran\u00e7a, onde situa\u00e7\u00f5es dif\u00edceis e obst\u00e1culos se tornam oportunidades de crescimento, permitindo que nos tornemos mais resilientes e determinados.<\/p>\r\n<p>No percurso, muitas vezes nos deparamos com a necessidade de deixar ir aquilo que n\u00e3o nos serve mais, seja relacionamentos, empregos ou mesmo cren\u00e7as limitantes, porque compreender que o que \u00e9 nosso \u00e9 aquilo que nos eleva, nos faz felizes e favorece nosso crescimento pessoal e espiritual. A lei da atra\u00e7\u00e3o tamb\u00e9m nos ensina que nossos pensamentos e emo\u00e7\u00f5es t\u00eam um papel crucial na manifesta\u00e7\u00e3o daquilo que queremos.\u00a0<\/p>\r\n\r\n\r\n\r\n<figure data-wp-context=\"{&quot;imageId&quot;:&quot;69fc5b0eb28e1&quot;}\" data-wp-interactive=\"core\/image\" data-wp-key=\"69fc5b0eb28e1\" class=\"wp-block-image size-large is-resized wp-lightbox-container\"><img loading=\"lazy\" decoding=\"async\" data-wp-class--hide=\"state.isContentHidden\" data-wp-class--show=\"state.isContentVisible\" data-wp-init=\"callbacks.setButtonStyles\" data-wp-on--click=\"actions.showLightbox\" data-wp-on--load=\"callbacks.setButtonStyles\" data-wp-on-window--resize=\"callbacks.setButtonStyles\" class=\"alignnone wp-image-4895\" style=\"width: 352px; height: auto;\" src=\"https:\/\/gloriadeus.com\/wp-content\/uploads\/2025\/03\/250111AMDIMG-21.jpg\" alt=\"Tudo que \u00e9 seu chegar\u00e1 at\u00e9 voc\u00ea, seja feliz\" width=\"736\" height=\"736\" srcset=\"https:\/\/gloriadeus.com\/wp-content\/uploads\/2025\/03\/250111AMDIMG-21.jpg 736w, https:\/\/gloriadeus.com\/wp-content\/uploads\/2025\/03\/250111AMDIMG-21-300x300.jpg 300w, https:\/\/gloriadeus.com\/wp-content\/uploads\/2025\/03\/250111AMDIMG-21-150x150.jpg 150w\" sizes=\"auto, (max-width: 736px) 100vw, 736px\" \/><button\n\t\t\tclass=\"lightbox-trigger\"\n\t\t\ttype=\"button\"\n\t\t\taria-haspopup=\"dialog\"\n\t\t\taria-label=\"Ampliar\"\n\t\t\tdata-wp-init=\"callbacks.initTriggerButton\"\n\t\t\tdata-wp-on--click=\"actions.showLightbox\"\n\t\t\tdata-wp-style--right=\"state.imageButtonRight\"\n\t\t\tdata-wp-style--top=\"state.imageButtonTop\"\n\t\t>\n\t\t\t<svg xmlns=\"http:\/\/www.w3.org\/2000\/svg\" width=\"12\" height=\"12\" fill=\"none\" viewBox=\"0 0 12 12\">\n\t\t\t\t<path fill=\"#fff\" d=\"M2 0a2 2 0 0 0-2 2v2h1.5V2a.5.5 0 0 1 .5-.5h2V0H2Zm2 10.5H2a.5.5 0 0 1-.5-.5V8H0v2a2 2 0 0 0 2 2h2v-1.5ZM8 12v-1.5h2a.5.5 0 0 0 .5-.5V8H12v2a2 2 0 0 1-2 2H8Zm2-12a2 2 0 0 1 2 2v2h-1.5V2a.5.5 0 0 0-.5-.5H8V0h2Z\" \/>\n\t\t\t<\/svg>\n\t\t<\/button>\u00a0<\/figure>\r\n<p>Sendo fundamental manter uma mentalidade positiva e alinhada com nossas inten\u00e7\u00f5es. Quando nutrimos pensamentos de gratid\u00e3o e confian\u00e7a, atra\u00edmos energias semelhantes, criando um ciclo virtuoso que facilita a chegada do que desejamos. Essa ideia est\u00e1 profundamente ligada ao conceito de merecimento, muitas vezes, precisamos trabalhar a nossa autoestima e autovaloriza\u00e7\u00e3o.\u00a0<\/p>\r\n<p>Reconhecendo que somos dignos de receber as coisas boas que a vida tem a oferecer.\u00a0O tempo \u00e9 um aliado nesse processo, pois pode parecer que o que queremos demora a se manifestar, mas cada passo dado na dire\u00e7\u00e3o do nosso objetivo \u00e9 um passo em dire\u00e7\u00e3o \u00e0 realiza\u00e7\u00e3o, e, muitas vezes, o que precisamos aprender durante a espera \u00e9 t\u00e3o valioso quanto o pr\u00f3prio resultado desejado.<\/p>\r\n<h2>Tudo que \u00e9 seu chegar\u00e1<\/h2>\r\n<p>As sincronicidades e os sinais que encontramos pelo caminho tamb\u00e9m s\u00e3o lembretes de que estamos no lugar certo, nos momentos certos, e \u00e9 importante estar atento a essas manifesta\u00e7\u00f5es do universo, que muitas vezes aparecem na forma de oportunidades inesperadas ou encontros significativos. Rodear-se de pessoas que compartilham de nossas vis\u00f5es e sonhos \u00e9 essencial.<\/p>\r\n<p>As influ\u00eancias positivas nos encorajam e nos ajudam a manter o foco em nossos objetivos, refor\u00e7ando a cren\u00e7a de que tudo que \u00e9 nosso vai se materializar no tempo certo, como uma colheita ap\u00f3s um plantio cuidadoso. Celebre cada passo, pois cada passo dado em dire\u00e7\u00e3o aos nossos sonhos deve ser celebrado, pois construir nossa realidade requer esfor\u00e7o e dedica\u00e7\u00e3o, e celebrar as pequenas vit\u00f3rias nos fortalece para continuar em frente.\u00a0<\/p>\r\n\r\n\r\n\r\n<figure data-wp-context=\"{&quot;imageId&quot;:&quot;69fc5b0eb2c85&quot;}\" data-wp-interactive=\"core\/image\" data-wp-key=\"69fc5b0eb2c85\" class=\"wp-block-image size-large is-resized wp-lightbox-container\"><img loading=\"lazy\" decoding=\"async\" data-wp-class--hide=\"state.isContentHidden\" data-wp-class--show=\"state.isContentVisible\" data-wp-init=\"callbacks.setButtonStyles\" data-wp-on--click=\"actions.showLightbox\" data-wp-on--load=\"callbacks.setButtonStyles\" data-wp-on-window--resize=\"callbacks.setButtonStyles\" class=\"alignnone wp-image-4896\" style=\"width: 317px; height: auto;\" src=\"https:\/\/gloriadeus.com\/wp-content\/uploads\/2025\/03\/250111AMDIMG-8.jpg\" alt=\"Tudo que \u00e9 seu chegar\u00e1 at\u00e9 voc\u00ea, motivos para agradecer\" width=\"526\" height=\"639\" srcset=\"https:\/\/gloriadeus.com\/wp-content\/uploads\/2025\/03\/250111AMDIMG-8.jpg 526w, https:\/\/gloriadeus.com\/wp-content\/uploads\/2025\/03\/250111AMDIMG-8-247x300.jpg 247w\" sizes=\"auto, (max-width: 526px) 100vw, 526px\" \/><button\n\t\t\tclass=\"lightbox-trigger\"\n\t\t\ttype=\"button\"\n\t\t\taria-haspopup=\"dialog\"\n\t\t\taria-label=\"Ampliar\"\n\t\t\tdata-wp-init=\"callbacks.initTriggerButton\"\n\t\t\tdata-wp-on--click=\"actions.showLightbox\"\n\t\t\tdata-wp-style--right=\"state.imageButtonRight\"\n\t\t\tdata-wp-style--top=\"state.imageButtonTop\"\n\t\t>\n\t\t\t<svg xmlns=\"http:\/\/www.w3.org\/2000\/svg\" width=\"12\" height=\"12\" fill=\"none\" viewBox=\"0 0 12 12\">\n\t\t\t\t<path fill=\"#fff\" d=\"M2 0a2 2 0 0 0-2 2v2h1.5V2a.5.5 0 0 1 .5-.5h2V0H2Zm2 10.5H2a.5.5 0 0 1-.5-.5V8H0v2a2 2 0 0 0 2 2h2v-1.5ZM8 12v-1.5h2a.5.5 0 0 0 .5-.5V8H12v2a2 2 0 0 1-2 2H8Zm2-12a2 2 0 0 1 2 2v2h-1.5V2a.5.5 0 0 0-.5-.5H8V0h2Z\" \/>\n\t\t\t<\/svg>\n\t\t<\/button>\u00a0<\/figure>\r\n<p>A paci\u00eancia se torna uma virtude indispens\u00e1vel nesse caminho, pois aprender a confiar no processo e entender que o tempo do universo n\u00e3o \u00e9 necessariamente o nosso tempo traz uma paz interior que facilita a jornada. Ao nutrirmos um senso de expectativa positiva e abertura para as possibilidades, criamos um espa\u00e7o em nossas vidas onde o que \u00e9 nosso pode realmente entrar.<\/p>\r\n<p>Isso nos leva a reconhecer que, muitas vezes, o que desejamos j\u00e1 est\u00e1 em processo de manifesta\u00e7\u00e3o, mesmo que n\u00e3o o percebamos imediatamente.\u00a0Manter-se alinhado com suas metas e sonhos \u00e9 um ato de f\u00e9, um reconhecimento de que tudo que \u00e9 seu, seja amor, sucesso, sa\u00fade ou felicidade, est\u00e1 em constante movimento em dire\u00e7\u00e3o a voc\u00ea.<\/p>\r\n<h2>No tempo certo acontece<\/h2>\r\n<p>Ent\u00e3o percebemos que cada experi\u00eancia vivida, boa ou ruim, foi parte integrante da prepara\u00e7\u00e3o para receber aquilo que \u00e9 verdadeiramente nosso, transformando-nos em vers\u00f5es mais fortes e s\u00e1bias de n\u00f3s mesmos, prontos para acolher tudo que a vida tem a oferecer.\u00a0Aceitar que o tempo de cada pessoa \u00e9 \u00fanico e que n\u00e3o h\u00e1 necessidade de compara\u00e7\u00e3o com os outros nos permite viver com mais autenticidade e gratid\u00e3o.<\/p>\r\n<p>Cultivando um sentimento de paz interior enquanto seguimos em dire\u00e7\u00e3o aos nossos objetivos, confiantes de que o que \u00e9 nosso encontrar\u00e1 seu caminho at\u00e9 n\u00f3s no momento certo. Confiar que tudo que \u00e9 seu chegar\u00e1 at\u00e9 voc\u00ea \u00e9 um poderoso mantra que nos empodera, refor\u00e7ando a import\u00e2ncia de acreditar em n\u00f3s mesmos e no nosso valor, promovendo uma conex\u00e3o profunda com o que realmente importa em nossas vidas.\u00a0<\/p>\r\n\r\n\r\n\r\n\r\n\r\n\r\n\r\n<figure data-wp-context=\"{&quot;imageId&quot;:&quot;69fc5b0eb316d&quot;}\" data-wp-interactive=\"core\/image\" data-wp-key=\"69fc5b0eb316d\" class=\"wp-block-image size-large is-resized wp-lightbox-container\"><img loading=\"lazy\" decoding=\"async\" data-wp-class--hide=\"state.isContentHidden\" data-wp-class--show=\"state.isContentVisible\" data-wp-init=\"callbacks.setButtonStyles\" data-wp-on--click=\"actions.showLightbox\" data-wp-on--load=\"callbacks.setButtonStyles\" data-wp-on-window--resize=\"callbacks.setButtonStyles\" class=\"alignnone wp-image-4898\" style=\"width: 518px; height: auto;\" src=\"https:\/\/gloriadeus.com\/wp-content\/uploads\/2025\/03\/250111AMDIMG-22.jpg\" alt=\"Tudo que \u00e9 seu chegar\u00e1 at\u00e9 voc\u00ea, imaginando um mundo novo. \" width=\"735\" height=\"913\" srcset=\"https:\/\/gloriadeus.com\/wp-content\/uploads\/2025\/03\/250111AMDIMG-22.jpg 735w, https:\/\/gloriadeus.com\/wp-content\/uploads\/2025\/03\/250111AMDIMG-22-242x300.jpg 242w\" sizes=\"auto, (max-width: 735px) 100vw, 735px\" \/><button\n\t\t\tclass=\"lightbox-trigger\"\n\t\t\ttype=\"button\"\n\t\t\taria-haspopup=\"dialog\"\n\t\t\taria-label=\"Ampliar\"\n\t\t\tdata-wp-init=\"callbacks.initTriggerButton\"\n\t\t\tdata-wp-on--click=\"actions.showLightbox\"\n\t\t\tdata-wp-style--right=\"state.imageButtonRight\"\n\t\t\tdata-wp-style--top=\"state.imageButtonTop\"\n\t\t>\n\t\t\t<svg xmlns=\"http:\/\/www.w3.org\/2000\/svg\" width=\"12\" height=\"12\" fill=\"none\" viewBox=\"0 0 12 12\">\n\t\t\t\t<path fill=\"#fff\" d=\"M2 0a2 2 0 0 0-2 2v2h1.5V2a.5.5 0 0 1 .5-.5h2V0H2Zm2 10.5H2a.5.5 0 0 1-.5-.5V8H0v2a2 2 0 0 0 2 2h2v-1.5ZM8 12v-1.5h2a.5.5 0 0 0 .5-.5V8H12v2a2 2 0 0 1-2 2H8Zm2-12a2 2 0 0 1 2 2v2h-1.5V2a.5.5 0 0 0-.5-.5H8V0h2Z\" \/>\n\t\t\t<\/svg>\n\t\t<\/button>\u00a0<\/figure>\r\n<p>A vida \u00e9 regida por ciclos e tempos pr\u00f3prios. Cada experi\u00eancia vivida contribui para o nosso crescimento pessoal e espiritual. \u00c9 fundamental confiar no processo que nos conduz a evoluir e aprender. Quando abrimos m\u00e3o da pressa, percebemos que tudo ocorre no momento certo, trazendo as pessoas e oportunidades que realmente merecemos. A paci\u00eancia \u00e9 uma virtude que nos ensina a valorizar o presente.<\/p>\r\n<p>Em nossa jornada, \u00e9 comum desejar ansiosamente aquilo que ainda n\u00e3o arrivede. No entanto, ao entender que tudo tem seu tempo, encontramos a serenidade para apreciar o aqui e agora. Isso nos permite viver de forma plena, reconhecendo as b\u00ean\u00e7\u00e3os que j\u00e1 temos. Ao manter a f\u00e9 de que tudo que \u00e9 seu chegar\u00e1, cultivamos a esperan\u00e7a e a positividade.\u00a0<\/p>\r\n<h3>Concluindo<\/h3>\r\n<p>Essa cren\u00e7a nos motiva a agir e nos abre portas inesperadas. A vida, em sua ess\u00eancia, flui em harmonia, e ao confiar nesse ritmo natural, atra\u00edmos o que nos pertence. O tempo certo sempre traz gratifica\u00e7\u00f5es. Tudo isso nos permite viver com mais alegria, esperan\u00e7a e otimismo, pois o que desejamos, com dedica\u00e7\u00e3o e amor, inevitavelmente se torna parte da nossa realidade.\u00a0<\/p>\r\n<p>Pode que voc\u00ea tamb\u00e9m goste de conferir:\u00a0<\/p>\r\n<p><blockquote class=\"wp-embedded-content\" data-secret=\"r4js12EudV\"><a href=\"https:\/\/gloriadeus.com\/home\/um-bom-culto\/\">Um bom culto<\/a><\/blockquote><iframe loading=\"lazy\" class=\"wp-embedded-content\" sandbox=\"allow-scripts\" security=\"restricted\" style=\"position: absolute; visibility: hidden;\" title=\"&#8220;Um bom culto&#8221; &#8212; Gl\u00f3ria Deus\" src=\"https:\/\/gloriadeus.com\/home\/um-bom-culto\/embed\/#?secret=nCd27NAOA6#?secret=r4js12EudV\" data-secret=\"r4js12EudV\" width=\"600\" height=\"338\" frameborder=\"0\" marginwidth=\"0\" marginheight=\"0\" scrolling=\"no\"><\/iframe><\/p>\r\n\r\n\r\n","protected":false},"excerpt":{"rendered":"<p>&nbsp; A vida \u00e9 uma jornada repleta de desafios e aprendizados, e uma das cren\u00e7as que muitos abra\u00e7am \u00e9 a &hellip; <\/p>\n","protected":false},"author":1,"featured_media":4897,"parent":0,"menu_order":0,"comment_status":"open","ping_status":"closed","template":"","meta":{"_uf_show_specific_survey":0,"_uf_disable_surveys":false,"footnotes":""},"class_list":["post-4894","page","type-page","status-publish","has-post-thumbnail","hentry"],"yoast_head":"<!-- This site is optimized with the Yoast SEO plugin v27.5 - https:\/\/yoast.com\/product\/yoast-seo-wordpress\/ -->\n<title>Tudo que \u00e9 seu chegar\u00e1 - Gl\u00f3ria Deus<\/title>\n<meta name=\"robots\" content=\"index, follow, max-snippet:-1, max-image-preview:large, max-video-preview:-1\" \/>\n<link rel=\"canonical\" href=\"https:\/\/gloriadeus.com\/home\/tudo-que-e-seu-chegara\/\" \/>\n<meta property=\"og:locale\" content=\"pt_BR\" \/>\n<meta property=\"og:type\" content=\"article\" \/>\n<meta property=\"og:title\" content=\"Tudo que \u00e9 seu chegar\u00e1 - Gl\u00f3ria Deus\" \/>\n<meta property=\"og:description\" content=\"&nbsp; A vida \u00e9 uma jornada repleta de desafios e aprendizados, e uma das cren\u00e7as que muitos abra\u00e7am \u00e9 a &hellip;\" \/>\n<meta property=\"og:url\" content=\"https:\/\/gloriadeus.com\/home\/tudo-que-e-seu-chegara\/\" \/>\n<meta property=\"og:site_name\" content=\"Gl\u00f3ria Deus\" \/>\n<meta property=\"article:modified_time\" content=\"2026-05-05T14:01:54+00:00\" \/>\n<meta property=\"og:image\" content=\"https:\/\/gloriadeus.com\/wp-content\/uploads\/2025\/03\/250111AMDIMG-17.jpg\" \/>\n\t<meta property=\"og:image:width\" content=\"640\" \/>\n\t<meta property=\"og:image:height\" content=\"640\" \/>\n\t<meta property=\"og:image:type\" content=\"image\/jpeg\" \/>\n<meta name=\"twitter:card\" content=\"summary_large_image\" \/>\n<meta name=\"twitter:label1\" content=\"Est. tempo de leitura\" \/>\n\t<meta name=\"twitter:data1\" content=\"6 minutos\" \/>\n<script type=\"application\/ld+json\" class=\"yoast-schema-graph\">{\"@context\":\"https:\\\/\\\/schema.org\",\"@graph\":[{\"@type\":\"WebPage\",\"@id\":\"https:\\\/\\\/gloriadeus.com\\\/home\\\/tudo-que-e-seu-chegara\\\/\",\"url\":\"https:\\\/\\\/gloriadeus.com\\\/home\\\/tudo-que-e-seu-chegara\\\/\",\"name\":\"Tudo que \u00e9 seu chegar\u00e1 - Gl\u00f3ria Deus\",\"isPartOf\":{\"@id\":\"https:\\\/\\\/gloriadeus.com\\\/home\\\/#website\"},\"primaryImageOfPage\":{\"@id\":\"https:\\\/\\\/gloriadeus.com\\\/home\\\/tudo-que-e-seu-chegara\\\/#primaryimage\"},\"image\":{\"@id\":\"https:\\\/\\\/gloriadeus.com\\\/home\\\/tudo-que-e-seu-chegara\\\/#primaryimage\"},\"thumbnailUrl\":\"https:\\\/\\\/gloriadeus.com\\\/wp-content\\\/uploads\\\/2025\\\/03\\\/250111AMDIMG-17.jpg\",\"datePublished\":\"2026-05-05T13:13:50+00:00\",\"dateModified\":\"2026-05-05T14:01:54+00:00\",\"breadcrumb\":{\"@id\":\"https:\\\/\\\/gloriadeus.com\\\/home\\\/tudo-que-e-seu-chegara\\\/#breadcrumb\"},\"inLanguage\":\"pt-BR\",\"potentialAction\":[{\"@type\":\"ReadAction\",\"target\":[\"https:\\\/\\\/gloriadeus.com\\\/home\\\/tudo-que-e-seu-chegara\\\/\"]}]},{\"@type\":\"ImageObject\",\"inLanguage\":\"pt-BR\",\"@id\":\"https:\\\/\\\/gloriadeus.com\\\/home\\\/tudo-que-e-seu-chegara\\\/#primaryimage\",\"url\":\"https:\\\/\\\/gloriadeus.com\\\/wp-content\\\/uploads\\\/2025\\\/03\\\/250111AMDIMG-17.jpg\",\"contentUrl\":\"https:\\\/\\\/gloriadeus.com\\\/wp-content\\\/uploads\\\/2025\\\/03\\\/250111AMDIMG-17.jpg\",\"width\":640,\"height\":640,\"caption\":\"Tudo que \u00e9 seu chegar\u00e1\"},{\"@type\":\"BreadcrumbList\",\"@id\":\"https:\\\/\\\/gloriadeus.com\\\/home\\\/tudo-que-e-seu-chegara\\\/#breadcrumb\",\"itemListElement\":[{\"@type\":\"ListItem\",\"position\":1,\"name\":\"In\u00edcio\",\"item\":\"https:\\\/\\\/gloriadeus.com\\\/home\\\/\"},{\"@type\":\"ListItem\",\"position\":2,\"name\":\"Tudo que \u00e9 seu chegar\u00e1\"}]},{\"@type\":\"WebSite\",\"@id\":\"https:\\\/\\\/gloriadeus.com\\\/home\\\/#website\",\"url\":\"https:\\\/\\\/gloriadeus.com\\\/home\\\/\",\"name\":\"Gloria Deus\",\"description\":\"\u21a8 Deslize para descobrir mais \u21a8\",\"publisher\":{\"@id\":\"https:\\\/\\\/gloriadeus.com\\\/home\\\/#\\\/schema\\\/person\\\/ab2365ca8f87ea38e53ba3c2275e65c4\"},\"alternateName\":\"Muita f\u00e9\",\"potentialAction\":[{\"@type\":\"SearchAction\",\"target\":{\"@type\":\"EntryPoint\",\"urlTemplate\":\"https:\\\/\\\/gloriadeus.com\\\/home\\\/?s={search_term_string}\"},\"query-input\":{\"@type\":\"PropertyValueSpecification\",\"valueRequired\":true,\"valueName\":\"search_term_string\"}}],\"inLanguage\":\"pt-BR\"},{\"@type\":[\"Person\",\"Organization\"],\"@id\":\"https:\\\/\\\/gloriadeus.com\\\/home\\\/#\\\/schema\\\/person\\\/ab2365ca8f87ea38e53ba3c2275e65c4\",\"name\":\"gloriadeus.com\",\"image\":{\"@type\":\"ImageObject\",\"inLanguage\":\"pt-BR\",\"@id\":\"https:\\\/\\\/gloriadeus.com\\\/wp-content\\\/uploads\\\/2024\\\/03\\\/230525DDPNG-21.png\",\"url\":\"https:\\\/\\\/gloriadeus.com\\\/wp-content\\\/uploads\\\/2024\\\/03\\\/230525DDPNG-21.png\",\"contentUrl\":\"https:\\\/\\\/gloriadeus.com\\\/wp-content\\\/uploads\\\/2024\\\/03\\\/230525DDPNG-21.png\",\"width\":220,\"height\":230,\"caption\":\"gloriadeus.com\"},\"logo\":{\"@id\":\"https:\\\/\\\/gloriadeus.com\\\/wp-content\\\/uploads\\\/2024\\\/03\\\/230525DDPNG-21.png\"},\"sameAs\":[\"https:\\\/\\\/gloriadeus.com\"]}]}<\/script>\n<!-- \/ Yoast SEO plugin. -->","yoast_head_json":{"title":"Tudo que \u00e9 seu chegar\u00e1 - Gl\u00f3ria Deus","robots":{"index":"index","follow":"follow","max-snippet":"max-snippet:-1","max-image-preview":"max-image-preview:large","max-video-preview":"max-video-preview:-1"},"canonical":"https:\/\/gloriadeus.com\/home\/tudo-que-e-seu-chegara\/","og_locale":"pt_BR","og_type":"article","og_title":"Tudo que \u00e9 seu chegar\u00e1 - Gl\u00f3ria Deus","og_description":"&nbsp; A vida \u00e9 uma jornada repleta de desafios e aprendizados, e uma das cren\u00e7as que muitos abra\u00e7am \u00e9 a &hellip;","og_url":"https:\/\/gloriadeus.com\/home\/tudo-que-e-seu-chegara\/","og_site_name":"Gl\u00f3ria Deus","article_modified_time":"2026-05-05T14:01:54+00:00","og_image":[{"width":640,"height":640,"url":"https:\/\/gloriadeus.com\/wp-content\/uploads\/2025\/03\/250111AMDIMG-17.jpg","type":"image\/jpeg"}],"twitter_card":"summary_large_image","twitter_misc":{"Est. tempo de leitura":"6 minutos"},"schema":{"@context":"https:\/\/schema.org","@graph":[{"@type":"WebPage","@id":"https:\/\/gloriadeus.com\/home\/tudo-que-e-seu-chegara\/","url":"https:\/\/gloriadeus.com\/home\/tudo-que-e-seu-chegara\/","name":"Tudo que \u00e9 seu chegar\u00e1 - Gl\u00f3ria Deus","isPartOf":{"@id":"https:\/\/gloriadeus.com\/home\/#website"},"primaryImageOfPage":{"@id":"https:\/\/gloriadeus.com\/home\/tudo-que-e-seu-chegara\/#primaryimage"},"image":{"@id":"https:\/\/gloriadeus.com\/home\/tudo-que-e-seu-chegara\/#primaryimage"},"thumbnailUrl":"https:\/\/gloriadeus.com\/wp-content\/uploads\/2025\/03\/250111AMDIMG-17.jpg","datePublished":"2026-05-05T13:13:50+00:00","dateModified":"2026-05-05T14:01:54+00:00","breadcrumb":{"@id":"https:\/\/gloriadeus.com\/home\/tudo-que-e-seu-chegara\/#breadcrumb"},"inLanguage":"pt-BR","potentialAction":[{"@type":"ReadAction","target":["https:\/\/gloriadeus.com\/home\/tudo-que-e-seu-chegara\/"]}]},{"@type":"ImageObject","inLanguage":"pt-BR","@id":"https:\/\/gloriadeus.com\/home\/tudo-que-e-seu-chegara\/#primaryimage","url":"https:\/\/gloriadeus.com\/wp-content\/uploads\/2025\/03\/250111AMDIMG-17.jpg","contentUrl":"https:\/\/gloriadeus.com\/wp-content\/uploads\/2025\/03\/250111AMDIMG-17.jpg","width":640,"height":640,"caption":"Tudo que \u00e9 seu chegar\u00e1"},{"@type":"BreadcrumbList","@id":"https:\/\/gloriadeus.com\/home\/tudo-que-e-seu-chegara\/#breadcrumb","itemListElement":[{"@type":"ListItem","position":1,"name":"In\u00edcio","item":"https:\/\/gloriadeus.com\/home\/"},{"@type":"ListItem","position":2,"name":"Tudo que \u00e9 seu chegar\u00e1"}]},{"@type":"WebSite","@id":"https:\/\/gloriadeus.com\/home\/#website","url":"https:\/\/gloriadeus.com\/home\/","name":"Gloria Deus","description":"\u21a8 Deslize para descobrir mais \u21a8","publisher":{"@id":"https:\/\/gloriadeus.com\/home\/#\/schema\/person\/ab2365ca8f87ea38e53ba3c2275e65c4"},"alternateName":"Muita f\u00e9","potentialAction":[{"@type":"SearchAction","target":{"@type":"EntryPoint","urlTemplate":"https:\/\/gloriadeus.com\/home\/?s={search_term_string}"},"query-input":{"@type":"PropertyValueSpecification","valueRequired":true,"valueName":"search_term_string"}}],"inLanguage":"pt-BR"},{"@type":["Person","Organization"],"@id":"https:\/\/gloriadeus.com\/home\/#\/schema\/person\/ab2365ca8f87ea38e53ba3c2275e65c4","name":"gloriadeus.com","image":{"@type":"ImageObject","inLanguage":"pt-BR","@id":"https:\/\/gloriadeus.com\/wp-content\/uploads\/2024\/03\/230525DDPNG-21.png","url":"https:\/\/gloriadeus.com\/wp-content\/uploads\/2024\/03\/230525DDPNG-21.png","contentUrl":"https:\/\/gloriadeus.com\/wp-content\/uploads\/2024\/03\/230525DDPNG-21.png","width":220,"height":230,"caption":"gloriadeus.com"},"logo":{"@id":"https:\/\/gloriadeus.com\/wp-content\/uploads\/2024\/03\/230525DDPNG-21.png"},"sameAs":["https:\/\/gloriadeus.com"]}]}},"_links":{"self":[{"href":"https:\/\/gloriadeus.com\/home\/wp-json\/wp\/v2\/pages\/4894","targetHints":{"allow":["GET"]}}],"collection":[{"href":"https:\/\/gloriadeus.com\/home\/wp-json\/wp\/v2\/pages"}],"about":[{"href":"https:\/\/gloriadeus.com\/home\/wp-json\/wp\/v2\/types\/page"}],"author":[{"embeddable":true,"href":"https:\/\/gloriadeus.com\/home\/wp-json\/wp\/v2\/users\/1"}],"replies":[{"embeddable":true,"href":"https:\/\/gloriadeus.com\/home\/wp-json\/wp\/v2\/comments?post=4894"}],"version-history":[{"count":10,"href":"https:\/\/gloriadeus.com\/home\/wp-json\/wp\/v2\/pages\/4894\/revisions"}],"predecessor-version":[{"id":11712,"href":"https:\/\/gloriadeus.com\/home\/wp-json\/wp\/v2\/pages\/4894\/revisions\/11712"}],"wp:featuredmedia":[{"embeddable":true,"href":"https:\/\/gloriadeus.com\/home\/wp-json\/wp\/v2\/media\/4897"}],"wp:attachment":[{"href":"https:\/\/gloriadeus.com\/home\/wp-json\/wp\/v2\/media?parent=4894"}],"curies":[{"name":"wp","href":"https:\/\/api.w.org\/{rel}","templated":true}]}}