{"id":4888,"date":"2026-01-06T14:38:38","date_gmt":"2026-01-06T17:38:38","guid":{"rendered":"https:\/\/gloriadeus.com\/?page_id=4888"},"modified":"2026-02-04T12:18:49","modified_gmt":"2026-02-04T15:18:49","slug":"minha-terapia-e-voce","status":"publish","type":"page","link":"https:\/\/gloriadeus.com\/home\/minha-terapia-e-voce\/","title":{"rendered":"Minha terapia \u00e9 voc\u00ea"},"content":{"rendered":"<!-- subtitulo, palavra, paragrafo ok -->\r\n\r\n\r\n\r\n<figure class=\"wp-lightbox-container\" data-wp-context=\"{&quot;imageId&quot;:&quot;69fa367007ff9&quot;}\" data-wp-interactive=\"core\/image\" data-wp-key=\"69fa367007ff9\">A import\u00e2ncia do suporte emocional que recebemos n\u00e3o pode ser subestimada, pois um sistema de apoio s\u00f3lido \u00e9 essencial para enfrentar os desafios da vida, promovendo resili\u00eancia e uma sensa\u00e7\u00e3o de pertencimento.<\/figure>\r\n<figure class=\"wp-block-image size-large is-resized\"><img loading=\"lazy\" decoding=\"async\" width=\"736\" height=\"736\" data-wp-class--hide=\"state.isContentHidden\" data-wp-class--show=\"state.isContentVisible\" data-wp-init=\"callbacks.setButtonStyles\" data-wp-on--click=\"actions.showLightbox\" data-wp-on--load=\"callbacks.setButtonStyles\" data-wp-on-window--resize=\"callbacks.setButtonStyles\" class=\"wp-image-4891\" style=\"width: 334px; height: auto;\" src=\"https:\/\/gloriadeus.com\/wp-content\/uploads\/2025\/03\/250111AMDIMG-6.jpg\" alt=\"Minha terapia \u00e9 voc\u00ea\" srcset=\"https:\/\/gloriadeus.com\/wp-content\/uploads\/2025\/03\/250111AMDIMG-6.jpg 736w, https:\/\/gloriadeus.com\/wp-content\/uploads\/2025\/03\/250111AMDIMG-6-300x300.jpg 300w, https:\/\/gloriadeus.com\/wp-content\/uploads\/2025\/03\/250111AMDIMG-6-150x150.jpg 150w\" sizes=\"auto, (max-width: 736px) 100vw, 736px\" \/><button\n\t\t\tclass=\"lightbox-trigger\"\n\t\t\ttype=\"button\"\n\t\t\taria-haspopup=\"dialog\"\n\t\t\taria-label=\"Ampliar\"\n\t\t\tdata-wp-init=\"callbacks.initTriggerButton\"\n\t\t\tdata-wp-on--click=\"actions.showLightbox\"\n\t\t\tdata-wp-style--right=\"state.imageButtonRight\"\n\t\t\tdata-wp-style--top=\"state.imageButtonTop\"\n\t\t>\n\t\t\t<svg xmlns=\"http:\/\/www.w3.org\/2000\/svg\" width=\"12\" height=\"12\" fill=\"none\" viewBox=\"0 0 12 12\">\n\t\t\t\t<path fill=\"#fff\" d=\"M2 0a2 2 0 0 0-2 2v2h1.5V2a.5.5 0 0 1 .5-.5h2V0H2Zm2 10.5H2a.5.5 0 0 1-.5-.5V8H0v2a2 2 0 0 0 2 2h2v-1.5ZM8 12v-1.5h2a.5.5 0 0 0 .5-.5V8H12v2a2 2 0 0 1-2 2H8Zm2-12a2 2 0 0 1 2 2v2h-1.5V2a.5.5 0 0 0-.5-.5H8V0h2Z\" \/>\n\t\t\t<\/svg>\n\t\t<\/button>\u00a0<\/figure>\r\n\r\n\r\n\r\n<p>As pessoas que surgem em nossas vidas desempenham um papel fundamental em nosso desenvolvimento emocional e psicol\u00f3gico, atuando como verdadeiras terapias que nos ajudam a crescer e a nos fortalecer.\u00a0<\/p>\r\n<h2>Voc\u00ea me proporciona apoio\u00a0<\/h2>\r\n<p>Desde a inf\u00e2ncia, com a presen\u00e7a dos nossos pais e familiares, at\u00e9 a vida adulta, com amigos e parceiros, essas rela\u00e7\u00f5es nos proporcionam apoio, amor e compreens\u00e3o, essenciais para o bem-estar.\u00a0<\/p>\r\n<p>Cada pessoa que cruzamos em nosso caminho traz consigo uma nova perspectiva, uma experi\u00eancia \u00fanica que, muitas vezes, nos ensina li\u00e7\u00f5es valiosas sobre n\u00f3s mesmos e sobre os outros. \u00c0s vezes, encontramos pessoas que nos inspiram a buscar nossos sonhos, que nos ajudam a ver que somos capazes de muito mais do que imaginamos.\u00a0<\/p>\r\n<figure class=\"wp-block-image size-large is-resized\"><img loading=\"lazy\" decoding=\"async\" width=\"736\" height=\"880\" class=\"wp-image-4889\" style=\"width: 488px; height: auto;\" src=\"https:\/\/gloriadeus.com\/wp-content\/uploads\/2025\/03\/250111AMDIMG-10.jpg\" alt=\"Minha terapia \u00e9 voc\u00ea\" srcset=\"https:\/\/gloriadeus.com\/wp-content\/uploads\/2025\/03\/250111AMDIMG-10.jpg 736w, https:\/\/gloriadeus.com\/wp-content\/uploads\/2025\/03\/250111AMDIMG-10-251x300.jpg 251w\" sizes=\"auto, (max-width: 736px) 100vw, 736px\" \/>\u00a0<\/figure>\r\n<p>Celebrar as conquistas e os momentos felizes com aqueles que amamos torna as experi\u00eancias ainda mais significativas, criando mem\u00f3rias que permanecem conosco ao longo da vida.\u00a0<\/p>\r\n<h2>Sua reciprocidade me inspira\u00a0<\/h2>\r\n<p>\u00c9 importante lembrar que, assim como nos beneficiamos da presen\u00e7a dessas pessoas, tamb\u00e9m temos o poder de desempenhar o mesmo papel na vida delas, a reciprocidade nas rela\u00e7\u00f5es \u00e9 uma parte fundamental da conex\u00e3o humana, e \u00e9 atrav\u00e9s do apoio m\u00fatuo que todos podemos prosperar.<\/p>\r\n<p>Cultivar rela\u00e7\u00f5es saud\u00e1veis e que nos fa\u00e7am bem \u00e9 uma forma de terapia que todos devemos incentivar, pois elas s\u00e3o essenciais para a nossa sa\u00fade emocional e mental, ajudando-nos a navegar os altos e baixos da vida com mais leveza e esperan\u00e7a.<\/p>\r\n<p>\r\n\r\n\r\n\r\n\r\n<figure data-wp-context=\"{&quot;imageId&quot;:&quot;69fa3670083dd&quot;}\" data-wp-interactive=\"core\/image\" data-wp-key=\"69fa3670083dd\" class=\"wp-block-image size-large is-resized wp-lightbox-container\"><img loading=\"lazy\" decoding=\"async\" width=\"720\" height=\"900\" data-wp-class--hide=\"state.isContentHidden\" data-wp-class--show=\"state.isContentVisible\" data-wp-init=\"callbacks.setButtonStyles\" data-wp-on--click=\"actions.showLightbox\" data-wp-on--load=\"callbacks.setButtonStyles\" data-wp-on-window--resize=\"callbacks.setButtonStyles\" class=\"wp-image-4890\" style=\"width: 338px; height: auto;\" src=\"https:\/\/gloriadeus.com\/wp-content\/uploads\/2025\/03\/250111AMDIMG-7.jpg\" alt=\"Minha terapia \u00e9 voc\u00ea\" srcset=\"https:\/\/gloriadeus.com\/wp-content\/uploads\/2025\/03\/250111AMDIMG-7.jpg 720w, https:\/\/gloriadeus.com\/wp-content\/uploads\/2025\/03\/250111AMDIMG-7-240x300.jpg 240w\" sizes=\"auto, (max-width: 720px) 100vw, 720px\" \/><button\n\t\t\tclass=\"lightbox-trigger\"\n\t\t\ttype=\"button\"\n\t\t\taria-haspopup=\"dialog\"\n\t\t\taria-label=\"Ampliar\"\n\t\t\tdata-wp-init=\"callbacks.initTriggerButton\"\n\t\t\tdata-wp-on--click=\"actions.showLightbox\"\n\t\t\tdata-wp-style--right=\"state.imageButtonRight\"\n\t\t\tdata-wp-style--top=\"state.imageButtonTop\"\n\t\t>\n\t\t\t<svg xmlns=\"http:\/\/www.w3.org\/2000\/svg\" width=\"12\" height=\"12\" fill=\"none\" viewBox=\"0 0 12 12\">\n\t\t\t\t<path fill=\"#fff\" d=\"M2 0a2 2 0 0 0-2 2v2h1.5V2a.5.5 0 0 1 .5-.5h2V0H2Zm2 10.5H2a.5.5 0 0 1-.5-.5V8H0v2a2 2 0 0 0 2 2h2v-1.5ZM8 12v-1.5h2a.5.5 0 0 0 .5-.5V8H12v2a2 2 0 0 1-2 2H8Zm2-12a2 2 0 0 1 2 2v2h-1.5V2a.5.5 0 0 0-.5-.5H8V0h2Z\" \/>\n\t\t\t<\/svg>\n\t\t<\/button>\u00a0<\/figure>\r\n<p>S\u00e3o conex\u00f5es que podem ser um alicerce em momentos de dificuldade, pois elas nos lembram que n\u00e3o estamos sozinhos e que nossas batalhas s\u00e3o compartilhadas. Outras vezes, somos confrontados por pessoas que nos desafiam, que nos tiram da nossa zona de conforto e nos fazem questionar nossas cren\u00e7as e atitudes, impulsionando nosso crescimento pessoal e nos levando a reflex\u00f5es profundas.\u00a0<\/p>\r\n<p>As conversas que temos com essas pessoas podem ser verdadeiros b\u00e1lsamos para nossa alma, oferecendo consolo e perspectivas diferentes que iluminam nossos caminhos. A presen\u00e7a de indiv\u00edduos que nos fazem rir e nos divertem \u00e9 igualmente significativa, o riso, por sua vez, tem um efeito terap\u00eautico comprovado, aliviando o estresse e promovendo a felicidade.\u00a0<\/p>\r\n<h2>Voc\u00ea me faz entender tudo o que se passa\u00a0<\/h2>\r\n<p>As pessoas que aparecem em nossas vidas frequentemente refletem aspectos de n\u00f3s mesmos, ao interagir com elas, temos a chance de entender melhor quem somos e quais s\u00e3o nossas pr\u00f3prias necessidades, desejos e limita\u00e7\u00f5es. Esse processo de autodescoberta \u00e9 uma das partes mais valiosas das rela\u00e7\u00f5es humanas, pois nos permite evoluir e melhorar constantemente.<\/p>\r\n<p>Mesmo aqueles que podem parecer inconvenientes ou desafiadores no in\u00edcio tamb\u00e9m desempenham um papel importante, pois muitas vezes nos ensinam sobre paci\u00eancia, toler\u00e2ncia e a import\u00e2ncia do perd\u00e3o. Esses aprendizados s\u00e3o cruciais para o nosso crescimento emocional e para a constru\u00e7\u00e3o de relacionamentos saud\u00e1veis e significativos.<\/p>\r\n\r\n\r\n\r\n<figure class=\"wp-block-image size-large is-resized\"><img loading=\"lazy\" decoding=\"async\" width=\"736\" height=\"874\" class=\"wp-image-4892\" style=\"width: 412px; height: auto;\" src=\"https:\/\/gloriadeus.com\/wp-content\/uploads\/2025\/03\/250111AMDIMG-14.jpg\" alt=\"Minha terapia \u00e9 voc\u00ea\" srcset=\"https:\/\/gloriadeus.com\/wp-content\/uploads\/2025\/03\/250111AMDIMG-14.jpg 736w, https:\/\/gloriadeus.com\/wp-content\/uploads\/2025\/03\/250111AMDIMG-14-253x300.jpg 253w\" sizes=\"auto, (max-width: 736px) 100vw, 736px\" \/>\u00a0<\/figure>\r\n\r\n\r\n\r\n<p>Em momentos de crise, \u00e9 o amor e a compreens\u00e3o oferecidos por essas pessoas que muitas vezes nos ajudam a encontrar a for\u00e7a necess\u00e1ria para superarmos nossos problemas.\u00a0<\/p>\r\n<h2>Quero seguir a maior parte do caminho ao seu lado\u00a0<\/h2>\r\n<p>As pessoas que entram em nossas vidas, com suas hist\u00f3rias, experi\u00eancias e emo\u00e7\u00f5es, s\u00e3o verdadeiras terapias que nos ajudam a encontrar nosso caminho, nos fortalecendo e nos moldando a cada dia.<\/p>\r\n<p>Eles nos lembram da beleza das conex\u00f5es humanas e da import\u00e2ncia de valorizar e nutrir esses relacionamentos, pois, no final das contas, somos todos parte de um grande tecido social que nos une em nossa jornada.<\/p>\r\n","protected":false},"excerpt":{"rendered":"<p>As pessoas que surgem em nossas vidas desempenham um papel fundamental em nosso desenvolvimento emocional e psicol\u00f3gico, atuando como verdadeiras &hellip; <\/p>\n","protected":false},"author":1,"featured_media":4891,"parent":0,"menu_order":0,"comment_status":"open","ping_status":"closed","template":"","meta":{"_uf_show_specific_survey":0,"_uf_disable_surveys":false,"footnotes":""},"class_list":["post-4888","page","type-page","status-publish","has-post-thumbnail","hentry"],"yoast_head":"<!-- This site is optimized with the Yoast SEO plugin v27.5 - https:\/\/yoast.com\/product\/yoast-seo-wordpress\/ -->\n<title>Minha terapia \u00e9 voc\u00ea - Gl\u00f3ria Deus<\/title>\n<meta name=\"robots\" content=\"index, follow, max-snippet:-1, max-image-preview:large, max-video-preview:-1\" \/>\n<link rel=\"canonical\" href=\"https:\/\/gloriadeus.com\/home\/minha-terapia-e-voce\/\" \/>\n<meta property=\"og:locale\" content=\"pt_BR\" \/>\n<meta property=\"og:type\" content=\"article\" \/>\n<meta property=\"og:title\" content=\"Minha terapia \u00e9 voc\u00ea - Gl\u00f3ria Deus\" \/>\n<meta property=\"og:description\" content=\"As pessoas que surgem em nossas vidas desempenham um papel fundamental em nosso desenvolvimento emocional e psicol\u00f3gico, atuando como verdadeiras &hellip;\" \/>\n<meta property=\"og:url\" content=\"https:\/\/gloriadeus.com\/home\/minha-terapia-e-voce\/\" \/>\n<meta property=\"og:site_name\" content=\"Gl\u00f3ria Deus\" \/>\n<meta property=\"article:modified_time\" content=\"2026-02-04T15:18:49+00:00\" \/>\n<meta property=\"og:image\" content=\"https:\/\/gloriadeus.com\/wp-content\/uploads\/2025\/03\/250111AMDIMG-6.jpg\" \/>\n\t<meta property=\"og:image:width\" content=\"736\" \/>\n\t<meta property=\"og:image:height\" content=\"736\" \/>\n\t<meta property=\"og:image:type\" content=\"image\/jpeg\" \/>\n<meta name=\"twitter:card\" content=\"summary_large_image\" \/>\n<meta name=\"twitter:label1\" content=\"Est. tempo de leitura\" \/>\n\t<meta name=\"twitter:data1\" content=\"5 minutos\" \/>\n<script type=\"application\/ld+json\" class=\"yoast-schema-graph\">{\"@context\":\"https:\\\/\\\/schema.org\",\"@graph\":[{\"@type\":\"WebPage\",\"@id\":\"https:\\\/\\\/gloriadeus.com\\\/home\\\/minha-terapia-e-voce\\\/\",\"url\":\"https:\\\/\\\/gloriadeus.com\\\/home\\\/minha-terapia-e-voce\\\/\",\"name\":\"Minha terapia \u00e9 voc\u00ea - Gl\u00f3ria Deus\",\"isPartOf\":{\"@id\":\"https:\\\/\\\/gloriadeus.com\\\/home\\\/#website\"},\"primaryImageOfPage\":{\"@id\":\"https:\\\/\\\/gloriadeus.com\\\/home\\\/minha-terapia-e-voce\\\/#primaryimage\"},\"image\":{\"@id\":\"https:\\\/\\\/gloriadeus.com\\\/home\\\/minha-terapia-e-voce\\\/#primaryimage\"},\"thumbnailUrl\":\"https:\\\/\\\/gloriadeus.com\\\/wp-content\\\/uploads\\\/2025\\\/03\\\/250111AMDIMG-6.jpg\",\"datePublished\":\"2026-01-06T17:38:38+00:00\",\"dateModified\":\"2026-02-04T15:18:49+00:00\",\"breadcrumb\":{\"@id\":\"https:\\\/\\\/gloriadeus.com\\\/home\\\/minha-terapia-e-voce\\\/#breadcrumb\"},\"inLanguage\":\"pt-BR\",\"potentialAction\":[{\"@type\":\"ReadAction\",\"target\":[\"https:\\\/\\\/gloriadeus.com\\\/home\\\/minha-terapia-e-voce\\\/\"]}]},{\"@type\":\"ImageObject\",\"inLanguage\":\"pt-BR\",\"@id\":\"https:\\\/\\\/gloriadeus.com\\\/home\\\/minha-terapia-e-voce\\\/#primaryimage\",\"url\":\"https:\\\/\\\/gloriadeus.com\\\/wp-content\\\/uploads\\\/2025\\\/03\\\/250111AMDIMG-6.jpg\",\"contentUrl\":\"https:\\\/\\\/gloriadeus.com\\\/wp-content\\\/uploads\\\/2025\\\/03\\\/250111AMDIMG-6.jpg\",\"width\":736,\"height\":736,\"caption\":\"Minha terapia \u00e9 voc\u00ea\"},{\"@type\":\"BreadcrumbList\",\"@id\":\"https:\\\/\\\/gloriadeus.com\\\/home\\\/minha-terapia-e-voce\\\/#breadcrumb\",\"itemListElement\":[{\"@type\":\"ListItem\",\"position\":1,\"name\":\"In\u00edcio\",\"item\":\"https:\\\/\\\/gloriadeus.com\\\/home\\\/\"},{\"@type\":\"ListItem\",\"position\":2,\"name\":\"Minha terapia \u00e9 voc\u00ea\"}]},{\"@type\":\"WebSite\",\"@id\":\"https:\\\/\\\/gloriadeus.com\\\/home\\\/#website\",\"url\":\"https:\\\/\\\/gloriadeus.com\\\/home\\\/\",\"name\":\"Gloria Deus\",\"description\":\"\u21a8 Deslize para descobrir mais \u21a8\",\"publisher\":{\"@id\":\"https:\\\/\\\/gloriadeus.com\\\/home\\\/#\\\/schema\\\/person\\\/ab2365ca8f87ea38e53ba3c2275e65c4\"},\"alternateName\":\"Muita f\u00e9\",\"potentialAction\":[{\"@type\":\"SearchAction\",\"target\":{\"@type\":\"EntryPoint\",\"urlTemplate\":\"https:\\\/\\\/gloriadeus.com\\\/home\\\/?s={search_term_string}\"},\"query-input\":{\"@type\":\"PropertyValueSpecification\",\"valueRequired\":true,\"valueName\":\"search_term_string\"}}],\"inLanguage\":\"pt-BR\"},{\"@type\":[\"Person\",\"Organization\"],\"@id\":\"https:\\\/\\\/gloriadeus.com\\\/home\\\/#\\\/schema\\\/person\\\/ab2365ca8f87ea38e53ba3c2275e65c4\",\"name\":\"gloriadeus.com\",\"image\":{\"@type\":\"ImageObject\",\"inLanguage\":\"pt-BR\",\"@id\":\"https:\\\/\\\/gloriadeus.com\\\/wp-content\\\/uploads\\\/2024\\\/03\\\/230525DDPNG-21.png\",\"url\":\"https:\\\/\\\/gloriadeus.com\\\/wp-content\\\/uploads\\\/2024\\\/03\\\/230525DDPNG-21.png\",\"contentUrl\":\"https:\\\/\\\/gloriadeus.com\\\/wp-content\\\/uploads\\\/2024\\\/03\\\/230525DDPNG-21.png\",\"width\":220,\"height\":230,\"caption\":\"gloriadeus.com\"},\"logo\":{\"@id\":\"https:\\\/\\\/gloriadeus.com\\\/wp-content\\\/uploads\\\/2024\\\/03\\\/230525DDPNG-21.png\"},\"sameAs\":[\"https:\\\/\\\/gloriadeus.com\"]}]}<\/script>\n<!-- \/ Yoast SEO plugin. -->","yoast_head_json":{"title":"Minha terapia \u00e9 voc\u00ea - Gl\u00f3ria Deus","robots":{"index":"index","follow":"follow","max-snippet":"max-snippet:-1","max-image-preview":"max-image-preview:large","max-video-preview":"max-video-preview:-1"},"canonical":"https:\/\/gloriadeus.com\/home\/minha-terapia-e-voce\/","og_locale":"pt_BR","og_type":"article","og_title":"Minha terapia \u00e9 voc\u00ea - Gl\u00f3ria Deus","og_description":"As pessoas que surgem em nossas vidas desempenham um papel fundamental em nosso desenvolvimento emocional e psicol\u00f3gico, atuando como verdadeiras &hellip;","og_url":"https:\/\/gloriadeus.com\/home\/minha-terapia-e-voce\/","og_site_name":"Gl\u00f3ria Deus","article_modified_time":"2026-02-04T15:18:49+00:00","og_image":[{"width":736,"height":736,"url":"https:\/\/gloriadeus.com\/wp-content\/uploads\/2025\/03\/250111AMDIMG-6.jpg","type":"image\/jpeg"}],"twitter_card":"summary_large_image","twitter_misc":{"Est. tempo de leitura":"5 minutos"},"schema":{"@context":"https:\/\/schema.org","@graph":[{"@type":"WebPage","@id":"https:\/\/gloriadeus.com\/home\/minha-terapia-e-voce\/","url":"https:\/\/gloriadeus.com\/home\/minha-terapia-e-voce\/","name":"Minha terapia \u00e9 voc\u00ea - Gl\u00f3ria Deus","isPartOf":{"@id":"https:\/\/gloriadeus.com\/home\/#website"},"primaryImageOfPage":{"@id":"https:\/\/gloriadeus.com\/home\/minha-terapia-e-voce\/#primaryimage"},"image":{"@id":"https:\/\/gloriadeus.com\/home\/minha-terapia-e-voce\/#primaryimage"},"thumbnailUrl":"https:\/\/gloriadeus.com\/wp-content\/uploads\/2025\/03\/250111AMDIMG-6.jpg","datePublished":"2026-01-06T17:38:38+00:00","dateModified":"2026-02-04T15:18:49+00:00","breadcrumb":{"@id":"https:\/\/gloriadeus.com\/home\/minha-terapia-e-voce\/#breadcrumb"},"inLanguage":"pt-BR","potentialAction":[{"@type":"ReadAction","target":["https:\/\/gloriadeus.com\/home\/minha-terapia-e-voce\/"]}]},{"@type":"ImageObject","inLanguage":"pt-BR","@id":"https:\/\/gloriadeus.com\/home\/minha-terapia-e-voce\/#primaryimage","url":"https:\/\/gloriadeus.com\/wp-content\/uploads\/2025\/03\/250111AMDIMG-6.jpg","contentUrl":"https:\/\/gloriadeus.com\/wp-content\/uploads\/2025\/03\/250111AMDIMG-6.jpg","width":736,"height":736,"caption":"Minha terapia \u00e9 voc\u00ea"},{"@type":"BreadcrumbList","@id":"https:\/\/gloriadeus.com\/home\/minha-terapia-e-voce\/#breadcrumb","itemListElement":[{"@type":"ListItem","position":1,"name":"In\u00edcio","item":"https:\/\/gloriadeus.com\/home\/"},{"@type":"ListItem","position":2,"name":"Minha terapia \u00e9 voc\u00ea"}]},{"@type":"WebSite","@id":"https:\/\/gloriadeus.com\/home\/#website","url":"https:\/\/gloriadeus.com\/home\/","name":"Gloria Deus","description":"\u21a8 Deslize para descobrir mais \u21a8","publisher":{"@id":"https:\/\/gloriadeus.com\/home\/#\/schema\/person\/ab2365ca8f87ea38e53ba3c2275e65c4"},"alternateName":"Muita f\u00e9","potentialAction":[{"@type":"SearchAction","target":{"@type":"EntryPoint","urlTemplate":"https:\/\/gloriadeus.com\/home\/?s={search_term_string}"},"query-input":{"@type":"PropertyValueSpecification","valueRequired":true,"valueName":"search_term_string"}}],"inLanguage":"pt-BR"},{"@type":["Person","Organization"],"@id":"https:\/\/gloriadeus.com\/home\/#\/schema\/person\/ab2365ca8f87ea38e53ba3c2275e65c4","name":"gloriadeus.com","image":{"@type":"ImageObject","inLanguage":"pt-BR","@id":"https:\/\/gloriadeus.com\/wp-content\/uploads\/2024\/03\/230525DDPNG-21.png","url":"https:\/\/gloriadeus.com\/wp-content\/uploads\/2024\/03\/230525DDPNG-21.png","contentUrl":"https:\/\/gloriadeus.com\/wp-content\/uploads\/2024\/03\/230525DDPNG-21.png","width":220,"height":230,"caption":"gloriadeus.com"},"logo":{"@id":"https:\/\/gloriadeus.com\/wp-content\/uploads\/2024\/03\/230525DDPNG-21.png"},"sameAs":["https:\/\/gloriadeus.com"]}]}},"_links":{"self":[{"href":"https:\/\/gloriadeus.com\/home\/wp-json\/wp\/v2\/pages\/4888","targetHints":{"allow":["GET"]}}],"collection":[{"href":"https:\/\/gloriadeus.com\/home\/wp-json\/wp\/v2\/pages"}],"about":[{"href":"https:\/\/gloriadeus.com\/home\/wp-json\/wp\/v2\/types\/page"}],"author":[{"embeddable":true,"href":"https:\/\/gloriadeus.com\/home\/wp-json\/wp\/v2\/users\/1"}],"replies":[{"embeddable":true,"href":"https:\/\/gloriadeus.com\/home\/wp-json\/wp\/v2\/comments?post=4888"}],"version-history":[{"count":6,"href":"https:\/\/gloriadeus.com\/home\/wp-json\/wp\/v2\/pages\/4888\/revisions"}],"predecessor-version":[{"id":10336,"href":"https:\/\/gloriadeus.com\/home\/wp-json\/wp\/v2\/pages\/4888\/revisions\/10336"}],"wp:featuredmedia":[{"embeddable":true,"href":"https:\/\/gloriadeus.com\/home\/wp-json\/wp\/v2\/media\/4891"}],"wp:attachment":[{"href":"https:\/\/gloriadeus.com\/home\/wp-json\/wp\/v2\/media?parent=4888"}],"curies":[{"name":"wp","href":"https:\/\/api.w.org\/{rel}","templated":true}]}}