{"id":4861,"date":"2026-01-06T14:13:13","date_gmt":"2026-01-06T17:13:13","guid":{"rendered":"https:\/\/gloriadeus.com\/?page_id=4861"},"modified":"2026-02-07T12:53:59","modified_gmt":"2026-02-07T15:53:59","slug":"como-fazer-o-bem-sem-olhar-a-quem-descubra","status":"publish","type":"page","link":"https:\/\/gloriadeus.com\/home\/como-fazer-o-bem-sem-olhar-a-quem-descubra\/","title":{"rendered":"Como fazer o bem sem olhar a quem #descubra"},"content":{"rendered":"<!-- subtitulo, palavra, paragrafo ok -->\r\n\r\n<figure class=\"wp-lightbox-container\" data-wp-context=\"{&quot;imageId&quot;:&quot;69fa4b447ee96&quot;}\" data-wp-interactive=\"core\/image\" data-wp-key=\"69fa4b447ee96\">\u00c9 fundamental lembrar que cada um de n\u00f3s pode fazer a diferen\u00e7a, e que mesmo os menores gestos de bondade t\u00eam o potencial de criar um impacto significativo, tornando o ato de fazer o bem uma constru\u00e7\u00e3o cont\u00ednua e coletiva que se espalha pelo mundo e transforma vidas.\u00a0<\/figure>\r\n<figure class=\"wp-block-image size-large is-resized\"><img loading=\"lazy\" decoding=\"async\" width=\"736\" height=\"920\" data-wp-class--hide=\"state.isContentHidden\" data-wp-class--show=\"state.isContentVisible\" data-wp-init=\"callbacks.setButtonStyles\" data-wp-on--click=\"actions.showLightbox\" data-wp-on--load=\"callbacks.setButtonStyles\" data-wp-on-window--resize=\"callbacks.setButtonStyles\" class=\"wp-image-4862\" style=\"width: 346px; height: auto;\" src=\"https:\/\/gloriadeus.com\/wp-content\/uploads\/2025\/03\/250111AMDIMG-1.jpg\" alt=\"Como fazer o bem sem olhar a quem #descubra\" srcset=\"https:\/\/gloriadeus.com\/wp-content\/uploads\/2025\/03\/250111AMDIMG-1.jpg 736w, https:\/\/gloriadeus.com\/wp-content\/uploads\/2025\/03\/250111AMDIMG-1-240x300.jpg 240w\" sizes=\"auto, (max-width: 736px) 100vw, 736px\" \/><button\n\t\t\tclass=\"lightbox-trigger\"\n\t\t\ttype=\"button\"\n\t\t\taria-haspopup=\"dialog\"\n\t\t\taria-label=\"Ampliar\"\n\t\t\tdata-wp-init=\"callbacks.initTriggerButton\"\n\t\t\tdata-wp-on--click=\"actions.showLightbox\"\n\t\t\tdata-wp-style--right=\"state.imageButtonRight\"\n\t\t\tdata-wp-style--top=\"state.imageButtonTop\"\n\t\t>\n\t\t\t<svg xmlns=\"http:\/\/www.w3.org\/2000\/svg\" width=\"12\" height=\"12\" fill=\"none\" viewBox=\"0 0 12 12\">\n\t\t\t\t<path fill=\"#fff\" d=\"M2 0a2 2 0 0 0-2 2v2h1.5V2a.5.5 0 0 1 .5-.5h2V0H2Zm2 10.5H2a.5.5 0 0 1-.5-.5V8H0v2a2 2 0 0 0 2 2h2v-1.5ZM8 12v-1.5h2a.5.5 0 0 0 .5-.5V8H12v2a2 2 0 0 1-2 2H8Zm2-12a2 2 0 0 1 2 2v2h-1.5V2a.5.5 0 0 0-.5-.5H8V0h2Z\" \/>\n\t\t\t<\/svg>\n\t\t<\/button><\/figure>\r\n\r\n\r\n\r\n<p>Fazer o bem sem olhar a quem \u00e9 um princ\u00edpio fundamental que transcende diferen\u00e7as sociais, econ\u00f4micas e culturais, promovendo a empatia e a solidariedade em nossas a\u00e7\u00f5es di\u00e1rias. Para come\u00e7ar, \u00e9 essencial cultivar uma mentalidade altru\u00edsta, onde o foco prim\u00e1rio \u00e9 a ajuda ao pr\u00f3ximo, independentemente de sua condi\u00e7\u00e3o ou identidade.\u00a0<\/p>\r\n<h2>Contribuir de maneira significativa\u00a0<\/h2>\r\n<p>Reconhecer que cada indiv\u00edduo possui hist\u00f3rias e desafios \u00fanicos, e que todos merecem compaix\u00e3o e apoio. Uma abordagem pr\u00e1tica para desenvolver essa mentalidade \u00e9 a pr\u00e1tica da escuta ativa, onde nos dispomos a ouvir o que as pessoas t\u00eam a dizer, entendendo suas necessidades e dificuldades, o que facilita a identifica\u00e7\u00e3o de formas de contribuir de maneira significativa.<\/p>\r\n<p>O envolvimento em atividades volunt\u00e1rias em comunidades locais ou organiza\u00e7\u00f5es sem fins lucrativos pode ser uma excelente forma de expandir essa vis\u00e3o, proporcionando oportunidades para ajudar aqueles que est\u00e3o em situa\u00e7\u00f5es vulner\u00e1veis e que muitas vezes n\u00e3o t\u00eam a chance de serem ouvidos.\u00a0<\/p>\r\n\r\n\r\n\r\n<figure data-wp-context=\"{&quot;imageId&quot;:&quot;69fa4b447f259&quot;}\" data-wp-interactive=\"core\/image\" data-wp-key=\"69fa4b447f259\" class=\"wp-block-image size-large wp-lightbox-container\"><img loading=\"lazy\" decoding=\"async\" data-wp-class--hide=\"state.isContentHidden\" data-wp-class--show=\"state.isContentVisible\" data-wp-init=\"callbacks.setButtonStyles\" data-wp-on--click=\"actions.showLightbox\" data-wp-on--load=\"callbacks.setButtonStyles\" data-wp-on-window--resize=\"callbacks.setButtonStyles\" class=\"wp-image-4866\" src=\"https:\/\/gloriadeus.com\/wp-content\/uploads\/2025\/03\/231208DDIMG02.jpg\" alt=\"Como fazer o bem sem olhar a quem #descubra\" width=\"305\" height=\"332\" srcset=\"https:\/\/gloriadeus.com\/wp-content\/uploads\/2025\/03\/231208DDIMG02.jpg 564w, https:\/\/gloriadeus.com\/wp-content\/uploads\/2025\/03\/231208DDIMG02-276x300.jpg 276w\" sizes=\"auto, (max-width: 305px) 100vw, 305px\" \/><button\n\t\t\tclass=\"lightbox-trigger\"\n\t\t\ttype=\"button\"\n\t\t\taria-haspopup=\"dialog\"\n\t\t\taria-label=\"Ampliar\"\n\t\t\tdata-wp-init=\"callbacks.initTriggerButton\"\n\t\t\tdata-wp-on--click=\"actions.showLightbox\"\n\t\t\tdata-wp-style--right=\"state.imageButtonRight\"\n\t\t\tdata-wp-style--top=\"state.imageButtonTop\"\n\t\t>\n\t\t\t<svg xmlns=\"http:\/\/www.w3.org\/2000\/svg\" width=\"12\" height=\"12\" fill=\"none\" viewBox=\"0 0 12 12\">\n\t\t\t\t<path fill=\"#fff\" d=\"M2 0a2 2 0 0 0-2 2v2h1.5V2a.5.5 0 0 1 .5-.5h2V0H2Zm2 10.5H2a.5.5 0 0 1-.5-.5V8H0v2a2 2 0 0 0 2 2h2v-1.5ZM8 12v-1.5h2a.5.5 0 0 0 .5-.5V8H12v2a2 2 0 0 1-2 2H8Zm2-12a2 2 0 0 1 2 2v2h-1.5V2a.5.5 0 0 0-.5-.5H8V0h2Z\" \/>\n\t\t\t<\/svg>\n\t\t<\/button>\u00a0<\/figure>\r\n<p>Ao nos engajarmos em a\u00e7\u00f5es de voluntariado, n\u00e3o apenas oferecemos nosso tempo e habilidades, mas tamb\u00e9m aprendemos sobre as realidades que cercam as vidas das pessoas e as diversas formas de pobreza e exclus\u00e3o social.\u00a0<\/p>\r\n<h2>Como fazer o bem sem olhar a quem #descubra<\/h2>\r\n<p>\u00c9 importante lembrar que as pequenas a\u00e7\u00f5es podem ter um grande impacto, por exemplo, um simples gesto de bondade, como ajudar um vizinho com as compras ou doar comida para quem precisa, pode fazer uma enorme diferen\u00e7a na vida de algu\u00e9m.<\/p>\r\n<p>Podemos promover o bem em nossas intera\u00e7\u00f5es di\u00e1rias, sendo gentis e respeitosos com todos, independentemente de suas circunst\u00e2ncias.\u00a0<\/p>\r\n<p><img loading=\"lazy\" decoding=\"async\" data-wp-class--hide=\"state.isContentHidden\" data-wp-class--show=\"state.isContentVisible\" data-wp-init=\"callbacks.setButtonStyles\" data-wp-on--click=\"actions.showLightbox\" data-wp-on--load=\"callbacks.setButtonStyles\" data-wp-on-window--resize=\"callbacks.setButtonStyles\" class=\"wp-image-4866\" src=\"https:\/\/gloriadeus.com\/wp-content\/uploads\/2025\/03\/231208DDIMG02.jpg\" alt=\"Como fazer o bem sem olhar a quem #descubra\" width=\"305\" height=\"332\" srcset=\"https:\/\/gloriadeus.com\/wp-content\/uploads\/2025\/03\/231208DDIMG02.jpg 564w, https:\/\/gloriadeus.com\/wp-content\/uploads\/2025\/03\/231208DDIMG02-276x300.jpg 276w\" sizes=\"auto, (max-width: 305px) 100vw, 305px\" \/><button\n\t\t\tclass=\"lightbox-trigger\"\n\t\t\ttype=\"button\"\n\t\t\taria-haspopup=\"dialog\"\n\t\t\taria-label=\"Ampliar\"\n\t\t\tdata-wp-init=\"callbacks.initTriggerButton\"\n\t\t\tdata-wp-on--click=\"actions.showLightbox\"\n\t\t\tdata-wp-style--right=\"state.imageButtonRight\"\n\t\t\tdata-wp-style--top=\"state.imageButtonTop\"\n\t\t>\n\t\t\t<svg xmlns=\"http:\/\/www.w3.org\/2000\/svg\" width=\"12\" height=\"12\" fill=\"none\" viewBox=\"0 0 12 12\">\n\t\t\t\t<path fill=\"#fff\" d=\"M2 0a2 2 0 0 0-2 2v2h1.5V2a.5.5 0 0 1 .5-.5h2V0H2Zm2 10.5H2a.5.5 0 0 1-.5-.5V8H0v2a2 2 0 0 0 2 2h2v-1.5ZM8 12v-1.5h2a.5.5 0 0 0 .5-.5V8H12v2a2 2 0 0 1-2 2H8Zm2-12a2 2 0 0 1 2 2v2h-1.5V2a.5.5 0 0 0-.5-.5H8V0h2Z\" \/>\n\t\t\t<\/svg>\n\t\t<\/button>\u00a0<\/p>\r\n<p>Exemplos de a\u00e7\u00f5es que podem ser facilmente implementadas s\u00e3o a doa\u00e7\u00e3o de roupas ou itens que n\u00e3o usamos mais, oferecer o nosso tempo em asilos ou lares de crian\u00e7as, ou mesmo simplesmente espalhar palavras de encorajamento nas redes sociais, promovendo um ambiente mais positivo.\u00a0<\/p>\r\n<h2>Fazer op bem sem olhar a que s\u00f3 nos beneficia\u00a0<\/h2>\r\n<p>Uma maneira de fazer o bem sem olhar a quem \u00e9 por meio do apoio a iniciativas e projetos que visam transformar realidades sociais, seja por meio de doa\u00e7\u00f5es financeiras, divulga\u00e7\u00e3o de campanhas ou mobiliza\u00e7\u00e3o de grupos em torno de causas importantes.\u00a0<\/p>\r\n<p>Muitas vezes, as necessidades das comunidades s\u00e3o mais profundas do que aparentam e, ao nos informarmos sobre as quest\u00f5es sociais que afligem a sociedade, podemos direcionar nossos esfor\u00e7os para onde realmente h\u00e1 demanda.\u00a0<\/p>\r\n<p>\r\n\r\n\r\n\r\n\r\n<figure class=\"wp-block-image size-large\"><img loading=\"lazy\" decoding=\"async\" class=\"wp-image-4867\" src=\"https:\/\/gloriadeus.com\/wp-content\/uploads\/2025\/03\/231208DDIMG05.jpg\" alt=\"Como fazer o bem sem olhar a quem #descubra\" width=\"330\" height=\"330\" srcset=\"https:\/\/gloriadeus.com\/wp-content\/uploads\/2025\/03\/231208DDIMG05.jpg 512w, https:\/\/gloriadeus.com\/wp-content\/uploads\/2025\/03\/231208DDIMG05-300x300.jpg 300w, https:\/\/gloriadeus.com\/wp-content\/uploads\/2025\/03\/231208DDIMG05-150x150.jpg 150w\" sizes=\"auto, (max-width: 330px) 100vw, 330px\" \/>\u00a0<\/figure>\r\n\r\n\r\n\r\n<p>A educa\u00e7\u00e3o \u00e9 um poderoso instrumento de mudan\u00e7a, e podemos atuar atrav\u00e9s do ensino ou tutorias para ajudar jovens a terem acesso ao conhecimento e \u00e0 cultura, preparando-os melhor para o futuro e quebrando ciclos de pobreza.\u00a0<\/p>\r\n<h2>Promovendo boas pr\u00e1ticas\u00a0<\/h2>\r\n<p>Podemos tamb\u00e9m expandir essa vis\u00e3o para nossas esferas profissionais, promovendo pr\u00e1ticas de responsabilidade social dentro de nosso ambiente de trabalho, incentivando nossos colegas e empresas a se engajarem em a\u00e7\u00f5es que beneficiem a comunidade.<\/p>\r\n<p>Ser um agente de mudan\u00e7a \u00e9 muitas vezes contagiante, ao ver um colega se envolvendo em projetos sociais, \u00e9 prov\u00e1vel que outros sejam inspirados a fazer o mesmo, criando um efeito positivo em cadeia. O uso de plataformas digitais para mobilizar pessoas em torno de uma causa ou projeto pode facilitar a conex\u00e3o entre aqueles que desejam fazer o bem, ampliando o alcance de nossas a\u00e7\u00f5es.<\/p>\r\n<p>A pr\u00e1tica tamb\u00e9m pode incluir a sensibiliza\u00e7\u00e3o sobre temas como sustentabilidade e respeito ao meio ambiente, promovendo uma mudan\u00e7a de comportamento que beneficia n\u00e3o apenas as pessoas, mas tamb\u00e9m o planeta.\u00a0<\/p>\r\n<p>A educa\u00e7\u00e3o para a cidadania e a forma\u00e7\u00e3o de um pensamento cr\u00edtico s\u00e3o fatores que podem ser trabalhados em conjunto com a\u00e7\u00f5es pr\u00e1ticas. Ao ensinar sobre a import\u00e2ncia do respeito ao outro e do cuidado com a natureza, contribu\u00edmos para um futuro mais justo e equilibrado.\u00a0<\/p>\r\n<h2>\u00c9 importante saber inspirar\u00a0\u00a0<\/h2>\r\n<p>Encorajar outras pessoas a se engajar em a\u00e7\u00f5es do bem, seja compartilhando experi\u00eancias positivas ou criando coletivos de solidariedade, refor\u00e7a a ideia de que todos n\u00f3s podemos contribuir de alguma forma.<\/p>\r\n<p>Ao longo do tempo, a pr\u00e1tica do bem pode se tornar um h\u00e1bito que permeia todos os aspectos de nossas vidas, transformando n\u00e3o apenas aqueles que recebemos ajuda, mas tamb\u00e9m a n\u00f3s mesmos, que ao fazer o bem encontramos um prop\u00f3sito maior e satisfa\u00e7\u00e3o pessoal. Isso nos leva a entender que a verdadeira riqueza est\u00e1 na capacidade de impactar positivamente a vida dos outros.<\/p>\r\n<p>Ao nos dedicarmos a essa filosofia, tornamo-nos exemplos e inspira\u00e7\u00e3o para aqueles ao nosso redor. Essa pr\u00e1tica gera uma mudan\u00e7a de mentalidade na sociedade, onde a solidariedade e a empatia se tornam valores centrais, influenciando novas gera\u00e7\u00f5es.<\/p>\r\n<p>Ao agir com o cora\u00e7\u00e3o aberto e disposto a ajudar, contribu\u00edmos para a constru\u00e7\u00e3o de um mundo mais justo e solid\u00e1rio, onde o bem \u00e9 uma pr\u00e1tica comum e n\u00e3o uma exce\u00e7\u00e3o.\u00a0<\/p>\r\n","protected":false},"excerpt":{"rendered":"<p>Fazer o bem sem olhar a quem \u00e9 um princ\u00edpio fundamental que transcende diferen\u00e7as sociais, econ\u00f4micas e culturais, promovendo a &hellip; <\/p>\n","protected":false},"author":1,"featured_media":4869,"parent":0,"menu_order":0,"comment_status":"open","ping_status":"closed","template":"","meta":{"_uf_show_specific_survey":0,"_uf_disable_surveys":false,"footnotes":""},"class_list":["post-4861","page","type-page","status-publish","has-post-thumbnail","hentry"],"yoast_head":"<!-- This site is optimized with the Yoast SEO plugin v27.5 - https:\/\/yoast.com\/product\/yoast-seo-wordpress\/ -->\n<title>Como fazer o bem sem olhar a quem #descubra - Gl\u00f3ria Deus<\/title>\n<meta name=\"robots\" content=\"index, follow, max-snippet:-1, max-image-preview:large, max-video-preview:-1\" \/>\n<link rel=\"canonical\" href=\"https:\/\/gloriadeus.com\/home\/como-fazer-o-bem-sem-olhar-a-quem-descubra\/\" \/>\n<meta property=\"og:locale\" content=\"pt_BR\" \/>\n<meta property=\"og:type\" content=\"article\" \/>\n<meta property=\"og:title\" content=\"Como fazer o bem sem olhar a quem #descubra - Gl\u00f3ria Deus\" \/>\n<meta property=\"og:description\" content=\"Fazer o bem sem olhar a quem \u00e9 um princ\u00edpio fundamental que transcende diferen\u00e7as sociais, econ\u00f4micas e culturais, promovendo a &hellip;\" \/>\n<meta property=\"og:url\" content=\"https:\/\/gloriadeus.com\/home\/como-fazer-o-bem-sem-olhar-a-quem-descubra\/\" \/>\n<meta property=\"og:site_name\" content=\"Gl\u00f3ria Deus\" \/>\n<meta property=\"article:modified_time\" content=\"2026-02-07T15:53:59+00:00\" \/>\n<meta property=\"og:image\" content=\"https:\/\/gloriadeus.com\/wp-content\/uploads\/2025\/03\/250111AMDIMG-1-1.jpg\" \/>\n\t<meta property=\"og:image:width\" content=\"736\" \/>\n\t<meta property=\"og:image:height\" content=\"920\" \/>\n\t<meta property=\"og:image:type\" content=\"image\/jpeg\" \/>\n<meta name=\"twitter:card\" content=\"summary_large_image\" \/>\n<meta name=\"twitter:label1\" content=\"Est. tempo de leitura\" \/>\n\t<meta name=\"twitter:data1\" content=\"6 minutos\" \/>\n<script type=\"application\/ld+json\" class=\"yoast-schema-graph\">{\"@context\":\"https:\\\/\\\/schema.org\",\"@graph\":[{\"@type\":\"WebPage\",\"@id\":\"https:\\\/\\\/gloriadeus.com\\\/home\\\/como-fazer-o-bem-sem-olhar-a-quem-descubra\\\/\",\"url\":\"https:\\\/\\\/gloriadeus.com\\\/home\\\/como-fazer-o-bem-sem-olhar-a-quem-descubra\\\/\",\"name\":\"Como fazer o bem sem olhar a quem #descubra - Gl\u00f3ria Deus\",\"isPartOf\":{\"@id\":\"https:\\\/\\\/gloriadeus.com\\\/home\\\/#website\"},\"primaryImageOfPage\":{\"@id\":\"https:\\\/\\\/gloriadeus.com\\\/home\\\/como-fazer-o-bem-sem-olhar-a-quem-descubra\\\/#primaryimage\"},\"image\":{\"@id\":\"https:\\\/\\\/gloriadeus.com\\\/home\\\/como-fazer-o-bem-sem-olhar-a-quem-descubra\\\/#primaryimage\"},\"thumbnailUrl\":\"https:\\\/\\\/gloriadeus.com\\\/wp-content\\\/uploads\\\/2025\\\/03\\\/250111AMDIMG-1-1.jpg\",\"datePublished\":\"2026-01-06T17:13:13+00:00\",\"dateModified\":\"2026-02-07T15:53:59+00:00\",\"breadcrumb\":{\"@id\":\"https:\\\/\\\/gloriadeus.com\\\/home\\\/como-fazer-o-bem-sem-olhar-a-quem-descubra\\\/#breadcrumb\"},\"inLanguage\":\"pt-BR\",\"potentialAction\":[{\"@type\":\"ReadAction\",\"target\":[\"https:\\\/\\\/gloriadeus.com\\\/home\\\/como-fazer-o-bem-sem-olhar-a-quem-descubra\\\/\"]}]},{\"@type\":\"ImageObject\",\"inLanguage\":\"pt-BR\",\"@id\":\"https:\\\/\\\/gloriadeus.com\\\/home\\\/como-fazer-o-bem-sem-olhar-a-quem-descubra\\\/#primaryimage\",\"url\":\"https:\\\/\\\/gloriadeus.com\\\/wp-content\\\/uploads\\\/2025\\\/03\\\/250111AMDIMG-1-1.jpg\",\"contentUrl\":\"https:\\\/\\\/gloriadeus.com\\\/wp-content\\\/uploads\\\/2025\\\/03\\\/250111AMDIMG-1-1.jpg\",\"width\":736,\"height\":920,\"caption\":\"Como fazer o bem sem olhar a quem #descubra\"},{\"@type\":\"BreadcrumbList\",\"@id\":\"https:\\\/\\\/gloriadeus.com\\\/home\\\/como-fazer-o-bem-sem-olhar-a-quem-descubra\\\/#breadcrumb\",\"itemListElement\":[{\"@type\":\"ListItem\",\"position\":1,\"name\":\"In\u00edcio\",\"item\":\"https:\\\/\\\/gloriadeus.com\\\/home\\\/\"},{\"@type\":\"ListItem\",\"position\":2,\"name\":\"Como fazer o bem sem olhar a quem #descubra\"}]},{\"@type\":\"WebSite\",\"@id\":\"https:\\\/\\\/gloriadeus.com\\\/home\\\/#website\",\"url\":\"https:\\\/\\\/gloriadeus.com\\\/home\\\/\",\"name\":\"Gloria Deus\",\"description\":\"\u21a8 Deslize para descobrir mais \u21a8\",\"publisher\":{\"@id\":\"https:\\\/\\\/gloriadeus.com\\\/home\\\/#\\\/schema\\\/person\\\/ab2365ca8f87ea38e53ba3c2275e65c4\"},\"alternateName\":\"Muita f\u00e9\",\"potentialAction\":[{\"@type\":\"SearchAction\",\"target\":{\"@type\":\"EntryPoint\",\"urlTemplate\":\"https:\\\/\\\/gloriadeus.com\\\/home\\\/?s={search_term_string}\"},\"query-input\":{\"@type\":\"PropertyValueSpecification\",\"valueRequired\":true,\"valueName\":\"search_term_string\"}}],\"inLanguage\":\"pt-BR\"},{\"@type\":[\"Person\",\"Organization\"],\"@id\":\"https:\\\/\\\/gloriadeus.com\\\/home\\\/#\\\/schema\\\/person\\\/ab2365ca8f87ea38e53ba3c2275e65c4\",\"name\":\"gloriadeus.com\",\"image\":{\"@type\":\"ImageObject\",\"inLanguage\":\"pt-BR\",\"@id\":\"https:\\\/\\\/gloriadeus.com\\\/wp-content\\\/uploads\\\/2024\\\/03\\\/230525DDPNG-21.png\",\"url\":\"https:\\\/\\\/gloriadeus.com\\\/wp-content\\\/uploads\\\/2024\\\/03\\\/230525DDPNG-21.png\",\"contentUrl\":\"https:\\\/\\\/gloriadeus.com\\\/wp-content\\\/uploads\\\/2024\\\/03\\\/230525DDPNG-21.png\",\"width\":220,\"height\":230,\"caption\":\"gloriadeus.com\"},\"logo\":{\"@id\":\"https:\\\/\\\/gloriadeus.com\\\/wp-content\\\/uploads\\\/2024\\\/03\\\/230525DDPNG-21.png\"},\"sameAs\":[\"https:\\\/\\\/gloriadeus.com\"]}]}<\/script>\n<!-- \/ Yoast SEO plugin. -->","yoast_head_json":{"title":"Como fazer o bem sem olhar a quem #descubra - Gl\u00f3ria Deus","robots":{"index":"index","follow":"follow","max-snippet":"max-snippet:-1","max-image-preview":"max-image-preview:large","max-video-preview":"max-video-preview:-1"},"canonical":"https:\/\/gloriadeus.com\/home\/como-fazer-o-bem-sem-olhar-a-quem-descubra\/","og_locale":"pt_BR","og_type":"article","og_title":"Como fazer o bem sem olhar a quem #descubra - Gl\u00f3ria Deus","og_description":"Fazer o bem sem olhar a quem \u00e9 um princ\u00edpio fundamental que transcende diferen\u00e7as sociais, econ\u00f4micas e culturais, promovendo a &hellip;","og_url":"https:\/\/gloriadeus.com\/home\/como-fazer-o-bem-sem-olhar-a-quem-descubra\/","og_site_name":"Gl\u00f3ria Deus","article_modified_time":"2026-02-07T15:53:59+00:00","og_image":[{"width":736,"height":920,"url":"https:\/\/gloriadeus.com\/wp-content\/uploads\/2025\/03\/250111AMDIMG-1-1.jpg","type":"image\/jpeg"}],"twitter_card":"summary_large_image","twitter_misc":{"Est. tempo de leitura":"6 minutos"},"schema":{"@context":"https:\/\/schema.org","@graph":[{"@type":"WebPage","@id":"https:\/\/gloriadeus.com\/home\/como-fazer-o-bem-sem-olhar-a-quem-descubra\/","url":"https:\/\/gloriadeus.com\/home\/como-fazer-o-bem-sem-olhar-a-quem-descubra\/","name":"Como fazer o bem sem olhar a quem #descubra - Gl\u00f3ria Deus","isPartOf":{"@id":"https:\/\/gloriadeus.com\/home\/#website"},"primaryImageOfPage":{"@id":"https:\/\/gloriadeus.com\/home\/como-fazer-o-bem-sem-olhar-a-quem-descubra\/#primaryimage"},"image":{"@id":"https:\/\/gloriadeus.com\/home\/como-fazer-o-bem-sem-olhar-a-quem-descubra\/#primaryimage"},"thumbnailUrl":"https:\/\/gloriadeus.com\/wp-content\/uploads\/2025\/03\/250111AMDIMG-1-1.jpg","datePublished":"2026-01-06T17:13:13+00:00","dateModified":"2026-02-07T15:53:59+00:00","breadcrumb":{"@id":"https:\/\/gloriadeus.com\/home\/como-fazer-o-bem-sem-olhar-a-quem-descubra\/#breadcrumb"},"inLanguage":"pt-BR","potentialAction":[{"@type":"ReadAction","target":["https:\/\/gloriadeus.com\/home\/como-fazer-o-bem-sem-olhar-a-quem-descubra\/"]}]},{"@type":"ImageObject","inLanguage":"pt-BR","@id":"https:\/\/gloriadeus.com\/home\/como-fazer-o-bem-sem-olhar-a-quem-descubra\/#primaryimage","url":"https:\/\/gloriadeus.com\/wp-content\/uploads\/2025\/03\/250111AMDIMG-1-1.jpg","contentUrl":"https:\/\/gloriadeus.com\/wp-content\/uploads\/2025\/03\/250111AMDIMG-1-1.jpg","width":736,"height":920,"caption":"Como fazer o bem sem olhar a quem #descubra"},{"@type":"BreadcrumbList","@id":"https:\/\/gloriadeus.com\/home\/como-fazer-o-bem-sem-olhar-a-quem-descubra\/#breadcrumb","itemListElement":[{"@type":"ListItem","position":1,"name":"In\u00edcio","item":"https:\/\/gloriadeus.com\/home\/"},{"@type":"ListItem","position":2,"name":"Como fazer o bem sem olhar a quem #descubra"}]},{"@type":"WebSite","@id":"https:\/\/gloriadeus.com\/home\/#website","url":"https:\/\/gloriadeus.com\/home\/","name":"Gloria Deus","description":"\u21a8 Deslize para descobrir mais \u21a8","publisher":{"@id":"https:\/\/gloriadeus.com\/home\/#\/schema\/person\/ab2365ca8f87ea38e53ba3c2275e65c4"},"alternateName":"Muita f\u00e9","potentialAction":[{"@type":"SearchAction","target":{"@type":"EntryPoint","urlTemplate":"https:\/\/gloriadeus.com\/home\/?s={search_term_string}"},"query-input":{"@type":"PropertyValueSpecification","valueRequired":true,"valueName":"search_term_string"}}],"inLanguage":"pt-BR"},{"@type":["Person","Organization"],"@id":"https:\/\/gloriadeus.com\/home\/#\/schema\/person\/ab2365ca8f87ea38e53ba3c2275e65c4","name":"gloriadeus.com","image":{"@type":"ImageObject","inLanguage":"pt-BR","@id":"https:\/\/gloriadeus.com\/wp-content\/uploads\/2024\/03\/230525DDPNG-21.png","url":"https:\/\/gloriadeus.com\/wp-content\/uploads\/2024\/03\/230525DDPNG-21.png","contentUrl":"https:\/\/gloriadeus.com\/wp-content\/uploads\/2024\/03\/230525DDPNG-21.png","width":220,"height":230,"caption":"gloriadeus.com"},"logo":{"@id":"https:\/\/gloriadeus.com\/wp-content\/uploads\/2024\/03\/230525DDPNG-21.png"},"sameAs":["https:\/\/gloriadeus.com"]}]}},"_links":{"self":[{"href":"https:\/\/gloriadeus.com\/home\/wp-json\/wp\/v2\/pages\/4861","targetHints":{"allow":["GET"]}}],"collection":[{"href":"https:\/\/gloriadeus.com\/home\/wp-json\/wp\/v2\/pages"}],"about":[{"href":"https:\/\/gloriadeus.com\/home\/wp-json\/wp\/v2\/types\/page"}],"author":[{"embeddable":true,"href":"https:\/\/gloriadeus.com\/home\/wp-json\/wp\/v2\/users\/1"}],"replies":[{"embeddable":true,"href":"https:\/\/gloriadeus.com\/home\/wp-json\/wp\/v2\/comments?post=4861"}],"version-history":[{"count":5,"href":"https:\/\/gloriadeus.com\/home\/wp-json\/wp\/v2\/pages\/4861\/revisions"}],"predecessor-version":[{"id":8490,"href":"https:\/\/gloriadeus.com\/home\/wp-json\/wp\/v2\/pages\/4861\/revisions\/8490"}],"wp:featuredmedia":[{"embeddable":true,"href":"https:\/\/gloriadeus.com\/home\/wp-json\/wp\/v2\/media\/4869"}],"wp:attachment":[{"href":"https:\/\/gloriadeus.com\/home\/wp-json\/wp\/v2\/media?parent=4861"}],"curies":[{"name":"wp","href":"https:\/\/api.w.org\/{rel}","templated":true}]}}