{"id":4802,"date":"2026-01-05T20:26:35","date_gmt":"2026-01-05T23:26:35","guid":{"rendered":"https:\/\/gloriadeus.com\/?page_id=4802"},"modified":"2026-02-07T15:24:18","modified_gmt":"2026-02-07T18:24:18","slug":"a-oracao-me-faz-esquecer-dos-pecados","status":"publish","type":"page","link":"https:\/\/gloriadeus.com\/home\/a-oracao-me-faz-esquecer-dos-pecados\/","title":{"rendered":"A ora\u00e7\u00e3o me faz esquecer dos pecados"},"content":{"rendered":"<!-- subtitulo, palavra, paragrafo ok --> \r\n\r\n<figure data-wp-context=\"{&quot;imageId&quot;:&quot;69fa3638b4dd9&quot;}\" data-wp-interactive=\"core\/image\" data-wp-key=\"69fa3638b4dd9\" class=\"wp-block-image size-large is-resized wp-lightbox-container\"><img loading=\"lazy\" decoding=\"async\" width=\"564\" height=\"661\" data-wp-class--hide=\"state.isContentHidden\" data-wp-class--show=\"state.isContentVisible\" data-wp-init=\"callbacks.setButtonStyles\" data-wp-on--click=\"actions.showLightbox\" data-wp-on--load=\"callbacks.setButtonStyles\" data-wp-on-window--resize=\"callbacks.setButtonStyles\" class=\"wp-image-4803\" style=\"width: 340px; height: auto;\" src=\"https:\/\/gloriadeus.com\/wp-content\/uploads\/2025\/03\/250114AMDIMG-1.jpg\" alt=\"A ora\u00e7\u00e3o me faz esquecer dos pecados\" srcset=\"https:\/\/gloriadeus.com\/wp-content\/uploads\/2025\/03\/250114AMDIMG-1.jpg 564w, https:\/\/gloriadeus.com\/wp-content\/uploads\/2025\/03\/250114AMDIMG-1-256x300.jpg 256w\" sizes=\"auto, (max-width: 564px) 100vw, 564px\" \/><button\n\t\t\tclass=\"lightbox-trigger\"\n\t\t\ttype=\"button\"\n\t\t\taria-haspopup=\"dialog\"\n\t\t\taria-label=\"Ampliar\"\n\t\t\tdata-wp-init=\"callbacks.initTriggerButton\"\n\t\t\tdata-wp-on--click=\"actions.showLightbox\"\n\t\t\tdata-wp-style--right=\"state.imageButtonRight\"\n\t\t\tdata-wp-style--top=\"state.imageButtonTop\"\n\t\t>\n\t\t\t<svg xmlns=\"http:\/\/www.w3.org\/2000\/svg\" width=\"12\" height=\"12\" fill=\"none\" viewBox=\"0 0 12 12\">\n\t\t\t\t<path fill=\"#fff\" d=\"M2 0a2 2 0 0 0-2 2v2h1.5V2a.5.5 0 0 1 .5-.5h2V0H2Zm2 10.5H2a.5.5 0 0 1-.5-.5V8H0v2a2 2 0 0 0 2 2h2v-1.5ZM8 12v-1.5h2a.5.5 0 0 0 .5-.5V8H12v2a2 2 0 0 1-2 2H8Zm2-12a2 2 0 0 1 2 2v2h-1.5V2a.5.5 0 0 0-.5-.5H8V0h2Z\" \/>\n\t\t\t<\/svg>\n\t\t<\/button><\/figure>\r\n\r\n\r\n\r\n<p>A ora\u00e7\u00e3o, em sua ess\u00eancia, \u00e9 um ato de comunica\u00e7\u00e3o que transcende as barreiras do mundano, permitindo ao ser humano conectar-se com o divino e buscar um estado de reflex\u00e3o e renova\u00e7\u00e3o espiritual.\u00a0<\/p>\r\n<h2>Orar pelo perd\u00e3o\u00a0<\/h2>\r\n<p>Quando se fala que a ora\u00e7\u00e3o pode fazer com que os pecados sejam esquecidos, \u00e9 fundamental compreender que este processo est\u00e1 ligado n\u00e3o apenas ao perd\u00e3o divino, mas tamb\u00e9m ao poder transformador que a pr\u00e1tica espiritual exerce no pr\u00f3prio indiv\u00edduo.\u00a0<\/p>\r\n<p>Em muitas tradi\u00e7\u00f5es religiosas, a ora\u00e7\u00e3o \u00e9 vista como um meio de confessar as falhas e os erros com um cora\u00e7\u00e3o arrependido, abrindo espa\u00e7o para a clem\u00eancia e o amor incondicional de Deus.\u00a0<\/p>\r\n<p><img loading=\"lazy\" decoding=\"async\" width=\"736\" height=\"920\" class=\"wp-image-4814\" style=\"width: 406px; height: auto;\" src=\"https:\/\/gloriadeus.com\/wp-content\/uploads\/2025\/03\/250114AMDIMG-9.jpg\" alt=\"A ora\u00e7\u00e3o me faz esquecer dos pecados\" srcset=\"https:\/\/gloriadeus.com\/wp-content\/uploads\/2025\/03\/250114AMDIMG-9.jpg 736w, https:\/\/gloriadeus.com\/wp-content\/uploads\/2025\/03\/250114AMDIMG-9-240x300.jpg 240w\" sizes=\"auto, (max-width: 736px) 100vw, 736px\" \/>\u00a0<\/p>\r\n<p>Durante a ora\u00e7\u00e3o, o fiel \u00e9 convidado a confrontar suas a\u00e7\u00f5es e pensamentos, reconhecendo suas fraquezas e buscando humildemente a gra\u00e7a que pode levar \u00e0 purifica\u00e7\u00e3o da alma.\u00a0<\/p>\r\n<h2>A ora\u00e7\u00e3o me faz esquecer dos pecados\u00a0<\/h2>\r\n<p>Este ato de introspec\u00e7\u00e3o e sinceridade n\u00e3o apenas permite que a pessoa se desfa\u00e7a das culpas e dos remorsos, mas tamb\u00e9m promove um profundo sentimento de liberta\u00e7\u00e3o e renova\u00e7\u00e3o, o que pode ser interpretado como uma forma de os pecados serem esquecidos, na medida em que a consci\u00eancia se alivia e o peso do passado \u00e9 dissipado.\u00a0<\/p>\r\n<p>A ora\u00e7\u00e3o muitas vezes envolve um compromisso de mudan\u00e7a e transforma\u00e7\u00e3o, refor\u00e7ando a ideia de que o perd\u00e3o n\u00e3o \u00e9 apenas um ato divino, mas tamb\u00e9m uma escolha humana de deixar para tr\u00e1s comportamentos e pensamentos que n\u00e3o servem mais ao bem-estar espiritual.\u00a0<\/p>\r\n<p><img loading=\"lazy\" decoding=\"async\" width=\"564\" height=\"676\" class=\"wp-image-4806\" style=\"width: 318px; height: auto;\" src=\"https:\/\/gloriadeus.com\/wp-content\/uploads\/2025\/03\/250114AMDIMG-8.jpg\" alt=\"A ora\u00e7\u00e3o me faz esquecer dos pecados\" srcset=\"https:\/\/gloriadeus.com\/wp-content\/uploads\/2025\/03\/250114AMDIMG-8.jpg 564w, https:\/\/gloriadeus.com\/wp-content\/uploads\/2025\/03\/250114AMDIMG-8-250x300.jpg 250w\" sizes=\"auto, (max-width: 564px) 100vw, 564px\" \/>\u00a0<\/p>\r\n<p>\r\n\r\n<\/p>\r\n<p>Por meio da ora\u00e7\u00e3o, o indiv\u00edduo pode fortalecer sua conex\u00e3o com a espiritualidade e reorientar seus valores, fomentando um ambiente interno que favorece a cura e o autoconhecimento, o que, por sua vez, pode levar a uma verdadeira sobremudan\u00e7a.\u00a0<\/p>\r\n<h2>Orar pela remiss\u00e3o dos pecados\u00a0<\/h2>\r\n<p>O esquecimento dos pecados n\u00e3o se refere a uma anula\u00e7\u00e3o m\u00e1gica das transgress\u00f5es, mas a um movimento de cura que faz com que o passado n\u00e3o detenha mais um poder sobre a identidade do fiel.\u00a0<\/p>\r\n<p>Reafirmando a cren\u00e7a de que, por meio da ora\u00e7\u00e3o, o esquecimento dos pecados se torna uma possibilidade real de renova\u00e7\u00e3o e esperan\u00e7a em um mundo onde o amor prevalece sobre o erro, e a compreens\u00e3o se torna a chave para a verdadeira liberdade espiritual.<\/p>\r\n<p><img loading=\"lazy\" decoding=\"async\" width=\"562\" height=\"1024\" class=\"wp-image-4809\" style=\"width: 278px; height: auto;\" src=\"https:\/\/gloriadeus.com\/wp-content\/uploads\/2025\/03\/250114AMDIMG-7-562x1024.jpg\" alt=\"A ora\u00e7\u00e3o me faz esquecer dos pecados\" srcset=\"https:\/\/gloriadeus.com\/wp-content\/uploads\/2025\/03\/250114AMDIMG-7-562x1024.jpg 562w, https:\/\/gloriadeus.com\/wp-content\/uploads\/2025\/03\/250114AMDIMG-7-165x300.jpg 165w, https:\/\/gloriadeus.com\/wp-content\/uploads\/2025\/03\/250114AMDIMG-7.jpg 564w\" sizes=\"auto, (max-width: 562px) 100vw, 562px\" \/>\u00a0<\/p>\r\n<p>Ao orar, o ser humano \u00e9 convidado n\u00e3o apenas a solicitar o perd\u00e3o, mas a acolher uma nova perspectiva de si mesmo e do mundo, vivendo de maneira mais plena e consciente, onde os erros cometidos se tornam li\u00e7\u00f5es valiosas que n\u00e3o definem a totalidade de sua exist\u00eancia, mas que contribuem para seu crescimento e para um caminho mais iluminado.\u00a0<\/p>\r\n<p>\r\n\r\n<\/p>\r\n<h2 class=\"wp-block-heading\">Orar e pedir perd\u00e3o\u00a0<\/h2>\r\n<p>\r\n\r\n<\/p>\r\n<p>Desta forma, a ora\u00e7\u00e3o se imp\u00f5e como um meio poderoso de transforma\u00e7\u00e3o interior, onde a busca pelo divino n\u00e3o s\u00f3 <strong>oferece al\u00edvio<\/strong> para as consci\u00eancias pesadas, mas tamb\u00e9m provoca um engajamento profundo em pr\u00e1ticas que promovem a bondade e a compaix\u00e3o.\u00a0<\/p>\r\n<p>Tornando assim o ato de esquecer os pecados um reflexo do amor e da miseric\u00f3rdia que se perpetua em cada nova ora\u00e7\u00e3o, acendendo a chama da esperan\u00e7a e do recome\u00e7o no cora\u00e7\u00e3o de cada um que se atreve a acreditar no poder deste sagrado di\u00e1logo com o infinito.\u00a0<\/p>\r\n<p><img loading=\"lazy\" decoding=\"async\" width=\"564\" height=\"705\" class=\"wp-image-4804\" style=\"width: 353px; height: auto;\" src=\"https:\/\/gloriadeus.com\/wp-content\/uploads\/2025\/03\/250114AMDIMG-2.jpg\" alt=\"A ora\u00e7\u00e3o me faz esquecer dos pecados\" srcset=\"https:\/\/gloriadeus.com\/wp-content\/uploads\/2025\/03\/250114AMDIMG-2.jpg 564w, https:\/\/gloriadeus.com\/wp-content\/uploads\/2025\/03\/250114AMDIMG-2-240x300.jpg 240w\" sizes=\"auto, (max-width: 564px) 100vw, 564px\" \/>\u00a0<\/p>\r\n<p>Atrav\u00e9s da ora\u00e7\u00e3o, os seres humanos s\u00e3o levados a um reconhecimento da sua vulnerabilidade, mas tamb\u00e9m da sua capacidade de renova\u00e7\u00e3o constante, permitindo que o passado se torne um trampolim para um futuro mais radiante, onde os pecados n\u00e3o s\u00e3o mais um fardo, mas sim experi\u00eancias que moldam uma jornada de autoconhecimento e de busca incessante pela luz.<\/p>\r\n<p>Levando ao fortalecimento da f\u00e9 e \u00e0 transforma\u00e7\u00e3o do ser em um agente de amor, compreens\u00e3o e perd\u00e3o, n\u00e3o apenas para si mesmo, mas tamb\u00e9m para os outros, criando um ciclo virtuoso que promove a paz e a harmonia tanto interior quanto exterior.\u00a0<\/p>\r\n\r\n\r\n\r\n\r\n","protected":false},"excerpt":{"rendered":"<p>A ora\u00e7\u00e3o, em sua ess\u00eancia, \u00e9 um ato de comunica\u00e7\u00e3o que transcende as barreiras do mundano, permitindo ao ser humano &hellip; <\/p>\n","protected":false},"author":1,"featured_media":4815,"parent":0,"menu_order":0,"comment_status":"open","ping_status":"closed","template":"","meta":{"_uf_show_specific_survey":0,"_uf_disable_surveys":false,"footnotes":""},"class_list":["post-4802","page","type-page","status-publish","has-post-thumbnail","hentry"],"yoast_head":"<!-- This site is optimized with the Yoast SEO plugin v27.5 - https:\/\/yoast.com\/product\/yoast-seo-wordpress\/ -->\n<title>A ora\u00e7\u00e3o me faz esquecer dos pecados - Gl\u00f3ria Deus<\/title>\n<meta name=\"robots\" content=\"index, follow, max-snippet:-1, max-image-preview:large, max-video-preview:-1\" \/>\n<link rel=\"canonical\" href=\"https:\/\/gloriadeus.com\/home\/a-oracao-me-faz-esquecer-dos-pecados\/\" \/>\n<meta property=\"og:locale\" content=\"pt_BR\" \/>\n<meta property=\"og:type\" content=\"article\" \/>\n<meta property=\"og:title\" content=\"A ora\u00e7\u00e3o me faz esquecer dos pecados - Gl\u00f3ria Deus\" \/>\n<meta property=\"og:description\" content=\"A ora\u00e7\u00e3o, em sua ess\u00eancia, \u00e9 um ato de comunica\u00e7\u00e3o que transcende as barreiras do mundano, permitindo ao ser humano &hellip;\" \/>\n<meta property=\"og:url\" content=\"https:\/\/gloriadeus.com\/home\/a-oracao-me-faz-esquecer-dos-pecados\/\" \/>\n<meta property=\"og:site_name\" content=\"Gl\u00f3ria Deus\" \/>\n<meta property=\"article:modified_time\" content=\"2026-02-07T18:24:18+00:00\" \/>\n<meta property=\"og:image\" content=\"https:\/\/gloriadeus.com\/wp-content\/uploads\/2025\/03\/250114AMDIMG-1.png\" \/>\n\t<meta property=\"og:image:width\" content=\"564\" \/>\n\t<meta property=\"og:image:height\" content=\"539\" \/>\n\t<meta property=\"og:image:type\" content=\"image\/png\" \/>\n<meta name=\"twitter:card\" content=\"summary_large_image\" \/>\n<meta name=\"twitter:label1\" content=\"Est. tempo de leitura\" \/>\n\t<meta name=\"twitter:data1\" content=\"5 minutos\" \/>\n<script type=\"application\/ld+json\" class=\"yoast-schema-graph\">{\"@context\":\"https:\\\/\\\/schema.org\",\"@graph\":[{\"@type\":\"WebPage\",\"@id\":\"https:\\\/\\\/gloriadeus.com\\\/home\\\/a-oracao-me-faz-esquecer-dos-pecados\\\/\",\"url\":\"https:\\\/\\\/gloriadeus.com\\\/home\\\/a-oracao-me-faz-esquecer-dos-pecados\\\/\",\"name\":\"A ora\u00e7\u00e3o me faz esquecer dos pecados - Gl\u00f3ria Deus\",\"isPartOf\":{\"@id\":\"https:\\\/\\\/gloriadeus.com\\\/home\\\/#website\"},\"primaryImageOfPage\":{\"@id\":\"https:\\\/\\\/gloriadeus.com\\\/home\\\/a-oracao-me-faz-esquecer-dos-pecados\\\/#primaryimage\"},\"image\":{\"@id\":\"https:\\\/\\\/gloriadeus.com\\\/home\\\/a-oracao-me-faz-esquecer-dos-pecados\\\/#primaryimage\"},\"thumbnailUrl\":\"https:\\\/\\\/gloriadeus.com\\\/wp-content\\\/uploads\\\/2025\\\/03\\\/250114AMDIMG-1.png\",\"datePublished\":\"2026-01-05T23:26:35+00:00\",\"dateModified\":\"2026-02-07T18:24:18+00:00\",\"breadcrumb\":{\"@id\":\"https:\\\/\\\/gloriadeus.com\\\/home\\\/a-oracao-me-faz-esquecer-dos-pecados\\\/#breadcrumb\"},\"inLanguage\":\"pt-BR\",\"potentialAction\":[{\"@type\":\"ReadAction\",\"target\":[\"https:\\\/\\\/gloriadeus.com\\\/home\\\/a-oracao-me-faz-esquecer-dos-pecados\\\/\"]}]},{\"@type\":\"ImageObject\",\"inLanguage\":\"pt-BR\",\"@id\":\"https:\\\/\\\/gloriadeus.com\\\/home\\\/a-oracao-me-faz-esquecer-dos-pecados\\\/#primaryimage\",\"url\":\"https:\\\/\\\/gloriadeus.com\\\/wp-content\\\/uploads\\\/2025\\\/03\\\/250114AMDIMG-1.png\",\"contentUrl\":\"https:\\\/\\\/gloriadeus.com\\\/wp-content\\\/uploads\\\/2025\\\/03\\\/250114AMDIMG-1.png\",\"width\":564,\"height\":539,\"caption\":\"A ora\u00e7\u00e3o me faz esquecer dos pecados\"},{\"@type\":\"BreadcrumbList\",\"@id\":\"https:\\\/\\\/gloriadeus.com\\\/home\\\/a-oracao-me-faz-esquecer-dos-pecados\\\/#breadcrumb\",\"itemListElement\":[{\"@type\":\"ListItem\",\"position\":1,\"name\":\"In\u00edcio\",\"item\":\"https:\\\/\\\/gloriadeus.com\\\/home\\\/\"},{\"@type\":\"ListItem\",\"position\":2,\"name\":\"A ora\u00e7\u00e3o me faz esquecer dos pecados\"}]},{\"@type\":\"WebSite\",\"@id\":\"https:\\\/\\\/gloriadeus.com\\\/home\\\/#website\",\"url\":\"https:\\\/\\\/gloriadeus.com\\\/home\\\/\",\"name\":\"Gloria Deus\",\"description\":\"\u21a8 Deslize para descobrir mais \u21a8\",\"publisher\":{\"@id\":\"https:\\\/\\\/gloriadeus.com\\\/home\\\/#\\\/schema\\\/person\\\/ab2365ca8f87ea38e53ba3c2275e65c4\"},\"alternateName\":\"Muita f\u00e9\",\"potentialAction\":[{\"@type\":\"SearchAction\",\"target\":{\"@type\":\"EntryPoint\",\"urlTemplate\":\"https:\\\/\\\/gloriadeus.com\\\/home\\\/?s={search_term_string}\"},\"query-input\":{\"@type\":\"PropertyValueSpecification\",\"valueRequired\":true,\"valueName\":\"search_term_string\"}}],\"inLanguage\":\"pt-BR\"},{\"@type\":[\"Person\",\"Organization\"],\"@id\":\"https:\\\/\\\/gloriadeus.com\\\/home\\\/#\\\/schema\\\/person\\\/ab2365ca8f87ea38e53ba3c2275e65c4\",\"name\":\"gloriadeus.com\",\"image\":{\"@type\":\"ImageObject\",\"inLanguage\":\"pt-BR\",\"@id\":\"https:\\\/\\\/gloriadeus.com\\\/wp-content\\\/uploads\\\/2024\\\/03\\\/230525DDPNG-21.png\",\"url\":\"https:\\\/\\\/gloriadeus.com\\\/wp-content\\\/uploads\\\/2024\\\/03\\\/230525DDPNG-21.png\",\"contentUrl\":\"https:\\\/\\\/gloriadeus.com\\\/wp-content\\\/uploads\\\/2024\\\/03\\\/230525DDPNG-21.png\",\"width\":220,\"height\":230,\"caption\":\"gloriadeus.com\"},\"logo\":{\"@id\":\"https:\\\/\\\/gloriadeus.com\\\/wp-content\\\/uploads\\\/2024\\\/03\\\/230525DDPNG-21.png\"},\"sameAs\":[\"https:\\\/\\\/gloriadeus.com\"]}]}<\/script>\n<!-- \/ Yoast SEO plugin. -->","yoast_head_json":{"title":"A ora\u00e7\u00e3o me faz esquecer dos pecados - Gl\u00f3ria Deus","robots":{"index":"index","follow":"follow","max-snippet":"max-snippet:-1","max-image-preview":"max-image-preview:large","max-video-preview":"max-video-preview:-1"},"canonical":"https:\/\/gloriadeus.com\/home\/a-oracao-me-faz-esquecer-dos-pecados\/","og_locale":"pt_BR","og_type":"article","og_title":"A ora\u00e7\u00e3o me faz esquecer dos pecados - Gl\u00f3ria Deus","og_description":"A ora\u00e7\u00e3o, em sua ess\u00eancia, \u00e9 um ato de comunica\u00e7\u00e3o que transcende as barreiras do mundano, permitindo ao ser humano &hellip;","og_url":"https:\/\/gloriadeus.com\/home\/a-oracao-me-faz-esquecer-dos-pecados\/","og_site_name":"Gl\u00f3ria Deus","article_modified_time":"2026-02-07T18:24:18+00:00","og_image":[{"width":564,"height":539,"url":"https:\/\/gloriadeus.com\/wp-content\/uploads\/2025\/03\/250114AMDIMG-1.png","type":"image\/png"}],"twitter_card":"summary_large_image","twitter_misc":{"Est. tempo de leitura":"5 minutos"},"schema":{"@context":"https:\/\/schema.org","@graph":[{"@type":"WebPage","@id":"https:\/\/gloriadeus.com\/home\/a-oracao-me-faz-esquecer-dos-pecados\/","url":"https:\/\/gloriadeus.com\/home\/a-oracao-me-faz-esquecer-dos-pecados\/","name":"A ora\u00e7\u00e3o me faz esquecer dos pecados - Gl\u00f3ria Deus","isPartOf":{"@id":"https:\/\/gloriadeus.com\/home\/#website"},"primaryImageOfPage":{"@id":"https:\/\/gloriadeus.com\/home\/a-oracao-me-faz-esquecer-dos-pecados\/#primaryimage"},"image":{"@id":"https:\/\/gloriadeus.com\/home\/a-oracao-me-faz-esquecer-dos-pecados\/#primaryimage"},"thumbnailUrl":"https:\/\/gloriadeus.com\/wp-content\/uploads\/2025\/03\/250114AMDIMG-1.png","datePublished":"2026-01-05T23:26:35+00:00","dateModified":"2026-02-07T18:24:18+00:00","breadcrumb":{"@id":"https:\/\/gloriadeus.com\/home\/a-oracao-me-faz-esquecer-dos-pecados\/#breadcrumb"},"inLanguage":"pt-BR","potentialAction":[{"@type":"ReadAction","target":["https:\/\/gloriadeus.com\/home\/a-oracao-me-faz-esquecer-dos-pecados\/"]}]},{"@type":"ImageObject","inLanguage":"pt-BR","@id":"https:\/\/gloriadeus.com\/home\/a-oracao-me-faz-esquecer-dos-pecados\/#primaryimage","url":"https:\/\/gloriadeus.com\/wp-content\/uploads\/2025\/03\/250114AMDIMG-1.png","contentUrl":"https:\/\/gloriadeus.com\/wp-content\/uploads\/2025\/03\/250114AMDIMG-1.png","width":564,"height":539,"caption":"A ora\u00e7\u00e3o me faz esquecer dos pecados"},{"@type":"BreadcrumbList","@id":"https:\/\/gloriadeus.com\/home\/a-oracao-me-faz-esquecer-dos-pecados\/#breadcrumb","itemListElement":[{"@type":"ListItem","position":1,"name":"In\u00edcio","item":"https:\/\/gloriadeus.com\/home\/"},{"@type":"ListItem","position":2,"name":"A ora\u00e7\u00e3o me faz esquecer dos pecados"}]},{"@type":"WebSite","@id":"https:\/\/gloriadeus.com\/home\/#website","url":"https:\/\/gloriadeus.com\/home\/","name":"Gloria Deus","description":"\u21a8 Deslize para descobrir mais \u21a8","publisher":{"@id":"https:\/\/gloriadeus.com\/home\/#\/schema\/person\/ab2365ca8f87ea38e53ba3c2275e65c4"},"alternateName":"Muita f\u00e9","potentialAction":[{"@type":"SearchAction","target":{"@type":"EntryPoint","urlTemplate":"https:\/\/gloriadeus.com\/home\/?s={search_term_string}"},"query-input":{"@type":"PropertyValueSpecification","valueRequired":true,"valueName":"search_term_string"}}],"inLanguage":"pt-BR"},{"@type":["Person","Organization"],"@id":"https:\/\/gloriadeus.com\/home\/#\/schema\/person\/ab2365ca8f87ea38e53ba3c2275e65c4","name":"gloriadeus.com","image":{"@type":"ImageObject","inLanguage":"pt-BR","@id":"https:\/\/gloriadeus.com\/wp-content\/uploads\/2024\/03\/230525DDPNG-21.png","url":"https:\/\/gloriadeus.com\/wp-content\/uploads\/2024\/03\/230525DDPNG-21.png","contentUrl":"https:\/\/gloriadeus.com\/wp-content\/uploads\/2024\/03\/230525DDPNG-21.png","width":220,"height":230,"caption":"gloriadeus.com"},"logo":{"@id":"https:\/\/gloriadeus.com\/wp-content\/uploads\/2024\/03\/230525DDPNG-21.png"},"sameAs":["https:\/\/gloriadeus.com"]}]}},"_links":{"self":[{"href":"https:\/\/gloriadeus.com\/home\/wp-json\/wp\/v2\/pages\/4802","targetHints":{"allow":["GET"]}}],"collection":[{"href":"https:\/\/gloriadeus.com\/home\/wp-json\/wp\/v2\/pages"}],"about":[{"href":"https:\/\/gloriadeus.com\/home\/wp-json\/wp\/v2\/types\/page"}],"author":[{"embeddable":true,"href":"https:\/\/gloriadeus.com\/home\/wp-json\/wp\/v2\/users\/1"}],"replies":[{"embeddable":true,"href":"https:\/\/gloriadeus.com\/home\/wp-json\/wp\/v2\/comments?post=4802"}],"version-history":[{"count":5,"href":"https:\/\/gloriadeus.com\/home\/wp-json\/wp\/v2\/pages\/4802\/revisions"}],"predecessor-version":[{"id":10447,"href":"https:\/\/gloriadeus.com\/home\/wp-json\/wp\/v2\/pages\/4802\/revisions\/10447"}],"wp:featuredmedia":[{"embeddable":true,"href":"https:\/\/gloriadeus.com\/home\/wp-json\/wp\/v2\/media\/4815"}],"wp:attachment":[{"href":"https:\/\/gloriadeus.com\/home\/wp-json\/wp\/v2\/media?parent=4802"}],"curies":[{"name":"wp","href":"https:\/\/api.w.org\/{rel}","templated":true}]}}