{"id":4776,"date":"2026-01-05T15:22:12","date_gmt":"2026-01-05T18:22:12","guid":{"rendered":"https:\/\/gloriadeus.com\/?page_id=4776"},"modified":"2026-02-04T09:54:45","modified_gmt":"2026-02-04T12:54:45","slug":"para-semear-sementes-de-esperanca","status":"publish","type":"page","link":"https:\/\/gloriadeus.com\/home\/para-semear-sementes-de-esperanca\/","title":{"rendered":"Para semear sementes de esperan\u00e7a"},"content":{"rendered":"<!-- subtitulo, palavra, paragrafo ok -->\r\n\r\n\r\n<figure class=\"wp-lightbox-container\" data-wp-context=\"{&quot;imageId&quot;:&quot;69fa4b2283900&quot;}\" data-wp-interactive=\"core\/image\" data-wp-key=\"69fa4b2283900\">Se faz presente a necessidade constante de perseveran\u00e7a, especialmente quando os resultados n\u00e3o aparecem imediatamente.<\/figure>\r\n<figure><img loading=\"lazy\" decoding=\"async\" width=\"218\" height=\"320\" data-wp-class--hide=\"state.isContentHidden\" data-wp-class--show=\"state.isContentVisible\" data-wp-init=\"callbacks.setButtonStyles\" data-wp-on--click=\"actions.showLightbox\" data-wp-on--load=\"callbacks.setButtonStyles\" data-wp-on-window--resize=\"callbacks.setButtonStyles\" class=\"wp-image-4778\" src=\"https:\/\/gloriadeus.com\/wp-content\/uploads\/2025\/03\/240216DDIMG-38.jpg\" alt=\"Para semear sementes de esperan\u00e7a\" srcset=\"https:\/\/gloriadeus.com\/wp-content\/uploads\/2025\/03\/240216DDIMG-38.jpg 218w, https:\/\/gloriadeus.com\/wp-content\/uploads\/2025\/03\/240216DDIMG-38-204x300.jpg 204w\" sizes=\"auto, (max-width: 218px) 100vw, 218px\" \/><button\n\t\t\tclass=\"lightbox-trigger\"\n\t\t\ttype=\"button\"\n\t\t\taria-haspopup=\"dialog\"\n\t\t\taria-label=\"Ampliar\"\n\t\t\tdata-wp-init=\"callbacks.initTriggerButton\"\n\t\t\tdata-wp-on--click=\"actions.showLightbox\"\n\t\t\tdata-wp-style--right=\"state.imageButtonRight\"\n\t\t\tdata-wp-style--top=\"state.imageButtonTop\"\n\t\t>\n\t\t\t<svg xmlns=\"http:\/\/www.w3.org\/2000\/svg\" width=\"12\" height=\"12\" fill=\"none\" viewBox=\"0 0 12 12\">\n\t\t\t\t<path fill=\"#fff\" d=\"M2 0a2 2 0 0 0-2 2v2h1.5V2a.5.5 0 0 1 .5-.5h2V0H2Zm2 10.5H2a.5.5 0 0 1-.5-.5V8H0v2a2 2 0 0 0 2 2h2v-1.5ZM8 12v-1.5h2a.5.5 0 0 0 .5-.5V8H12v2a2 2 0 0 1-2 2H8Zm2-12a2 2 0 0 1 2 2v2h-1.5V2a.5.5 0 0 0-.5-.5H8V0h2Z\" \/>\n\t\t\t<\/svg>\n\t\t<\/button>\u00a0<\/figure>\r\n\r\n\r\n\r\n\r\n\r\n\r\n\r\n<p>\u00c9 vital, definir metas claras e alcan\u00e7\u00e1veis. S\u00e3o metas que funcionam como pontos de refer\u00eancia que guiar\u00e3o o caminho, tornando mais f\u00e1cil visualizar o futuro desejado e aumentando a motiva\u00e7\u00e3o.\u00a0<\/p>\r\n<p>Praticar a comunica\u00e7\u00e3o aberta e honesta ajuda a esclarecer inten\u00e7\u00f5es e desejos, promovendo um ambiente colaborativo onde ideias podem germinar. Outro aspecto a ser considerado \u00e9 a educa\u00e7\u00e3o cont\u00ednua; investir em conhecimento e habilidades n\u00e3o s\u00f3 aumenta a confian\u00e7a, mas tamb\u00e9m proporciona ferramentas para a realiza\u00e7\u00e3o das metas.\u00a0<\/p>\r\n\r\n\r\n\r\n<figure data-wp-context=\"{&quot;imageId&quot;:&quot;69fa4b2283cb9&quot;}\" data-wp-interactive=\"core\/image\" data-wp-key=\"69fa4b2283cb9\" class=\"wp-block-image size-large is-resized wp-lightbox-container\"><img loading=\"lazy\" decoding=\"async\" width=\"564\" height=\"564\" data-wp-class--hide=\"state.isContentHidden\" data-wp-class--show=\"state.isContentVisible\" data-wp-init=\"callbacks.setButtonStyles\" data-wp-on--click=\"actions.showLightbox\" data-wp-on--load=\"callbacks.setButtonStyles\" data-wp-on-window--resize=\"callbacks.setButtonStyles\" class=\"wp-image-4788\" style=\"width: 338px; height: auto;\" src=\"https:\/\/gloriadeus.com\/wp-content\/uploads\/2025\/03\/240216DDIMG-36.jpg\" alt=\"Para semear sementes de esperan\u00e7a\" srcset=\"https:\/\/gloriadeus.com\/wp-content\/uploads\/2025\/03\/240216DDIMG-36.jpg 564w, https:\/\/gloriadeus.com\/wp-content\/uploads\/2025\/03\/240216DDIMG-36-300x300.jpg 300w, https:\/\/gloriadeus.com\/wp-content\/uploads\/2025\/03\/240216DDIMG-36-150x150.jpg 150w\" sizes=\"auto, (max-width: 564px) 100vw, 564px\" \/><button\n\t\t\tclass=\"lightbox-trigger\"\n\t\t\ttype=\"button\"\n\t\t\taria-haspopup=\"dialog\"\n\t\t\taria-label=\"Ampliar\"\n\t\t\tdata-wp-init=\"callbacks.initTriggerButton\"\n\t\t\tdata-wp-on--click=\"actions.showLightbox\"\n\t\t\tdata-wp-style--right=\"state.imageButtonRight\"\n\t\t\tdata-wp-style--top=\"state.imageButtonTop\"\n\t\t>\n\t\t\t<svg xmlns=\"http:\/\/www.w3.org\/2000\/svg\" width=\"12\" height=\"12\" fill=\"none\" viewBox=\"0 0 12 12\">\n\t\t\t\t<path fill=\"#fff\" d=\"M2 0a2 2 0 0 0-2 2v2h1.5V2a.5.5 0 0 1 .5-.5h2V0H2Zm2 10.5H2a.5.5 0 0 1-.5-.5V8H0v2a2 2 0 0 0 2 2h2v-1.5ZM8 12v-1.5h2a.5.5 0 0 0 .5-.5V8H12v2a2 2 0 0 1-2 2H8Zm2-12a2 2 0 0 1 2 2v2h-1.5V2a.5.5 0 0 0-.5-.5H8V0h2Z\" \/>\n\t\t\t<\/svg>\n\t\t<\/button>\u00a0<\/figure>\r\n<p>A pr\u00e1tica da gratid\u00e3o tamb\u00e9m \u00e9 fundamental, pois ao reconhecer e valorizar o que j\u00e1 se possui, abre-se espa\u00e7o para novas oportunidades e experi\u00eancias positivas.\u00a0\u00c9 ideal, ent\u00e3o, cultivar um pensamento positivo, isso n\u00e3o significa ignorar as dificuldades, mas sim abord\u00e1-las com uma perspectiva otimista que permite enxergar solu\u00e7\u00f5es.\u00a0<\/p>\r\n\r\n\r\n\r\n\r\n\r\n<h2 class=\"wp-block-heading\">Para semear sementes de esperan\u00e7a\u00a0<\/h2>\r\n<p>Medita\u00e7\u00e3o e refletir s\u00e3o pr\u00e1ticas que permitem uma conex\u00e3o mais profunda consigo mesmo, proporcionando clareza de prop\u00f3sito e alinhamento com os pr\u00f3prios valores.\u00a0A resili\u00eancia \u00e9 outra habilidade essencial, j\u00e1 que enfrentar adversidades \u00e9 parte inevit\u00e1vel da jornada.<\/p>\r\n<p>Desenvolver a capacidade de se adaptar e continuar em frente, mesmo diante de desafios, \u00e9 vital. O suporte social n\u00e3o deve ser negligenciado, estar cercado de pessoas que apoiam e incentivam pode fornecer n\u00e3o apenas for\u00e7a emocional, mas tamb\u00e9m novas perspectivas.\u00a0<\/p>\r\n\r\n\r\n\r\n\r\n\r\n\r\n\r\n<figure data-wp-context=\"{&quot;imageId&quot;:&quot;69fa4b2283fc1&quot;}\" data-wp-interactive=\"core\/image\" data-wp-key=\"69fa4b2283fc1\" class=\"wp-block-image size-large is-resized wp-lightbox-container\"><img loading=\"lazy\" decoding=\"async\" width=\"563\" height=\"492\" data-wp-class--hide=\"state.isContentHidden\" data-wp-class--show=\"state.isContentVisible\" data-wp-init=\"callbacks.setButtonStyles\" data-wp-on--click=\"actions.showLightbox\" data-wp-on--load=\"callbacks.setButtonStyles\" data-wp-on-window--resize=\"callbacks.setButtonStyles\" class=\"wp-image-4779\" style=\"width: 273px; height: auto;\" src=\"https:\/\/gloriadeus.com\/wp-content\/uploads\/2025\/03\/240216DDIMG-39.jpg\" alt=\"Para semear sementes de esperan\u00e7a\" srcset=\"https:\/\/gloriadeus.com\/wp-content\/uploads\/2025\/03\/240216DDIMG-39.jpg 563w, https:\/\/gloriadeus.com\/wp-content\/uploads\/2025\/03\/240216DDIMG-39-300x262.jpg 300w\" sizes=\"auto, (max-width: 563px) 100vw, 563px\" \/><button\n\t\t\tclass=\"lightbox-trigger\"\n\t\t\ttype=\"button\"\n\t\t\taria-haspopup=\"dialog\"\n\t\t\taria-label=\"Ampliar\"\n\t\t\tdata-wp-init=\"callbacks.initTriggerButton\"\n\t\t\tdata-wp-on--click=\"actions.showLightbox\"\n\t\t\tdata-wp-style--right=\"state.imageButtonRight\"\n\t\t\tdata-wp-style--top=\"state.imageButtonTop\"\n\t\t>\n\t\t\t<svg xmlns=\"http:\/\/www.w3.org\/2000\/svg\" width=\"12\" height=\"12\" fill=\"none\" viewBox=\"0 0 12 12\">\n\t\t\t\t<path fill=\"#fff\" d=\"M2 0a2 2 0 0 0-2 2v2h1.5V2a.5.5 0 0 1 .5-.5h2V0H2Zm2 10.5H2a.5.5 0 0 1-.5-.5V8H0v2a2 2 0 0 0 2 2h2v-1.5ZM8 12v-1.5h2a.5.5 0 0 0 .5-.5V8H12v2a2 2 0 0 1-2 2H8Zm2-12a2 2 0 0 1 2 2v2h-1.5V2a.5.5 0 0 0-.5-.5H8V0h2Z\" \/>\n\t\t\t<\/svg>\n\t\t<\/button>\u00a0<\/figure>\r\n<p>Em paralelo, \u00e9 vital celebrar pequenas conquistas, pois cada passo dado rumo ao objetivo deve ser reconhecido, alimentando assim a motiva\u00e7\u00e3o e a sensa\u00e7\u00e3o de progresso. Qualidade na gest\u00e3o do tempo tamb\u00e9m \u00e9 crucial, aprender a priorizar tarefas e dedicar tempo \u00e0s atividades que realmente importam ajuda a evitar a sobrecarga e o des\u00e2nimo.\u00a0<\/p>\r\n<h2>Promovendo positividade\u00a0<\/h2>\r\n<p>Promover um ambiente positivo ao seu redor, seja no local de trabalho ou em casa, impacta diretamente a disposi\u00e7\u00e3o e a energia com que se enfrenta os desafios.\u00a0<\/p>\r\n<p>Assim como na natureza, onde as sementes precisam de cuidados para crescer, o mesmo se aplica \u00e0s esperan\u00e7as: \u00e9 necess\u00e1rio nutri-las com aten\u00e7\u00e3o e amor. Incluir atividades que proporcionem bem-estar f\u00edsico e emocional, como exerc\u00edcios f\u00edsicos e hobbies, contribui para um estado mental mais saud\u00e1vel, favorecendo a energia positiva.\u00a0<\/p>\r\n\r\n\r\n\r\n\r\n\r\n\r\n\r\n<figure data-wp-context=\"{&quot;imageId&quot;:&quot;69fa4b2284279&quot;}\" data-wp-interactive=\"core\/image\" data-wp-key=\"69fa4b2284279\" class=\"wp-block-image size-large is-resized wp-lightbox-container\"><img loading=\"lazy\" decoding=\"async\" width=\"563\" height=\"907\" data-wp-class--hide=\"state.isContentHidden\" data-wp-class--show=\"state.isContentVisible\" data-wp-init=\"callbacks.setButtonStyles\" data-wp-on--click=\"actions.showLightbox\" data-wp-on--load=\"callbacks.setButtonStyles\" data-wp-on-window--resize=\"callbacks.setButtonStyles\" class=\"wp-image-4785\" style=\"width: 321px; height: auto;\" src=\"https:\/\/gloriadeus.com\/wp-content\/uploads\/2025\/03\/240216DDIMG-40.jpg\" alt=\"Para semear sementes de esperan\u00e7a\" srcset=\"https:\/\/gloriadeus.com\/wp-content\/uploads\/2025\/03\/240216DDIMG-40.jpg 563w, https:\/\/gloriadeus.com\/wp-content\/uploads\/2025\/03\/240216DDIMG-40-186x300.jpg 186w\" sizes=\"auto, (max-width: 563px) 100vw, 563px\" \/><button\n\t\t\tclass=\"lightbox-trigger\"\n\t\t\ttype=\"button\"\n\t\t\taria-haspopup=\"dialog\"\n\t\t\taria-label=\"Ampliar\"\n\t\t\tdata-wp-init=\"callbacks.initTriggerButton\"\n\t\t\tdata-wp-on--click=\"actions.showLightbox\"\n\t\t\tdata-wp-style--right=\"state.imageButtonRight\"\n\t\t\tdata-wp-style--top=\"state.imageButtonTop\"\n\t\t>\n\t\t\t<svg xmlns=\"http:\/\/www.w3.org\/2000\/svg\" width=\"12\" height=\"12\" fill=\"none\" viewBox=\"0 0 12 12\">\n\t\t\t\t<path fill=\"#fff\" d=\"M2 0a2 2 0 0 0-2 2v2h1.5V2a.5.5 0 0 1 .5-.5h2V0H2Zm2 10.5H2a.5.5 0 0 1-.5-.5V8H0v2a2 2 0 0 0 2 2h2v-1.5ZM8 12v-1.5h2a.5.5 0 0 0 .5-.5V8H12v2a2 2 0 0 1-2 2H8Zm2-12a2 2 0 0 1 2 2v2h-1.5V2a.5.5 0 0 0-.5-.5H8V0h2Z\" \/>\n\t\t\t<\/svg>\n\t\t<\/button>\u00a0<\/figure>\r\n<p>A pr\u00e1tica da compaix\u00e3o, tanto consigo mesmo quanto com os outros, \u00e9 uma forma de semear esperan\u00e7a, j\u00e1 que aumenta a empatia e estreita la\u00e7os sociais.\u00a0<\/p>\r\n<h2>Desenvolvendo a f\u00e9\u00a0<\/h2>\r\n<p>Trabalhar para desenvolver a f\u00e9, seja ela religiosa ou espiritual, pode oferecer conforto e um senso de prop\u00f3sito, ajudando a lidar com incertezas. Aceitar a imperman\u00eancia das coisas permite um maior desapego, ajudando a lidar com a frustra\u00e7\u00e3o quando as expectativas n\u00e3o se realizam conforme o planejado.\u00a0\u00a0<\/p>\r\n<p>Tamb\u00e9m \u00e9 fundamental lembrar-se da import\u00e2ncia de manter a mente aberta, aproveitando oportunidades inesperadas que a vida pode trazer, que muitas vezes s\u00e3o aliadas na realiza\u00e7\u00e3o de objetivos.\u00a0O compromisso de agir, mesmo que de forma pequena, em dire\u00e7\u00e3o \u00e0s metas \u00e9 essencial.\u00a0<\/p>\r\n\r\n\r\n\r\n<p><img loading=\"lazy\" decoding=\"async\" width=\"586\" height=\"1024\" class=\"wp-image-4796\" style=\"width: 330px; height: auto;\" src=\"https:\/\/gloriadeus.com\/wp-content\/uploads\/2025\/03\/250122AMDIMG01-586x1024.jpg\" alt=\"Para semear sementes de esperan\u00e7a\" srcset=\"https:\/\/gloriadeus.com\/wp-content\/uploads\/2025\/03\/250122AMDIMG01-586x1024.jpg 586w, https:\/\/gloriadeus.com\/wp-content\/uploads\/2025\/03\/250122AMDIMG01-172x300.jpg 172w, https:\/\/gloriadeus.com\/wp-content\/uploads\/2025\/03\/250122AMDIMG01.jpg 736w\" sizes=\"auto, (max-width: 586px) 100vw, 586px\" \/>\u00a0<\/p>\r\n<p>Cada a\u00e7\u00e3o conta, e a soma delas leva a resultados significativos ao longo do tempo. Cultivar um esp\u00edrito de aprendizado e estar disposto a ajustar as estrat\u00e9gias \u00e0 medida que se avan\u00e7a \u00e9 um signo de sabedoria e adaptabilidade. \u00c9 um processo que requer paci\u00eancia e, muitas vezes, uma perspectiva de longo prazo.\u00a0<\/p>\r\n<h2>Para refletir\u00a0<\/h2>\r\n<p>\u00c9 importante refletir periodicamente sobre os progressos feitos, ajustando as abordagens conforme necess\u00e1rio e reafirmando a motiva\u00e7\u00e3o inicial. Estar ciente da pr\u00f3pria jornada \u00e9 t\u00e3o importante quanto o destino, enquanto o progresso for celebrado, a esperan\u00e7a se renova.<\/p>\r\n<p>\r\n\r\n<\/p>\r\n<p>Sabe-se ent\u00e3o que, semear sementes de esperan\u00e7a com f\u00e9 \u00e9 um verdadeiro ato de amor por si mesmo e pelo futuro, envolvendo uma s\u00e9rie de pr\u00e1ticas intencionais que, quando cultivadas com cuidado, podem florescer em realiza\u00e7\u00f5es significativas e transformadoras.<\/p>\r\n<p><img loading=\"lazy\" decoding=\"async\" width=\"564\" height=\"705\" class=\"wp-image-4793\" style=\"width: 288px; height: auto;\" src=\"https:\/\/gloriadeus.com\/wp-content\/uploads\/2025\/03\/240216DDIMG-45.jpg\" alt=\"Para semear sementes de esperan\u00e7a\" srcset=\"https:\/\/gloriadeus.com\/wp-content\/uploads\/2025\/03\/240216DDIMG-45.jpg 564w, https:\/\/gloriadeus.com\/wp-content\/uploads\/2025\/03\/240216DDIMG-45-240x300.jpg 240w\" sizes=\"auto, (max-width: 564px) 100vw, 564px\" \/>\u00a0<\/p>\r\n","protected":false},"excerpt":{"rendered":"<p>\u00c9 vital, definir metas claras e alcan\u00e7\u00e1veis. S\u00e3o metas que funcionam como pontos de refer\u00eancia que guiar\u00e3o o caminho, tornando &hellip; <\/p>\n","protected":false},"author":1,"featured_media":4782,"parent":0,"menu_order":0,"comment_status":"open","ping_status":"closed","template":"","meta":{"_uf_show_specific_survey":0,"_uf_disable_surveys":false,"footnotes":""},"class_list":["post-4776","page","type-page","status-publish","has-post-thumbnail","hentry"],"yoast_head":"<!-- This site is optimized with the Yoast SEO plugin v27.5 - https:\/\/yoast.com\/product\/yoast-seo-wordpress\/ -->\n<title>Para semear sementes de esperan\u00e7a - Gl\u00f3ria Deus<\/title>\n<meta name=\"robots\" content=\"index, follow, max-snippet:-1, max-image-preview:large, max-video-preview:-1\" \/>\n<link rel=\"canonical\" href=\"https:\/\/gloriadeus.com\/home\/para-semear-sementes-de-esperanca\/\" \/>\n<meta property=\"og:locale\" content=\"pt_BR\" \/>\n<meta property=\"og:type\" content=\"article\" \/>\n<meta property=\"og:title\" content=\"Para semear sementes de esperan\u00e7a - Gl\u00f3ria Deus\" \/>\n<meta property=\"og:description\" content=\"\u00c9 vital, definir metas claras e alcan\u00e7\u00e1veis. S\u00e3o metas que funcionam como pontos de refer\u00eancia que guiar\u00e3o o caminho, tornando &hellip;\" \/>\n<meta property=\"og:url\" content=\"https:\/\/gloriadeus.com\/home\/para-semear-sementes-de-esperanca\/\" \/>\n<meta property=\"og:site_name\" content=\"Gl\u00f3ria Deus\" \/>\n<meta property=\"article:modified_time\" content=\"2026-02-04T12:54:45+00:00\" \/>\n<meta property=\"og:image\" content=\"https:\/\/gloriadeus.com\/wp-content\/uploads\/2025\/03\/240216DDIMG-41.jpg\" \/>\n\t<meta property=\"og:image:width\" content=\"480\" \/>\n\t<meta property=\"og:image:height\" content=\"560\" \/>\n\t<meta property=\"og:image:type\" content=\"image\/jpeg\" \/>\n<meta name=\"twitter:card\" content=\"summary_large_image\" \/>\n<meta name=\"twitter:label1\" content=\"Est. tempo de leitura\" \/>\n\t<meta name=\"twitter:data1\" content=\"6 minutos\" \/>\n<script type=\"application\/ld+json\" class=\"yoast-schema-graph\">{\"@context\":\"https:\\\/\\\/schema.org\",\"@graph\":[{\"@type\":\"WebPage\",\"@id\":\"https:\\\/\\\/gloriadeus.com\\\/home\\\/para-semear-sementes-de-esperanca\\\/\",\"url\":\"https:\\\/\\\/gloriadeus.com\\\/home\\\/para-semear-sementes-de-esperanca\\\/\",\"name\":\"Para semear sementes de esperan\u00e7a - Gl\u00f3ria Deus\",\"isPartOf\":{\"@id\":\"https:\\\/\\\/gloriadeus.com\\\/home\\\/#website\"},\"primaryImageOfPage\":{\"@id\":\"https:\\\/\\\/gloriadeus.com\\\/home\\\/para-semear-sementes-de-esperanca\\\/#primaryimage\"},\"image\":{\"@id\":\"https:\\\/\\\/gloriadeus.com\\\/home\\\/para-semear-sementes-de-esperanca\\\/#primaryimage\"},\"thumbnailUrl\":\"https:\\\/\\\/gloriadeus.com\\\/wp-content\\\/uploads\\\/2025\\\/03\\\/240216DDIMG-41.jpg\",\"datePublished\":\"2026-01-05T18:22:12+00:00\",\"dateModified\":\"2026-02-04T12:54:45+00:00\",\"breadcrumb\":{\"@id\":\"https:\\\/\\\/gloriadeus.com\\\/home\\\/para-semear-sementes-de-esperanca\\\/#breadcrumb\"},\"inLanguage\":\"pt-BR\",\"potentialAction\":[{\"@type\":\"ReadAction\",\"target\":[\"https:\\\/\\\/gloriadeus.com\\\/home\\\/para-semear-sementes-de-esperanca\\\/\"]}]},{\"@type\":\"ImageObject\",\"inLanguage\":\"pt-BR\",\"@id\":\"https:\\\/\\\/gloriadeus.com\\\/home\\\/para-semear-sementes-de-esperanca\\\/#primaryimage\",\"url\":\"https:\\\/\\\/gloriadeus.com\\\/wp-content\\\/uploads\\\/2025\\\/03\\\/240216DDIMG-41.jpg\",\"contentUrl\":\"https:\\\/\\\/gloriadeus.com\\\/wp-content\\\/uploads\\\/2025\\\/03\\\/240216DDIMG-41.jpg\",\"width\":480,\"height\":560,\"caption\":\"Para semear sementes de esperan\u00e7a\"},{\"@type\":\"BreadcrumbList\",\"@id\":\"https:\\\/\\\/gloriadeus.com\\\/home\\\/para-semear-sementes-de-esperanca\\\/#breadcrumb\",\"itemListElement\":[{\"@type\":\"ListItem\",\"position\":1,\"name\":\"In\u00edcio\",\"item\":\"https:\\\/\\\/gloriadeus.com\\\/home\\\/\"},{\"@type\":\"ListItem\",\"position\":2,\"name\":\"Para semear sementes de esperan\u00e7a\"}]},{\"@type\":\"WebSite\",\"@id\":\"https:\\\/\\\/gloriadeus.com\\\/home\\\/#website\",\"url\":\"https:\\\/\\\/gloriadeus.com\\\/home\\\/\",\"name\":\"Gloria Deus\",\"description\":\"\u21a8 Deslize para descobrir mais \u21a8\",\"publisher\":{\"@id\":\"https:\\\/\\\/gloriadeus.com\\\/home\\\/#\\\/schema\\\/person\\\/ab2365ca8f87ea38e53ba3c2275e65c4\"},\"alternateName\":\"Muita f\u00e9\",\"potentialAction\":[{\"@type\":\"SearchAction\",\"target\":{\"@type\":\"EntryPoint\",\"urlTemplate\":\"https:\\\/\\\/gloriadeus.com\\\/home\\\/?s={search_term_string}\"},\"query-input\":{\"@type\":\"PropertyValueSpecification\",\"valueRequired\":true,\"valueName\":\"search_term_string\"}}],\"inLanguage\":\"pt-BR\"},{\"@type\":[\"Person\",\"Organization\"],\"@id\":\"https:\\\/\\\/gloriadeus.com\\\/home\\\/#\\\/schema\\\/person\\\/ab2365ca8f87ea38e53ba3c2275e65c4\",\"name\":\"gloriadeus.com\",\"image\":{\"@type\":\"ImageObject\",\"inLanguage\":\"pt-BR\",\"@id\":\"https:\\\/\\\/gloriadeus.com\\\/wp-content\\\/uploads\\\/2024\\\/03\\\/230525DDPNG-21.png\",\"url\":\"https:\\\/\\\/gloriadeus.com\\\/wp-content\\\/uploads\\\/2024\\\/03\\\/230525DDPNG-21.png\",\"contentUrl\":\"https:\\\/\\\/gloriadeus.com\\\/wp-content\\\/uploads\\\/2024\\\/03\\\/230525DDPNG-21.png\",\"width\":220,\"height\":230,\"caption\":\"gloriadeus.com\"},\"logo\":{\"@id\":\"https:\\\/\\\/gloriadeus.com\\\/wp-content\\\/uploads\\\/2024\\\/03\\\/230525DDPNG-21.png\"},\"sameAs\":[\"https:\\\/\\\/gloriadeus.com\"]}]}<\/script>\n<!-- \/ Yoast SEO plugin. -->","yoast_head_json":{"title":"Para semear sementes de esperan\u00e7a - Gl\u00f3ria Deus","robots":{"index":"index","follow":"follow","max-snippet":"max-snippet:-1","max-image-preview":"max-image-preview:large","max-video-preview":"max-video-preview:-1"},"canonical":"https:\/\/gloriadeus.com\/home\/para-semear-sementes-de-esperanca\/","og_locale":"pt_BR","og_type":"article","og_title":"Para semear sementes de esperan\u00e7a - Gl\u00f3ria Deus","og_description":"\u00c9 vital, definir metas claras e alcan\u00e7\u00e1veis. S\u00e3o metas que funcionam como pontos de refer\u00eancia que guiar\u00e3o o caminho, tornando &hellip;","og_url":"https:\/\/gloriadeus.com\/home\/para-semear-sementes-de-esperanca\/","og_site_name":"Gl\u00f3ria Deus","article_modified_time":"2026-02-04T12:54:45+00:00","og_image":[{"width":480,"height":560,"url":"https:\/\/gloriadeus.com\/wp-content\/uploads\/2025\/03\/240216DDIMG-41.jpg","type":"image\/jpeg"}],"twitter_card":"summary_large_image","twitter_misc":{"Est. tempo de leitura":"6 minutos"},"schema":{"@context":"https:\/\/schema.org","@graph":[{"@type":"WebPage","@id":"https:\/\/gloriadeus.com\/home\/para-semear-sementes-de-esperanca\/","url":"https:\/\/gloriadeus.com\/home\/para-semear-sementes-de-esperanca\/","name":"Para semear sementes de esperan\u00e7a - Gl\u00f3ria Deus","isPartOf":{"@id":"https:\/\/gloriadeus.com\/home\/#website"},"primaryImageOfPage":{"@id":"https:\/\/gloriadeus.com\/home\/para-semear-sementes-de-esperanca\/#primaryimage"},"image":{"@id":"https:\/\/gloriadeus.com\/home\/para-semear-sementes-de-esperanca\/#primaryimage"},"thumbnailUrl":"https:\/\/gloriadeus.com\/wp-content\/uploads\/2025\/03\/240216DDIMG-41.jpg","datePublished":"2026-01-05T18:22:12+00:00","dateModified":"2026-02-04T12:54:45+00:00","breadcrumb":{"@id":"https:\/\/gloriadeus.com\/home\/para-semear-sementes-de-esperanca\/#breadcrumb"},"inLanguage":"pt-BR","potentialAction":[{"@type":"ReadAction","target":["https:\/\/gloriadeus.com\/home\/para-semear-sementes-de-esperanca\/"]}]},{"@type":"ImageObject","inLanguage":"pt-BR","@id":"https:\/\/gloriadeus.com\/home\/para-semear-sementes-de-esperanca\/#primaryimage","url":"https:\/\/gloriadeus.com\/wp-content\/uploads\/2025\/03\/240216DDIMG-41.jpg","contentUrl":"https:\/\/gloriadeus.com\/wp-content\/uploads\/2025\/03\/240216DDIMG-41.jpg","width":480,"height":560,"caption":"Para semear sementes de esperan\u00e7a"},{"@type":"BreadcrumbList","@id":"https:\/\/gloriadeus.com\/home\/para-semear-sementes-de-esperanca\/#breadcrumb","itemListElement":[{"@type":"ListItem","position":1,"name":"In\u00edcio","item":"https:\/\/gloriadeus.com\/home\/"},{"@type":"ListItem","position":2,"name":"Para semear sementes de esperan\u00e7a"}]},{"@type":"WebSite","@id":"https:\/\/gloriadeus.com\/home\/#website","url":"https:\/\/gloriadeus.com\/home\/","name":"Gloria Deus","description":"\u21a8 Deslize para descobrir mais \u21a8","publisher":{"@id":"https:\/\/gloriadeus.com\/home\/#\/schema\/person\/ab2365ca8f87ea38e53ba3c2275e65c4"},"alternateName":"Muita f\u00e9","potentialAction":[{"@type":"SearchAction","target":{"@type":"EntryPoint","urlTemplate":"https:\/\/gloriadeus.com\/home\/?s={search_term_string}"},"query-input":{"@type":"PropertyValueSpecification","valueRequired":true,"valueName":"search_term_string"}}],"inLanguage":"pt-BR"},{"@type":["Person","Organization"],"@id":"https:\/\/gloriadeus.com\/home\/#\/schema\/person\/ab2365ca8f87ea38e53ba3c2275e65c4","name":"gloriadeus.com","image":{"@type":"ImageObject","inLanguage":"pt-BR","@id":"https:\/\/gloriadeus.com\/wp-content\/uploads\/2024\/03\/230525DDPNG-21.png","url":"https:\/\/gloriadeus.com\/wp-content\/uploads\/2024\/03\/230525DDPNG-21.png","contentUrl":"https:\/\/gloriadeus.com\/wp-content\/uploads\/2024\/03\/230525DDPNG-21.png","width":220,"height":230,"caption":"gloriadeus.com"},"logo":{"@id":"https:\/\/gloriadeus.com\/wp-content\/uploads\/2024\/03\/230525DDPNG-21.png"},"sameAs":["https:\/\/gloriadeus.com"]}]}},"_links":{"self":[{"href":"https:\/\/gloriadeus.com\/home\/wp-json\/wp\/v2\/pages\/4776","targetHints":{"allow":["GET"]}}],"collection":[{"href":"https:\/\/gloriadeus.com\/home\/wp-json\/wp\/v2\/pages"}],"about":[{"href":"https:\/\/gloriadeus.com\/home\/wp-json\/wp\/v2\/types\/page"}],"author":[{"embeddable":true,"href":"https:\/\/gloriadeus.com\/home\/wp-json\/wp\/v2\/users\/1"}],"replies":[{"embeddable":true,"href":"https:\/\/gloriadeus.com\/home\/wp-json\/wp\/v2\/comments?post=4776"}],"version-history":[{"count":11,"href":"https:\/\/gloriadeus.com\/home\/wp-json\/wp\/v2\/pages\/4776\/revisions"}],"predecessor-version":[{"id":10314,"href":"https:\/\/gloriadeus.com\/home\/wp-json\/wp\/v2\/pages\/4776\/revisions\/10314"}],"wp:featuredmedia":[{"embeddable":true,"href":"https:\/\/gloriadeus.com\/home\/wp-json\/wp\/v2\/media\/4782"}],"wp:attachment":[{"href":"https:\/\/gloriadeus.com\/home\/wp-json\/wp\/v2\/media?parent=4776"}],"curies":[{"name":"wp","href":"https:\/\/api.w.org\/{rel}","templated":true}]}}