{"id":4726,"date":"2026-01-05T13:28:38","date_gmt":"2026-01-05T16:28:38","guid":{"rendered":"https:\/\/gloriadeus.com\/?page_id=4726"},"modified":"2026-02-04T10:18:47","modified_gmt":"2026-02-04T13:18:47","slug":"nao-saber-nao-e-errado","status":"publish","type":"page","link":"https:\/\/gloriadeus.com\/home\/nao-saber-nao-e-errado\/","title":{"rendered":"N\u00e3o saber n\u00e3o \u00e9 errado"},"content":{"rendered":"<!-- subtitulo, palavra, paragrafo ok --> \r\n\r\n\r\n<figure data-wp-context=\"{&quot;imageId&quot;:&quot;69fa366590b95&quot;}\" data-wp-interactive=\"core\/image\" data-wp-key=\"69fa366590b95\" class=\"wp-block-image size-large is-resized wp-lightbox-container\"><img loading=\"lazy\" decoding=\"async\" width=\"564\" height=\"1002\" data-wp-class--hide=\"state.isContentHidden\" data-wp-class--show=\"state.isContentVisible\" data-wp-init=\"callbacks.setButtonStyles\" data-wp-on--click=\"actions.showLightbox\" data-wp-on--load=\"callbacks.setButtonStyles\" data-wp-on-window--resize=\"callbacks.setButtonStyles\" class=\"wp-image-4727\" style=\"width: 334px; height: auto;\" src=\"https:\/\/gloriadeus.com\/wp-content\/uploads\/2025\/03\/240216DDIMG-12.jpg\" alt=\"N\u00e3o saber n\u00e3o \u00e9 errado\" srcset=\"https:\/\/gloriadeus.com\/wp-content\/uploads\/2025\/03\/240216DDIMG-12.jpg 564w, https:\/\/gloriadeus.com\/wp-content\/uploads\/2025\/03\/240216DDIMG-12-169x300.jpg 169w\" sizes=\"auto, (max-width: 564px) 100vw, 564px\" \/><button\n\t\t\tclass=\"lightbox-trigger\"\n\t\t\ttype=\"button\"\n\t\t\taria-haspopup=\"dialog\"\n\t\t\taria-label=\"Ampliar\"\n\t\t\tdata-wp-init=\"callbacks.initTriggerButton\"\n\t\t\tdata-wp-on--click=\"actions.showLightbox\"\n\t\t\tdata-wp-style--right=\"state.imageButtonRight\"\n\t\t\tdata-wp-style--top=\"state.imageButtonTop\"\n\t\t>\n\t\t\t<svg xmlns=\"http:\/\/www.w3.org\/2000\/svg\" width=\"12\" height=\"12\" fill=\"none\" viewBox=\"0 0 12 12\">\n\t\t\t\t<path fill=\"#fff\" d=\"M2 0a2 2 0 0 0-2 2v2h1.5V2a.5.5 0 0 1 .5-.5h2V0H2Zm2 10.5H2a.5.5 0 0 1-.5-.5V8H0v2a2 2 0 0 0 2 2h2v-1.5ZM8 12v-1.5h2a.5.5 0 0 0 .5-.5V8H12v2a2 2 0 0 1-2 2H8Zm2-12a2 2 0 0 1 2 2v2h-1.5V2a.5.5 0 0 0-.5-.5H8V0h2Z\" \/>\n\t\t\t<\/svg>\n\t\t<\/button><\/figure>\r\n\r\n\r\n\r\n<p>N\u00e3o saber n\u00e3o \u00e9 errado, na verdade, \u00e9 uma condi\u00e7\u00e3o humana inevit\u00e1vel e, em muitos aspectos, at\u00e9 necess\u00e1ria para o nosso crescimento e aprendizado.\u00a0<\/p>\r\n<p>Vivemos em um mundo vasto e complexo, repleto de informa\u00e7\u00f5es, conhecimentos e experi\u00eancias que se entrela\u00e7am de maneiras diversas e, muitas vezes, incompreens\u00edveis. Ningu\u00e9m pode saber tudo, e isso n\u00e3o \u00e9 apenas uma realidade, mas uma caracter\u00edstica essencial da condi\u00e7\u00e3o humana.\u00a0<\/p>\r\n<p>A busca pelo conhecimento \u00e9 um dos motores da nossa evolu\u00e7\u00e3o, e essa busca \u00e9 nutrida justamente pela consci\u00eancia de nossas pr\u00f3prias limita\u00e7\u00f5es.\u00a0<\/p>\r\n<p><img loading=\"lazy\" decoding=\"async\" width=\"480\" height=\"600\" class=\"wp-image-4748\" style=\"width: 260px; height: auto;\" src=\"https:\/\/gloriadeus.com\/wp-content\/uploads\/2025\/03\/240216DDIMG-13-1.jpg\" alt=\"N\u00e3o saber n\u00e3o \u00e9 errado\" srcset=\"https:\/\/gloriadeus.com\/wp-content\/uploads\/2025\/03\/240216DDIMG-13-1.jpg 480w, https:\/\/gloriadeus.com\/wp-content\/uploads\/2025\/03\/240216DDIMG-13-1-240x300.jpg 240w\" sizes=\"auto, (max-width: 480px) 100vw, 480px\" \/>\u00a0<\/p>\r\n<p>Quando admitimos que n\u00e3o sabemos algo, abrimos portas para o aprendizado, para a curiosidade e para a troca de ideias.\u00a0<\/p>\r\n<p>\r\n\r\n<\/p>\r\n<h2 class=\"wp-block-heading\">N\u00e3o saber n\u00e3o \u00e9 errado\u00a0<\/h2>\r\n<p>A cultura contempor\u00e2nea muitas vezes promove a ideia de que a ignor\u00e2ncia \u00e9 uma falha ou um atraso, alimentando a press\u00e3o para que os indiv\u00edduos sempre aparentem ter respostas para tudo.<\/p>\r\n<p>\r\n\r\n<\/p>\r\n<p>Muitos se sentem envergonhados ou inadequados ao n\u00e3o terem o dom\u00ednio sobre determinados assuntos.\u00a0<\/p>\r\n<p>\r\n\r\n\r\n\r\n\r\n\r\n\r\n<p><img loading=\"lazy\" decoding=\"async\" width=\"564\" height=\"1007\" class=\"wp-image-4732\" style=\"width: 386px; height: auto;\" src=\"https:\/\/gloriadeus.com\/wp-content\/uploads\/2025\/03\/240216DDIMG-14.jpg\" alt=\"N\u00e3o saber n\u00e3o \u00e9 errado\" srcset=\"https:\/\/gloriadeus.com\/wp-content\/uploads\/2025\/03\/240216DDIMG-14.jpg 564w, https:\/\/gloriadeus.com\/wp-content\/uploads\/2025\/03\/240216DDIMG-14-168x300.jpg 168w\" sizes=\"auto, (max-width: 564px) 100vw, 564px\" \/>\u00a0<\/p>\r\n<p>A m\u00e1 interpreta\u00e7\u00e3o do n\u00e3o saber pode levar a um ciclo vicioso de desinforma\u00e7\u00e3o e arrog\u00e2ncia, onde pessoas se sentem compelidas a emitir opini\u00f5es sobre tudo, mesmo que n\u00e3o tenham conhecimento suficiente para fundament\u00e1-las.\u00a0<\/p>\r\n<p>\u00c9 importante organizar-se e, um espa\u00e7o de humildade intelectual, permitindo que, as maiores descobertas possam acontecem, reconhecer que existe algo desconhecido nos impulsiona a investigar, questionar e explorar.\u00a0<\/p>\r\n<p>\r\n\r\n\r\n\r\n<\/p>\r\n<p>Uma press\u00e3o social pode criar um ambiente t\u00f3xico, onde o medo de n\u00e3o saber impede a discuss\u00e3o aberta e a troca honesta de ideias, essenciais para o aprendizado coletivo.\u00a0<\/p>\r\n<p>\r\n\r\n\r\n\r\n<\/p>\r\n\r\n\r\n\r\n<figure data-wp-context=\"{&quot;imageId&quot;:&quot;69fa366591072&quot;}\" data-wp-interactive=\"core\/image\" data-wp-key=\"69fa366591072\" class=\"wp-block-image size-full is-resized wp-lightbox-container\"><img loading=\"lazy\" decoding=\"async\" width=\"564\" height=\"845\" data-wp-class--hide=\"state.isContentHidden\" data-wp-class--show=\"state.isContentVisible\" data-wp-init=\"callbacks.setButtonStyles\" data-wp-on--click=\"actions.showLightbox\" data-wp-on--load=\"callbacks.setButtonStyles\" data-wp-on-window--resize=\"callbacks.setButtonStyles\" class=\"wp-image-4749\" style=\"width: 351px; height: auto;\" src=\"https:\/\/gloriadeus.com\/wp-content\/uploads\/2025\/03\/240216DDIMG-15-1.jpg\" alt=\"N\u00e3o saber n\u00e3o \u00e9 errado\" srcset=\"https:\/\/gloriadeus.com\/wp-content\/uploads\/2025\/03\/240216DDIMG-15-1.jpg 564w, https:\/\/gloriadeus.com\/wp-content\/uploads\/2025\/03\/240216DDIMG-15-1-200x300.jpg 200w\" sizes=\"auto, (max-width: 564px) 100vw, 564px\" \/><button\n\t\t\tclass=\"lightbox-trigger\"\n\t\t\ttype=\"button\"\n\t\t\taria-haspopup=\"dialog\"\n\t\t\taria-label=\"Ampliar\"\n\t\t\tdata-wp-init=\"callbacks.initTriggerButton\"\n\t\t\tdata-wp-on--click=\"actions.showLightbox\"\n\t\t\tdata-wp-style--right=\"state.imageButtonRight\"\n\t\t\tdata-wp-style--top=\"state.imageButtonTop\"\n\t\t>\n\t\t\t<svg xmlns=\"http:\/\/www.w3.org\/2000\/svg\" width=\"12\" height=\"12\" fill=\"none\" viewBox=\"0 0 12 12\">\n\t\t\t\t<path fill=\"#fff\" d=\"M2 0a2 2 0 0 0-2 2v2h1.5V2a.5.5 0 0 1 .5-.5h2V0H2Zm2 10.5H2a.5.5 0 0 1-.5-.5V8H0v2a2 2 0 0 0 2 2h2v-1.5ZM8 12v-1.5h2a.5.5 0 0 0 .5-.5V8H12v2a2 2 0 0 1-2 2H8Zm2-12a2 2 0 0 1 2 2v2h-1.5V2a.5.5 0 0 0-.5-.5H8V0h2Z\" \/>\n\t\t\t<\/svg>\n\t\t<\/button>\u00a0<\/figure>\r\n<p>\u00c9 importante lembrar que at\u00e9 os maiores especialistas em suas \u00e1reas t\u00eam suas lacunas de conhecimento, a chave \u00e9 a disposi\u00e7\u00e3o para aprender e se desenvolver continuamente.\u00a0<\/p>\r\n<p>Reconhecer nossas limita\u00e7\u00f5es \u00e9 uma demonstra\u00e7\u00e3o de coragem e maturidade, pois implica aceitar que o conhecimento \u00e9 um caminho em constante constru\u00e7\u00e3o, e n\u00e3o um destino j\u00e1 alcan\u00e7ado.<\/p>\r\n<p>\r\n\r\n<\/p>\r\n<p>Isso n\u00e3o s\u00f3 nos encoraja a sair da nossa zona de conforto, mas tamb\u00e9m nos ajuda a cultivar a empatia, j\u00e1 que todos enfrentamos, em algum momento, a inevit\u00e1vel realidade de n\u00e3o saber.\u00a0<\/p>\r\n\r\n\r\n\r\n<figure data-wp-context=\"{&quot;imageId&quot;:&quot;69fa36659139e&quot;}\" data-wp-interactive=\"core\/image\" data-wp-key=\"69fa36659139e\" class=\"wp-block-image size-large is-resized wp-lightbox-container\"><img loading=\"lazy\" decoding=\"async\" width=\"564\" height=\"1002\" data-wp-class--hide=\"state.isContentHidden\" data-wp-class--show=\"state.isContentVisible\" data-wp-init=\"callbacks.setButtonStyles\" data-wp-on--click=\"actions.showLightbox\" data-wp-on--load=\"callbacks.setButtonStyles\" data-wp-on-window--resize=\"callbacks.setButtonStyles\" class=\"wp-image-4740\" style=\"width: 321px; height: auto;\" src=\"https:\/\/gloriadeus.com\/wp-content\/uploads\/2025\/03\/240216DDIMG-16.jpg\" alt=\"N\u00e3o saber n\u00e3o \u00e9 errado\" srcset=\"https:\/\/gloriadeus.com\/wp-content\/uploads\/2025\/03\/240216DDIMG-16.jpg 564w, https:\/\/gloriadeus.com\/wp-content\/uploads\/2025\/03\/240216DDIMG-16-169x300.jpg 169w\" sizes=\"auto, (max-width: 564px) 100vw, 564px\" \/><button\n\t\t\tclass=\"lightbox-trigger\"\n\t\t\ttype=\"button\"\n\t\t\taria-haspopup=\"dialog\"\n\t\t\taria-label=\"Ampliar\"\n\t\t\tdata-wp-init=\"callbacks.initTriggerButton\"\n\t\t\tdata-wp-on--click=\"actions.showLightbox\"\n\t\t\tdata-wp-style--right=\"state.imageButtonRight\"\n\t\t\tdata-wp-style--top=\"state.imageButtonTop\"\n\t\t>\n\t\t\t<svg xmlns=\"http:\/\/www.w3.org\/2000\/svg\" width=\"12\" height=\"12\" fill=\"none\" viewBox=\"0 0 12 12\">\n\t\t\t\t<path fill=\"#fff\" d=\"M2 0a2 2 0 0 0-2 2v2h1.5V2a.5.5 0 0 1 .5-.5h2V0H2Zm2 10.5H2a.5.5 0 0 1-.5-.5V8H0v2a2 2 0 0 0 2 2h2v-1.5ZM8 12v-1.5h2a.5.5 0 0 0 .5-.5V8H12v2a2 2 0 0 1-2 2H8Zm2-12a2 2 0 0 1 2 2v2h-1.5V2a.5.5 0 0 0-.5-.5H8V0h2Z\" \/>\n\t\t\t<\/svg>\n\t\t<\/button>\u00a0<\/figure>\r\n<p>Quando cultivamos um ambiente onde todos se sintam \u00e0 vontade para expressar suas incertezas, criamos um espa\u00e7o seguro para a inova\u00e7\u00e3o, onde ideias podem florescer, e o aprendizado se torna um esfor\u00e7o colaborativo.\u00a0<\/p>\r\n<p>\r\n\r\n<\/p>\r\n<p>Em vez de temer a falta de conhecimento, dever\u00edamos celebr\u00e1-la como uma oportunidade para crescer juntos, questionar velhas cren\u00e7as e buscar novas verdades.\u00a0<\/p>\r\n<p>\r\n\r\n<\/p>\r\n<p>N\u00e3o saber n\u00e3o \u00e9 apenas aceit\u00e1vel, mas \u00e9 uma parte fundamental do nosso desenvolvimento pessoal e coletivo, um convite constante para explorarmos, questionarmos e nos conectarmos com os outros em busca de uma compreens\u00e3o mais profunda e abrangente do mundo que nos cerca.\u00a0<\/p>\r\n\r\n\r\n","protected":false},"excerpt":{"rendered":"<p>N\u00e3o saber n\u00e3o \u00e9 errado, na verdade, \u00e9 uma condi\u00e7\u00e3o humana inevit\u00e1vel e, em muitos aspectos, at\u00e9 necess\u00e1ria para o &hellip; <\/p>\n","protected":false},"author":1,"featured_media":4727,"parent":0,"menu_order":0,"comment_status":"open","ping_status":"closed","template":"","meta":{"_uf_show_specific_survey":0,"_uf_disable_surveys":false,"footnotes":""},"class_list":["post-4726","page","type-page","status-publish","has-post-thumbnail","hentry"],"yoast_head":"<!-- This site is optimized with the Yoast SEO plugin v27.5 - https:\/\/yoast.com\/product\/yoast-seo-wordpress\/ -->\n<title>N\u00e3o saber n\u00e3o \u00e9 errado - Gl\u00f3ria Deus<\/title>\n<meta name=\"robots\" content=\"index, follow, max-snippet:-1, max-image-preview:large, max-video-preview:-1\" \/>\n<link rel=\"canonical\" href=\"https:\/\/gloriadeus.com\/home\/nao-saber-nao-e-errado\/\" \/>\n<meta property=\"og:locale\" content=\"pt_BR\" \/>\n<meta property=\"og:type\" content=\"article\" \/>\n<meta property=\"og:title\" content=\"N\u00e3o saber n\u00e3o \u00e9 errado - Gl\u00f3ria Deus\" \/>\n<meta property=\"og:description\" content=\"N\u00e3o saber n\u00e3o \u00e9 errado, na verdade, \u00e9 uma condi\u00e7\u00e3o humana inevit\u00e1vel e, em muitos aspectos, at\u00e9 necess\u00e1ria para o &hellip;\" \/>\n<meta property=\"og:url\" content=\"https:\/\/gloriadeus.com\/home\/nao-saber-nao-e-errado\/\" \/>\n<meta property=\"og:site_name\" content=\"Gl\u00f3ria Deus\" \/>\n<meta property=\"article:modified_time\" content=\"2026-02-04T13:18:47+00:00\" \/>\n<meta property=\"og:image\" content=\"https:\/\/gloriadeus.com\/wp-content\/uploads\/2025\/03\/240216DDIMG-12.jpg\" \/>\n\t<meta property=\"og:image:width\" content=\"564\" \/>\n\t<meta property=\"og:image:height\" content=\"1002\" \/>\n\t<meta property=\"og:image:type\" content=\"image\/jpeg\" \/>\n<meta name=\"twitter:card\" content=\"summary_large_image\" \/>\n<meta name=\"twitter:label1\" content=\"Est. tempo de leitura\" \/>\n\t<meta name=\"twitter:data1\" content=\"4 minutos\" \/>\n<script type=\"application\/ld+json\" class=\"yoast-schema-graph\">{\"@context\":\"https:\\\/\\\/schema.org\",\"@graph\":[{\"@type\":\"WebPage\",\"@id\":\"https:\\\/\\\/gloriadeus.com\\\/home\\\/nao-saber-nao-e-errado\\\/\",\"url\":\"https:\\\/\\\/gloriadeus.com\\\/home\\\/nao-saber-nao-e-errado\\\/\",\"name\":\"N\u00e3o saber n\u00e3o \u00e9 errado - Gl\u00f3ria Deus\",\"isPartOf\":{\"@id\":\"https:\\\/\\\/gloriadeus.com\\\/home\\\/#website\"},\"primaryImageOfPage\":{\"@id\":\"https:\\\/\\\/gloriadeus.com\\\/home\\\/nao-saber-nao-e-errado\\\/#primaryimage\"},\"image\":{\"@id\":\"https:\\\/\\\/gloriadeus.com\\\/home\\\/nao-saber-nao-e-errado\\\/#primaryimage\"},\"thumbnailUrl\":\"https:\\\/\\\/gloriadeus.com\\\/wp-content\\\/uploads\\\/2025\\\/03\\\/240216DDIMG-12.jpg\",\"datePublished\":\"2026-01-05T16:28:38+00:00\",\"dateModified\":\"2026-02-04T13:18:47+00:00\",\"breadcrumb\":{\"@id\":\"https:\\\/\\\/gloriadeus.com\\\/home\\\/nao-saber-nao-e-errado\\\/#breadcrumb\"},\"inLanguage\":\"pt-BR\",\"potentialAction\":[{\"@type\":\"ReadAction\",\"target\":[\"https:\\\/\\\/gloriadeus.com\\\/home\\\/nao-saber-nao-e-errado\\\/\"]}]},{\"@type\":\"ImageObject\",\"inLanguage\":\"pt-BR\",\"@id\":\"https:\\\/\\\/gloriadeus.com\\\/home\\\/nao-saber-nao-e-errado\\\/#primaryimage\",\"url\":\"https:\\\/\\\/gloriadeus.com\\\/wp-content\\\/uploads\\\/2025\\\/03\\\/240216DDIMG-12.jpg\",\"contentUrl\":\"https:\\\/\\\/gloriadeus.com\\\/wp-content\\\/uploads\\\/2025\\\/03\\\/240216DDIMG-12.jpg\",\"width\":564,\"height\":1002,\"caption\":\"N\u00e3o saber n\u00e3o \u00e9 errado\"},{\"@type\":\"BreadcrumbList\",\"@id\":\"https:\\\/\\\/gloriadeus.com\\\/home\\\/nao-saber-nao-e-errado\\\/#breadcrumb\",\"itemListElement\":[{\"@type\":\"ListItem\",\"position\":1,\"name\":\"In\u00edcio\",\"item\":\"https:\\\/\\\/gloriadeus.com\\\/home\\\/\"},{\"@type\":\"ListItem\",\"position\":2,\"name\":\"N\u00e3o saber n\u00e3o \u00e9 errado\"}]},{\"@type\":\"WebSite\",\"@id\":\"https:\\\/\\\/gloriadeus.com\\\/home\\\/#website\",\"url\":\"https:\\\/\\\/gloriadeus.com\\\/home\\\/\",\"name\":\"Gloria Deus\",\"description\":\"\u21a8 Deslize para descobrir mais \u21a8\",\"publisher\":{\"@id\":\"https:\\\/\\\/gloriadeus.com\\\/home\\\/#\\\/schema\\\/person\\\/ab2365ca8f87ea38e53ba3c2275e65c4\"},\"alternateName\":\"Muita f\u00e9\",\"potentialAction\":[{\"@type\":\"SearchAction\",\"target\":{\"@type\":\"EntryPoint\",\"urlTemplate\":\"https:\\\/\\\/gloriadeus.com\\\/home\\\/?s={search_term_string}\"},\"query-input\":{\"@type\":\"PropertyValueSpecification\",\"valueRequired\":true,\"valueName\":\"search_term_string\"}}],\"inLanguage\":\"pt-BR\"},{\"@type\":[\"Person\",\"Organization\"],\"@id\":\"https:\\\/\\\/gloriadeus.com\\\/home\\\/#\\\/schema\\\/person\\\/ab2365ca8f87ea38e53ba3c2275e65c4\",\"name\":\"gloriadeus.com\",\"image\":{\"@type\":\"ImageObject\",\"inLanguage\":\"pt-BR\",\"@id\":\"https:\\\/\\\/gloriadeus.com\\\/wp-content\\\/uploads\\\/2024\\\/03\\\/230525DDPNG-21.png\",\"url\":\"https:\\\/\\\/gloriadeus.com\\\/wp-content\\\/uploads\\\/2024\\\/03\\\/230525DDPNG-21.png\",\"contentUrl\":\"https:\\\/\\\/gloriadeus.com\\\/wp-content\\\/uploads\\\/2024\\\/03\\\/230525DDPNG-21.png\",\"width\":220,\"height\":230,\"caption\":\"gloriadeus.com\"},\"logo\":{\"@id\":\"https:\\\/\\\/gloriadeus.com\\\/wp-content\\\/uploads\\\/2024\\\/03\\\/230525DDPNG-21.png\"},\"sameAs\":[\"https:\\\/\\\/gloriadeus.com\"]}]}<\/script>\n<!-- \/ Yoast SEO plugin. -->","yoast_head_json":{"title":"N\u00e3o saber n\u00e3o \u00e9 errado - Gl\u00f3ria Deus","robots":{"index":"index","follow":"follow","max-snippet":"max-snippet:-1","max-image-preview":"max-image-preview:large","max-video-preview":"max-video-preview:-1"},"canonical":"https:\/\/gloriadeus.com\/home\/nao-saber-nao-e-errado\/","og_locale":"pt_BR","og_type":"article","og_title":"N\u00e3o saber n\u00e3o \u00e9 errado - Gl\u00f3ria Deus","og_description":"N\u00e3o saber n\u00e3o \u00e9 errado, na verdade, \u00e9 uma condi\u00e7\u00e3o humana inevit\u00e1vel e, em muitos aspectos, at\u00e9 necess\u00e1ria para o &hellip;","og_url":"https:\/\/gloriadeus.com\/home\/nao-saber-nao-e-errado\/","og_site_name":"Gl\u00f3ria Deus","article_modified_time":"2026-02-04T13:18:47+00:00","og_image":[{"width":564,"height":1002,"url":"https:\/\/gloriadeus.com\/wp-content\/uploads\/2025\/03\/240216DDIMG-12.jpg","type":"image\/jpeg"}],"twitter_card":"summary_large_image","twitter_misc":{"Est. tempo de leitura":"4 minutos"},"schema":{"@context":"https:\/\/schema.org","@graph":[{"@type":"WebPage","@id":"https:\/\/gloriadeus.com\/home\/nao-saber-nao-e-errado\/","url":"https:\/\/gloriadeus.com\/home\/nao-saber-nao-e-errado\/","name":"N\u00e3o saber n\u00e3o \u00e9 errado - Gl\u00f3ria Deus","isPartOf":{"@id":"https:\/\/gloriadeus.com\/home\/#website"},"primaryImageOfPage":{"@id":"https:\/\/gloriadeus.com\/home\/nao-saber-nao-e-errado\/#primaryimage"},"image":{"@id":"https:\/\/gloriadeus.com\/home\/nao-saber-nao-e-errado\/#primaryimage"},"thumbnailUrl":"https:\/\/gloriadeus.com\/wp-content\/uploads\/2025\/03\/240216DDIMG-12.jpg","datePublished":"2026-01-05T16:28:38+00:00","dateModified":"2026-02-04T13:18:47+00:00","breadcrumb":{"@id":"https:\/\/gloriadeus.com\/home\/nao-saber-nao-e-errado\/#breadcrumb"},"inLanguage":"pt-BR","potentialAction":[{"@type":"ReadAction","target":["https:\/\/gloriadeus.com\/home\/nao-saber-nao-e-errado\/"]}]},{"@type":"ImageObject","inLanguage":"pt-BR","@id":"https:\/\/gloriadeus.com\/home\/nao-saber-nao-e-errado\/#primaryimage","url":"https:\/\/gloriadeus.com\/wp-content\/uploads\/2025\/03\/240216DDIMG-12.jpg","contentUrl":"https:\/\/gloriadeus.com\/wp-content\/uploads\/2025\/03\/240216DDIMG-12.jpg","width":564,"height":1002,"caption":"N\u00e3o saber n\u00e3o \u00e9 errado"},{"@type":"BreadcrumbList","@id":"https:\/\/gloriadeus.com\/home\/nao-saber-nao-e-errado\/#breadcrumb","itemListElement":[{"@type":"ListItem","position":1,"name":"In\u00edcio","item":"https:\/\/gloriadeus.com\/home\/"},{"@type":"ListItem","position":2,"name":"N\u00e3o saber n\u00e3o \u00e9 errado"}]},{"@type":"WebSite","@id":"https:\/\/gloriadeus.com\/home\/#website","url":"https:\/\/gloriadeus.com\/home\/","name":"Gloria Deus","description":"\u21a8 Deslize para descobrir mais \u21a8","publisher":{"@id":"https:\/\/gloriadeus.com\/home\/#\/schema\/person\/ab2365ca8f87ea38e53ba3c2275e65c4"},"alternateName":"Muita f\u00e9","potentialAction":[{"@type":"SearchAction","target":{"@type":"EntryPoint","urlTemplate":"https:\/\/gloriadeus.com\/home\/?s={search_term_string}"},"query-input":{"@type":"PropertyValueSpecification","valueRequired":true,"valueName":"search_term_string"}}],"inLanguage":"pt-BR"},{"@type":["Person","Organization"],"@id":"https:\/\/gloriadeus.com\/home\/#\/schema\/person\/ab2365ca8f87ea38e53ba3c2275e65c4","name":"gloriadeus.com","image":{"@type":"ImageObject","inLanguage":"pt-BR","@id":"https:\/\/gloriadeus.com\/wp-content\/uploads\/2024\/03\/230525DDPNG-21.png","url":"https:\/\/gloriadeus.com\/wp-content\/uploads\/2024\/03\/230525DDPNG-21.png","contentUrl":"https:\/\/gloriadeus.com\/wp-content\/uploads\/2024\/03\/230525DDPNG-21.png","width":220,"height":230,"caption":"gloriadeus.com"},"logo":{"@id":"https:\/\/gloriadeus.com\/wp-content\/uploads\/2024\/03\/230525DDPNG-21.png"},"sameAs":["https:\/\/gloriadeus.com"]}]}},"_links":{"self":[{"href":"https:\/\/gloriadeus.com\/home\/wp-json\/wp\/v2\/pages\/4726","targetHints":{"allow":["GET"]}}],"collection":[{"href":"https:\/\/gloriadeus.com\/home\/wp-json\/wp\/v2\/pages"}],"about":[{"href":"https:\/\/gloriadeus.com\/home\/wp-json\/wp\/v2\/types\/page"}],"author":[{"embeddable":true,"href":"https:\/\/gloriadeus.com\/home\/wp-json\/wp\/v2\/users\/1"}],"replies":[{"embeddable":true,"href":"https:\/\/gloriadeus.com\/home\/wp-json\/wp\/v2\/comments?post=4726"}],"version-history":[{"count":8,"href":"https:\/\/gloriadeus.com\/home\/wp-json\/wp\/v2\/pages\/4726\/revisions"}],"predecessor-version":[{"id":10321,"href":"https:\/\/gloriadeus.com\/home\/wp-json\/wp\/v2\/pages\/4726\/revisions\/10321"}],"wp:featuredmedia":[{"embeddable":true,"href":"https:\/\/gloriadeus.com\/home\/wp-json\/wp\/v2\/media\/4727"}],"wp:attachment":[{"href":"https:\/\/gloriadeus.com\/home\/wp-json\/wp\/v2\/media?parent=4726"}],"curies":[{"name":"wp","href":"https:\/\/api.w.org\/{rel}","templated":true}]}}